{"id":48962,"date":"2023-07-03T17:19:52","date_gmt":"2023-07-03T15:19:52","guid":{"rendered":"https:\/\/www.kibotek.com\/?post_type=product&#038;p=48962"},"modified":"2026-05-08T23:10:52","modified_gmt":"2026-05-08T21:10:52","slug":"xiaomi-cable-de-carga-tipo-c-braided-original-3","status":"publish","type":"product","link":"https:\/\/www.kibotek.com\/fr\/kibostore\/xiaomi-6a-cable-type-a-to-type-c\/","title":{"rendered":"C\u00e2ble Xiaomi 6A Type-A vers Type-C"},"content":{"rendered":"<p>Achetez le c\u00e2ble Xiaomi 6A Type-A vers Type-C avec livraison depuis l&#039;Espagne vers toute l&#039;Europe et garantie officielle<\/p>\n<p>Donn\u00e9es Xiaomi Type-C d&#039;origine de haute qualit\u00e9 et c\u00e2ble de charge rapide<\/p>\n<p>Avec le c\u00e2ble de chargement Xiaomi, vous pouvez charger votre smartphone rapidement.<\/p>\n<p>\u00c9tant un produit original, vous n&#039;avez pas \u00e0 vous soucier de la compatibilit\u00e9.<\/p>\n<p>Le chargeur Xiaomi transmet toutes vos donn\u00e9es importantes rapidement et de mani\u00e8re fiable<\/p>\n<p>1m de longueur<\/p>\n<p>Achetez le c\u00e2ble Xiaomi 6A Type-A vers Type-C avec une exp\u00e9dition en 24 heures depuis l&#039;Espagne vers toute l&#039;Europe et une garantie de 2 ans.<\/p>","protected":false},"excerpt":{"rendered":"<div class=\"woocommerce-product-details__short-description\">\n<div class=\"woocommerce-product-details__short-description\">\n<div class=\"woocommerce-product-details__short-description\">\n<div class=\"woocommerce-product-details__short-description\">\n<div class=\"woocommerce-product-details__short-description\">\n<div class=\"woocommerce-product-details__short-description\">\n<div class=\"woocommerce-product-details__short-description\">\n<div class=\"woocommerce-product-details__short-description\">\n<div class=\"woocommerce-product-details__short-description\">\n<div class=\"woocommerce-product-details__short-description\">\n<div class=\"woocommerce-product-details__short-description\">\n<div class=\"woocommerce-product-details__short-description\">\n<p class=\"price woobt-price-56089\"><strong><em>ACHETEZ MAINTENANT ET <\/em><\/strong><strong><em>RECEVEZ EN 24\/72H \ud83d\ude80<\/em><\/strong><\/p>\n<\/div>\n<\/div>\n<\/div>\n<\/div>\n<\/div>\n<\/div>\n<\/div>\n<\/div>\n<\/div>\n<\/div>\n<\/div>\n<\/div>","protected":false},"featured_media":48963,"comment_status":"open","ping_status":"closed","template":"","meta":{"iawp_total_views":127},"product_brand":[8155],"product_cat":[80,5524,8324],"product_tag":[7698],"class_list":{"0":"post-48962","1":"product","2":"type-product","3":"status-publish","4":"has-post-thumbnail","6":"product_brand-comprar-lo-mejor-de-xiaomi","7":"product_cat-comprar-los-mejores-accesorios-para-moviles","8":"product_cat-comprar-accesorios-cargador-inalambrico-tipoc-xiaomi-realme","9":"product_cat-cargadores-powerbanks","10":"product_tag-all","12":"first","13":"instock","14":"sale","15":"taxable","16":"shipping-taxable","17":"purchasable","18":"product-type-simple"},"supplier_id":null,"supplier_sku":"","barcode":null,"atum_controlled":true,"out_stock_date":null,"out_stock_threshold":null,"inheritable":false,"inbound_stock":null,"stock_on_hold":0,"sold_today":0,"sales_last_days":0,"reserved_stock":null,"customer_returns":null,"warehouse_damage":null,"lost_in_post":null,"other_logs":null,"out_stock_days":0,"lost_sales":0,"has_location":true,"update_date":"2026-05-08T21:10:55","atum_locations":[{"id":41,"name":"Bilbao","slug":"bilbao"}],"atum_stock_status":"instock","restock_status":false,"low_stock_amount":"","sales_update_date":"2026-04-29T00:01:07","calc_backorders":null,"_links":{"self":[{"href":"https:\/\/www.kibotek.com\/fr\/wp-json\/wp\/v2\/product\/48962","targetHints":{"allow":["GET"]}}],"collection":[{"href":"https:\/\/www.kibotek.com\/fr\/wp-json\/wp\/v2\/product"}],"about":[{"href":"https:\/\/www.kibotek.com\/fr\/wp-json\/wp\/v2\/types\/product"}],"replies":[{"embeddable":true,"href":"https:\/\/www.kibotek.com\/fr\/wp-json\/wp\/v2\/comments?post=48962"}],"version-history":[{"count":2,"href":"https:\/\/www.kibotek.com\/fr\/wp-json\/wp\/v2\/product\/48962\/revisions"}],"predecessor-version":[{"id":72901,"href":"https:\/\/www.kibotek.com\/fr\/wp-json\/wp\/v2\/product\/48962\/revisions\/72901"}],"wp:featuredmedia":[{"embeddable":true,"href":"https:\/\/www.kibotek.com\/fr\/wp-json\/wp\/v2\/media\/48963"}],"wp:attachment":[{"href":"https:\/\/www.kibotek.com\/fr\/wp-json\/wp\/v2\/media?parent=48962"}],"wp:term":[{"taxonomy":"product_brand","embeddable":true,"href":"https:\/\/www.kibotek.com\/fr\/wp-json\/wp\/v2\/product_brand?post=48962"},{"taxonomy":"product_cat","embeddable":true,"href":"https:\/\/www.kibotek.com\/fr\/wp-json\/wp\/v2\/product_cat?post=48962"},{"taxonomy":"product_tag","embeddable":true,"href":"https:\/\/www.kibotek.com\/fr\/wp-json\/wp\/v2\/product_tag?post=48962"}],"curies":[{"name":"wp","href":"https:\/\/api.w.org\/{rel}","templated":true}]}}