{"id":48879,"date":"2023-06-22T13:03:55","date_gmt":"2023-06-22T11:03:55","guid":{"rendered":"https:\/\/www.kibotek.com\/?post_type=product&#038;p=48879"},"modified":"2026-05-08T23:11:15","modified_gmt":"2026-05-08T21:11:15","slug":"retroid-pocket-3-3-hall-joystick-2","status":"publish","type":"product","link":"https:\/\/www.kibotek.com\/fr\/kibostore\/mini-ventilador-portatil-tipo-c\/","title":{"rendered":"Mini ventilateur portable de type C"},"content":{"rendered":"<p>Achetez un mini ventilateur portable de type C avec exp\u00e9dition depuis l&#039;Espagne vers l&#039;Europe en 24\/72 heures et une garantie europ\u00e9enne.<\/p>\n<p><img loading=\"lazy\" decoding=\"async\" class=\"alignleft wp-image-48898 size-full\" src=\"https:\/\/www.kibotek.com\/wp-content\/uploads\/2023\/06\/kiboTEK_mini_ventilador_tipo_c_009.jpg\" alt=\"\" width=\"446\" height=\"447\" title=\"\" srcset=\"https:\/\/www.kibotek.com\/wp-content\/uploads\/2023\/06\/kiboTEK_mini_ventilador_tipo_c_009.jpg 446w, https:\/\/www.kibotek.com\/wp-content\/uploads\/2023\/06\/kiboTEK_mini_ventilador_tipo_c_009-430x431.jpg 430w, https:\/\/www.kibotek.com\/wp-content\/uploads\/2023\/06\/kiboTEK_mini_ventilador_tipo_c_009-150x150.jpg 150w, https:\/\/www.kibotek.com\/wp-content\/uploads\/2023\/06\/kiboTEK_mini_ventilador_tipo_c_009-300x300.jpg 300w, https:\/\/www.kibotek.com\/wp-content\/uploads\/2023\/06\/kiboTEK_mini_ventilador_tipo_c_009-12x12.jpg 12w, https:\/\/www.kibotek.com\/wp-content\/uploads\/2023\/06\/kiboTEK_mini_ventilador_tipo_c_009-50x50.jpg 50w, https:\/\/www.kibotek.com\/wp-content\/uploads\/2023\/06\/kiboTEK_mini_ventilador_tipo_c_009-100x100.jpg 100w, https:\/\/www.kibotek.com\/wp-content\/uploads\/2023\/06\/kiboTEK_mini_ventilador_tipo_c_009-32x32.jpg 32w\" sizes=\"auto, (max-width: 446px) 100vw, 446px\" \/> <img loading=\"lazy\" decoding=\"async\" class=\"alignleft wp-image-48892 size-full\" src=\"https:\/\/www.kibotek.com\/wp-content\/uploads\/2023\/06\/kiboTEK_mini_ventilador_tipo_c_003.jpg\" alt=\"\" width=\"484\" height=\"456\" title=\"\" srcset=\"https:\/\/www.kibotek.com\/wp-content\/uploads\/2023\/06\/kiboTEK_mini_ventilador_tipo_c_003.jpg 484w, https:\/\/www.kibotek.com\/wp-content\/uploads\/2023\/06\/kiboTEK_mini_ventilador_tipo_c_003-430x405.jpg 430w, https:\/\/www.kibotek.com\/wp-content\/uploads\/2023\/06\/kiboTEK_mini_ventilador_tipo_c_003-150x141.jpg 150w, https:\/\/www.kibotek.com\/wp-content\/uploads\/2023\/06\/kiboTEK_mini_ventilador_tipo_c_003-300x283.jpg 300w, https:\/\/www.kibotek.com\/wp-content\/uploads\/2023\/06\/kiboTEK_mini_ventilador_tipo_c_003-13x12.jpg 13w\" sizes=\"auto, (max-width: 484px) 100vw, 484px\" \/> <img loading=\"lazy\" decoding=\"async\" class=\"alignleft wp-image-48891 size-full\" src=\"https:\/\/www.kibotek.com\/wp-content\/uploads\/2023\/06\/kiboTEK_mini_ventilador_tipo_c_002.jpg\" alt=\"\" width=\"444\" height=\"446\" title=\"\" srcset=\"https:\/\/www.kibotek.com\/wp-content\/uploads\/2023\/06\/kiboTEK_mini_ventilador_tipo_c_002.jpg 444w, https:\/\/www.kibotek.com\/wp-content\/uploads\/2023\/06\/kiboTEK_mini_ventilador_tipo_c_002-430x432.jpg 430w, https:\/\/www.kibotek.com\/wp-content\/uploads\/2023\/06\/kiboTEK_mini_ventilador_tipo_c_002-150x150.jpg 150w, https:\/\/www.kibotek.com\/wp-content\/uploads\/2023\/06\/kiboTEK_mini_ventilador_tipo_c_002-300x300.jpg 300w, https:\/\/www.kibotek.com\/wp-content\/uploads\/2023\/06\/kiboTEK_mini_ventilador_tipo_c_002-12x12.jpg 12w, https:\/\/www.kibotek.com\/wp-content\/uploads\/2023\/06\/kiboTEK_mini_ventilador_tipo_c_002-50x50.jpg 50w, https:\/\/www.kibotek.com\/wp-content\/uploads\/2023\/06\/kiboTEK_mini_ventilador_tipo_c_002-100x100.jpg 100w, https:\/\/www.kibotek.com\/wp-content\/uploads\/2023\/06\/kiboTEK_mini_ventilador_tipo_c_002-32x32.jpg 32w\" sizes=\"auto, (max-width: 444px) 100vw, 444px\" \/><\/p>\n<p>Chez kiboTEK, vous pouvez acheter un mini ventilateur portable Type-C avec la garantie et la s\u00e9curit\u00e9 de la meilleure boutique en ligne de jeux r\u00e9tro d&#039;Espagne, avec une exp\u00e9dition 24\/72 heures dans toute l&#039;Europe.<\/p>","protected":false},"excerpt":{"rendered":"<p><strong><em>ACHETEZ MAINTENANT ET RECEVEZ EN 24H EN ESPAGNE\ud83d\ude80<\/em><\/strong><\/p>\n<p><strong><em>ACHETEZ MAINTENANT ET RECEVEZ EN 72H EN EUROPE \ud83d\ude80<\/em><\/strong><\/p>","protected":false},"featured_media":48892,"comment_status":"open","ping_status":"closed","template":"","meta":{"iawp_total_views":55},"product_brand":[],"product_cat":[5514,5524,332],"product_tag":[7698,6771,7752,1794],"class_list":{"0":"post-48879","1":"product","2":"type-product","3":"status-publish","4":"has-post-thumbnail","6":"product_cat-consolas-retro-gaming-arcade-bartop-pandora-box-anbernic-powkiddy","7":"product_cat-comprar-accesorios-cargador-inalambrico-tipoc-xiaomi-realme","8":"product_cat-comprar-los-mejores-moviles-mas-famosos","9":"product_tag-all","10":"product_tag-ofertas","11":"product_tag-presale","12":"product_tag-top10","14":"first","15":"instock","16":"sale","17":"featured","18":"taxable","19":"shipping-taxable","20":"purchasable","21":"product-type-variable","22":"has-default-attributes"},"supplier_id":null,"supplier_sku":"","barcode":null,"atum_controlled":true,"out_stock_date":"2025-05-20 21:23:44","out_stock_threshold":null,"inheritable":true,"inbound_stock":null,"stock_on_hold":0,"sold_today":0,"sales_last_days":0,"reserved_stock":null,"customer_returns":null,"warehouse_damage":null,"lost_in_post":null,"other_logs":null,"out_stock_days":343,"lost_sales":0,"has_location":true,"update_date":"2026-05-08T21:10:58","atum_locations":[{"id":41,"name":"Bilbao","slug":"bilbao"}],"atum_stock_status":"instock","restock_status":false,"low_stock_amount":"","sales_update_date":"2026-04-29T00:00:59","calc_backorders":null,"_links":{"self":[{"href":"https:\/\/www.kibotek.com\/fr\/wp-json\/wp\/v2\/product\/48879","targetHints":{"allow":["GET"]}}],"collection":[{"href":"https:\/\/www.kibotek.com\/fr\/wp-json\/wp\/v2\/product"}],"about":[{"href":"https:\/\/www.kibotek.com\/fr\/wp-json\/wp\/v2\/types\/product"}],"replies":[{"embeddable":true,"href":"https:\/\/www.kibotek.com\/fr\/wp-json\/wp\/v2\/comments?post=48879"}],"version-history":[{"count":0,"href":"https:\/\/www.kibotek.com\/fr\/wp-json\/wp\/v2\/product\/48879\/revisions"}],"wp:featuredmedia":[{"embeddable":true,"href":"https:\/\/www.kibotek.com\/fr\/wp-json\/wp\/v2\/media\/48892"}],"wp:attachment":[{"href":"https:\/\/www.kibotek.com\/fr\/wp-json\/wp\/v2\/media?parent=48879"}],"wp:term":[{"taxonomy":"product_brand","embeddable":true,"href":"https:\/\/www.kibotek.com\/fr\/wp-json\/wp\/v2\/product_brand?post=48879"},{"taxonomy":"product_cat","embeddable":true,"href":"https:\/\/www.kibotek.com\/fr\/wp-json\/wp\/v2\/product_cat?post=48879"},{"taxonomy":"product_tag","embeddable":true,"href":"https:\/\/www.kibotek.com\/fr\/wp-json\/wp\/v2\/product_tag?post=48879"}],"curies":[{"name":"wp","href":"https:\/\/api.w.org\/{rel}","templated":true}]}}