{"id":48745,"date":"2023-06-10T12:05:54","date_gmt":"2023-06-10T10:05:54","guid":{"rendered":"https:\/\/www.kibotek.com\/?post_type=product&#038;p=48745"},"modified":"2026-04-18T23:34:32","modified_gmt":"2026-04-18T21:34:32","slug":"ayn-loki-16gb-512gb-console-jeu-portable","status":"publish","type":"product","link":"https:\/\/www.kibotek.com\/fr\/kibostore\/ayn-loki-16gb-512gb-consola-portatil-gaming\/","title":{"rendered":"Console de jeu portable AYN Loki 16GB\/512GB"},"content":{"rendered":"<p>Achetez la console de jeu portable AYN Loki 16GB\/512GB avec livraison depuis l&#039;Espagne vers toute l&#039;Europe en 24\/72h et <strong>Garantie europ\u00e9enne.<\/strong><\/p>\n<ul>\n<li>Processeur AMD Zen3+ 6600U 6nm<\/li>\n<li>Processeur graphique AMD RDNA2 Radeon 660M<\/li>\n<li>16GB RAM LPDDR5<\/li>\n<li>SSD de stockage 512GB<\/li>\n<li>\u00c9cran tactile LCD IPS 6&quot;<\/li>\n<li>Format 16:9 et 369ppi<\/li>\n<li>R\u00e9solution de 1080\u00d71920 pixels FHD+<\/li>\n<li>D\u00e9clencheurs analogiques du capteur Hall<\/li>\n<li>son st\u00e9r\u00e9o<\/li>\n<li>Wi-Fi 2.4\/5G\/6E<\/li>\n<li>Bluetooth 5.2<\/li>\n<li>usb4.0<\/li>\n<li>Sortie HDMI<\/li>\n<li>Gyroscope<\/li>\n<li>Prise jack 3,5 mm<\/li>\n<li>Voyant RGB<\/li>\n<li>Batterie 46,2 Wh<\/li>\n<li>Ubuntu\/Windows 10<\/li>\n<\/ul>\n<h3>Le Steam Killer est arriv\u00e9<\/h3>\n<p>Nous vous pr\u00e9sentons cette merveilleuse console portable pour les joueurs avec un rapport qualit\u00e9-prix spectaculaire. Le nouveau AYN Loki est une console portable avec Windows 10 et un <strong>processeur haut de gamme<\/strong> pour pouvoir profiter des titres les plus exigeants du march\u00e9.<\/p>\n<h3>\u00c9cran Full HD Plus de 6 pouces<\/h3>\n<p>La console a une esth\u00e9tique tr\u00e8s soign\u00e9e et ergonomiquement parfaite pour les longues sessions de jeu. Son r\u00e9tro\u00e9clairage LED sur les flancs et sur les sticks analogiques de la console n&#039;attire pas l&#039;attention. Quant \u00e0 l&#039;\u00e9cran, nous avons un \u00e9cran tactile de 6 pouces <strong>Full HD plus 1080 x 1920 pixels<\/strong>. Nous trouvons un panneau de haute qualit\u00e9 avec une r\u00e9solution parfaite pour profiter de vos titres pr\u00e9f\u00e9r\u00e9s.<\/p>\n<h3>Processeur puissant et rapide<\/h3>\n<p>La console de jeu portable Loki dispose d&#039;un processeur haut de gamme tel que l&#039;AMD Zen3+ 6600U 6nm. Sans aucun doute, nous sommes devant l&#039;une des consoles les plus puissantes du march\u00e9 aujourd&#039;hui gr\u00e2ce \u00e0 cette b\u00eate de processeur. Ce processeur a huit c\u0153urs et atteint une vitesse d&#039;horloge de 2,8 GHz, en revanche il est accompagn\u00e9 d&#039;un GPU AMD RDNA2 Radeon 660M qui est plus que dissolvant.<\/p>\n<p>Dans la section de stockage, nous avons<strong> 16 RAM GB<\/strong> LPDDR4X alors que nous avons <strong>Stockage 512GB<\/strong> extensible par carte m\u00e9moire.<\/p>\n<h3>Batterie \u00e0 solvant de 6 000 mAh<\/h3>\n<p>La batterie de cette incroyable console portable atteint 6 000 mAh et nous offre suffisamment d&#039;autonomie pour profiter de longues sessions de jeu.<\/p>\n<h3>Connexions et connectivit\u00e9<\/h3>\n<p>En termes de connectivit\u00e9, nous avons <strong>Wi-Fi 2.4\/5G et Bluetooth 5.2.<\/strong> L&#039;interface de la console Loki dispose d&#039;une sortie USB 4.0 type C, HDMI Mini et audio pour Jack 3,5 mm.<\/p>\n<h3>Avec Windows 10<\/h3>\n<p>Tout cela sous le syst\u00e8me d&#039;exploitation Windows 10 avec lequel vous pouvez personnaliser la console.<\/p>\n<p><img loading=\"lazy\" decoding=\"async\" class=\"alignleft wp-image-48710 size-full\" src=\"https:\/\/www.kibotek.com\/wp-content\/uploads\/2023\/06\/kiboTEK_ayn_loki_001.jpg\" alt=\"\" width=\"949\" height=\"672\" title=\"\" srcset=\"https:\/\/www.kibotek.com\/wp-content\/uploads\/2023\/06\/kiboTEK_ayn_loki_001.jpg 949w, https:\/\/www.kibotek.com\/wp-content\/uploads\/2023\/06\/kiboTEK_ayn_loki_001-430x304.jpg 430w, https:\/\/www.kibotek.com\/wp-content\/uploads\/2023\/06\/kiboTEK_ayn_loki_001-150x106.jpg 150w, https:\/\/www.kibotek.com\/wp-content\/uploads\/2023\/06\/kiboTEK_ayn_loki_001-700x496.jpg 700w, https:\/\/www.kibotek.com\/wp-content\/uploads\/2023\/06\/kiboTEK_ayn_loki_001-300x212.jpg 300w, https:\/\/www.kibotek.com\/wp-content\/uploads\/2023\/06\/kiboTEK_ayn_loki_001-768x544.jpg 768w, https:\/\/www.kibotek.com\/wp-content\/uploads\/2023\/06\/kiboTEK_ayn_loki_001-18x12.jpg 18w\" sizes=\"auto, (max-width: 949px) 100vw, 949px\" \/> <img loading=\"lazy\" decoding=\"async\" class=\"alignleft wp-image-48713 size-full\" src=\"https:\/\/www.kibotek.com\/wp-content\/uploads\/2023\/06\/kiboTEK_ayn_loki_004.jpg\" alt=\"\" width=\"951\" height=\"548\" title=\"\" srcset=\"https:\/\/www.kibotek.com\/wp-content\/uploads\/2023\/06\/kiboTEK_ayn_loki_004.jpg 951w, https:\/\/www.kibotek.com\/wp-content\/uploads\/2023\/06\/kiboTEK_ayn_loki_004-430x248.jpg 430w, https:\/\/www.kibotek.com\/wp-content\/uploads\/2023\/06\/kiboTEK_ayn_loki_004-150x86.jpg 150w, https:\/\/www.kibotek.com\/wp-content\/uploads\/2023\/06\/kiboTEK_ayn_loki_004-700x403.jpg 700w, https:\/\/www.kibotek.com\/wp-content\/uploads\/2023\/06\/kiboTEK_ayn_loki_004-300x173.jpg 300w, https:\/\/www.kibotek.com\/wp-content\/uploads\/2023\/06\/kiboTEK_ayn_loki_004-768x443.jpg 768w, https:\/\/www.kibotek.com\/wp-content\/uploads\/2023\/06\/kiboTEK_ayn_loki_004-18x10.jpg 18w\" sizes=\"auto, (max-width: 951px) 100vw, 951px\" \/> <img loading=\"lazy\" decoding=\"async\" class=\"alignleft wp-image-48714 size-full\" src=\"https:\/\/www.kibotek.com\/wp-content\/uploads\/2023\/06\/kiboTEK_ayn_loki_005.jpg\" alt=\"\" width=\"956\" height=\"551\" title=\"\" srcset=\"https:\/\/www.kibotek.com\/wp-content\/uploads\/2023\/06\/kiboTEK_ayn_loki_005.jpg 956w, https:\/\/www.kibotek.com\/wp-content\/uploads\/2023\/06\/kiboTEK_ayn_loki_005-430x248.jpg 430w, https:\/\/www.kibotek.com\/wp-content\/uploads\/2023\/06\/kiboTEK_ayn_loki_005-150x86.jpg 150w, https:\/\/www.kibotek.com\/wp-content\/uploads\/2023\/06\/kiboTEK_ayn_loki_005-700x403.jpg 700w, https:\/\/www.kibotek.com\/wp-content\/uploads\/2023\/06\/kiboTEK_ayn_loki_005-300x173.jpg 300w, https:\/\/www.kibotek.com\/wp-content\/uploads\/2023\/06\/kiboTEK_ayn_loki_005-768x443.jpg 768w, https:\/\/www.kibotek.com\/wp-content\/uploads\/2023\/06\/kiboTEK_ayn_loki_005-18x10.jpg 18w\" sizes=\"auto, (max-width: 956px) 100vw, 956px\" \/> <img loading=\"lazy\" decoding=\"async\" class=\"alignleft wp-image-48716 size-full\" src=\"https:\/\/www.kibotek.com\/wp-content\/uploads\/2023\/06\/kiboTEK_ayn_loki_007.jpg\" alt=\"\" width=\"949\" height=\"547\" title=\"\" srcset=\"https:\/\/www.kibotek.com\/wp-content\/uploads\/2023\/06\/kiboTEK_ayn_loki_007.jpg 949w, https:\/\/www.kibotek.com\/wp-content\/uploads\/2023\/06\/kiboTEK_ayn_loki_007-430x248.jpg 430w, https:\/\/www.kibotek.com\/wp-content\/uploads\/2023\/06\/kiboTEK_ayn_loki_007-150x86.jpg 150w, https:\/\/www.kibotek.com\/wp-content\/uploads\/2023\/06\/kiboTEK_ayn_loki_007-700x403.jpg 700w, https:\/\/www.kibotek.com\/wp-content\/uploads\/2023\/06\/kiboTEK_ayn_loki_007-300x173.jpg 300w, https:\/\/www.kibotek.com\/wp-content\/uploads\/2023\/06\/kiboTEK_ayn_loki_007-768x443.jpg 768w, https:\/\/www.kibotek.com\/wp-content\/uploads\/2023\/06\/kiboTEK_ayn_loki_007-18x10.jpg 18w\" sizes=\"auto, (max-width: 949px) 100vw, 949px\" \/> <img loading=\"lazy\" decoding=\"async\" class=\"alignleft wp-image-48717 size-full\" src=\"https:\/\/www.kibotek.com\/wp-content\/uploads\/2023\/06\/kiboTEK_ayn_loki_008.jpg\" alt=\"\" width=\"953\" height=\"548\" title=\"\" srcset=\"https:\/\/www.kibotek.com\/wp-content\/uploads\/2023\/06\/kiboTEK_ayn_loki_008.jpg 953w, https:\/\/www.kibotek.com\/wp-content\/uploads\/2023\/06\/kiboTEK_ayn_loki_008-430x247.jpg 430w, https:\/\/www.kibotek.com\/wp-content\/uploads\/2023\/06\/kiboTEK_ayn_loki_008-150x86.jpg 150w, https:\/\/www.kibotek.com\/wp-content\/uploads\/2023\/06\/kiboTEK_ayn_loki_008-700x403.jpg 700w, https:\/\/www.kibotek.com\/wp-content\/uploads\/2023\/06\/kiboTEK_ayn_loki_008-300x173.jpg 300w, https:\/\/www.kibotek.com\/wp-content\/uploads\/2023\/06\/kiboTEK_ayn_loki_008-768x442.jpg 768w, https:\/\/www.kibotek.com\/wp-content\/uploads\/2023\/06\/kiboTEK_ayn_loki_008-18x10.jpg 18w\" sizes=\"auto, (max-width: 953px) 100vw, 953px\" \/> <img loading=\"lazy\" decoding=\"async\" class=\"alignleft wp-image-48718 size-full\" src=\"https:\/\/www.kibotek.com\/wp-content\/uploads\/2023\/06\/kiboTEK_ayn_loki_009.jpg\" alt=\"\" width=\"951\" height=\"568\" title=\"\" srcset=\"https:\/\/www.kibotek.com\/wp-content\/uploads\/2023\/06\/kiboTEK_ayn_loki_009.jpg 951w, https:\/\/www.kibotek.com\/wp-content\/uploads\/2023\/06\/kiboTEK_ayn_loki_009-430x257.jpg 430w, https:\/\/www.kibotek.com\/wp-content\/uploads\/2023\/06\/kiboTEK_ayn_loki_009-150x90.jpg 150w, https:\/\/www.kibotek.com\/wp-content\/uploads\/2023\/06\/kiboTEK_ayn_loki_009-700x418.jpg 700w, https:\/\/www.kibotek.com\/wp-content\/uploads\/2023\/06\/kiboTEK_ayn_loki_009-300x179.jpg 300w, https:\/\/www.kibotek.com\/wp-content\/uploads\/2023\/06\/kiboTEK_ayn_loki_009-768x459.jpg 768w, https:\/\/www.kibotek.com\/wp-content\/uploads\/2023\/06\/kiboTEK_ayn_loki_009-18x12.jpg 18w\" sizes=\"auto, (max-width: 951px) 100vw, 951px\" \/> <img loading=\"lazy\" decoding=\"async\" class=\"alignleft wp-image-48720 size-full\" src=\"https:\/\/www.kibotek.com\/wp-content\/uploads\/2023\/06\/kiboTEK_ayn_loki_011.jpg\" alt=\"\" width=\"954\" height=\"549\" title=\"\" srcset=\"https:\/\/www.kibotek.com\/wp-content\/uploads\/2023\/06\/kiboTEK_ayn_loki_011.jpg 954w, https:\/\/www.kibotek.com\/wp-content\/uploads\/2023\/06\/kiboTEK_ayn_loki_011-430x247.jpg 430w, https:\/\/www.kibotek.com\/wp-content\/uploads\/2023\/06\/kiboTEK_ayn_loki_011-150x86.jpg 150w, https:\/\/www.kibotek.com\/wp-content\/uploads\/2023\/06\/kiboTEK_ayn_loki_011-700x403.jpg 700w, https:\/\/www.kibotek.com\/wp-content\/uploads\/2023\/06\/kiboTEK_ayn_loki_011-300x173.jpg 300w, https:\/\/www.kibotek.com\/wp-content\/uploads\/2023\/06\/kiboTEK_ayn_loki_011-768x442.jpg 768w, https:\/\/www.kibotek.com\/wp-content\/uploads\/2023\/06\/kiboTEK_ayn_loki_011-18x10.jpg 18w\" sizes=\"auto, (max-width: 954px) 100vw, 954px\" \/> <img loading=\"lazy\" decoding=\"async\" class=\"alignleft wp-image-48729 size-full\" src=\"https:\/\/www.kibotek.com\/wp-content\/uploads\/2023\/06\/kiboTEK_ayn_loki_020.jpg\" alt=\"\" width=\"955\" height=\"557\" title=\"\" srcset=\"https:\/\/www.kibotek.com\/wp-content\/uploads\/2023\/06\/kiboTEK_ayn_loki_020.jpg 955w, https:\/\/www.kibotek.com\/wp-content\/uploads\/2023\/06\/kiboTEK_ayn_loki_020-430x251.jpg 430w, https:\/\/www.kibotek.com\/wp-content\/uploads\/2023\/06\/kiboTEK_ayn_loki_020-150x87.jpg 150w, https:\/\/www.kibotek.com\/wp-content\/uploads\/2023\/06\/kiboTEK_ayn_loki_020-700x408.jpg 700w, https:\/\/www.kibotek.com\/wp-content\/uploads\/2023\/06\/kiboTEK_ayn_loki_020-300x175.jpg 300w, https:\/\/www.kibotek.com\/wp-content\/uploads\/2023\/06\/kiboTEK_ayn_loki_020-768x448.jpg 768w, https:\/\/www.kibotek.com\/wp-content\/uploads\/2023\/06\/kiboTEK_ayn_loki_020-18x10.jpg 18w\" sizes=\"auto, (max-width: 955px) 100vw, 955px\" \/> <img loading=\"lazy\" decoding=\"async\" class=\"alignleft wp-image-48728 size-full\" src=\"https:\/\/www.kibotek.com\/wp-content\/uploads\/2023\/06\/kiboTEK_ayn_loki_019.jpg\" alt=\"\" width=\"951\" height=\"540\" title=\"\" srcset=\"https:\/\/www.kibotek.com\/wp-content\/uploads\/2023\/06\/kiboTEK_ayn_loki_019.jpg 951w, https:\/\/www.kibotek.com\/wp-content\/uploads\/2023\/06\/kiboTEK_ayn_loki_019-430x244.jpg 430w, https:\/\/www.kibotek.com\/wp-content\/uploads\/2023\/06\/kiboTEK_ayn_loki_019-150x85.jpg 150w, https:\/\/www.kibotek.com\/wp-content\/uploads\/2023\/06\/kiboTEK_ayn_loki_019-700x397.jpg 700w, https:\/\/www.kibotek.com\/wp-content\/uploads\/2023\/06\/kiboTEK_ayn_loki_019-300x170.jpg 300w, https:\/\/www.kibotek.com\/wp-content\/uploads\/2023\/06\/kiboTEK_ayn_loki_019-768x436.jpg 768w, https:\/\/www.kibotek.com\/wp-content\/uploads\/2023\/06\/kiboTEK_ayn_loki_019-18x10.jpg 18w\" sizes=\"auto, (max-width: 951px) 100vw, 951px\" \/> <img loading=\"lazy\" decoding=\"async\" class=\"alignleft wp-image-48727 size-full\" src=\"https:\/\/www.kibotek.com\/wp-content\/uploads\/2023\/06\/kiboTEK_ayn_loki_018.jpg\" alt=\"\" width=\"955\" height=\"529\" title=\"\" srcset=\"https:\/\/www.kibotek.com\/wp-content\/uploads\/2023\/06\/kiboTEK_ayn_loki_018.jpg 955w, https:\/\/www.kibotek.com\/wp-content\/uploads\/2023\/06\/kiboTEK_ayn_loki_018-430x238.jpg 430w, https:\/\/www.kibotek.com\/wp-content\/uploads\/2023\/06\/kiboTEK_ayn_loki_018-150x83.jpg 150w, https:\/\/www.kibotek.com\/wp-content\/uploads\/2023\/06\/kiboTEK_ayn_loki_018-700x388.jpg 700w, https:\/\/www.kibotek.com\/wp-content\/uploads\/2023\/06\/kiboTEK_ayn_loki_018-300x166.jpg 300w, https:\/\/www.kibotek.com\/wp-content\/uploads\/2023\/06\/kiboTEK_ayn_loki_018-768x425.jpg 768w, https:\/\/www.kibotek.com\/wp-content\/uploads\/2023\/06\/kiboTEK_ayn_loki_018-18x10.jpg 18w\" sizes=\"auto, (max-width: 955px) 100vw, 955px\" \/> <img loading=\"lazy\" decoding=\"async\" class=\"alignleft wp-image-48726 size-full\" src=\"https:\/\/www.kibotek.com\/wp-content\/uploads\/2023\/06\/kiboTEK_ayn_loki_017.jpg\" alt=\"\" width=\"956\" height=\"552\" title=\"\" srcset=\"https:\/\/www.kibotek.com\/wp-content\/uploads\/2023\/06\/kiboTEK_ayn_loki_017.jpg 956w, https:\/\/www.kibotek.com\/wp-content\/uploads\/2023\/06\/kiboTEK_ayn_loki_017-430x248.jpg 430w, https:\/\/www.kibotek.com\/wp-content\/uploads\/2023\/06\/kiboTEK_ayn_loki_017-150x87.jpg 150w, https:\/\/www.kibotek.com\/wp-content\/uploads\/2023\/06\/kiboTEK_ayn_loki_017-700x404.jpg 700w, https:\/\/www.kibotek.com\/wp-content\/uploads\/2023\/06\/kiboTEK_ayn_loki_017-300x173.jpg 300w, https:\/\/www.kibotek.com\/wp-content\/uploads\/2023\/06\/kiboTEK_ayn_loki_017-768x443.jpg 768w, https:\/\/www.kibotek.com\/wp-content\/uploads\/2023\/06\/kiboTEK_ayn_loki_017-18x10.jpg 18w\" sizes=\"auto, (max-width: 956px) 100vw, 956px\" \/> <img loading=\"lazy\" decoding=\"async\" class=\"alignleft wp-image-48725 size-full\" src=\"https:\/\/www.kibotek.com\/wp-content\/uploads\/2023\/06\/kiboTEK_ayn_loki_016.jpg\" alt=\"\" width=\"956\" height=\"584\" title=\"\" srcset=\"https:\/\/www.kibotek.com\/wp-content\/uploads\/2023\/06\/kiboTEK_ayn_loki_016.jpg 956w, https:\/\/www.kibotek.com\/wp-content\/uploads\/2023\/06\/kiboTEK_ayn_loki_016-430x263.jpg 430w, https:\/\/www.kibotek.com\/wp-content\/uploads\/2023\/06\/kiboTEK_ayn_loki_016-150x92.jpg 150w, https:\/\/www.kibotek.com\/wp-content\/uploads\/2023\/06\/kiboTEK_ayn_loki_016-700x428.jpg 700w, https:\/\/www.kibotek.com\/wp-content\/uploads\/2023\/06\/kiboTEK_ayn_loki_016-300x183.jpg 300w, https:\/\/www.kibotek.com\/wp-content\/uploads\/2023\/06\/kiboTEK_ayn_loki_016-768x469.jpg 768w, https:\/\/www.kibotek.com\/wp-content\/uploads\/2023\/06\/kiboTEK_ayn_loki_016-18x12.jpg 18w\" sizes=\"auto, (max-width: 956px) 100vw, 956px\" \/> <img loading=\"lazy\" decoding=\"async\" class=\"alignleft wp-image-48724 size-full\" src=\"https:\/\/www.kibotek.com\/wp-content\/uploads\/2023\/06\/kiboTEK_ayn_loki_015.jpg\" alt=\"\" width=\"954\" height=\"570\" title=\"\" srcset=\"https:\/\/www.kibotek.com\/wp-content\/uploads\/2023\/06\/kiboTEK_ayn_loki_015.jpg 954w, https:\/\/www.kibotek.com\/wp-content\/uploads\/2023\/06\/kiboTEK_ayn_loki_015-430x257.jpg 430w, https:\/\/www.kibotek.com\/wp-content\/uploads\/2023\/06\/kiboTEK_ayn_loki_015-150x90.jpg 150w, https:\/\/www.kibotek.com\/wp-content\/uploads\/2023\/06\/kiboTEK_ayn_loki_015-700x418.jpg 700w, https:\/\/www.kibotek.com\/wp-content\/uploads\/2023\/06\/kiboTEK_ayn_loki_015-300x179.jpg 300w, https:\/\/www.kibotek.com\/wp-content\/uploads\/2023\/06\/kiboTEK_ayn_loki_015-768x459.jpg 768w, https:\/\/www.kibotek.com\/wp-content\/uploads\/2023\/06\/kiboTEK_ayn_loki_015-18x12.jpg 18w\" sizes=\"auto, (max-width: 954px) 100vw, 954px\" \/> <img loading=\"lazy\" decoding=\"async\" class=\"alignleft wp-image-48723 size-full\" src=\"https:\/\/www.kibotek.com\/wp-content\/uploads\/2023\/06\/kiboTEK_ayn_loki_014.jpg\" alt=\"\" width=\"953\" height=\"551\" title=\"\" srcset=\"https:\/\/www.kibotek.com\/wp-content\/uploads\/2023\/06\/kiboTEK_ayn_loki_014.jpg 953w, https:\/\/www.kibotek.com\/wp-content\/uploads\/2023\/06\/kiboTEK_ayn_loki_014-430x249.jpg 430w, https:\/\/www.kibotek.com\/wp-content\/uploads\/2023\/06\/kiboTEK_ayn_loki_014-150x87.jpg 150w, https:\/\/www.kibotek.com\/wp-content\/uploads\/2023\/06\/kiboTEK_ayn_loki_014-700x405.jpg 700w, https:\/\/www.kibotek.com\/wp-content\/uploads\/2023\/06\/kiboTEK_ayn_loki_014-300x173.jpg 300w, https:\/\/www.kibotek.com\/wp-content\/uploads\/2023\/06\/kiboTEK_ayn_loki_014-768x444.jpg 768w, https:\/\/www.kibotek.com\/wp-content\/uploads\/2023\/06\/kiboTEK_ayn_loki_014-18x10.jpg 18w\" sizes=\"auto, (max-width: 953px) 100vw, 953px\" \/> <img loading=\"lazy\" decoding=\"async\" class=\"alignleft wp-image-48722 size-full\" src=\"https:\/\/www.kibotek.com\/wp-content\/uploads\/2023\/06\/kiboTEK_ayn_loki_013.jpg\" alt=\"\" width=\"952\" height=\"551\" title=\"\" srcset=\"https:\/\/www.kibotek.com\/wp-content\/uploads\/2023\/06\/kiboTEK_ayn_loki_013.jpg 952w, https:\/\/www.kibotek.com\/wp-content\/uploads\/2023\/06\/kiboTEK_ayn_loki_013-430x249.jpg 430w, https:\/\/www.kibotek.com\/wp-content\/uploads\/2023\/06\/kiboTEK_ayn_loki_013-150x87.jpg 150w, https:\/\/www.kibotek.com\/wp-content\/uploads\/2023\/06\/kiboTEK_ayn_loki_013-700x405.jpg 700w, https:\/\/www.kibotek.com\/wp-content\/uploads\/2023\/06\/kiboTEK_ayn_loki_013-300x174.jpg 300w, https:\/\/www.kibotek.com\/wp-content\/uploads\/2023\/06\/kiboTEK_ayn_loki_013-768x445.jpg 768w, https:\/\/www.kibotek.com\/wp-content\/uploads\/2023\/06\/kiboTEK_ayn_loki_013-18x10.jpg 18w\" sizes=\"auto, (max-width: 952px) 100vw, 952px\" \/> <img loading=\"lazy\" decoding=\"async\" class=\"alignleft wp-image-48715 size-full\" src=\"https:\/\/www.kibotek.com\/wp-content\/uploads\/2023\/06\/kiboTEK_ayn_loki_006.jpg\" alt=\"\" width=\"948\" height=\"577\" title=\"\" srcset=\"https:\/\/www.kibotek.com\/wp-content\/uploads\/2023\/06\/kiboTEK_ayn_loki_006.jpg 948w, https:\/\/www.kibotek.com\/wp-content\/uploads\/2023\/06\/kiboTEK_ayn_loki_006-430x262.jpg 430w, https:\/\/www.kibotek.com\/wp-content\/uploads\/2023\/06\/kiboTEK_ayn_loki_006-150x91.jpg 150w, https:\/\/www.kibotek.com\/wp-content\/uploads\/2023\/06\/kiboTEK_ayn_loki_006-700x426.jpg 700w, https:\/\/www.kibotek.com\/wp-content\/uploads\/2023\/06\/kiboTEK_ayn_loki_006-300x183.jpg 300w, https:\/\/www.kibotek.com\/wp-content\/uploads\/2023\/06\/kiboTEK_ayn_loki_006-768x467.jpg 768w, https:\/\/www.kibotek.com\/wp-content\/uploads\/2023\/06\/kiboTEK_ayn_loki_006-18x12.jpg 18w\" sizes=\"auto, (max-width: 948px) 100vw, 948px\" \/> <img loading=\"lazy\" decoding=\"async\" class=\"alignleft wp-image-48712 size-full\" src=\"https:\/\/www.kibotek.com\/wp-content\/uploads\/2023\/06\/kiboTEK_ayn_loki_003.jpg\" alt=\"\" width=\"955\" height=\"334\" title=\"\" srcset=\"https:\/\/www.kibotek.com\/wp-content\/uploads\/2023\/06\/kiboTEK_ayn_loki_003.jpg 955w, https:\/\/www.kibotek.com\/wp-content\/uploads\/2023\/06\/kiboTEK_ayn_loki_003-430x150.jpg 430w, https:\/\/www.kibotek.com\/wp-content\/uploads\/2023\/06\/kiboTEK_ayn_loki_003-150x52.jpg 150w, https:\/\/www.kibotek.com\/wp-content\/uploads\/2023\/06\/kiboTEK_ayn_loki_003-700x245.jpg 700w, https:\/\/www.kibotek.com\/wp-content\/uploads\/2023\/06\/kiboTEK_ayn_loki_003-300x105.jpg 300w, https:\/\/www.kibotek.com\/wp-content\/uploads\/2023\/06\/kiboTEK_ayn_loki_003-768x269.jpg 768w, https:\/\/www.kibotek.com\/wp-content\/uploads\/2023\/06\/kiboTEK_ayn_loki_003-18x6.jpg 18w\" sizes=\"auto, (max-width: 955px) 100vw, 955px\" \/> <img loading=\"lazy\" decoding=\"async\" class=\"alignleft wp-image-48721 size-full\" src=\"https:\/\/www.kibotek.com\/wp-content\/uploads\/2023\/06\/kiboTEK_ayn_loki_012.jpg\" alt=\"\" width=\"953\" height=\"552\" title=\"\" srcset=\"https:\/\/www.kibotek.com\/wp-content\/uploads\/2023\/06\/kiboTEK_ayn_loki_012.jpg 953w, https:\/\/www.kibotek.com\/wp-content\/uploads\/2023\/06\/kiboTEK_ayn_loki_012-430x249.jpg 430w, https:\/\/www.kibotek.com\/wp-content\/uploads\/2023\/06\/kiboTEK_ayn_loki_012-150x87.jpg 150w, https:\/\/www.kibotek.com\/wp-content\/uploads\/2023\/06\/kiboTEK_ayn_loki_012-700x405.jpg 700w, https:\/\/www.kibotek.com\/wp-content\/uploads\/2023\/06\/kiboTEK_ayn_loki_012-300x174.jpg 300w, https:\/\/www.kibotek.com\/wp-content\/uploads\/2023\/06\/kiboTEK_ayn_loki_012-768x445.jpg 768w, https:\/\/www.kibotek.com\/wp-content\/uploads\/2023\/06\/kiboTEK_ayn_loki_012-18x10.jpg 18w\" sizes=\"auto, (max-width: 953px) 100vw, 953px\" \/><\/p>\n<p>&nbsp;<\/p>\n<p>Chez kiboTEK, vous pouvez acheter la console de jeu portable AYN Loki avec la garantie et la s\u00e9curit\u00e9 du meilleur magasin de jeux en ligne en Espagne Europe.<\/p>\n<p>&nbsp;<\/p>","protected":false},"excerpt":{"rendered":"<p><strong><em>ACHETEZ MAINTENANT ET RECEVEZ EN 24H EN ESPAGNE\ud83d\ude80<\/em><\/strong><\/p>\n<p><strong><em>ACHETEZ MAINTENANT ET RECEVEZ EN 72H EN EUROPE \ud83d\ude80<\/em><\/strong><\/p>","protected":false},"featured_media":48711,"comment_status":"open","ping_status":"closed","template":"","meta":{"iawp_total_views":195},"product_brand":[8140],"product_cat":[7809,5514],"product_tag":[1794],"class_list":{"0":"post-48745","1":"product","2":"type-product","3":"status-publish","4":"has-post-thumbnail","6":"product_brand-comprar-consola-gaming-ayn","7":"product_cat-consolas-retro","8":"product_cat-consolas-retro-gaming-arcade-bartop-pandora-box-anbernic-powkiddy","9":"product_tag-top10","11":"first","12":"outofstock","13":"sale","14":"taxable","15":"shipping-taxable","16":"purchasable","17":"product-type-variable","18":"has-default-attributes"},"supplier_id":null,"supplier_sku":"","barcode":null,"atum_controlled":true,"out_stock_date":null,"out_stock_threshold":null,"inheritable":true,"inbound_stock":null,"stock_on_hold":0,"sold_today":0,"sales_last_days":0,"reserved_stock":null,"customer_returns":null,"warehouse_damage":null,"lost_in_post":null,"other_logs":null,"out_stock_days":0,"lost_sales":0,"has_location":true,"update_date":"2026-04-18T21:34:26","atum_locations":[{"id":41,"name":"Bilbao","slug":"bilbao"}],"atum_stock_status":"outofstock","restock_status":false,"low_stock_amount":"","sales_update_date":"2026-04-17T05:01:53","calc_backorders":null,"_links":{"self":[{"href":"https:\/\/www.kibotek.com\/fr\/wp-json\/wp\/v2\/product\/48745","targetHints":{"allow":["GET"]}}],"collection":[{"href":"https:\/\/www.kibotek.com\/fr\/wp-json\/wp\/v2\/product"}],"about":[{"href":"https:\/\/www.kibotek.com\/fr\/wp-json\/wp\/v2\/types\/product"}],"replies":[{"embeddable":true,"href":"https:\/\/www.kibotek.com\/fr\/wp-json\/wp\/v2\/comments?post=48745"}],"version-history":[{"count":0,"href":"https:\/\/www.kibotek.com\/fr\/wp-json\/wp\/v2\/product\/48745\/revisions"}],"wp:featuredmedia":[{"embeddable":true,"href":"https:\/\/www.kibotek.com\/fr\/wp-json\/wp\/v2\/media\/48711"}],"wp:attachment":[{"href":"https:\/\/www.kibotek.com\/fr\/wp-json\/wp\/v2\/media?parent=48745"}],"wp:term":[{"taxonomy":"product_brand","embeddable":true,"href":"https:\/\/www.kibotek.com\/fr\/wp-json\/wp\/v2\/product_brand?post=48745"},{"taxonomy":"product_cat","embeddable":true,"href":"https:\/\/www.kibotek.com\/fr\/wp-json\/wp\/v2\/product_cat?post=48745"},{"taxonomy":"product_tag","embeddable":true,"href":"https:\/\/www.kibotek.com\/fr\/wp-json\/wp\/v2\/product_tag?post=48745"}],"curies":[{"name":"wp","href":"https:\/\/api.w.org\/{rel}","templated":true}]}}