{"id":45852,"date":"2022-12-02T10:58:06","date_gmt":"2022-12-02T09:58:06","guid":{"rendered":"https:\/\/www.kibotek.com\/?post_type=product&#038;p=45852"},"modified":"2026-05-06T23:13:36","modified_gmt":"2026-05-06T21:13:36","slug":"xiaomi-smart-camera-c300-2k","status":"publish","type":"product","link":"https:\/\/www.kibotek.com\/fr\/kibostore\/xiaomi-smart-camera-c300-2k\/","title":{"rendered":"Cam\u00e9ra intelligente Xiaomi C300 2K"},"content":{"rendered":"<p>Achetez la Xiaomi Smart Camera C300 2K avec exp\u00e9dition depuis l&#039;Espagne vers toute l&#039;Europe en 24\/72h et une garantie de deux ans.<\/p>\n<ul>\n<li>R\u00e9solution vid\u00e9o: 2K<\/li>\n<li>Angle de vision \u00e0 360 degr\u00e9s<\/li>\n<li>Vision nocturne infrarouge<\/li>\n<li>Connexion WiFi 2.4GhZ<\/li>\n<li>Prise en charge de la carte SD jusqu&#039;\u00e0 256GB<\/li>\n<li>Compatible avec Google Assistant et Alexa<\/li>\n<li>D\u00e9tecteur de pleurs de b\u00e9b\u00e9<\/li>\n<li>Haut-parleurs et microphone<\/li>\n<li>Dimensions: 11,5 x 7,8 x 7,8 cm<\/li>\n<li>Compatible Android 4.4 ou sup\u00e9rieur et IOS 9.0 ou sup\u00e9rieur<\/li>\n<\/ul>\n<p><strong>Contenu du coffret<\/strong><\/p>\n<ul>\n<li>1 x Cam\u00e9ra intelligente Xiaomi Mi 360\u00ba C300 2K<\/li>\n<li>1 x c\u00e2ble de chargement USB<\/li>\n<li>1 x chargeur<\/li>\n<li>1 x kit d&#039;installation<\/li>\n<li>1 x manuel de l&#039;utilisateur<\/li>\n<\/ul>\n<p><img loading=\"lazy\" decoding=\"async\" class=\"alignleft wp-image-45854 size-large\" src=\"https:\/\/www.kibotek.com\/wp-content\/uploads\/2022\/12\/kiboTEK_xiaomi_camera_c300_002-1024x467.jpg\" alt=\"\" width=\"1024\" height=\"467\" title=\"\" srcset=\"https:\/\/www.kibotek.com\/wp-content\/uploads\/2022\/12\/kiboTEK_xiaomi_camera_c300_002-1024x467.jpg 1024w, https:\/\/www.kibotek.com\/wp-content\/uploads\/2022\/12\/kiboTEK_xiaomi_camera_c300_002-430x196.jpg 430w, https:\/\/www.kibotek.com\/wp-content\/uploads\/2022\/12\/kiboTEK_xiaomi_camera_c300_002-150x68.jpg 150w, https:\/\/www.kibotek.com\/wp-content\/uploads\/2022\/12\/kiboTEK_xiaomi_camera_c300_002-700x319.jpg 700w, https:\/\/www.kibotek.com\/wp-content\/uploads\/2022\/12\/kiboTEK_xiaomi_camera_c300_002-300x137.jpg 300w, https:\/\/www.kibotek.com\/wp-content\/uploads\/2022\/12\/kiboTEK_xiaomi_camera_c300_002-768x350.jpg 768w, https:\/\/www.kibotek.com\/wp-content\/uploads\/2022\/12\/kiboTEK_xiaomi_camera_c300_002-18x8.jpg 18w, https:\/\/www.kibotek.com\/wp-content\/uploads\/2022\/12\/kiboTEK_xiaomi_camera_c300_002.jpg 1147w\" sizes=\"auto, (max-width: 1024px) 100vw, 1024px\" \/><\/p>\n<h3>Cam\u00e9ra de s\u00e9curit\u00e9 Xiaomi 2K C300 pour contr\u00f4ler votre maison et vos proches.<\/h3>\n<p>Cette fois, la soci\u00e9t\u00e9 chinoise Xiaomi nous surprend \u00e0 nouveau avec une \u00e9volution de sa cam\u00e9ra de s\u00e9curit\u00e9 domestique la plus vendue ces derni\u00e8res ann\u00e9es, ce Xiaomi mi 360 degr\u00e9s 2K peut changer votre vie. Si vous avez besoin de s\u00e9curit\u00e9 pour votre maison, que vous vous souciez de la s\u00e9curit\u00e9 de vos proches, des personnes \u00e2g\u00e9es ou de vos b\u00e9b\u00e9s, vous pouvez tout contr\u00f4ler avec cette nouvelle cam\u00e9ra. Il s&#039;adapte parfaitement \u00e0 toutes les situations gr\u00e2ce \u00e0 ses diff\u00e9rentes technologies et dispose d&#039;une capacit\u00e9 de vision \u00e0 360 \u00b0 pour que vous ne manquiez de rien.<\/p>\n<p><img loading=\"lazy\" decoding=\"async\" class=\"alignleft wp-image-45862 size-large\" src=\"https:\/\/www.kibotek.com\/wp-content\/uploads\/2022\/12\/kiboTEK_xiaomi_camera_c300_010-1024x401.jpg\" alt=\"\" width=\"1024\" height=\"401\" title=\"\" srcset=\"https:\/\/www.kibotek.com\/wp-content\/uploads\/2022\/12\/kiboTEK_xiaomi_camera_c300_010-1024x401.jpg 1024w, https:\/\/www.kibotek.com\/wp-content\/uploads\/2022\/12\/kiboTEK_xiaomi_camera_c300_010-430x168.jpg 430w, https:\/\/www.kibotek.com\/wp-content\/uploads\/2022\/12\/kiboTEK_xiaomi_camera_c300_010-150x59.jpg 150w, https:\/\/www.kibotek.com\/wp-content\/uploads\/2022\/12\/kiboTEK_xiaomi_camera_c300_010-700x274.jpg 700w, https:\/\/www.kibotek.com\/wp-content\/uploads\/2022\/12\/kiboTEK_xiaomi_camera_c300_010-300x118.jpg 300w, https:\/\/www.kibotek.com\/wp-content\/uploads\/2022\/12\/kiboTEK_xiaomi_camera_c300_010-768x301.jpg 768w, https:\/\/www.kibotek.com\/wp-content\/uploads\/2022\/12\/kiboTEK_xiaomi_camera_c300_010-18x7.jpg 18w, https:\/\/www.kibotek.com\/wp-content\/uploads\/2022\/12\/kiboTEK_xiaomi_camera_c300_010.jpg 1238w\" sizes=\"auto, (max-width: 1024px) 100vw, 1024px\" \/><\/p>\n<p><img loading=\"lazy\" decoding=\"async\" class=\"alignleft wp-image-45863 size-large\" src=\"https:\/\/www.kibotek.com\/wp-content\/uploads\/2022\/12\/kiboTEK_xiaomi_camera_c300_011-1024x469.jpg\" alt=\"\" width=\"1024\" height=\"469\" title=\"\" srcset=\"https:\/\/www.kibotek.com\/wp-content\/uploads\/2022\/12\/kiboTEK_xiaomi_camera_c300_011-1024x469.jpg 1024w, https:\/\/www.kibotek.com\/wp-content\/uploads\/2022\/12\/kiboTEK_xiaomi_camera_c300_011-430x197.jpg 430w, https:\/\/www.kibotek.com\/wp-content\/uploads\/2022\/12\/kiboTEK_xiaomi_camera_c300_011-150x69.jpg 150w, https:\/\/www.kibotek.com\/wp-content\/uploads\/2022\/12\/kiboTEK_xiaomi_camera_c300_011-700x320.jpg 700w, https:\/\/www.kibotek.com\/wp-content\/uploads\/2022\/12\/kiboTEK_xiaomi_camera_c300_011-300x137.jpg 300w, https:\/\/www.kibotek.com\/wp-content\/uploads\/2022\/12\/kiboTEK_xiaomi_camera_c300_011-768x351.jpg 768w, https:\/\/www.kibotek.com\/wp-content\/uploads\/2022\/12\/kiboTEK_xiaomi_camera_c300_011-18x8.jpg 18w, https:\/\/www.kibotek.com\/wp-content\/uploads\/2022\/12\/kiboTEK_xiaomi_camera_c300_011.jpg 1145w\" sizes=\"auto, (max-width: 1024px) 100vw, 1024px\" \/> <img loading=\"lazy\" decoding=\"async\" class=\"alignleft wp-image-45856 size-large\" src=\"https:\/\/www.kibotek.com\/wp-content\/uploads\/2022\/12\/kiboTEK_xiaomi_camera_c300_004-1024x434.jpg\" alt=\"\" width=\"1024\" height=\"434\" title=\"\" srcset=\"https:\/\/www.kibotek.com\/wp-content\/uploads\/2022\/12\/kiboTEK_xiaomi_camera_c300_004-1024x434.jpg 1024w, https:\/\/www.kibotek.com\/wp-content\/uploads\/2022\/12\/kiboTEK_xiaomi_camera_c300_004-430x182.jpg 430w, https:\/\/www.kibotek.com\/wp-content\/uploads\/2022\/12\/kiboTEK_xiaomi_camera_c300_004-150x64.jpg 150w, https:\/\/www.kibotek.com\/wp-content\/uploads\/2022\/12\/kiboTEK_xiaomi_camera_c300_004-700x296.jpg 700w, https:\/\/www.kibotek.com\/wp-content\/uploads\/2022\/12\/kiboTEK_xiaomi_camera_c300_004-300x127.jpg 300w, https:\/\/www.kibotek.com\/wp-content\/uploads\/2022\/12\/kiboTEK_xiaomi_camera_c300_004-768x325.jpg 768w, https:\/\/www.kibotek.com\/wp-content\/uploads\/2022\/12\/kiboTEK_xiaomi_camera_c300_004-18x8.jpg 18w, https:\/\/www.kibotek.com\/wp-content\/uploads\/2022\/12\/kiboTEK_xiaomi_camera_c300_004.jpg 1190w\" sizes=\"auto, (max-width: 1024px) 100vw, 1024px\" \/><\/p>\n<h3>2K pour ne manquer aucun d\u00e9tail<\/h3>\n<p>Il a une r\u00e9solution spectaculaire afin que vous puissiez voir les images avec la meilleure qualit\u00e9. Sans aucun doute, cette nouvelle cam\u00e9ra Xiaomi est l&#039;une de celles qui vous offrent la meilleure qualit\u00e9 vid\u00e9o et audio de toutes celles actuellement sur le march\u00e9. Son objectif est dot\u00e9 d&#039;un capteur de r\u00e9solution 2K qui vous permet de voir tout ce dont vous avez besoin dans votre maison avec une qualit\u00e9 spectaculaire. Vous pouvez contr\u00f4ler toute la pi\u00e8ce o\u00f9 vous installez l&#039;appareil gr\u00e2ce \u00e0 sa capacit\u00e9 de rotation \u00e0 360 \u00b0, que vous pouvez contr\u00f4ler via l&#039;application (My Home) et sur votre mobile. Il s&#039;agit d&#039;un appareil photo avec \u00e9couteurs et haut-parleurs int\u00e9gr\u00e9s pour communiquer avec vos proches.<\/p>\n<p><img loading=\"lazy\" decoding=\"async\" class=\"alignleft wp-image-45855 size-large\" src=\"https:\/\/www.kibotek.com\/wp-content\/uploads\/2022\/12\/kiboTEK_xiaomi_camera_c300_003-1024x318.jpg\" alt=\"\" width=\"1024\" height=\"318\" title=\"\" srcset=\"https:\/\/www.kibotek.com\/wp-content\/uploads\/2022\/12\/kiboTEK_xiaomi_camera_c300_003-1024x318.jpg 1024w, https:\/\/www.kibotek.com\/wp-content\/uploads\/2022\/12\/kiboTEK_xiaomi_camera_c300_003-430x134.jpg 430w, https:\/\/www.kibotek.com\/wp-content\/uploads\/2022\/12\/kiboTEK_xiaomi_camera_c300_003-150x47.jpg 150w, https:\/\/www.kibotek.com\/wp-content\/uploads\/2022\/12\/kiboTEK_xiaomi_camera_c300_003-700x218.jpg 700w, https:\/\/www.kibotek.com\/wp-content\/uploads\/2022\/12\/kiboTEK_xiaomi_camera_c300_003-300x93.jpg 300w, https:\/\/www.kibotek.com\/wp-content\/uploads\/2022\/12\/kiboTEK_xiaomi_camera_c300_003-768x239.jpg 768w, https:\/\/www.kibotek.com\/wp-content\/uploads\/2022\/12\/kiboTEK_xiaomi_camera_c300_003-18x6.jpg 18w, https:\/\/www.kibotek.com\/wp-content\/uploads\/2022\/12\/kiboTEK_xiaomi_camera_c300_003.jpg 1389w\" sizes=\"auto, (max-width: 1024px) 100vw, 1024px\" \/> <img loading=\"lazy\" decoding=\"async\" class=\"alignleft wp-image-45858 size-large\" src=\"https:\/\/www.kibotek.com\/wp-content\/uploads\/2022\/12\/kiboTEK_xiaomi_camera_c300_006-1024x467.jpg\" alt=\"\" width=\"1024\" height=\"467\" title=\"\" srcset=\"https:\/\/www.kibotek.com\/wp-content\/uploads\/2022\/12\/kiboTEK_xiaomi_camera_c300_006-1024x467.jpg 1024w, https:\/\/www.kibotek.com\/wp-content\/uploads\/2022\/12\/kiboTEK_xiaomi_camera_c300_006-430x196.jpg 430w, https:\/\/www.kibotek.com\/wp-content\/uploads\/2022\/12\/kiboTEK_xiaomi_camera_c300_006-150x68.jpg 150w, https:\/\/www.kibotek.com\/wp-content\/uploads\/2022\/12\/kiboTEK_xiaomi_camera_c300_006-700x319.jpg 700w, https:\/\/www.kibotek.com\/wp-content\/uploads\/2022\/12\/kiboTEK_xiaomi_camera_c300_006-300x137.jpg 300w, https:\/\/www.kibotek.com\/wp-content\/uploads\/2022\/12\/kiboTEK_xiaomi_camera_c300_006-768x350.jpg 768w, https:\/\/www.kibotek.com\/wp-content\/uploads\/2022\/12\/kiboTEK_xiaomi_camera_c300_006-18x8.jpg 18w, https:\/\/www.kibotek.com\/wp-content\/uploads\/2022\/12\/kiboTEK_xiaomi_camera_c300_006.jpg 1148w\" sizes=\"auto, (max-width: 1024px) 100vw, 1024px\" \/><\/p>\n<h3>WiFi et Bluetooth pour ne jamais vous d\u00e9connecter de ce qui compte pour vous<\/h3>\n<p>Parmi ses fonctionnalit\u00e9s, nous avons une connexion Wi-Fi double bande, une connexion Bluetooth ultra rapide pour que vous ne soyez jamais laiss\u00e9 sans connexion et bien s\u00fbr, nous avons \u00e9galement un assistant vocal avec Alexa et Google.<\/p>\n<p>Un autre des avantages de cet appareil photo est qu&#039;il dispose d&#039;une reconnaissance faciale et que les nouveaux parents appr\u00e9cieront, c&#039;est qu&#039;il dispose d&#039;un d\u00e9tecteur de pleurs de b\u00e9b\u00e9, vous saurez donc \u00e0 tout moment que votre b\u00e9b\u00e9 est en parfait \u00e9tat.<\/p>\n<p><strong>Un autre avantage de cette nouvelle cam\u00e9ra Xiaomi est qu&#039;elle int\u00e8gre l&#039;infrarouge pour que vous ayez une vision nocturne compl\u00e8te.<\/strong><\/p>\n<p><img loading=\"lazy\" decoding=\"async\" class=\"alignleft wp-image-45853 size-large\" src=\"https:\/\/www.kibotek.com\/wp-content\/uploads\/2022\/12\/kiboTEK_xiaomi_camera_c300_001-1024x344.jpg\" alt=\"\" width=\"1024\" height=\"344\" title=\"\" srcset=\"https:\/\/www.kibotek.com\/wp-content\/uploads\/2022\/12\/kiboTEK_xiaomi_camera_c300_001-1024x344.jpg 1024w, https:\/\/www.kibotek.com\/wp-content\/uploads\/2022\/12\/kiboTEK_xiaomi_camera_c300_001-430x144.jpg 430w, https:\/\/www.kibotek.com\/wp-content\/uploads\/2022\/12\/kiboTEK_xiaomi_camera_c300_001-150x50.jpg 150w, https:\/\/www.kibotek.com\/wp-content\/uploads\/2022\/12\/kiboTEK_xiaomi_camera_c300_001-700x235.jpg 700w, https:\/\/www.kibotek.com\/wp-content\/uploads\/2022\/12\/kiboTEK_xiaomi_camera_c300_001-300x101.jpg 300w, https:\/\/www.kibotek.com\/wp-content\/uploads\/2022\/12\/kiboTEK_xiaomi_camera_c300_001-768x258.jpg 768w, https:\/\/www.kibotek.com\/wp-content\/uploads\/2022\/12\/kiboTEK_xiaomi_camera_c300_001-18x6.jpg 18w, https:\/\/www.kibotek.com\/wp-content\/uploads\/2022\/12\/kiboTEK_xiaomi_camera_c300_001.jpg 1337w\" sizes=\"auto, (max-width: 1024px) 100vw, 1024px\" \/> <img loading=\"lazy\" decoding=\"async\" class=\"alignleft wp-image-45860 size-large\" src=\"https:\/\/www.kibotek.com\/wp-content\/uploads\/2022\/12\/kiboTEK_xiaomi_camera_c300_008-1024x426.jpg\" alt=\"\" width=\"1024\" height=\"426\" title=\"\" srcset=\"https:\/\/www.kibotek.com\/wp-content\/uploads\/2022\/12\/kiboTEK_xiaomi_camera_c300_008-1024x426.jpg 1024w, https:\/\/www.kibotek.com\/wp-content\/uploads\/2022\/12\/kiboTEK_xiaomi_camera_c300_008-430x179.jpg 430w, https:\/\/www.kibotek.com\/wp-content\/uploads\/2022\/12\/kiboTEK_xiaomi_camera_c300_008-150x62.jpg 150w, https:\/\/www.kibotek.com\/wp-content\/uploads\/2022\/12\/kiboTEK_xiaomi_camera_c300_008-700x291.jpg 700w, https:\/\/www.kibotek.com\/wp-content\/uploads\/2022\/12\/kiboTEK_xiaomi_camera_c300_008-300x125.jpg 300w, https:\/\/www.kibotek.com\/wp-content\/uploads\/2022\/12\/kiboTEK_xiaomi_camera_c300_008-768x320.jpg 768w, https:\/\/www.kibotek.com\/wp-content\/uploads\/2022\/12\/kiboTEK_xiaomi_camera_c300_008-18x7.jpg 18w, https:\/\/www.kibotek.com\/wp-content\/uploads\/2022\/12\/kiboTEK_xiaomi_camera_c300_008.jpg 1201w\" sizes=\"auto, (max-width: 1024px) 100vw, 1024px\" \/> <a href=\"https:\/\/www.kibotek.com\/wp-content\/uploads\/2022\/12\/kiboTEK_xiaomi_camera_c300_007.jpg\"><img loading=\"lazy\" decoding=\"async\" class=\"alignleft wp-image-45859 size-large\" src=\"https:\/\/www.kibotek.com\/wp-content\/uploads\/2022\/12\/kiboTEK_xiaomi_camera_c300_007-1024x242.jpg\" alt=\"\" width=\"1024\" height=\"242\" title=\"\" srcset=\"https:\/\/www.kibotek.com\/wp-content\/uploads\/2022\/12\/kiboTEK_xiaomi_camera_c300_007-1024x242.jpg 1024w, https:\/\/www.kibotek.com\/wp-content\/uploads\/2022\/12\/kiboTEK_xiaomi_camera_c300_007-430x102.jpg 430w, https:\/\/www.kibotek.com\/wp-content\/uploads\/2022\/12\/kiboTEK_xiaomi_camera_c300_007-150x36.jpg 150w, https:\/\/www.kibotek.com\/wp-content\/uploads\/2022\/12\/kiboTEK_xiaomi_camera_c300_007-700x166.jpg 700w, https:\/\/www.kibotek.com\/wp-content\/uploads\/2022\/12\/kiboTEK_xiaomi_camera_c300_007-300x71.jpg 300w, https:\/\/www.kibotek.com\/wp-content\/uploads\/2022\/12\/kiboTEK_xiaomi_camera_c300_007-768x182.jpg 768w, https:\/\/www.kibotek.com\/wp-content\/uploads\/2022\/12\/kiboTEK_xiaomi_camera_c300_007-1536x364.jpg 1536w, https:\/\/www.kibotek.com\/wp-content\/uploads\/2022\/12\/kiboTEK_xiaomi_camera_c300_007-18x4.jpg 18w, https:\/\/www.kibotek.com\/wp-content\/uploads\/2022\/12\/kiboTEK_xiaomi_camera_c300_007.jpg 1592w\" sizes=\"auto, (max-width: 1024px) 100vw, 1024px\" \/><\/a><\/p>\n<p>Bref, chez kiboTEK nous pensons que c&#039;est l&#039;une des meilleures cam\u00e9ras de s\u00e9curit\u00e9 en termes de qualit\u00e9 \/ prix. Une merveille \u00e0 la port\u00e9e de tous. Votre tranquillit\u00e9 d&#039;esprit en vaut la peine.<\/p>\n<p>Chez kiboTEK, nous envoyons la Xiaomi Mi 360\u00ba Smart Camera C300 2K dans plus de 30 pays diff\u00e9rents en Europe en <strong>24 \/ 72h avec deux ans de garantie<\/strong>. V\u00e9rifiez et calculez les frais de port dans le panier en ins\u00e9rant votre adresse.<\/p>","protected":false},"excerpt":{"rendered":"<p><strong><em>ACHETEZ MAINTENANT ET RECEVEZ EN 24H EN ESPAGNE\ud83d\ude80<\/em><\/strong><\/p>\n<p><strong><em>ACHETEZ MAINTENANT ET RECEVEZ EN 72H EN EUROPE \ud83d\ude80<\/em><\/strong><\/p>","protected":false},"featured_media":45864,"comment_status":"open","ping_status":"closed","template":"","meta":{"iawp_total_views":89},"product_brand":[8155],"product_cat":[5515,5521],"product_tag":[1798,7698,6771],"class_list":{"0":"post-45852","1":"product","2":"type-product","3":"status-publish","4":"has-post-thumbnail","6":"product_brand-comprar-lo-mejor-de-xiaomi","7":"product_cat-smartwatch-pulseras-tv-auriculares-smarthome-salud-relojes-para-ninos","8":"product_cat-comprar-smarthome-scooters-camaras","9":"product_tag-acc_top","10":"product_tag-all","11":"product_tag-ofertas","13":"first","14":"instock","15":"taxable","16":"shipping-taxable","17":"purchasable","18":"product-type-simple"},"supplier_id":null,"supplier_sku":"","barcode":null,"atum_controlled":true,"out_stock_date":null,"out_stock_threshold":null,"inheritable":false,"inbound_stock":null,"stock_on_hold":0,"sold_today":0,"sales_last_days":0,"reserved_stock":null,"customer_returns":null,"warehouse_damage":null,"lost_in_post":null,"other_logs":null,"out_stock_days":0,"lost_sales":0,"has_location":true,"update_date":"2026-05-06T21:13:39","atum_locations":[{"id":41,"name":"Bilbao","slug":"bilbao"}],"atum_stock_status":"instock","restock_status":false,"low_stock_amount":0,"sales_update_date":"2026-04-29T00:01:02","calc_backorders":null,"_links":{"self":[{"href":"https:\/\/www.kibotek.com\/fr\/wp-json\/wp\/v2\/product\/45852","targetHints":{"allow":["GET"]}}],"collection":[{"href":"https:\/\/www.kibotek.com\/fr\/wp-json\/wp\/v2\/product"}],"about":[{"href":"https:\/\/www.kibotek.com\/fr\/wp-json\/wp\/v2\/types\/product"}],"replies":[{"embeddable":true,"href":"https:\/\/www.kibotek.com\/fr\/wp-json\/wp\/v2\/comments?post=45852"}],"version-history":[{"count":0,"href":"https:\/\/www.kibotek.com\/fr\/wp-json\/wp\/v2\/product\/45852\/revisions"}],"wp:featuredmedia":[{"embeddable":true,"href":"https:\/\/www.kibotek.com\/fr\/wp-json\/wp\/v2\/media\/45864"}],"wp:attachment":[{"href":"https:\/\/www.kibotek.com\/fr\/wp-json\/wp\/v2\/media?parent=45852"}],"wp:term":[{"taxonomy":"product_brand","embeddable":true,"href":"https:\/\/www.kibotek.com\/fr\/wp-json\/wp\/v2\/product_brand?post=45852"},{"taxonomy":"product_cat","embeddable":true,"href":"https:\/\/www.kibotek.com\/fr\/wp-json\/wp\/v2\/product_cat?post=45852"},{"taxonomy":"product_tag","embeddable":true,"href":"https:\/\/www.kibotek.com\/fr\/wp-json\/wp\/v2\/product_tag?post=45852"}],"curies":[{"name":"wp","href":"https:\/\/api.w.org\/{rel}","templated":true}]}}