{"id":45278,"date":"2022-10-25T13:11:32","date_gmt":"2022-10-25T11:11:32","guid":{"rendered":"https:\/\/www.kibotek.com\/?post_type=product&#038;p=45278"},"modified":"2026-04-30T23:17:58","modified_gmt":"2026-04-30T21:17:58","slug":"mi-wifi-range-extender-ac1200-amplificateur-wifi","status":"publish","type":"product","link":"https:\/\/www.kibotek.com\/fr\/kibostore\/mi-wifi-range-extender-ac1200-amplificador-wifi\/","title":{"rendered":"Mon Amplificateur Wi-Fi AC1200 \/ Amplificateur Wi-Fi"},"content":{"rendered":"<p>Achetez Xiaomi Mi WiFi Range Extender AC1200 R\u00e9p\u00e9teur \/ Amplificateur WiFi avec exp\u00e9dition en 24 heures depuis l&#039;Espagne Europe et garantie de 2 ans<\/p>\n<ul>\n<li>Couleur en noir mat<\/li>\n<li>Mod\u00e8le <span class=\"xm-text f18 f-regular black tips\" data-key=\"spec_3\" data-type=\"text\" data-id=\"xt185yl0kf\">RA75<\/span><\/li>\n<li><span data-wakoopa-seen=\"true\" data-spm-anchor-id=\"a2g0o.detail.1000023.i0.2f7f221049TMmj\">Prend en charge jusqu&#039;\u00e0 64 appareils<\/span><\/li>\n<li>RAM 64 Mo<\/li>\n<li><span data-wakoopa-seen=\"true\">Brancher et utiliser<\/span><\/li>\n<li>Vitesse de transmission jusqu&#039;\u00e0 <strong>1167Mbps<\/strong><\/li>\n<li>vitesses <span class=\"xm-text f18 f-regular black tips\" data-key=\"spec_7\" data-type=\"text\" data-id=\"5k7k1x9m01\">5 GHz : 867 Mbps (802.11ac, 2*2@80 MHz) 2,4 GHz : 300 Mbps (802.11n, 2*2 @ 40 MHz)<\/span><\/li>\n<li>Interface de port d&#039;alimentation murale (prise EU)<\/li>\n<li>Fr\u00e9quence du r\u00e9seau WiFi<strong> 2,4\u00a0GHz\/5\u00a0GHz<\/strong><\/li>\n<li><span class=\"xm-text f18 f-regular black tips\" data-key=\"spec_17\" data-type=\"text\" data-id=\"btgcszwlaw\">1 port Ethernet 10\/100 Mbit\/s<\/span><\/li>\n<li>2 antennes int\u00e9gr\u00e9es<\/li>\n<li>S\u00e9curit\u00e9 <span class=\"xm-text f18 f-regular black tips\" data-key=\"spec_11\" data-type=\"text\" data-id=\"4xfjf0pdzh\">WPA-PSK \/ WPA2-PSK<\/span><\/li>\n<li>Dimensions de\u00a0 <span class=\"xm-text f18 f-regular black tips\" data-key=\"spec_23\" data-type=\"text\" data-id=\"2r5vn32vp8\">84\u00d7100\u00d782mm<\/span><\/li>\n<li>Poids de 99,8 grammes<\/li>\n<\/ul>\n<p>&nbsp;<\/p>\n<ul>\n<li>Contenu du coffret<\/li>\n<li><span class=\"xm-text f18 f-regular black\" data-key=\"spec_27\" data-type=\"text\" data-id=\"wi9zr64j1q\">1x Prolongateur de port\u00e9e Wi-Fi Mi<\/span><\/li>\n<li><span class=\"xm-text f18 f-regular black\" data-key=\"spec_28\" data-type=\"text\" data-id=\"4kcvvuwxon\">1x manuel de l&#039;utilisateur<\/span><\/li>\n<li><span class=\"xm-text f18 f-regular black\" data-key=\"spec_29\" data-type=\"text\" data-id=\"fmedn26sud\">1x carte de garantie<\/span><\/li>\n<\/ul>\n<p><img loading=\"lazy\" decoding=\"async\" class=\"alignleft wp-image-45281 size-large\" src=\"https:\/\/www.kibotek.com\/wp-content\/uploads\/2022\/10\/kiboTEK_xiaomi_wifi_extender_ac1200_001-1024x474.jpg\" alt=\"\" width=\"1024\" height=\"474\" title=\"\" srcset=\"https:\/\/www.kibotek.com\/wp-content\/uploads\/2022\/10\/kiboTEK_xiaomi_wifi_extender_ac1200_001-1024x474.jpg 1024w, https:\/\/www.kibotek.com\/wp-content\/uploads\/2022\/10\/kiboTEK_xiaomi_wifi_extender_ac1200_001-430x199.jpg 430w, https:\/\/www.kibotek.com\/wp-content\/uploads\/2022\/10\/kiboTEK_xiaomi_wifi_extender_ac1200_001-150x69.jpg 150w, https:\/\/www.kibotek.com\/wp-content\/uploads\/2022\/10\/kiboTEK_xiaomi_wifi_extender_ac1200_001-700x324.jpg 700w, https:\/\/www.kibotek.com\/wp-content\/uploads\/2022\/10\/kiboTEK_xiaomi_wifi_extender_ac1200_001-300x139.jpg 300w, https:\/\/www.kibotek.com\/wp-content\/uploads\/2022\/10\/kiboTEK_xiaomi_wifi_extender_ac1200_001-768x355.jpg 768w, https:\/\/www.kibotek.com\/wp-content\/uploads\/2022\/10\/kiboTEK_xiaomi_wifi_extender_ac1200_001-18x8.jpg 18w, https:\/\/www.kibotek.com\/wp-content\/uploads\/2022\/10\/kiboTEK_xiaomi_wifi_extender_ac1200_001.jpg 1139w\" sizes=\"auto, (max-width: 1024px) 100vw, 1024px\" \/><\/p>\n<p><b>Amplificateur double bande 2,4\/5 GHz<\/b><\/p>\n<p>Avez-vous besoin d&#039;un appareil pour amener le WiFi dans n&#039;importe quelle partie de votre maison avec une installation super simple ? Xiaomi vous propose le nouveau Mi WiFi Range Extender AC1200 \/ WiFi Amplifier, un amplificateur WiFi bi-bande qui vous permet une vitesse de transfert de <strong>jusqu&#039;\u00e0 1167Mbps<\/strong> afin que vous puissiez profiter de votre connexion haut d\u00e9bit sans d\u00e9pendre de la pi\u00e8ce dans laquelle vous vous trouvez ...<\/p>\n<p><img loading=\"lazy\" decoding=\"async\" class=\"alignleft wp-image-45282 size-large\" src=\"https:\/\/www.kibotek.com\/wp-content\/uploads\/2022\/10\/kiboTEK_xiaomi_wifi_extender_ac1200_002-1024x401.jpg\" alt=\"\" width=\"1024\" height=\"401\" title=\"\" srcset=\"https:\/\/www.kibotek.com\/wp-content\/uploads\/2022\/10\/kiboTEK_xiaomi_wifi_extender_ac1200_002-1024x401.jpg 1024w, https:\/\/www.kibotek.com\/wp-content\/uploads\/2022\/10\/kiboTEK_xiaomi_wifi_extender_ac1200_002-430x169.jpg 430w, https:\/\/www.kibotek.com\/wp-content\/uploads\/2022\/10\/kiboTEK_xiaomi_wifi_extender_ac1200_002-150x59.jpg 150w, https:\/\/www.kibotek.com\/wp-content\/uploads\/2022\/10\/kiboTEK_xiaomi_wifi_extender_ac1200_002-700x274.jpg 700w, https:\/\/www.kibotek.com\/wp-content\/uploads\/2022\/10\/kiboTEK_xiaomi_wifi_extender_ac1200_002-300x118.jpg 300w, https:\/\/www.kibotek.com\/wp-content\/uploads\/2022\/10\/kiboTEK_xiaomi_wifi_extender_ac1200_002-768x301.jpg 768w, https:\/\/www.kibotek.com\/wp-content\/uploads\/2022\/10\/kiboTEK_xiaomi_wifi_extender_ac1200_002-18x7.jpg 18w, https:\/\/www.kibotek.com\/wp-content\/uploads\/2022\/10\/kiboTEK_xiaomi_wifi_extender_ac1200_002.jpg 1237w\" sizes=\"auto, (max-width: 1024px) 100vw, 1024px\" \/><\/p>\n<p><img loading=\"lazy\" decoding=\"async\" class=\"alignleft wp-image-45284 size-large\" src=\"https:\/\/www.kibotek.com\/wp-content\/uploads\/2022\/10\/kiboTEK_xiaomi_wifi_extender_ac1200_004-1024x387.jpg\" alt=\"\" width=\"1024\" height=\"387\" title=\"\" srcset=\"https:\/\/www.kibotek.com\/wp-content\/uploads\/2022\/10\/kiboTEK_xiaomi_wifi_extender_ac1200_004-1024x387.jpg 1024w, https:\/\/www.kibotek.com\/wp-content\/uploads\/2022\/10\/kiboTEK_xiaomi_wifi_extender_ac1200_004-430x162.jpg 430w, https:\/\/www.kibotek.com\/wp-content\/uploads\/2022\/10\/kiboTEK_xiaomi_wifi_extender_ac1200_004-150x57.jpg 150w, https:\/\/www.kibotek.com\/wp-content\/uploads\/2022\/10\/kiboTEK_xiaomi_wifi_extender_ac1200_004-700x264.jpg 700w, https:\/\/www.kibotek.com\/wp-content\/uploads\/2022\/10\/kiboTEK_xiaomi_wifi_extender_ac1200_004-300x113.jpg 300w, https:\/\/www.kibotek.com\/wp-content\/uploads\/2022\/10\/kiboTEK_xiaomi_wifi_extender_ac1200_004-768x290.jpg 768w, https:\/\/www.kibotek.com\/wp-content\/uploads\/2022\/10\/kiboTEK_xiaomi_wifi_extender_ac1200_004-18x7.jpg 18w, https:\/\/www.kibotek.com\/wp-content\/uploads\/2022\/10\/kiboTEK_xiaomi_wifi_extender_ac1200_004.jpg 1261w\" sizes=\"auto, (max-width: 1024px) 100vw, 1024px\" \/><\/p>\n<p><b>installation facile<\/b><\/p>\n<p>Une plus grande port\u00e9e et beaucoup plus de stabilit\u00e9, c&#039;est ce que Xiaomi nous promet avec cet amplificateur Mi WiFi Range Extender AC1200 \/ WiFi. Il dispose de 2 antennes pour atteindre les endroits les plus recul\u00e9s de votre maison.<\/p>\n<p>La configuration est tr\u00e8s simple, il vous suffit de le connecter \u00e0 proximit\u00e9 du routeur et de le coupler. Vous pouvez brancher plusieurs amplis si vous avez un manoir comme celui de Will Smith dans &quot;The Prince of Bel Air&quot;. Chacun d&#039;eux englobe<strong> entre 80 et 150 m\u00b2<\/strong> selon la configuration de votre logement.<\/p>\n<p><img loading=\"lazy\" decoding=\"async\" class=\"alignleft wp-image-45286 size-large\" src=\"https:\/\/www.kibotek.com\/wp-content\/uploads\/2022\/10\/kiboTEK_xiaomi_wifi_extender_ac1200_006-1024x480.jpg\" alt=\"\" width=\"1024\" height=\"480\" title=\"\" srcset=\"https:\/\/www.kibotek.com\/wp-content\/uploads\/2022\/10\/kiboTEK_xiaomi_wifi_extender_ac1200_006-1024x480.jpg 1024w, https:\/\/www.kibotek.com\/wp-content\/uploads\/2022\/10\/kiboTEK_xiaomi_wifi_extender_ac1200_006-430x202.jpg 430w, https:\/\/www.kibotek.com\/wp-content\/uploads\/2022\/10\/kiboTEK_xiaomi_wifi_extender_ac1200_006-150x70.jpg 150w, https:\/\/www.kibotek.com\/wp-content\/uploads\/2022\/10\/kiboTEK_xiaomi_wifi_extender_ac1200_006-700x328.jpg 700w, https:\/\/www.kibotek.com\/wp-content\/uploads\/2022\/10\/kiboTEK_xiaomi_wifi_extender_ac1200_006-300x141.jpg 300w, https:\/\/www.kibotek.com\/wp-content\/uploads\/2022\/10\/kiboTEK_xiaomi_wifi_extender_ac1200_006-768x360.jpg 768w, https:\/\/www.kibotek.com\/wp-content\/uploads\/2022\/10\/kiboTEK_xiaomi_wifi_extender_ac1200_006-18x8.jpg 18w, https:\/\/www.kibotek.com\/wp-content\/uploads\/2022\/10\/kiboTEK_xiaomi_wifi_extender_ac1200_006.jpg 1131w\" sizes=\"auto, (max-width: 1024px) 100vw, 1024px\" \/><\/p>\n<p>Nous pouvons \u00e9galement le d\u00e9placer d&#039;une pi\u00e8ce \u00e0 une autre en fonction de nos besoins.<\/p>\n<p><img loading=\"lazy\" decoding=\"async\" class=\"alignleft wp-image-45283 size-large\" src=\"https:\/\/www.kibotek.com\/wp-content\/uploads\/2022\/10\/kiboTEK_xiaomi_wifi_extender_ac1200_003-1024x412.jpg\" alt=\"\" width=\"1024\" height=\"412\" title=\"\" srcset=\"https:\/\/www.kibotek.com\/wp-content\/uploads\/2022\/10\/kiboTEK_xiaomi_wifi_extender_ac1200_003-1024x412.jpg 1024w, https:\/\/www.kibotek.com\/wp-content\/uploads\/2022\/10\/kiboTEK_xiaomi_wifi_extender_ac1200_003-430x173.jpg 430w, https:\/\/www.kibotek.com\/wp-content\/uploads\/2022\/10\/kiboTEK_xiaomi_wifi_extender_ac1200_003-150x60.jpg 150w, https:\/\/www.kibotek.com\/wp-content\/uploads\/2022\/10\/kiboTEK_xiaomi_wifi_extender_ac1200_003-700x281.jpg 700w, https:\/\/www.kibotek.com\/wp-content\/uploads\/2022\/10\/kiboTEK_xiaomi_wifi_extender_ac1200_003-300x121.jpg 300w, https:\/\/www.kibotek.com\/wp-content\/uploads\/2022\/10\/kiboTEK_xiaomi_wifi_extender_ac1200_003-768x309.jpg 768w, https:\/\/www.kibotek.com\/wp-content\/uploads\/2022\/10\/kiboTEK_xiaomi_wifi_extender_ac1200_003-18x7.jpg 18w, https:\/\/www.kibotek.com\/wp-content\/uploads\/2022\/10\/kiboTEK_xiaomi_wifi_extender_ac1200_003.jpg 1221w\" sizes=\"auto, (max-width: 1024px) 100vw, 1024px\" \/><\/p>\n<p>Chez kiboTEK, vous pouvez acheter Mi WiFi Range Extender AC1200 \/ WiFi Amplifier avec la garantie et la s\u00e9curit\u00e9 du meilleur magasin Xiaomi en Espagne Europe.<\/p>\n<p>&nbsp;<\/p>","protected":false},"excerpt":{"rendered":"<p><strong><em>ACHETEZ MAINTENANT ET RECEVEZ EN 24H EN ESPAGNE\ud83d\ude80<\/em><\/strong><\/p>\n<p><strong><em>ACHETEZ MAINTENANT ET RECEVEZ EN 72H EN EUROPE \ud83d\ude80<\/em><\/strong><\/p>","protected":false},"featured_media":45287,"comment_status":"open","ping_status":"closed","template":"","meta":{"iawp_total_views":200},"product_brand":[8155],"product_cat":[5515,5521],"product_tag":[1798,7698],"class_list":{"0":"post-45278","1":"product","2":"type-product","3":"status-publish","4":"has-post-thumbnail","6":"product_brand-comprar-lo-mejor-de-xiaomi","7":"product_cat-smartwatch-pulseras-tv-auriculares-smarthome-salud-relojes-para-ninos","8":"product_cat-comprar-smarthome-scooters-camaras","9":"product_tag-acc_top","10":"product_tag-all","12":"first","13":"instock","14":"sale","15":"taxable","16":"shipping-taxable","17":"purchasable","18":"product-type-simple"},"supplier_id":null,"supplier_sku":"","barcode":null,"atum_controlled":true,"out_stock_date":null,"out_stock_threshold":null,"inheritable":false,"inbound_stock":null,"stock_on_hold":0,"sold_today":0,"sales_last_days":0,"reserved_stock":null,"customer_returns":null,"warehouse_damage":null,"lost_in_post":null,"other_logs":null,"out_stock_days":0,"lost_sales":0,"has_location":true,"update_date":"2026-04-30T21:18:01","atum_locations":[{"id":41,"name":"Bilbao","slug":"bilbao"}],"atum_stock_status":"instock","restock_status":false,"low_stock_amount":"","sales_update_date":"2026-04-29T00:01:03","calc_backorders":null,"_links":{"self":[{"href":"https:\/\/www.kibotek.com\/fr\/wp-json\/wp\/v2\/product\/45278","targetHints":{"allow":["GET"]}}],"collection":[{"href":"https:\/\/www.kibotek.com\/fr\/wp-json\/wp\/v2\/product"}],"about":[{"href":"https:\/\/www.kibotek.com\/fr\/wp-json\/wp\/v2\/types\/product"}],"replies":[{"embeddable":true,"href":"https:\/\/www.kibotek.com\/fr\/wp-json\/wp\/v2\/comments?post=45278"}],"version-history":[{"count":0,"href":"https:\/\/www.kibotek.com\/fr\/wp-json\/wp\/v2\/product\/45278\/revisions"}],"wp:featuredmedia":[{"embeddable":true,"href":"https:\/\/www.kibotek.com\/fr\/wp-json\/wp\/v2\/media\/45287"}],"wp:attachment":[{"href":"https:\/\/www.kibotek.com\/fr\/wp-json\/wp\/v2\/media?parent=45278"}],"wp:term":[{"taxonomy":"product_brand","embeddable":true,"href":"https:\/\/www.kibotek.com\/fr\/wp-json\/wp\/v2\/product_brand?post=45278"},{"taxonomy":"product_cat","embeddable":true,"href":"https:\/\/www.kibotek.com\/fr\/wp-json\/wp\/v2\/product_cat?post=45278"},{"taxonomy":"product_tag","embeddable":true,"href":"https:\/\/www.kibotek.com\/fr\/wp-json\/wp\/v2\/product_tag?post=45278"}],"curies":[{"name":"wp","href":"https:\/\/api.w.org\/{rel}","templated":true}]}}