{"id":44605,"date":"2022-09-14T19:09:12","date_gmt":"2022-09-14T17:09:12","guid":{"rendered":"https:\/\/www.kibotek.com\/?post_type=product&#038;p=44605"},"modified":"2026-05-08T23:16:41","modified_gmt":"2026-05-08T21:16:41","slug":"retroid-pocket-micro-hdmi-to-hdmi-adapter-cable-male-to-male","status":"publish","type":"product","link":"https:\/\/www.kibotek.com\/fr\/kibostore\/retroid-pocket-micro-hdmi-to-hdmi-adapter-cable-male-to-male\/","title":{"rendered":"C\u00e2ble adaptateur Retroid Pocket Micro HDMI vers HDMI (m\u00e2le vers m\u00e2le)"},"content":{"rendered":"<p>Achetez le c\u00e2ble adaptateur Retroid Pocket Micro HDMI vers HDMI d&#039;origine avec exp\u00e9dition depuis l&#039;Espagne Europe en 24\/72h et garantie europ\u00e9enne.<\/p>\n<p><a href=\"https:\/\/www.kibotek.com\/wp-content\/uploads\/2022\/09\/kiboTEK_retroid_HDMI_adapter_006.jpg\"><img loading=\"lazy\" decoding=\"async\" class=\"alignnone size-medium wp-image-44611\" src=\"https:\/\/www.kibotek.com\/wp-content\/uploads\/2022\/09\/kiboTEK_retroid_HDMI_adapter_006-300x286.jpg\" alt=\"\" width=\"300\" height=\"286\" title=\"\" srcset=\"https:\/\/www.kibotek.com\/wp-content\/uploads\/2022\/09\/kiboTEK_retroid_HDMI_adapter_006-300x286.jpg 300w, https:\/\/www.kibotek.com\/wp-content\/uploads\/2022\/09\/kiboTEK_retroid_HDMI_adapter_006-430x410.jpg 430w, https:\/\/www.kibotek.com\/wp-content\/uploads\/2022\/09\/kiboTEK_retroid_HDMI_adapter_006-150x143.jpg 150w, https:\/\/www.kibotek.com\/wp-content\/uploads\/2022\/09\/kiboTEK_retroid_HDMI_adapter_006-13x12.jpg 13w, https:\/\/www.kibotek.com\/wp-content\/uploads\/2022\/09\/kiboTEK_retroid_HDMI_adapter_006-32x32.jpg 32w, https:\/\/www.kibotek.com\/wp-content\/uploads\/2022\/09\/kiboTEK_retroid_HDMI_adapter_006.jpg 536w\" sizes=\"auto, (max-width: 300px) 100vw, 300px\" \/><\/a> <a href=\"https:\/\/www.kibotek.com\/wp-content\/uploads\/2022\/09\/kiboTEK_retroid_HDMI_adapter_005.jpg\"><img loading=\"lazy\" decoding=\"async\" class=\"alignnone size-medium wp-image-44610\" src=\"https:\/\/www.kibotek.com\/wp-content\/uploads\/2022\/09\/kiboTEK_retroid_HDMI_adapter_005-300x300.jpg\" alt=\"\" width=\"300\" height=\"300\" title=\"\" srcset=\"https:\/\/www.kibotek.com\/wp-content\/uploads\/2022\/09\/kiboTEK_retroid_HDMI_adapter_005-300x300.jpg 300w, https:\/\/www.kibotek.com\/wp-content\/uploads\/2022\/09\/kiboTEK_retroid_HDMI_adapter_005-430x428.jpg 430w, https:\/\/www.kibotek.com\/wp-content\/uploads\/2022\/09\/kiboTEK_retroid_HDMI_adapter_005-150x150.jpg 150w, https:\/\/www.kibotek.com\/wp-content\/uploads\/2022\/09\/kiboTEK_retroid_HDMI_adapter_005-12x12.jpg 12w, https:\/\/www.kibotek.com\/wp-content\/uploads\/2022\/09\/kiboTEK_retroid_HDMI_adapter_005-50x50.jpg 50w, https:\/\/www.kibotek.com\/wp-content\/uploads\/2022\/09\/kiboTEK_retroid_HDMI_adapter_005-100x100.jpg 100w, https:\/\/www.kibotek.com\/wp-content\/uploads\/2022\/09\/kiboTEK_retroid_HDMI_adapter_005-32x32.jpg 32w, https:\/\/www.kibotek.com\/wp-content\/uploads\/2022\/09\/kiboTEK_retroid_HDMI_adapter_005.jpg 526w\" sizes=\"auto, (max-width: 300px) 100vw, 300px\" \/><\/a> <a href=\"https:\/\/www.kibotek.com\/wp-content\/uploads\/2022\/09\/kiboTEK_retroid_HDMI_adapter_004.jpg\"><img loading=\"lazy\" decoding=\"async\" class=\"alignnone size-medium wp-image-44609\" src=\"https:\/\/www.kibotek.com\/wp-content\/uploads\/2022\/09\/kiboTEK_retroid_HDMI_adapter_004-300x300.jpg\" alt=\"\" width=\"300\" height=\"300\" title=\"\" srcset=\"https:\/\/www.kibotek.com\/wp-content\/uploads\/2022\/09\/kiboTEK_retroid_HDMI_adapter_004-300x300.jpg 300w, https:\/\/www.kibotek.com\/wp-content\/uploads\/2022\/09\/kiboTEK_retroid_HDMI_adapter_004-430x432.jpg 430w, https:\/\/www.kibotek.com\/wp-content\/uploads\/2022\/09\/kiboTEK_retroid_HDMI_adapter_004-150x150.jpg 150w, https:\/\/www.kibotek.com\/wp-content\/uploads\/2022\/09\/kiboTEK_retroid_HDMI_adapter_004-12x12.jpg 12w, https:\/\/www.kibotek.com\/wp-content\/uploads\/2022\/09\/kiboTEK_retroid_HDMI_adapter_004-50x50.jpg 50w, https:\/\/www.kibotek.com\/wp-content\/uploads\/2022\/09\/kiboTEK_retroid_HDMI_adapter_004-100x100.jpg 100w, https:\/\/www.kibotek.com\/wp-content\/uploads\/2022\/09\/kiboTEK_retroid_HDMI_adapter_004-32x32.jpg 32w, https:\/\/www.kibotek.com\/wp-content\/uploads\/2022\/09\/kiboTEK_retroid_HDMI_adapter_004.jpg 523w\" sizes=\"auto, (max-width: 300px) 100vw, 300px\" \/><\/a><\/p>\n<p>L&#039;accessoire indispensable pour votre Retroid Pocket<\/p>\n<p><a href=\"https:\/\/www.kibotek.com\/wp-content\/uploads\/2022\/09\/kiboTEK_retroid_HDMI_adapter_003.jpg\"><img loading=\"lazy\" decoding=\"async\" class=\"alignnone size-medium wp-image-44608\" src=\"https:\/\/www.kibotek.com\/wp-content\/uploads\/2022\/09\/kiboTEK_retroid_HDMI_adapter_003-300x300.jpg\" alt=\"\" width=\"300\" height=\"300\" title=\"\" srcset=\"https:\/\/www.kibotek.com\/wp-content\/uploads\/2022\/09\/kiboTEK_retroid_HDMI_adapter_003-300x300.jpg 300w, https:\/\/www.kibotek.com\/wp-content\/uploads\/2022\/09\/kiboTEK_retroid_HDMI_adapter_003-430x429.jpg 430w, https:\/\/www.kibotek.com\/wp-content\/uploads\/2022\/09\/kiboTEK_retroid_HDMI_adapter_003-150x150.jpg 150w, https:\/\/www.kibotek.com\/wp-content\/uploads\/2022\/09\/kiboTEK_retroid_HDMI_adapter_003-12x12.jpg 12w, https:\/\/www.kibotek.com\/wp-content\/uploads\/2022\/09\/kiboTEK_retroid_HDMI_adapter_003-50x50.jpg 50w, https:\/\/www.kibotek.com\/wp-content\/uploads\/2022\/09\/kiboTEK_retroid_HDMI_adapter_003-100x100.jpg 100w, https:\/\/www.kibotek.com\/wp-content\/uploads\/2022\/09\/kiboTEK_retroid_HDMI_adapter_003-32x32.jpg 32w, https:\/\/www.kibotek.com\/wp-content\/uploads\/2022\/09\/kiboTEK_retroid_HDMI_adapter_003.jpg 527w\" sizes=\"auto, (max-width: 300px) 100vw, 300px\" \/><\/a> <a href=\"https:\/\/www.kibotek.com\/wp-content\/uploads\/2022\/09\/kiboTEK_retroid_HDMI_adapter_001.jpg\"><img loading=\"lazy\" decoding=\"async\" class=\"alignnone size-medium wp-image-44606\" src=\"https:\/\/www.kibotek.com\/wp-content\/uploads\/2022\/09\/kiboTEK_retroid_HDMI_adapter_001-300x293.jpg\" alt=\"\" width=\"300\" height=\"293\" title=\"\" srcset=\"https:\/\/www.kibotek.com\/wp-content\/uploads\/2022\/09\/kiboTEK_retroid_HDMI_adapter_001-300x293.jpg 300w, https:\/\/www.kibotek.com\/wp-content\/uploads\/2022\/09\/kiboTEK_retroid_HDMI_adapter_001-430x420.jpg 430w, https:\/\/www.kibotek.com\/wp-content\/uploads\/2022\/09\/kiboTEK_retroid_HDMI_adapter_001-150x147.jpg 150w, https:\/\/www.kibotek.com\/wp-content\/uploads\/2022\/09\/kiboTEK_retroid_HDMI_adapter_001-12x12.jpg 12w, https:\/\/www.kibotek.com\/wp-content\/uploads\/2022\/09\/kiboTEK_retroid_HDMI_adapter_001-50x50.jpg 50w, https:\/\/www.kibotek.com\/wp-content\/uploads\/2022\/09\/kiboTEK_retroid_HDMI_adapter_001-32x32.jpg 32w, https:\/\/www.kibotek.com\/wp-content\/uploads\/2022\/09\/kiboTEK_retroid_HDMI_adapter_001.jpg 539w\" sizes=\"auto, (max-width: 300px) 100vw, 300px\" \/><\/a> <a href=\"https:\/\/www.kibotek.com\/wp-content\/uploads\/2022\/09\/kiboTEK_retroid_HDMI_adapter_007.jpg\"><img loading=\"lazy\" decoding=\"async\" class=\"alignnone size-medium wp-image-44612\" src=\"https:\/\/www.kibotek.com\/wp-content\/uploads\/2022\/09\/kiboTEK_retroid_HDMI_adapter_007-273x300.jpg\" alt=\"\" width=\"273\" height=\"300\" title=\"\" srcset=\"https:\/\/www.kibotek.com\/wp-content\/uploads\/2022\/09\/kiboTEK_retroid_HDMI_adapter_007-273x300.jpg 273w, https:\/\/www.kibotek.com\/wp-content\/uploads\/2022\/09\/kiboTEK_retroid_HDMI_adapter_007-430x473.jpg 430w, https:\/\/www.kibotek.com\/wp-content\/uploads\/2022\/09\/kiboTEK_retroid_HDMI_adapter_007-150x165.jpg 150w, https:\/\/www.kibotek.com\/wp-content\/uploads\/2022\/09\/kiboTEK_retroid_HDMI_adapter_007-11x12.jpg 11w, https:\/\/www.kibotek.com\/wp-content\/uploads\/2022\/09\/kiboTEK_retroid_HDMI_adapter_007.jpg 476w\" sizes=\"auto, (max-width: 273px) 100vw, 273px\" \/><\/a><\/p>\n<p>&nbsp;<\/p>\n<p>Chez kiboTEK, vous pouvez acheter le c\u00e2ble adaptateur d&#039;origine Retroid Pocket Micro HDMI vers HDMI avec la garantie et la s\u00e9curit\u00e9 du meilleur magasin de jeux r\u00e9tro en ligne d&#039;Espagne avec des exp\u00e9ditions dans les 24\/72 heures dans toute l&#039;Europe.<\/p>","protected":false},"excerpt":{"rendered":"<p><strong><em>ACHETEZ MAINTENANT ET RECEVEZ EN 24H EN ESPAGNE\ud83d\ude80<\/em><\/strong><\/p>\n<p><strong><em>ACHETEZ MAINTENANT ET RECEVEZ EN 72H EN EUROPE \ud83d\ude80<\/em><\/strong><\/p>\n<p><strong><em>PRIX AVEC TAXES INCLUSES<\/em><\/strong><\/p>\n<p><strong><em>FACTURE D\u00c9TAILL\u00c9E COMPL\u00c8TE<\/em><\/strong><\/p>\n<p><strong><em>GARANTIE EUROP\u00c9ENNE<\/em><\/strong><\/p>","protected":false},"featured_media":44607,"comment_status":"open","ping_status":"closed","template":"","meta":{"iawp_total_views":207},"product_brand":[8168],"product_cat":[5514,5524,332],"product_tag":[7698,6771,7752,1794],"class_list":{"0":"post-44605","1":"product","2":"type-product","3":"status-publish","4":"has-post-thumbnail","6":"product_brand-retroidpocket","7":"product_cat-consolas-retro-gaming-arcade-bartop-pandora-box-anbernic-powkiddy","8":"product_cat-comprar-accesorios-cargador-inalambrico-tipoc-xiaomi-realme","9":"product_cat-comprar-los-mejores-moviles-mas-famosos","10":"product_tag-all","11":"product_tag-ofertas","12":"product_tag-presale","13":"product_tag-top10","15":"first","16":"instock","17":"sale","18":"featured","19":"taxable","20":"shipping-taxable","21":"purchasable","22":"product-type-simple"},"supplier_id":null,"supplier_sku":"","barcode":null,"atum_controlled":true,"out_stock_date":null,"out_stock_threshold":null,"inheritable":false,"inbound_stock":null,"stock_on_hold":0,"sold_today":0,"sales_last_days":0,"reserved_stock":null,"customer_returns":null,"warehouse_damage":null,"lost_in_post":null,"other_logs":null,"out_stock_days":0,"lost_sales":0,"has_location":true,"update_date":"2026-05-08T21:16:42","atum_locations":[{"id":41,"name":"Bilbao","slug":"bilbao"}],"atum_stock_status":"instock","restock_status":false,"low_stock_amount":"","sales_update_date":"2026-04-29T00:01:03","calc_backorders":null,"_links":{"self":[{"href":"https:\/\/www.kibotek.com\/fr\/wp-json\/wp\/v2\/product\/44605","targetHints":{"allow":["GET"]}}],"collection":[{"href":"https:\/\/www.kibotek.com\/fr\/wp-json\/wp\/v2\/product"}],"about":[{"href":"https:\/\/www.kibotek.com\/fr\/wp-json\/wp\/v2\/types\/product"}],"replies":[{"embeddable":true,"href":"https:\/\/www.kibotek.com\/fr\/wp-json\/wp\/v2\/comments?post=44605"}],"version-history":[{"count":1,"href":"https:\/\/www.kibotek.com\/fr\/wp-json\/wp\/v2\/product\/44605\/revisions"}],"predecessor-version":[{"id":77362,"href":"https:\/\/www.kibotek.com\/fr\/wp-json\/wp\/v2\/product\/44605\/revisions\/77362"}],"wp:featuredmedia":[{"embeddable":true,"href":"https:\/\/www.kibotek.com\/fr\/wp-json\/wp\/v2\/media\/44607"}],"wp:attachment":[{"href":"https:\/\/www.kibotek.com\/fr\/wp-json\/wp\/v2\/media?parent=44605"}],"wp:term":[{"taxonomy":"product_brand","embeddable":true,"href":"https:\/\/www.kibotek.com\/fr\/wp-json\/wp\/v2\/product_brand?post=44605"},{"taxonomy":"product_cat","embeddable":true,"href":"https:\/\/www.kibotek.com\/fr\/wp-json\/wp\/v2\/product_cat?post=44605"},{"taxonomy":"product_tag","embeddable":true,"href":"https:\/\/www.kibotek.com\/fr\/wp-json\/wp\/v2\/product_tag?post=44605"}],"curies":[{"name":"wp","href":"https:\/\/api.w.org\/{rel}","templated":true}]}}