{"id":41604,"date":"2022-03-05T11:05:37","date_gmt":"2022-03-05T10:05:37","guid":{"rendered":"https:\/\/www.kibotek.com\/?post_type=product&#038;p=41604"},"modified":"2026-04-18T23:45:41","modified_gmt":"2026-04-18T21:45:41","slug":"screensaver-savefamily-iconic-4g-nouvelle-generation","status":"publish","type":"product","link":"https:\/\/www.kibotek.com\/fr\/kibostore\/protector-de-pantalla-savefamily-iconic-4g-new-generation\/","title":{"rendered":"Protection d&#039;\u00e9cran nouvelle g\u00e9n\u00e9ration SaveFamily Iconic Plus 2 4G"},"content":{"rendered":"<p>Comprar Protector de pantalla SaveFamily Iconic Plus 2 4G new generation con env\u00edo en 24\/48h desde Espa\u00f1a a toda Europa.<\/p>\n<ul>\n<li>Protecteur d&#039;\u00e9cran en verre tremp\u00e9 pour votre mod\u00e8le SaveFamily GPS Iconic 4g nouvelle g\u00e9n\u00e9ration.<\/li>\n<li>Vous souhaitez prot\u00e9ger votre montre avec GPS Save Family ?<\/li>\n<li>Achetez maintenant le protecteur d&#039;\u00e9cran en verre tremp\u00e9 pour votre montre GPS nouvelle g\u00e9n\u00e9ration Iconic 4g.<\/li>\n<\/ul>\n<p>Chez kiboTEK, vous pouvez acheter le protecteur d&#039;\u00e9cran nouvelle g\u00e9n\u00e9ration SaveFamily Iconic 4G avec la garantie et la s\u00e9curit\u00e9 de la meilleure boutique en ligne d&#039;Espagne.<\/p>","protected":false},"excerpt":{"rendered":"<p><strong><em>ACHETEZ MAINTENANT ET RECEVEZ EN 24H EN ESPAGNE\ud83d\ude80<\/em><\/strong><\/p>\n<p><strong><em>ACHETEZ MAINTENANT ET RECEVEZ EN 72H EN EUROPE \ud83d\ude80<\/em><\/strong><\/p>","protected":false},"featured_media":64890,"comment_status":"open","ping_status":"closed","template":"","meta":{"iawp_total_views":51},"product_brand":[8170],"product_cat":[8319],"product_tag":[1798,7698,6771],"class_list":{"0":"post-41604","1":"product","2":"type-product","3":"status-publish","4":"has-post-thumbnail","6":"product_brand-savefamily","7":"product_cat-unkategorisiert","8":"product_tag-acc_top","9":"product_tag-all","10":"product_tag-ofertas","12":"first","13":"instock","14":"sale","15":"taxable","16":"shipping-taxable","17":"purchasable","18":"product-type-simple"},"supplier_id":null,"supplier_sku":"","barcode":null,"atum_controlled":true,"out_stock_date":null,"out_stock_threshold":null,"inheritable":false,"inbound_stock":null,"stock_on_hold":0,"sold_today":0,"sales_last_days":0,"reserved_stock":null,"customer_returns":null,"warehouse_damage":null,"lost_in_post":null,"other_logs":null,"out_stock_days":0,"lost_sales":0,"has_location":true,"update_date":"2026-04-18T21:45:42","atum_locations":[{"id":41,"name":"Bilbao","slug":"bilbao"}],"atum_stock_status":"instock","restock_status":false,"low_stock_amount":"","sales_update_date":"2026-04-17T05:01:59","calc_backorders":null,"_links":{"self":[{"href":"https:\/\/www.kibotek.com\/fr\/wp-json\/wp\/v2\/product\/41604","targetHints":{"allow":["GET"]}}],"collection":[{"href":"https:\/\/www.kibotek.com\/fr\/wp-json\/wp\/v2\/product"}],"about":[{"href":"https:\/\/www.kibotek.com\/fr\/wp-json\/wp\/v2\/types\/product"}],"replies":[{"embeddable":true,"href":"https:\/\/www.kibotek.com\/fr\/wp-json\/wp\/v2\/comments?post=41604"}],"version-history":[{"count":0,"href":"https:\/\/www.kibotek.com\/fr\/wp-json\/wp\/v2\/product\/41604\/revisions"}],"wp:featuredmedia":[{"embeddable":true,"href":"https:\/\/www.kibotek.com\/fr\/wp-json\/wp\/v2\/media\/64890"}],"wp:attachment":[{"href":"https:\/\/www.kibotek.com\/fr\/wp-json\/wp\/v2\/media?parent=41604"}],"wp:term":[{"taxonomy":"product_brand","embeddable":true,"href":"https:\/\/www.kibotek.com\/fr\/wp-json\/wp\/v2\/product_brand?post=41604"},{"taxonomy":"product_cat","embeddable":true,"href":"https:\/\/www.kibotek.com\/fr\/wp-json\/wp\/v2\/product_cat?post=41604"},{"taxonomy":"product_tag","embeddable":true,"href":"https:\/\/www.kibotek.com\/fr\/wp-json\/wp\/v2\/product_tag?post=41604"}],"curies":[{"name":"wp","href":"https:\/\/api.w.org\/{rel}","templated":true}]}}