{"id":41440,"date":"2022-02-18T18:03:58","date_gmt":"2022-02-18T17:03:58","guid":{"rendered":"https:\/\/www.kibotek.com\/?post_type=product&#038;p=41440"},"modified":"2026-04-18T23:45:54","modified_gmt":"2026-04-18T21:45:54","slug":"rechange-3x-mi-electrique-tete-de-brosse-a-dents","status":"publish","type":"product","link":"https:\/\/www.kibotek.com\/fr\/kibostore\/recambio-3x-mi-electric-toothbrush-head\/","title":{"rendered":"T\u00eate de brosse \u00e0 dents \u00e9lectrique de remplacement 3X Mi"},"content":{"rendered":"<p>Achetez le remplacement de la t\u00eate de brosse \u00e0 dents \u00e9lectrique Mi avec exp\u00e9dition en 24 heures depuis l&#039;Espagne Europe.<\/p>\n<ul>\n<li>Comprend 3 t\u00eates pour le nettoyage quotidien<\/li>\n<li>Poils de brosse de haute qualit\u00e9 exempts de rouille et de m\u00e9tal respectueux de l&#039;environnement<\/li>\n<li>Conception soign\u00e9e qui aide \u00e0 nettoyer les zones les plus difficiles<\/li>\n<li>Vous pouvez v\u00e9rifier la dur\u00e9e de vie utile de chaque recharge dans l&#039;application.<\/li>\n<li>Mesure 85 mm de long x 24,8 mm de diam\u00e8tre<\/li>\n<li>poids 4g<\/li>\n<\/ul>\n<p>Contenu du coffret<\/p>\n<ul>\n<li>3 t\u00eates r\u00e9guli\u00e8res de brosse \u00e0 dents \u00e9lectrique Mi de rechange<\/li>\n<\/ul>\n<div id=\"Description\">\n<div class=\"apm-lefttwothirdswrap apm-floatleft\">\n<div class=\"apm-centerthirdcol\">\n<p>Renouvelez les t\u00eates de votre brosse \u00e0 dents Xiaomi avec ce pack de 3 recharges. Fabriqu\u00e9es par Dupont dans un environnement st\u00e9rile, ces t\u00eates de brosse \u00e0 dents Xiaomi sont u 40% plus efficaces qu&#039;une brosse \u00e0 dents traditionnelle.<\/p>\n<p><b>Les poils de qualit\u00e9 sup\u00e9rieure de la brosse \u00e0 dents vous offrent un confort optimal pour un nettoyage en profondeur des dents, en pr\u00e9venant les caries et en \u00e9liminant la plaque dentaire.<\/b><\/p>\n<\/div>\n<\/div>\n<\/div>\n<p>Chez kiboTEK, vous pouvez acheter la recharge de t\u00eate de brosse \u00e0 dents \u00e9lectrique Mi avec la garantie et la s\u00e9curit\u00e9 de la meilleure boutique en ligne d&#039;accessoires et de housses en Espagne avec des exp\u00e9ditions dans les 24\/72 heures dans toute l&#039;Europe.<\/p>","protected":false},"excerpt":{"rendered":"<p><strong><em>ACHETEZ MAINTENANT ET RECEVEZ EN 24H EN ESPAGNE\ud83d\ude80<\/em><\/strong><\/p>\n<p><strong><em>ACHETEZ MAINTENANT ET RECEVEZ EN 72H EN EUROPE \ud83d\ude80<\/em><\/strong><\/p>","protected":false},"featured_media":41443,"comment_status":"open","ping_status":"closed","template":"","meta":{"iawp_total_views":40},"product_brand":[8155],"product_cat":[5519],"product_tag":[],"class_list":{"0":"post-41440","1":"product","2":"type-product","3":"status-publish","4":"has-post-thumbnail","6":"product_brand-comprar-lo-mejor-de-xiaomi","7":"product_cat-comprar-termometro-mascarillas-xiaomi-toallitas-desinfectantes-basculas","9":"first","10":"outofstock","11":"taxable","12":"shipping-taxable","13":"purchasable","14":"product-type-simple"},"supplier_id":null,"supplier_sku":"","barcode":null,"atum_controlled":true,"out_stock_date":"2025-03-29 11:27:11","out_stock_threshold":null,"inheritable":false,"inbound_stock":null,"stock_on_hold":0,"sold_today":0,"sales_last_days":0,"reserved_stock":null,"customer_returns":null,"warehouse_damage":null,"lost_in_post":null,"other_logs":null,"out_stock_days":383,"lost_sales":0,"has_location":false,"update_date":"2026-04-18T21:45:56","atum_locations":[],"atum_stock_status":"outofstock","restock_status":false,"low_stock_amount":"","sales_update_date":"2026-04-17T05:01:59","calc_backorders":null,"_links":{"self":[{"href":"https:\/\/www.kibotek.com\/fr\/wp-json\/wp\/v2\/product\/41440","targetHints":{"allow":["GET"]}}],"collection":[{"href":"https:\/\/www.kibotek.com\/fr\/wp-json\/wp\/v2\/product"}],"about":[{"href":"https:\/\/www.kibotek.com\/fr\/wp-json\/wp\/v2\/types\/product"}],"replies":[{"embeddable":true,"href":"https:\/\/www.kibotek.com\/fr\/wp-json\/wp\/v2\/comments?post=41440"}],"version-history":[{"count":0,"href":"https:\/\/www.kibotek.com\/fr\/wp-json\/wp\/v2\/product\/41440\/revisions"}],"wp:featuredmedia":[{"embeddable":true,"href":"https:\/\/www.kibotek.com\/fr\/wp-json\/wp\/v2\/media\/41443"}],"wp:attachment":[{"href":"https:\/\/www.kibotek.com\/fr\/wp-json\/wp\/v2\/media?parent=41440"}],"wp:term":[{"taxonomy":"product_brand","embeddable":true,"href":"https:\/\/www.kibotek.com\/fr\/wp-json\/wp\/v2\/product_brand?post=41440"},{"taxonomy":"product_cat","embeddable":true,"href":"https:\/\/www.kibotek.com\/fr\/wp-json\/wp\/v2\/product_cat?post=41440"},{"taxonomy":"product_tag","embeddable":true,"href":"https:\/\/www.kibotek.com\/fr\/wp-json\/wp\/v2\/product_tag?post=41440"}],"curies":[{"name":"wp","href":"https:\/\/api.w.org\/{rel}","templated":true}]}}