{"id":40190,"date":"2021-12-01T17:03:52","date_gmt":"2021-12-01T16:03:52","guid":{"rendered":"https:\/\/www.kibotek.com\/?post_type=product&#038;p=40190"},"modified":"2026-04-18T23:47:17","modified_gmt":"2026-04-18T21:47:17","slug":"cable-de-charge-rapide-type-c-3a-hoco-x14","status":"publish","type":"product","link":"https:\/\/www.kibotek.com\/fr\/kibostore\/cable-de-carga-rapida-tipo-c-3a-hoco-x14\/","title":{"rendered":"C\u00e2ble de charge rapide TYPE C 3A hoco. X14"},"content":{"rendered":"<p>Acheter c\u00e2ble de charge rapide TYPE C 3A hoco. X14 avec exp\u00e9dition depuis l&#039;Espagne vers toute l&#039;Europe et une garantie de 2 ans.<\/p>\n<ul>\n<li>Mod\u00e8le Hoco. X14<\/li>\n<li>Connexion USB de type C<\/li>\n<li>Mat\u00e9riau Aluminium, Nylon<\/li>\n<li>Dimensions 100 x 1,5 x 0,8 cm<\/li>\n<li>Longueur de c\u00e2ble 100 cm<\/li>\n<li>Tension 5V \/ 2.1A<\/li>\n<li>poids de 32 grammes<\/li>\n<li>Couleur en rouge<\/li>\n<\/ul>\n<p>C\u00e2ble <strong>charge rapide et donn\u00e9es<\/strong> Type-C d&#039;origine de hoco. haute qualit\u00e9<\/p>\n<p>Avec le c\u00e2ble de charge hoco. vous pouvez charger votre smartphone rapidement.<\/p>\n<p>Vous n&#039;avez pas \u00e0 vous soucier de la compatibilit\u00e9.<\/p>\n<p>Le chargeur hoco. transmet toutes vos donn\u00e9es importantes de mani\u00e8re rapide et fiable<\/p>\n<p>1m de longueur<\/p>\n<p>Acheter c\u00e2ble de charge rapide TYPE C 3A hoco. X14l avec exp\u00e9dition depuis l&#039;Espagne vers toute l&#039;Europe en 24 heures et une garantie de 2 ans.<\/p>","protected":false},"excerpt":{"rendered":"<div class=\"woocommerce-product-details__short-description\">\n<p><strong><em>ACHETEZ MAINTENANT ET RECEVEZ EN 24H EN ESPAGNE\ud83d\ude80<\/em><\/strong><\/p>\n<p><strong><em>ACHETEZ MAINTENANT ET RECEVEZ EN 72H EN EUROPE \ud83d\ude80<\/em><\/strong><\/p>\n<\/div>","protected":false},"featured_media":40192,"comment_status":"open","ping_status":"closed","template":"","meta":{"iawp_total_views":36},"product_brand":[8150],"product_cat":[80,5524],"product_tag":[7698],"class_list":{"0":"post-40190","1":"product","2":"type-product","3":"status-publish","4":"has-post-thumbnail","6":"product_brand-comprar-accesorios-de-hoco","7":"product_cat-comprar-los-mejores-accesorios-para-moviles","8":"product_cat-comprar-accesorios-cargador-inalambrico-tipoc-xiaomi-realme","9":"product_tag-all","11":"first","12":"instock","13":"sale","14":"taxable","15":"shipping-taxable","16":"purchasable","17":"product-type-simple"},"supplier_id":null,"supplier_sku":"","barcode":null,"atum_controlled":true,"out_stock_date":null,"out_stock_threshold":null,"inheritable":false,"inbound_stock":0,"stock_on_hold":0,"sold_today":0,"sales_last_days":0,"reserved_stock":0,"customer_returns":0,"warehouse_damage":0,"lost_in_post":0,"other_logs":0,"out_stock_days":0,"lost_sales":0,"has_location":true,"update_date":"2026-04-18T21:47:19","atum_locations":[{"id":41,"name":"Bilbao","slug":"bilbao"}],"atum_stock_status":"instock","restock_status":false,"low_stock_amount":"","sales_update_date":"2026-04-17T05:02:00","calc_backorders":null,"_links":{"self":[{"href":"https:\/\/www.kibotek.com\/fr\/wp-json\/wp\/v2\/product\/40190","targetHints":{"allow":["GET"]}}],"collection":[{"href":"https:\/\/www.kibotek.com\/fr\/wp-json\/wp\/v2\/product"}],"about":[{"href":"https:\/\/www.kibotek.com\/fr\/wp-json\/wp\/v2\/types\/product"}],"replies":[{"embeddable":true,"href":"https:\/\/www.kibotek.com\/fr\/wp-json\/wp\/v2\/comments?post=40190"}],"version-history":[{"count":0,"href":"https:\/\/www.kibotek.com\/fr\/wp-json\/wp\/v2\/product\/40190\/revisions"}],"wp:featuredmedia":[{"embeddable":true,"href":"https:\/\/www.kibotek.com\/fr\/wp-json\/wp\/v2\/media\/40192"}],"wp:attachment":[{"href":"https:\/\/www.kibotek.com\/fr\/wp-json\/wp\/v2\/media?parent=40190"}],"wp:term":[{"taxonomy":"product_brand","embeddable":true,"href":"https:\/\/www.kibotek.com\/fr\/wp-json\/wp\/v2\/product_brand?post=40190"},{"taxonomy":"product_cat","embeddable":true,"href":"https:\/\/www.kibotek.com\/fr\/wp-json\/wp\/v2\/product_cat?post=40190"},{"taxonomy":"product_tag","embeddable":true,"href":"https:\/\/www.kibotek.com\/fr\/wp-json\/wp\/v2\/product_tag?post=40190"}],"curies":[{"name":"wp","href":"https:\/\/api.w.org\/{rel}","templated":true}]}}