{"id":38565,"date":"2021-07-13T11:08:43","date_gmt":"2021-07-13T09:08:43","guid":{"rendered":"https:\/\/www.kibotek.com\/?post_type=product&#038;p=38565"},"modified":"2026-04-19T23:32:58","modified_gmt":"2026-04-19T21:32:58","slug":"xiaomi-frite-air-sans-huile-mi-smart-air-fryer-3-5l","status":"publish","type":"product","link":"https:\/\/www.kibotek.com\/fr\/kibostore\/xiaomi-freidora-de-aire-sin-aceite-mi-smart-air-fryer-3-5l\/","title":{"rendered":"Friteuse \u00e0 air sans huile Xiaomi - Friteuse Mi Smart Air 3.5L"},"content":{"rendered":"<p>Achetez la friteuse Xiaomi Air Fryer sans huile - Mi Smart Air Fryer 3.5L avec exp\u00e9dition depuis l&#039;Espagne vers toute l&#039;Europe en 24 \/ 72h et deux ans de garantie.<\/p>\n<ul>\n<li>Friteuse sans huile<\/li>\n<li>Commande tactile OLED<\/li>\n<li>Liaison avec APP Mi Home<\/li>\n<li>Capacit\u00e9 3,5L<\/li>\n<li>Chauffage \u00e0 circulation d&#039;air chaud \u00e0 360\u00b0<\/li>\n<li>Plateau amovible<\/li>\n<li>Temp\u00e9rature r\u00e9glable<\/li>\n<li>Connectivit\u00e9 Wi-Fi<\/li>\n<li>3,9 kg de poids<\/li>\n<li><span class=\"xm-text f18 f-medium c323232\" data-key=\"spec_12\" data-type=\"text\" data-id=\"co9idhvrc9\">Puissance nominale de <\/span><span class=\"xm-text f18 f-light c646464\" data-key=\"spec_13\" data-type=\"text\" data-id=\"qp76omrye3\">1500W<\/span><\/li>\n<li>Tension nominale <span class=\"xm-text f18 f-light c646464\" data-key=\"spec_5\" data-type=\"text\" data-id=\"ihhdbkr98k\">220-240 V<\/span><\/li>\n<li>Fr\u00e9quence nominale <span class=\"xm-text f18 f-light c646464\" data-key=\"spec_7\" data-type=\"text\" data-id=\"un5dpk2w24\">50-60 Hz<\/span><\/li>\n<li>Dimensions 13&#039;&#039; x 10&#039;&#039; x 12&#039;&#039;<\/li>\n<li>40-200 temp\u00e9rature<\/li>\n<li>Chauffage \u00e0 circulation d&#039;air chaud \u00e0 360\u00b0<\/li>\n<li>Temp\u00e9rature 40-200 \u00baC<\/li>\n<\/ul>\n<p><strong>Contenu du coffret<\/strong><\/p>\n<ul>\n<li>1x friteuse Mi Smart Air<\/li>\n<li>1x plaque<\/li>\n<li>1x gril<\/li>\n<li>1x Instructions<\/li>\n<\/ul>\n<h3>Cuisinez sainement<\/h3>\n<p>Cuisiner plus sainement avec tr\u00e8s peu d&#039;huile et peu de graisse sera possible gr\u00e2ce \u00e0 ce nouvel appareil que Xiaomi introduit \u00e0 nos fronti\u00e8res. Parmi les caract\u00e9ristiques que l&#039;on retrouve dans cette friteuse spectaculaire, nous pouvons souligner qu&#039;en plus de <strong>frire \u00e0 l&#039;air chaud, vous pouvez \u00e9galement cuire au four, faire du yaourt, des fruits secs, d\u00e9congeler<\/strong>\u2026 Et le tout sans avoir une seule goutte de fum\u00e9e.<\/p>\n<p>Vous obtiendrez un <strong>restauration saine et rapide<\/strong> gr\u00e2ce \u00e0 la circulation de <strong>air chaud \u00e0 360\u00b0<\/strong> avec lequel vous pouvez cuisiner rapidement. Il a une cuisson continue jusqu&#039;\u00e0 24 heures, car vous pouvez r\u00e9gler sa temp\u00e9rature de 40 degr\u00e9s \u00e0 200 degr\u00e9s et vous pouvez pr\u00e9parer vos aliments lorsque vous rentrez chez vous ou lorsque vous vous r\u00e9veillez. Vous pouvez \u00e9galement le programmer jusqu&#039;\u00e0 24 heures \u00e0 l&#039;avance pour que des plats chauds vous attendent \u00e0 votre retour \u00e0 la maison. Et vous contr\u00f4lez tout gr\u00e2ce \u00e0 son <strong>\u00c9cran tactile OLED.<\/strong><\/p>\n<h3>10 design comme Xiaomi nous a habitu\u00e9<\/h3>\n<p>Un design en ligne avec le reste des composants du Xiaomi Smarthome World. Comme d&#039;habitude chez le fabricant chinois, cette friteuse a un design blanc sans aucune stridence, ce qui la rendra spectaculaire partout o\u00f9 vous la placerez. Un design simple et en ligne avec ce \u00e0 quoi Xiaomi nous a habitu\u00e9s.<\/p>\n<h3>Op\u00e9ration simple<\/h3>\n<p>Concernant le fonctionnement, on peut dire qu&#039;avec cette friteuse spectaculaire nous utiliserons moins d&#039;huile et nous ne g\u00e9n\u00e9rerons pas de fum\u00e9e. L&#039;huile \u00e0 l&#039;int\u00e9rieur est soigneusement frite gr\u00e2ce \u00e0 une circulation d&#039;air chaud \u00e0 360 \u00b0, offrant un d\u00e9licieux repas moins gras et plus sain. Les aliments <strong>chauffer uniform\u00e9ment en cr\u00e9ant une couche ext\u00e9rieure croustillante<\/strong> et garder l&#039;int\u00e9rieur doux.<\/p>\n<p>La temp\u00e9rature peut \u00eatre r\u00e9gl\u00e9e de <strong>40 degr\u00e9s centigrades jusqu&#039;\u00e0 200 degr\u00e9s<\/strong> centigrade. La plage de temp\u00e9ratures basses irait de 40 degr\u00e9s \u00e0 80 degr\u00e9s et cela vaudrait la peine de pouvoir faire du yaourt, des fruits secs et des viandes ou d\u00e9congeler. La plage de 80 \u00e0 200 degr\u00e9s est automatiquement coupl\u00e9e \u00e0 une vitesse de rotation \u00e9lev\u00e9e pour une mont\u00e9e en temp\u00e9rature rapide et serait utile par exemple, pour faire des l\u00e9gumes m\u00e9lang\u00e9s, des frites, des ailes de poulet ou faire du pain.<\/p>\n<p>En plus de toutes ces choses, vous pouvez \u00e9galement sortir le panier pour v\u00e9rifier l&#039;\u00e9tat de cuisson de vos aliments et la cuisson se mettra automatiquement en pause.<\/p>\n<h3>Contr\u00f4le de l&#039;\u00e9cran tactile<\/h3>\n<p>Avec son \u00e9cran tactile OLED simple et visuel, non seulement vous pourrez r\u00e9gler la temp\u00e9rature et le temps de cuisson mais il vous rappellera \u00e9galement quand il est temps de retourner les aliments ou de les secouer.<\/p>\n<p>Tous les composants sont une friteuse <strong>vont au lave-vaisselle<\/strong> Et le panier \u00e0 friture est compos\u00e9 de 7 couches avec un rev\u00eatement antiadh\u00e9sif PTFE double couche qui le rend r\u00e9sistant \u00e0 l&#039;usure et facile \u00e0 nettoyer.<\/p>\n<p>Chez kiboTEK, vous pouvez acheter la friteuse \u00e0 air sans huile Xiaomi - Mi Smart Air Fryer 3.5L <strong>avec la garantie et la s\u00e9curit\u00e9 de la meilleure boutique en ligne Xiaomi en Espagne Europe.<\/strong><\/p>\n<p>Chez kiboTEK, nous exp\u00e9dions la friteuse \u00e0 air sans huile Xiaomi - Mi Smart Air Fryer 3.5L dans plus de 30 pays diff\u00e9rents d&#039;Europe en <strong>24 \/ 72h avec deux ans de garantie<\/strong>. V\u00e9rifiez et calculez les frais de port dans le panier en ins\u00e9rant votre adresse.<\/p>","protected":false},"excerpt":{"rendered":"<p><strong><em>ACHETEZ MAINTENANT ET RECEVEZ EN 24H DANS LA P\u00c9NINSULE \ud83d\ude80<\/em><\/strong><\/p>\n<p><strong><em>ACHETEZ MAINTENANT ET RECEVEZ EN 72H EN EUROPE \ud83d\ude80<\/em><\/strong><\/p>\n<p><strong><em>GARANTIE OFFICIELLE DE 3 ANS \u2699\ufe0f<\/em><\/strong><\/p>","protected":false},"featured_media":38567,"comment_status":"open","ping_status":"closed","template":"","meta":{"iawp_total_views":251},"product_brand":[8155],"product_cat":[5521,5515,332],"product_tag":[1798,7698,6771],"class_list":{"0":"post-38565","1":"product","2":"type-product","3":"status-publish","4":"has-post-thumbnail","6":"product_brand-comprar-lo-mejor-de-xiaomi","7":"product_cat-comprar-smarthome-scooters-camaras","8":"product_cat-smartwatch-pulseras-tv-auriculares-smarthome-salud-relojes-para-ninos","9":"product_cat-comprar-los-mejores-moviles-mas-famosos","10":"product_tag-acc_top","11":"product_tag-all","12":"product_tag-ofertas","14":"first","15":"instock","16":"sale","17":"taxable","18":"shipping-taxable","19":"purchasable","20":"product-type-simple"},"supplier_id":null,"supplier_sku":"","barcode":null,"atum_controlled":true,"out_stock_date":null,"out_stock_threshold":null,"inheritable":false,"inbound_stock":0,"stock_on_hold":0,"sold_today":0,"sales_last_days":0,"reserved_stock":0,"customer_returns":0,"warehouse_damage":0,"lost_in_post":0,"other_logs":0,"out_stock_days":0,"lost_sales":0,"has_location":true,"update_date":"2026-04-19T21:32:59","atum_locations":[{"id":41,"name":"Bilbao","slug":"bilbao"}],"atum_stock_status":"instock","restock_status":false,"low_stock_amount":0,"sales_update_date":"2026-04-17T05:02:00","calc_backorders":null,"_links":{"self":[{"href":"https:\/\/www.kibotek.com\/fr\/wp-json\/wp\/v2\/product\/38565","targetHints":{"allow":["GET"]}}],"collection":[{"href":"https:\/\/www.kibotek.com\/fr\/wp-json\/wp\/v2\/product"}],"about":[{"href":"https:\/\/www.kibotek.com\/fr\/wp-json\/wp\/v2\/types\/product"}],"replies":[{"embeddable":true,"href":"https:\/\/www.kibotek.com\/fr\/wp-json\/wp\/v2\/comments?post=38565"}],"version-history":[{"count":0,"href":"https:\/\/www.kibotek.com\/fr\/wp-json\/wp\/v2\/product\/38565\/revisions"}],"wp:featuredmedia":[{"embeddable":true,"href":"https:\/\/www.kibotek.com\/fr\/wp-json\/wp\/v2\/media\/38567"}],"wp:attachment":[{"href":"https:\/\/www.kibotek.com\/fr\/wp-json\/wp\/v2\/media?parent=38565"}],"wp:term":[{"taxonomy":"product_brand","embeddable":true,"href":"https:\/\/www.kibotek.com\/fr\/wp-json\/wp\/v2\/product_brand?post=38565"},{"taxonomy":"product_cat","embeddable":true,"href":"https:\/\/www.kibotek.com\/fr\/wp-json\/wp\/v2\/product_cat?post=38565"},{"taxonomy":"product_tag","embeddable":true,"href":"https:\/\/www.kibotek.com\/fr\/wp-json\/wp\/v2\/product_tag?post=38565"}],"curies":[{"name":"wp","href":"https:\/\/api.w.org\/{rel}","templated":true}]}}