{"id":34910,"date":"2021-01-31T14:07:06","date_gmt":"2021-01-31T13:07:06","guid":{"rendered":"https:\/\/www.kibotek.com\/?post_type=product&#038;p=34910"},"modified":"2026-05-14T23:09:16","modified_gmt":"2026-05-14T21:09:16","slug":"manettes-sans-fil-joystick-type-ps1","status":"publish","type":"product","link":"https:\/\/www.kibotek.com\/fr\/kibostore\/mandos-inalambricos-joystick-tipo-ps1\/","title":{"rendered":"Manettes de commande sans fil type PS1"},"content":{"rendered":"<p>Achetez des manettes de commande sans fil PS1 avec livraison de l&#039;Espagne vers toute l&#039;Europe en 24 \/ 72h et garantie de 2 ans.<\/p>\n<ul>\n<li>2 manettes sans fil de style PlayStation<\/li>\n<li>Connexion sans fil 2,4 GHz<\/li>\n<li>Joystick double sans vibration<\/li>\n<li>T\u00e9l\u00e9commande de 10 m\u00e8tres sans d\u00e9lai<\/li>\n<li>Design ergonomique<\/li>\n<li>Connexion automatique<\/li>\n<li>Mat\u00e9riau de type ABS<\/li>\n<li>Taille environ 15x10x5 \/ 5,91 \u00d7 3,94 \u00d7 1,97 pouces<\/li>\n<li><span data-spm-anchor-id=\"a2g0o.detail.1000023.i3.7f1671fbQIv9sV\">2 piles AA (non incluses)<\/span><\/li>\n<li>La couleur noire<\/li>\n<\/ul>\n<p>Profitez des meilleurs jeux avec ces deux manettes sans fil de type PlayStation. Vous pouvez les connecter tr\u00e8s facilement \u00e0 la console Pandora box 3D SAGA ou \u00e0 n&#039;importe quel PC, TV Box ou diff\u00e9rents types de consoles. La connexion est automatique et en l&#039;activant, vous pouvez jouer \u00e0 vos jeux pr\u00e9f\u00e9r\u00e9s.<\/p>\n<p>Dans kiboTEK, vous pouvez acheter les manettes sans fil de type PS1 avec la garantie et la s\u00e9curit\u00e9 de la meilleure boutique en ligne en Espagne en Europe.<\/p>\n<p>Chez kiboTEK, nous exp\u00e9dions les manettes de commande sans fil PS1 dans plus de 29 pays autres que l&#039;Europe en 24 \/ 72h avec une garantie de deux ans. V\u00e9rifiez et calculez les frais de port dans le panier en ins\u00e9rant votre adresse.<\/p>","protected":false},"excerpt":{"rendered":"<p><strong><em>ACHETEZ MAINTENANT ET RECEVEZ EN 24H EN ESPAGNE\ud83d\ude80<\/em><\/strong><\/p>\n<p><strong><em>ACHETEZ MAINTENANT ET RECEVEZ EN 72H EN EUROPE \ud83d\ude80<\/em><\/strong><\/p>","protected":false},"featured_media":34897,"comment_status":"open","ping_status":"closed","template":"","meta":{"iawp_total_views":296},"product_brand":[8166],"product_cat":[2611,80,7078,5514],"product_tag":[6771,1794],"class_list":{"0":"post-34910","1":"product","2":"type-product","3":"status-publish","4":"has-post-thumbnail","6":"product_brand-pandorabox3d","7":"product_cat-multimedia-xiaomi","8":"product_cat-comprar-los-mejores-accesorios-para-moviles","9":"product_cat-accesorios-pc","10":"product_cat-consolas-retro-gaming-arcade-bartop-pandora-box-anbernic-powkiddy","11":"product_tag-ofertas","12":"product_tag-top10","14":"first","15":"instock","16":"sale","17":"taxable","18":"shipping-taxable","19":"purchasable","20":"product-type-simple"},"supplier_id":null,"supplier_sku":"","barcode":null,"atum_controlled":true,"out_stock_date":null,"out_stock_threshold":null,"inheritable":false,"inbound_stock":0,"stock_on_hold":0,"sold_today":0,"sales_last_days":0,"reserved_stock":0,"customer_returns":0,"warehouse_damage":0,"lost_in_post":0,"other_logs":0,"out_stock_days":0,"lost_sales":0,"has_location":true,"update_date":"2026-05-14T21:09:17","atum_locations":[{"id":41,"name":"Bilbao","slug":"bilbao"}],"atum_stock_status":"instock","restock_status":false,"low_stock_amount":0,"sales_update_date":"2026-04-29T00:00:31","calc_backorders":null,"_links":{"self":[{"href":"https:\/\/www.kibotek.com\/fr\/wp-json\/wp\/v2\/product\/34910","targetHints":{"allow":["GET"]}}],"collection":[{"href":"https:\/\/www.kibotek.com\/fr\/wp-json\/wp\/v2\/product"}],"about":[{"href":"https:\/\/www.kibotek.com\/fr\/wp-json\/wp\/v2\/types\/product"}],"replies":[{"embeddable":true,"href":"https:\/\/www.kibotek.com\/fr\/wp-json\/wp\/v2\/comments?post=34910"}],"version-history":[{"count":0,"href":"https:\/\/www.kibotek.com\/fr\/wp-json\/wp\/v2\/product\/34910\/revisions"}],"wp:featuredmedia":[{"embeddable":true,"href":"https:\/\/www.kibotek.com\/fr\/wp-json\/wp\/v2\/media\/34897"}],"wp:attachment":[{"href":"https:\/\/www.kibotek.com\/fr\/wp-json\/wp\/v2\/media?parent=34910"}],"wp:term":[{"taxonomy":"product_brand","embeddable":true,"href":"https:\/\/www.kibotek.com\/fr\/wp-json\/wp\/v2\/product_brand?post=34910"},{"taxonomy":"product_cat","embeddable":true,"href":"https:\/\/www.kibotek.com\/fr\/wp-json\/wp\/v2\/product_cat?post=34910"},{"taxonomy":"product_tag","embeddable":true,"href":"https:\/\/www.kibotek.com\/fr\/wp-json\/wp\/v2\/product_tag?post=34910"}],"curies":[{"name":"wp","href":"https:\/\/api.w.org\/{rel}","templated":true}]}}