{"id":9228,"date":"2019-07-01T16:42:41","date_gmt":"2019-07-01T14:42:41","guid":{"rendered":"https:\/\/www.kibotek.com\/?page_id=9228"},"modified":"2020-10-27T09:57:51","modified_gmt":"2020-10-27T08:57:51","slug":"paiement-fractionne-xiaomi-sequra","status":"publish","type":"page","link":"https:\/\/www.kibotek.com\/fr\/pago-fraccionado-xiaomi-sequra\/","title":{"rendered":"Paiement fractionn\u00e9 via Sequra"},"content":{"rendered":"<div id=\"thawteseal\" style=\"text-align: center;\" title=\"Click to Verify - This site chose Thawte SSL for secure e-commerce and confidential communications.\">\n<div style=\"text-align: left;\">\n<h2>Divide en 3 <a href=\"https:\/\/www.sequra.es\/soluciones\" rel=\"nofollow noopener\" target=\"_blank\"><img loading=\"lazy\" decoding=\"async\" class=\"size-full wp-image-9233\" src=\"https:\/\/www.kibotek.com\/wp-content\/uploads\/2019\/07\/sequra_payment.png\" alt=\"Pago Fraccionado Xiaomi Sequra kiboTEK\" width=\"73\" height=\"52\" title=\"\"><\/a><\/h2>\n<p>Divide el pago de tu pedido en 3 pagos iguales, sin intereses, solo con un coste de estudio del 2,95% del pedido que pagas en el momento de la compra. El resto de pagos no tiene ning\u00fan coste asociado. Un pago al mes. Sin m\u00e1s. Al instante y sin papeleo.<\/p>\n<p><img loading=\"lazy\" decoding=\"async\" class=\"alignnone size-full wp-image-29918\" style=\"display: none !important;\" hidden=\"\" src=\"https:\/\/www.kibotek.com\/wp-content\/uploads\/2020\/10\/banner-SQ-div3-295-verde_neg_728x90.png\" alt=\"\" width=\"728\" height=\"90\" title=\"\"><\/p>\n<p>Por ejemplo, si eliges pagar un pedido de 100\u20ac en 3 meses, pagar\u00edas 33,33\u20ac en el momento de la compra (+coste de apertura 2,95\u20ac) y otros 33,33\u20ac los dos meses siguientes. El cobro mensual es autom\u00e1tico en tu tarjeta. Siempre el mismo d\u00eda del mes que hiciste la compra. Si ese d\u00eda no es el mejor para ti, podr\u00e1s cambiarlo sin coste extra alguno.<\/p>\n<p>As\u00ed de f\u00e1cil y r\u00e1pido es dividir en 3 tu pago con SeQura:<\/p>\n<p>1. Selecciona Divide en 3 de SeQura como forma de pago al finalizar tu compra.<br \/>\n2. Introduce tus datos (DNI y m\u00f3vil) y abona el primer pago (1\/3 del pedido + coste de apertura).<br \/>\n3. \u00a1A disfrutar de tu compra! El resto de pagos se har\u00e1n autom\u00e1ticamente cada mes.<\/p>\n<p>Si tienes dudas, resu\u00e9lvelas <a href=\"https:\/\/www.sequra.es\/preguntas-frecuentes\/?utm_source=merchant&amp;utm_medium=paginainfo&amp;utm_term=faqs&amp;utm_content=descripci\u00f3n_SP1coste_SQ&amp;utm_campaign=paginainfometodosdepago\" target=\"_blank\" rel=\"noopener noreferrer nofollow\">aqu\u00ed<\/a>.<\/p>\n<\/div>\n<\/div>\n<h2>Pago Fraccionado <a href=\"https:\/\/www.sequra.es\/soluciones\" rel=\"nofollow noopener\" target=\"_blank\"><img loading=\"lazy\" decoding=\"async\" class=\"size-full wp-image-9233\" src=\"https:\/\/www.kibotek.com\/wp-content\/uploads\/2019\/07\/sequra_payment.png\" alt=\"Pago Fraccionado Xiaomi Sequra kiboTEK\" width=\"73\" height=\"52\" title=\"\"><\/a><\/h2>\n<p>Elige dividir el importe de tu pedido 4, 6, 12 \u00f3 18 mensualidades, en el momento de la compra.<\/p>\n<ul>\n<li>Solo un peque\u00f1o <strong>coste fijo por mensualidad<\/strong> (var\u00eda en funci\u00f3n del importe del pedido). <strong>Sin intereses, TIN 0%. Sin costes ocultos<\/strong>.<\/li>\n<li>Al instante y sin papeleos. Solo con tu DNI o NIE, tu m\u00f3vil y tu tarjeta.<\/li>\n<li>En el momento de la compra se hace el primer pago con tarjeta, y el resto se automatiza en funci\u00f3n de las mensualidades que hayas elegido.<\/li>\n<li>Puedes modificar el plan de pago o pagar la totalidad en cualquier momento sin costes adicionales. Y tambi\u00e9n puedes elegir o modificar el d\u00eda del mes que quieres pagar.<\/li>\n<li>SeQura te informar\u00e1 en todo momento a trav\u00e9s de tu correo electr\u00f3nico y SMS.<\/li>\n<li>Es un servicio de <a href=\"https:\/\/www.sequra.es\/preguntas-frecuentes.html\" target=\"_blank\" rel=\"noopener noreferrer nofollow\"><span style=\"color: #ff7d06;\">SeQura<\/span><\/a>, que te da la opci\u00f3n de guardar los datos de tu tarjeta para no tener que volver a introducir tus datos de pago en tus compras.<\/li>\n<\/ul>\n<p>Por ejemplo, si eliges pagar un pedido de 180\u20ac en 4 meses, pagar\u00edas 48\u20ac al mes (s\u00f3lo 3\u20ac al mes por cuota).<\/p>\n<p>[sequra_banner product=&#8217;pp3&#8242; color=&#8217;#ff7d06&#8242;]<\/p>\n<p>Si tienes dudas, resu\u00e9lvelas <a href=\"https:\/\/www.sequra.es\/preguntas-frecuentes?utm_source=merchant&amp;utm_medium=web_link&amp;utm_campaign=paginfo_faq#paga-fraccionado-4-6-12-18\" target=\"_blank\" rel=\"noopener noreferrer nofollow\">aqu\u00ed<\/a>.<\/p>\n<p>En kiboTEK podr\u00e1s beneficiarte del Pago Fraccionado y Divide en 3 mediante Sequra, con solo un peque\u00f1o coste fijo.<\/p>\n","protected":false},"excerpt":{"rendered":"<p>R\u00e9partissez le paiement de votre commande en 3 versements \u00e9gaux, sans int\u00e9r\u00eats, avec des frais de<\/p>","protected":false},"author":12,"featured_media":0,"parent":0,"menu_order":0,"comment_status":"closed","ping_status":"closed","template":"","meta":{"iawp_total_views":1591,"footnotes":""},"class_list":["post-9228","page","type-page","status-publish","hentry"],"rttpg_featured_image_url":null,"rttpg_author":{"display_name":"kiboadm","author_link":"https:\/\/www.kibotek.com\/fr\/kibonews\/author\/kiboadm-2-2-2-2-2-2-2-2-2-2-2-2-2\/"},"rttpg_comment":0,"rttpg_category":null,"rttpg_excerpt":"Divide en 3 Divide el pago de tu pedido en 3 pagos iguales, sin intereses, solo con un coste de","_links":{"self":[{"href":"https:\/\/www.kibotek.com\/fr\/wp-json\/wp\/v2\/pages\/9228","targetHints":{"allow":["GET"]}}],"collection":[{"href":"https:\/\/www.kibotek.com\/fr\/wp-json\/wp\/v2\/pages"}],"about":[{"href":"https:\/\/www.kibotek.com\/fr\/wp-json\/wp\/v2\/types\/page"}],"author":[{"embeddable":true,"href":"https:\/\/www.kibotek.com\/fr\/wp-json\/wp\/v2\/users\/12"}],"replies":[{"embeddable":true,"href":"https:\/\/www.kibotek.com\/fr\/wp-json\/wp\/v2\/comments?post=9228"}],"version-history":[{"count":0,"href":"https:\/\/www.kibotek.com\/fr\/wp-json\/wp\/v2\/pages\/9228\/revisions"}],"wp:attachment":[{"href":"https:\/\/www.kibotek.com\/fr\/wp-json\/wp\/v2\/media?parent=9228"}],"curies":[{"name":"wp","href":"https:\/\/api.w.org\/{rel}","templated":true}]}}