{"id":6926,"date":"2019-02-25T20:23:53","date_gmt":"2019-02-25T18:23:53","guid":{"rendered":"https:\/\/www.kibotek.com\/?page_id=6926"},"modified":"2025-08-30T16:28:12","modified_gmt":"2025-08-30T14:28:12","slug":"acheter-xiaomi-espagne","status":"publish","type":"page","link":"https:\/\/www.kibotek.com\/fr\/comprar-xiaomi-espana\/","title":{"rendered":"Acheter Xiaomi Espagne"},"content":{"rendered":"<h3>Achetez Xiaomi en Espagne<\/h3>\n<p>Si vous \u00eates int\u00e9ress\u00e9 par l&#039;achat de Xiaomi en Espagne avec toutes les garanties <strong><span style=\"color: #ff7d06;\"><a style=\"color: #ff7d06;\" href=\"https:\/\/www.kibotek.com\/fr\/\">kiboTEK<\/a><\/span><\/strong> est votre boutique en ligne. Nous sommes des experts des mobiles Xiaomi puisque nos clients peuvent acheter chez kiboTEK depuis 2014 avec une garantie espagnole de 2 ans. Aujourd&#039;hui, l&#039;achat d&#039;un smartphone Xiaomi vous garantit un excellent rapport qualit\u00e9 \/ prix.<\/p>\n<h3>Achetez Xiaomi en Espagne avec 3 ans de garantie officielle<\/h3>\n<p>Profitez d&#039;un achat en toute s\u00e9curit\u00e9 avec des ann\u00e9es de garantie officielle espagnole.<\/p>\n<h3>Achetez Xiaomi avec exp\u00e9dition depuis l&#039;Espagne en 24 heures<\/h3>\n<p>Dans <strong><span style=\"color: #ff7d06;\"><a style=\"color: #ff7d06;\" href=\"https:\/\/www.kibotek.com\/fr\/\">kiboTEK<\/a><\/span><\/strong> Vous pouvez acheter un smartphone Xiaomi et le recevoir en 24 heures chez vous. De plus, la livraison est gratuite pour les commandes sup\u00e9rieures \u00e0 100 \u20ac.<\/p>\n<h3>Xiaomi Espagne<\/h3>\n<p><a href=\"https:\/\/es.wikipedia.org\/wiki\/Xiaomi\" rel=\"nofollow noopener\" target=\"_blank\">Xiaomi<\/a> en Espagne, elle s&#039;est d\u00e9velopp\u00e9e ces derni\u00e8res ann\u00e9es pour devenir l&#039;une des marques pr\u00e9f\u00e9r\u00e9es des utilisateurs. Son succ\u00e8s est d\u00fb au rapport qualit\u00e9-prix de ses mobiles. Depuis la cr\u00e9ation de Xiaomi en 2010, la marque chinoise a r\u00e9ussi \u00e0 rassembler une l\u00e9gion de fid\u00e8les MiFans \u00e0 travers le monde.<\/p>\n<h4>Smartphones Xiaomi<\/h4>\n<p>Xiaomi en Espagne propose une large gamme de produits o\u00f9 vous pouvez trouver des smartphones, des gadgets, des tablettes, des ordinateurs portables ou des accessoires.<\/p>\n<p>L&#039;\u00e9cosyst\u00e8me Xiaomi<\/p>\n<p>La marque chinoise nous laisse sans voix avec le grand nombre d&#039;appareils qu&#039;elle a dans son portefeuille.<\/p>\n<p>Tout le <strong><span style=\"color: #ff7d06;\"><a style=\"color: #ff7d06;\" href=\"https:\/\/www.kibotek.com\/fr\/brand\/acheter-le-meilleur-de-xiaomi\/\">Catalogue Xiaomi<\/a><\/span><\/strong> \u00e0 votre disposition dans <a href=\"https:\/\/www.kibotek.com\/fr\/\"><strong><span style=\"color: #ff7d06;\">kiboTEK<\/span><\/strong><\/a>, boutique <span style=\"color: #ff0000;\">dans<\/span> Espagne <span style=\"color: #ff0000;\">pour<\/span> Espagne et <span style=\"color: #ff0000;\">depuis<\/span> Espagne. Depuis 2014, nous offrons la meilleure technologie \u00e0 des prix encore plus honn\u00eates.<\/p>","protected":false},"excerpt":{"rendered":"<p>Comprar Xiaomi en Espa\u00f1a Si estas interesado en comprar Xiaomi en Espa\u00f1a con todas las garant\u00edas kiboTEK es tu tienda<\/p>","protected":false},"author":12,"featured_media":0,"parent":0,"menu_order":0,"comment_status":"closed","ping_status":"closed","template":"","meta":{"iawp_total_views":901,"footnotes":""},"class_list":["post-6926","page","type-page","status-publish","hentry"],"rttpg_featured_image_url":null,"rttpg_author":{"display_name":"kiboadm","author_link":"https:\/\/www.kibotek.com\/fr\/kibonews\/author\/kiboadm-2-2-2-2-2-2-2-2-2-2-2-2-2\/"},"rttpg_comment":0,"rttpg_category":null,"rttpg_excerpt":"Comprar Xiaomi en Espa\u00f1a Si estas interesado en comprar Xiaomi en Espa\u00f1a con todas las garant\u00edas kiboTEK es tu tienda","_links":{"self":[{"href":"https:\/\/www.kibotek.com\/fr\/wp-json\/wp\/v2\/pages\/6926","targetHints":{"allow":["GET"]}}],"collection":[{"href":"https:\/\/www.kibotek.com\/fr\/wp-json\/wp\/v2\/pages"}],"about":[{"href":"https:\/\/www.kibotek.com\/fr\/wp-json\/wp\/v2\/types\/page"}],"author":[{"embeddable":true,"href":"https:\/\/www.kibotek.com\/fr\/wp-json\/wp\/v2\/users\/12"}],"replies":[{"embeddable":true,"href":"https:\/\/www.kibotek.com\/fr\/wp-json\/wp\/v2\/comments?post=6926"}],"version-history":[{"count":0,"href":"https:\/\/www.kibotek.com\/fr\/wp-json\/wp\/v2\/pages\/6926\/revisions"}],"wp:attachment":[{"href":"https:\/\/www.kibotek.com\/fr\/wp-json\/wp\/v2\/media?parent=6926"}],"curies":[{"name":"wp","href":"https:\/\/api.w.org\/{rel}","templated":true}]}}