{"id":3,"date":"2018-10-09T18:11:10","date_gmt":"2018-10-09T18:11:10","guid":{"rendered":"https:\/\/www.kibotek.com\/?page_id=3"},"modified":"2020-11-17T22:20:27","modified_gmt":"2020-11-17T21:20:27","slug":"politique-de-confidentialite","status":"publish","type":"page","link":"https:\/\/www.kibotek.com\/fr\/politica-privacidad\/","title":{"rendered":"Politique de confidentialit\u00e9"},"content":{"rendered":"<h2>Qui sommes nous<\/h2>\n<p>L&#039;adresse de notre site Web est: https:\/\/www.kibotek.com.<\/p>\n<p>Le propri\u00e9taire de ce site Web est Sainz Caballero Comunicaciones, SL (ci-apr\u00e8s SCCOM), une soci\u00e9t\u00e9 espagnole avec CIF B-95782819, enregistr\u00e9e le 6 novembre 2014 au registre du commerce de Bilbao, volume 5495, folio 32, 1\u00e8re entr\u00e9e avec la feuille BI-65157 et avec si\u00e8ge social \u00e0 Karmelo Torre 14, Basauri \u00e0 Vizcaya.<\/p>\n<h2>Quelles donn\u00e9es personnelles nous collectons et pourquoi nous les collectons<\/h2>\n<p>Pendant que vous visitez notre site, nous garderons une trace de:<\/p>\n<p>- Les produits que vous avez consult\u00e9s: nous les utiliserons, par exemple, pour vous montrer les produits que vous avez r\u00e9cemment consult\u00e9s.<br \/>\n- Emplacement, adresse IP et type de navigateur: nous les utiliserons \u00e0 des fins telles que l&#039;estimation des taxes et des frais d&#039;exp\u00e9dition.<br \/>\n- Adresse de livraison: nous vous demanderons de la fournir afin que nous puissions, par exemple, estimer les frais d&#039;exp\u00e9dition avant de passer commande, et vous exp\u00e9dier la commande!<\/p>\n<p>Lorsque vous achetez quelque chose chez nous, nous vous demandons de fournir des informations comprenant votre nom, votre adresse de facturation, votre num\u00e9ro d&#039;identification ou de TVA, votre adresse de livraison, votre adresse e-mail, votre num\u00e9ro de t\u00e9l\u00e9phone, les d\u00e9tails de votre carte de cr\u00e9dit \/ paiement et des informations suppl\u00e9mentaires facultatives telles que le nom. nom d&#039;utilisateur et mot de passe. Nous utiliserons ces informations \u00e0 des fins telles que:<\/p>\n<p>- Vous envoyer des informations sur votre compte et votre commande<br \/>\n- R\u00e9pondre \u00e0 vos demandes, y compris les remboursements et les r\u00e9clamations<br \/>\n- Traiter les paiements et \u00e9viter les fraudes<br \/>\n- Cr\u00e9ez votre compte pour notre boutique et g\u00e9rez la garantie de ce que vous avez achet\u00e9<br \/>\n- Se conformer \u00e0 toutes les obligations l\u00e9gales que nous avons, telles que les calculs fiscaux, la facturation et la comptabilit\u00e9<br \/>\n- Am\u00e9liorer les offres de nos magasins<br \/>\n- Vous envoyer des messages promotionnels, si vous choisissez de les recevoir<\/p>\n<p>Si vous cr\u00e9ez un compte, nous enregistrerons votre nom, adresse, e-mail et num\u00e9ro de t\u00e9l\u00e9phone, que nous utiliserons pour le processus de paiement et les commandes futures.<\/p>\n<p>Nous stockons \u00e9galement les commentaires ou les \u00e9valuations, si vous choisissez de les laisser.<\/p>\n<p>Les membres de notre \u00e9quipe ont acc\u00e8s aux informations que vous nous fournissez. Par exemple, les administrateurs et les responsables de magasin peuvent acc\u00e9der:<\/p>\n<ul>\n<li>Informations de commande, telles que ce qui a \u00e9t\u00e9 achet\u00e9, quand il a \u00e9t\u00e9 achet\u00e9 et o\u00f9 il doit \u00eatre exp\u00e9di\u00e9, et<\/li>\n<li>Informations client, telles que votre nom, votre adresse e-mail et vos informations de facturation et d&#039;exp\u00e9dition.<\/li>\n<\/ul>\n<p>Les membres de notre \u00e9quipe ont acc\u00e8s \u00e0 ces informations pour compl\u00e9ter les commandes, traiter les remboursements et vous assister.<\/p>\n<h3>commentaires<\/h3>\n<p>Lorsque les visiteurs laissent des commentaires sur le Web, nous collectons les donn\u00e9es affich\u00e9es dans le formulaire de commentaire, ainsi que l&#039;adresse IP du visiteur et la cha\u00eene de l&#039;agent utilisateur du navigateur pour aider \u00e0 d\u00e9tecter le spam.<\/p>\n<p>Une cha\u00eene anonyme cr\u00e9\u00e9e \u00e0 partir de votre adresse e-mail (\u00e9galement appel\u00e9e hachage) peut \u00eatre fournie au service Gravatar pour voir si vous l&#039;utilisez. La politique de confidentialit\u00e9 du service Gravatar est disponible ici: https:\/\/automattic.com\/privacy\/. Apr\u00e8s approbation de votre commentaire, votre photo de profil est visible par le public dans le contexte de votre commentaire.<\/p>\n<h3>M\u00e9dias<\/h3>\n<p>Si vous t\u00e9l\u00e9chargez des images sur le Web, \u00e9vitez de t\u00e9l\u00e9charger des images avec des donn\u00e9es de localisation (EXIF GPS) incluses. Les visiteurs du site Web peuvent t\u00e9l\u00e9charger et extraire toutes les donn\u00e9es de localisation des images sur le site Web.<\/p>\n<h3>Formulaires de contact<\/h3>\n<p>Dans le formulaire de contact, nous collectons le nom et l&#039;adresse e-mail \u00e0 des fins de service client. Nous n&#039;utilisons pas les informations envoy\u00e9es par leur interm\u00e9diaire \u00e0 des fins de marketing<\/p>\n<h3>biscuits<\/h3>\n<p>Si vous laissez un commentaire sur notre site, vous pouvez choisir d&#039;enregistrer votre nom, votre adresse e-mail et votre site Web dans des cookies. Ceci est pour votre commodit\u00e9 afin que vous n&#039;ayez pas \u00e0 remplir \u00e0 nouveau vos coordonn\u00e9es lorsque vous laissez un autre commentaire. Ces cookies dureront un an.<\/p>\n<p>Si vous avez un compte et que vous vous connectez \u00e0 ce site, nous installerons un cookie temporaire pour d\u00e9terminer si votre navigateur accepte les cookies. Ce cookie ne contient pas de donn\u00e9es personnelles et est supprim\u00e9 lorsque le navigateur est ferm\u00e9.<\/p>\n<p>Lorsque vous vous connectez, nous installerons \u00e9galement divers cookies pour enregistrer vos informations de connexion et vos options d&#039;affichage \u00e0 l&#039;\u00e9cran. Les cookies de connexion durent deux jours et les cookies d&#039;options d&#039;\u00e9cran durent un an. Si vous s\u00e9lectionnez \u00abSe souvenir de moi\u00bb, votre connexion durera deux semaines. Si vous vous d\u00e9connectez de votre compte, les cookies de connexion seront supprim\u00e9s.<\/p>\n<p>Si vous modifiez ou publiez un article, un cookie suppl\u00e9mentaire sera enregistr\u00e9 dans votre navigateur. Ce cookie n&#039;inclut pas de donn\u00e9es personnelles et indique simplement l&#039;ID de l&#039;article que vous venez de modifier. Il expire apr\u00e8s 1 jour.<\/p>\n<p>Nous utilisons \u00e9galement des cookies pour suivre le contenu du panier lorsque vous naviguez sur notre site.<\/p>\n<p>Vous pouvez consulter notre <a href=\"https:\/\/www.kibotek.com\/fr\/politique-de-cookies\/\">Politique de cookies<\/a>.<\/p>\n<h3>Contenu int\u00e9gr\u00e9 d&#039;autres sites Web<\/h3>\n<p>Les articles de ce site peuvent inclure du contenu int\u00e9gr\u00e9 (par exemple, des vid\u00e9os, des images, des articles, etc.). Le contenu int\u00e9gr\u00e9 d&#039;autres sites Web se comporte exactement de la m\u00eame mani\u00e8re que si le visiteur avait visit\u00e9 l&#039;autre site Web.<\/p>\n<p>Ces sites Web peuvent collecter des donn\u00e9es \u00e0 votre sujet, utiliser des cookies, int\u00e9grer un suivi tiers suppl\u00e9mentaire et surveiller votre interaction avec ce contenu int\u00e9gr\u00e9, y compris le suivi de votre interaction avec le contenu int\u00e9gr\u00e9 si vous avez un compte et \u00eates connect\u00e9 \u00e0 ce site Web.<\/p>\n<h3>Analytique<\/h3>\n<p>Nous utilisons Google Analytics pour analyser la mani\u00e8re dont nos utilisateurs utilisent les sites Web du SCCOM. Google Analytics nous fournit des donn\u00e9es agr\u00e9g\u00e9es pour nous aider \u00e0 prendre des d\u00e9cisions commerciales \u00e9clair\u00e9es. En fin de compte, Google, en tant que tiers, contr\u00f4le les informations collect\u00e9es via Google Analytics et vous devez v\u00e9rifier et \u00eatre \u00e0 l&#039;aise avec leurs pratiques de confidentialit\u00e9 avant d&#039;utiliser les sites Web SCCOM. Vous pouvez consulter les informations sur les pratiques de confidentialit\u00e9 de Google en ce qui concerne Google Analytics \u00e0 l&#039;adresse <a href=\"https:\/\/policies.google.com\/privacy\" rel=\"nofollow noopener\" target=\"_blank\">https:\/\/policies.google.com\/privacy<\/a> .<\/p>\n<h2>Avec qui partageons-nous vos donn\u00e9es<\/h2>\n<p>Nous ne partageons les donn\u00e9es personnelles qu&#039;avec le fournisseur de transport et les passerelles de paiement telles que Redsys ou Paypal. Lors du traitement des paiements, certaines de vos donn\u00e9es seront transmises \u00e0 la passerelle de paiement, y compris les informations n\u00e9cessaires pour traiter ou prendre en charge le paiement, telles que l&#039;achat total et les informations de facturation.<\/p>\n<h2>Combien de temps nous conservons vos donn\u00e9es<\/h2>\n<p>Si vous laissez un commentaire, le commentaire et ses m\u00e9tadonn\u00e9es sont conserv\u00e9s ind\u00e9finiment. Ceci afin que nous puissions reconna\u00eetre et approuver automatiquement les commentaires suivants au lieu de les conserver dans une file d&#039;attente de mod\u00e9ration.<\/p>\n<p>Parmi les utilisateurs qui s&#039;inscrivent sur notre site Web (le cas \u00e9ch\u00e9ant), nous stockons \u00e9galement les informations personnelles qu&#039;ils fournissent dans leur profil d&#039;utilisateur. Tous les utilisateurs peuvent voir, modifier ou supprimer leurs informations personnelles \u00e0 tout moment (sauf qu&#039;ils ne peuvent pas changer leur nom d&#039;utilisateur). Les administrateurs du site Web peuvent \u00e9galement afficher et modifier ces informations.<\/p>\n<p>Nous conservons g\u00e9n\u00e9ralement les informations vous concernant aussi longtemps que nous en avons besoin aux fins pour lesquelles nous les collectons et les utilisons, et nous ne sommes pas l\u00e9galement tenus de les conserver. Par exemple, nous conserverons les informations de commande pendant 2 ans \u00e0 des fins de gestion fiscale, comptable et de garantie. Cela comprend votre nom, votre adresse e-mail et vos adresses de facturation et de livraison.<\/p>\n<h2>Quels droits avez-vous sur vos donn\u00e9es?<\/h2>\n<p>Si vous avez un compte ou avez laiss\u00e9 des commentaires sur ce site Web, vous pouvez demander \u00e0 recevoir un fichier d&#039;exportation des donn\u00e9es personnelles que nous d\u00e9tenons \u00e0 votre sujet, y compris les donn\u00e9es que vous nous avez fournies. Vous pouvez \u00e9galement demander que nous supprimions toutes les donn\u00e9es personnelles que nous d\u00e9tenons \u00e0 votre sujet. Cela n&#039;inclut pas les donn\u00e9es que nous sommes tenus de conserver \u00e0 des fins administratives, juridiques ou de s\u00e9curit\u00e9.<\/p>\n<h2>O\u00f9 nous envoyons vos donn\u00e9es<\/h2>\n<p>Nous n&#039;effectuons pas de transfert de donn\u00e9es en dehors de l&#039;Union europ\u00e9enne.<\/p>\n<h2>Information compl\u00e9mentaire<\/h2>\n<h3>Comment nous prot\u00e9geons vos donn\u00e9es<\/h3>\n<p>La s\u00e9curit\u00e9 de vos informations est importante pour nous, y compris, mais sans s&#039;y limiter, les informations personnelles collect\u00e9es via les sites Web et les services de SCCOM. Nous utilisons des mesures de s\u00e9curit\u00e9 raisonnables pour nous prot\u00e9ger contre la perte, l&#039;utilisation abusive et l&#039;alt\u00e9ration des informations personnelles sous notre contr\u00f4le, \u00e0 la fois pendant la transmission et une fois que nous les recevons. Cela inclut, mais sans s&#039;y limiter, l&#039;utilisation de pare-feu et de cryptage. Bien que nous fassions de grands efforts pour maintenir la s\u00e9curit\u00e9 de ces informations personnelles, aucune m\u00e9thode de transmission sur Internet ou de stockage \u00e9lectronique n&#039;est 100% s\u00e9curis\u00e9e et nous ne pouvons garantir qu&#039;elle sera prot\u00e9g\u00e9e contre tout acc\u00e8s, utilisation, divulgation ou modification non autoris\u00e9s. De plus, alors que nous travaillons dur pour assurer un niveau raisonnable d&#039;int\u00e9grit\u00e9 et de s\u00e9curit\u00e9 pour notre r\u00e9seau et nos syst\u00e8mes, nous ne pouvons garantir 100% que nos mesures de s\u00e9curit\u00e9 emp\u00eacheront les \u00abpirates\u00bb ou autres personnes non autoris\u00e9es d&#039;acc\u00e9der ou d&#039;obtenir ill\u00e9galement ces informations.<\/p>\n<h3>Quelles proc\u00e9dures utilisons-nous contre les violations de donn\u00e9es<\/h3>\n<p>Si nous apprenons une faille de s\u00e9curit\u00e9 li\u00e9e \u00e0 vos informations personnelles, nous tenterons de vous en informer par voie \u00e9lectronique afin que vous puissiez prendre les mesures de protection appropri\u00e9es. En utilisant les sites Web du SCCOM ou en nous fournissant des informations personnelles, vous acceptez que nous puissions communiquer avec vous par voie \u00e9lectronique concernant les probl\u00e8mes de s\u00e9curit\u00e9, de confidentialit\u00e9 et administratifs li\u00e9s \u00e0 votre utilisation des sites Web de SCCOM. En cas de violation des syst\u00e8mes de s\u00e9curit\u00e9, nous pouvons publier un avis sur notre page d&#039;accueil ou ailleurs sur les sites Web de SCCOM et envoyer un e-mail \u00e0 l&#039;adresse e-mail que vous nous avez fournie. Selon l&#039;endroit o\u00f9 vous vivez, vous pouvez avoir le droit l\u00e9gal d&#039;\u00eatre inform\u00e9 d&#039;une faille de s\u00e9curit\u00e9, impliquant vos informations personnelles, par \u00e9crit.<\/p>\n<h3><\/h3>","protected":false},"excerpt":{"rendered":"<p>Qui\u00e9nes somos La direcci\u00f3n de nuestra web es: https:\/\/www.kibotek.com. El titular de este sitio web es Sainz Caballero Comunicaciones, S.L.<\/p>","protected":false},"author":12,"featured_media":0,"parent":0,"menu_order":0,"comment_status":"closed","ping_status":"closed","template":"","meta":{"iawp_total_views":208,"footnotes":""},"class_list":["post-3","page","type-page","status-publish","hentry"],"rttpg_featured_image_url":null,"rttpg_author":{"display_name":"kiboadm","author_link":"https:\/\/www.kibotek.com\/fr\/kibonews\/author\/kiboadm-2-2-2-2-2-2-2-2-2-2-2-2-2\/"},"rttpg_comment":0,"rttpg_category":null,"rttpg_excerpt":"Qui\u00e9nes somos La direcci\u00f3n de nuestra web es: https:\/\/www.kibotek.com. El titular de este sitio web es Sainz Caballero Comunicaciones, S.L.","_links":{"self":[{"href":"https:\/\/www.kibotek.com\/fr\/wp-json\/wp\/v2\/pages\/3","targetHints":{"allow":["GET"]}}],"collection":[{"href":"https:\/\/www.kibotek.com\/fr\/wp-json\/wp\/v2\/pages"}],"about":[{"href":"https:\/\/www.kibotek.com\/fr\/wp-json\/wp\/v2\/types\/page"}],"author":[{"embeddable":true,"href":"https:\/\/www.kibotek.com\/fr\/wp-json\/wp\/v2\/users\/12"}],"replies":[{"embeddable":true,"href":"https:\/\/www.kibotek.com\/fr\/wp-json\/wp\/v2\/comments?post=3"}],"version-history":[{"count":0,"href":"https:\/\/www.kibotek.com\/fr\/wp-json\/wp\/v2\/pages\/3\/revisions"}],"wp:attachment":[{"href":"https:\/\/www.kibotek.com\/fr\/wp-json\/wp\/v2\/media?parent=3"}],"curies":[{"name":"wp","href":"https:\/\/api.w.org\/{rel}","templated":true}]}}