{"id":1979,"date":"2018-12-16T02:47:23","date_gmt":"2018-12-16T00:47:23","guid":{"rendered":"https:\/\/www.kibotek.com\/?page_id=1979"},"modified":"2020-11-29T11:52:48","modified_gmt":"2020-11-29T10:52:48","slug":"termes-et-conditions","status":"publish","type":"page","link":"https:\/\/www.kibotek.com\/fr\/terminos-y-condiciones\/","title":{"rendered":"Termes et conditions"},"content":{"rendered":"<h2>Qui sommes nous<\/h2>\n<p>L&#039;adresse de notre site Web est: https:\/\/www.kibotek.com.<\/p>\n<p>Le propri\u00e9taire de ce site Web est Sainz Caballero Comunicaciones, SL (ci-apr\u00e8s SCCOM), une soci\u00e9t\u00e9 espagnole avec CIF B-95782819, enregistr\u00e9e le 6 novembre 2014 au registre du commerce de Bilbao, volume 5495, folio 32, 1\u00e8re entr\u00e9e avec la feuille BI-65157 et avec si\u00e8ge social \u00e0 Karmelo Torre 14, Basauri \u00e0 Vizcaya.<\/p>\n<h2>Termes et conditions<\/h2>\n<p>SCCOM se r\u00e9serve le droit d&#039;apporter, \u00e0 tout moment et sans pr\u00e9avis, des modifications concernant les informations contenues sur son site Internet ou sa configuration et pr\u00e9sentation.<\/p>\n<p>L&#039;acc\u00e8s \u00e0 ce site et l&#039;utilisation qui peut \u00eatre faite des informations qu&#039;il contient rel\u00e8vent de la seule responsabilit\u00e9 de la personne qui l&#039;ex\u00e9cute. Pour cette raison, SCCOM ne sera pas responsable des cons\u00e9quences, dommages ou pr\u00e9judices pouvant r\u00e9sulter d&#039;un tel acc\u00e8s ou utilisation des informations.<\/p>\n<p>SCCOM ne sera responsable que des erreurs ou omissions apparaissant dans les informations de sa propri\u00e9t\u00e9, s&#039;engageant \u00e0 l&#039;\u00e9gard du reste des informations \u00e0 faire ses meilleurs efforts afin que les propri\u00e9taires de celles-ci proc\u00e8dent \u00e0 leur mise \u00e0 jour. Les droits d\u00e9riv\u00e9s de ce site Web dans ses diff\u00e9rentes modalit\u00e9s appartiennent \u00e0 SCCOM, de sorte que son utilisation non autoris\u00e9e par des tiers donnera lieu aux responsabilit\u00e9s l\u00e9galement \u00e9tablies.<\/p>\n<p>Les \u00e9ventuelles r\u00e9f\u00e9rences faites sur ce site Web \u00e0 tout produit, service, processus, lien, hypertexte ou toute autre information dans laquelle la marque, le nom commercial ou le nom du fabricant, du fournisseur, etc., appartiennent \u00e0 les tiers ne constitueront ni n&#039;impliqueront aucune approbation, parrainage ou recommandation de la part de SCCOM.<\/p>\n<p>SCCOM veille \u00e0 ce que les informations et donn\u00e9es contenues sur son site Internet soient correctes. Cependant, il d\u00e9cline toute responsabilit\u00e9 en cas d&#039;inclusion \u00e9ventuelle d&#039;une information erron\u00e9e.<\/p>\n<p>Le but de ces informations est de fournir \u00e0 l&#039;utilisateur un aper\u00e7u informatif de la soci\u00e9t\u00e9, des produits et des services de SCCOM, mais l&#039;utilisateur ne doit pas les consid\u00e9rer comme une source d&#039;informations absolument exacte, compl\u00e8te et \u00e0 jour. SCCOM d\u00e9cline toute responsabilit\u00e9 pour les dommages directs ou indirects qui pourraient r\u00e9sulter de l&#039;utilisation des informations et donn\u00e9es contenues dans ce site.<br \/>\nIl n&#039;y a aucun droit ou obligation entre SCCOM et l&#039;utilisateur de ce site Web ou des tiers.<\/p>\n<h2>Conditions d&#039;achat<\/h2>\n<p>En cas d&#039;achat, l&#039;utilisateur accepte les conditions de garantie, d&#039;exp\u00e9dition, de retour et de paiement d\u00e9taill\u00e9es sur leurs pages respectives:<\/p>\n<p><a href=\"https:\/\/www.kibotek.com\/fr\/conditions-de-garantie\/\"><span style=\"color: #ff6600;\">Conditions de garantie<\/span><\/a><\/p>\n<p><span style=\"color: #ff6600;\"><a style=\"color: #ff6600;\" href=\"https:\/\/www.kibotek.com\/fr\/envoyer-les-conditions\/\">Envoyer les conditions<\/a><\/span><\/p>\n<p><span style=\"color: #ff6600;\"><a style=\"color: #ff6600;\" href=\"https:\/\/www.kibotek.com\/fr\/conditions-de-retour\/\">Conditions de retour<\/a><\/span><\/p>\n<p><span style=\"color: #ff6600;\"><a style=\"color: #ff6600;\" href=\"https:\/\/www.kibotek.com\/fr\/modes-de-paiement\/\">Modes de paiement<\/a><\/span><\/p>","protected":false},"excerpt":{"rendered":"<p>Qui\u00e9nes somos La direcci\u00f3n de nuestra web es: https:\/\/www.kibotek.com. El titular de este sitio web es Sainz Caballero Comunicaciones, S.L.<\/p>","protected":false},"author":12,"featured_media":0,"parent":0,"menu_order":0,"comment_status":"closed","ping_status":"closed","template":"","meta":{"iawp_total_views":383,"footnotes":""},"class_list":["post-1979","page","type-page","status-publish","hentry"],"rttpg_featured_image_url":null,"rttpg_author":{"display_name":"kiboadm","author_link":"https:\/\/www.kibotek.com\/fr\/kibonews\/author\/kiboadm-2-2-2-2-2-2-2-2-2-2-2-2-2\/"},"rttpg_comment":0,"rttpg_category":null,"rttpg_excerpt":"Qui\u00e9nes somos La direcci\u00f3n de nuestra web es: https:\/\/www.kibotek.com. El titular de este sitio web es Sainz Caballero Comunicaciones, S.L.","_links":{"self":[{"href":"https:\/\/www.kibotek.com\/fr\/wp-json\/wp\/v2\/pages\/1979","targetHints":{"allow":["GET"]}}],"collection":[{"href":"https:\/\/www.kibotek.com\/fr\/wp-json\/wp\/v2\/pages"}],"about":[{"href":"https:\/\/www.kibotek.com\/fr\/wp-json\/wp\/v2\/types\/page"}],"author":[{"embeddable":true,"href":"https:\/\/www.kibotek.com\/fr\/wp-json\/wp\/v2\/users\/12"}],"replies":[{"embeddable":true,"href":"https:\/\/www.kibotek.com\/fr\/wp-json\/wp\/v2\/comments?post=1979"}],"version-history":[{"count":0,"href":"https:\/\/www.kibotek.com\/fr\/wp-json\/wp\/v2\/pages\/1979\/revisions"}],"wp:attachment":[{"href":"https:\/\/www.kibotek.com\/fr\/wp-json\/wp\/v2\/media?parent=1979"}],"curies":[{"name":"wp","href":"https:\/\/api.w.org\/{rel}","templated":true}]}}