{"id":15858,"date":"2020-03-26T19:34:08","date_gmt":"2020-03-26T18:34:08","guid":{"rendered":"https:\/\/www.kibotek.com\/?page_id=15858"},"modified":"2026-03-04T10:03:28","modified_gmt":"2026-03-04T09:03:28","slug":"conditions-de-retour","status":"publish","type":"page","link":"https:\/\/www.kibotek.com\/fr\/condiciones-para-devoluciones\/","title":{"rendered":"Conditions de retour"},"content":{"rendered":"<h3><b>Conditions de r\u00e9tractation de l&#039;achat<\/b><\/h3>\n<p>Les retours seront accept\u00e9s \u00e0 condition que la commande soit livr\u00e9e au client dans les 14 jours calendaires suivant son \u00e9mission.<\/p>\n<div>Pour effectuer un retour, vous devez remplir notre formulaire de r\u00e9tractation au lien suivant.<\/div>\n<div>(Vous devez \u00eatre connect\u00e9 avec vos identifiants client pour y acc\u00e9der)<\/div>\n<div><\/div>\n<div><a href=\"https:\/\/www.kibotek.com\/fr\/formulaire-de-retractation\/\">https:\/\/www.kibotek.com\/formulario-de-desistimiento\/<\/a><\/div>\n<div>\n<p>Toute marchandise doit \u00eatre retourn\u00e9e dans son <strong>emballage d&#039;origine, en parfait \u00e9tat, avec tous ses accessoires<\/strong> Oui <strong>correctement prot\u00e9g\u00e9<\/strong> afin qu&#039;il ne subisse pas de dommages pendant le transport. Si l&#039;appareil pr\u00e9sente des signes \u00e9vidents d&#039;utilisation, du verre tremp\u00e9 install\u00e9, l&#039;absence d&#039;accessoires, d&#039;instructions, de modification de logiciel ou similaire, il peut subir une d\u00e9pr\u00e9ciation ou une facture pour la main d&#039;\u0153uvre utilis\u00e9e.  Une \u00e9tiquette vous sera fournie afin que vous puissiez livrer l&#039;appareil au bureau de poste le plus proche dans les 24\/48 heures apr\u00e8s r\u00e9ception du formulaire de r\u00e9tractation d\u00fbment compl\u00e9t\u00e9.<\/p>\n<p>Les frais de retour sont \u00e0 la charge du client, tant \u00e0 l'aller qu'au retour. Les frais de retour pour la p\u00e9ninsule seront appliqu\u00e9s de la mani\u00e8re suivante :<\/p>\n<p>12 pour les smartphones et les petits accessoires, 19 pour les bo\u00eetes pandora et les grands accessoires ou gadgets, et 30 pour la t\u00e9l\u00e9vision et la mobilit\u00e9 urbaine.<\/p>\n<p>Pour les \u00eeles Bal\u00e9ares, 15 euros pour les smartphones et les petits accessoires, 22 euros pour les bo\u00eetes pandora et les grands accessoires ou gadgets, 35 euros pour la t\u00e9l\u00e9vision et la mobilit\u00e9 urbaine.<\/p>\n<p>Pour les pays hors d&#039;Espagne, dans la p\u00e9ninsule ou dans les \u00eeles Bal\u00e9ares (c&#039;est-\u00e0-dire les \u00eeles Canaries ou le reste de l&#039;Europe), ce sera le client lui-m\u00eame qui devra nous envoyer le produit \u00e0 ses frais.<\/p>\n<p>Ces montants incluent d\u00e9j\u00e0 la TVA, ils seront d\u00e9duits du montant \u00e0 rembourser.<\/p>\n<p>Si vous avez r\u00e9gl\u00e9 votre commande via Klarna Finance, veuillez noter que la commission factur\u00e9e par la soci\u00e9t\u00e9 de financement sera d\u00e9duite du montant total \u00e0 rembourser ; dans ce cas, elle s&#039;\u00e9l\u00e8ve \u00e0 5% du montant total de la commande.<\/p>\n<\/div>\n<div>Une fois la marchandise re\u00e7ue, le service technique de kiboTEK v\u00e9rifiera que l&#039;appareil est en parfait \u00e9tat pour son retour et qu&#039;il n&#039;y a pas de mauvaise manipulation par le client. Il doit \u00eatre livr\u00e9 avec sa boite d&#039;origine et ses accessoires en parfait \u00e9tat.<\/div>\n<p>L&#039;appareil doit \u00eatre exp\u00e9di\u00e9 restaur\u00e9 en usine sans comptes associ\u00e9s. Il est important que lorsque la restauration doit \u00eatre effectu\u00e9e, d\u00e9sactivez l&#039;option de sauvegarde gmail, de sorte que lorsque vous d\u00e9marrez l&#039;appareil, il ne soit pas li\u00e9 \u00e0 votre compte gmail.<\/p>\n<p>En raison de sa nature, sera exclu du retour tout type de produit dont le fonctionnement implique tout type de contact direct avec n&#039;importe quelle partie du corps, tel que des \u00e9couteurs, des masques ou des bracelets d&#039;activit\u00e9 \/ smartwach, dont l&#039;emballage est descell\u00e9 ou pr\u00e9sente des signes de utiliser, peu importe \u00e0 quel point ils sont minimes. Si le retour n&#039;est pas admis pour l&#039;une de ces raisons, le produit sera retourn\u00e9 au client en port d\u00fb. Dans les appareils qui le n\u00e9cessitent, tels que les consoles portables ou similaires, le droit de r\u00e9tractation d&#039;achat sera totalement annul\u00e9 si les autocollants de s\u00e9curit\u00e9 des cartes SD ou les autocollants sur les vis de s\u00e9curit\u00e9 sont retir\u00e9s.<\/p>\n<p><strong>Rejeter la livraison<\/strong><\/p>\n<p>Dans le cas o\u00f9 le client refuse la livraison, les frais de retour lui seront factur\u00e9s qui seront d\u00e9duits du remboursement total de la commande. Dans le cas de la p\u00e9ninsule, les frais de retour s&#039;\u00e9l\u00e8vent \u00e0 12 \u20ac tandis que pour le reste de l&#039;Europe ils s&#039;\u00e9l\u00e8vent \u00e0 29 \u20ac, TVA incluse.<\/p>\n<p>Si vous refusez la livraison ou ne r\u00e9cup\u00e9rez pas le colis, une fois celui-ci retourn\u00e9 \u00e0 son exp\u00e9diteur, vous disposez de 30 jours calendaires pour demander le remboursement du montant total de la commande, d\u00e9duction faite des frais de port.<\/p>\n<p>Notre \u00e9quipe sera toujours disponible pour vous aider si vous avez des questions pendant le processus de retrait.<\/p>\n<p><strong>Conditions de livraison<\/strong><\/p>\n<p>Lors de la livraison, si le colis pr\u00e9sente des signes d&#039;alt\u00e9ration ou d&#039;ouverture avec le sceau kiboTEK bris\u00e9, vous devez refuser la livraison au livreur et contacter notre \u00e9quipe \u00e0 sat@kibotek.com afin que nous puissions vous conseiller sur la marche \u00e0 suivre. <strong>Il est tr\u00e8s important que vous v\u00e9rifiiez bri\u00e8vement que le colis n&#039;a pas \u00e9t\u00e9 alt\u00e9r\u00e9 et que notre sceau n&#039;a pas \u00e9t\u00e9 bris\u00e9, afin que vous puissiez refuser la livraison et d\u00e9poser une r\u00e9clamation aupr\u00e8s du service d&#039;exp\u00e9dition.<\/strong><\/p>\n<p>Si vous acceptez la livraison d&#039;un colis qui pr\u00e9sente des signes d&#039;alt\u00e9ration, d&#039;ouverture ou dont le sceau est bris\u00e9, vous \u00eates seul responsable si le contenu du colis est incomplet, partiel ou d\u00e9fectueux. Dans ce cas, vous ne pourrez pas invoquer de d\u00e9faut de conformit\u00e9 aupr\u00e8s de kiboTEK.<\/p>","protected":false},"excerpt":{"rendered":"<p>Condiciones de Desistimiento de compra Se aceptar\u00e1 la devoluci\u00f3n siempre y cuando la fecha de entrega del pedido al cliente<\/p>","protected":false},"author":8,"featured_media":41820,"parent":0,"menu_order":0,"comment_status":"closed","ping_status":"closed","template":"","meta":{"iawp_total_views":989,"footnotes":""},"class_list":["post-15858","page","type-page","status-publish","has-post-thumbnail","hentry"],"rttpg_featured_image_url":{"full":["https:\/\/www.kibotek.com\/wp-content\/uploads\/2022\/03\/logo_devolucion.png",479,521,false],"landscape":["https:\/\/www.kibotek.com\/wp-content\/uploads\/2022\/03\/logo_devolucion.png",479,521,false],"portraits":["https:\/\/www.kibotek.com\/wp-content\/uploads\/2022\/03\/logo_devolucion.png",479,521,false],"thumbnail":["https:\/\/www.kibotek.com\/wp-content\/uploads\/2022\/03\/logo_devolucion-150x150.png",150,150,true],"medium":["https:\/\/www.kibotek.com\/wp-content\/uploads\/2022\/03\/logo_devolucion-276x300.png",276,300,true],"large":["https:\/\/www.kibotek.com\/wp-content\/uploads\/2022\/03\/logo_devolucion.png",479,521,false],"1536x1536":["https:\/\/www.kibotek.com\/wp-content\/uploads\/2022\/03\/logo_devolucion.png",479,521,false],"2048x2048":["https:\/\/www.kibotek.com\/wp-content\/uploads\/2022\/03\/logo_devolucion.png",479,521,false],"trp-custom-language-flag":["https:\/\/www.kibotek.com\/wp-content\/uploads\/2022\/03\/logo_devolucion-11x12.png",11,12,true],"woocommerce_thumbnail":["https:\/\/www.kibotek.com\/wp-content\/uploads\/2022\/03\/logo_devolucion-430x468.png",430,468,true],"woocommerce_single":["https:\/\/www.kibotek.com\/wp-content\/uploads\/2022\/03\/logo_devolucion.png",479,521,false],"woocommerce_gallery_thumbnail":["https:\/\/www.kibotek.com\/wp-content\/uploads\/2022\/03\/logo_devolucion-150x163.png",150,163,true],"variation_swatches_image_size":["https:\/\/www.kibotek.com\/wp-content\/uploads\/2022\/03\/logo_devolucion.png",46,50,false],"variation_swatches_tooltip_size":["https:\/\/www.kibotek.com\/wp-content\/uploads\/2022\/03\/logo_devolucion.png",92,100,false],"wc_order_status_icon":["https:\/\/www.kibotek.com\/wp-content\/uploads\/2022\/03\/logo_devolucion-32x32.png",32,32,true]},"rttpg_author":{"display_name":"manager","author_link":"https:\/\/www.kibotek.com\/fr\/kibonews\/author\/manager\/"},"rttpg_comment":0,"rttpg_category":null,"rttpg_excerpt":"Condiciones de Desistimiento de compra Se aceptar\u00e1 la devoluci\u00f3n siempre y cuando la fecha de entrega del pedido al cliente","_links":{"self":[{"href":"https:\/\/www.kibotek.com\/fr\/wp-json\/wp\/v2\/pages\/15858","targetHints":{"allow":["GET"]}}],"collection":[{"href":"https:\/\/www.kibotek.com\/fr\/wp-json\/wp\/v2\/pages"}],"about":[{"href":"https:\/\/www.kibotek.com\/fr\/wp-json\/wp\/v2\/types\/page"}],"author":[{"embeddable":true,"href":"https:\/\/www.kibotek.com\/fr\/wp-json\/wp\/v2\/users\/8"}],"replies":[{"embeddable":true,"href":"https:\/\/www.kibotek.com\/fr\/wp-json\/wp\/v2\/comments?post=15858"}],"version-history":[{"count":2,"href":"https:\/\/www.kibotek.com\/fr\/wp-json\/wp\/v2\/pages\/15858\/revisions"}],"predecessor-version":[{"id":73272,"href":"https:\/\/www.kibotek.com\/fr\/wp-json\/wp\/v2\/pages\/15858\/revisions\/73272"}],"wp:featuredmedia":[{"embeddable":true,"href":"https:\/\/www.kibotek.com\/fr\/wp-json\/wp\/v2\/media\/41820"}],"wp:attachment":[{"href":"https:\/\/www.kibotek.com\/fr\/wp-json\/wp\/v2\/media?parent=15858"}],"curies":[{"name":"wp","href":"https:\/\/api.w.org\/{rel}","templated":true}]}}