{"id":12,"date":"2018-10-09T18:15:27","date_gmt":"2018-10-09T18:15:27","guid":{"rendered":"https:\/\/www.kibotek.com\/?page_id=12"},"modified":"2024-12-01T21:47:41","modified_gmt":"2024-12-01T20:47:41","slug":"about-kibotek","status":"publish","type":"page","link":"https:\/\/www.kibotek.com\/fr\/acerca-de-kibotek\/","title":{"rendered":"\u00c0 propos de kiboTEK"},"content":{"rendered":"<p><a href=\"https:\/\/www.kibotek.com\/fr\/\"><span style=\"color: #ff7d06;\"><strong>kiboTEK<\/strong><\/span><\/a> est une boutique technologique en ligne et physique situ\u00e9e \u00e0 Alameda Urquijo 35 Bilbao Espagne qui vous offre les meilleurs services t\u00e9l\u00e9phoniques depuis 2014. Vous pouvez d\u00e9sormais nous trouver \u00e9galement \u00e0 Vitoria-Gasteiz \u00e0 Independencia 13.<\/p>\n<p>kiboTEK<em> -Technologie \u00e0 prix doux-<\/em><\/p>\n<h3>Distributeurs officiels des principales marques de smartphones<\/h3>\n<p>Nous sommes distributeurs officiels des plus grandes marques de mobiles ou de smartphones telles que <strong>Xiaomi, Realme, Redmi, Realme, OnePlus, Poco, Oppo, Samsung, Umidigi<\/strong> entre autres. Avec des exp\u00e9ditions dans toute l&#039;Europe en 24\/72 heures avec une garantie officielle de 3 ans en Espagne.<\/p>\n<h3>Sp\u00e9cialistes des consoles Retro Gaming<\/h3>\n<p>Sp\u00e9cialiste en <strong>consoles de jeux r\u00e9tro<\/strong> avec une large gamme d&#039;appareils de divertissement avec des exp\u00e9ditions en 24\/72h dans toute l&#039;Europe. Distributeurs officiels de Retroid, Anbernic, Pandora Box ou Powkiddy.<\/p>\n<h3>Multi-op\u00e9rateur avec plus de 10 op\u00e9rateurs t\u00e9l\u00e9phoniques<\/h3>\n<p>Le magasin avec plus de compagnies de t\u00e9l\u00e9phone pour \u00e9conomiser sur votre facture Fibre et mobile. Nous avons une large gamme de tarifs afin que <strong>\u00e9conomisez sur votre facture fibre et mobile<\/strong>. Des sp\u00e9cialistes des tarifs sans permanence et sans changement de tarif ni augmentation de prix pour votre tranquillit\u00e9 d&#039;esprit. <strong>Distributeurs officiels de Movistar, O2, Lowi, M\u00e1sm\u00f3vil, Pepephone, Guuk, Digi, FiNetwork, Simyo, Orange, Llamaya.<\/strong><\/p>\n<p><strong><a href=\"https:\/\/www.kibotek.com\/wp-content\/uploads\/2021\/07\/kiboTEK_Xiaomi_PPP_Store_02.jpg\"><img loading=\"lazy\" decoding=\"async\" class=\"alignnone wp-image-38639 size-large\" src=\"https:\/\/www.kibotek.com\/wp-content\/uploads\/2021\/07\/kiboTEK_Xiaomi_PPP_Store_02-1024x768.jpg\" alt=\"\" width=\"1024\" height=\"768\" title=\"\" srcset=\"https:\/\/www.kibotek.com\/wp-content\/uploads\/2021\/07\/kiboTEK_Xiaomi_PPP_Store_02-1024x768.jpg 1024w, https:\/\/www.kibotek.com\/wp-content\/uploads\/2021\/07\/kiboTEK_Xiaomi_PPP_Store_02-430x323.jpg 430w, https:\/\/www.kibotek.com\/wp-content\/uploads\/2021\/07\/kiboTEK_Xiaomi_PPP_Store_02-150x113.jpg 150w, https:\/\/www.kibotek.com\/wp-content\/uploads\/2021\/07\/kiboTEK_Xiaomi_PPP_Store_02-700x525.jpg 700w, https:\/\/www.kibotek.com\/wp-content\/uploads\/2021\/07\/kiboTEK_Xiaomi_PPP_Store_02-300x225.jpg 300w, https:\/\/www.kibotek.com\/wp-content\/uploads\/2021\/07\/kiboTEK_Xiaomi_PPP_Store_02-768x576.jpg 768w, https:\/\/www.kibotek.com\/wp-content\/uploads\/2021\/07\/kiboTEK_Xiaomi_PPP_Store_02-16x12.jpg 16w, https:\/\/www.kibotek.com\/wp-content\/uploads\/2021\/07\/kiboTEK_Xiaomi_PPP_Store_02-600x450.jpg 600w, https:\/\/www.kibotek.com\/wp-content\/uploads\/2021\/07\/kiboTEK_Xiaomi_PPP_Store_02-80x60.jpg 80w, https:\/\/www.kibotek.com\/wp-content\/uploads\/2021\/07\/kiboTEK_Xiaomi_PPP_Store_02-120x90.jpg 120w, https:\/\/www.kibotek.com\/wp-content\/uploads\/2021\/07\/kiboTEK_Xiaomi_PPP_Store_02.jpg 1440w\" sizes=\"auto, (max-width: 1024px) 100vw, 1024px\" \/><\/a><\/strong><\/p>\n<p><strong>Depuis 2014<\/strong> apporter le meilleur de la technologie...<span style=\"color: #ff7d06;\"><strong><a style=\"color: #ff7d06;\" href=\"https:\/\/www.kibotek.com\/fr\/magasin-xiaomi-bilbao\/\">le premier \u00e0 pr\u00e9senter la marque Xiaomi<\/a><\/strong><\/span>\u2026 La boutique de r\u00e9f\u00e9rence des marques asiatiques \u00e9mergentes.<\/p>\n<p><em>Nous ... nous avons vu des choses auxquelles vous ne croiriez pas: des marques comme Xiaomi sont sorties de nulle part pour attaquer au-del\u00e0 de la Chine. Nous avons vu des b\u00e2tons de selfie briller dans le noir pr\u00e8s de l&#039;entr\u00e9e du m\u00e9tro. Tous ces moments seront perdus\u2026 dans le temps\u2026 comme des larmes sous la pluie \u2026\u2026\u2026\u2026\u2026\u2026\u2026 .. NOOOO \u2026\u2026\u2026\u2026 .. notre Instagram montre toute notre histoire mieux que quiconque \ud83d\ude42<\/em><\/p>\n<p>Depuis juin 2021 nous sommes devenus un magasin <strong>Xiaomi PPP Store (Partenaire privil\u00e9gi\u00e9 Xiaomi)<\/strong> avec toute la gamme Xiaomi de Smartphones, Gadgets et Accessoires expos\u00e9s dans notre magasin physique kiboTEK. Bien s\u00fbr, avec les meilleurs conseils sur Xiaomi soutenus par les nombreuses ann\u00e9es d&#039;exp\u00e9rience depuis 2014. Nous avons commenc\u00e9 notre voyage en vendant des smartphones de la marque qui est devenue le leader du march\u00e9. <strong>Xiaomi en 2014<\/strong>. Les premiers smartphones que nous avons vendus \u00e9taient le Xiaomi Redmi note 1, le Redmi 2, le Xiaomi Mi 3 ou le bien connu Mi Band. Depuis, de nombreuses gammes et produits de la marque Xiaomi sont pass\u00e9s, ce qui nous a fait vivre une exp\u00e9rience contrast\u00e9e avec la marque.<\/p>\n<p><a href=\"https:\/\/www.kibotek.com\/wp-content\/uploads\/2021\/07\/kiboTEK_Xiaomi_PPP_Store_10.jpg\"><img loading=\"lazy\" decoding=\"async\" class=\"alignnone size-medium wp-image-38647\" src=\"https:\/\/www.kibotek.com\/wp-content\/uploads\/2021\/07\/kiboTEK_Xiaomi_PPP_Store_10-225x300.jpg\" alt=\"\" width=\"225\" height=\"300\" title=\"\" srcset=\"https:\/\/www.kibotek.com\/wp-content\/uploads\/2021\/07\/kiboTEK_Xiaomi_PPP_Store_10-225x300.jpg 225w, https:\/\/www.kibotek.com\/wp-content\/uploads\/2021\/07\/kiboTEK_Xiaomi_PPP_Store_10-430x573.jpg 430w, https:\/\/www.kibotek.com\/wp-content\/uploads\/2021\/07\/kiboTEK_Xiaomi_PPP_Store_10-150x200.jpg 150w, https:\/\/www.kibotek.com\/wp-content\/uploads\/2021\/07\/kiboTEK_Xiaomi_PPP_Store_10-700x933.jpg 700w, https:\/\/www.kibotek.com\/wp-content\/uploads\/2021\/07\/kiboTEK_Xiaomi_PPP_Store_10-768x1024.jpg 768w, https:\/\/www.kibotek.com\/wp-content\/uploads\/2021\/07\/kiboTEK_Xiaomi_PPP_Store_10-1152x1536.jpg 1152w, https:\/\/www.kibotek.com\/wp-content\/uploads\/2021\/07\/kiboTEK_Xiaomi_PPP_Store_10-9x12.jpg 9w, https:\/\/www.kibotek.com\/wp-content\/uploads\/2021\/07\/kiboTEK_Xiaomi_PPP_Store_10-600x800.jpg 600w, https:\/\/www.kibotek.com\/wp-content\/uploads\/2021\/07\/kiboTEK_Xiaomi_PPP_Store_10-45x60.jpg 45w, https:\/\/www.kibotek.com\/wp-content\/uploads\/2021\/07\/kiboTEK_Xiaomi_PPP_Store_10-68x90.jpg 68w, https:\/\/www.kibotek.com\/wp-content\/uploads\/2021\/07\/kiboTEK_Xiaomi_PPP_Store_10.jpg 1440w\" sizes=\"auto, (max-width: 225px) 100vw, 225px\" \/><\/a><a href=\"https:\/\/www.kibotek.com\/wp-content\/uploads\/2021\/07\/kiboTEK_Xiaomi_PPP_Store_07.jpg\"><img loading=\"lazy\" decoding=\"async\" class=\"alignnone size-medium wp-image-38644\" src=\"https:\/\/www.kibotek.com\/wp-content\/uploads\/2021\/07\/kiboTEK_Xiaomi_PPP_Store_07-222x300.jpg\" alt=\"\" width=\"222\" height=\"300\" title=\"\" srcset=\"https:\/\/www.kibotek.com\/wp-content\/uploads\/2021\/07\/kiboTEK_Xiaomi_PPP_Store_07-222x300.jpg 222w, https:\/\/www.kibotek.com\/wp-content\/uploads\/2021\/07\/kiboTEK_Xiaomi_PPP_Store_07-430x580.jpg 430w, https:\/\/www.kibotek.com\/wp-content\/uploads\/2021\/07\/kiboTEK_Xiaomi_PPP_Store_07-150x202.jpg 150w, https:\/\/www.kibotek.com\/wp-content\/uploads\/2021\/07\/kiboTEK_Xiaomi_PPP_Store_07-700x944.jpg 700w, https:\/\/www.kibotek.com\/wp-content\/uploads\/2021\/07\/kiboTEK_Xiaomi_PPP_Store_07-759x1024.jpg 759w, https:\/\/www.kibotek.com\/wp-content\/uploads\/2021\/07\/kiboTEK_Xiaomi_PPP_Store_07-768x1036.jpg 768w, https:\/\/www.kibotek.com\/wp-content\/uploads\/2021\/07\/kiboTEK_Xiaomi_PPP_Store_07-1139x1536.jpg 1139w, https:\/\/www.kibotek.com\/wp-content\/uploads\/2021\/07\/kiboTEK_Xiaomi_PPP_Store_07-9x12.jpg 9w, https:\/\/www.kibotek.com\/wp-content\/uploads\/2021\/07\/kiboTEK_Xiaomi_PPP_Store_07-600x809.jpg 600w, https:\/\/www.kibotek.com\/wp-content\/uploads\/2021\/07\/kiboTEK_Xiaomi_PPP_Store_07-44x60.jpg 44w, https:\/\/www.kibotek.com\/wp-content\/uploads\/2021\/07\/kiboTEK_Xiaomi_PPP_Store_07-67x90.jpg 67w, https:\/\/www.kibotek.com\/wp-content\/uploads\/2021\/07\/kiboTEK_Xiaomi_PPP_Store_07.jpg 1440w\" sizes=\"auto, (max-width: 222px) 100vw, 222px\" \/><\/a><a href=\"https:\/\/www.kibotek.com\/wp-content\/uploads\/2021\/07\/kiboTEK_Xiaomi_PPP_Store_03.jpg\"><img loading=\"lazy\" decoding=\"async\" class=\"alignnone size-medium wp-image-38640\" src=\"https:\/\/www.kibotek.com\/wp-content\/uploads\/2021\/07\/kiboTEK_Xiaomi_PPP_Store_03-222x300.jpg\" alt=\"\" width=\"222\" height=\"300\" title=\"\" srcset=\"https:\/\/www.kibotek.com\/wp-content\/uploads\/2021\/07\/kiboTEK_Xiaomi_PPP_Store_03-222x300.jpg 222w, https:\/\/www.kibotek.com\/wp-content\/uploads\/2021\/07\/kiboTEK_Xiaomi_PPP_Store_03-430x580.jpg 430w, https:\/\/www.kibotek.com\/wp-content\/uploads\/2021\/07\/kiboTEK_Xiaomi_PPP_Store_03-150x202.jpg 150w, https:\/\/www.kibotek.com\/wp-content\/uploads\/2021\/07\/kiboTEK_Xiaomi_PPP_Store_03-700x944.jpg 700w, https:\/\/www.kibotek.com\/wp-content\/uploads\/2021\/07\/kiboTEK_Xiaomi_PPP_Store_03-759x1024.jpg 759w, https:\/\/www.kibotek.com\/wp-content\/uploads\/2021\/07\/kiboTEK_Xiaomi_PPP_Store_03-768x1036.jpg 768w, https:\/\/www.kibotek.com\/wp-content\/uploads\/2021\/07\/kiboTEK_Xiaomi_PPP_Store_03-1139x1536.jpg 1139w, https:\/\/www.kibotek.com\/wp-content\/uploads\/2021\/07\/kiboTEK_Xiaomi_PPP_Store_03-9x12.jpg 9w, https:\/\/www.kibotek.com\/wp-content\/uploads\/2021\/07\/kiboTEK_Xiaomi_PPP_Store_03-600x809.jpg 600w, https:\/\/www.kibotek.com\/wp-content\/uploads\/2021\/07\/kiboTEK_Xiaomi_PPP_Store_03-44x60.jpg 44w, https:\/\/www.kibotek.com\/wp-content\/uploads\/2021\/07\/kiboTEK_Xiaomi_PPP_Store_03-67x90.jpg 67w, https:\/\/www.kibotek.com\/wp-content\/uploads\/2021\/07\/kiboTEK_Xiaomi_PPP_Store_03.jpg 1440w\" sizes=\"auto, (max-width: 222px) 100vw, 222px\" \/><\/a><\/p>\n<p>Nous avons \u00e9galement un magasin physique et un entrep\u00f4t dans le nord de l&#039;Espagne, en particulier dans notre <span style=\"color: #ff7d06;\"><strong><a style=\"color: #ff7d06;\" href=\"https:\/\/www.kibotek.com\/fr\/magasin-xiaomi-bilbao\/\">Magasin Xiaomi \u00e0 Bilbao<\/a><\/strong><\/span>. Depuis 2014, nous facilitons l&#039;achat de Xiaomi en <a href=\"https:\/\/es.wikipedia.org\/wiki\/Bilbao\" rel=\"nofollow noopener\" target=\"_blank\">Bilbao<\/a> et ses environs avec toutes les garanties; nous avons aid\u00e9 <strong><span style=\"color: #ff7d06;\"><a style=\"color: #ff7d06;\" href=\"https:\/\/www.kibotek.com\/fr\/acheter-xiaomi-espagne\/\">Xiaomi<\/a><\/span><\/strong> et d&#039;autres marques sont connues sur le march\u00e9 espagnol, offrant toujours le service le plus honn\u00eate possible gr\u00e2ce \u00e0 notre service d&#039;assistance technique local.<\/p>\n<p>Et depuis 2024, nous avons atterri \u00e0 Vitoria-Gasteiz pour appliquer toute notre exp\u00e9rience et offrir le meilleur service dans la capitale du Pays Basque.<\/p>\n<p><img loading=\"lazy\" decoding=\"async\" class=\"alignnone wp-image-55363\" src=\"https:\/\/www.kibotek.com\/wp-content\/uploads\/2024\/12\/WhatsApp-Image-2024-11-26-at-20.14.29-1024x432.jpeg\" alt=\"\" width=\"1024\" height=\"432\" title=\"\" srcset=\"https:\/\/www.kibotek.com\/wp-content\/uploads\/2024\/12\/WhatsApp-Image-2024-11-26-at-20.14.29-1024x432.jpeg 1024w, https:\/\/www.kibotek.com\/wp-content\/uploads\/2024\/12\/WhatsApp-Image-2024-11-26-at-20.14.29-430x181.jpeg 430w, https:\/\/www.kibotek.com\/wp-content\/uploads\/2024\/12\/WhatsApp-Image-2024-11-26-at-20.14.29-150x63.jpeg 150w, https:\/\/www.kibotek.com\/wp-content\/uploads\/2024\/12\/WhatsApp-Image-2024-11-26-at-20.14.29-700x295.jpeg 700w, https:\/\/www.kibotek.com\/wp-content\/uploads\/2024\/12\/WhatsApp-Image-2024-11-26-at-20.14.29-300x127.jpeg 300w, https:\/\/www.kibotek.com\/wp-content\/uploads\/2024\/12\/WhatsApp-Image-2024-11-26-at-20.14.29-768x324.jpeg 768w, https:\/\/www.kibotek.com\/wp-content\/uploads\/2024\/12\/WhatsApp-Image-2024-11-26-at-20.14.29-1536x648.jpeg 1536w, https:\/\/www.kibotek.com\/wp-content\/uploads\/2024\/12\/WhatsApp-Image-2024-11-26-at-20.14.29-18x8.jpeg 18w, https:\/\/www.kibotek.com\/wp-content\/uploads\/2024\/12\/WhatsApp-Image-2024-11-26-at-20.14.29.jpeg 1600w\" sizes=\"auto, (max-width: 1024px) 100vw, 1024px\" \/><\/p>\n<p><a href=\"https:\/\/www.kibotek.com\/wp-content\/uploads\/2021\/07\/kiboTEK_Xiaomi_PPP_Store_12.jpg\"><img loading=\"lazy\" decoding=\"async\" class=\"alignnone size-medium wp-image-38649\" src=\"https:\/\/www.kibotek.com\/wp-content\/uploads\/2021\/07\/kiboTEK_Xiaomi_PPP_Store_12-300x225.jpg\" alt=\"\" width=\"300\" height=\"225\" title=\"\" srcset=\"https:\/\/www.kibotek.com\/wp-content\/uploads\/2021\/07\/kiboTEK_Xiaomi_PPP_Store_12-300x225.jpg 300w, https:\/\/www.kibotek.com\/wp-content\/uploads\/2021\/07\/kiboTEK_Xiaomi_PPP_Store_12-430x323.jpg 430w, https:\/\/www.kibotek.com\/wp-content\/uploads\/2021\/07\/kiboTEK_Xiaomi_PPP_Store_12-150x113.jpg 150w, https:\/\/www.kibotek.com\/wp-content\/uploads\/2021\/07\/kiboTEK_Xiaomi_PPP_Store_12-700x525.jpg 700w, https:\/\/www.kibotek.com\/wp-content\/uploads\/2021\/07\/kiboTEK_Xiaomi_PPP_Store_12-1024x768.jpg 1024w, https:\/\/www.kibotek.com\/wp-content\/uploads\/2021\/07\/kiboTEK_Xiaomi_PPP_Store_12-768x576.jpg 768w, https:\/\/www.kibotek.com\/wp-content\/uploads\/2021\/07\/kiboTEK_Xiaomi_PPP_Store_12-16x12.jpg 16w, https:\/\/www.kibotek.com\/wp-content\/uploads\/2021\/07\/kiboTEK_Xiaomi_PPP_Store_12-600x450.jpg 600w, https:\/\/www.kibotek.com\/wp-content\/uploads\/2021\/07\/kiboTEK_Xiaomi_PPP_Store_12-80x60.jpg 80w, https:\/\/www.kibotek.com\/wp-content\/uploads\/2021\/07\/kiboTEK_Xiaomi_PPP_Store_12-120x90.jpg 120w, https:\/\/www.kibotek.com\/wp-content\/uploads\/2021\/07\/kiboTEK_Xiaomi_PPP_Store_12.jpg 1440w\" sizes=\"auto, (max-width: 300px) 100vw, 300px\" \/><\/a><a href=\"https:\/\/www.kibotek.com\/wp-content\/uploads\/2021\/07\/kiboTEK_Xiaomi_PPP_Store_11.jpg\"><img loading=\"lazy\" decoding=\"async\" class=\"alignnone size-medium wp-image-38648\" src=\"https:\/\/www.kibotek.com\/wp-content\/uploads\/2021\/07\/kiboTEK_Xiaomi_PPP_Store_11-300x225.jpg\" alt=\"\" width=\"300\" height=\"225\" title=\"\" srcset=\"https:\/\/www.kibotek.com\/wp-content\/uploads\/2021\/07\/kiboTEK_Xiaomi_PPP_Store_11-300x225.jpg 300w, https:\/\/www.kibotek.com\/wp-content\/uploads\/2021\/07\/kiboTEK_Xiaomi_PPP_Store_11-430x323.jpg 430w, https:\/\/www.kibotek.com\/wp-content\/uploads\/2021\/07\/kiboTEK_Xiaomi_PPP_Store_11-150x113.jpg 150w, https:\/\/www.kibotek.com\/wp-content\/uploads\/2021\/07\/kiboTEK_Xiaomi_PPP_Store_11-700x525.jpg 700w, https:\/\/www.kibotek.com\/wp-content\/uploads\/2021\/07\/kiboTEK_Xiaomi_PPP_Store_11-1024x768.jpg 1024w, https:\/\/www.kibotek.com\/wp-content\/uploads\/2021\/07\/kiboTEK_Xiaomi_PPP_Store_11-768x576.jpg 768w, https:\/\/www.kibotek.com\/wp-content\/uploads\/2021\/07\/kiboTEK_Xiaomi_PPP_Store_11-16x12.jpg 16w, https:\/\/www.kibotek.com\/wp-content\/uploads\/2021\/07\/kiboTEK_Xiaomi_PPP_Store_11-600x450.jpg 600w, https:\/\/www.kibotek.com\/wp-content\/uploads\/2021\/07\/kiboTEK_Xiaomi_PPP_Store_11-80x60.jpg 80w, https:\/\/www.kibotek.com\/wp-content\/uploads\/2021\/07\/kiboTEK_Xiaomi_PPP_Store_11-120x90.jpg 120w, https:\/\/www.kibotek.com\/wp-content\/uploads\/2021\/07\/kiboTEK_Xiaomi_PPP_Store_11.jpg 1440w\" sizes=\"auto, (max-width: 300px) 100vw, 300px\" \/><\/a><a href=\"https:\/\/www.kibotek.com\/wp-content\/uploads\/2021\/07\/kiboTEK_Xiaomi_PPP_Store_01.jpg\"><img loading=\"lazy\" decoding=\"async\" class=\"alignnone size-medium wp-image-38638\" src=\"https:\/\/www.kibotek.com\/wp-content\/uploads\/2021\/07\/kiboTEK_Xiaomi_PPP_Store_01-300x223.jpg\" alt=\"\" width=\"300\" height=\"223\" title=\"\" srcset=\"https:\/\/www.kibotek.com\/wp-content\/uploads\/2021\/07\/kiboTEK_Xiaomi_PPP_Store_01-300x223.jpg 300w, https:\/\/www.kibotek.com\/wp-content\/uploads\/2021\/07\/kiboTEK_Xiaomi_PPP_Store_01-430x319.jpg 430w, https:\/\/www.kibotek.com\/wp-content\/uploads\/2021\/07\/kiboTEK_Xiaomi_PPP_Store_01-150x111.jpg 150w, https:\/\/www.kibotek.com\/wp-content\/uploads\/2021\/07\/kiboTEK_Xiaomi_PPP_Store_01-700x519.jpg 700w, https:\/\/www.kibotek.com\/wp-content\/uploads\/2021\/07\/kiboTEK_Xiaomi_PPP_Store_01-1024x759.jpg 1024w, https:\/\/www.kibotek.com\/wp-content\/uploads\/2021\/07\/kiboTEK_Xiaomi_PPP_Store_01-768x570.jpg 768w, https:\/\/www.kibotek.com\/wp-content\/uploads\/2021\/07\/kiboTEK_Xiaomi_PPP_Store_01-16x12.jpg 16w, https:\/\/www.kibotek.com\/wp-content\/uploads\/2021\/07\/kiboTEK_Xiaomi_PPP_Store_01-600x445.jpg 600w, https:\/\/www.kibotek.com\/wp-content\/uploads\/2021\/07\/kiboTEK_Xiaomi_PPP_Store_01-81x60.jpg 81w, https:\/\/www.kibotek.com\/wp-content\/uploads\/2021\/07\/kiboTEK_Xiaomi_PPP_Store_01-121x90.jpg 121w, https:\/\/www.kibotek.com\/wp-content\/uploads\/2021\/07\/kiboTEK_Xiaomi_PPP_Store_01.jpg 1440w\" sizes=\"auto, (max-width: 300px) 100vw, 300px\" \/><\/a><a href=\"https:\/\/www.kibotek.com\/wp-content\/uploads\/2021\/07\/kiboTEK_Xiaomi_PPP_Store_05.jpg\"><img loading=\"lazy\" decoding=\"async\" class=\"alignnone size-medium wp-image-38642\" src=\"https:\/\/www.kibotek.com\/wp-content\/uploads\/2021\/07\/kiboTEK_Xiaomi_PPP_Store_05-300x225.jpg\" alt=\"\" width=\"300\" height=\"225\" title=\"\" srcset=\"https:\/\/www.kibotek.com\/wp-content\/uploads\/2021\/07\/kiboTEK_Xiaomi_PPP_Store_05-300x225.jpg 300w, https:\/\/www.kibotek.com\/wp-content\/uploads\/2021\/07\/kiboTEK_Xiaomi_PPP_Store_05-430x323.jpg 430w, https:\/\/www.kibotek.com\/wp-content\/uploads\/2021\/07\/kiboTEK_Xiaomi_PPP_Store_05-150x113.jpg 150w, https:\/\/www.kibotek.com\/wp-content\/uploads\/2021\/07\/kiboTEK_Xiaomi_PPP_Store_05-700x525.jpg 700w, https:\/\/www.kibotek.com\/wp-content\/uploads\/2021\/07\/kiboTEK_Xiaomi_PPP_Store_05-1024x768.jpg 1024w, https:\/\/www.kibotek.com\/wp-content\/uploads\/2021\/07\/kiboTEK_Xiaomi_PPP_Store_05-768x576.jpg 768w, https:\/\/www.kibotek.com\/wp-content\/uploads\/2021\/07\/kiboTEK_Xiaomi_PPP_Store_05-16x12.jpg 16w, https:\/\/www.kibotek.com\/wp-content\/uploads\/2021\/07\/kiboTEK_Xiaomi_PPP_Store_05-600x450.jpg 600w, https:\/\/www.kibotek.com\/wp-content\/uploads\/2021\/07\/kiboTEK_Xiaomi_PPP_Store_05-80x60.jpg 80w, https:\/\/www.kibotek.com\/wp-content\/uploads\/2021\/07\/kiboTEK_Xiaomi_PPP_Store_05-120x90.jpg 120w, https:\/\/www.kibotek.com\/wp-content\/uploads\/2021\/07\/kiboTEK_Xiaomi_PPP_Store_05.jpg 1440w\" sizes=\"auto, (max-width: 300px) 100vw, 300px\" \/><\/a><\/p>\n<p>Nous avons de nombreuses ann\u00e9es d&#039;exp\u00e9rience, toujours au service de nos clients.<\/p>\n<p>Dans kiboTEK, vous pouvez <strong><span style=\"color: #ff7d06;\"><a style=\"color: #ff7d06;\" href=\"https:\/\/www.kibotek.com\/fr\/acheter-xiaomi-espagne\/\">acheter Xiaomi<\/a><\/span><\/strong> pas cher,\u00a0 <a href=\"https:\/\/www.kibotek.com\/fr\/brand\/acheter-le-meilleur-de-xiaomi\/comprar-lo-mejor-de-pocophone\/\"><strong><span style=\"color: #ff7d06;\">Un peu<\/span><\/strong><\/a>, Blackshark et <strong><span style=\"color: #ff7d06;\"><a style=\"color: #ff7d06;\" href=\"https:\/\/www.kibotek.com\/fr\/brand\/acheter-le-meilleur-de-xiaomi\/acheter-le-meilleur-de-redmi\/\">Redmi<\/a><\/span><\/strong>, ainsi que des marques \u00e9mergentes et montantes comme Realme. Nous sommes aussi un magasin <strong><span style=\"color: #ff7d06;\"><a style=\"color: #ff7d06;\" href=\"https:\/\/www.kibotek.com\/fr\/brand\/acheter-le-meilleur-de-huawei\/comprar-lo-mejor-de-honor\/\">Honor<\/a><\/span><\/strong>\u00a0en Espagne ainsi qu&#039;en magasin <strong><span style=\"color: #ff7d06;\"><a style=\"color: #ff7d06;\" href=\"https:\/\/www.kibotek.com\/fr\/brand\/acheter-le-meilleur-dun-plus\/\">Oneplus<\/a><\/span><\/strong> en Espagne, magasin Realme Espagne, magasin Oppo Espagne, magasin <strong><span style=\"color: #ff7d06;\"><a style=\"color: #ff7d06;\" href=\"https:\/\/www.kibotek.com\/fr\/brand\/acheter-le-meilleur-de-meizu\/\">Meizu<\/a><\/span><\/strong> et bien d&#039;autres marques. Nous nous effor\u00e7ons d&#039;apporter les meilleurs mod\u00e8les internationaux originaux 100% du march\u00e9 asiatique en Espagne. Toujours le premier. Nous avons \u00e9galement un large catalogue de gadgets et d&#039;accessoires.<\/p>\n<p>Notre r\u00e9f\u00e9rence est le classement <strong><span style=\"color: #ff7d06;\"><a style=\"color: #ff7d06;\" href=\"http:\/\/www.antutu.com\/en\/\" rel=\"nofollow noopener\" target=\"_blank\">Antutu<\/a><\/span><\/strong> comme vous pouvez le voir dans notre <strong><span style=\"color: #ff7d06;\"><a style=\"color: #ff7d06;\" href=\"https:\/\/www.kibotek.com\/fr\/espacio-antutu\/\">Top Antutu<\/a><\/span><\/strong>, bien que nous proposons \u00e9galement des mod\u00e8les bas de gamme. Toujours avec des relations qualit\u00e9 \/ prix exceptionnelles.<\/p>","protected":false},"excerpt":{"rendered":"<p>kiboTEK es una tienda de tecnolog\u00eda online y f\u00edsica ubicada en Alameda Urquijo 35 Bilbao Espa\u00f1a que te ofrece los<\/p>","protected":false},"author":12,"featured_media":0,"parent":0,"menu_order":0,"comment_status":"closed","ping_status":"closed","template":"","meta":{"iawp_total_views":2432,"footnotes":""},"class_list":["post-12","page","type-page","status-publish","hentry"],"rttpg_featured_image_url":null,"rttpg_author":{"display_name":"kiboadm","author_link":"https:\/\/www.kibotek.com\/fr\/kibonews\/author\/kiboadm-2-2-2-2-2-2-2-2-2-2-2-2-2\/"},"rttpg_comment":0,"rttpg_category":null,"rttpg_excerpt":"kiboTEK es una tienda de tecnolog\u00eda online y f\u00edsica ubicada en Alameda Urquijo 35 Bilbao Espa\u00f1a que te ofrece los","_links":{"self":[{"href":"https:\/\/www.kibotek.com\/fr\/wp-json\/wp\/v2\/pages\/12","targetHints":{"allow":["GET"]}}],"collection":[{"href":"https:\/\/www.kibotek.com\/fr\/wp-json\/wp\/v2\/pages"}],"about":[{"href":"https:\/\/www.kibotek.com\/fr\/wp-json\/wp\/v2\/types\/page"}],"author":[{"embeddable":true,"href":"https:\/\/www.kibotek.com\/fr\/wp-json\/wp\/v2\/users\/12"}],"replies":[{"embeddable":true,"href":"https:\/\/www.kibotek.com\/fr\/wp-json\/wp\/v2\/comments?post=12"}],"version-history":[{"count":0,"href":"https:\/\/www.kibotek.com\/fr\/wp-json\/wp\/v2\/pages\/12\/revisions"}],"wp:attachment":[{"href":"https:\/\/www.kibotek.com\/fr\/wp-json\/wp\/v2\/media?parent=12"}],"curies":[{"name":"wp","href":"https:\/\/api.w.org\/{rel}","templated":true}]}}