{"id":11757,"date":"2019-11-18T00:07:12","date_gmt":"2019-11-17T22:07:12","guid":{"rendered":"https:\/\/www.kibotek.com\/?page_id=11757"},"modified":"2022-03-15T18:43:42","modified_gmt":"2022-03-15T17:43:42","slug":"modes-de-paiement","status":"publish","type":"page","link":"https:\/\/www.kibotek.com\/fr\/formas-de-pago\/","title":{"rendered":"Modes de paiement"},"content":{"rendered":"<h1>Modes de paiement kiboTEK<\/h1>\n<p>Chez kiboTEK, nous acceptons de nombreuses formes de paiement: le paiement par carte via RedSys, le paiement fractionn\u00e9 via Sequra, le paiement par carte via Stripe, Google Pay, Apple Pay, ainsi que le paiement via Paypal.<\/p>\n<h2>Paiement par carte (Redsys)<\/h2>\n<p><strong>Disponible pour les achats en Europe<\/strong>.<\/p>\n<p>Nous acceptons les paiements par carte de cr\u00e9dit ou de d\u00e9bit en fonction du <strong>passerelle de paiement la plus utilis\u00e9e en Espagne<\/strong>, <strong><span style=\"color: #ff7d06;\"><a style=\"color: #ff7d06;\" href=\"http:\/\/www.redsys.es\/comercio-electronico.html\" target=\"_blank\" rel=\"noopener noreferrer nofollow\">RedSys<\/a><\/span><\/strong>.<\/p>\n<p><a href=\"http:\/\/www.redsys.es\/\" target=\"_blank\" rel=\"noopener noreferrer nofollow\"><img loading=\"lazy\" decoding=\"async\" class=\"aligncenter wp-image-6240 size-large\" src=\"https:\/\/www.kibotek.com\/wp-content\/uploads\/2019\/01\/kiboTEK_pago_seguro_ssl_redsys-1024x159.jpg\" alt=\"Paiement s\u00e9curis\u00e9 SSL Redsys par carte de cr\u00e9dit chez kiboTEK\" width=\"640\" height=\"99\" title=\"\" srcset=\"https:\/\/www.kibotek.com\/wp-content\/uploads\/2019\/01\/kiboTEK_pago_seguro_ssl_redsys-1024x159.jpg 1024w, https:\/\/www.kibotek.com\/wp-content\/uploads\/2019\/01\/kiboTEK_pago_seguro_ssl_redsys-430x67.jpg 430w, https:\/\/www.kibotek.com\/wp-content\/uploads\/2019\/01\/kiboTEK_pago_seguro_ssl_redsys-150x23.jpg 150w, https:\/\/www.kibotek.com\/wp-content\/uploads\/2019\/01\/kiboTEK_pago_seguro_ssl_redsys-700x109.jpg 700w, https:\/\/www.kibotek.com\/wp-content\/uploads\/2019\/01\/kiboTEK_pago_seguro_ssl_redsys-300x47.jpg 300w, https:\/\/www.kibotek.com\/wp-content\/uploads\/2019\/01\/kiboTEK_pago_seguro_ssl_redsys-768x119.jpg 768w, https:\/\/www.kibotek.com\/wp-content\/uploads\/2019\/01\/kiboTEK_pago_seguro_ssl_redsys-600x93.jpg 600w\" sizes=\"auto, (max-width: 640px) 100vw, 640px\" \/><\/a><\/p>\n<p>Nous ne sauvegardons ni ne stockons aucune donn\u00e9e de paiement de nos clients, car celles-ci sont trait\u00e9es par les propres syst\u00e8mes bancaires du client.<\/p>\n<div id=\"thawteseal\" title=\"Cliquez pour v\u00e9rifier - Ce site a choisi Thawte SSL pour le commerce \u00e9lectronique s\u00e9curis\u00e9 et les communications confidentielles.\">\n<div>\n<h2>Divisez en 3 <a href=\"https:\/\/www.sequra.es\/soluciones\" target=\"_blank\" rel=\"noopener noreferrer nofollow\"><img loading=\"lazy\" decoding=\"async\" class=\"alignnone wp-image-9233 size-full\" src=\"https:\/\/www.kibotek.com\/wp-content\/uploads\/2019\/07\/sequra_payment.png\" alt=\"Paiement fractionn\u00e9 Xiaomi Sequra kiboTEK\" width=\"73\" height=\"52\" title=\"\"><\/a><\/h2>\n<p><strong>Uniquement disponible pour les achats en Espagne.<\/strong><\/p>\n<p>Divisez le r\u00e8glement de votre commande en 3 versements \u00e9gaux, sans int\u00e9r\u00eats, uniquement avec un co\u00fbt d&#039;\u00e9tude de 2 95% de la commande que vous payez au moment de l&#039;achat. Le reste des paiements n&#039;a aucun co\u00fbt associ\u00e9. Un paiement par mois. Sans plus. Instantan\u00e9ment et sans paperasse.<\/p>\n<p><img loading=\"lazy\" decoding=\"async\" class=\"alignnone size-full wp-image-29921\" style=\"display: none !important;\" hidden=\"\" src=\"https:\/\/www.kibotek.com\/wp-content\/uploads\/2020\/10\/banner-SQ-div3-295-verde_pos_728x90.png\" alt=\"\" width=\"728\" height=\"90\" title=\"\" srcset=\"https:\/\/www.kibotek.com\/wp-content\/uploads\/2020\/10\/banner-SQ-div3-295-verde_pos_728x90.png 728w, https:\/\/www.kibotek.com\/wp-content\/uploads\/2020\/10\/banner-SQ-div3-295-verde_pos_728x90-430x53.png 430w, https:\/\/www.kibotek.com\/wp-content\/uploads\/2020\/10\/banner-SQ-div3-295-verde_pos_728x90-150x19.png 150w, https:\/\/www.kibotek.com\/wp-content\/uploads\/2020\/10\/banner-SQ-div3-295-verde_pos_728x90-700x87.png 700w, https:\/\/www.kibotek.com\/wp-content\/uploads\/2020\/10\/banner-SQ-div3-295-verde_pos_728x90-300x37.png 300w, https:\/\/www.kibotek.com\/wp-content\/uploads\/2020\/10\/banner-SQ-div3-295-verde_pos_728x90-16x2.png 16w, https:\/\/www.kibotek.com\/wp-content\/uploads\/2020\/10\/banner-SQ-div3-295-verde_pos_728x90-24x3.png 24w, https:\/\/www.kibotek.com\/wp-content\/uploads\/2020\/10\/banner-SQ-div3-295-verde_pos_728x90-36x4.png 36w, https:\/\/www.kibotek.com\/wp-content\/uploads\/2020\/10\/banner-SQ-div3-295-verde_pos_728x90-48x6.png 48w, https:\/\/www.kibotek.com\/wp-content\/uploads\/2020\/10\/banner-SQ-div3-295-verde_pos_728x90-600x74.png 600w, https:\/\/www.kibotek.com\/wp-content\/uploads\/2020\/10\/banner-SQ-div3-295-verde_pos_728x90-190x23.png 190w\" sizes=\"auto, (max-width: 728px) 100vw, 728px\" \/><\/p>\n<p><img loading=\"lazy\" decoding=\"async\" class=\"alignnone size-full wp-image-29918\" style=\"display: none !important;\" hidden=\"\" src=\"https:\/\/www.kibotek.com\/wp-content\/uploads\/2020\/10\/banner-SQ-div3-295-verde_neg_728x90.png\" alt=\"\" width=\"728\" height=\"90\" title=\"\"><\/p>\n<p><img loading=\"lazy\" decoding=\"async\" class=\"alignnone size-full wp-image-29918\" style=\"display: none !important;\" hidden=\"\" src=\"https:\/\/www.kibotek.com\/wp-content\/uploads\/2020\/10\/banner-SQ-div3-295-verde_neg_728x90.png\" alt=\"\" width=\"728\" height=\"90\" title=\"\"><\/p>\n<p>Par exemple, si vous choisissez de payer une commande de 100 \u20ac en 3 mois, vous paierez 33,33 \u20ac au moment de l&#039;achat (+ 2,95 \u20ac de frais d&#039;ouverture) et 33,33 \u20ac suppl\u00e9mentaires pour les deux mois suivants. Le pr\u00e9l\u00e8vement mensuel est automatique sur votre carte. Toujours le m\u00eame jour du mois que vous avez effectu\u00e9 l&#039;achat. Si ce jour n&#039;est pas le meilleur pour vous, vous pouvez le changer sans frais suppl\u00e9mentaires.<\/p>\n<p>C&#039;est aussi simple et rapide de diviser votre paiement en 3 avec SeQura:<\/p>\n<p>1. S\u00e9lectionnez SeQura Divide in 3 comme mode de paiement \u00e0 la fin de votre achat.<br \/>\n2. Saisissez vos donn\u00e9es (identifiant et mobile) et r\u00e9glez le premier paiement (1\/3 de la commande + frais d&#039;ouverture).<br \/>\n3. Profitez de votre achat! Le reste des paiements sera effectu\u00e9 automatiquement chaque mois.<\/p>\n<p>Si vous avez des doutes, r\u00e9solvez-les <a href=\"https:\/\/www.sequra.es\/preguntas-frecuentes\/?utm_source=merchant&amp;utm_medium=paginainfo&amp;utm_term=faqs&amp;utm_content=descripci\u00f3n_SP1coste_SQ&amp;utm_campaign=paginainfometodosdepago\" target=\"_blank\" rel=\"noopener noreferrer nofollow\">ici<\/a>.<\/p>\n<p><a href=\"https:\/\/www.sequra.es\/soluciones\" target=\"_blank\" rel=\"noopener noreferrer nofollow\"><img loading=\"lazy\" decoding=\"async\" class=\"aligncenter wp-image-9231\" src=\"https:\/\/www.kibotek.com\/wp-content\/uploads\/2019\/07\/logo_sequra.png\" alt=\"Paiement fractionn\u00e9 Xiaomi Sequra kiboTEK\" width=\"188\" height=\"40\" title=\"\"><\/a><\/p>\n<\/div>\n<\/div>\n<h2>Paiement fractionn\u00e9 <a href=\"https:\/\/www.sequra.es\/soluciones\" target=\"_blank\" rel=\"noopener noreferrer nofollow\"><img loading=\"lazy\" decoding=\"async\" class=\"alignnone wp-image-9233 size-full\" src=\"https:\/\/www.kibotek.com\/wp-content\/uploads\/2019\/07\/sequra_payment.png\" alt=\"Paiement fractionn\u00e9 Xiaomi Sequra kiboTEK\" width=\"73\" height=\"52\" title=\"\"><\/a><\/h2>\n<p><strong>Uniquement disponible pour les achats en Espagne.<\/strong><\/p>\n<p>Choisissez de diviser le montant de votre commande par 4, 6, 12 ou 18 mensualit\u00e9s, au moment de l&#039;achat.<\/p>\n<ul>\n<li>Juste un peu <strong>co\u00fbt fixe par mois<\/strong> (varie en fonction du montant de la commande). <strong>Sans int\u00e9r\u00eat, TIN 0%. Pas de frais cach\u00e9s<\/strong>.<\/li>\n<li>Instantan\u00e9ment et sans paperasse. Uniquement avec votre DNI ou NIE, votre mobile et votre carte.<\/li>\n<li>Au moment de l&#039;achat, le premier paiement par carte est effectu\u00e9, et le reste est automatis\u00e9 en fonction des mensualit\u00e9s que vous avez choisies.<\/li>\n<li>Vous pouvez modifier le plan de paiement ou payer int\u00e9gralement \u00e0 tout moment sans frais suppl\u00e9mentaires. Et vous pouvez \u00e9galement choisir ou modifier le jour du mois que vous souhaitez payer.<\/li>\n<li>SeQura vous informera \u00e0 tout moment par e-mail et SMS.<\/li>\n<li>C&#039;est un service de <a href=\"https:\/\/www.sequra.es\/preguntas-frecuentes.html\" target=\"_blank\" rel=\"noopener noreferrer nofollow\">SeQura<\/a>, qui vous donne la possibilit\u00e9 d&#039;enregistrer les d\u00e9tails de votre carte afin de ne pas avoir \u00e0 ressaisir vos informations de paiement pour vos achats<\/li>\n<\/ul>\n<p>Par exemple, si vous choisissez de payer une commande de 180 \u20ac en 4 mois, vous paierez 48 \u20ac par mois (seulement 3 \u20ac par mois et par versement).<\/p>\n<p><a href=\"https:\/\/www.sequra.es\/soluciones\" target=\"_blank\" rel=\"noopener noreferrer nofollow\"><img loading=\"lazy\" decoding=\"async\" class=\"aligncenter wp-image-9231\" src=\"https:\/\/www.kibotek.com\/wp-content\/uploads\/2019\/07\/logo_sequra.png\" alt=\"Paiement fractionn\u00e9 Xiaomi Sequra kiboTEK\" width=\"188\" height=\"40\" title=\"\"><\/a><\/p>\n<h2>Payer par Paypal<\/h2>\n<p><strong>Disponible pour les achats en Europe<\/strong>.<\/p>\n<p>Nous acceptons \u00e9galement les paiements via <span style=\"color: #ff6600;\"><a style=\"color: #ff6600;\" href=\"https:\/\/www.paypal.com\/es\" rel=\"nofollow noopener\" target=\"_blank\">Pay Pal<\/a><\/span>, bien que dans ce cas, nous appliquons une commission suppl\u00e9mentaire de 2,9% plus 0,35 \u20ac pour l&#039;op\u00e9ration, en ce qui concerne les d\u00e9penses que cette passerelle de paiement PayPal applique aux vendeurs.<\/p>\n<p><a href=\"https:\/\/www.paypal.com\/es\" rel=\"nofollow noopener\" target=\"_blank\"><img loading=\"lazy\" decoding=\"async\" class=\"aligncenter size-full wp-image-12021\" src=\"https:\/\/www.kibotek.com\/wp-content\/uploads\/2019\/11\/paypal.png\" alt=\"\" width=\"151\" height=\"110\" title=\"\" srcset=\"https:\/\/www.kibotek.com\/wp-content\/uploads\/2019\/11\/paypal.png 151w, https:\/\/www.kibotek.com\/wp-content\/uploads\/2019\/11\/paypal-150x110.png 150w, https:\/\/www.kibotek.com\/wp-content\/uploads\/2019\/11\/paypal-24x17.png 24w, https:\/\/www.kibotek.com\/wp-content\/uploads\/2019\/11\/paypal-36x26.png 36w, https:\/\/www.kibotek.com\/wp-content\/uploads\/2019\/11\/paypal-48x35.png 48w\" sizes=\"auto, (max-width: 151px) 100vw, 151px\" \/><\/a><\/p>\n<h2>Paiement par carte (Stripe)<\/h2>\n<p>Nous proposons \u00e9galement un paiement par carte facile via Stripe<\/p>\n<h2>Paiement avec Bizum<\/h2>\n<p>Vous pouvez maintenant payer avec Bizum dans kiboTEK, facilement et simplement.<\/p>\n<h2><\/h2>\n<p>De plus, notre site Web kiboTEK offre une exp\u00e9rience d&#039;achat s\u00e9curis\u00e9e, avec un cryptage SSL du d\u00e9but \u00e0 la fin, pas seulement dans le paiement.<\/p>\n<div id=\"thawteseal\" style=\"text-align: center;\" title=\"Cliquez pour v\u00e9rifier - Ce site a choisi Thawte SSL pour le commerce \u00e9lectronique s\u00e9curis\u00e9 et les communications confidentielles.\">\n<div><script type=\"text\/javascript\" src=\"https:\/\/seal.thawte.com\/getthawteseal?host_name=www.kibotek.com&amp;size=S&amp;lang=es\"><\/script><\/div>\n<div><a style=\"color: #000000; text-decoration: none; font: bold 10px arial,sans-serif; margin: 0px; padding: 0px;\" href=\"http:\/\/www.thawte.com\/ssl-certificates\/\" target=\"_blank\" rel=\"noopener noreferrer nofollow\">\u00c0 propos des certificats SSL<\/a><\/div>\n<\/div>\n<p>&nbsp;<\/p>","protected":false},"excerpt":{"rendered":"<p>Formas de pago kiboTEK En kiboTEK aceptamos muchas formas de pago: Pago con Tarjeta mediante RedSys, Divide en 3 y<\/p>","protected":false},"author":12,"featured_media":0,"parent":0,"menu_order":0,"comment_status":"closed","ping_status":"closed","template":"","meta":{"iawp_total_views":1733,"footnotes":""},"class_list":["post-11757","page","type-page","status-publish","hentry"],"rttpg_featured_image_url":null,"rttpg_author":{"display_name":"kiboadm","author_link":"https:\/\/www.kibotek.com\/fr\/kibonews\/author\/kiboadm-2-2-2-2-2-2-2-2-2-2-2-2-2\/"},"rttpg_comment":0,"rttpg_category":null,"rttpg_excerpt":"Formas de pago kiboTEK En kiboTEK aceptamos muchas formas de pago: Pago con Tarjeta mediante RedSys, Divide en 3 y","_links":{"self":[{"href":"https:\/\/www.kibotek.com\/fr\/wp-json\/wp\/v2\/pages\/11757","targetHints":{"allow":["GET"]}}],"collection":[{"href":"https:\/\/www.kibotek.com\/fr\/wp-json\/wp\/v2\/pages"}],"about":[{"href":"https:\/\/www.kibotek.com\/fr\/wp-json\/wp\/v2\/types\/page"}],"author":[{"embeddable":true,"href":"https:\/\/www.kibotek.com\/fr\/wp-json\/wp\/v2\/users\/12"}],"replies":[{"embeddable":true,"href":"https:\/\/www.kibotek.com\/fr\/wp-json\/wp\/v2\/comments?post=11757"}],"version-history":[{"count":0,"href":"https:\/\/www.kibotek.com\/fr\/wp-json\/wp\/v2\/pages\/11757\/revisions"}],"wp:attachment":[{"href":"https:\/\/www.kibotek.com\/fr\/wp-json\/wp\/v2\/media?parent=11757"}],"curies":[{"name":"wp","href":"https:\/\/api.w.org\/{rel}","templated":true}]}}