{"id":49181,"date":"2023-07-21T10:14:48","date_gmt":"2023-07-21T08:14:48","guid":{"rendered":"https:\/\/www.kibotek.com\/?post_type=product&#038;p=49181"},"modified":"2026-05-08T23:10:16","modified_gmt":"2026-05-08T21:10:16","slug":"xiaomi-robot-vacuum-e12","status":"publish","type":"product","link":"https:\/\/www.kibotek.com\/en\/kibostore\/xiaomi-robot-vacuum-e12\/","title":{"rendered":"Xiaomi Robot Vacuum E12"},"content":{"rendered":"<p>Buy the Xiaomi Robot Vacuum E12 with shipping from Spain to all of Europe in 24\/72 hours and a 3-year Official Guarantee<\/p>\n<ul>\n<li>Xiaomi Robot Vacuum E12 Model<\/li>\n<li>4000 pa suction power<\/li>\n<li>4 suction levels<\/li>\n<li>Water tank<\/li>\n<li>Real-time voice notifications<\/li>\n<li>Smart control from the APP<\/li>\n<li>2600 mAh (typical capacity)<\/li>\n<li>Charging time up to 3.5 hours<\/li>\n<li>Weight of 3.3 Kg<\/li>\n<li class=\"item\"><span class=\"item-title\">Dimensions of 325 x 80 mm<\/span><\/li>\n<\/ul>\n<p><strong>Box contents<\/strong><\/p>\n<ul>\n<li>1 x Xiaomi Robot Vacuum E12 Vacuum Cleaner<\/li>\n<li>1 x main brush<\/li>\n<li>1 x 2 in 1 dust and water tank<\/li>\n<li>1 x side brush<\/li>\n<li>1 x brush cover<\/li>\n<li>1 x pad<\/li>\n<li>1 x mop frame<\/li>\n<li>1 x power adapter<\/li>\n<li>1 x charging base<\/li>\n<li>1 x cleaning brush<\/li>\n<li>1 x user manual<\/li>\n<li>2 x filters<\/li>\n<\/ul>\n<p><img loading=\"lazy\" decoding=\"async\" class=\"alignleft wp-image-49183 size-large\" src=\"https:\/\/www.kibotek.com\/wp-content\/uploads\/2023\/07\/kiboTEK_xiaomi_vacuum_e12_003-1024x484.jpg\" alt=\"\" width=\"1024\" height=\"484\" title=\"\" srcset=\"https:\/\/www.kibotek.com\/wp-content\/uploads\/2023\/07\/kiboTEK_xiaomi_vacuum_e12_003-1024x484.jpg 1024w, https:\/\/www.kibotek.com\/wp-content\/uploads\/2023\/07\/kiboTEK_xiaomi_vacuum_e12_003-430x203.jpg 430w, https:\/\/www.kibotek.com\/wp-content\/uploads\/2023\/07\/kiboTEK_xiaomi_vacuum_e12_003-150x71.jpg 150w, https:\/\/www.kibotek.com\/wp-content\/uploads\/2023\/07\/kiboTEK_xiaomi_vacuum_e12_003-700x331.jpg 700w, https:\/\/www.kibotek.com\/wp-content\/uploads\/2023\/07\/kiboTEK_xiaomi_vacuum_e12_003-300x142.jpg 300w, https:\/\/www.kibotek.com\/wp-content\/uploads\/2023\/07\/kiboTEK_xiaomi_vacuum_e12_003-768x363.jpg 768w, https:\/\/www.kibotek.com\/wp-content\/uploads\/2023\/07\/kiboTEK_xiaomi_vacuum_e12_003-1536x726.jpg 1536w, https:\/\/www.kibotek.com\/wp-content\/uploads\/2023\/07\/kiboTEK_xiaomi_vacuum_e12_003-18x9.jpg 18w, https:\/\/www.kibotek.com\/wp-content\/uploads\/2023\/07\/kiboTEK_xiaomi_vacuum_e12_003.jpg 1843w\" sizes=\"auto, (max-width: 1024px) 100vw, 1024px\" \/> <img loading=\"lazy\" decoding=\"async\" class=\"alignleft wp-image-49184 size-large\" src=\"https:\/\/www.kibotek.com\/wp-content\/uploads\/2023\/07\/kiboTEK_xiaomi_vacuum_e12_004-1024x436.jpg\" alt=\"\" width=\"1024\" height=\"436\" title=\"\" srcset=\"https:\/\/www.kibotek.com\/wp-content\/uploads\/2023\/07\/kiboTEK_xiaomi_vacuum_e12_004-1024x436.jpg 1024w, https:\/\/www.kibotek.com\/wp-content\/uploads\/2023\/07\/kiboTEK_xiaomi_vacuum_e12_004-430x183.jpg 430w, https:\/\/www.kibotek.com\/wp-content\/uploads\/2023\/07\/kiboTEK_xiaomi_vacuum_e12_004-150x64.jpg 150w, https:\/\/www.kibotek.com\/wp-content\/uploads\/2023\/07\/kiboTEK_xiaomi_vacuum_e12_004-700x298.jpg 700w, https:\/\/www.kibotek.com\/wp-content\/uploads\/2023\/07\/kiboTEK_xiaomi_vacuum_e12_004-300x128.jpg 300w, https:\/\/www.kibotek.com\/wp-content\/uploads\/2023\/07\/kiboTEK_xiaomi_vacuum_e12_004-768x327.jpg 768w, https:\/\/www.kibotek.com\/wp-content\/uploads\/2023\/07\/kiboTEK_xiaomi_vacuum_e12_004-1536x654.jpg 1536w, https:\/\/www.kibotek.com\/wp-content\/uploads\/2023\/07\/kiboTEK_xiaomi_vacuum_e12_004-18x8.jpg 18w, https:\/\/www.kibotek.com\/wp-content\/uploads\/2023\/07\/kiboTEK_xiaomi_vacuum_e12_004.jpg 1655w\" sizes=\"auto, (max-width: 1024px) 100vw, 1024px\" \/> <img loading=\"lazy\" decoding=\"async\" class=\"alignleft wp-image-49185 size-large\" src=\"https:\/\/www.kibotek.com\/wp-content\/uploads\/2023\/07\/kiboTEK_xiaomi_vacuum_e12_005-1024x509.jpg\" alt=\"\" width=\"1024\" height=\"509\" title=\"\" srcset=\"https:\/\/www.kibotek.com\/wp-content\/uploads\/2023\/07\/kiboTEK_xiaomi_vacuum_e12_005-1024x509.jpg 1024w, https:\/\/www.kibotek.com\/wp-content\/uploads\/2023\/07\/kiboTEK_xiaomi_vacuum_e12_005-430x214.jpg 430w, https:\/\/www.kibotek.com\/wp-content\/uploads\/2023\/07\/kiboTEK_xiaomi_vacuum_e12_005-150x75.jpg 150w, https:\/\/www.kibotek.com\/wp-content\/uploads\/2023\/07\/kiboTEK_xiaomi_vacuum_e12_005-700x348.jpg 700w, https:\/\/www.kibotek.com\/wp-content\/uploads\/2023\/07\/kiboTEK_xiaomi_vacuum_e12_005-300x149.jpg 300w, https:\/\/www.kibotek.com\/wp-content\/uploads\/2023\/07\/kiboTEK_xiaomi_vacuum_e12_005-768x382.jpg 768w, https:\/\/www.kibotek.com\/wp-content\/uploads\/2023\/07\/kiboTEK_xiaomi_vacuum_e12_005-18x9.jpg 18w, https:\/\/www.kibotek.com\/wp-content\/uploads\/2023\/07\/kiboTEK_xiaomi_vacuum_e12_005.jpg 1409w\" sizes=\"auto, (max-width: 1024px) 100vw, 1024px\" \/> <img loading=\"lazy\" decoding=\"async\" class=\"alignleft wp-image-49186 size-large\" src=\"https:\/\/www.kibotek.com\/wp-content\/uploads\/2023\/07\/kiboTEK_xiaomi_vacuum_e12_006-1024x464.jpg\" alt=\"\" width=\"1024\" height=\"464\" title=\"\" srcset=\"https:\/\/www.kibotek.com\/wp-content\/uploads\/2023\/07\/kiboTEK_xiaomi_vacuum_e12_006-1024x464.jpg 1024w, https:\/\/www.kibotek.com\/wp-content\/uploads\/2023\/07\/kiboTEK_xiaomi_vacuum_e12_006-430x195.jpg 430w, https:\/\/www.kibotek.com\/wp-content\/uploads\/2023\/07\/kiboTEK_xiaomi_vacuum_e12_006-150x68.jpg 150w, https:\/\/www.kibotek.com\/wp-content\/uploads\/2023\/07\/kiboTEK_xiaomi_vacuum_e12_006-700x317.jpg 700w, https:\/\/www.kibotek.com\/wp-content\/uploads\/2023\/07\/kiboTEK_xiaomi_vacuum_e12_006-300x136.jpg 300w, https:\/\/www.kibotek.com\/wp-content\/uploads\/2023\/07\/kiboTEK_xiaomi_vacuum_e12_006-768x348.jpg 768w, https:\/\/www.kibotek.com\/wp-content\/uploads\/2023\/07\/kiboTEK_xiaomi_vacuum_e12_006-1536x695.jpg 1536w, https:\/\/www.kibotek.com\/wp-content\/uploads\/2023\/07\/kiboTEK_xiaomi_vacuum_e12_006-18x8.jpg 18w, https:\/\/www.kibotek.com\/wp-content\/uploads\/2023\/07\/kiboTEK_xiaomi_vacuum_e12_006.jpg 1820w\" sizes=\"auto, (max-width: 1024px) 100vw, 1024px\" \/> <img loading=\"lazy\" decoding=\"async\" class=\"alignleft wp-image-49187 size-large\" src=\"https:\/\/www.kibotek.com\/wp-content\/uploads\/2023\/07\/kiboTEK_xiaomi_vacuum_e12_007-1024x494.jpg\" alt=\"\" width=\"1024\" height=\"494\" title=\"\" srcset=\"https:\/\/www.kibotek.com\/wp-content\/uploads\/2023\/07\/kiboTEK_xiaomi_vacuum_e12_007-1024x494.jpg 1024w, https:\/\/www.kibotek.com\/wp-content\/uploads\/2023\/07\/kiboTEK_xiaomi_vacuum_e12_007-430x207.jpg 430w, https:\/\/www.kibotek.com\/wp-content\/uploads\/2023\/07\/kiboTEK_xiaomi_vacuum_e12_007-150x72.jpg 150w, https:\/\/www.kibotek.com\/wp-content\/uploads\/2023\/07\/kiboTEK_xiaomi_vacuum_e12_007-700x337.jpg 700w, https:\/\/www.kibotek.com\/wp-content\/uploads\/2023\/07\/kiboTEK_xiaomi_vacuum_e12_007-300x145.jpg 300w, https:\/\/www.kibotek.com\/wp-content\/uploads\/2023\/07\/kiboTEK_xiaomi_vacuum_e12_007-768x370.jpg 768w, https:\/\/www.kibotek.com\/wp-content\/uploads\/2023\/07\/kiboTEK_xiaomi_vacuum_e12_007-1536x741.jpg 1536w, https:\/\/www.kibotek.com\/wp-content\/uploads\/2023\/07\/kiboTEK_xiaomi_vacuum_e12_007-18x9.jpg 18w, https:\/\/www.kibotek.com\/wp-content\/uploads\/2023\/07\/kiboTEK_xiaomi_vacuum_e12_007.jpg 1790w\" sizes=\"auto, (max-width: 1024px) 100vw, 1024px\" \/> <img loading=\"lazy\" decoding=\"async\" class=\"alignleft wp-image-49188 size-large\" src=\"https:\/\/www.kibotek.com\/wp-content\/uploads\/2023\/07\/kiboTEK_xiaomi_vacuum_e12_008-1024x455.jpg\" alt=\"\" width=\"1024\" height=\"455\" title=\"\" srcset=\"https:\/\/www.kibotek.com\/wp-content\/uploads\/2023\/07\/kiboTEK_xiaomi_vacuum_e12_008-1024x455.jpg 1024w, https:\/\/www.kibotek.com\/wp-content\/uploads\/2023\/07\/kiboTEK_xiaomi_vacuum_e12_008-430x191.jpg 430w, https:\/\/www.kibotek.com\/wp-content\/uploads\/2023\/07\/kiboTEK_xiaomi_vacuum_e12_008-150x67.jpg 150w, https:\/\/www.kibotek.com\/wp-content\/uploads\/2023\/07\/kiboTEK_xiaomi_vacuum_e12_008-700x311.jpg 700w, https:\/\/www.kibotek.com\/wp-content\/uploads\/2023\/07\/kiboTEK_xiaomi_vacuum_e12_008-300x133.jpg 300w, https:\/\/www.kibotek.com\/wp-content\/uploads\/2023\/07\/kiboTEK_xiaomi_vacuum_e12_008-768x341.jpg 768w, https:\/\/www.kibotek.com\/wp-content\/uploads\/2023\/07\/kiboTEK_xiaomi_vacuum_e12_008-1536x683.jpg 1536w, https:\/\/www.kibotek.com\/wp-content\/uploads\/2023\/07\/kiboTEK_xiaomi_vacuum_e12_008-18x8.jpg 18w, https:\/\/www.kibotek.com\/wp-content\/uploads\/2023\/07\/kiboTEK_xiaomi_vacuum_e12_008.jpg 1764w\" sizes=\"auto, (max-width: 1024px) 100vw, 1024px\" \/> <img loading=\"lazy\" decoding=\"async\" class=\"alignleft wp-image-49189 size-large\" src=\"https:\/\/www.kibotek.com\/wp-content\/uploads\/2023\/07\/kiboTEK_xiaomi_vacuum_e12_009-1024x484.jpg\" alt=\"\" width=\"1024\" height=\"484\" title=\"\" srcset=\"https:\/\/www.kibotek.com\/wp-content\/uploads\/2023\/07\/kiboTEK_xiaomi_vacuum_e12_009-1024x484.jpg 1024w, https:\/\/www.kibotek.com\/wp-content\/uploads\/2023\/07\/kiboTEK_xiaomi_vacuum_e12_009-430x203.jpg 430w, https:\/\/www.kibotek.com\/wp-content\/uploads\/2023\/07\/kiboTEK_xiaomi_vacuum_e12_009-150x71.jpg 150w, https:\/\/www.kibotek.com\/wp-content\/uploads\/2023\/07\/kiboTEK_xiaomi_vacuum_e12_009-700x331.jpg 700w, https:\/\/www.kibotek.com\/wp-content\/uploads\/2023\/07\/kiboTEK_xiaomi_vacuum_e12_009-300x142.jpg 300w, https:\/\/www.kibotek.com\/wp-content\/uploads\/2023\/07\/kiboTEK_xiaomi_vacuum_e12_009-768x363.jpg 768w, https:\/\/www.kibotek.com\/wp-content\/uploads\/2023\/07\/kiboTEK_xiaomi_vacuum_e12_009-1536x726.jpg 1536w, https:\/\/www.kibotek.com\/wp-content\/uploads\/2023\/07\/kiboTEK_xiaomi_vacuum_e12_009-18x9.jpg 18w, https:\/\/www.kibotek.com\/wp-content\/uploads\/2023\/07\/kiboTEK_xiaomi_vacuum_e12_009.jpg 1796w\" sizes=\"auto, (max-width: 1024px) 100vw, 1024px\" \/> <img loading=\"lazy\" decoding=\"async\" class=\"alignleft wp-image-49190 size-large\" src=\"https:\/\/www.kibotek.com\/wp-content\/uploads\/2023\/07\/kiboTEK_xiaomi_vacuum_e12_010-1024x415.jpg\" alt=\"\" width=\"1024\" height=\"415\" title=\"\" srcset=\"https:\/\/www.kibotek.com\/wp-content\/uploads\/2023\/07\/kiboTEK_xiaomi_vacuum_e12_010-1024x415.jpg 1024w, https:\/\/www.kibotek.com\/wp-content\/uploads\/2023\/07\/kiboTEK_xiaomi_vacuum_e12_010-430x174.jpg 430w, https:\/\/www.kibotek.com\/wp-content\/uploads\/2023\/07\/kiboTEK_xiaomi_vacuum_e12_010-150x61.jpg 150w, https:\/\/www.kibotek.com\/wp-content\/uploads\/2023\/07\/kiboTEK_xiaomi_vacuum_e12_010-700x283.jpg 700w, https:\/\/www.kibotek.com\/wp-content\/uploads\/2023\/07\/kiboTEK_xiaomi_vacuum_e12_010-300x121.jpg 300w, https:\/\/www.kibotek.com\/wp-content\/uploads\/2023\/07\/kiboTEK_xiaomi_vacuum_e12_010-768x311.jpg 768w, https:\/\/www.kibotek.com\/wp-content\/uploads\/2023\/07\/kiboTEK_xiaomi_vacuum_e12_010-1536x622.jpg 1536w, https:\/\/www.kibotek.com\/wp-content\/uploads\/2023\/07\/kiboTEK_xiaomi_vacuum_e12_010-18x7.jpg 18w, https:\/\/www.kibotek.com\/wp-content\/uploads\/2023\/07\/kiboTEK_xiaomi_vacuum_e12_010.jpg 1798w\" sizes=\"auto, (max-width: 1024px) 100vw, 1024px\" \/> <img loading=\"lazy\" decoding=\"async\" class=\"alignleft wp-image-49191 size-large\" src=\"https:\/\/www.kibotek.com\/wp-content\/uploads\/2023\/07\/kiboTEK_xiaomi_vacuum_e12_011-1024x275.jpg\" alt=\"\" width=\"1024\" height=\"275\" title=\"\" srcset=\"https:\/\/www.kibotek.com\/wp-content\/uploads\/2023\/07\/kiboTEK_xiaomi_vacuum_e12_011-1024x275.jpg 1024w, https:\/\/www.kibotek.com\/wp-content\/uploads\/2023\/07\/kiboTEK_xiaomi_vacuum_e12_011-430x116.jpg 430w, https:\/\/www.kibotek.com\/wp-content\/uploads\/2023\/07\/kiboTEK_xiaomi_vacuum_e12_011-150x40.jpg 150w, https:\/\/www.kibotek.com\/wp-content\/uploads\/2023\/07\/kiboTEK_xiaomi_vacuum_e12_011-700x188.jpg 700w, https:\/\/www.kibotek.com\/wp-content\/uploads\/2023\/07\/kiboTEK_xiaomi_vacuum_e12_011-300x81.jpg 300w, https:\/\/www.kibotek.com\/wp-content\/uploads\/2023\/07\/kiboTEK_xiaomi_vacuum_e12_011-768x206.jpg 768w, https:\/\/www.kibotek.com\/wp-content\/uploads\/2023\/07\/kiboTEK_xiaomi_vacuum_e12_011-1536x413.jpg 1536w, https:\/\/www.kibotek.com\/wp-content\/uploads\/2023\/07\/kiboTEK_xiaomi_vacuum_e12_011-18x5.jpg 18w, https:\/\/www.kibotek.com\/wp-content\/uploads\/2023\/07\/kiboTEK_xiaomi_vacuum_e12_011.jpg 1797w\" sizes=\"auto, (max-width: 1024px) 100vw, 1024px\" \/> <img loading=\"lazy\" decoding=\"async\" class=\"alignleft wp-image-49192 size-large\" src=\"https:\/\/www.kibotek.com\/wp-content\/uploads\/2023\/07\/kiboTEK_xiaomi_vacuum_e12_012-1024x291.jpg\" alt=\"\" width=\"1024\" height=\"291\" title=\"\" srcset=\"https:\/\/www.kibotek.com\/wp-content\/uploads\/2023\/07\/kiboTEK_xiaomi_vacuum_e12_012-1024x291.jpg 1024w, https:\/\/www.kibotek.com\/wp-content\/uploads\/2023\/07\/kiboTEK_xiaomi_vacuum_e12_012-430x122.jpg 430w, https:\/\/www.kibotek.com\/wp-content\/uploads\/2023\/07\/kiboTEK_xiaomi_vacuum_e12_012-150x43.jpg 150w, https:\/\/www.kibotek.com\/wp-content\/uploads\/2023\/07\/kiboTEK_xiaomi_vacuum_e12_012-700x199.jpg 700w, https:\/\/www.kibotek.com\/wp-content\/uploads\/2023\/07\/kiboTEK_xiaomi_vacuum_e12_012-300x85.jpg 300w, https:\/\/www.kibotek.com\/wp-content\/uploads\/2023\/07\/kiboTEK_xiaomi_vacuum_e12_012-768x218.jpg 768w, https:\/\/www.kibotek.com\/wp-content\/uploads\/2023\/07\/kiboTEK_xiaomi_vacuum_e12_012-1536x436.jpg 1536w, https:\/\/www.kibotek.com\/wp-content\/uploads\/2023\/07\/kiboTEK_xiaomi_vacuum_e12_012-18x5.jpg 18w, https:\/\/www.kibotek.com\/wp-content\/uploads\/2023\/07\/kiboTEK_xiaomi_vacuum_e12_012-350x100.jpg 350w, https:\/\/www.kibotek.com\/wp-content\/uploads\/2023\/07\/kiboTEK_xiaomi_vacuum_e12_012.jpg 1659w\" sizes=\"auto, (max-width: 1024px) 100vw, 1024px\" \/> <img loading=\"lazy\" decoding=\"async\" class=\"alignleft wp-image-49193 size-large\" src=\"https:\/\/www.kibotek.com\/wp-content\/uploads\/2023\/07\/kiboTEK_xiaomi_vacuum_e12_013-1024x490.jpg\" alt=\"\" width=\"1024\" height=\"490\" title=\"\" srcset=\"https:\/\/www.kibotek.com\/wp-content\/uploads\/2023\/07\/kiboTEK_xiaomi_vacuum_e12_013-1024x490.jpg 1024w, https:\/\/www.kibotek.com\/wp-content\/uploads\/2023\/07\/kiboTEK_xiaomi_vacuum_e12_013-430x206.jpg 430w, https:\/\/www.kibotek.com\/wp-content\/uploads\/2023\/07\/kiboTEK_xiaomi_vacuum_e12_013-150x72.jpg 150w, https:\/\/www.kibotek.com\/wp-content\/uploads\/2023\/07\/kiboTEK_xiaomi_vacuum_e12_013-700x335.jpg 700w, https:\/\/www.kibotek.com\/wp-content\/uploads\/2023\/07\/kiboTEK_xiaomi_vacuum_e12_013-300x143.jpg 300w, https:\/\/www.kibotek.com\/wp-content\/uploads\/2023\/07\/kiboTEK_xiaomi_vacuum_e12_013-768x367.jpg 768w, https:\/\/www.kibotek.com\/wp-content\/uploads\/2023\/07\/kiboTEK_xiaomi_vacuum_e12_013-1536x734.jpg 1536w, https:\/\/www.kibotek.com\/wp-content\/uploads\/2023\/07\/kiboTEK_xiaomi_vacuum_e12_013-18x9.jpg 18w, https:\/\/www.kibotek.com\/wp-content\/uploads\/2023\/07\/kiboTEK_xiaomi_vacuum_e12_013.jpg 1851w\" sizes=\"auto, (max-width: 1024px) 100vw, 1024px\" \/> <img loading=\"lazy\" decoding=\"async\" class=\"alignleft wp-image-49194 size-large\" src=\"https:\/\/www.kibotek.com\/wp-content\/uploads\/2023\/07\/kiboTEK_xiaomi_vacuum_e12_014-1024x399.jpg\" alt=\"\" width=\"1024\" height=\"399\" title=\"\" srcset=\"https:\/\/www.kibotek.com\/wp-content\/uploads\/2023\/07\/kiboTEK_xiaomi_vacuum_e12_014-1024x399.jpg 1024w, https:\/\/www.kibotek.com\/wp-content\/uploads\/2023\/07\/kiboTEK_xiaomi_vacuum_e12_014-430x168.jpg 430w, https:\/\/www.kibotek.com\/wp-content\/uploads\/2023\/07\/kiboTEK_xiaomi_vacuum_e12_014-150x58.jpg 150w, https:\/\/www.kibotek.com\/wp-content\/uploads\/2023\/07\/kiboTEK_xiaomi_vacuum_e12_014-700x273.jpg 700w, https:\/\/www.kibotek.com\/wp-content\/uploads\/2023\/07\/kiboTEK_xiaomi_vacuum_e12_014-300x117.jpg 300w, https:\/\/www.kibotek.com\/wp-content\/uploads\/2023\/07\/kiboTEK_xiaomi_vacuum_e12_014-768x299.jpg 768w, https:\/\/www.kibotek.com\/wp-content\/uploads\/2023\/07\/kiboTEK_xiaomi_vacuum_e12_014-1536x598.jpg 1536w, https:\/\/www.kibotek.com\/wp-content\/uploads\/2023\/07\/kiboTEK_xiaomi_vacuum_e12_014-18x7.jpg 18w, https:\/\/www.kibotek.com\/wp-content\/uploads\/2023\/07\/kiboTEK_xiaomi_vacuum_e12_014.jpg 1794w\" sizes=\"auto, (max-width: 1024px) 100vw, 1024px\" \/> <img loading=\"lazy\" decoding=\"async\" class=\"alignleft wp-image-49195 size-large\" src=\"https:\/\/www.kibotek.com\/wp-content\/uploads\/2023\/07\/kiboTEK_xiaomi_vacuum_e12_015-1024x450.jpg\" alt=\"\" width=\"1024\" height=\"450\" title=\"\" srcset=\"https:\/\/www.kibotek.com\/wp-content\/uploads\/2023\/07\/kiboTEK_xiaomi_vacuum_e12_015-1024x450.jpg 1024w, https:\/\/www.kibotek.com\/wp-content\/uploads\/2023\/07\/kiboTEK_xiaomi_vacuum_e12_015-430x189.jpg 430w, https:\/\/www.kibotek.com\/wp-content\/uploads\/2023\/07\/kiboTEK_xiaomi_vacuum_e12_015-150x66.jpg 150w, https:\/\/www.kibotek.com\/wp-content\/uploads\/2023\/07\/kiboTEK_xiaomi_vacuum_e12_015-700x308.jpg 700w, https:\/\/www.kibotek.com\/wp-content\/uploads\/2023\/07\/kiboTEK_xiaomi_vacuum_e12_015-300x132.jpg 300w, https:\/\/www.kibotek.com\/wp-content\/uploads\/2023\/07\/kiboTEK_xiaomi_vacuum_e12_015-768x338.jpg 768w, https:\/\/www.kibotek.com\/wp-content\/uploads\/2023\/07\/kiboTEK_xiaomi_vacuum_e12_015-1536x675.jpg 1536w, https:\/\/www.kibotek.com\/wp-content\/uploads\/2023\/07\/kiboTEK_xiaomi_vacuum_e12_015-18x8.jpg 18w, https:\/\/www.kibotek.com\/wp-content\/uploads\/2023\/07\/kiboTEK_xiaomi_vacuum_e12_015.jpg 1852w\" sizes=\"auto, (max-width: 1024px) 100vw, 1024px\" \/> <img loading=\"lazy\" decoding=\"async\" class=\"alignleft wp-image-49196 size-large\" src=\"https:\/\/www.kibotek.com\/wp-content\/uploads\/2023\/07\/kiboTEK_xiaomi_vacuum_e12_016-1024x463.jpg\" alt=\"\" width=\"1024\" height=\"463\" title=\"\" srcset=\"https:\/\/www.kibotek.com\/wp-content\/uploads\/2023\/07\/kiboTEK_xiaomi_vacuum_e12_016-1024x463.jpg 1024w, https:\/\/www.kibotek.com\/wp-content\/uploads\/2023\/07\/kiboTEK_xiaomi_vacuum_e12_016-430x194.jpg 430w, https:\/\/www.kibotek.com\/wp-content\/uploads\/2023\/07\/kiboTEK_xiaomi_vacuum_e12_016-150x68.jpg 150w, https:\/\/www.kibotek.com\/wp-content\/uploads\/2023\/07\/kiboTEK_xiaomi_vacuum_e12_016-700x316.jpg 700w, https:\/\/www.kibotek.com\/wp-content\/uploads\/2023\/07\/kiboTEK_xiaomi_vacuum_e12_016-300x136.jpg 300w, https:\/\/www.kibotek.com\/wp-content\/uploads\/2023\/07\/kiboTEK_xiaomi_vacuum_e12_016-768x347.jpg 768w, https:\/\/www.kibotek.com\/wp-content\/uploads\/2023\/07\/kiboTEK_xiaomi_vacuum_e12_016-1536x694.jpg 1536w, https:\/\/www.kibotek.com\/wp-content\/uploads\/2023\/07\/kiboTEK_xiaomi_vacuum_e12_016-18x8.jpg 18w, https:\/\/www.kibotek.com\/wp-content\/uploads\/2023\/07\/kiboTEK_xiaomi_vacuum_e12_016.jpg 1790w\" sizes=\"auto, (max-width: 1024px) 100vw, 1024px\" \/> <img loading=\"lazy\" decoding=\"async\" class=\"alignleft wp-image-49197 size-large\" src=\"https:\/\/www.kibotek.com\/wp-content\/uploads\/2023\/07\/kiboTEK_xiaomi_vacuum_e12_017-1024x495.jpg\" alt=\"\" width=\"1024\" height=\"495\" title=\"\" srcset=\"https:\/\/www.kibotek.com\/wp-content\/uploads\/2023\/07\/kiboTEK_xiaomi_vacuum_e12_017-1024x495.jpg 1024w, https:\/\/www.kibotek.com\/wp-content\/uploads\/2023\/07\/kiboTEK_xiaomi_vacuum_e12_017-430x208.jpg 430w, https:\/\/www.kibotek.com\/wp-content\/uploads\/2023\/07\/kiboTEK_xiaomi_vacuum_e12_017-150x72.jpg 150w, https:\/\/www.kibotek.com\/wp-content\/uploads\/2023\/07\/kiboTEK_xiaomi_vacuum_e12_017-700x338.jpg 700w, https:\/\/www.kibotek.com\/wp-content\/uploads\/2023\/07\/kiboTEK_xiaomi_vacuum_e12_017-300x145.jpg 300w, https:\/\/www.kibotek.com\/wp-content\/uploads\/2023\/07\/kiboTEK_xiaomi_vacuum_e12_017-768x371.jpg 768w, https:\/\/www.kibotek.com\/wp-content\/uploads\/2023\/07\/kiboTEK_xiaomi_vacuum_e12_017-1536x742.jpg 1536w, https:\/\/www.kibotek.com\/wp-content\/uploads\/2023\/07\/kiboTEK_xiaomi_vacuum_e12_017-18x9.jpg 18w, https:\/\/www.kibotek.com\/wp-content\/uploads\/2023\/07\/kiboTEK_xiaomi_vacuum_e12_017.jpg 1813w\" sizes=\"auto, (max-width: 1024px) 100vw, 1024px\" \/><\/p>\n<p>At kiboTEK we ship the Xiaomi Robot Vacuum E12 to more than 30 different countries in Europe in <strong>24\/72h with 3 years warranty<\/strong>. Check and calculate the shipping costs in the cart by inserting your address.<\/p>\n<div class=\"section div192 lazy\" data-type=\"bg\" data-id=\"pelwh1howq\" data-background-image=\"\" data-loaded=\"true\">\n<div class=\"div193\"><span class=\"xm-text split_text679 f-light\" data-key=\"note_1\" data-type=\"text\" data-id=\"4ka7a86gzw\">*4000 Pa: A vacuum gauge was used to test the suction power of the fan on both the dust bin and the air duct. It was verified that the suction power of the air duct reached 4000 Pa at maximum power. Data provided by the Shanchuan laboratory.<\/span><\/div>\n<div class=\"div194\">\n<div class=\"text-container-597\"><span class=\"xm-text split_text680 f-light\" data-key=\"note_2\" data-type=\"text\" data-id=\"34rwfk21fg\">*2600 mAh: nominal battery capacity. Data provided by the Shanchuan laboratory.<\/span><\/div>\n<\/div>\n<div class=\"div195\"><span class=\"xm-text split_text683 f-light\" data-key=\"note_3\" data-type=\"text\" data-id=\"trzu15blo4\">*110 min: Fully charged, the main unit in standard mode (vacuum and mop) allows cleaning for 110 minutes before the battery runs out. Data provided by the Shanchuan laboratory.<\/span><\/div>\n<div class=\"div196\"><span class=\"xm-text split_text684 f-light\" data-key=\"note_4\" data-type=\"text\" data-id=\"barqvguomk\">*8 cm: The height of the main unit measured with a vernier has been proven to be \u226480 mm. Data provided by the Shanchuan laboratory.<\/span><\/div>\n<div class=\"div197\"><span class=\"xm-text split_text685 f-light\" data-key=\"note_5\" data-type=\"text\" data-id=\"47b40eltph\">*Sensor: gyroscope \u00d71, wall sensor \u00d73, recharge reception sensor \u00d73, anti-collision sensor \u00d72, slope sensor \u00d73, water tank and 2-in-1 dust tank detection sensor \u00d71, sensor pad detection sensor \u00d71, black and white wheel detection sensor \u00d71, wheel speed response sensor \u00d72. Data provided by the Shanchuan laboratory.<\/span><\/div>\n<div class=\"div198\"><span class=\"xm-text split_text686 f-light\" data-key=\"note_6\" data-type=\"text\" data-id=\"o77ms1tqol\">*Crosses obstacles: obstacle separation at a distance of 10 cm and 70 cm tested in edge mode, docking mode and sweep mode respectively. Tested on vertical steps (13mm, 15mm, 16mm), sliding door rails (13mm, 15mm, 16mm) and cylindrical obstacles (\u00d813mm, \u00d815mm, \u00d816mm). The product&#039;s ability to pass through obstacles is reduced in docked mode. The actual height at which the product can pass through obstacles may vary depending on the floor materials and the shape of the obstacle. Data provided by the Shanchuan laboratory.<\/span><\/div>\n<div class=\"div199\"><span class=\"xm-text split_text687 f-light\" data-key=\"note_7\" data-type=\"text\" data-id=\"gwrk18yq9k\">*The iOS version of the Mi Home\/Xiaomi Home app (V6.7.200) is currently only compatible with iOS 10.0 and later. To ensure the best possible user experience, make sure your device is updated to the latest software version.<\/span><\/div>\n<div class=\"div200\"><span class=\"xm-text split_text688 f-light\" data-key=\"note_8\" data-type=\"text\" data-id=\"ceeq5p6b0q\">*All data presented on this page come from the Shanchuan laboratory, unless otherwise specified.<\/span><\/div>\n<div class=\"div201\"><span class=\"xm-text split_text689 f-light\" data-key=\"note_9\" data-type=\"text\" data-id=\"lltf3a6ac8\">*Images shown on this page are for reference only and may differ from the actual product.<\/span><\/div>\n<\/div>","protected":false},"excerpt":{"rendered":"<p><strong><em>BUY NOW AND RECEIVE IN 24H IN SPAIN\ud83d\ude80<\/em><\/strong><\/p>\n<p><strong><em>BUY NOW AND RECEIVE IN 72H IN EUROPE \ud83d\ude80<\/em><\/strong><\/p>","protected":false},"featured_media":49182,"comment_status":"open","ping_status":"closed","template":"","meta":{"iawp_total_views":280},"product_brand":[8155],"product_cat":[332,5515,5521],"product_tag":[1798,7698,6771],"class_list":{"0":"post-49181","1":"product","2":"type-product","3":"status-publish","4":"has-post-thumbnail","6":"product_brand-comprar-lo-mejor-de-xiaomi","7":"product_cat-comprar-los-mejores-moviles-mas-famosos","8":"product_cat-smartwatch-pulseras-tv-auriculares-smarthome-salud-relojes-para-ninos","9":"product_cat-comprar-smarthome-scooters-camaras","10":"product_tag-acc_top","11":"product_tag-all","12":"product_tag-ofertas","14":"first","15":"instock","16":"taxable","17":"shipping-taxable","18":"purchasable","19":"product-type-simple"},"supplier_id":null,"supplier_sku":"","barcode":null,"atum_controlled":true,"out_stock_date":null,"out_stock_threshold":null,"inheritable":false,"inbound_stock":null,"stock_on_hold":0,"sold_today":0,"sales_last_days":0,"reserved_stock":null,"customer_returns":null,"warehouse_damage":null,"lost_in_post":null,"other_logs":null,"out_stock_days":0,"lost_sales":0,"has_location":true,"update_date":"2026-05-08T21:10:18","atum_locations":[{"id":41,"name":"Bilbao","slug":"bilbao"}],"atum_stock_status":"instock","restock_status":false,"low_stock_amount":0,"sales_update_date":"2026-04-29T00:00:59","calc_backorders":null,"_links":{"self":[{"href":"https:\/\/www.kibotek.com\/en\/wp-json\/wp\/v2\/product\/49181","targetHints":{"allow":["GET"]}}],"collection":[{"href":"https:\/\/www.kibotek.com\/en\/wp-json\/wp\/v2\/product"}],"about":[{"href":"https:\/\/www.kibotek.com\/en\/wp-json\/wp\/v2\/types\/product"}],"replies":[{"embeddable":true,"href":"https:\/\/www.kibotek.com\/en\/wp-json\/wp\/v2\/comments?post=49181"}],"version-history":[{"count":0,"href":"https:\/\/www.kibotek.com\/en\/wp-json\/wp\/v2\/product\/49181\/revisions"}],"wp:featuredmedia":[{"embeddable":true,"href":"https:\/\/www.kibotek.com\/en\/wp-json\/wp\/v2\/media\/49182"}],"wp:attachment":[{"href":"https:\/\/www.kibotek.com\/en\/wp-json\/wp\/v2\/media?parent=49181"}],"wp:term":[{"taxonomy":"product_brand","embeddable":true,"href":"https:\/\/www.kibotek.com\/en\/wp-json\/wp\/v2\/product_brand?post=49181"},{"taxonomy":"product_cat","embeddable":true,"href":"https:\/\/www.kibotek.com\/en\/wp-json\/wp\/v2\/product_cat?post=49181"},{"taxonomy":"product_tag","embeddable":true,"href":"https:\/\/www.kibotek.com\/en\/wp-json\/wp\/v2\/product_tag?post=49181"}],"curies":[{"name":"wp","href":"https:\/\/api.w.org\/{rel}","templated":true}]}}