{"id":78308,"date":"2026-05-14T13:49:08","date_gmt":"2026-05-14T11:49:08","guid":{"rendered":"https:\/\/www.kibotek.com\/?post_type=product&#038;p=78308"},"modified":"2026-05-14T22:00:46","modified_gmt":"2026-05-14T20:00:46","slug":"mini-long-tasche-1","status":"publish","type":"product","link":"https:\/\/www.kibotek.com\/de\/kibostore\/miniloong-pocket-1\/","title":{"rendered":"MINILOONG POCKET 1"},"content":{"rendered":"<h3>Kaufen Sie MINILOONG POCKET 1<\/h3>\n<h3>Versand von Spanien nach ganz Europa innerhalb von 24\/72 Stunden<\/h3>\n<h3>Offizielle 3-Jahres-Garantie<\/h3>\n<h3>Spezifikationen<\/h3>\n<ul>\n<li>4\u2033 IPS-Display im 4:3-Format<\/li>\n<li>Aufl\u00f6sung 960\u00d7720 450Nit<\/li>\n<li>RockChip RK3566 Quad-Core Cortex-A55 Prozessor<\/li>\n<li>GPU Mali-G52@800MHz<\/li>\n<li>1GB LPDDR4<\/li>\n<li>8GB eMMC<\/li>\n<li>4000mAh Batterie<\/li>\n<li>7,5-W-Ladeleistung<\/li>\n<li>Wi-Fi, BT 4.2, USB-C OTG, 3,5-mm-Klinkenanschluss, HDMI,<\/li>\n<li>2x Analogsticks, Fadenkreuz, ABYX, L1\/L2-R1\/R2<\/li>\n<li>Linux-Betriebssystem (LOONG OS)<\/li>\n<li>Abmessungen: 165,43 x 79 x 17,8 mm<\/li>\n<li>Gewicht 258 g<\/li>\n<\/ul>\n<h3>Sicherheit bei Ihrem Einkauf<\/h3>\n<p>Bei kiboTEK genie\u00dfen Sie die Sicherheit und das Wohlbefinden, die Ihnen der beste Online-Shop Spaniens bietet. Dank unserer fairen R\u00fcckgabebedingungen k\u00f6nnen Sie Ihre Bestellung ganz unbesorgt zur\u00fccksenden, falls Sie mit Ihrem Kauf nicht zufrieden sein sollten.,<\/p>\n<p><strong><span style=\"font-size: 12pt;\">Sie haben 14 Tage Zeit, eine R\u00fcckerstattung zu beantragen.<\/span><\/strong><\/p>\n<p>Machen Sie sich andererseits keine Sorgen um die Garantie, denn diese erhalten Sie nur auf unserer Website.<\/p>\n<p><strong>3 Jahre europ\u00e4ische Garantie<\/strong><\/p>\n<p>Bei kiboTEK k\u00f6nnen Sie kaufen\u00a0<strong>MINILOONG POCKET 1 <\/strong>mit der Garantie und Sicherheit des besten Online-Shops in Spanien und Europa.<\/p>\n<h2 data-start=\"3539\" data-end=\"3610\">Kaufen Sie es bei kiboTEK \u2013 Physischer und Online-Shop mit offizieller Garantie<\/h2>\n<p data-start=\"3612\" data-end=\"3866\">Im <strong data-start=\"3615\" data-end=\"3656\"><span class=\"hover:entity-accent entity-underline inline cursor-pointer align-baseline\"><span class=\"whitespace-normal\">kiboTEK<\/span><\/span><\/strong> d\u00fcrfen <strong data-start=\"3664\" data-end=\"3711\">MINILOONG POCKET 1 kaufen<\/strong>\u00a0so viel <a href=\"http:\/\/www.kiboTEK.com\" target=\"_blank\" rel=\"nofollow noopener\">online\u00a0<\/a> wie in unserem <strong data-start=\"3742\" data-end=\"3789\">physische Gesch\u00e4fte in Bilbao und Vitoria-Gasteiz<\/strong>, mit <strong data-start=\"3795\" data-end=\"3833\">3 Jahre offizielle europ\u00e4ische Garantie<\/strong> und spezialisierter technischer Support.<\/p>\n<ul data-start=\"3263\" data-end=\"3417\">\n<li data-start=\"3263\" data-end=\"3291\">\n<p data-start=\"3265\" data-end=\"3291\"><a href=\"https:\/\/share.google\/6A44KmqGyzVK0dryQ\" target=\"_blank\" rel=\"nofollow noopener\">\ud83d\udccd KiboTEK Bilbao Store<\/a><\/p>\n<\/li>\n<li data-start=\"3292\" data-end=\"3329\">\n<p data-start=\"3294\" data-end=\"3329\"><a href=\"https:\/\/share.google\/j0qINcfL2JLnLzuep\" target=\"_blank\" rel=\"nofollow noopener\">\ud83d\udccd kiboTEK Vitoria-Gasteiz Store<\/a><\/p>\n<\/li>\n<li data-start=\"3330\" data-end=\"3374\">\n<p data-start=\"3332\" data-end=\"3374\">\ud83d\ude9a Schneller Versand innerhalb von 24\/48 Stunden in ganz Europa<\/p>\n<\/li>\n<li data-start=\"3375\" data-end=\"3417\">\n<p data-start=\"3377\" data-end=\"3417\">\ud83d\udee1\ufe0f Offizielle Garantie und technischer Support<\/p>\n<\/li>\n<\/ul>\n<p>Bei kiboTEK erweitern wir st\u00e4ndig unser Produktsortiment, um Ihnen die neuesten tragbaren Konsolen anbieten zu k\u00f6nnen. Neu im Sortiment ist die MINILOONG POCKET 1, ein Ger\u00e4t, das sich durch sein offenes System und seine hervorragende Kompatibilit\u00e4t mit verschiedenen Emulatoren auszeichnet. So k\u00f6nnen Sie eine riesige Auswahl an 8-, 16-, 32- und 64-Bit-Videospielen genie\u00dfen und gleichzeitig als vollwertiger, energiesparender Multimedia-Player fungieren.<\/p>\n<h3>4-Zoll-Bildschirm<\/h3>\n<p>Die Konsole verf\u00fcgt \u00fcber einen 4-Zoll-IPS-Bildschirm, der dank seines klassischen 4:3-Seitenverh\u00e4ltnisses hervorragend aussieht. Er bietet eine Aufl\u00f6sung von 960 x 720 Pixeln und eine Helligkeit von 450 Nits f\u00fcr komfortables Spielen \u00fcberall.<\/p>\n<h3>Leistungsstarker Prozessor<\/h3>\n<p>Im Inneren arbeitet ein RockChip RK3566 Prozessor mit vier Kernen und einer Mali-G52 GPU. Erg\u00e4nzt wird diese Leistung durch 11.488 TB LPDDR4-Arbeitsspeicher und 81.488 TB internen Speicher \u2013 eine optimale Kombination f\u00fcr fl\u00fcssiges Gaming.<\/p>\n<h3>Langzeitbatterie<\/h3>\n<p>Um auch l\u00e4ngere Gaming-Sessions durchzuhalten, verf\u00fcgt es \u00fcber einen 4000-mAh-Akku und ein Ladesystem mit einer Standardgeschwindigkeit von 7,5 W.<\/p>\n<h3>Konnektivit\u00e4t in Ihrer Hand<\/h3>\n<p>In puncto Konnektivit\u00e4t ist es bestens ausgestattet mit Wi-Fi und Bluetooth 4.2, au\u00dferdem verf\u00fcgt es \u00fcber einen USB-C-Anschluss f\u00fcr Zubeh\u00f6r, eine klassische Kopfh\u00f6rerbuchse und einen HDMI-Ausgang f\u00fcr den direkten Anschluss an den Fernseher.<\/p>\n<h3>Komfortable Bedienelemente<\/h3>\n<p>Das Steuerungssystem ist sehr umfangreich und komfortabel. Es verf\u00fcgt \u00fcber zwei Analogsticks, ein Steuerkreuz, die vier Hauptaktionskn\u00f6pfe und vier Trigger auf der R\u00fcckseite.<\/p>\n<h3>Emulatoren<\/h3>\n<p>Die tragbare Konsole MINILOONG Pocket 1 ist kompatibel mit klassischen Emulatoren wie NES, GB, GBC, SNES, SEGA GENESIS, PlayStation 1, SEGA Dreamcast, Nintendo 64, GameCube und mehr\u2026<\/p>\n<h3>LOONG OS Betriebssystem<\/h3>\n<p>Dieses Betriebssystem wurde exklusiv f\u00fcr tragbare Hardware entwickelt und maximiert Emulation, Retro-Spielleistung und Multitasking. Die Software ist sehr intuitiv und ressourcenschonend und holt das Maximum aus der Leistung des Ger\u00e4ts heraus, w\u00e4hrend sie nur minimale Ressourcen verbraucht.<\/p>\n<dl>\n<dt>\n<dl>\n<dt>\n<dl>\n<dt><\/dt>\n<\/dl>\n<\/dt>\n<\/dl>\n<p><img loading=\"lazy\" decoding=\"async\" class=\"aligncenter size-full wp-image-78309\" src=\"https:\/\/www.kibotek.com\/wp-content\/uploads\/2026\/05\/kiboTEK_Miniloong_pocket_1_001.jpg\" alt=\"\" width=\"750\" height=\"940\" title=\"\" srcset=\"https:\/\/www.kibotek.com\/wp-content\/uploads\/2026\/05\/kiboTEK_Miniloong_pocket_1_001.jpg 750w, https:\/\/www.kibotek.com\/wp-content\/uploads\/2026\/05\/kiboTEK_Miniloong_pocket_1_001-239x300.jpg 239w, https:\/\/www.kibotek.com\/wp-content\/uploads\/2026\/05\/kiboTEK_Miniloong_pocket_1_001-638x800.jpg 638w, https:\/\/www.kibotek.com\/wp-content\/uploads\/2026\/05\/kiboTEK_Miniloong_pocket_1_001-10x12.jpg 10w, https:\/\/www.kibotek.com\/wp-content\/uploads\/2026\/05\/kiboTEK_Miniloong_pocket_1_001-430x539.jpg 430w, https:\/\/www.kibotek.com\/wp-content\/uploads\/2026\/05\/kiboTEK_Miniloong_pocket_1_001-700x877.jpg 700w, https:\/\/www.kibotek.com\/wp-content\/uploads\/2026\/05\/kiboTEK_Miniloong_pocket_1_001-150x188.jpg 150w\" sizes=\"auto, (max-width: 750px) 100vw, 750px\" \/> <img loading=\"lazy\" decoding=\"async\" class=\"aligncenter size-full wp-image-78310\" src=\"https:\/\/www.kibotek.com\/wp-content\/uploads\/2026\/05\/kiboTEK_Miniloong_pocket_1_002.jpg\" alt=\"\" width=\"750\" height=\"1106\" title=\"\" srcset=\"https:\/\/www.kibotek.com\/wp-content\/uploads\/2026\/05\/kiboTEK_Miniloong_pocket_1_002.jpg 750w, https:\/\/www.kibotek.com\/wp-content\/uploads\/2026\/05\/kiboTEK_Miniloong_pocket_1_002-203x300.jpg 203w, https:\/\/www.kibotek.com\/wp-content\/uploads\/2026\/05\/kiboTEK_Miniloong_pocket_1_002-542x800.jpg 542w, https:\/\/www.kibotek.com\/wp-content\/uploads\/2026\/05\/kiboTEK_Miniloong_pocket_1_002-8x12.jpg 8w, https:\/\/www.kibotek.com\/wp-content\/uploads\/2026\/05\/kiboTEK_Miniloong_pocket_1_002-430x634.jpg 430w, https:\/\/www.kibotek.com\/wp-content\/uploads\/2026\/05\/kiboTEK_Miniloong_pocket_1_002-700x1032.jpg 700w, https:\/\/www.kibotek.com\/wp-content\/uploads\/2026\/05\/kiboTEK_Miniloong_pocket_1_002-150x221.jpg 150w\" sizes=\"auto, (max-width: 750px) 100vw, 750px\" \/> <img loading=\"lazy\" decoding=\"async\" class=\"aligncenter size-full wp-image-78311\" src=\"https:\/\/www.kibotek.com\/wp-content\/uploads\/2026\/05\/kiboTEK_Miniloong_pocket_1_003.jpg\" alt=\"\" width=\"750\" height=\"854\" title=\"\" srcset=\"https:\/\/www.kibotek.com\/wp-content\/uploads\/2026\/05\/kiboTEK_Miniloong_pocket_1_003.jpg 750w, https:\/\/www.kibotek.com\/wp-content\/uploads\/2026\/05\/kiboTEK_Miniloong_pocket_1_003-263x300.jpg 263w, https:\/\/www.kibotek.com\/wp-content\/uploads\/2026\/05\/kiboTEK_Miniloong_pocket_1_003-703x800.jpg 703w, https:\/\/www.kibotek.com\/wp-content\/uploads\/2026\/05\/kiboTEK_Miniloong_pocket_1_003-11x12.jpg 11w, https:\/\/www.kibotek.com\/wp-content\/uploads\/2026\/05\/kiboTEK_Miniloong_pocket_1_003-430x490.jpg 430w, https:\/\/www.kibotek.com\/wp-content\/uploads\/2026\/05\/kiboTEK_Miniloong_pocket_1_003-700x797.jpg 700w, https:\/\/www.kibotek.com\/wp-content\/uploads\/2026\/05\/kiboTEK_Miniloong_pocket_1_003-150x171.jpg 150w\" sizes=\"auto, (max-width: 750px) 100vw, 750px\" \/> <img loading=\"lazy\" decoding=\"async\" class=\"aligncenter size-full wp-image-78312\" src=\"https:\/\/www.kibotek.com\/wp-content\/uploads\/2026\/05\/kiboTEK_Miniloong_pocket_1_004.jpg\" alt=\"\" width=\"750\" height=\"1302\" title=\"\" srcset=\"https:\/\/www.kibotek.com\/wp-content\/uploads\/2026\/05\/kiboTEK_Miniloong_pocket_1_004.jpg 750w, https:\/\/www.kibotek.com\/wp-content\/uploads\/2026\/05\/kiboTEK_Miniloong_pocket_1_004-173x300.jpg 173w, https:\/\/www.kibotek.com\/wp-content\/uploads\/2026\/05\/kiboTEK_Miniloong_pocket_1_004-461x800.jpg 461w, https:\/\/www.kibotek.com\/wp-content\/uploads\/2026\/05\/kiboTEK_Miniloong_pocket_1_004-7x12.jpg 7w, https:\/\/www.kibotek.com\/wp-content\/uploads\/2026\/05\/kiboTEK_Miniloong_pocket_1_004-430x746.jpg 430w, https:\/\/www.kibotek.com\/wp-content\/uploads\/2026\/05\/kiboTEK_Miniloong_pocket_1_004-700x1215.jpg 700w, https:\/\/www.kibotek.com\/wp-content\/uploads\/2026\/05\/kiboTEK_Miniloong_pocket_1_004-150x260.jpg 150w\" sizes=\"auto, (max-width: 750px) 100vw, 750px\" \/> <img loading=\"lazy\" decoding=\"async\" class=\"aligncenter size-full wp-image-78313\" src=\"https:\/\/www.kibotek.com\/wp-content\/uploads\/2026\/05\/kiboTEK_Miniloong_pocket_1_005.jpg\" alt=\"\" width=\"750\" height=\"1360\" title=\"\" srcset=\"https:\/\/www.kibotek.com\/wp-content\/uploads\/2026\/05\/kiboTEK_Miniloong_pocket_1_005.jpg 750w, https:\/\/www.kibotek.com\/wp-content\/uploads\/2026\/05\/kiboTEK_Miniloong_pocket_1_005-165x300.jpg 165w, https:\/\/www.kibotek.com\/wp-content\/uploads\/2026\/05\/kiboTEK_Miniloong_pocket_1_005-441x800.jpg 441w, https:\/\/www.kibotek.com\/wp-content\/uploads\/2026\/05\/kiboTEK_Miniloong_pocket_1_005-7x12.jpg 7w, https:\/\/www.kibotek.com\/wp-content\/uploads\/2026\/05\/kiboTEK_Miniloong_pocket_1_005-430x780.jpg 430w, https:\/\/www.kibotek.com\/wp-content\/uploads\/2026\/05\/kiboTEK_Miniloong_pocket_1_005-700x1269.jpg 700w, https:\/\/www.kibotek.com\/wp-content\/uploads\/2026\/05\/kiboTEK_Miniloong_pocket_1_005-150x272.jpg 150w\" sizes=\"auto, (max-width: 750px) 100vw, 750px\" \/> <img loading=\"lazy\" decoding=\"async\" class=\"aligncenter size-full wp-image-78314\" src=\"https:\/\/www.kibotek.com\/wp-content\/uploads\/2026\/05\/kiboTEK_Miniloong_pocket_1_006.jpg\" alt=\"\" width=\"750\" height=\"1107\" title=\"\" srcset=\"https:\/\/www.kibotek.com\/wp-content\/uploads\/2026\/05\/kiboTEK_Miniloong_pocket_1_006.jpg 750w, https:\/\/www.kibotek.com\/wp-content\/uploads\/2026\/05\/kiboTEK_Miniloong_pocket_1_006-203x300.jpg 203w, https:\/\/www.kibotek.com\/wp-content\/uploads\/2026\/05\/kiboTEK_Miniloong_pocket_1_006-542x800.jpg 542w, https:\/\/www.kibotek.com\/wp-content\/uploads\/2026\/05\/kiboTEK_Miniloong_pocket_1_006-8x12.jpg 8w, https:\/\/www.kibotek.com\/wp-content\/uploads\/2026\/05\/kiboTEK_Miniloong_pocket_1_006-430x635.jpg 430w, https:\/\/www.kibotek.com\/wp-content\/uploads\/2026\/05\/kiboTEK_Miniloong_pocket_1_006-700x1033.jpg 700w, https:\/\/www.kibotek.com\/wp-content\/uploads\/2026\/05\/kiboTEK_Miniloong_pocket_1_006-150x221.jpg 150w\" sizes=\"auto, (max-width: 750px) 100vw, 750px\" \/> <img loading=\"lazy\" decoding=\"async\" class=\"aligncenter size-full wp-image-78315\" src=\"https:\/\/www.kibotek.com\/wp-content\/uploads\/2026\/05\/kiboTEK_Miniloong_pocket_1_007.jpg\" alt=\"\" width=\"750\" height=\"1107\" title=\"\" srcset=\"https:\/\/www.kibotek.com\/wp-content\/uploads\/2026\/05\/kiboTEK_Miniloong_pocket_1_007.jpg 750w, https:\/\/www.kibotek.com\/wp-content\/uploads\/2026\/05\/kiboTEK_Miniloong_pocket_1_007-203x300.jpg 203w, https:\/\/www.kibotek.com\/wp-content\/uploads\/2026\/05\/kiboTEK_Miniloong_pocket_1_007-542x800.jpg 542w, https:\/\/www.kibotek.com\/wp-content\/uploads\/2026\/05\/kiboTEK_Miniloong_pocket_1_007-8x12.jpg 8w, https:\/\/www.kibotek.com\/wp-content\/uploads\/2026\/05\/kiboTEK_Miniloong_pocket_1_007-430x635.jpg 430w, https:\/\/www.kibotek.com\/wp-content\/uploads\/2026\/05\/kiboTEK_Miniloong_pocket_1_007-700x1033.jpg 700w, https:\/\/www.kibotek.com\/wp-content\/uploads\/2026\/05\/kiboTEK_Miniloong_pocket_1_007-150x221.jpg 150w\" sizes=\"auto, (max-width: 750px) 100vw, 750px\" \/> <img loading=\"lazy\" decoding=\"async\" class=\"aligncenter size-full wp-image-78316\" src=\"https:\/\/www.kibotek.com\/wp-content\/uploads\/2026\/05\/kiboTEK_Miniloong_pocket_1_008.jpg\" alt=\"\" width=\"750\" height=\"751\" title=\"\" srcset=\"https:\/\/www.kibotek.com\/wp-content\/uploads\/2026\/05\/kiboTEK_Miniloong_pocket_1_008.jpg 750w, https:\/\/www.kibotek.com\/wp-content\/uploads\/2026\/05\/kiboTEK_Miniloong_pocket_1_008-300x300.jpg 300w, https:\/\/www.kibotek.com\/wp-content\/uploads\/2026\/05\/kiboTEK_Miniloong_pocket_1_008-150x150.jpg 150w, https:\/\/www.kibotek.com\/wp-content\/uploads\/2026\/05\/kiboTEK_Miniloong_pocket_1_008-12x12.jpg 12w, https:\/\/www.kibotek.com\/wp-content\/uploads\/2026\/05\/kiboTEK_Miniloong_pocket_1_008-430x431.jpg 430w, https:\/\/www.kibotek.com\/wp-content\/uploads\/2026\/05\/kiboTEK_Miniloong_pocket_1_008-700x701.jpg 700w, https:\/\/www.kibotek.com\/wp-content\/uploads\/2026\/05\/kiboTEK_Miniloong_pocket_1_008-50x50.jpg 50w, https:\/\/www.kibotek.com\/wp-content\/uploads\/2026\/05\/kiboTEK_Miniloong_pocket_1_008-100x100.jpg 100w, https:\/\/www.kibotek.com\/wp-content\/uploads\/2026\/05\/kiboTEK_Miniloong_pocket_1_008-32x32.jpg 32w\" sizes=\"auto, (max-width: 750px) 100vw, 750px\" \/> <img loading=\"lazy\" decoding=\"async\" class=\"aligncenter size-full wp-image-78317\" src=\"https:\/\/www.kibotek.com\/wp-content\/uploads\/2026\/05\/kiboTEK_Miniloong_pocket_1_009-scaled.jpg\" alt=\"\" width=\"526\" height=\"2560\" title=\"\" srcset=\"https:\/\/www.kibotek.com\/wp-content\/uploads\/2026\/05\/kiboTEK_Miniloong_pocket_1_009-scaled.jpg 526w, https:\/\/www.kibotek.com\/wp-content\/uploads\/2026\/05\/kiboTEK_Miniloong_pocket_1_009-421x2048.jpg 421w, https:\/\/www.kibotek.com\/wp-content\/uploads\/2026\/05\/kiboTEK_Miniloong_pocket_1_009-430x2094.jpg 430w, https:\/\/www.kibotek.com\/wp-content\/uploads\/2026\/05\/kiboTEK_Miniloong_pocket_1_009-150x730.jpg 150w\" sizes=\"auto, (max-width: 526px) 100vw, 526px\" \/> <img loading=\"lazy\" decoding=\"async\" class=\"aligncenter size-full wp-image-78318\" src=\"https:\/\/www.kibotek.com\/wp-content\/uploads\/2026\/05\/kiboTEK_Miniloong_pocket_1_010.jpg\" alt=\"\" width=\"750\" height=\"1141\" title=\"\" srcset=\"https:\/\/www.kibotek.com\/wp-content\/uploads\/2026\/05\/kiboTEK_Miniloong_pocket_1_010.jpg 750w, https:\/\/www.kibotek.com\/wp-content\/uploads\/2026\/05\/kiboTEK_Miniloong_pocket_1_010-197x300.jpg 197w, https:\/\/www.kibotek.com\/wp-content\/uploads\/2026\/05\/kiboTEK_Miniloong_pocket_1_010-526x800.jpg 526w, https:\/\/www.kibotek.com\/wp-content\/uploads\/2026\/05\/kiboTEK_Miniloong_pocket_1_010-8x12.jpg 8w, https:\/\/www.kibotek.com\/wp-content\/uploads\/2026\/05\/kiboTEK_Miniloong_pocket_1_010-430x654.jpg 430w, https:\/\/www.kibotek.com\/wp-content\/uploads\/2026\/05\/kiboTEK_Miniloong_pocket_1_010-700x1065.jpg 700w, https:\/\/www.kibotek.com\/wp-content\/uploads\/2026\/05\/kiboTEK_Miniloong_pocket_1_010-150x228.jpg 150w\" sizes=\"auto, (max-width: 750px) 100vw, 750px\" \/> <img loading=\"lazy\" decoding=\"async\" class=\"aligncenter size-full wp-image-78319\" src=\"https:\/\/www.kibotek.com\/wp-content\/uploads\/2026\/05\/kiboTEK_Miniloong_pocket_1_011.jpg\" alt=\"\" width=\"750\" height=\"968\" title=\"\" srcset=\"https:\/\/www.kibotek.com\/wp-content\/uploads\/2026\/05\/kiboTEK_Miniloong_pocket_1_011.jpg 750w, https:\/\/www.kibotek.com\/wp-content\/uploads\/2026\/05\/kiboTEK_Miniloong_pocket_1_011-232x300.jpg 232w, https:\/\/www.kibotek.com\/wp-content\/uploads\/2026\/05\/kiboTEK_Miniloong_pocket_1_011-620x800.jpg 620w, https:\/\/www.kibotek.com\/wp-content\/uploads\/2026\/05\/kiboTEK_Miniloong_pocket_1_011-9x12.jpg 9w, https:\/\/www.kibotek.com\/wp-content\/uploads\/2026\/05\/kiboTEK_Miniloong_pocket_1_011-430x555.jpg 430w, https:\/\/www.kibotek.com\/wp-content\/uploads\/2026\/05\/kiboTEK_Miniloong_pocket_1_011-700x903.jpg 700w, https:\/\/www.kibotek.com\/wp-content\/uploads\/2026\/05\/kiboTEK_Miniloong_pocket_1_011-150x194.jpg 150w\" sizes=\"auto, (max-width: 750px) 100vw, 750px\" \/> <img loading=\"lazy\" decoding=\"async\" class=\"aligncenter size-full wp-image-78320\" src=\"https:\/\/www.kibotek.com\/wp-content\/uploads\/2026\/05\/kiboTEK_Miniloong_pocket_1_012.jpg\" alt=\"\" width=\"750\" height=\"1692\" title=\"\" srcset=\"https:\/\/www.kibotek.com\/wp-content\/uploads\/2026\/05\/kiboTEK_Miniloong_pocket_1_012.jpg 750w, https:\/\/www.kibotek.com\/wp-content\/uploads\/2026\/05\/kiboTEK_Miniloong_pocket_1_012-133x300.jpg 133w, https:\/\/www.kibotek.com\/wp-content\/uploads\/2026\/05\/kiboTEK_Miniloong_pocket_1_012-355x800.jpg 355w, https:\/\/www.kibotek.com\/wp-content\/uploads\/2026\/05\/kiboTEK_Miniloong_pocket_1_012-681x1536.jpg 681w, https:\/\/www.kibotek.com\/wp-content\/uploads\/2026\/05\/kiboTEK_Miniloong_pocket_1_012-5x12.jpg 5w, https:\/\/www.kibotek.com\/wp-content\/uploads\/2026\/05\/kiboTEK_Miniloong_pocket_1_012-430x970.jpg 430w, https:\/\/www.kibotek.com\/wp-content\/uploads\/2026\/05\/kiboTEK_Miniloong_pocket_1_012-700x1579.jpg 700w, https:\/\/www.kibotek.com\/wp-content\/uploads\/2026\/05\/kiboTEK_Miniloong_pocket_1_012-150x338.jpg 150w\" sizes=\"auto, (max-width: 750px) 100vw, 750px\" \/> <img loading=\"lazy\" decoding=\"async\" class=\"aligncenter size-full wp-image-78321\" src=\"https:\/\/www.kibotek.com\/wp-content\/uploads\/2026\/05\/kiboTEK_Miniloong_pocket_1_013.jpg\" alt=\"\" width=\"750\" height=\"755\" title=\"\" srcset=\"https:\/\/www.kibotek.com\/wp-content\/uploads\/2026\/05\/kiboTEK_Miniloong_pocket_1_013.jpg 750w, https:\/\/www.kibotek.com\/wp-content\/uploads\/2026\/05\/kiboTEK_Miniloong_pocket_1_013-298x300.jpg 298w, https:\/\/www.kibotek.com\/wp-content\/uploads\/2026\/05\/kiboTEK_Miniloong_pocket_1_013-150x151.jpg 150w, https:\/\/www.kibotek.com\/wp-content\/uploads\/2026\/05\/kiboTEK_Miniloong_pocket_1_013-12x12.jpg 12w, https:\/\/www.kibotek.com\/wp-content\/uploads\/2026\/05\/kiboTEK_Miniloong_pocket_1_013-430x433.jpg 430w, https:\/\/www.kibotek.com\/wp-content\/uploads\/2026\/05\/kiboTEK_Miniloong_pocket_1_013-700x705.jpg 700w, https:\/\/www.kibotek.com\/wp-content\/uploads\/2026\/05\/kiboTEK_Miniloong_pocket_1_013-50x50.jpg 50w, https:\/\/www.kibotek.com\/wp-content\/uploads\/2026\/05\/kiboTEK_Miniloong_pocket_1_013-100x100.jpg 100w, https:\/\/www.kibotek.com\/wp-content\/uploads\/2026\/05\/kiboTEK_Miniloong_pocket_1_013-32x32.jpg 32w\" sizes=\"auto, (max-width: 750px) 100vw, 750px\" \/> <img loading=\"lazy\" decoding=\"async\" class=\"aligncenter size-full wp-image-78322\" src=\"https:\/\/www.kibotek.com\/wp-content\/uploads\/2026\/05\/kiboTEK_Miniloong_pocket_1_014.jpg\" alt=\"\" width=\"750\" height=\"1106\" title=\"\" srcset=\"https:\/\/www.kibotek.com\/wp-content\/uploads\/2026\/05\/kiboTEK_Miniloong_pocket_1_014.jpg 750w, https:\/\/www.kibotek.com\/wp-content\/uploads\/2026\/05\/kiboTEK_Miniloong_pocket_1_014-203x300.jpg 203w, https:\/\/www.kibotek.com\/wp-content\/uploads\/2026\/05\/kiboTEK_Miniloong_pocket_1_014-542x800.jpg 542w, https:\/\/www.kibotek.com\/wp-content\/uploads\/2026\/05\/kiboTEK_Miniloong_pocket_1_014-8x12.jpg 8w, https:\/\/www.kibotek.com\/wp-content\/uploads\/2026\/05\/kiboTEK_Miniloong_pocket_1_014-430x634.jpg 430w, https:\/\/www.kibotek.com\/wp-content\/uploads\/2026\/05\/kiboTEK_Miniloong_pocket_1_014-700x1032.jpg 700w, https:\/\/www.kibotek.com\/wp-content\/uploads\/2026\/05\/kiboTEK_Miniloong_pocket_1_014-150x221.jpg 150w\" sizes=\"auto, (max-width: 750px) 100vw, 750px\" \/> <img loading=\"lazy\" decoding=\"async\" class=\"aligncenter size-full wp-image-78323\" src=\"https:\/\/www.kibotek.com\/wp-content\/uploads\/2026\/05\/kiboTEK_Miniloong_pocket_1_015.jpg\" alt=\"\" width=\"750\" height=\"1281\" title=\"\" srcset=\"https:\/\/www.kibotek.com\/wp-content\/uploads\/2026\/05\/kiboTEK_Miniloong_pocket_1_015.jpg 750w, https:\/\/www.kibotek.com\/wp-content\/uploads\/2026\/05\/kiboTEK_Miniloong_pocket_1_015-176x300.jpg 176w, https:\/\/www.kibotek.com\/wp-content\/uploads\/2026\/05\/kiboTEK_Miniloong_pocket_1_015-468x800.jpg 468w, https:\/\/www.kibotek.com\/wp-content\/uploads\/2026\/05\/kiboTEK_Miniloong_pocket_1_015-7x12.jpg 7w, https:\/\/www.kibotek.com\/wp-content\/uploads\/2026\/05\/kiboTEK_Miniloong_pocket_1_015-430x734.jpg 430w, https:\/\/www.kibotek.com\/wp-content\/uploads\/2026\/05\/kiboTEK_Miniloong_pocket_1_015-700x1196.jpg 700w, https:\/\/www.kibotek.com\/wp-content\/uploads\/2026\/05\/kiboTEK_Miniloong_pocket_1_015-150x256.jpg 150w\" sizes=\"auto, (max-width: 750px) 100vw, 750px\" \/><\/dt>\n<dt><\/dt>\n<\/dl>","protected":false},"excerpt":{"rendered":"<p class=\"price woobt-price-56089\"><strong><em>JETZT KAUFEN UND <\/em><\/strong><strong><em>ERHALTEN INNERHALB VON 24\/72 STUNDEN \ud83d\ude80<\/em><\/strong><\/p>","protected":false},"featured_media":78341,"comment_status":"open","ping_status":"closed","template":"","meta":{"iawp_total_views":6},"product_brand":[8683],"product_cat":[5514],"product_tag":[],"class_list":{"0":"post-78308","1":"product","2":"type-product","3":"status-publish","4":"has-post-thumbnail","6":"product_brand-miniloong","7":"product_cat-consolas-retro-gaming-arcade-bartop-pandora-box-anbernic-powkiddy","9":"first","10":"outofstock","11":"sale","12":"taxable","13":"shipping-taxable","14":"purchasable","15":"product-type-variable"},"supplier_id":null,"supplier_sku":"","barcode":null,"atum_controlled":true,"out_stock_date":null,"out_stock_threshold":null,"inheritable":true,"inbound_stock":null,"stock_on_hold":0,"sold_today":0,"sales_last_days":0,"reserved_stock":null,"customer_returns":null,"warehouse_damage":null,"lost_in_post":null,"other_logs":null,"out_stock_days":0,"lost_sales":0,"has_location":false,"update_date":"2026-05-14T20:00:43","atum_locations":[],"atum_stock_status":"outofstock","restock_status":false,"low_stock_amount":"","sales_update_date":"2026-05-14T00:44:48","calc_backorders":null,"_links":{"self":[{"href":"https:\/\/www.kibotek.com\/de\/wp-json\/wp\/v2\/product\/78308","targetHints":{"allow":["GET"]}}],"collection":[{"href":"https:\/\/www.kibotek.com\/de\/wp-json\/wp\/v2\/product"}],"about":[{"href":"https:\/\/www.kibotek.com\/de\/wp-json\/wp\/v2\/types\/product"}],"replies":[{"embeddable":true,"href":"https:\/\/www.kibotek.com\/de\/wp-json\/wp\/v2\/comments?post=78308"}],"version-history":[{"count":10,"href":"https:\/\/www.kibotek.com\/de\/wp-json\/wp\/v2\/product\/78308\/revisions"}],"predecessor-version":[{"id":78339,"href":"https:\/\/www.kibotek.com\/de\/wp-json\/wp\/v2\/product\/78308\/revisions\/78339"}],"wp:featuredmedia":[{"embeddable":true,"href":"https:\/\/www.kibotek.com\/de\/wp-json\/wp\/v2\/media\/78341"}],"wp:attachment":[{"href":"https:\/\/www.kibotek.com\/de\/wp-json\/wp\/v2\/media?parent=78308"}],"wp:term":[{"taxonomy":"product_brand","embeddable":true,"href":"https:\/\/www.kibotek.com\/de\/wp-json\/wp\/v2\/product_brand?post=78308"},{"taxonomy":"product_cat","embeddable":true,"href":"https:\/\/www.kibotek.com\/de\/wp-json\/wp\/v2\/product_cat?post=78308"},{"taxonomy":"product_tag","embeddable":true,"href":"https:\/\/www.kibotek.com\/de\/wp-json\/wp\/v2\/product_tag?post=78308"}],"curies":[{"name":"wp","href":"https:\/\/api.w.org\/{rel}","templated":true}]}}