{"id":75786,"date":"2026-04-22T18:52:03","date_gmt":"2026-04-22T16:52:03","guid":{"rendered":"https:\/\/www.kibotek.com\/?post_type=product&#038;p=75786"},"modified":"2026-04-24T22:00:52","modified_gmt":"2026-04-24T20:00:52","slug":"ayaneo-pocket-air-mini-3-gb-64-gb-b-duck-limited-edition","status":"publish","type":"product","link":"https:\/\/www.kibotek.com\/de\/kibostore\/ayaneo-pocket-air-mini-3gb-64gb-b-duck-edicion-limitada\/","title":{"rendered":"AYANEO POCKET AIR MINI 3GB\/64GB B.Duck Limited Edition"},"content":{"rendered":"<h3>AYANEO Pocket AIR MINI 3GB\/64GB Consola Port\u00e1til Gaming B.Duck Edici\u00f3n Limitada<\/h3>\n<h3>Versand von Spanien nach ganz Europa innerhalb von 24\/72 Stunden<\/h3>\n<h3><strong>3 Jahre<\/strong> <strong>Europ\u00e4ische Garantie <\/strong><strong>Nur bei kiboTEK<\/strong><\/h3>\n<h3>Spezifikationen<\/h3>\n<ul>\n<li>MediaTEK Helio G90T Octa-Core-Prozessor<\/li>\n<li>Mali-G76 MP4 GPU<\/li>\n<li>3GB RAM<\/li>\n<li>Speicher 64GB<\/li>\n<li><strong>LCD 4,2\u2033 1280 x 960 Pixel 60Hz<\/strong><\/li>\n<li>Aktive K\u00fchlung mit L\u00fcfter<\/li>\n<li>1x USB Typ-C<\/li>\n<li>1x MicroSD-Kartensteckplatz<\/li>\n<li>3,5-mm-Kopfh\u00f6rerbuchse<\/li>\n<li>Audio-Vibration\/ Xinut-Vibration\/ Tasten-Vibration<\/li>\n<li>Globale \u00dcberwachung und benutzerdefinierte Leistungsmodi<\/li>\n<li>AYA-Taste \/ Men\u00fc-Taste \/ Navigationstaste<\/li>\n<li>Wi-Fi 5, BT 5.0<\/li>\n<li>Android 11<\/li>\n<li>4500-mAh-Akku<\/li>\n<li>18 W Schnellladung<\/li>\n<li>Gewicht 269 g<\/li>\n<li>Abmessungen: 165,9 mm x 82,5 mm x 18,7 mm<\/li>\n<li>B.Duck Limited Edition<\/li>\n<\/ul>\n<h3>Sicherheit bei Ihrem Einkauf<\/h3>\n<p>Bei kiboTEK k\u00f6nnen Sie beruhigt und sicher in einem der am h\u00f6chsten bewerteten Spieleshops einkaufen. Sie k\u00f6nnen Ihren Kauf jederzeit zur\u00fcckgeben, wenn Sie nicht zufrieden sind.,<\/p>\n<p><strong><span style=\"font-size: 12pt;\">Sie haben 14 Tage Zeit, eine R\u00fcckerstattung zu beantragen.<\/span><\/strong><\/p>\n<p>Machen Sie sich andererseits keine Sorgen um die Garantie, denn diese erhalten Sie nur auf unserer Website.<\/p>\n<p><strong>3 Jahre europ\u00e4ische Garantie<\/strong><\/p>\n<p>Bei kiboTEK k\u00f6nnen Sie tragbare Spielkonsolen mit der Garantie und Sicherheit des besten Online-Spieleshops in Spanien und Europa kaufen.<\/p>\n<p><a href=\"https:\/\/www.kibotek.com\/de\/ruckgabebedingungen\/\">Die AGB k\u00f6nnen Sie hier unverbindlich einsehen.\u00a0<\/a><\/p>\n<h3 data-start=\"3539\" data-end=\"3610\">Kaufen Sie es bei kiboTEK \u2013 Physischer und Online-Shop mit offizieller Garantie<\/h3>\n<p data-start=\"3612\" data-end=\"3866\">Im <strong data-start=\"3615\" data-end=\"3656\"><span class=\"hover:entity-accent entity-underline inline cursor-pointer align-baseline\"><span class=\"whitespace-normal\">kiboTEK<\/span><\/span><\/strong> d\u00fcrfen <strong data-start=\"3664\" data-end=\"3711\">Kaufen Sie AYANEO Pocket AIR MINI 3GB\/64GB<\/strong>\u00a0so viel <a href=\"http:\/\/www.kiboTEK.com\" target=\"_blank\" rel=\"nofollow noopener\">online\u00a0<\/a> wie in unserem <strong data-start=\"3742\" data-end=\"3789\">physische Gesch\u00e4fte in Bilbao und Vitoria-Gasteiz<\/strong>, mit <strong data-start=\"3795\" data-end=\"3833\">3 Jahre offizielle europ\u00e4ische Garantie<\/strong> und spezialisierter technischer Support.<\/p>\n<ul data-start=\"3263\" data-end=\"3417\">\n<li data-start=\"3263\" data-end=\"3291\">\n<p data-start=\"3265\" data-end=\"3291\"><a href=\"https:\/\/share.google\/6A44KmqGyzVK0dryQ\" target=\"_blank\" rel=\"nofollow noopener\">\ud83d\udccd KiboTEK Bilbao Store<\/a><\/p>\n<\/li>\n<li data-start=\"3292\" data-end=\"3329\">\n<p data-start=\"3294\" data-end=\"3329\"><a href=\"https:\/\/share.google\/j0qINcfL2JLnLzuep\" target=\"_blank\" rel=\"nofollow noopener\">\ud83d\udccd kiboTEK Vitoria-Gasteiz Store<\/a><\/p>\n<\/li>\n<li data-start=\"3330\" data-end=\"3374\">\n<p data-start=\"3332\" data-end=\"3374\">\ud83d\ude9a Schneller Versand innerhalb von 24\/48 Stunden in ganz Europa<\/p>\n<\/li>\n<li data-start=\"3375\" data-end=\"3417\">\n<p data-start=\"3377\" data-end=\"3417\">\ud83d\udee1\ufe0f Offizielle Garantie und technischer Support<\/p>\n<\/li>\n<\/ul>\n<h3 data-start=\"399\" data-end=\"451\">Bildschirm im Retro-Stil<\/h3>\n<div class=\"Y3BBE\" data-sfc-cp=\"\" data-sfc-root=\"c\" data-sfc-cb=\"\" data-hveid=\"CAEIAhAA\" data-processed=\"true\" data-complete=\"true\">\n<div class=\"Y3BBE\" data-sfc-cp=\"\" data-sfc-root=\"c\" data-sfc-cb=\"\" data-hveid=\"CAEIAxAA\" data-processed=\"true\" data-complete=\"true\">Das <strong class=\"Yjhzub\" data-sfc-root=\"c\" data-sfc-cb=\"\" data-complete=\"true\" data-processed=\"true\">AYANEO Pocket AIR Mini Edition B.Duck<\/strong> Es hat einen 4,2-Zoll-Bildschirm. Das ist sein Format. <strong class=\"Yjhzub\" data-sfc-root=\"c\" data-sfc-cb=\"\" data-complete=\"true\" data-processed=\"true\">4:3<\/strong>\u00a0eines Lebens und eines Entschlusses\u00a0<strong class=\"Yjhzub\" data-sfc-root=\"c\" data-sfc-cb=\"\" data-complete=\"true\" data-processed=\"true\">1280 \u00d7 960<\/strong> Dadurch sehen Retro-Spiele unglaublich scharf aus. Vergessen Sie schwarze Balken oder verzerrte, seltsame Bilder; hier sehen die Klassiker so aus, wie sie aussehen sollten. Und au\u00dferdem mit\u00a0<strong class=\"Yjhzub\" data-sfc-root=\"c\" data-sfc-cb=\"\" data-complete=\"true\" data-processed=\"true\">500 Nits<\/strong> Dank seiner Helligkeit und des IPS-Panels sieht es auch dann gut aus, wenn man sich neben einem Fenster oder an einem sehr hellen Ort befindet.<\/div>\n<div data-sfc-cp=\"\" data-sfc-root=\"c\" data-sfc-cb=\"\" data-hveid=\"CAEIAxAA\" data-processed=\"true\" data-complete=\"true\"><\/div>\n<div class=\"Y3BBE\" data-sfc-cp=\"\" data-sfc-root=\"c\" data-sfc-cb=\"\" data-hveid=\"CAEIBBAA\" data-complete=\"true\" data-processed=\"true\" aria-owns=\"action-menu-parent-container\">Aber das wirklich Tolle ist das Design. Sie haben sich mit \u2026 zusammengetan.\u00a0<strong class=\"Yjhzub\" data-sfc-root=\"c\" data-sfc-cb=\"\" data-complete=\"true\" data-processed=\"true\">B.Duck<\/strong>\u00a0und das Ergebnis ist eine Konsole\u00a0<strong class=\"Yjhzub\" data-sfc-root=\"c\" data-sfc-cb=\"\" data-complete=\"true\" data-processed=\"true\">leuchtend gelb<\/strong>\u00a0Es ist unm\u00f6glich, es zu \u00fcbersehen. Es ist nicht nur seine Sch\u00f6nheit von au\u00dfen; wenn man es einschaltet, wird man von \u2026\u00a0<strong class=\"Yjhzub\" data-sfc-root=\"c\" data-sfc-cb=\"\" data-complete=\"true\" data-processed=\"true\">Entenmen\u00fcs und -animationen<\/strong>, Das B.Duck-Erlebnis ist also von der ersten Minute an komplett.<\/div>\n<\/div>\n<h3 data-start=\"228\" data-end=\"273\">Herzst\u00fcck der Konsole<\/h3>\n<div class=\"Y3BBE\" data-sfc-cp=\"\" data-sfc-root=\"c\" data-sfc-cb=\"\" data-hveid=\"CAEIAhAA\" data-complete=\"true\" data-processed=\"true\">Unter der Haube l\u00e4sst er keine W\u00fcnsche offen. Er verf\u00fcgt \u00fcber einen Prozessor.\u00a0<strong class=\"Yjhzub\" data-sfc-root=\"c\" data-sfc-cb=\"\" data-complete=\"true\" data-processed=\"true\">Helium G90T<\/strong>\u00a0die zusammen mit ihren\u00a0<strong class=\"Yjhzub\" data-sfc-root=\"c\" data-sfc-cb=\"\" data-complete=\"true\" data-processed=\"true\">31 TP48T RAM und 641 TP48T Speicher<\/strong>, Es kommt problemlos mit Android-Emulatoren und -Spielen zurecht. Und denken Sie daran: Obwohl es klein ist, steckt voller Leistung.\u00a0<strong class=\"Yjhzub\" data-sfc-root=\"c\" data-sfc-cb=\"\" data-complete=\"true\" data-processed=\"true\">Innenl\u00fcfter<\/strong>\u00a0Damit es auch bei intensiver Nutzung \u00fcber l\u00e4ngere Zeitr\u00e4ume nicht \u00fcberhitzt. Und falls der Speicherplatz f\u00fcr Spiele ausgeht, gibt es einen zus\u00e4tzlichen Steckplatz f\u00fcr\u00a0<strong class=\"Yjhzub\" data-sfc-root=\"c\" data-sfc-cb=\"\" data-complete=\"true\" data-processed=\"true\">microSD<\/strong>\u00a0Um alles hineinzuf\u00fcllen, was man m\u00f6chte.<\/div>\n<h3 data-start=\"277\" data-end=\"376\">Autonomie, die \u00fcberrascht<\/h3>\n<div class=\"Y3BBE\" data-sfc-cp=\"\" data-sfc-root=\"c\" data-sfc-cb=\"\" data-hveid=\"CAEIAhAA\" data-complete=\"true\" data-processed=\"true\">Im Batteriebereich <strong class=\"Yjhzub\" data-sfc-root=\"c\" data-sfc-cb=\"\" data-complete=\"true\" data-processed=\"true\">Pocket AIR Mini<\/strong>\u00a0Es enth\u00e4lt eine Batterie\u00a0<strong class=\"Yjhzub\" data-sfc-root=\"c\" data-sfc-cb=\"\" data-complete=\"true\" data-processed=\"true\">4500 mAh<\/strong>, Eine \u00fcberraschend hohe Kapazit\u00e4t f\u00fcr ihre kompakte Gr\u00f6\u00dfe. Dieser Akku erm\u00f6glicht lange Gaming-Sessions und ist ideal f\u00fcr ausgedehnte Reisen oder entspanntes Spielen, ohne sich Gedanken \u00fcber den Akku machen zu m\u00fcssen. Er unterst\u00fctzt au\u00dferdem...\u00a0<strong class=\"Yjhzub\" data-sfc-root=\"c\" data-sfc-cb=\"\" data-complete=\"true\" data-processed=\"true\">18-W-PD-Schnellladung<\/strong>, was bedeutet, dass das auff\u00e4llige gelbe Design von\u00a0<strong class=\"Yjhzub\" data-sfc-root=\"c\" data-sfc-cb=\"\" data-complete=\"true\" data-processed=\"true\">B.Duck<\/strong> Es wird in k\u00fcrzester Zeit wieder in Ihren H\u00e4nden sein und einsatzbereit sein.<\/div>\n<div data-sfc-cp=\"\" data-sfc-root=\"c\" data-sfc-cb=\"\" data-hveid=\"CAEIAhAA\" data-complete=\"true\" data-processed=\"true\"><\/div>\n<div class=\"Y3BBE\" data-sfc-cp=\"\" data-sfc-root=\"c\" data-sfc-cb=\"\" data-hveid=\"CAEIAxAA\" data-complete=\"true\" data-processed=\"true\" aria-owns=\"action-menu-parent-container\">Diese Energieeffizienz in Kombination mit der Portabilit\u00e4t unterstreicht die Vorstellung, dass diese Konsole nicht nur ein optisch ansprechendes Sammlerst\u00fcck, sondern auch ein Unterhaltungsinstrument ist.\u00a0<strong class=\"Yjhzub\" data-sfc-root=\"c\" data-sfc-cb=\"\" data-complete=\"true\" data-processed=\"true\">wirklich tragbar<\/strong>\u00a0das mit den anspruchsvollsten Spielern mithalten kann.<\/div>\n<h3 data-start=\"3539\" data-end=\"3610\">Emulatoren<\/h3>\n<p data-start=\"346\" data-end=\"475\">Dank seiner Hardware (MediaTek Helio G90T SoC + Mali-G76 GPU + Android + 3GB RAM GB) funktioniert der Pocket AIR Mini recht gut mit NES, SNES, Mega Drive, Genesis, PlayStation 1 (PS1), Nintendo 64 (N64), sogar Sega Dreamcast, GBA, PlayStation Portable (PSP).<\/p>\n<h3 data-start=\"346\" data-end=\"475\">Betriebssystem<\/h3>\n<p data-start=\"152\" data-end=\"259\">Der Pocket AIR Mini wird geliefert mit <strong data-start=\"181\" data-end=\"195\">Android 11<\/strong> Sie haben also freien Zugang zu <strong data-start=\"803\" data-end=\"831\">Emulatoren, Spiele, Apps<\/strong> die f\u00fcr Android verf\u00fcgbar sind: ein gro\u00dfer Vorteil, wenn man gerne bastelt, ROMs installiert, verschiedene Emulatoren ausprobiert usw.<\/p>\n<h3 data-start=\"152\" data-end=\"259\">Konnektivit\u00e4t<\/h3>\n<div class=\"Y3BBE\" data-sfc-cp=\"\" data-sfc-root=\"c\" data-sfc-cb=\"\" data-hveid=\"CAAIAhAA\" data-complete=\"true\" data-processed=\"true\">In Bezug auf die Konnektivit\u00e4t,\u00a0<strong class=\"Yjhzub\" data-sfc-root=\"c\" data-sfc-cb=\"\" data-complete=\"true\" data-processed=\"true\">Pocket AIR Mini<\/strong>\u00a0Es ist sehr gut ausgestattet, sodass es Ihnen an nichts fehlen wird. Es hat\u00a0<strong class=\"Yjhzub\" data-sfc-root=\"c\" data-sfc-cb=\"\" data-complete=\"true\" data-processed=\"true\">WLAN und Bluetooth<\/strong>, Dadurch k\u00f6nnen Sie nicht nur Ihre Spiele und Updates schnell herunterladen, sondern auch kabellose Kopfh\u00f6rer oder externe Controller anschlie\u00dfen, wenn Sie im Tischmodus spielen m\u00f6chten. Es verf\u00fcgt au\u00dferdem \u00fcber einen Port\u00a0<strong class=\"Yjhzub\" data-sfc-root=\"c\" data-sfc-cb=\"\" data-complete=\"true\" data-processed=\"true\">USB-C<\/strong> vielseitig einsetzbar, geeignet sowohl f\u00fcr schnelles Laden als auch f\u00fcr Daten\u00fcbertragung.<\/div>\n<div data-sfc-cp=\"\" data-sfc-root=\"c\" data-sfc-cb=\"\" data-hveid=\"CAAIAhAA\" data-complete=\"true\" data-processed=\"true\"><\/div>\n<div class=\"Y3BBE\" data-sfc-cp=\"\" data-sfc-root=\"c\" data-sfc-cb=\"\" data-hveid=\"CAAIAxAA\" data-processed=\"true\" data-complete=\"true\" aria-owns=\"action-menu-parent-container\">Es erh\u00e4lt die <strong class=\"Yjhzub\" data-sfc-root=\"c\" data-sfc-cb=\"\" data-complete=\"true\" data-processed=\"true\">3,5-mm-Audiobuchse<\/strong>. So k\u00f6nnen Sie mit Ihren Lieblingskopfh\u00f6rern in die Musik Ihrer klassischen Spiele eintauchen und das volle Erlebnis genie\u00dfen, w\u00e4hrend Sie gleichzeitig das exklusive Design von\u00a0<strong class=\"Yjhzub\" data-sfc-root=\"c\" data-sfc-cb=\"\" data-complete=\"true\" data-processed=\"true\">B.Duck<\/strong>. Es handelt sich um eine kleine Konsole, die jedoch alle Anschlussm\u00f6glichkeiten bietet, die man von einem modernen Ger\u00e4t erwartet.<\/div>\n<h3 data-start=\"218\" data-end=\"411\">Bedienelemente, Tasten, Ergonomie<\/h3>\n<div class=\"Y3BBE\" data-sfc-cp=\"\" data-sfc-root=\"c\" data-sfc-cb=\"\" data-hveid=\"CAEIAhAA\" data-complete=\"true\" data-processed=\"true\">Was die Kontrollen betrifft, so\u00a0<strong class=\"Yjhzub\" data-sfc-root=\"c\" data-sfc-cb=\"\" data-complete=\"true\" data-processed=\"true\">Pocket AIR Mini<\/strong> Ausr\u00fcstung <strong class=\"Yjhzub\" data-sfc-root=\"c\" data-sfc-cb=\"\" data-complete=\"true\" data-processed=\"true\">Joysticks und Trigger mit Hall-Effekt-Technologie<\/strong>, Dadurch wird das Risiko eines st\u00f6renden \u201cDrifts\u201d vollst\u00e4ndig eliminiert und eine hochpr\u00e4zise Detailgenauigkeit erreicht, die sich geschmeidig und professionell anf\u00fchlt.<\/div>\n<div data-sfc-cp=\"\" data-sfc-root=\"c\" data-sfc-cb=\"\" data-hveid=\"CAEIAhAA\" data-complete=\"true\" data-processed=\"true\"><\/div>\n<div class=\"Y3BBE\" data-sfc-cp=\"\" data-sfc-root=\"c\" data-sfc-cb=\"\" data-hveid=\"CAEIAxAA\" data-processed=\"true\" data-complete=\"true\" aria-owns=\"action-menu-parent-container\">Die Aktionskn\u00f6pfe und das D-Pad gew\u00e4hrleisten die optimale Balance zwischen Festigkeit und schneller Reaktionsf\u00e4higkeit und sorgen so f\u00fcr ein ebenso gutes Spielerlebnis wie f\u00fcr eine ansprechende Optik. In dieser Version\u00a0<strong class=\"Yjhzub\" data-sfc-root=\"c\" data-sfc-cb=\"\" data-complete=\"true\" data-processed=\"true\">B.Duck<\/strong>, Die Details in den Tastenfarben und der Ergonomie der Sticks f\u00fcgen sich perfekt in das Gesamtbild ein und zeigen, dass AYANEO sowohl auf die \u00c4sthetik der ber\u00fchmten Ente als auch auf die\u00a0<strong class=\"Yjhzub\" data-sfc-root=\"c\" data-sfc-cb=\"\" data-complete=\"true\" data-processed=\"true\">technische Qualit\u00e4t<\/strong>\u00a0jedes Herzschlags.<\/div>\n<p data-start=\"1018\" data-end=\"1261\">Es beinhaltet auch <strong data-start=\"1033\" data-end=\"1058\">Vibration, Gyroskop.<\/strong><\/p>\n<p data-start=\"1309\" data-end=\"1535\">Hinsichtlich Gr\u00f6\u00dfe und Gewicht wiegt die Konsole etwa <strong data-start=\"1357\" data-end=\"1366\">269 g<\/strong> und es hat kompakte Abmessungen, was es ziemlich macht <strong data-start=\"1428\" data-end=\"1440\">tragbar<\/strong> und liegt angenehm in der Hand, ohne sich schwer anzuf\u00fchlen.<\/p>\n<p data-start=\"1538\" data-end=\"1821\">Viele der Bedienelemente (Trigger, Sticks, D-Pad, Tasten) sind gut kalibriert: Die Trigger und Analogsticks f\u00fchlen sich angenehm an und haben ein gutes Klickgef\u00fchl bzw. eine gute R\u00fcckmeldung, sodass man mehrere Stunden spielen kann, ohne dass die H\u00e4nde steif werden.<\/p>\n<p><img loading=\"lazy\" decoding=\"async\" class=\"aligncenter size-full wp-image-75796\" src=\"https:\/\/www.kibotek.com\/wp-content\/uploads\/2026\/04\/kiboTEK_AYANEO_POCKET_AIR_MINI_B.DUCK_009.jpg\" alt=\"\" width=\"1591\" height=\"783\" title=\"\" srcset=\"https:\/\/www.kibotek.com\/wp-content\/uploads\/2026\/04\/kiboTEK_AYANEO_POCKET_AIR_MINI_B.DUCK_009.jpg 1591w, https:\/\/www.kibotek.com\/wp-content\/uploads\/2026\/04\/kiboTEK_AYANEO_POCKET_AIR_MINI_B.DUCK_009-400x197.jpg 400w, https:\/\/www.kibotek.com\/wp-content\/uploads\/2026\/04\/kiboTEK_AYANEO_POCKET_AIR_MINI_B.DUCK_009-1300x640.jpg 1300w, https:\/\/www.kibotek.com\/wp-content\/uploads\/2026\/04\/kiboTEK_AYANEO_POCKET_AIR_MINI_B.DUCK_009-768x378.jpg 768w, https:\/\/www.kibotek.com\/wp-content\/uploads\/2026\/04\/kiboTEK_AYANEO_POCKET_AIR_MINI_B.DUCK_009-1536x756.jpg 1536w, https:\/\/www.kibotek.com\/wp-content\/uploads\/2026\/04\/kiboTEK_AYANEO_POCKET_AIR_MINI_B.DUCK_009-18x9.jpg 18w, https:\/\/www.kibotek.com\/wp-content\/uploads\/2026\/04\/kiboTEK_AYANEO_POCKET_AIR_MINI_B.DUCK_009-430x212.jpg 430w, https:\/\/www.kibotek.com\/wp-content\/uploads\/2026\/04\/kiboTEK_AYANEO_POCKET_AIR_MINI_B.DUCK_009-700x345.jpg 700w, https:\/\/www.kibotek.com\/wp-content\/uploads\/2026\/04\/kiboTEK_AYANEO_POCKET_AIR_MINI_B.DUCK_009-150x74.jpg 150w\" sizes=\"auto, (max-width: 1591px) 100vw, 1591px\" \/> <img loading=\"lazy\" decoding=\"async\" class=\"aligncenter size-full wp-image-75798\" src=\"https:\/\/www.kibotek.com\/wp-content\/uploads\/2026\/04\/kiboTEK_AYANEO_POCKET_AIR_MINI_B.DUCK_010.jpg\" alt=\"\" width=\"1591\" height=\"865\" title=\"\" srcset=\"https:\/\/www.kibotek.com\/wp-content\/uploads\/2026\/04\/kiboTEK_AYANEO_POCKET_AIR_MINI_B.DUCK_010.jpg 1591w, https:\/\/www.kibotek.com\/wp-content\/uploads\/2026\/04\/kiboTEK_AYANEO_POCKET_AIR_MINI_B.DUCK_010-400x217.jpg 400w, https:\/\/www.kibotek.com\/wp-content\/uploads\/2026\/04\/kiboTEK_AYANEO_POCKET_AIR_MINI_B.DUCK_010-1300x707.jpg 1300w, https:\/\/www.kibotek.com\/wp-content\/uploads\/2026\/04\/kiboTEK_AYANEO_POCKET_AIR_MINI_B.DUCK_010-768x418.jpg 768w, https:\/\/www.kibotek.com\/wp-content\/uploads\/2026\/04\/kiboTEK_AYANEO_POCKET_AIR_MINI_B.DUCK_010-1536x835.jpg 1536w, https:\/\/www.kibotek.com\/wp-content\/uploads\/2026\/04\/kiboTEK_AYANEO_POCKET_AIR_MINI_B.DUCK_010-18x10.jpg 18w, https:\/\/www.kibotek.com\/wp-content\/uploads\/2026\/04\/kiboTEK_AYANEO_POCKET_AIR_MINI_B.DUCK_010-430x234.jpg 430w, https:\/\/www.kibotek.com\/wp-content\/uploads\/2026\/04\/kiboTEK_AYANEO_POCKET_AIR_MINI_B.DUCK_010-700x381.jpg 700w, https:\/\/www.kibotek.com\/wp-content\/uploads\/2026\/04\/kiboTEK_AYANEO_POCKET_AIR_MINI_B.DUCK_010-150x82.jpg 150w\" sizes=\"auto, (max-width: 1591px) 100vw, 1591px\" \/> <img loading=\"lazy\" decoding=\"async\" class=\"aligncenter size-full wp-image-75799\" src=\"https:\/\/www.kibotek.com\/wp-content\/uploads\/2026\/04\/kiboTEK_AYANEO_POCKET_AIR_MINI_B.DUCK_011.jpg\" alt=\"\" width=\"1583\" height=\"871\" title=\"\" srcset=\"https:\/\/www.kibotek.com\/wp-content\/uploads\/2026\/04\/kiboTEK_AYANEO_POCKET_AIR_MINI_B.DUCK_011.jpg 1583w, https:\/\/www.kibotek.com\/wp-content\/uploads\/2026\/04\/kiboTEK_AYANEO_POCKET_AIR_MINI_B.DUCK_011-400x220.jpg 400w, https:\/\/www.kibotek.com\/wp-content\/uploads\/2026\/04\/kiboTEK_AYANEO_POCKET_AIR_MINI_B.DUCK_011-1300x715.jpg 1300w, https:\/\/www.kibotek.com\/wp-content\/uploads\/2026\/04\/kiboTEK_AYANEO_POCKET_AIR_MINI_B.DUCK_011-768x423.jpg 768w, https:\/\/www.kibotek.com\/wp-content\/uploads\/2026\/04\/kiboTEK_AYANEO_POCKET_AIR_MINI_B.DUCK_011-1536x845.jpg 1536w, https:\/\/www.kibotek.com\/wp-content\/uploads\/2026\/04\/kiboTEK_AYANEO_POCKET_AIR_MINI_B.DUCK_011-18x10.jpg 18w, https:\/\/www.kibotek.com\/wp-content\/uploads\/2026\/04\/kiboTEK_AYANEO_POCKET_AIR_MINI_B.DUCK_011-430x237.jpg 430w, https:\/\/www.kibotek.com\/wp-content\/uploads\/2026\/04\/kiboTEK_AYANEO_POCKET_AIR_MINI_B.DUCK_011-700x385.jpg 700w, https:\/\/www.kibotek.com\/wp-content\/uploads\/2026\/04\/kiboTEK_AYANEO_POCKET_AIR_MINI_B.DUCK_011-150x83.jpg 150w\" sizes=\"auto, (max-width: 1583px) 100vw, 1583px\" \/> <img loading=\"lazy\" decoding=\"async\" class=\"aligncenter size-full wp-image-75800\" src=\"https:\/\/www.kibotek.com\/wp-content\/uploads\/2026\/04\/kiboTEK_AYANEO_POCKET_AIR_MINI_B.DUCK_012.jpg\" alt=\"\" width=\"1586\" height=\"888\" title=\"\" srcset=\"https:\/\/www.kibotek.com\/wp-content\/uploads\/2026\/04\/kiboTEK_AYANEO_POCKET_AIR_MINI_B.DUCK_012.jpg 1586w, https:\/\/www.kibotek.com\/wp-content\/uploads\/2026\/04\/kiboTEK_AYANEO_POCKET_AIR_MINI_B.DUCK_012-400x224.jpg 400w, https:\/\/www.kibotek.com\/wp-content\/uploads\/2026\/04\/kiboTEK_AYANEO_POCKET_AIR_MINI_B.DUCK_012-1300x728.jpg 1300w, https:\/\/www.kibotek.com\/wp-content\/uploads\/2026\/04\/kiboTEK_AYANEO_POCKET_AIR_MINI_B.DUCK_012-768x430.jpg 768w, https:\/\/www.kibotek.com\/wp-content\/uploads\/2026\/04\/kiboTEK_AYANEO_POCKET_AIR_MINI_B.DUCK_012-1536x860.jpg 1536w, https:\/\/www.kibotek.com\/wp-content\/uploads\/2026\/04\/kiboTEK_AYANEO_POCKET_AIR_MINI_B.DUCK_012-18x10.jpg 18w, https:\/\/www.kibotek.com\/wp-content\/uploads\/2026\/04\/kiboTEK_AYANEO_POCKET_AIR_MINI_B.DUCK_012-430x241.jpg 430w, https:\/\/www.kibotek.com\/wp-content\/uploads\/2026\/04\/kiboTEK_AYANEO_POCKET_AIR_MINI_B.DUCK_012-700x392.jpg 700w, https:\/\/www.kibotek.com\/wp-content\/uploads\/2026\/04\/kiboTEK_AYANEO_POCKET_AIR_MINI_B.DUCK_012-150x84.jpg 150w\" sizes=\"auto, (max-width: 1586px) 100vw, 1586px\" \/> <img loading=\"lazy\" decoding=\"async\" class=\"aligncenter size-full wp-image-75801\" src=\"https:\/\/www.kibotek.com\/wp-content\/uploads\/2026\/04\/kiboTEK_AYANEO_POCKET_AIR_MINI_B.DUCK_013.jpg\" alt=\"\" width=\"1612\" height=\"765\" title=\"\" srcset=\"https:\/\/www.kibotek.com\/wp-content\/uploads\/2026\/04\/kiboTEK_AYANEO_POCKET_AIR_MINI_B.DUCK_013.jpg 1612w, https:\/\/www.kibotek.com\/wp-content\/uploads\/2026\/04\/kiboTEK_AYANEO_POCKET_AIR_MINI_B.DUCK_013-400x190.jpg 400w, https:\/\/www.kibotek.com\/wp-content\/uploads\/2026\/04\/kiboTEK_AYANEO_POCKET_AIR_MINI_B.DUCK_013-1300x617.jpg 1300w, https:\/\/www.kibotek.com\/wp-content\/uploads\/2026\/04\/kiboTEK_AYANEO_POCKET_AIR_MINI_B.DUCK_013-768x364.jpg 768w, https:\/\/www.kibotek.com\/wp-content\/uploads\/2026\/04\/kiboTEK_AYANEO_POCKET_AIR_MINI_B.DUCK_013-1536x729.jpg 1536w, https:\/\/www.kibotek.com\/wp-content\/uploads\/2026\/04\/kiboTEK_AYANEO_POCKET_AIR_MINI_B.DUCK_013-18x9.jpg 18w, https:\/\/www.kibotek.com\/wp-content\/uploads\/2026\/04\/kiboTEK_AYANEO_POCKET_AIR_MINI_B.DUCK_013-430x204.jpg 430w, https:\/\/www.kibotek.com\/wp-content\/uploads\/2026\/04\/kiboTEK_AYANEO_POCKET_AIR_MINI_B.DUCK_013-700x332.jpg 700w, https:\/\/www.kibotek.com\/wp-content\/uploads\/2026\/04\/kiboTEK_AYANEO_POCKET_AIR_MINI_B.DUCK_013-150x71.jpg 150w\" sizes=\"auto, (max-width: 1612px) 100vw, 1612px\" \/> <img loading=\"lazy\" decoding=\"async\" class=\"aligncenter size-full wp-image-75802\" src=\"https:\/\/www.kibotek.com\/wp-content\/uploads\/2026\/04\/kiboTEK_AYANEO_POCKET_AIR_MINI_B.DUCK_014.jpg\" alt=\"\" width=\"1597\" height=\"825\" title=\"\" srcset=\"https:\/\/www.kibotek.com\/wp-content\/uploads\/2026\/04\/kiboTEK_AYANEO_POCKET_AIR_MINI_B.DUCK_014.jpg 1597w, https:\/\/www.kibotek.com\/wp-content\/uploads\/2026\/04\/kiboTEK_AYANEO_POCKET_AIR_MINI_B.DUCK_014-400x207.jpg 400w, https:\/\/www.kibotek.com\/wp-content\/uploads\/2026\/04\/kiboTEK_AYANEO_POCKET_AIR_MINI_B.DUCK_014-1300x672.jpg 1300w, https:\/\/www.kibotek.com\/wp-content\/uploads\/2026\/04\/kiboTEK_AYANEO_POCKET_AIR_MINI_B.DUCK_014-768x397.jpg 768w, https:\/\/www.kibotek.com\/wp-content\/uploads\/2026\/04\/kiboTEK_AYANEO_POCKET_AIR_MINI_B.DUCK_014-1536x793.jpg 1536w, https:\/\/www.kibotek.com\/wp-content\/uploads\/2026\/04\/kiboTEK_AYANEO_POCKET_AIR_MINI_B.DUCK_014-18x9.jpg 18w, https:\/\/www.kibotek.com\/wp-content\/uploads\/2026\/04\/kiboTEK_AYANEO_POCKET_AIR_MINI_B.DUCK_014-430x222.jpg 430w, https:\/\/www.kibotek.com\/wp-content\/uploads\/2026\/04\/kiboTEK_AYANEO_POCKET_AIR_MINI_B.DUCK_014-700x362.jpg 700w, https:\/\/www.kibotek.com\/wp-content\/uploads\/2026\/04\/kiboTEK_AYANEO_POCKET_AIR_MINI_B.DUCK_014-150x77.jpg 150w\" sizes=\"auto, (max-width: 1597px) 100vw, 1597px\" \/><\/p>","protected":false},"excerpt":{"rendered":"<p class=\"price woobt-price-56089\"><strong><em>JETZT KAUFEN UND <\/em><\/strong><strong><em>ERHALTEN INNERHALB VON 24\/72 STUNDEN \ud83d\ude80<\/em><\/strong><\/p>","protected":false},"featured_media":75787,"comment_status":"open","ping_status":"closed","template":"","meta":{"iawp_total_views":11},"product_brand":[8141],"product_cat":[7809,5514],"product_tag":[],"class_list":{"0":"post-75786","1":"product","2":"type-product","3":"status-publish","4":"has-post-thumbnail","6":"product_brand-comprar-consola-gaming-ayaneo","7":"product_cat-consolas-retro","8":"product_cat-consolas-retro-gaming-arcade-bartop-pandora-box-anbernic-powkiddy","10":"first","11":"outofstock","12":"taxable","13":"shipping-taxable","14":"purchasable","15":"product-type-simple"},"supplier_id":null,"supplier_sku":"","barcode":null,"atum_controlled":true,"out_stock_date":"2026-04-22 18:49:54","out_stock_threshold":null,"inheritable":false,"inbound_stock":null,"stock_on_hold":0,"sold_today":0,"sales_last_days":0,"reserved_stock":null,"customer_returns":null,"warehouse_damage":null,"lost_in_post":null,"other_logs":null,"out_stock_days":2,"lost_sales":0,"has_location":false,"update_date":"2026-04-25T05:04:07","atum_locations":[],"atum_stock_status":"outofstock","restock_status":false,"low_stock_amount":"","sales_update_date":"2026-04-25T05:04:07","calc_backorders":null,"_links":{"self":[{"href":"https:\/\/www.kibotek.com\/de\/wp-json\/wp\/v2\/product\/75786","targetHints":{"allow":["GET"]}}],"collection":[{"href":"https:\/\/www.kibotek.com\/de\/wp-json\/wp\/v2\/product"}],"about":[{"href":"https:\/\/www.kibotek.com\/de\/wp-json\/wp\/v2\/types\/product"}],"replies":[{"embeddable":true,"href":"https:\/\/www.kibotek.com\/de\/wp-json\/wp\/v2\/comments?post=75786"}],"version-history":[{"count":5,"href":"https:\/\/www.kibotek.com\/de\/wp-json\/wp\/v2\/product\/75786\/revisions"}],"predecessor-version":[{"id":75808,"href":"https:\/\/www.kibotek.com\/de\/wp-json\/wp\/v2\/product\/75786\/revisions\/75808"}],"wp:featuredmedia":[{"embeddable":true,"href":"https:\/\/www.kibotek.com\/de\/wp-json\/wp\/v2\/media\/75787"}],"wp:attachment":[{"href":"https:\/\/www.kibotek.com\/de\/wp-json\/wp\/v2\/media?parent=75786"}],"wp:term":[{"taxonomy":"product_brand","embeddable":true,"href":"https:\/\/www.kibotek.com\/de\/wp-json\/wp\/v2\/product_brand?post=75786"},{"taxonomy":"product_cat","embeddable":true,"href":"https:\/\/www.kibotek.com\/de\/wp-json\/wp\/v2\/product_cat?post=75786"},{"taxonomy":"product_tag","embeddable":true,"href":"https:\/\/www.kibotek.com\/de\/wp-json\/wp\/v2\/product_tag?post=75786"}],"curies":[{"name":"wp","href":"https:\/\/api.w.org\/{rel}","templated":true}]}}