{"id":74632,"date":"2026-03-31T18:07:51","date_gmt":"2026-03-31T16:07:51","guid":{"rendered":"https:\/\/www.kibotek.com\/?post_type=product&#038;p=74632"},"modified":"2026-04-19T22:01:04","modified_gmt":"2026-04-19T20:01:04","slug":"protector-pantalla-cristal-templado-para-xiaomi-redmi-pad-pro-pad-2-pro-12-1-pulg-cool","status":"publish","type":"product","link":"https:\/\/www.kibotek.com\/de\/kibostore\/protector-pantalla-cristal-templado-para-xiaomi-redmi-pad-pro-pad-2-pro-12-1-pulg-cool\/","title":{"rendered":"Protector Pantalla Cristal Templado para Xiaomi Redmi Pad Pro \/ Pad 2 Pro (12.1 Pulg) COOL"},"content":{"rendered":"<h3>Comprar Protector Pantalla Cristal Templado para Xiaomi Redmi Pad Pro \/ Pad 2 Pro (12.1 Pulg) COOL<\/h3>\n<h3>Versand von Spanien nach ganz Europa innerhalb von 24\/72 Stunden<\/h3>\n<p><span style=\"color: #0a0a0a; font-family: georgia, palatino, serif; font-size: 12pt;\">Mant\u00e9n la pantalla de tu tablet impecable frente a cualquier imprevisto: ara\u00f1azos, ca\u00eddas accidentales o salpicaduras de l\u00edquidos. Gracias a su <strong><b>resistencia 9H<\/b><\/strong>, este protector ofrece una dureza extrema capaz de soportar situaciones cr\u00edticas, desde el roce de una cuchilla o un punz\u00f3n hasta impactos directos con un martillo. <\/span><\/p>\n<p><span style=\"font-family: georgia, palatino, serif; font-size: 12pt;\"><span style=\"color: #0a0a0a;\">A pesar de su incre\u00edble robustez, mantiene un <\/span><strong><span style=\"color: #0a0a0a;\"><b>grosor ultrafino de solo 0,3 mm<\/b><\/span><\/strong><span style=\"color: #0a0a0a;\">, lo que garantiza una transparencia <\/span><strong><span style=\"color: #0a0a0a;\"><b>HD cristalina<\/b><\/span><\/strong><span style=\"color: #0a0a0a;\"> y una respuesta t\u00e1ctil perfecta. Adem\u00e1s, incorpora <\/span><strong><span style=\"color: #0a0a0a;\"><b>Augenschutz<\/b><\/span><\/strong><span style=\"color: #0a0a0a;\"> para reducir la fatiga visual y una capa repelente que mantiene el panel libre de manchas. Es la \u00faltima tecnolog\u00eda en materiales de alta resistencia aplicada para que disfrutes de tu dispositivo con total tranquilidad.<\/span><\/span><\/p>\n<h3>Spezifikationen<\/h3>\n<p>Incorpora 4 capas protectoras<\/p>\n<ul>\n<li>Capa anti-manchas.<\/li>\n<li>Cristal templado.<\/li>\n<li>Capa anti-golpes.<\/li>\n<li>Capa silicona.<\/li>\n<\/ul>\n<h3>Sicherheit bei Ihrem Einkauf<\/h3>\n<p>Bei kiboTEK genie\u00dfen Sie die Sicherheit und das Wohlbefinden, die Ihnen der beste Online-Shop Spaniens bietet. Dank unserer fairen R\u00fcckgabebedingungen k\u00f6nnen Sie Ihre Bestellung ganz unbesorgt zur\u00fccksenden, falls Sie mit Ihrem Kauf nicht zufrieden sein sollten.,<\/p>\n<p><strong><span style=\"font-size: 12pt;\">Sie haben 14 Tage Zeit, eine R\u00fcckerstattung zu beantragen.<\/span><\/strong><\/p>\n<p>Machen Sie sich andererseits keine Sorgen um die Garantie, denn diese erhalten Sie nur auf unserer Website.<\/p>\n<p><strong>3 Jahre europ\u00e4ische Garantie<\/strong><\/p>\n<p>Bei kiboTEK k\u00f6nnen Sie kaufen\u00a0<strong>Protector Pantalla Cristal Templado para Xiaomi Redmi Pad Pro \/ Pad 2 Pro (12.1 Pulg) COOL <\/strong>mit der Garantie und Sicherheit des besten Online-Shops in Spanien und Europa.<\/p>\n<h3 data-start=\"3539\" data-end=\"3610\">Kaufen Sie es bei kiboTEK \u2013 Physischer und Online-Shop mit offizieller Garantie<\/h3>\n<p data-start=\"3612\" data-end=\"3866\">Im <strong data-start=\"3615\" data-end=\"3656\"><span class=\"hover:entity-accent entity-underline inline cursor-pointer align-baseline\"><span class=\"whitespace-normal\">kiboTEK<\/span><\/span><\/strong> d\u00fcrfen <b>kaufen <strong>Protector Pantalla Cristal Templado para Xiaomi Redmi Pad Pro \/ Pad 2 Pro (12.1 Pulg) COOL<\/strong><\/b>\u00a0so viel <a href=\"http:\/\/www.kiboTEK.com\" target=\"_blank\" rel=\"nofollow noopener\">online\u00a0<\/a> wie in unserem <strong data-start=\"3742\" data-end=\"3789\">physische Gesch\u00e4fte in Bilbao und Vitoria-Gasteiz<\/strong>.<\/p>\n<ul data-start=\"3263\" data-end=\"3417\">\n<li data-start=\"3263\" data-end=\"3291\">\n<p data-start=\"3265\" data-end=\"3291\"><a href=\"https:\/\/share.google\/6A44KmqGyzVK0dryQ\" target=\"_blank\" rel=\"nofollow noopener\">\ud83d\udccd KiboTEK Bilbao Store<\/a><\/p>\n<\/li>\n<li data-start=\"3292\" data-end=\"3329\">\n<p data-start=\"3294\" data-end=\"3329\"><a href=\"https:\/\/share.google\/j0qINcfL2JLnLzuep\" target=\"_blank\" rel=\"nofollow noopener\">\ud83d\udccd kiboTEK Vitoria-Gasteiz Store<\/a><\/p>\n<\/li>\n<li data-start=\"3330\" data-end=\"3374\">\n<p data-start=\"3332\" data-end=\"3374\">\ud83d\ude9a Schneller Versand innerhalb von 24\/48 Stunden in ganz Europa<\/p>\n<\/li>\n<li data-start=\"3375\" data-end=\"3417\">\n<p data-start=\"3377\" data-end=\"3417\">\ud83d\udee1\ufe0f Offizielle Garantie und technischer Support<\/p>\n<\/li>\n<\/ul>\n<p><img loading=\"lazy\" decoding=\"async\" class=\"aligncenter size-full wp-image-74627\" src=\"https:\/\/www.kibotek.com\/wp-content\/uploads\/2026\/03\/kibotek_protecto_pantalla_cristal_templado_redmi_pad_2_002.jpg\" alt=\"\" width=\"800\" height=\"800\" title=\"\" srcset=\"https:\/\/www.kibotek.com\/wp-content\/uploads\/2026\/03\/kibotek_protecto_pantalla_cristal_templado_redmi_pad_2_002.jpg 800w, https:\/\/www.kibotek.com\/wp-content\/uploads\/2026\/03\/kibotek_protecto_pantalla_cristal_templado_redmi_pad_2_002-300x300.jpg 300w, https:\/\/www.kibotek.com\/wp-content\/uploads\/2026\/03\/kibotek_protecto_pantalla_cristal_templado_redmi_pad_2_002-150x150.jpg 150w, https:\/\/www.kibotek.com\/wp-content\/uploads\/2026\/03\/kibotek_protecto_pantalla_cristal_templado_redmi_pad_2_002-768x768.jpg 768w, https:\/\/www.kibotek.com\/wp-content\/uploads\/2026\/03\/kibotek_protecto_pantalla_cristal_templado_redmi_pad_2_002-12x12.jpg 12w, https:\/\/www.kibotek.com\/wp-content\/uploads\/2026\/03\/kibotek_protecto_pantalla_cristal_templado_redmi_pad_2_002-430x430.jpg 430w, https:\/\/www.kibotek.com\/wp-content\/uploads\/2026\/03\/kibotek_protecto_pantalla_cristal_templado_redmi_pad_2_002-700x700.jpg 700w, https:\/\/www.kibotek.com\/wp-content\/uploads\/2026\/03\/kibotek_protecto_pantalla_cristal_templado_redmi_pad_2_002-50x50.jpg 50w, https:\/\/www.kibotek.com\/wp-content\/uploads\/2026\/03\/kibotek_protecto_pantalla_cristal_templado_redmi_pad_2_002-100x100.jpg 100w, https:\/\/www.kibotek.com\/wp-content\/uploads\/2026\/03\/kibotek_protecto_pantalla_cristal_templado_redmi_pad_2_002-32x32.jpg 32w\" sizes=\"auto, (max-width: 800px) 100vw, 800px\" \/> <img loading=\"lazy\" decoding=\"async\" class=\"aligncenter size-full wp-image-74626\" src=\"https:\/\/www.kibotek.com\/wp-content\/uploads\/2026\/03\/kibotek_protecto_pantalla_cristal_templado_redmi_pad_2_001.jpg\" alt=\"\" width=\"800\" height=\"800\" title=\"\" srcset=\"https:\/\/www.kibotek.com\/wp-content\/uploads\/2026\/03\/kibotek_protecto_pantalla_cristal_templado_redmi_pad_2_001.jpg 800w, https:\/\/www.kibotek.com\/wp-content\/uploads\/2026\/03\/kibotek_protecto_pantalla_cristal_templado_redmi_pad_2_001-300x300.jpg 300w, https:\/\/www.kibotek.com\/wp-content\/uploads\/2026\/03\/kibotek_protecto_pantalla_cristal_templado_redmi_pad_2_001-150x150.jpg 150w, https:\/\/www.kibotek.com\/wp-content\/uploads\/2026\/03\/kibotek_protecto_pantalla_cristal_templado_redmi_pad_2_001-768x768.jpg 768w, https:\/\/www.kibotek.com\/wp-content\/uploads\/2026\/03\/kibotek_protecto_pantalla_cristal_templado_redmi_pad_2_001-12x12.jpg 12w, https:\/\/www.kibotek.com\/wp-content\/uploads\/2026\/03\/kibotek_protecto_pantalla_cristal_templado_redmi_pad_2_001-430x430.jpg 430w, https:\/\/www.kibotek.com\/wp-content\/uploads\/2026\/03\/kibotek_protecto_pantalla_cristal_templado_redmi_pad_2_001-700x700.jpg 700w, https:\/\/www.kibotek.com\/wp-content\/uploads\/2026\/03\/kibotek_protecto_pantalla_cristal_templado_redmi_pad_2_001-50x50.jpg 50w, https:\/\/www.kibotek.com\/wp-content\/uploads\/2026\/03\/kibotek_protecto_pantalla_cristal_templado_redmi_pad_2_001-100x100.jpg 100w, https:\/\/www.kibotek.com\/wp-content\/uploads\/2026\/03\/kibotek_protecto_pantalla_cristal_templado_redmi_pad_2_001-32x32.jpg 32w\" sizes=\"auto, (max-width: 800px) 100vw, 800px\" \/><\/p>","protected":false},"excerpt":{"rendered":"<p class=\"price woobt-price-56089\"><strong><em>JETZT KAUFEN UND <\/em><\/strong><strong><em>ERHALTEN INNERHALB VON 24\/72 STUNDEN \ud83d\ude80<\/em><\/strong><\/p>","protected":false},"featured_media":74633,"comment_status":"open","ping_status":"closed","template":"","meta":{"iawp_total_views":9},"product_brand":[8152],"product_cat":[80,5523],"product_tag":[],"class_list":{"0":"post-74632","1":"product","2":"type-product","3":"status-publish","4":"has-post-thumbnail","6":"product_brand-comprar-cool-accesorios","7":"product_cat-comprar-los-mejores-accesorios-para-moviles","8":"product_cat-comprar-hidrogel-cristales-templados-smartphone","10":"first","11":"instock","12":"taxable","13":"shipping-taxable","14":"purchasable","15":"product-type-simple"},"supplier_id":null,"supplier_sku":"","barcode":null,"atum_controlled":true,"out_stock_date":null,"out_stock_threshold":null,"inheritable":false,"inbound_stock":null,"stock_on_hold":0,"sold_today":0,"sales_last_days":0,"reserved_stock":null,"customer_returns":null,"warehouse_damage":null,"lost_in_post":null,"other_logs":null,"out_stock_days":0,"lost_sales":0,"has_location":false,"update_date":"2026-04-19T20:01:05","atum_locations":[],"atum_stock_status":"instock","restock_status":false,"low_stock_amount":"","sales_update_date":"2026-04-19T05:02:04","calc_backorders":null,"_links":{"self":[{"href":"https:\/\/www.kibotek.com\/de\/wp-json\/wp\/v2\/product\/74632","targetHints":{"allow":["GET"]}}],"collection":[{"href":"https:\/\/www.kibotek.com\/de\/wp-json\/wp\/v2\/product"}],"about":[{"href":"https:\/\/www.kibotek.com\/de\/wp-json\/wp\/v2\/types\/product"}],"replies":[{"embeddable":true,"href":"https:\/\/www.kibotek.com\/de\/wp-json\/wp\/v2\/comments?post=74632"}],"version-history":[{"count":2,"href":"https:\/\/www.kibotek.com\/de\/wp-json\/wp\/v2\/product\/74632\/revisions"}],"predecessor-version":[{"id":74635,"href":"https:\/\/www.kibotek.com\/de\/wp-json\/wp\/v2\/product\/74632\/revisions\/74635"}],"wp:featuredmedia":[{"embeddable":true,"href":"https:\/\/www.kibotek.com\/de\/wp-json\/wp\/v2\/media\/74633"}],"wp:attachment":[{"href":"https:\/\/www.kibotek.com\/de\/wp-json\/wp\/v2\/media?parent=74632"}],"wp:term":[{"taxonomy":"product_brand","embeddable":true,"href":"https:\/\/www.kibotek.com\/de\/wp-json\/wp\/v2\/product_brand?post=74632"},{"taxonomy":"product_cat","embeddable":true,"href":"https:\/\/www.kibotek.com\/de\/wp-json\/wp\/v2\/product_cat?post=74632"},{"taxonomy":"product_tag","embeddable":true,"href":"https:\/\/www.kibotek.com\/de\/wp-json\/wp\/v2\/product_tag?post=74632"}],"curies":[{"name":"wp","href":"https:\/\/api.w.org\/{rel}","templated":true}]}}