{"id":74614,"date":"2026-03-31T17:37:51","date_gmt":"2026-03-31T15:37:51","guid":{"rendered":"https:\/\/www.kibotek.com\/?post_type=product&#038;p=74614"},"modified":"2026-05-01T22:01:36","modified_gmt":"2026-05-01T20:01:36","slug":"hdmi-auf-usb-c-universal-audio-video-kabel-18-m-ultra-4k","status":"publish","type":"product","link":"https:\/\/www.kibotek.com\/de\/kibostore\/cable-hdmi-a-tipo-c-audio-video-universal-1-8-m-ultra-4k-cool\/","title":{"rendered":"HDMI-auf-USB-C-Universal-Audio-Video-Kabel (1,8 m) Ultra 4K COOL"},"content":{"rendered":"<h3>Kaufen Sie ein universelles HDMI-auf-USB-C-Audio-Video-Kabel (1,8 m) f\u00fcr Ultra 4K-Aufl\u00f6sung<\/h3>\n<h3>Versand von Spanien nach ganz Europa innerhalb von 24\/72 Stunden<\/h3>\n<p>Bringen Sie den Bildschirm Ihres Ger\u00e4ts mit diesem hochwertigen Kabel auf ein neues Niveau. Dank seiner Verarbeitung in\u00a0<strong class=\"Yjhzub\" data-sfc-root=\"c\" data-sfc-cb=\"\" data-complete=\"true\" data-processed=\"true\">Nylon und Aluminium<\/strong>, garantiert eine stabile Verbindung in\u00a0<strong class=\"Yjhzub\" data-sfc-root=\"c\" data-sfc-cb=\"\" data-complete=\"true\" data-processed=\"true\">4K und 60 Hz<\/strong>\u00a0Von Ihrem Smartphone oder Notebook auf jeden Fernseher oder Monitor. Vergessen Sie St\u00f6rungen und nutzen Sie die Vielseitigkeit: Projizieren Sie genau das, was Sie sehen (<strong class=\"Yjhzub\" data-sfc-root=\"c\" data-sfc-cb=\"\" data-complete=\"true\" data-processed=\"true\">Spiegelmodus<\/strong>) oder einen dualen Arbeitsbereich erstellen (<strong class=\"Yjhzub\" data-sfc-root=\"c\" data-sfc-cb=\"\" data-complete=\"true\" data-processed=\"true\">Erweiterter Modus<\/strong>) mehrere Aufgaben gleichzeitig und v\u00f6llig fl\u00fcssig zu bew\u00e4ltigen.<\/p>\n<p>Spezifikationen<\/p>\n<ul>\n<li>HDMI Version 2.0<\/li>\n<li>Typ-C Version 3.1<\/li>\n<li>Maximale Aufl\u00f6sung <span class=\"ILfuVd\" lang=\"es\"><span class=\"hgKElc pOOWX\">4K 60Hz.<\/span><\/span><\/li>\n<li>Material: Aluminiumlegierung.<\/li>\n<li>L\u00e4nge 1,8 Meter.<\/li>\n<li>Geflochtenes Nylonkabel.<\/li>\n<li>Kompatibel mit: MacOS \/ Windows \/ Android \/ iOS \/ etc.<\/li>\n<\/ul>\n<h3>Sicherheit bei Ihrem Einkauf<\/h3>\n<p>Bei kiboTEK genie\u00dfen Sie die Sicherheit und das Wohlbefinden, die Ihnen der beste Online-Shop Spaniens bietet. Dank unserer fairen R\u00fcckgabebedingungen k\u00f6nnen Sie Ihre Bestellung ganz unbesorgt zur\u00fccksenden, falls Sie mit Ihrem Kauf nicht zufrieden sein sollten.,<\/p>\n<p><strong><span style=\"font-size: 12pt;\">Sie haben 14 Tage Zeit, eine R\u00fcckerstattung zu beantragen.<\/span><\/strong><\/p>\n<p>Machen Sie sich andererseits keine Sorgen um die Garantie, denn diese erhalten Sie nur auf unserer Website.<\/p>\n<p><strong>3 Jahre europ\u00e4ische Garantie<\/strong><\/p>\n<p>Bei kiboTEK k\u00f6nnen Sie kaufen\u00a0<strong>HDMI-auf-USB-C-Universal-Audio-Video-Kabel (1,8 m) Ultra 4K COOL <\/strong>mit der Garantie und Sicherheit des besten Online-Shops in Spanien und Europa.<\/p>\n<h3 data-start=\"3539\" data-end=\"3610\">Kaufen Sie es bei kiboTEK \u2013 Physischer und Online-Shop mit offizieller Garantie<\/h3>\n<p data-start=\"3612\" data-end=\"3866\">Im <strong data-start=\"3615\" data-end=\"3656\"><span class=\"hover:entity-accent entity-underline inline cursor-pointer align-baseline\"><span class=\"whitespace-normal\">kiboTEK<\/span><\/span><\/strong> d\u00fcrfen <b>kaufen <strong>HDMI-auf-USB-C-Universal-Audio-Video-Kabel (1,8 m) Ultra 4K COOL<\/strong><\/b>\u00a0so viel <a href=\"http:\/\/www.kiboTEK.com\" target=\"_blank\" rel=\"nofollow noopener\">online\u00a0<\/a> wie in unserem <strong data-start=\"3742\" data-end=\"3789\">physische Gesch\u00e4fte in Bilbao und Vitoria-Gasteiz<\/strong>.<\/p>\n<ul data-start=\"3263\" data-end=\"3417\">\n<li data-start=\"3263\" data-end=\"3291\">\n<p data-start=\"3265\" data-end=\"3291\"><a href=\"https:\/\/share.google\/6A44KmqGyzVK0dryQ\" target=\"_blank\" rel=\"nofollow noopener\">\ud83d\udccd KiboTEK Bilbao Store<\/a><\/p>\n<\/li>\n<li data-start=\"3292\" data-end=\"3329\">\n<p data-start=\"3294\" data-end=\"3329\"><a href=\"https:\/\/share.google\/j0qINcfL2JLnLzuep\" target=\"_blank\" rel=\"nofollow noopener\">\ud83d\udccd kiboTEK Vitoria-Gasteiz Store<\/a><\/p>\n<\/li>\n<li data-start=\"3330\" data-end=\"3374\">\n<p data-start=\"3332\" data-end=\"3374\">\ud83d\ude9a Schneller Versand innerhalb von 24\/48 Stunden in ganz Europa<\/p>\n<\/li>\n<li data-start=\"3375\" data-end=\"3417\">\n<p data-start=\"3377\" data-end=\"3417\">\ud83d\udee1\ufe0f Offizielle Garantie und technischer Support<\/p>\n<\/li>\n<\/ul>\n<p><img loading=\"lazy\" decoding=\"async\" class=\"aligncenter size-full wp-image-74616\" src=\"https:\/\/www.kibotek.com\/wp-content\/uploads\/2026\/03\/kiboTEK_cable_HDMI_A_TIPO_C_UNIVERSAL_COOL_002.jpg\" alt=\"\" width=\"800\" height=\"800\" title=\"\" srcset=\"https:\/\/www.kibotek.com\/wp-content\/uploads\/2026\/03\/kiboTEK_cable_HDMI_A_TIPO_C_UNIVERSAL_COOL_002.jpg 800w, https:\/\/www.kibotek.com\/wp-content\/uploads\/2026\/03\/kiboTEK_cable_HDMI_A_TIPO_C_UNIVERSAL_COOL_002-300x300.jpg 300w, https:\/\/www.kibotek.com\/wp-content\/uploads\/2026\/03\/kiboTEK_cable_HDMI_A_TIPO_C_UNIVERSAL_COOL_002-150x150.jpg 150w, https:\/\/www.kibotek.com\/wp-content\/uploads\/2026\/03\/kiboTEK_cable_HDMI_A_TIPO_C_UNIVERSAL_COOL_002-768x768.jpg 768w, https:\/\/www.kibotek.com\/wp-content\/uploads\/2026\/03\/kiboTEK_cable_HDMI_A_TIPO_C_UNIVERSAL_COOL_002-12x12.jpg 12w, https:\/\/www.kibotek.com\/wp-content\/uploads\/2026\/03\/kiboTEK_cable_HDMI_A_TIPO_C_UNIVERSAL_COOL_002-430x430.jpg 430w, https:\/\/www.kibotek.com\/wp-content\/uploads\/2026\/03\/kiboTEK_cable_HDMI_A_TIPO_C_UNIVERSAL_COOL_002-700x700.jpg 700w, https:\/\/www.kibotek.com\/wp-content\/uploads\/2026\/03\/kiboTEK_cable_HDMI_A_TIPO_C_UNIVERSAL_COOL_002-50x50.jpg 50w, https:\/\/www.kibotek.com\/wp-content\/uploads\/2026\/03\/kiboTEK_cable_HDMI_A_TIPO_C_UNIVERSAL_COOL_002-100x100.jpg 100w, https:\/\/www.kibotek.com\/wp-content\/uploads\/2026\/03\/kiboTEK_cable_HDMI_A_TIPO_C_UNIVERSAL_COOL_002-32x32.jpg 32w\" sizes=\"auto, (max-width: 800px) 100vw, 800px\" \/> <img loading=\"lazy\" decoding=\"async\" class=\"aligncenter size-full wp-image-74618\" src=\"https:\/\/www.kibotek.com\/wp-content\/uploads\/2026\/03\/kiboTEK_cable_HDMI_A_TIPO_C_UNIVERSAL_COOL_004.jpg\" alt=\"\" width=\"800\" height=\"800\" title=\"\" srcset=\"https:\/\/www.kibotek.com\/wp-content\/uploads\/2026\/03\/kiboTEK_cable_HDMI_A_TIPO_C_UNIVERSAL_COOL_004.jpg 800w, https:\/\/www.kibotek.com\/wp-content\/uploads\/2026\/03\/kiboTEK_cable_HDMI_A_TIPO_C_UNIVERSAL_COOL_004-300x300.jpg 300w, https:\/\/www.kibotek.com\/wp-content\/uploads\/2026\/03\/kiboTEK_cable_HDMI_A_TIPO_C_UNIVERSAL_COOL_004-150x150.jpg 150w, https:\/\/www.kibotek.com\/wp-content\/uploads\/2026\/03\/kiboTEK_cable_HDMI_A_TIPO_C_UNIVERSAL_COOL_004-768x768.jpg 768w, https:\/\/www.kibotek.com\/wp-content\/uploads\/2026\/03\/kiboTEK_cable_HDMI_A_TIPO_C_UNIVERSAL_COOL_004-12x12.jpg 12w, https:\/\/www.kibotek.com\/wp-content\/uploads\/2026\/03\/kiboTEK_cable_HDMI_A_TIPO_C_UNIVERSAL_COOL_004-430x430.jpg 430w, https:\/\/www.kibotek.com\/wp-content\/uploads\/2026\/03\/kiboTEK_cable_HDMI_A_TIPO_C_UNIVERSAL_COOL_004-700x700.jpg 700w, https:\/\/www.kibotek.com\/wp-content\/uploads\/2026\/03\/kiboTEK_cable_HDMI_A_TIPO_C_UNIVERSAL_COOL_004-50x50.jpg 50w, https:\/\/www.kibotek.com\/wp-content\/uploads\/2026\/03\/kiboTEK_cable_HDMI_A_TIPO_C_UNIVERSAL_COOL_004-100x100.jpg 100w, https:\/\/www.kibotek.com\/wp-content\/uploads\/2026\/03\/kiboTEK_cable_HDMI_A_TIPO_C_UNIVERSAL_COOL_004-32x32.jpg 32w\" sizes=\"auto, (max-width: 800px) 100vw, 800px\" \/> <img loading=\"lazy\" decoding=\"async\" class=\"aligncenter size-full wp-image-74619\" src=\"https:\/\/www.kibotek.com\/wp-content\/uploads\/2026\/03\/kiboTEK_cable_HDMI_A_TIPO_C_UNIVERSAL_COOL_005.jpg\" alt=\"\" width=\"800\" height=\"800\" title=\"\" srcset=\"https:\/\/www.kibotek.com\/wp-content\/uploads\/2026\/03\/kiboTEK_cable_HDMI_A_TIPO_C_UNIVERSAL_COOL_005.jpg 800w, https:\/\/www.kibotek.com\/wp-content\/uploads\/2026\/03\/kiboTEK_cable_HDMI_A_TIPO_C_UNIVERSAL_COOL_005-300x300.jpg 300w, https:\/\/www.kibotek.com\/wp-content\/uploads\/2026\/03\/kiboTEK_cable_HDMI_A_TIPO_C_UNIVERSAL_COOL_005-150x150.jpg 150w, https:\/\/www.kibotek.com\/wp-content\/uploads\/2026\/03\/kiboTEK_cable_HDMI_A_TIPO_C_UNIVERSAL_COOL_005-768x768.jpg 768w, https:\/\/www.kibotek.com\/wp-content\/uploads\/2026\/03\/kiboTEK_cable_HDMI_A_TIPO_C_UNIVERSAL_COOL_005-12x12.jpg 12w, https:\/\/www.kibotek.com\/wp-content\/uploads\/2026\/03\/kiboTEK_cable_HDMI_A_TIPO_C_UNIVERSAL_COOL_005-430x430.jpg 430w, https:\/\/www.kibotek.com\/wp-content\/uploads\/2026\/03\/kiboTEK_cable_HDMI_A_TIPO_C_UNIVERSAL_COOL_005-700x700.jpg 700w, https:\/\/www.kibotek.com\/wp-content\/uploads\/2026\/03\/kiboTEK_cable_HDMI_A_TIPO_C_UNIVERSAL_COOL_005-50x50.jpg 50w, https:\/\/www.kibotek.com\/wp-content\/uploads\/2026\/03\/kiboTEK_cable_HDMI_A_TIPO_C_UNIVERSAL_COOL_005-100x100.jpg 100w, https:\/\/www.kibotek.com\/wp-content\/uploads\/2026\/03\/kiboTEK_cable_HDMI_A_TIPO_C_UNIVERSAL_COOL_005-32x32.jpg 32w\" sizes=\"auto, (max-width: 800px) 100vw, 800px\" \/> <img loading=\"lazy\" decoding=\"async\" class=\"aligncenter size-full wp-image-74617\" src=\"https:\/\/www.kibotek.com\/wp-content\/uploads\/2026\/03\/kiboTEK_cable_HDMI_A_TIPO_C_UNIVERSAL_COOL_003.jpg\" alt=\"\" width=\"800\" height=\"800\" title=\"\" srcset=\"https:\/\/www.kibotek.com\/wp-content\/uploads\/2026\/03\/kiboTEK_cable_HDMI_A_TIPO_C_UNIVERSAL_COOL_003.jpg 800w, https:\/\/www.kibotek.com\/wp-content\/uploads\/2026\/03\/kiboTEK_cable_HDMI_A_TIPO_C_UNIVERSAL_COOL_003-300x300.jpg 300w, https:\/\/www.kibotek.com\/wp-content\/uploads\/2026\/03\/kiboTEK_cable_HDMI_A_TIPO_C_UNIVERSAL_COOL_003-150x150.jpg 150w, https:\/\/www.kibotek.com\/wp-content\/uploads\/2026\/03\/kiboTEK_cable_HDMI_A_TIPO_C_UNIVERSAL_COOL_003-768x768.jpg 768w, https:\/\/www.kibotek.com\/wp-content\/uploads\/2026\/03\/kiboTEK_cable_HDMI_A_TIPO_C_UNIVERSAL_COOL_003-12x12.jpg 12w, https:\/\/www.kibotek.com\/wp-content\/uploads\/2026\/03\/kiboTEK_cable_HDMI_A_TIPO_C_UNIVERSAL_COOL_003-430x430.jpg 430w, https:\/\/www.kibotek.com\/wp-content\/uploads\/2026\/03\/kiboTEK_cable_HDMI_A_TIPO_C_UNIVERSAL_COOL_003-700x700.jpg 700w, https:\/\/www.kibotek.com\/wp-content\/uploads\/2026\/03\/kiboTEK_cable_HDMI_A_TIPO_C_UNIVERSAL_COOL_003-50x50.jpg 50w, https:\/\/www.kibotek.com\/wp-content\/uploads\/2026\/03\/kiboTEK_cable_HDMI_A_TIPO_C_UNIVERSAL_COOL_003-100x100.jpg 100w, https:\/\/www.kibotek.com\/wp-content\/uploads\/2026\/03\/kiboTEK_cable_HDMI_A_TIPO_C_UNIVERSAL_COOL_003-32x32.jpg 32w\" sizes=\"auto, (max-width: 800px) 100vw, 800px\" \/><\/p>","protected":false},"excerpt":{"rendered":"<p class=\"price woobt-price-56089\"><strong><em>JETZT KAUFEN UND <\/em><\/strong><strong><em>ERHALTEN INNERHALB VON 24\/72 STUNDEN \ud83d\ude80<\/em><\/strong><\/p>","protected":false},"featured_media":74615,"comment_status":"open","ping_status":"closed","template":"","meta":{"iawp_total_views":34},"product_brand":[8152],"product_cat":[80,2611],"product_tag":[],"class_list":{"0":"post-74614","1":"product","2":"type-product","3":"status-publish","4":"has-post-thumbnail","6":"product_brand-comprar-cool-accesorios","7":"product_cat-comprar-los-mejores-accesorios-para-moviles","8":"product_cat-multimedia-xiaomi","10":"first","11":"instock","12":"taxable","13":"shipping-taxable","14":"purchasable","15":"product-type-simple"},"supplier_id":null,"supplier_sku":"","barcode":null,"atum_controlled":true,"out_stock_date":null,"out_stock_threshold":null,"inheritable":false,"inbound_stock":null,"stock_on_hold":0,"sold_today":0,"sales_last_days":0,"reserved_stock":null,"customer_returns":null,"warehouse_damage":null,"lost_in_post":null,"other_logs":null,"out_stock_days":0,"lost_sales":0,"has_location":false,"update_date":"2026-05-01T20:01:38","atum_locations":[],"atum_stock_status":"instock","restock_status":false,"low_stock_amount":"","sales_update_date":"2026-04-30T19:45:57","calc_backorders":null,"_links":{"self":[{"href":"https:\/\/www.kibotek.com\/de\/wp-json\/wp\/v2\/product\/74614","targetHints":{"allow":["GET"]}}],"collection":[{"href":"https:\/\/www.kibotek.com\/de\/wp-json\/wp\/v2\/product"}],"about":[{"href":"https:\/\/www.kibotek.com\/de\/wp-json\/wp\/v2\/types\/product"}],"replies":[{"embeddable":true,"href":"https:\/\/www.kibotek.com\/de\/wp-json\/wp\/v2\/comments?post=74614"}],"version-history":[{"count":4,"href":"https:\/\/www.kibotek.com\/de\/wp-json\/wp\/v2\/product\/74614\/revisions"}],"predecessor-version":[{"id":77381,"href":"https:\/\/www.kibotek.com\/de\/wp-json\/wp\/v2\/product\/74614\/revisions\/77381"}],"wp:featuredmedia":[{"embeddable":true,"href":"https:\/\/www.kibotek.com\/de\/wp-json\/wp\/v2\/media\/74615"}],"wp:attachment":[{"href":"https:\/\/www.kibotek.com\/de\/wp-json\/wp\/v2\/media?parent=74614"}],"wp:term":[{"taxonomy":"product_brand","embeddable":true,"href":"https:\/\/www.kibotek.com\/de\/wp-json\/wp\/v2\/product_brand?post=74614"},{"taxonomy":"product_cat","embeddable":true,"href":"https:\/\/www.kibotek.com\/de\/wp-json\/wp\/v2\/product_cat?post=74614"},{"taxonomy":"product_tag","embeddable":true,"href":"https:\/\/www.kibotek.com\/de\/wp-json\/wp\/v2\/product_tag?post=74614"}],"curies":[{"name":"wp","href":"https:\/\/api.w.org\/{rel}","templated":true}]}}