{"id":72016,"date":"2026-02-09T19:48:37","date_gmt":"2026-02-09T18:48:37","guid":{"rendered":"https:\/\/www.kibotek.com\/?post_type=product&#038;p=72016"},"modified":"2026-04-18T22:06:19","modified_gmt":"2026-04-18T20:06:19","slug":"xiaomi-45w-nano-turbo-ladeadapter-mit-2-anschlussen","status":"publish","type":"product","link":"https:\/\/www.kibotek.com\/de\/kibostore\/xiaomi-45w-nano-turbo-charging-power-adapter-2-port\/","title":{"rendered":"Xiaomi 45W Nano Turbo Ladeadapter (2-Port)"},"content":{"rendered":"<h3>Xiaomi 45W Nano Turbo Ladeadapter (2-Port) kaufen<\/h3>\n<h3>Versand von Spanien nach ganz Europa innerhalb von 24\/72 Stunden<\/h3>\n<h3><strong>3 Jahre<\/strong> <strong>Europ\u00e4ische Garantie <\/strong><strong>Nur bei kiboTEK<\/strong><\/h3>\n<h3>Spezifikationen<\/h3>\n<ul>\n<li class=\"lazy\" data-type=\"bg\" data-id=\"c9ae93aa7c\" data-loaded=\"true\"><span class=\"xm-text f-light\" data-key=\"spec_3\" data-type=\"text\" data-id=\"875d1e9dfe\">Name: Xiaomi 45W Nano Turbo Ladeadapter (2-Port)<\/span><\/li>\n<li class=\"lazy\" data-type=\"bg\" data-id=\"51aa3cacc4\" data-loaded=\"true\"><span class=\"xm-text f-medium\" data-key=\"spec_12\" data-type=\"text\" data-id=\"8543a81401\">Eingabeparameter<\/span><span class=\"xm-text f-light\" data-key=\"spec_13\" data-type=\"text\" data-id=\"023d9cedc3\">\u2013240 V~, 50\/60 Hz<\/span><\/li>\n<li class=\"lazy\" data-type=\"bg\" data-id=\"4f45929381\" data-loaded=\"true\"><span class=\"xm-text f-medium\" data-key=\"spec_14\" data-type=\"text\" data-id=\"1067b8d3fa\">Art <\/span><span class=\"xm-text f-light\" data-key=\"spec_15\" data-type=\"text\" data-id=\"38339e9019\">USB Typ-C x2<\/span><\/li>\n<li class=\"lazy\" data-type=\"bg\" data-id=\"cd393793a6\" data-loaded=\"true\"><span class=\"xm-text f-medium\" data-key=\"spec_16\" data-type=\"text\" data-id=\"303dfb298a\">Ladeprotokolle<\/span><span class=\"xm-text f-light\" data-key=\"spec_17\" data-type=\"text\" data-id=\"9336df9243\"> QC2.0, QC3.0, PD, PPS<\/span><\/li>\n<li class=\"lazy\" data-type=\"bg\" data-id=\"406fbd6d44\" data-loaded=\"true\"><span class=\"xm-text f-medium\" data-key=\"spec_18\" data-type=\"text\" data-id=\"6b1f8efa3a\">Ausgabeparameter: <\/span><span class=\"xm-text f-light\" data-key=\"spec_19\" data-type=\"text\" data-id=\"fb2086f060\">\u00a0Einzelport-Ausgang: 5 V 3 A 15 W, 9 V 3 A 27 W, 15 V 3 A 45 W max., 20 V 2,25 A 45 W max., 5\u201311 V 4,1 A 45 W max., 5\u201320 V 2,25 A 45 W max. Doppelport-Ausgang: USB C+-C2: 25 W max. + 20 W max.<\/span><\/li>\n<li class=\"lazy\" data-type=\"bg\" data-id=\"ec033c3141\" data-loaded=\"true\"><span class=\"xm-text f-medium\" data-key=\"spec_20\" data-type=\"text\" data-id=\"5e25f99b8e\">Betriebstemperatur \u2013<\/span><span class=\"xm-text f-light\" data-key=\"spec_21\" data-type=\"text\" data-id=\"328d263d2a\">10~35\u2103<\/span><\/li>\n<li class=\"lazy\" data-type=\"bg\" data-id=\"00ea7b4fd9\" data-loaded=\"true\"><span class=\"xm-text f-medium\" data-key=\"spec_4\" data-type=\"text\" data-id=\"b81d6891f8\">Ma\u00dfe <\/span><span class=\"xm-text f-light\" data-key=\"spec_5\" data-type=\"text\" data-id=\"06751e8c30\">35,2 x 35,2 x 45 mm<\/span><\/li>\n<li class=\"lazy\" data-type=\"bg\" data-id=\"a5cb0c680e\" data-loaded=\"true\"><span class=\"xm-text f-medium\" data-key=\"spec_6\" data-type=\"text\" data-id=\"9795a4aed1\">Gewicht <\/span><span class=\"xm-text f-light\" data-key=\"spec_7\" data-type=\"text\" data-id=\"794d712949\">72,5 g<\/span><\/li>\n<li class=\"lazy\" data-type=\"bg\" data-id=\"4c0381af7c\" data-loaded=\"true\"><span class=\"xm-text f-medium\" data-key=\"spec_8\" data-type=\"text\" data-id=\"784623a26e\">Farbe <\/span><span class=\"xm-text f-light\" data-key=\"spec_9\" data-type=\"text\" data-id=\"de562134aa\">Wei\u00df<\/span><\/li>\n<li class=\"lazy\" data-type=\"bg\" data-id=\"5b6d699b11\" data-loaded=\"true\"><span class=\"xm-text f-medium\" data-key=\"spec_10\" data-type=\"text\" data-id=\"311b82d3c1\">Thema <\/span><span class=\"xm-text f-light\" data-key=\"spec_11\" data-type=\"text\" data-id=\"f9138d7cbf\">PC<\/span><\/li>\n<li data-type=\"bg\" data-id=\"ec033c3141\" data-loaded=\"true\">Kompatibel mit allen Smartphones und Marken, die 45 W unterst\u00fctzen.<\/li>\n<li data-type=\"bg\" data-id=\"ec033c3141\" data-loaded=\"true\">Beispiele:<\/li>\n<li>Xiaomi Redmi Note 15 5G, Xiaomi Redmi Note 15 Pro 5G, Xiaomi Redmi Note 15 Pro<\/li>\n<li>Xiaomi Pad 7<\/li>\n<li>Xiaomi Poco M7 Pro<\/li>\n<li>Samsung A36<\/li>\n<\/ul>\n<p>Paket Inhalt<\/p>\n<ul>\n<li>1 x Xiaomi Ladeger\u00e4t 45W Nano Turbo Ladeadapter (2-Port)<\/li>\n<\/ul>\n<p>Der Xiaomi 45W Nano Turbo Charging Power Adapter (2-Port) ist eine ultraschnelle, kompakte und vielseitige Ladel\u00f6sung mit zwei Typ-C-Anschl\u00fcssen, mit der Sie mehrere Ger\u00e4te gleichzeitig mit einem einzigen Ladeger\u00e4t aufladen k\u00f6nnen.<\/p>\n<p>Mit dem originalen Xiaomi-Ladekabel k\u00f6nnen Sie folgende Vorteile nutzen: <strong data-start=\"134\" data-end=\"178\">Schnelles und intelligentes Laden mit bis zu 45 W<\/strong>, Ideal, um Ihr Ger\u00e4t % im Handumdrehen wieder auf 100 % aufzuladen, selbst bei kurzen Pausen.<\/p>\n<p>Der Adapter erm\u00f6glicht <strong data-start=\"96\" data-end=\"159\">Laden Sie mehrere Ger\u00e4te gleichzeitig mit Schnellladung auf.<\/strong>, Dies erm\u00f6glicht es uns, unseren t\u00e4glichen Bedarf an den meisten Ger\u00e4ten, die wir regelm\u00e4\u00dfig verwenden, zu decken; au\u00dferdem ist es <strong data-start=\"292\" data-end=\"346\">Kompatibel mit Apple-, Android- und USB-C-Ger\u00e4ten<\/strong>.<\/p>\n<p>Da es \u00fcber zwei Anschl\u00fcsse verf\u00fcgt, k\u00f6nnen wir es f\u00fcr ein einzelnes Ger\u00e4t verwenden, mit dem wir einen einzelnen Ausgang haben: 45 W max.; wenn wir aber zwei Ger\u00e4te gleichzeitig anschlie\u00dfen m\u00fcssen, 25 W max. von C1 und 20 W max. von C2.<\/p>\n<p>Es beinhaltet ein <strong data-start=\"118\" data-end=\"156\">intelligenter Erkennungschip<\/strong> kompatibel mit den Protokollen <strong data-start=\"187\" data-end=\"216\">QC3.0, PD3.0, QC2.0 und PPS<\/strong>, was eine breite Kompatibilit\u00e4t mit dem Hauptsystem gew\u00e4hrleistet <strong data-start=\"279\" data-end=\"323\">Smartphones, Tablets, Apple-Ger\u00e4te<\/strong> und andere elektronische Ger\u00e4te.<\/p>\n<p>Das Design konzentriert sich auf <strong data-start=\"159\" data-end=\"197\">glatte Linien und abgerundete Kurven<\/strong>. Dank der <strong data-start=\"212\" data-end=\"230\">GaN-Technologie<\/strong>, Es ist kompakter und leichter, perfekt also, um es \u00fcberallhin mitzunehmen.<\/p>\n<h2 data-start=\"3218\" data-end=\"3265\">Hauptvorteile<\/h2>\n<ul>\n<li><strong>Leistung bis zu 45 W<\/strong><span style=\"color: #333333; font-size: 16px;\">Kompatibel mit Apple-, Android- und USB-C-Ger\u00e4ten.<\/span><\/li>\n<li data-start=\"3364\" data-end=\"3524\"><strong>Drei Anschl\u00fcsse in einem Adapter<\/strong>: 2\u00d7 USB-C, wodurch Sie mehrere Ger\u00e4te gleichzeitig mit guter Stromverteilung aufladen k\u00f6nnen.<\/li>\n<li data-start=\"3527\" data-end=\"3699\"><strong>Intelligente Stromverteilung<\/strong>Selbst bei angeschlossenen Ger\u00e4ten werden gute Ladeleistungen aufrechterhalten (z. B. 25 W + 20 W bei Verwendung beider Anschl\u00fcsse).<\/li>\n<li data-start=\"3702\" data-end=\"3803\"><strong>Ultrakompaktes und leichtes Design<\/strong>: Ideal f\u00fcr Reisen, Koffer oder Schreibtisch, ohne viel Platz einzunehmen.<\/li>\n<li data-start=\"3806\" data-end=\"3936\"><strong>Breite Protokollkompatibilit\u00e4t<\/strong>QC3.0, PD3.0, QC2.0 und PPS<\/li>\n<li data-start=\"3939\" data-end=\"4046\"><strong>Erweiterte Sicherheit<\/strong>: Feuerfeste Materialien, intelligente Temperaturregelung, mehrfacher Schutz.<\/li>\n<li data-start=\"4049\" data-end=\"4139\"><strong>Universelle Eingabeverwendung<\/strong>: 100\u2013240 V, wodurch es f\u00fcr den internationalen Einsatz geeignet ist.<\/li>\n<li data-start=\"4142\" data-end=\"4215\"><strong>Energieeffizienz<\/strong>: Niedriger Standby-Stromverbrauch, gutes W\u00e4rmemanagement.<\/li>\n<\/ul>\n<h3>Sicherheit bei Ihrem Einkauf<\/h3>\n<p>Bei kiboTEK genie\u00dfen Sie die Sicherheit und das Wohlbefinden, die Ihnen der beste Online-Shop Spaniens bietet. Dank unserer fairen R\u00fcckgabebedingungen k\u00f6nnen Sie Ihre Bestellung ganz unbesorgt zur\u00fccksenden, falls Sie mit Ihrem Kauf nicht zufrieden sein sollten.,<\/p>\n<p><strong><span style=\"font-size: 12pt;\">Sie haben 14 Tage Zeit, eine R\u00fcckerstattung zu beantragen.<\/span><\/strong><\/p>\n<p>Machen Sie sich andererseits keine Sorgen um die Garantie, denn diese erhalten Sie nur auf unserer Website.<\/p>\n<p><strong>3 Jahre europ\u00e4ische Garantie<\/strong><\/p>\n<p>Bei kiboTEK kaufen Sie<strong> Xiaomi 45W Nano Turbo Ladeadapter (2-Port)<\/strong>\u00a0mit der Garantie und Sicherheit des besten Online-Shops in Spanien und Europa.<\/p>\n<h2 data-start=\"3539\" data-end=\"3610\">Kaufen Sie es bei kiboTEK \u2013 Physischer und Online-Shop mit offizieller Garantie<\/h2>\n<p data-start=\"3612\" data-end=\"3866\">Im <strong data-start=\"3615\" data-end=\"3656\"><span class=\"hover:entity-accent entity-underline inline cursor-pointer align-baseline\"><span class=\"whitespace-normal\">kiboTEK<\/span><\/span><\/strong> Sie werden in der Lage sein <strong data-start=\"3664\" data-end=\"3711\">Xiaomi 45W Nano Turbo Ladeadapter (2-Port) kaufen<\/strong>\u00a0so viel <a href=\"http:\/\/www.kiboTEK.com\" target=\"_blank\" rel=\"nofollow noopener\">online\u00a0<\/a> wie in unserem <strong data-start=\"3742\" data-end=\"3789\">physische Gesch\u00e4fte in Bilbao und Vitoria-Gasteiz<\/strong>, mit <strong data-start=\"3795\" data-end=\"3833\">3 Jahre offizielle europ\u00e4ische Garantie<\/strong> und spezialisierter technischer Support.<\/p>\n<ul data-start=\"3263\" data-end=\"3417\">\n<li data-start=\"3263\" data-end=\"3291\">\n<p data-start=\"3265\" data-end=\"3291\"><a href=\"https:\/\/share.google\/6A44KmqGyzVK0dryQ\" target=\"_blank\" rel=\"nofollow noopener\">\ud83d\udccd KiboTEK Bilbao Store<\/a><\/p>\n<\/li>\n<li data-start=\"3292\" data-end=\"3329\">\n<p data-start=\"3294\" data-end=\"3329\"><a href=\"https:\/\/share.google\/j0qINcfL2JLnLzuep\" target=\"_blank\" rel=\"nofollow noopener\">\ud83d\udccd kiboTEK Vitoria-Gasteiz Store<\/a><\/p>\n<\/li>\n<li data-start=\"3330\" data-end=\"3374\">\n<p data-start=\"3332\" data-end=\"3374\">\ud83d\ude9a Schneller Versand innerhalb von 24\/48 Stunden in ganz Europa<\/p>\n<\/li>\n<li data-start=\"3375\" data-end=\"3417\">\n<p data-start=\"3377\" data-end=\"3417\">\ud83d\udee1\ufe0f Offizielle Garantie und technischer Support<\/p>\n<\/li>\n<\/ul>\n<p><img loading=\"lazy\" decoding=\"async\" class=\"aligncenter size-full wp-image-72024\" src=\"https:\/\/www.kibotek.com\/wp-content\/uploads\/2026\/02\/kiboTEK_XIAOMI_45W_NANO_TURBO_001.jpg\" alt=\"\" width=\"1605\" height=\"853\" title=\"\" srcset=\"https:\/\/www.kibotek.com\/wp-content\/uploads\/2026\/02\/kiboTEK_XIAOMI_45W_NANO_TURBO_001.jpg 1605w, https:\/\/www.kibotek.com\/wp-content\/uploads\/2026\/02\/kiboTEK_XIAOMI_45W_NANO_TURBO_001-400x213.jpg 400w, https:\/\/www.kibotek.com\/wp-content\/uploads\/2026\/02\/kiboTEK_XIAOMI_45W_NANO_TURBO_001-1300x691.jpg 1300w, https:\/\/www.kibotek.com\/wp-content\/uploads\/2026\/02\/kiboTEK_XIAOMI_45W_NANO_TURBO_001-768x408.jpg 768w, https:\/\/www.kibotek.com\/wp-content\/uploads\/2026\/02\/kiboTEK_XIAOMI_45W_NANO_TURBO_001-1536x816.jpg 1536w, https:\/\/www.kibotek.com\/wp-content\/uploads\/2026\/02\/kiboTEK_XIAOMI_45W_NANO_TURBO_001-18x10.jpg 18w, https:\/\/www.kibotek.com\/wp-content\/uploads\/2026\/02\/kiboTEK_XIAOMI_45W_NANO_TURBO_001-430x229.jpg 430w, https:\/\/www.kibotek.com\/wp-content\/uploads\/2026\/02\/kiboTEK_XIAOMI_45W_NANO_TURBO_001-700x372.jpg 700w, https:\/\/www.kibotek.com\/wp-content\/uploads\/2026\/02\/kiboTEK_XIAOMI_45W_NANO_TURBO_001-150x80.jpg 150w\" sizes=\"auto, (max-width: 1605px) 100vw, 1605px\" \/> <img loading=\"lazy\" decoding=\"async\" class=\"aligncenter size-full wp-image-72025\" src=\"https:\/\/www.kibotek.com\/wp-content\/uploads\/2026\/02\/kiboTEK_XIAOMI_45W_NANO_TURBO_002.jpg\" alt=\"\" width=\"1616\" height=\"749\" title=\"\" srcset=\"https:\/\/www.kibotek.com\/wp-content\/uploads\/2026\/02\/kiboTEK_XIAOMI_45W_NANO_TURBO_002.jpg 1616w, https:\/\/www.kibotek.com\/wp-content\/uploads\/2026\/02\/kiboTEK_XIAOMI_45W_NANO_TURBO_002-400x185.jpg 400w, https:\/\/www.kibotek.com\/wp-content\/uploads\/2026\/02\/kiboTEK_XIAOMI_45W_NANO_TURBO_002-1300x603.jpg 1300w, https:\/\/www.kibotek.com\/wp-content\/uploads\/2026\/02\/kiboTEK_XIAOMI_45W_NANO_TURBO_002-768x356.jpg 768w, https:\/\/www.kibotek.com\/wp-content\/uploads\/2026\/02\/kiboTEK_XIAOMI_45W_NANO_TURBO_002-1536x712.jpg 1536w, https:\/\/www.kibotek.com\/wp-content\/uploads\/2026\/02\/kiboTEK_XIAOMI_45W_NANO_TURBO_002-18x8.jpg 18w, https:\/\/www.kibotek.com\/wp-content\/uploads\/2026\/02\/kiboTEK_XIAOMI_45W_NANO_TURBO_002-430x199.jpg 430w, https:\/\/www.kibotek.com\/wp-content\/uploads\/2026\/02\/kiboTEK_XIAOMI_45W_NANO_TURBO_002-700x324.jpg 700w, https:\/\/www.kibotek.com\/wp-content\/uploads\/2026\/02\/kiboTEK_XIAOMI_45W_NANO_TURBO_002-150x70.jpg 150w\" sizes=\"auto, (max-width: 1616px) 100vw, 1616px\" \/> <img loading=\"lazy\" decoding=\"async\" class=\"aligncenter size-full wp-image-72023\" src=\"https:\/\/www.kibotek.com\/wp-content\/uploads\/2026\/02\/kiboTEK_XIAOMI_45W_NANO_TURBO_00.jpg\" alt=\"\" width=\"1615\" height=\"812\" title=\"\" srcset=\"https:\/\/www.kibotek.com\/wp-content\/uploads\/2026\/02\/kiboTEK_XIAOMI_45W_NANO_TURBO_00.jpg 1615w, https:\/\/www.kibotek.com\/wp-content\/uploads\/2026\/02\/kiboTEK_XIAOMI_45W_NANO_TURBO_00-400x201.jpg 400w, https:\/\/www.kibotek.com\/wp-content\/uploads\/2026\/02\/kiboTEK_XIAOMI_45W_NANO_TURBO_00-1300x654.jpg 1300w, https:\/\/www.kibotek.com\/wp-content\/uploads\/2026\/02\/kiboTEK_XIAOMI_45W_NANO_TURBO_00-768x386.jpg 768w, https:\/\/www.kibotek.com\/wp-content\/uploads\/2026\/02\/kiboTEK_XIAOMI_45W_NANO_TURBO_00-1536x772.jpg 1536w, https:\/\/www.kibotek.com\/wp-content\/uploads\/2026\/02\/kiboTEK_XIAOMI_45W_NANO_TURBO_00-18x9.jpg 18w, https:\/\/www.kibotek.com\/wp-content\/uploads\/2026\/02\/kiboTEK_XIAOMI_45W_NANO_TURBO_00-430x216.jpg 430w, https:\/\/www.kibotek.com\/wp-content\/uploads\/2026\/02\/kiboTEK_XIAOMI_45W_NANO_TURBO_00-700x352.jpg 700w, https:\/\/www.kibotek.com\/wp-content\/uploads\/2026\/02\/kiboTEK_XIAOMI_45W_NANO_TURBO_00-150x75.jpg 150w\" sizes=\"auto, (max-width: 1615px) 100vw, 1615px\" \/> <img loading=\"lazy\" decoding=\"async\" class=\"aligncenter size-full wp-image-72026\" src=\"https:\/\/www.kibotek.com\/wp-content\/uploads\/2026\/02\/kiboTEK_XIAOMI_45W_NANO_TURBO_004.jpg\" alt=\"\" width=\"1621\" height=\"846\" title=\"\" srcset=\"https:\/\/www.kibotek.com\/wp-content\/uploads\/2026\/02\/kiboTEK_XIAOMI_45W_NANO_TURBO_004.jpg 1621w, https:\/\/www.kibotek.com\/wp-content\/uploads\/2026\/02\/kiboTEK_XIAOMI_45W_NANO_TURBO_004-400x209.jpg 400w, https:\/\/www.kibotek.com\/wp-content\/uploads\/2026\/02\/kiboTEK_XIAOMI_45W_NANO_TURBO_004-1300x678.jpg 1300w, https:\/\/www.kibotek.com\/wp-content\/uploads\/2026\/02\/kiboTEK_XIAOMI_45W_NANO_TURBO_004-768x401.jpg 768w, https:\/\/www.kibotek.com\/wp-content\/uploads\/2026\/02\/kiboTEK_XIAOMI_45W_NANO_TURBO_004-1536x802.jpg 1536w, https:\/\/www.kibotek.com\/wp-content\/uploads\/2026\/02\/kiboTEK_XIAOMI_45W_NANO_TURBO_004-18x9.jpg 18w, https:\/\/www.kibotek.com\/wp-content\/uploads\/2026\/02\/kiboTEK_XIAOMI_45W_NANO_TURBO_004-430x224.jpg 430w, https:\/\/www.kibotek.com\/wp-content\/uploads\/2026\/02\/kiboTEK_XIAOMI_45W_NANO_TURBO_004-700x365.jpg 700w, https:\/\/www.kibotek.com\/wp-content\/uploads\/2026\/02\/kiboTEK_XIAOMI_45W_NANO_TURBO_004-150x78.jpg 150w\" sizes=\"auto, (max-width: 1621px) 100vw, 1621px\" \/> <img loading=\"lazy\" decoding=\"async\" class=\"aligncenter size-full wp-image-72027\" src=\"https:\/\/www.kibotek.com\/wp-content\/uploads\/2026\/02\/kiboTEK_XIAOMI_45W_NANO_TURBO_005.jpg\" alt=\"\" width=\"1624\" height=\"750\" title=\"\" srcset=\"https:\/\/www.kibotek.com\/wp-content\/uploads\/2026\/02\/kiboTEK_XIAOMI_45W_NANO_TURBO_005.jpg 1624w, https:\/\/www.kibotek.com\/wp-content\/uploads\/2026\/02\/kiboTEK_XIAOMI_45W_NANO_TURBO_005-400x185.jpg 400w, https:\/\/www.kibotek.com\/wp-content\/uploads\/2026\/02\/kiboTEK_XIAOMI_45W_NANO_TURBO_005-1300x600.jpg 1300w, https:\/\/www.kibotek.com\/wp-content\/uploads\/2026\/02\/kiboTEK_XIAOMI_45W_NANO_TURBO_005-768x355.jpg 768w, https:\/\/www.kibotek.com\/wp-content\/uploads\/2026\/02\/kiboTEK_XIAOMI_45W_NANO_TURBO_005-1536x709.jpg 1536w, https:\/\/www.kibotek.com\/wp-content\/uploads\/2026\/02\/kiboTEK_XIAOMI_45W_NANO_TURBO_005-18x8.jpg 18w, https:\/\/www.kibotek.com\/wp-content\/uploads\/2026\/02\/kiboTEK_XIAOMI_45W_NANO_TURBO_005-430x199.jpg 430w, https:\/\/www.kibotek.com\/wp-content\/uploads\/2026\/02\/kiboTEK_XIAOMI_45W_NANO_TURBO_005-700x323.jpg 700w, https:\/\/www.kibotek.com\/wp-content\/uploads\/2026\/02\/kiboTEK_XIAOMI_45W_NANO_TURBO_005-150x69.jpg 150w\" sizes=\"auto, (max-width: 1624px) 100vw, 1624px\" \/> <img loading=\"lazy\" decoding=\"async\" class=\"aligncenter size-full wp-image-72028\" src=\"https:\/\/www.kibotek.com\/wp-content\/uploads\/2026\/02\/kiboTEK_XIAOMI_45W_NANO_TURBO_006.jpg\" alt=\"\" width=\"1585\" height=\"830\" title=\"\" srcset=\"https:\/\/www.kibotek.com\/wp-content\/uploads\/2026\/02\/kiboTEK_XIAOMI_45W_NANO_TURBO_006.jpg 1585w, https:\/\/www.kibotek.com\/wp-content\/uploads\/2026\/02\/kiboTEK_XIAOMI_45W_NANO_TURBO_006-400x209.jpg 400w, https:\/\/www.kibotek.com\/wp-content\/uploads\/2026\/02\/kiboTEK_XIAOMI_45W_NANO_TURBO_006-1300x681.jpg 1300w, https:\/\/www.kibotek.com\/wp-content\/uploads\/2026\/02\/kiboTEK_XIAOMI_45W_NANO_TURBO_006-768x402.jpg 768w, https:\/\/www.kibotek.com\/wp-content\/uploads\/2026\/02\/kiboTEK_XIAOMI_45W_NANO_TURBO_006-1536x804.jpg 1536w, https:\/\/www.kibotek.com\/wp-content\/uploads\/2026\/02\/kiboTEK_XIAOMI_45W_NANO_TURBO_006-18x9.jpg 18w, https:\/\/www.kibotek.com\/wp-content\/uploads\/2026\/02\/kiboTEK_XIAOMI_45W_NANO_TURBO_006-430x225.jpg 430w, https:\/\/www.kibotek.com\/wp-content\/uploads\/2026\/02\/kiboTEK_XIAOMI_45W_NANO_TURBO_006-700x367.jpg 700w, https:\/\/www.kibotek.com\/wp-content\/uploads\/2026\/02\/kiboTEK_XIAOMI_45W_NANO_TURBO_006-150x79.jpg 150w\" sizes=\"auto, (max-width: 1585px) 100vw, 1585px\" \/> <img loading=\"lazy\" decoding=\"async\" class=\"aligncenter size-full wp-image-72029\" src=\"https:\/\/www.kibotek.com\/wp-content\/uploads\/2026\/02\/kiboTEK_XIAOMI_45W_NANO_TURBO_007.jpg\" alt=\"\" width=\"1619\" height=\"835\" title=\"\" srcset=\"https:\/\/www.kibotek.com\/wp-content\/uploads\/2026\/02\/kiboTEK_XIAOMI_45W_NANO_TURBO_007.jpg 1619w, https:\/\/www.kibotek.com\/wp-content\/uploads\/2026\/02\/kiboTEK_XIAOMI_45W_NANO_TURBO_007-400x206.jpg 400w, https:\/\/www.kibotek.com\/wp-content\/uploads\/2026\/02\/kiboTEK_XIAOMI_45W_NANO_TURBO_007-1300x670.jpg 1300w, https:\/\/www.kibotek.com\/wp-content\/uploads\/2026\/02\/kiboTEK_XIAOMI_45W_NANO_TURBO_007-768x396.jpg 768w, https:\/\/www.kibotek.com\/wp-content\/uploads\/2026\/02\/kiboTEK_XIAOMI_45W_NANO_TURBO_007-1536x792.jpg 1536w, https:\/\/www.kibotek.com\/wp-content\/uploads\/2026\/02\/kiboTEK_XIAOMI_45W_NANO_TURBO_007-18x9.jpg 18w, https:\/\/www.kibotek.com\/wp-content\/uploads\/2026\/02\/kiboTEK_XIAOMI_45W_NANO_TURBO_007-430x222.jpg 430w, https:\/\/www.kibotek.com\/wp-content\/uploads\/2026\/02\/kiboTEK_XIAOMI_45W_NANO_TURBO_007-700x361.jpg 700w, https:\/\/www.kibotek.com\/wp-content\/uploads\/2026\/02\/kiboTEK_XIAOMI_45W_NANO_TURBO_007-150x77.jpg 150w\" sizes=\"auto, (max-width: 1619px) 100vw, 1619px\" \/><\/p>\n<p>&nbsp;<\/p>\n<p>&nbsp;<\/p>","protected":false},"excerpt":{"rendered":"<p class=\"price woobt-price-56089\"><strong><em>JETZT KAUFEN UND <\/em><\/strong><strong><em>ERHALTEN INNERHALB VON 24\/72 STUNDEN \ud83d\ude80<\/em><\/strong><\/p>","protected":false},"featured_media":72020,"comment_status":"open","ping_status":"closed","template":"","meta":{"iawp_total_views":30},"product_brand":[8155],"product_cat":[8324,79],"product_tag":[],"class_list":{"0":"post-72016","1":"product","2":"type-product","3":"status-publish","4":"has-post-thumbnail","6":"product_brand-comprar-lo-mejor-de-xiaomi","7":"product_cat-cargadores-powerbanks","8":"product_cat-comprar-los-mejores-moviles","10":"first","11":"instock","12":"taxable","13":"shipping-taxable","14":"purchasable","15":"product-type-simple"},"supplier_id":null,"supplier_sku":"","barcode":null,"atum_controlled":true,"out_stock_date":null,"out_stock_threshold":null,"inheritable":false,"inbound_stock":null,"stock_on_hold":0,"sold_today":0,"sales_last_days":0,"reserved_stock":null,"customer_returns":null,"warehouse_damage":null,"lost_in_post":null,"other_logs":null,"out_stock_days":0,"lost_sales":0,"has_location":false,"update_date":"2026-04-19T05:02:08","atum_locations":[],"atum_stock_status":"instock","restock_status":false,"low_stock_amount":"","sales_update_date":"2026-04-19T05:02:08","calc_backorders":null,"_links":{"self":[{"href":"https:\/\/www.kibotek.com\/de\/wp-json\/wp\/v2\/product\/72016","targetHints":{"allow":["GET"]}}],"collection":[{"href":"https:\/\/www.kibotek.com\/de\/wp-json\/wp\/v2\/product"}],"about":[{"href":"https:\/\/www.kibotek.com\/de\/wp-json\/wp\/v2\/types\/product"}],"replies":[{"embeddable":true,"href":"https:\/\/www.kibotek.com\/de\/wp-json\/wp\/v2\/comments?post=72016"}],"version-history":[{"count":5,"href":"https:\/\/www.kibotek.com\/de\/wp-json\/wp\/v2\/product\/72016\/revisions"}],"predecessor-version":[{"id":72031,"href":"https:\/\/www.kibotek.com\/de\/wp-json\/wp\/v2\/product\/72016\/revisions\/72031"}],"wp:featuredmedia":[{"embeddable":true,"href":"https:\/\/www.kibotek.com\/de\/wp-json\/wp\/v2\/media\/72020"}],"wp:attachment":[{"href":"https:\/\/www.kibotek.com\/de\/wp-json\/wp\/v2\/media?parent=72016"}],"wp:term":[{"taxonomy":"product_brand","embeddable":true,"href":"https:\/\/www.kibotek.com\/de\/wp-json\/wp\/v2\/product_brand?post=72016"},{"taxonomy":"product_cat","embeddable":true,"href":"https:\/\/www.kibotek.com\/de\/wp-json\/wp\/v2\/product_cat?post=72016"},{"taxonomy":"product_tag","embeddable":true,"href":"https:\/\/www.kibotek.com\/de\/wp-json\/wp\/v2\/product_tag?post=72016"}],"curies":[{"name":"wp","href":"https:\/\/api.w.org\/{rel}","templated":true}]}}