{"id":70360,"date":"2026-01-13T16:40:49","date_gmt":"2026-01-13T15:40:49","guid":{"rendered":"https:\/\/www.kibotek.com\/?post_type=product&#038;p=70360"},"modified":"2026-05-07T22:08:19","modified_gmt":"2026-05-07T20:08:19","slug":"anbernic-rg-477v-8gb-128gb-tragbare-retro-konsole-android-14","status":"publish","type":"product","link":"https:\/\/www.kibotek.com\/de\/kibostore\/anbernic-rg-477v-8gb-128gb-consola-retro-portable-android-14\/","title":{"rendered":"Anbernic RG 477V 8GB\/128GB Tragbare Retro-Konsole Android 14"},"content":{"rendered":"<h3>Kaufen Sie die tragbare Retro-Konsole Anbernic RG 477V DE 8GB\/128GB.<\/h3>\n<h3>Versand von Spanien nach Europa in 24\/72 Stunden<\/h3>\n<h3><strong>3 Jahre<\/strong> <strong>Europ\u00e4ische Garantie <\/strong><strong>Nur bei kiboTEK <\/strong><\/h3>\n<h3>Spezifikationen<\/h3>\n<ul>\n<li><span style=\"color: #ff0000;\"><strong>GESCHENK-TRAGEKOFFER<\/strong><\/span><\/li>\n<li><span style=\"color: #ff0000;\"><strong>KOSTENLOSE SD-KARTE 128GB<\/strong><\/span><\/li>\n<li>4,7-Zoll-LTPS-In-Cell-OCA-Display<\/li>\n<li>Aufl\u00f6sung von 1280 x 960 Pixeln<\/li>\n<li>Bildwiederholfrequenz 120 Hz<\/li>\n<li>Android 14-Betriebssystem<\/li>\n<li><strong>Emulatoren: PlayStation 2, PSP, PlayStation 1, Arcade, Wii, PS Vita, Neo Geo, MAME, Sega Genesis, \u2026<\/strong><\/li>\n<li>Dimensity 8300 Prozessor <span class=\"Y2IQFc\" lang=\"es\">(4-nm-EUV-Prozess 5G-SOC-Chip)<\/span><\/li>\n<li><span class=\"Y2IQFc\" lang=\"es\">Mali-G615 MC6 GPU<\/span><\/li>\n<li>Steuerung mit den Tasten L1 \/ L2 und R1 \/ R2<\/li>\n<li><strong>RAM 8GB LPDDR4<\/strong><\/li>\n<li><strong><span class=\"Y2IQFc\" lang=\"es\">Speicher 128GB UFS 2.2<\/span><\/strong><\/li>\n<li><strong>HDMI-Ausgang<\/strong><\/li>\n<li><span class=\"Y2IQFc\" lang=\"es\">IA ANBERNIC<\/span><\/li>\n<li>WLAN 6E 802.11a\/b\/g\/n\/ac, Bluetooth 5.3<\/li>\n<li>USB-Anschluss Typ C, OTG-USB und 3,5-mm-Audioanschluss<\/li>\n<li>5500-mAh-Akku f\u00fcr bis zu 8 Stunden Nutzung<\/li>\n<li>5 V\/9 A, 27 W<\/li>\n<li>Gewicht 334 g<\/li>\n<li>Abmessungen: 15,3 x 10,57 x 2,3 cm<\/li>\n<li>Schwarz und Retro-Grau<\/li>\n<\/ul>\n<p><iframe loading=\"lazy\" title=\"ANBERNIC RG 477V ist ab sofort erh\u00e4ltlich!\" width=\"500\" height=\"281\" src=\"https:\/\/www.youtube.com\/embed\/1Ph910XCXAY?feature=oembed\" frameborder=\"0\" allow=\"accelerometer; autoplay; clipboard-write; encrypted-media; gyroscope; picture-in-picture; web-share\" referrerpolicy=\"strict-origin-when-cross-origin\" allowfullscreen><\/iframe><\/p>\n<h3>Sicherheit bei Ihrem Einkauf<\/h3>\n<p>Bei kiboTEK genie\u00dfen Sie die Sicherheit und das Wohlbefinden, die Ihnen der beste Online-Shop Spaniens bietet. Dank unserer fairen R\u00fcckgabebedingungen k\u00f6nnen Sie Ihre Bestellung ganz unbesorgt zur\u00fccksenden, falls Sie mit Ihrem Kauf nicht zufrieden sein sollten.,<\/p>\n<p><strong><span style=\"font-size: 12pt;\">Sie haben 14 Tage Zeit, eine R\u00fcckerstattung zu beantragen.<\/span><\/strong><\/p>\n<p>Machen Sie sich andererseits keine Sorgen um die Garantie, denn diese erhalten Sie nur auf unserer Website.<\/p>\n<p><strong>3 Jahre europ\u00e4ische Garantie<\/strong><\/p>\n<p>Bei kiboTEK k\u00f6nnen Sie kaufen <strong>Anbernic RG 477V<\/strong><strong data-start=\"450\" data-end=\"470\">\u00a0<\/strong>mit der Garantie und Sicherheit des besten Online-Shops in Spanien und Europa.<\/p>\n<h2 data-start=\"3539\" data-end=\"3610\">Kaufen Sie es bei kiboTEK \u2013 Physischer und Online-Shop mit offizieller Garantie<\/h2>\n<p data-start=\"3612\" data-end=\"3866\">Im <strong data-start=\"3615\" data-end=\"3656\"><span class=\"hover:entity-accent entity-underline inline cursor-pointer align-baseline\"><span class=\"whitespace-normal\">kiboTEK<\/span><\/span><\/strong> d\u00fcrfen <strong data-start=\"3664\" data-end=\"3711\">Anbernic RG 477V kaufen <\/strong>\u00a0so viel <a href=\"http:\/\/www.kiboTEK.com\" target=\"_blank\" rel=\"nofollow noopener\">online\u00a0<\/a> wie in unserem <strong data-start=\"3742\" data-end=\"3789\">physische Gesch\u00e4fte in Bilbao und Vitoria-Gasteiz<\/strong>, mit <strong data-start=\"3795\" data-end=\"3833\">3 Jahre offizielle europ\u00e4ische Garantie<\/strong> und spezialisierter technischer Support.<\/p>\n<ul data-start=\"3263\" data-end=\"3417\">\n<li data-start=\"3263\" data-end=\"3291\">\n<p data-start=\"3265\" data-end=\"3291\"><a href=\"https:\/\/share.google\/6A44KmqGyzVK0dryQ\" target=\"_blank\" rel=\"nofollow noopener\">\ud83d\udccd KiboTEK Bilbao Store<\/a><\/p>\n<\/li>\n<li data-start=\"3292\" data-end=\"3329\">\n<p data-start=\"3294\" data-end=\"3329\"><a href=\"https:\/\/share.google\/j0qINcfL2JLnLzuep\" target=\"_blank\" rel=\"nofollow noopener\">\ud83d\udccd kiboTEK Vitoria-Gasteiz Store<\/a><\/p>\n<\/li>\n<li data-start=\"3330\" data-end=\"3374\">\n<p data-start=\"3332\" data-end=\"3374\">\ud83d\ude9a Schneller Versand innerhalb von 24\/48 Stunden in ganz Europa<\/p>\n<\/li>\n<li data-start=\"3375\" data-end=\"3417\">\n<p data-start=\"3377\" data-end=\"3417\">\ud83d\udee1\ufe0f Offizielle Garantie und technischer Support<\/p>\n<\/li>\n<\/ul>\n<h3>4,7-Zoll-Bildschirm<\/h3>\n<p>Die neue Anbernic-Konsole RG 477V ist mit einem Bildschirm ausgestattet. <strong>4,7 Zoll mit einer Aufl\u00f6sung von 1280 x 960 Pixeln<\/strong> und eine Bildwiederholfrequenz von 120 Hz, sodass Sie alle Ihre Spiele absolut fl\u00fcssig und mit sehr pr\u00e4ziser Steuerung auf dem Touchscreen genie\u00dfen k\u00f6nnen.<\/p>\n<h3>Erstaunlicher Mediatek-Prozessor<\/h3>\n<p>Es pr\u00e4sentiert uns einen Mediatek <strong>Dimension 8300<\/strong> ein leistungsstarker Prozessor, den wir in unserem finden k\u00f6nnen <a href=\"https:\/\/www.kibotek.com\/de\/kibostore\/anbernic-rg-557-12gb-256gb-tragbare-retro-konsole-android-14\/\">RG 557<\/a> Sie bieten uns eine beeindruckende Leistung und Energieeffizienz.<\/p>\n<p>Ausgestattet mit einem MediaTek Dimensity 8300 Prozessor, kann dieser Anbernic RG 477V problemlos mit einer Vielzahl von 8-Bit-, 16-Bit- und 32-Bit-Retro-Plattformen umgehen. <strong>Es verwendet denselben Prozessor wie leistungsstarke aktuelle Smartphones wie das Xiaomi 14T oder das Poco X6 Pro.<\/strong><\/p>\n<p>Es wird in zwei Versionen erh\u00e4ltlich sein: <strong>8 GB RAM + 128 GB<\/strong> Lagerung oder <strong>12 GB RAM + 256 GB<\/strong> Lagerung, damit wir alle Ihre Anforderungen erf\u00fcllen k\u00f6nnen.<\/p>\n<h3 class=\"western\">Android 14-Bootsystem<\/h3>\n<p>Dank seines Android-Betriebssystems bietet uns dieses RG477V die M\u00f6glichkeit, alle Funktionen zu nutzen und<strong> Android Apps<\/strong> Andererseits k\u00f6nnen Sie ROMs direkt von den auf Ihrer SD-Karte installierten abspielen. Die RG 477V-Konsole wird mit vorinstalliertem Android geliefert, wodurch Sie... <strong>Greifen Sie auf den Play Store zu und laden Sie die Spiele herunter, die Ihnen am besten gefallen.<\/strong><\/p>\n<h3><strong>KI<\/strong><\/h3>\n<p>Eines der neuen Features, die die neuen Konsolengenerationen in Anbernic kennzeichnen, ist die Integration einer eigenen KI.<span class=\"Y2IQFc\" lang=\"es\">Unterst\u00fctzt Spielerkennung mit einem Klick, Strategievorschl\u00e4ge, Echtzeit\u00fcbersetzung, intelligente Dialoge, Text-zu-Bild-Konvertierung, Bildverarbeitung und vieles mehr.<\/span><\/p>\n<h3 class=\"western\">Kompatibel mit den wichtigsten Emulatoren<\/h3>\n<p>Mit dieser neuen Anbernic RG477V Retro-Konsole haben Sie Kompatibilit\u00e4t mit verschiedenen Emulatoren wie zum Beispiel<strong> Neo Geo, Sega Genesis, Sega Saturn, MAME, FBA, PlayStation 1, PlayStation 2, Dreamcast oder PSP<\/strong> unter anderem und die Kompatibilit\u00e4t von <b>Wii U und PS Vita<\/b>. Android-Spiele (Genshin Impact, Honor of Kings usw.)<\/p>\n<p>Wir finden einen doppelten Analogstick, ein Steuerkreuz, vier Hauptaktionstasten und zwei weitere, die wahrscheinlich f\u00fcr Funktionen wie Start und Auswahl verwendet werden, sodass Sie damit die Spiele genie\u00dfen k\u00f6nnen, die Ihnen am meisten Spa\u00df machen, seien es Kampfspiele, bei denen Sie sich wie ein Champion f\u00fchlen, oder sogar Schie\u00dfspiele, bei denen Sie Ihre Zielgenauigkeit verbessern und Ihren Freunden Ihre besten Ergebnisse zeigen k\u00f6nnen.<\/p>\n<h3 class=\"western\">WLAN, 6 integrierte<\/h3>\n<p>In Bezug auf die Konnektivit\u00e4t haben wir <strong>W-lan <\/strong><strong>6 <\/strong>Dies verbessert die Verbindungsgeschwindigkeit im neuen Anbernic RG477V deutlich. Dar\u00fcber hinaus haben wir auch <strong>Bluetooth 5.3<\/strong><strong> um unser Gamepad anschlie\u00dfen zu k\u00f6nnen<\/strong> zum Ger\u00e4t.<\/p>\n<h3 class=\"western\">Ausreichend 5.500 mAh Akku<\/h3>\n<p>Es bringt uns eine 5.500-Milliampere-Batterie, die <strong>entspricht bis zu 8 Stunden Spielspa\u00df <\/strong><strong>unerm\u00fcdlich, aber immer <\/strong><strong>laut Hersteller. <\/strong>\u00a0Dieser Akku kann \u00fcber den Typ-C-Anschluss aufgeladen werden und ist mit 27-W-Schnellladen kompatibel.<\/p>\n<p>Es bietet uns ein aktives K\u00fchlsystem mit Hochleistungsl\u00fcfter und Heatpipe, das das Ger\u00e4t stabil h\u00e4lt.<\/p>\n<p>Es verf\u00fcgt \u00fcber einen Weitwinkel-3D-Hall-Joystick, der selbst die subtilsten Bewegungen pr\u00e4zise erkennt und so eine reibungslose und pr\u00e4zise Steuerung erm\u00f6glicht.<\/p>\n<p>Anbernic pr\u00e4sentiert uns die neue RG 477V in zwei Farben zur Auswahl, zum einen in der Farbe <strong>Schwarz und Retro-Grau.<\/strong><\/p>\n<p><strong>Kostenlose Ausgaben f\u00fcr Spanien und Portugal (nur Halbinsel) ab 100 \u20ac<\/strong>.<\/p>\n<p><img loading=\"lazy\" decoding=\"async\" class=\"aligncenter size-full wp-image-70345\" src=\"https:\/\/www.kibotek.com\/wp-content\/uploads\/2026\/01\/kiboTEK_anbernic_rg_477_v_006.jpg\" alt=\"\" width=\"1400\" height=\"1400\" title=\"\" srcset=\"https:\/\/www.kibotek.com\/wp-content\/uploads\/2026\/01\/kiboTEK_anbernic_rg_477_v_006.jpg 1400w, https:\/\/www.kibotek.com\/wp-content\/uploads\/2026\/01\/kiboTEK_anbernic_rg_477_v_006-300x300.jpg 300w, https:\/\/www.kibotek.com\/wp-content\/uploads\/2026\/01\/kiboTEK_anbernic_rg_477_v_006-800x800.jpg 800w, https:\/\/www.kibotek.com\/wp-content\/uploads\/2026\/01\/kiboTEK_anbernic_rg_477_v_006-150x150.jpg 150w, https:\/\/www.kibotek.com\/wp-content\/uploads\/2026\/01\/kiboTEK_anbernic_rg_477_v_006-768x768.jpg 768w, https:\/\/www.kibotek.com\/wp-content\/uploads\/2026\/01\/kiboTEK_anbernic_rg_477_v_006-12x12.jpg 12w, https:\/\/www.kibotek.com\/wp-content\/uploads\/2026\/01\/kiboTEK_anbernic_rg_477_v_006-430x430.jpg 430w, https:\/\/www.kibotek.com\/wp-content\/uploads\/2026\/01\/kiboTEK_anbernic_rg_477_v_006-700x700.jpg 700w, https:\/\/www.kibotek.com\/wp-content\/uploads\/2026\/01\/kiboTEK_anbernic_rg_477_v_006-50x50.jpg 50w, https:\/\/www.kibotek.com\/wp-content\/uploads\/2026\/01\/kiboTEK_anbernic_rg_477_v_006-100x100.jpg 100w, https:\/\/www.kibotek.com\/wp-content\/uploads\/2026\/01\/kiboTEK_anbernic_rg_477_v_006-32x32.jpg 32w\" sizes=\"auto, (max-width: 1400px) 100vw, 1400px\" \/> <img loading=\"lazy\" decoding=\"async\" class=\"aligncenter size-full wp-image-70346\" src=\"https:\/\/www.kibotek.com\/wp-content\/uploads\/2026\/01\/kiboTEK_anbernic_rg_477_v_007.jpg\" alt=\"\" width=\"1400\" height=\"1400\" title=\"\" srcset=\"https:\/\/www.kibotek.com\/wp-content\/uploads\/2026\/01\/kiboTEK_anbernic_rg_477_v_007.jpg 1400w, https:\/\/www.kibotek.com\/wp-content\/uploads\/2026\/01\/kiboTEK_anbernic_rg_477_v_007-300x300.jpg 300w, https:\/\/www.kibotek.com\/wp-content\/uploads\/2026\/01\/kiboTEK_anbernic_rg_477_v_007-800x800.jpg 800w, https:\/\/www.kibotek.com\/wp-content\/uploads\/2026\/01\/kiboTEK_anbernic_rg_477_v_007-150x150.jpg 150w, https:\/\/www.kibotek.com\/wp-content\/uploads\/2026\/01\/kiboTEK_anbernic_rg_477_v_007-768x768.jpg 768w, https:\/\/www.kibotek.com\/wp-content\/uploads\/2026\/01\/kiboTEK_anbernic_rg_477_v_007-12x12.jpg 12w, https:\/\/www.kibotek.com\/wp-content\/uploads\/2026\/01\/kiboTEK_anbernic_rg_477_v_007-430x430.jpg 430w, https:\/\/www.kibotek.com\/wp-content\/uploads\/2026\/01\/kiboTEK_anbernic_rg_477_v_007-700x700.jpg 700w, https:\/\/www.kibotek.com\/wp-content\/uploads\/2026\/01\/kiboTEK_anbernic_rg_477_v_007-50x50.jpg 50w, https:\/\/www.kibotek.com\/wp-content\/uploads\/2026\/01\/kiboTEK_anbernic_rg_477_v_007-100x100.jpg 100w, https:\/\/www.kibotek.com\/wp-content\/uploads\/2026\/01\/kiboTEK_anbernic_rg_477_v_007-32x32.jpg 32w\" sizes=\"auto, (max-width: 1400px) 100vw, 1400px\" \/> <img loading=\"lazy\" decoding=\"async\" class=\"aligncenter size-full wp-image-70347\" src=\"https:\/\/www.kibotek.com\/wp-content\/uploads\/2026\/01\/kiboTEK_anbernic_rg_477_v_008.jpg\" alt=\"\" width=\"1400\" height=\"1400\" title=\"\" srcset=\"https:\/\/www.kibotek.com\/wp-content\/uploads\/2026\/01\/kiboTEK_anbernic_rg_477_v_008.jpg 1400w, https:\/\/www.kibotek.com\/wp-content\/uploads\/2026\/01\/kiboTEK_anbernic_rg_477_v_008-300x300.jpg 300w, https:\/\/www.kibotek.com\/wp-content\/uploads\/2026\/01\/kiboTEK_anbernic_rg_477_v_008-800x800.jpg 800w, https:\/\/www.kibotek.com\/wp-content\/uploads\/2026\/01\/kiboTEK_anbernic_rg_477_v_008-150x150.jpg 150w, https:\/\/www.kibotek.com\/wp-content\/uploads\/2026\/01\/kiboTEK_anbernic_rg_477_v_008-768x768.jpg 768w, https:\/\/www.kibotek.com\/wp-content\/uploads\/2026\/01\/kiboTEK_anbernic_rg_477_v_008-12x12.jpg 12w, https:\/\/www.kibotek.com\/wp-content\/uploads\/2026\/01\/kiboTEK_anbernic_rg_477_v_008-430x430.jpg 430w, https:\/\/www.kibotek.com\/wp-content\/uploads\/2026\/01\/kiboTEK_anbernic_rg_477_v_008-700x700.jpg 700w, https:\/\/www.kibotek.com\/wp-content\/uploads\/2026\/01\/kiboTEK_anbernic_rg_477_v_008-50x50.jpg 50w, https:\/\/www.kibotek.com\/wp-content\/uploads\/2026\/01\/kiboTEK_anbernic_rg_477_v_008-100x100.jpg 100w, https:\/\/www.kibotek.com\/wp-content\/uploads\/2026\/01\/kiboTEK_anbernic_rg_477_v_008-32x32.jpg 32w\" sizes=\"auto, (max-width: 1400px) 100vw, 1400px\" \/> <img loading=\"lazy\" decoding=\"async\" class=\"aligncenter size-full wp-image-70348\" src=\"https:\/\/www.kibotek.com\/wp-content\/uploads\/2026\/01\/kiboTEK_anbernic_rg_477_v_009.jpg\" alt=\"\" width=\"1400\" height=\"1400\" title=\"\" srcset=\"https:\/\/www.kibotek.com\/wp-content\/uploads\/2026\/01\/kiboTEK_anbernic_rg_477_v_009.jpg 1400w, https:\/\/www.kibotek.com\/wp-content\/uploads\/2026\/01\/kiboTEK_anbernic_rg_477_v_009-300x300.jpg 300w, https:\/\/www.kibotek.com\/wp-content\/uploads\/2026\/01\/kiboTEK_anbernic_rg_477_v_009-800x800.jpg 800w, https:\/\/www.kibotek.com\/wp-content\/uploads\/2026\/01\/kiboTEK_anbernic_rg_477_v_009-150x150.jpg 150w, https:\/\/www.kibotek.com\/wp-content\/uploads\/2026\/01\/kiboTEK_anbernic_rg_477_v_009-768x768.jpg 768w, https:\/\/www.kibotek.com\/wp-content\/uploads\/2026\/01\/kiboTEK_anbernic_rg_477_v_009-12x12.jpg 12w, https:\/\/www.kibotek.com\/wp-content\/uploads\/2026\/01\/kiboTEK_anbernic_rg_477_v_009-430x430.jpg 430w, https:\/\/www.kibotek.com\/wp-content\/uploads\/2026\/01\/kiboTEK_anbernic_rg_477_v_009-700x700.jpg 700w, https:\/\/www.kibotek.com\/wp-content\/uploads\/2026\/01\/kiboTEK_anbernic_rg_477_v_009-50x50.jpg 50w, https:\/\/www.kibotek.com\/wp-content\/uploads\/2026\/01\/kiboTEK_anbernic_rg_477_v_009-100x100.jpg 100w, https:\/\/www.kibotek.com\/wp-content\/uploads\/2026\/01\/kiboTEK_anbernic_rg_477_v_009-32x32.jpg 32w\" sizes=\"auto, (max-width: 1400px) 100vw, 1400px\" \/> <img loading=\"lazy\" decoding=\"async\" class=\"aligncenter size-full wp-image-70349\" src=\"https:\/\/www.kibotek.com\/wp-content\/uploads\/2026\/01\/kiboTEK_anbernic_rg_477_v_010.jpg\" alt=\"\" width=\"1400\" height=\"1400\" title=\"\" srcset=\"https:\/\/www.kibotek.com\/wp-content\/uploads\/2026\/01\/kiboTEK_anbernic_rg_477_v_010.jpg 1400w, https:\/\/www.kibotek.com\/wp-content\/uploads\/2026\/01\/kiboTEK_anbernic_rg_477_v_010-300x300.jpg 300w, https:\/\/www.kibotek.com\/wp-content\/uploads\/2026\/01\/kiboTEK_anbernic_rg_477_v_010-800x800.jpg 800w, https:\/\/www.kibotek.com\/wp-content\/uploads\/2026\/01\/kiboTEK_anbernic_rg_477_v_010-150x150.jpg 150w, https:\/\/www.kibotek.com\/wp-content\/uploads\/2026\/01\/kiboTEK_anbernic_rg_477_v_010-768x768.jpg 768w, https:\/\/www.kibotek.com\/wp-content\/uploads\/2026\/01\/kiboTEK_anbernic_rg_477_v_010-12x12.jpg 12w, https:\/\/www.kibotek.com\/wp-content\/uploads\/2026\/01\/kiboTEK_anbernic_rg_477_v_010-430x430.jpg 430w, https:\/\/www.kibotek.com\/wp-content\/uploads\/2026\/01\/kiboTEK_anbernic_rg_477_v_010-700x700.jpg 700w, https:\/\/www.kibotek.com\/wp-content\/uploads\/2026\/01\/kiboTEK_anbernic_rg_477_v_010-50x50.jpg 50w, https:\/\/www.kibotek.com\/wp-content\/uploads\/2026\/01\/kiboTEK_anbernic_rg_477_v_010-100x100.jpg 100w, https:\/\/www.kibotek.com\/wp-content\/uploads\/2026\/01\/kiboTEK_anbernic_rg_477_v_010-32x32.jpg 32w\" sizes=\"auto, (max-width: 1400px) 100vw, 1400px\" \/> <img loading=\"lazy\" decoding=\"async\" class=\"aligncenter size-full wp-image-70350\" src=\"https:\/\/www.kibotek.com\/wp-content\/uploads\/2026\/01\/kiboTEK_anbernic_rg_477_v_011.jpg\" alt=\"\" width=\"1400\" height=\"1400\" title=\"\" srcset=\"https:\/\/www.kibotek.com\/wp-content\/uploads\/2026\/01\/kiboTEK_anbernic_rg_477_v_011.jpg 1400w, https:\/\/www.kibotek.com\/wp-content\/uploads\/2026\/01\/kiboTEK_anbernic_rg_477_v_011-300x300.jpg 300w, https:\/\/www.kibotek.com\/wp-content\/uploads\/2026\/01\/kiboTEK_anbernic_rg_477_v_011-800x800.jpg 800w, https:\/\/www.kibotek.com\/wp-content\/uploads\/2026\/01\/kiboTEK_anbernic_rg_477_v_011-150x150.jpg 150w, https:\/\/www.kibotek.com\/wp-content\/uploads\/2026\/01\/kiboTEK_anbernic_rg_477_v_011-768x768.jpg 768w, https:\/\/www.kibotek.com\/wp-content\/uploads\/2026\/01\/kiboTEK_anbernic_rg_477_v_011-12x12.jpg 12w, https:\/\/www.kibotek.com\/wp-content\/uploads\/2026\/01\/kiboTEK_anbernic_rg_477_v_011-430x430.jpg 430w, https:\/\/www.kibotek.com\/wp-content\/uploads\/2026\/01\/kiboTEK_anbernic_rg_477_v_011-700x700.jpg 700w, https:\/\/www.kibotek.com\/wp-content\/uploads\/2026\/01\/kiboTEK_anbernic_rg_477_v_011-50x50.jpg 50w, https:\/\/www.kibotek.com\/wp-content\/uploads\/2026\/01\/kiboTEK_anbernic_rg_477_v_011-100x100.jpg 100w, https:\/\/www.kibotek.com\/wp-content\/uploads\/2026\/01\/kiboTEK_anbernic_rg_477_v_011-32x32.jpg 32w\" sizes=\"auto, (max-width: 1400px) 100vw, 1400px\" \/> <img loading=\"lazy\" decoding=\"async\" class=\"aligncenter size-full wp-image-70351\" src=\"https:\/\/www.kibotek.com\/wp-content\/uploads\/2026\/01\/kiboTEK_anbernic_rg_477_v_012.jpg\" alt=\"\" width=\"1400\" height=\"1400\" title=\"\" srcset=\"https:\/\/www.kibotek.com\/wp-content\/uploads\/2026\/01\/kiboTEK_anbernic_rg_477_v_012.jpg 1400w, https:\/\/www.kibotek.com\/wp-content\/uploads\/2026\/01\/kiboTEK_anbernic_rg_477_v_012-300x300.jpg 300w, https:\/\/www.kibotek.com\/wp-content\/uploads\/2026\/01\/kiboTEK_anbernic_rg_477_v_012-800x800.jpg 800w, https:\/\/www.kibotek.com\/wp-content\/uploads\/2026\/01\/kiboTEK_anbernic_rg_477_v_012-150x150.jpg 150w, https:\/\/www.kibotek.com\/wp-content\/uploads\/2026\/01\/kiboTEK_anbernic_rg_477_v_012-768x768.jpg 768w, https:\/\/www.kibotek.com\/wp-content\/uploads\/2026\/01\/kiboTEK_anbernic_rg_477_v_012-12x12.jpg 12w, https:\/\/www.kibotek.com\/wp-content\/uploads\/2026\/01\/kiboTEK_anbernic_rg_477_v_012-430x430.jpg 430w, https:\/\/www.kibotek.com\/wp-content\/uploads\/2026\/01\/kiboTEK_anbernic_rg_477_v_012-700x700.jpg 700w, https:\/\/www.kibotek.com\/wp-content\/uploads\/2026\/01\/kiboTEK_anbernic_rg_477_v_012-50x50.jpg 50w, https:\/\/www.kibotek.com\/wp-content\/uploads\/2026\/01\/kiboTEK_anbernic_rg_477_v_012-100x100.jpg 100w, https:\/\/www.kibotek.com\/wp-content\/uploads\/2026\/01\/kiboTEK_anbernic_rg_477_v_012-32x32.jpg 32w\" sizes=\"auto, (max-width: 1400px) 100vw, 1400px\" \/> <img loading=\"lazy\" decoding=\"async\" class=\"aligncenter size-full wp-image-70352\" src=\"https:\/\/www.kibotek.com\/wp-content\/uploads\/2026\/01\/kiboTEK_anbernic_rg_477_v_013.jpg\" alt=\"\" width=\"1400\" height=\"1400\" title=\"\" srcset=\"https:\/\/www.kibotek.com\/wp-content\/uploads\/2026\/01\/kiboTEK_anbernic_rg_477_v_013.jpg 1400w, https:\/\/www.kibotek.com\/wp-content\/uploads\/2026\/01\/kiboTEK_anbernic_rg_477_v_013-300x300.jpg 300w, https:\/\/www.kibotek.com\/wp-content\/uploads\/2026\/01\/kiboTEK_anbernic_rg_477_v_013-800x800.jpg 800w, https:\/\/www.kibotek.com\/wp-content\/uploads\/2026\/01\/kiboTEK_anbernic_rg_477_v_013-150x150.jpg 150w, https:\/\/www.kibotek.com\/wp-content\/uploads\/2026\/01\/kiboTEK_anbernic_rg_477_v_013-768x768.jpg 768w, https:\/\/www.kibotek.com\/wp-content\/uploads\/2026\/01\/kiboTEK_anbernic_rg_477_v_013-12x12.jpg 12w, https:\/\/www.kibotek.com\/wp-content\/uploads\/2026\/01\/kiboTEK_anbernic_rg_477_v_013-430x430.jpg 430w, https:\/\/www.kibotek.com\/wp-content\/uploads\/2026\/01\/kiboTEK_anbernic_rg_477_v_013-700x700.jpg 700w, https:\/\/www.kibotek.com\/wp-content\/uploads\/2026\/01\/kiboTEK_anbernic_rg_477_v_013-50x50.jpg 50w, https:\/\/www.kibotek.com\/wp-content\/uploads\/2026\/01\/kiboTEK_anbernic_rg_477_v_013-100x100.jpg 100w, https:\/\/www.kibotek.com\/wp-content\/uploads\/2026\/01\/kiboTEK_anbernic_rg_477_v_013-32x32.jpg 32w\" sizes=\"auto, (max-width: 1400px) 100vw, 1400px\" \/> <img loading=\"lazy\" decoding=\"async\" class=\"aligncenter size-full wp-image-70353\" src=\"https:\/\/www.kibotek.com\/wp-content\/uploads\/2026\/01\/kiboTEK_anbernic_rg_477_v_014.jpg\" alt=\"\" width=\"1400\" height=\"1400\" title=\"\" srcset=\"https:\/\/www.kibotek.com\/wp-content\/uploads\/2026\/01\/kiboTEK_anbernic_rg_477_v_014.jpg 1400w, https:\/\/www.kibotek.com\/wp-content\/uploads\/2026\/01\/kiboTEK_anbernic_rg_477_v_014-300x300.jpg 300w, https:\/\/www.kibotek.com\/wp-content\/uploads\/2026\/01\/kiboTEK_anbernic_rg_477_v_014-800x800.jpg 800w, https:\/\/www.kibotek.com\/wp-content\/uploads\/2026\/01\/kiboTEK_anbernic_rg_477_v_014-150x150.jpg 150w, https:\/\/www.kibotek.com\/wp-content\/uploads\/2026\/01\/kiboTEK_anbernic_rg_477_v_014-768x768.jpg 768w, https:\/\/www.kibotek.com\/wp-content\/uploads\/2026\/01\/kiboTEK_anbernic_rg_477_v_014-12x12.jpg 12w, https:\/\/www.kibotek.com\/wp-content\/uploads\/2026\/01\/kiboTEK_anbernic_rg_477_v_014-430x430.jpg 430w, https:\/\/www.kibotek.com\/wp-content\/uploads\/2026\/01\/kiboTEK_anbernic_rg_477_v_014-700x700.jpg 700w, https:\/\/www.kibotek.com\/wp-content\/uploads\/2026\/01\/kiboTEK_anbernic_rg_477_v_014-50x50.jpg 50w, https:\/\/www.kibotek.com\/wp-content\/uploads\/2026\/01\/kiboTEK_anbernic_rg_477_v_014-100x100.jpg 100w, https:\/\/www.kibotek.com\/wp-content\/uploads\/2026\/01\/kiboTEK_anbernic_rg_477_v_014-32x32.jpg 32w\" sizes=\"auto, (max-width: 1400px) 100vw, 1400px\" \/><\/p>\n<p>&nbsp;<\/p>","protected":false},"excerpt":{"rendered":"<div class=\"woocommerce-product-details__short-description\">\n<div class=\"woocommerce-product-details__short-description\">\n<p class=\"price woobt-price-56089\"><strong><em>JETZT KAUFEN UND <\/em><\/strong><strong><em>ERHALTEN INNERHALB VON 24\/72 STUNDEN \ud83d\ude80<\/em><\/strong><\/p>\n<\/div>\n<\/div>","protected":false},"featured_media":71656,"comment_status":"open","ping_status":"closed","template":"","meta":{"iawp_total_views":1614},"product_brand":[8167],"product_cat":[7809,5514],"product_tag":[],"class_list":{"0":"post-70360","1":"product","2":"type-product","3":"status-publish","4":"has-post-thumbnail","6":"product_brand-anbernic","7":"product_cat-consolas-retro","8":"product_cat-consolas-retro-gaming-arcade-bartop-pandora-box-anbernic-powkiddy","10":"first","11":"instock","12":"taxable","13":"shipping-taxable","14":"purchasable","15":"product-type-variable"},"supplier_id":null,"supplier_sku":"","barcode":null,"atum_controlled":true,"out_stock_date":null,"out_stock_threshold":null,"inheritable":true,"inbound_stock":null,"stock_on_hold":0,"sold_today":0,"sales_last_days":2,"reserved_stock":null,"customer_returns":null,"warehouse_damage":null,"lost_in_post":null,"other_logs":null,"out_stock_days":0,"lost_sales":0,"has_location":false,"update_date":"2026-05-07T20:08:13","atum_locations":[],"atum_stock_status":"instock","restock_status":false,"low_stock_amount":"","sales_update_date":"2026-04-28T05:05:02","calc_backorders":null,"_links":{"self":[{"href":"https:\/\/www.kibotek.com\/de\/wp-json\/wp\/v2\/product\/70360","targetHints":{"allow":["GET"]}}],"collection":[{"href":"https:\/\/www.kibotek.com\/de\/wp-json\/wp\/v2\/product"}],"about":[{"href":"https:\/\/www.kibotek.com\/de\/wp-json\/wp\/v2\/types\/product"}],"replies":[{"embeddable":true,"href":"https:\/\/www.kibotek.com\/de\/wp-json\/wp\/v2\/comments?post=70360"}],"version-history":[{"count":5,"href":"https:\/\/www.kibotek.com\/de\/wp-json\/wp\/v2\/product\/70360\/revisions"}],"predecessor-version":[{"id":70384,"href":"https:\/\/www.kibotek.com\/de\/wp-json\/wp\/v2\/product\/70360\/revisions\/70384"}],"wp:featuredmedia":[{"embeddable":true,"href":"https:\/\/www.kibotek.com\/de\/wp-json\/wp\/v2\/media\/71656"}],"wp:attachment":[{"href":"https:\/\/www.kibotek.com\/de\/wp-json\/wp\/v2\/media?parent=70360"}],"wp:term":[{"taxonomy":"product_brand","embeddable":true,"href":"https:\/\/www.kibotek.com\/de\/wp-json\/wp\/v2\/product_brand?post=70360"},{"taxonomy":"product_cat","embeddable":true,"href":"https:\/\/www.kibotek.com\/de\/wp-json\/wp\/v2\/product_cat?post=70360"},{"taxonomy":"product_tag","embeddable":true,"href":"https:\/\/www.kibotek.com\/de\/wp-json\/wp\/v2\/product_tag?post=70360"}],"curies":[{"name":"wp","href":"https:\/\/api.w.org\/{rel}","templated":true}]}}