{"id":70097,"date":"2026-01-09T11:01:10","date_gmt":"2026-01-09T10:01:10","guid":{"rendered":"https:\/\/www.kibotek.com\/?post_type=product&#038;p=70097"},"modified":"2026-04-19T22:08:36","modified_gmt":"2026-04-19T20:08:36","slug":"xiaomi-smart-plug-2-wi-fi","status":"publish","type":"product","link":"https:\/\/www.kibotek.com\/de\/kibostore\/xiaomi-smart-plug-2-wi-fi\/","title":{"rendered":"Xiaomi Smart Plug 2 Wi-Fi"},"content":{"rendered":"<h3>Xiaomi Smart Plug 2-Wi-Fi kaufen<\/h3>\n<h3>Versand von Spanien nach ganz Europa innerhalb von 24\/72 Stunden<\/h3>\n<h3><strong>3 Jahre<\/strong> <strong>Europ\u00e4ische Garantie <\/strong><strong>Nur bei kiboTEK<\/strong><\/h3>\n<h3>SPEZIFIKATIONEN<\/h3>\n<ul>\n<li class=\"lazy\" data-type=\"bg\" data-id=\"f20596d876\" data-loaded=\"true\"><span class=\"xm-text f-bold\" data-key=\"spec_2\" data-type=\"text\" data-id=\"a910d7a060\">Produktmodell <\/span><span class=\"xm-text f-regular\" data-key=\"spec_3\" data-type=\"text\" data-id=\"adfafa08bc\">ZNCZ302KK<\/span><\/li>\n<li class=\"lazy\" data-type=\"bg\" data-id=\"9184ffc2bf\" data-loaded=\"true\"><span class=\"xm-text f-bold\" data-key=\"spec_4\" data-type=\"text\" data-id=\"d2f4d733e8\">Nennspezifikation <\/span><span class=\"xm-text f-regular\" data-key=\"spec_5\" data-type=\"text\" data-id=\"4fc042e61f\">3680 W max.<\/span><\/li>\n<li class=\"lazy\" data-type=\"bg\" data-id=\"00a58a2095\" data-loaded=\"true\"><span class=\"xm-text f-bold\" data-key=\"spec_6\" data-type=\"text\" data-id=\"84b6a10ff8\">Steckerabmessungen <\/span><span class=\"xm-text f-regular\" data-key=\"spec_7\" data-type=\"text\" data-id=\"1b11ffc67f\">74 x 52 x 76,6 mm<\/span><\/li>\n<li class=\"lazy\" data-type=\"bg\" data-id=\"fb93c15806\" data-loaded=\"true\"><span class=\"xm-text f-bold\" data-key=\"spec_8\" data-type=\"text\" data-id=\"fab3138b02\">Nettogewicht des Produkts <\/span><span class=\"xm-text f-regular\" data-key=\"spec_9\" data-type=\"text\" data-id=\"c69f45456e\">110 g<\/span><\/li>\n<li class=\"lazy\" data-type=\"bg\" data-id=\"53b5d57481\" data-loaded=\"true\"><span class=\"xm-text f-bold\" data-key=\"spec_10\" data-type=\"text\" data-id=\"93b8a7a41b\">Drahtlose Konnektivit\u00e4t <\/span><span class=\"xm-text f-regular\" data-key=\"spec_11\" data-type=\"text\" data-id=\"62d42b9afe\">Wi-Fi IEEE 802.11 b\/g\/n 2,4 GHz, Bluetooth 5.0<\/span><\/li>\n<li class=\"lazy\" data-type=\"bg\" data-id=\"7450718b77\" data-loaded=\"true\"><span class=\"xm-text f-bold\" data-key=\"spec_12\" data-type=\"text\" data-id=\"81936c610a\">Betriebstemperatur <\/span><span class=\"xm-text f-regular\" data-key=\"spec_13\" data-type=\"text\" data-id=\"e5b1fec800\">Von 0 \u00b0C bis 35 \u00b0C<\/span><\/li>\n<\/ul>\n<h3>Sicherheit bei Ihrem Einkauf<\/h3>\n<p>Bei kiboTEK genie\u00dfen Sie die Sicherheit und das Wohlbefinden, die Ihnen der beste Online-Shop Spaniens bietet. Dank unserer fairen R\u00fcckgabebedingungen k\u00f6nnen Sie Ihre Bestellung ganz unbesorgt zur\u00fccksenden, falls Sie mit Ihrem Kauf nicht zufrieden sein sollten.,<\/p>\n<p><strong><span style=\"font-size: 12pt;\">Sie haben 14 Tage Zeit, eine R\u00fcckerstattung zu beantragen.<\/span><\/strong><\/p>\n<p>Machen Sie sich andererseits keine Sorgen um die Garantie, denn diese erhalten Sie nur auf unserer Website.<\/p>\n<p><strong>3 Jahre europ\u00e4ische Garantie<\/strong><\/p>\n<p>Bei kiboTEK k\u00f6nnen Sie kaufen<strong> Xiaomi Smart Plug 2-Wi-F<\/strong>und mit der Garantie und Sicherheit des besten Online-Shops in Spanien und Europa.<\/p>\n<h2 data-start=\"3539\" data-end=\"3610\">Kaufen Sie es bei kiboTEK \u2013 Physischer und Online-Shop mit offizieller Garantie<\/h2>\n<p data-start=\"3612\" data-end=\"3866\">Im <strong data-start=\"3615\" data-end=\"3656\"><span class=\"hover:entity-accent entity-underline inline cursor-pointer align-baseline\"><span class=\"whitespace-normal\">kiboTEK<\/span><\/span><\/strong> d\u00fcrfen <strong data-start=\"3664\" data-end=\"3711\">Xiaomi Smart Plug 2-Wi-Fi kaufen <\/strong>\u00a0so viel <a href=\"http:\/\/www.kiboTEK.com\" target=\"_blank\" rel=\"nofollow noopener\">online\u00a0<\/a> wie in unserem <strong data-start=\"3742\" data-end=\"3789\">physische Gesch\u00e4fte in Bilbao und Vitoria-Gasteiz<\/strong>, mit <strong data-start=\"3795\" data-end=\"3833\">3 Jahre offizielle europ\u00e4ische Garantie<\/strong> und spezialisierter technischer Support.<\/p>\n<ul data-start=\"3263\" data-end=\"3417\">\n<li data-start=\"3263\" data-end=\"3291\">\n<p data-start=\"3265\" data-end=\"3291\"><a href=\"https:\/\/share.google\/6A44KmqGyzVK0dryQ\" target=\"_blank\" rel=\"nofollow noopener\">\ud83d\udccd KiboTEK Bilbao Store<\/a><\/p>\n<\/li>\n<li data-start=\"3292\" data-end=\"3329\">\n<p data-start=\"3294\" data-end=\"3329\"><a href=\"https:\/\/share.google\/j0qINcfL2JLnLzuep\" target=\"_blank\" rel=\"nofollow noopener\">\ud83d\udccd kiboTEK Vitoria-Gasteiz Store<\/a><\/p>\n<\/li>\n<li data-start=\"3330\" data-end=\"3374\">\n<p data-start=\"3332\" data-end=\"3374\">\ud83d\ude9a Schneller Versand innerhalb von 24\/48 Stunden in ganz Europa<\/p>\n<\/li>\n<li data-start=\"3375\" data-end=\"3417\">\n<p data-start=\"3377\" data-end=\"3417\">\ud83d\udee1\ufe0f Offizielle Garantie und technischer Support<\/p>\n<\/li>\n<\/ul>\n<p>Er <strong data-start=\"356\" data-end=\"385\">Xiaomi Smart Plug 2 Wi-Fi<\/strong> Es ist eines dieser kleinen Ger\u00e4te, die im Alltag einen gro\u00dfen Unterschied machen. Diskret, einfach zu bedienen und sehr leistungsstark \u2013 mit dieser intelligenten Steckdose k\u00f6nnen Sie\u2026 <strong data-start=\"546\" data-end=\"596\">Steuern Sie Ihre Haushaltsger\u00e4te von Ihrem Mobiltelefon aus<\/strong>, Wo auch immer Sie sind. Kaffeemaschine, Wohnzimmerlampe oder Ventilator? Alles mit nur einer Ber\u00fchrung steuerbar.<\/p>\n<h3 data-start=\"712\" data-end=\"761\">Machen Sie Ihr Zuhause smarter<\/h3>\n<p data-start=\"712\" data-end=\"761\">Mit diesem intelligenten Stecker m\u00fcssen Sie Ihre vorhandenen Ger\u00e4te nicht durch intelligente ersetzen. Einfach <strong data-start=\"865\" data-end=\"906\">Einfach einstecken, mit dem WLAN verbinden und schon kann es losgehen.<\/strong>. Ab diesem Zeitpunkt k\u00f6nnen Sie Ger\u00e4te ferngesteuert ein- und ausschalten, automatische Zeitpl\u00e4ne programmieren und vermeiden, Ger\u00e4te versehentlich eingeschaltet zu lassen.<\/p>\n<p data-start=\"1069\" data-end=\"1151\">Ideal f\u00fcr alle, die unkompliziert und ohne komplizierte Installationen in die Hausautomation einsteigen m\u00f6chten.<\/p>\n<h3 data-start=\"1158\" data-end=\"1192\">Volle Kontrolle vom Handy aus<\/h3>\n<p data-start=\"1194\" data-end=\"1366\">Der Xiaomi Smart Plug 2 l\u00e4sst sich bequem vom Computer aus steuern. <strong data-start=\"1250\" data-end=\"1269\">Xiaomi Home App<\/strong>, Dank einer \u00fcbersichtlichen und intuitiven Benutzeroberfl\u00e4che k\u00f6nnen Sie das System von \u00fcberall aus steuern, automatische Abl\u00e4ufe erstellen und mehrere smarte Steckdosen gleichzeitig verwalten. Alles bequem per Smartphone, ganz ohne technische Vorkenntnisse.<\/p>\n<h3 data-start=\"1552\" data-end=\"1591\">Kompatibel mit Sprachassistenten<\/h3>\n<p data-start=\"1593\" data-end=\"1842\">Dieser Stecker ist <strong data-start=\"1649\" data-end=\"1685\">kompatibel mit Sprachassistenten<\/strong>, Man k\u00f6nnte also zum Beispiel sagen: <em data-start=\"1718\" data-end=\"1738\">\u201c<\/em><strong>Schalte die Lampe aus<\/strong><em data-start=\"1718\" data-end=\"1738\">\u201d<\/em> Und das war&#039;s. Perfekt, wenn man beispielsweise beim Brotbacken alle H\u00e4nde voll zu tun hat und am besten nichts anfassen m\u00f6chte, oder wenn man einfach nur etwas mehr Komfort w\u00fcnscht.<\/p>\n<h3 data-start=\"1849\" data-end=\"1886\">Energie sparen, ohne es \u00fcberhaupt zu merken<\/h3>\n<p data-start=\"1888\" data-end=\"2130\">Eine seiner gr\u00f6\u00dften St\u00e4rken ist die <strong data-start=\"1928\" data-end=\"1962\">Kontrolle des Energieverbrauchs<\/strong>. Indem Sie Zeiten festlegen und Ger\u00e4te ausschalten, die Sie nicht ben\u00f6tigen, reduzieren Sie automatisch Ihre Stromrechnung.<br data-start=\"2073\" data-end=\"2076\" \/>Mehr Effizienz, weniger Nachl\u00e4ssigkeit... und das spiegelt sich auch im Gesetzentwurf wider.<\/p>\n<h3 data-start=\"2137\" data-end=\"2170\">Kompaktes und funktionales Design<\/h3>\n<p data-start=\"2172\" data-end=\"2378\">Der Xiaomi Smart Plug 2 Wi-Fi verf\u00fcgt \u00fcber einen <strong data-start=\"2210\" data-end=\"2243\">kompaktes und minimalistisches Design<\/strong>, Getreu dem Markenstil blockiert es keine benachbarten Steckdosen und f\u00fcgt sich perfekt in jeden Raum ein, ob zu Hause oder im B\u00fcro. Au\u00dfen kompakt, innen ger\u00e4umig.<\/p>\n<h3 data-start=\"2424\" data-end=\"2459\">Xiaomi Sicherheit und Zuverl\u00e4ssigkeit<\/h3>\n<p data-start=\"2461\" data-end=\"2689\">Xiaomi steht f\u00fcr Vertrauen. Diese smarte Steckdose wurde entwickelt mit <strong data-start=\"2537\" data-end=\"2564\">integrierte Schutzmechanismen<\/strong> F\u00fcr den sicheren und stabilen t\u00e4glichen Gebrauch. Sie k\u00f6nnen es bedenkenlos verwenden, auch bei h\u00e4ufig genutzten Ger\u00e4ten.<\/p>\n<p><img loading=\"lazy\" decoding=\"async\" class=\"aligncenter size-full wp-image-70099\" src=\"https:\/\/www.kibotek.com\/wp-content\/uploads\/2026\/01\/kiboTEK_Xiaomi_Smart_Plug_2_Wi-Fi_002.jpg\" alt=\"\" width=\"1650\" height=\"602\" title=\"\" srcset=\"https:\/\/www.kibotek.com\/wp-content\/uploads\/2026\/01\/kiboTEK_Xiaomi_Smart_Plug_2_Wi-Fi_002.jpg 1650w, https:\/\/www.kibotek.com\/wp-content\/uploads\/2026\/01\/kiboTEK_Xiaomi_Smart_Plug_2_Wi-Fi_002-400x146.jpg 400w, https:\/\/www.kibotek.com\/wp-content\/uploads\/2026\/01\/kiboTEK_Xiaomi_Smart_Plug_2_Wi-Fi_002-1300x474.jpg 1300w, https:\/\/www.kibotek.com\/wp-content\/uploads\/2026\/01\/kiboTEK_Xiaomi_Smart_Plug_2_Wi-Fi_002-768x280.jpg 768w, https:\/\/www.kibotek.com\/wp-content\/uploads\/2026\/01\/kiboTEK_Xiaomi_Smart_Plug_2_Wi-Fi_002-1536x560.jpg 1536w, https:\/\/www.kibotek.com\/wp-content\/uploads\/2026\/01\/kiboTEK_Xiaomi_Smart_Plug_2_Wi-Fi_002-18x7.jpg 18w, https:\/\/www.kibotek.com\/wp-content\/uploads\/2026\/01\/kiboTEK_Xiaomi_Smart_Plug_2_Wi-Fi_002-430x157.jpg 430w, https:\/\/www.kibotek.com\/wp-content\/uploads\/2026\/01\/kiboTEK_Xiaomi_Smart_Plug_2_Wi-Fi_002-700x255.jpg 700w, https:\/\/www.kibotek.com\/wp-content\/uploads\/2026\/01\/kiboTEK_Xiaomi_Smart_Plug_2_Wi-Fi_002-150x55.jpg 150w\" sizes=\"auto, (max-width: 1650px) 100vw, 1650px\" \/> <img loading=\"lazy\" decoding=\"async\" class=\"aligncenter size-full wp-image-70100\" src=\"https:\/\/www.kibotek.com\/wp-content\/uploads\/2026\/01\/kiboTEK_Xiaomi_Smart_Plug_2_Wi-Fi_003.jpg\" alt=\"\" width=\"1679\" height=\"685\" title=\"\" srcset=\"https:\/\/www.kibotek.com\/wp-content\/uploads\/2026\/01\/kiboTEK_Xiaomi_Smart_Plug_2_Wi-Fi_003.jpg 1679w, https:\/\/www.kibotek.com\/wp-content\/uploads\/2026\/01\/kiboTEK_Xiaomi_Smart_Plug_2_Wi-Fi_003-400x163.jpg 400w, https:\/\/www.kibotek.com\/wp-content\/uploads\/2026\/01\/kiboTEK_Xiaomi_Smart_Plug_2_Wi-Fi_003-1300x530.jpg 1300w, https:\/\/www.kibotek.com\/wp-content\/uploads\/2026\/01\/kiboTEK_Xiaomi_Smart_Plug_2_Wi-Fi_003-768x313.jpg 768w, https:\/\/www.kibotek.com\/wp-content\/uploads\/2026\/01\/kiboTEK_Xiaomi_Smart_Plug_2_Wi-Fi_003-1536x627.jpg 1536w, https:\/\/www.kibotek.com\/wp-content\/uploads\/2026\/01\/kiboTEK_Xiaomi_Smart_Plug_2_Wi-Fi_003-18x7.jpg 18w, https:\/\/www.kibotek.com\/wp-content\/uploads\/2026\/01\/kiboTEK_Xiaomi_Smart_Plug_2_Wi-Fi_003-430x175.jpg 430w, https:\/\/www.kibotek.com\/wp-content\/uploads\/2026\/01\/kiboTEK_Xiaomi_Smart_Plug_2_Wi-Fi_003-700x286.jpg 700w, https:\/\/www.kibotek.com\/wp-content\/uploads\/2026\/01\/kiboTEK_Xiaomi_Smart_Plug_2_Wi-Fi_003-150x61.jpg 150w\" sizes=\"auto, (max-width: 1679px) 100vw, 1679px\" \/> <img loading=\"lazy\" decoding=\"async\" class=\"aligncenter size-full wp-image-70101\" src=\"https:\/\/www.kibotek.com\/wp-content\/uploads\/2026\/01\/kiboTEK_Xiaomi_Smart_Plug_2_Wi-Fi_004.jpg\" alt=\"\" width=\"1668\" height=\"760\" title=\"\" srcset=\"https:\/\/www.kibotek.com\/wp-content\/uploads\/2026\/01\/kiboTEK_Xiaomi_Smart_Plug_2_Wi-Fi_004.jpg 1668w, https:\/\/www.kibotek.com\/wp-content\/uploads\/2026\/01\/kiboTEK_Xiaomi_Smart_Plug_2_Wi-Fi_004-400x182.jpg 400w, https:\/\/www.kibotek.com\/wp-content\/uploads\/2026\/01\/kiboTEK_Xiaomi_Smart_Plug_2_Wi-Fi_004-1300x592.jpg 1300w, https:\/\/www.kibotek.com\/wp-content\/uploads\/2026\/01\/kiboTEK_Xiaomi_Smart_Plug_2_Wi-Fi_004-768x350.jpg 768w, https:\/\/www.kibotek.com\/wp-content\/uploads\/2026\/01\/kiboTEK_Xiaomi_Smart_Plug_2_Wi-Fi_004-1536x700.jpg 1536w, https:\/\/www.kibotek.com\/wp-content\/uploads\/2026\/01\/kiboTEK_Xiaomi_Smart_Plug_2_Wi-Fi_004-18x8.jpg 18w, https:\/\/www.kibotek.com\/wp-content\/uploads\/2026\/01\/kiboTEK_Xiaomi_Smart_Plug_2_Wi-Fi_004-430x196.jpg 430w, https:\/\/www.kibotek.com\/wp-content\/uploads\/2026\/01\/kiboTEK_Xiaomi_Smart_Plug_2_Wi-Fi_004-700x319.jpg 700w, https:\/\/www.kibotek.com\/wp-content\/uploads\/2026\/01\/kiboTEK_Xiaomi_Smart_Plug_2_Wi-Fi_004-150x68.jpg 150w\" sizes=\"auto, (max-width: 1668px) 100vw, 1668px\" \/> <img loading=\"lazy\" decoding=\"async\" class=\"aligncenter size-full wp-image-70102\" src=\"https:\/\/www.kibotek.com\/wp-content\/uploads\/2026\/01\/kiboTEK_Xiaomi_Smart_Plug_2_Wi-Fi_005.jpg\" alt=\"\" width=\"1644\" height=\"771\" title=\"\" srcset=\"https:\/\/www.kibotek.com\/wp-content\/uploads\/2026\/01\/kiboTEK_Xiaomi_Smart_Plug_2_Wi-Fi_005.jpg 1644w, https:\/\/www.kibotek.com\/wp-content\/uploads\/2026\/01\/kiboTEK_Xiaomi_Smart_Plug_2_Wi-Fi_005-400x188.jpg 400w, https:\/\/www.kibotek.com\/wp-content\/uploads\/2026\/01\/kiboTEK_Xiaomi_Smart_Plug_2_Wi-Fi_005-1300x610.jpg 1300w, https:\/\/www.kibotek.com\/wp-content\/uploads\/2026\/01\/kiboTEK_Xiaomi_Smart_Plug_2_Wi-Fi_005-768x360.jpg 768w, https:\/\/www.kibotek.com\/wp-content\/uploads\/2026\/01\/kiboTEK_Xiaomi_Smart_Plug_2_Wi-Fi_005-1536x720.jpg 1536w, https:\/\/www.kibotek.com\/wp-content\/uploads\/2026\/01\/kiboTEK_Xiaomi_Smart_Plug_2_Wi-Fi_005-18x8.jpg 18w, https:\/\/www.kibotek.com\/wp-content\/uploads\/2026\/01\/kiboTEK_Xiaomi_Smart_Plug_2_Wi-Fi_005-430x202.jpg 430w, https:\/\/www.kibotek.com\/wp-content\/uploads\/2026\/01\/kiboTEK_Xiaomi_Smart_Plug_2_Wi-Fi_005-700x328.jpg 700w, https:\/\/www.kibotek.com\/wp-content\/uploads\/2026\/01\/kiboTEK_Xiaomi_Smart_Plug_2_Wi-Fi_005-150x70.jpg 150w\" sizes=\"auto, (max-width: 1644px) 100vw, 1644px\" \/> <img loading=\"lazy\" decoding=\"async\" class=\"aligncenter size-full wp-image-70103\" src=\"https:\/\/www.kibotek.com\/wp-content\/uploads\/2026\/01\/kiboTEK_Xiaomi_Smart_Plug_2_Wi-Fi_006.jpg\" alt=\"\" width=\"1648\" height=\"770\" title=\"\" srcset=\"https:\/\/www.kibotek.com\/wp-content\/uploads\/2026\/01\/kiboTEK_Xiaomi_Smart_Plug_2_Wi-Fi_006.jpg 1648w, https:\/\/www.kibotek.com\/wp-content\/uploads\/2026\/01\/kiboTEK_Xiaomi_Smart_Plug_2_Wi-Fi_006-400x187.jpg 400w, https:\/\/www.kibotek.com\/wp-content\/uploads\/2026\/01\/kiboTEK_Xiaomi_Smart_Plug_2_Wi-Fi_006-1300x607.jpg 1300w, https:\/\/www.kibotek.com\/wp-content\/uploads\/2026\/01\/kiboTEK_Xiaomi_Smart_Plug_2_Wi-Fi_006-768x359.jpg 768w, https:\/\/www.kibotek.com\/wp-content\/uploads\/2026\/01\/kiboTEK_Xiaomi_Smart_Plug_2_Wi-Fi_006-1536x718.jpg 1536w, https:\/\/www.kibotek.com\/wp-content\/uploads\/2026\/01\/kiboTEK_Xiaomi_Smart_Plug_2_Wi-Fi_006-18x8.jpg 18w, https:\/\/www.kibotek.com\/wp-content\/uploads\/2026\/01\/kiboTEK_Xiaomi_Smart_Plug_2_Wi-Fi_006-430x201.jpg 430w, https:\/\/www.kibotek.com\/wp-content\/uploads\/2026\/01\/kiboTEK_Xiaomi_Smart_Plug_2_Wi-Fi_006-700x327.jpg 700w, https:\/\/www.kibotek.com\/wp-content\/uploads\/2026\/01\/kiboTEK_Xiaomi_Smart_Plug_2_Wi-Fi_006-150x70.jpg 150w\" sizes=\"auto, (max-width: 1648px) 100vw, 1648px\" \/> <img loading=\"lazy\" decoding=\"async\" class=\"aligncenter size-full wp-image-70104\" src=\"https:\/\/www.kibotek.com\/wp-content\/uploads\/2026\/01\/kiboTEK_Xiaomi_Smart_Plug_2_Wi-Fi_007.jpg\" alt=\"\" width=\"1653\" height=\"758\" title=\"\" srcset=\"https:\/\/www.kibotek.com\/wp-content\/uploads\/2026\/01\/kiboTEK_Xiaomi_Smart_Plug_2_Wi-Fi_007.jpg 1653w, https:\/\/www.kibotek.com\/wp-content\/uploads\/2026\/01\/kiboTEK_Xiaomi_Smart_Plug_2_Wi-Fi_007-400x183.jpg 400w, https:\/\/www.kibotek.com\/wp-content\/uploads\/2026\/01\/kiboTEK_Xiaomi_Smart_Plug_2_Wi-Fi_007-1300x596.jpg 1300w, https:\/\/www.kibotek.com\/wp-content\/uploads\/2026\/01\/kiboTEK_Xiaomi_Smart_Plug_2_Wi-Fi_007-768x352.jpg 768w, https:\/\/www.kibotek.com\/wp-content\/uploads\/2026\/01\/kiboTEK_Xiaomi_Smart_Plug_2_Wi-Fi_007-1536x704.jpg 1536w, https:\/\/www.kibotek.com\/wp-content\/uploads\/2026\/01\/kiboTEK_Xiaomi_Smart_Plug_2_Wi-Fi_007-18x8.jpg 18w, https:\/\/www.kibotek.com\/wp-content\/uploads\/2026\/01\/kiboTEK_Xiaomi_Smart_Plug_2_Wi-Fi_007-430x197.jpg 430w, https:\/\/www.kibotek.com\/wp-content\/uploads\/2026\/01\/kiboTEK_Xiaomi_Smart_Plug_2_Wi-Fi_007-700x321.jpg 700w, https:\/\/www.kibotek.com\/wp-content\/uploads\/2026\/01\/kiboTEK_Xiaomi_Smart_Plug_2_Wi-Fi_007-150x69.jpg 150w\" sizes=\"auto, (max-width: 1653px) 100vw, 1653px\" \/> <img loading=\"lazy\" decoding=\"async\" class=\"aligncenter size-full wp-image-70105\" src=\"https:\/\/www.kibotek.com\/wp-content\/uploads\/2026\/01\/kiboTEK_Xiaomi_Smart_Plug_2_Wi-Fi_008.jpg\" alt=\"\" width=\"1629\" height=\"762\" title=\"\" srcset=\"https:\/\/www.kibotek.com\/wp-content\/uploads\/2026\/01\/kiboTEK_Xiaomi_Smart_Plug_2_Wi-Fi_008.jpg 1629w, https:\/\/www.kibotek.com\/wp-content\/uploads\/2026\/01\/kiboTEK_Xiaomi_Smart_Plug_2_Wi-Fi_008-400x187.jpg 400w, https:\/\/www.kibotek.com\/wp-content\/uploads\/2026\/01\/kiboTEK_Xiaomi_Smart_Plug_2_Wi-Fi_008-1300x608.jpg 1300w, https:\/\/www.kibotek.com\/wp-content\/uploads\/2026\/01\/kiboTEK_Xiaomi_Smart_Plug_2_Wi-Fi_008-768x359.jpg 768w, https:\/\/www.kibotek.com\/wp-content\/uploads\/2026\/01\/kiboTEK_Xiaomi_Smart_Plug_2_Wi-Fi_008-1536x718.jpg 1536w, https:\/\/www.kibotek.com\/wp-content\/uploads\/2026\/01\/kiboTEK_Xiaomi_Smart_Plug_2_Wi-Fi_008-18x8.jpg 18w, https:\/\/www.kibotek.com\/wp-content\/uploads\/2026\/01\/kiboTEK_Xiaomi_Smart_Plug_2_Wi-Fi_008-430x201.jpg 430w, https:\/\/www.kibotek.com\/wp-content\/uploads\/2026\/01\/kiboTEK_Xiaomi_Smart_Plug_2_Wi-Fi_008-700x327.jpg 700w, https:\/\/www.kibotek.com\/wp-content\/uploads\/2026\/01\/kiboTEK_Xiaomi_Smart_Plug_2_Wi-Fi_008-150x70.jpg 150w\" sizes=\"auto, (max-width: 1629px) 100vw, 1629px\" \/> <img loading=\"lazy\" decoding=\"async\" class=\"aligncenter size-full wp-image-70106\" src=\"https:\/\/www.kibotek.com\/wp-content\/uploads\/2026\/01\/kiboTEK_Xiaomi_Smart_Plug_2_Wi-Fi_009.jpg\" alt=\"\" width=\"1646\" height=\"801\" title=\"\" srcset=\"https:\/\/www.kibotek.com\/wp-content\/uploads\/2026\/01\/kiboTEK_Xiaomi_Smart_Plug_2_Wi-Fi_009.jpg 1646w, https:\/\/www.kibotek.com\/wp-content\/uploads\/2026\/01\/kiboTEK_Xiaomi_Smart_Plug_2_Wi-Fi_009-400x195.jpg 400w, https:\/\/www.kibotek.com\/wp-content\/uploads\/2026\/01\/kiboTEK_Xiaomi_Smart_Plug_2_Wi-Fi_009-1300x633.jpg 1300w, https:\/\/www.kibotek.com\/wp-content\/uploads\/2026\/01\/kiboTEK_Xiaomi_Smart_Plug_2_Wi-Fi_009-768x374.jpg 768w, https:\/\/www.kibotek.com\/wp-content\/uploads\/2026\/01\/kiboTEK_Xiaomi_Smart_Plug_2_Wi-Fi_009-1536x747.jpg 1536w, https:\/\/www.kibotek.com\/wp-content\/uploads\/2026\/01\/kiboTEK_Xiaomi_Smart_Plug_2_Wi-Fi_009-18x9.jpg 18w, https:\/\/www.kibotek.com\/wp-content\/uploads\/2026\/01\/kiboTEK_Xiaomi_Smart_Plug_2_Wi-Fi_009-430x209.jpg 430w, https:\/\/www.kibotek.com\/wp-content\/uploads\/2026\/01\/kiboTEK_Xiaomi_Smart_Plug_2_Wi-Fi_009-700x341.jpg 700w, https:\/\/www.kibotek.com\/wp-content\/uploads\/2026\/01\/kiboTEK_Xiaomi_Smart_Plug_2_Wi-Fi_009-150x73.jpg 150w\" sizes=\"auto, (max-width: 1646px) 100vw, 1646px\" \/> <img loading=\"lazy\" decoding=\"async\" class=\"aligncenter size-full wp-image-70107\" src=\"https:\/\/www.kibotek.com\/wp-content\/uploads\/2026\/01\/kiboTEK_Xiaomi_Smart_Plug_2_Wi-Fi_010.jpg\" alt=\"\" width=\"1662\" height=\"655\" title=\"\" srcset=\"https:\/\/www.kibotek.com\/wp-content\/uploads\/2026\/01\/kiboTEK_Xiaomi_Smart_Plug_2_Wi-Fi_010.jpg 1662w, https:\/\/www.kibotek.com\/wp-content\/uploads\/2026\/01\/kiboTEK_Xiaomi_Smart_Plug_2_Wi-Fi_010-400x158.jpg 400w, https:\/\/www.kibotek.com\/wp-content\/uploads\/2026\/01\/kiboTEK_Xiaomi_Smart_Plug_2_Wi-Fi_010-1300x512.jpg 1300w, https:\/\/www.kibotek.com\/wp-content\/uploads\/2026\/01\/kiboTEK_Xiaomi_Smart_Plug_2_Wi-Fi_010-768x303.jpg 768w, https:\/\/www.kibotek.com\/wp-content\/uploads\/2026\/01\/kiboTEK_Xiaomi_Smart_Plug_2_Wi-Fi_010-1536x605.jpg 1536w, https:\/\/www.kibotek.com\/wp-content\/uploads\/2026\/01\/kiboTEK_Xiaomi_Smart_Plug_2_Wi-Fi_010-18x7.jpg 18w, https:\/\/www.kibotek.com\/wp-content\/uploads\/2026\/01\/kiboTEK_Xiaomi_Smart_Plug_2_Wi-Fi_010-430x169.jpg 430w, https:\/\/www.kibotek.com\/wp-content\/uploads\/2026\/01\/kiboTEK_Xiaomi_Smart_Plug_2_Wi-Fi_010-700x276.jpg 700w, https:\/\/www.kibotek.com\/wp-content\/uploads\/2026\/01\/kiboTEK_Xiaomi_Smart_Plug_2_Wi-Fi_010-150x59.jpg 150w\" sizes=\"auto, (max-width: 1662px) 100vw, 1662px\" \/> <img loading=\"lazy\" decoding=\"async\" class=\"aligncenter size-full wp-image-70108\" src=\"https:\/\/www.kibotek.com\/wp-content\/uploads\/2026\/01\/kiboTEK_Xiaomi_Smart_Plug_2_Wi-Fi_011.jpg\" alt=\"\" width=\"1635\" height=\"743\" title=\"\" srcset=\"https:\/\/www.kibotek.com\/wp-content\/uploads\/2026\/01\/kiboTEK_Xiaomi_Smart_Plug_2_Wi-Fi_011.jpg 1635w, https:\/\/www.kibotek.com\/wp-content\/uploads\/2026\/01\/kiboTEK_Xiaomi_Smart_Plug_2_Wi-Fi_011-400x182.jpg 400w, https:\/\/www.kibotek.com\/wp-content\/uploads\/2026\/01\/kiboTEK_Xiaomi_Smart_Plug_2_Wi-Fi_011-1300x591.jpg 1300w, https:\/\/www.kibotek.com\/wp-content\/uploads\/2026\/01\/kiboTEK_Xiaomi_Smart_Plug_2_Wi-Fi_011-768x349.jpg 768w, https:\/\/www.kibotek.com\/wp-content\/uploads\/2026\/01\/kiboTEK_Xiaomi_Smart_Plug_2_Wi-Fi_011-1536x698.jpg 1536w, https:\/\/www.kibotek.com\/wp-content\/uploads\/2026\/01\/kiboTEK_Xiaomi_Smart_Plug_2_Wi-Fi_011-18x8.jpg 18w, https:\/\/www.kibotek.com\/wp-content\/uploads\/2026\/01\/kiboTEK_Xiaomi_Smart_Plug_2_Wi-Fi_011-430x195.jpg 430w, https:\/\/www.kibotek.com\/wp-content\/uploads\/2026\/01\/kiboTEK_Xiaomi_Smart_Plug_2_Wi-Fi_011-700x318.jpg 700w, https:\/\/www.kibotek.com\/wp-content\/uploads\/2026\/01\/kiboTEK_Xiaomi_Smart_Plug_2_Wi-Fi_011-150x68.jpg 150w\" sizes=\"auto, (max-width: 1635px) 100vw, 1635px\" \/> <img loading=\"lazy\" decoding=\"async\" class=\"aligncenter size-full wp-image-70109\" src=\"https:\/\/www.kibotek.com\/wp-content\/uploads\/2026\/01\/kiboTEK_Xiaomi_Smart_Plug_2_Wi-Fi_012.jpg\" alt=\"\" width=\"1670\" height=\"732\" title=\"\" srcset=\"https:\/\/www.kibotek.com\/wp-content\/uploads\/2026\/01\/kiboTEK_Xiaomi_Smart_Plug_2_Wi-Fi_012.jpg 1670w, https:\/\/www.kibotek.com\/wp-content\/uploads\/2026\/01\/kiboTEK_Xiaomi_Smart_Plug_2_Wi-Fi_012-400x175.jpg 400w, https:\/\/www.kibotek.com\/wp-content\/uploads\/2026\/01\/kiboTEK_Xiaomi_Smart_Plug_2_Wi-Fi_012-1300x570.jpg 1300w, https:\/\/www.kibotek.com\/wp-content\/uploads\/2026\/01\/kiboTEK_Xiaomi_Smart_Plug_2_Wi-Fi_012-768x337.jpg 768w, https:\/\/www.kibotek.com\/wp-content\/uploads\/2026\/01\/kiboTEK_Xiaomi_Smart_Plug_2_Wi-Fi_012-1536x673.jpg 1536w, https:\/\/www.kibotek.com\/wp-content\/uploads\/2026\/01\/kiboTEK_Xiaomi_Smart_Plug_2_Wi-Fi_012-18x8.jpg 18w, https:\/\/www.kibotek.com\/wp-content\/uploads\/2026\/01\/kiboTEK_Xiaomi_Smart_Plug_2_Wi-Fi_012-430x188.jpg 430w, https:\/\/www.kibotek.com\/wp-content\/uploads\/2026\/01\/kiboTEK_Xiaomi_Smart_Plug_2_Wi-Fi_012-700x307.jpg 700w, https:\/\/www.kibotek.com\/wp-content\/uploads\/2026\/01\/kiboTEK_Xiaomi_Smart_Plug_2_Wi-Fi_012-150x66.jpg 150w\" sizes=\"auto, (max-width: 1670px) 100vw, 1670px\" \/> <img loading=\"lazy\" decoding=\"async\" class=\"aligncenter size-full wp-image-70110\" src=\"https:\/\/www.kibotek.com\/wp-content\/uploads\/2026\/01\/kiboTEK_Xiaomi_Smart_Plug_2_Wi-Fi_013.jpg\" alt=\"\" width=\"1641\" height=\"760\" title=\"\" srcset=\"https:\/\/www.kibotek.com\/wp-content\/uploads\/2026\/01\/kiboTEK_Xiaomi_Smart_Plug_2_Wi-Fi_013.jpg 1641w, https:\/\/www.kibotek.com\/wp-content\/uploads\/2026\/01\/kiboTEK_Xiaomi_Smart_Plug_2_Wi-Fi_013-400x185.jpg 400w, https:\/\/www.kibotek.com\/wp-content\/uploads\/2026\/01\/kiboTEK_Xiaomi_Smart_Plug_2_Wi-Fi_013-1300x602.jpg 1300w, https:\/\/www.kibotek.com\/wp-content\/uploads\/2026\/01\/kiboTEK_Xiaomi_Smart_Plug_2_Wi-Fi_013-768x356.jpg 768w, https:\/\/www.kibotek.com\/wp-content\/uploads\/2026\/01\/kiboTEK_Xiaomi_Smart_Plug_2_Wi-Fi_013-1536x711.jpg 1536w, https:\/\/www.kibotek.com\/wp-content\/uploads\/2026\/01\/kiboTEK_Xiaomi_Smart_Plug_2_Wi-Fi_013-18x8.jpg 18w, https:\/\/www.kibotek.com\/wp-content\/uploads\/2026\/01\/kiboTEK_Xiaomi_Smart_Plug_2_Wi-Fi_013-430x199.jpg 430w, https:\/\/www.kibotek.com\/wp-content\/uploads\/2026\/01\/kiboTEK_Xiaomi_Smart_Plug_2_Wi-Fi_013-700x324.jpg 700w, https:\/\/www.kibotek.com\/wp-content\/uploads\/2026\/01\/kiboTEK_Xiaomi_Smart_Plug_2_Wi-Fi_013-150x69.jpg 150w\" sizes=\"auto, (max-width: 1641px) 100vw, 1641px\" \/><\/p>","protected":false},"excerpt":{"rendered":"<p class=\"price woobt-price-56089\"><strong><em>JETZT KAUFEN UND <\/em><\/strong><strong><em>ERHALTEN INNERHALB VON 24\/72 STUNDEN \ud83d\ude80<\/em><\/strong><\/p>","protected":false},"featured_media":70098,"comment_status":"open","ping_status":"closed","template":"","meta":{"iawp_total_views":39},"product_brand":[8155],"product_cat":[5515,5521,79],"product_tag":[],"class_list":{"0":"post-70097","1":"product","2":"type-product","3":"status-publish","4":"has-post-thumbnail","6":"product_brand-comprar-lo-mejor-de-xiaomi","7":"product_cat-smartwatch-pulseras-tv-auriculares-smarthome-salud-relojes-para-ninos","8":"product_cat-comprar-smarthome-scooters-camaras","9":"product_cat-comprar-los-mejores-moviles","11":"first","12":"instock","13":"taxable","14":"shipping-taxable","15":"purchasable","16":"product-type-simple"},"supplier_id":null,"supplier_sku":"","barcode":null,"atum_controlled":true,"out_stock_date":null,"out_stock_threshold":null,"inheritable":false,"inbound_stock":null,"stock_on_hold":0,"sold_today":0,"sales_last_days":0,"reserved_stock":null,"customer_returns":null,"warehouse_damage":null,"lost_in_post":null,"other_logs":null,"out_stock_days":0,"lost_sales":0,"has_location":false,"update_date":"2026-04-20T05:02:49","atum_locations":[],"atum_stock_status":"instock","restock_status":false,"low_stock_amount":"","sales_update_date":"2026-04-20T05:02:49","calc_backorders":null,"_links":{"self":[{"href":"https:\/\/www.kibotek.com\/de\/wp-json\/wp\/v2\/product\/70097","targetHints":{"allow":["GET"]}}],"collection":[{"href":"https:\/\/www.kibotek.com\/de\/wp-json\/wp\/v2\/product"}],"about":[{"href":"https:\/\/www.kibotek.com\/de\/wp-json\/wp\/v2\/types\/product"}],"replies":[{"embeddable":true,"href":"https:\/\/www.kibotek.com\/de\/wp-json\/wp\/v2\/comments?post=70097"}],"version-history":[{"count":2,"href":"https:\/\/www.kibotek.com\/de\/wp-json\/wp\/v2\/product\/70097\/revisions"}],"predecessor-version":[{"id":71747,"href":"https:\/\/www.kibotek.com\/de\/wp-json\/wp\/v2\/product\/70097\/revisions\/71747"}],"wp:featuredmedia":[{"embeddable":true,"href":"https:\/\/www.kibotek.com\/de\/wp-json\/wp\/v2\/media\/70098"}],"wp:attachment":[{"href":"https:\/\/www.kibotek.com\/de\/wp-json\/wp\/v2\/media?parent=70097"}],"wp:term":[{"taxonomy":"product_brand","embeddable":true,"href":"https:\/\/www.kibotek.com\/de\/wp-json\/wp\/v2\/product_brand?post=70097"},{"taxonomy":"product_cat","embeddable":true,"href":"https:\/\/www.kibotek.com\/de\/wp-json\/wp\/v2\/product_cat?post=70097"},{"taxonomy":"product_tag","embeddable":true,"href":"https:\/\/www.kibotek.com\/de\/wp-json\/wp\/v2\/product_tag?post=70097"}],"curies":[{"name":"wp","href":"https:\/\/api.w.org\/{rel}","templated":true}]}}