{"id":62834,"date":"2025-07-31T19:17:09","date_gmt":"2025-07-31T17:17:09","guid":{"rendered":"https:\/\/www.kibotek.com\/?post_type=product&#038;p=62834"},"modified":"2026-05-09T22:22:50","modified_gmt":"2026-05-09T20:22:50","slug":"anbernic-rg-477m-12gb-256gb-tragbare-retro-konsole-android-14","status":"publish","type":"product","link":"https:\/\/www.kibotek.com\/de\/kibostore\/anbernic-rg-477m-12gb-256gb-consola-retro-portable-android-14\/","title":{"rendered":"Anbernic RG 477M 12GB\/256GB Tragbare Retro-Konsole Android 14"},"content":{"rendered":"<h3>Anbernic RG 477M DE 12GB\/256GB Tragbare Retro-Konsole kaufen<\/h3>\n<h3>Versand von Spanien nach Europa in 24\/72 Stunden<\/h3>\n<h3><strong>3 Jahre<\/strong> <strong>Europ\u00e4ische Garantie <\/strong><strong>Nur bei kiboTEK <\/strong><\/h3>\n<h3>Spezifikationen<\/h3>\n<ul>\n<li><span style=\"color: #ff0000;\"><strong>KOSTENLOSE SD-KARTE 256GB<\/strong><\/span><\/li>\n<li>4,7-Zoll-LTPS-In-Cell-OCA-Display<\/li>\n<li>Aufl\u00f6sung von 1280 x 960 Pixeln<\/li>\n<li>Bildwiederholfrequenz 120 Hz<\/li>\n<li>Android 14-Betriebssystem<\/li>\n<li><strong>Emulatoren: PlayStation 2, PSP, PlayStation 1, Arcade, Wii, PS Vita, Neo Geo, MAME, Sega Genesis, \u2026<\/strong><\/li>\n<li>Dimensity 8300 Prozessor <span class=\"Y2IQFc\" lang=\"es\">(4-nm-EUV-Prozess 5G-SOC-Chip)<\/span><\/li>\n<li><span class=\"Y2IQFc\" lang=\"es\">Mali-G615 MC6 GPU<\/span><\/li>\n<li>Steuerung mit den Tasten L1 \/ L2 und R1 \/ R2<\/li>\n<li><strong>RAM 12GB LPDDR4<\/strong><\/li>\n<li><strong><span class=\"Y2IQFc\" lang=\"es\">256GB UFS 2.2-Speicher<\/span><\/strong><\/li>\n<li><strong>HDMI-Ausgang<\/strong><\/li>\n<li><span class=\"Y2IQFc\" lang=\"es\">IA ANBERNIC<\/span><\/li>\n<li>WLAN 6E 802.11a\/b\/g\/n\/ac, Bluetooth 5.3<\/li>\n<li>USB-Anschluss Typ C, OTG-USB und 3,5-mm-Audioanschluss<\/li>\n<li>5300-mAh-Akku f\u00fcr bis zu 7 Stunden Nutzung<\/li>\n<li>5 V\/9 A, 27 W<\/li>\n<li>Gewicht 379gr<\/li>\n<li>Abmessungen 15,4 x 9 x 2,6 cm<\/li>\n<li>Farbe Schokoladenbronze und silberne Klinge<\/li>\n<\/ul>\n<p><iframe loading=\"lazy\" title=\"ANBERNIC RG 477M Offizielles Promo-Video\" width=\"500\" height=\"281\" src=\"https:\/\/www.youtube.com\/embed\/XGt2jry0Emw?start=3&#038;feature=oembed\" frameborder=\"0\" allow=\"accelerometer; autoplay; clipboard-write; encrypted-media; gyroscope; picture-in-picture; web-share\" referrerpolicy=\"strict-origin-when-cross-origin\" allowfullscreen><\/iframe><\/p>\n<p><iframe loading=\"lazy\" title=\"ANBERNIC RG 477M \u2013 Erster Blick!\" width=\"500\" height=\"281\" src=\"https:\/\/www.youtube.com\/embed\/-RBArKfpkZE?start=7&#038;feature=oembed\" frameborder=\"0\" allow=\"accelerometer; autoplay; clipboard-write; encrypted-media; gyroscope; picture-in-picture; web-share\" referrerpolicy=\"strict-origin-when-cross-origin\" allowfullscreen><\/iframe><\/p>\n<h3>4,7-Zoll-Bildschirm<\/h3>\n<p>Diese neue Konsole von Anbernic, die RG 477M, wird uns mit einem Bildschirm von <strong>4,7 Zoll mit einer Aufl\u00f6sung von 1280 x 960 Pixeln<\/strong> und eine Bildwiederholfrequenz von 120 Hz, sodass Sie alle Ihre Spiele absolut fl\u00fcssig und mit sehr pr\u00e4ziser Steuerung auf dem Touchscreen genie\u00dfen k\u00f6nnen.<\/p>\n<h3>Erstaunlicher Mediatek-Prozessor<\/h3>\n<p>Es pr\u00e4sentiert uns einen Mediatek <strong>Dimension 8300<\/strong> ein leistungsstarker Prozessor, den wir in unserem finden k\u00f6nnen <a href=\"https:\/\/www.kibotek.com\/de\/kibostore\/anbernic-rg-557-12gb-256gb-tragbare-retro-konsole-android-14\/\">RG 557<\/a> Sie bieten uns eine beeindruckende Leistung und Energieeffizienz.<\/p>\n<p>Angetrieben von einem MediaTek Dimesity 8300-Prozessor kann dieser Anbernic RG 477 problemlos mit einer Vielzahl von 8-Bit-, 16-Bit- und 32-Bit-Retro-Plattformen umgehen. <strong>Es verf\u00fcgt \u00fcber den gleichen Prozessor wie aktuelle leistungsstarke Telefone wie das <a href=\"https:\/\/www.kibotek.com\/de\/kibostore\/xiaomi-14t-12-gb-256-gb\/\">Xiaomi 14T<\/a> oder das Poco X6 Pro.<\/strong><\/p>\n<p>Es wird in zwei Versionen erh\u00e4ltlich sein: <strong>8 GB RAM + 128 GB<\/strong> Lagerung oder <strong>12 GB RAM + 256 GB<\/strong> Lagerung, damit wir alle Ihre Anforderungen erf\u00fcllen k\u00f6nnen.<\/p>\n<h3 class=\"western\">Android 14-Bootsystem<\/h3>\n<p>Dank seines Android-Betriebssystems bietet uns dieses RG477M die M\u00f6glichkeit, alle Einrichtungen und<strong> Android Apps<\/strong> und andererseits direkt von den ROMs spielen, die Sie auf Ihrer SD-Karte installiert haben. Die RG 477M-Konsole verf\u00fcgt \u00fcber ein Android, das es Ihnen erm\u00f6glicht <strong>Greifen Sie auf den Play Store zu und laden Sie die Spiele herunter, die Ihnen am besten gefallen.<\/strong><\/p>\n<h3><strong>KI<\/strong><\/h3>\n<p>Eines der neuen Features, die die neuen Konsolengenerationen in Anbernic kennzeichnen, ist die Integration einer eigenen KI.<span class=\"Y2IQFc\" lang=\"es\">Unterst\u00fctzt Spielerkennung mit einem Klick, Strategievorschl\u00e4ge, Echtzeit\u00fcbersetzung, intelligente Dialoge, Text-zu-Bild-Konvertierung, Bildverarbeitung und vieles mehr.<\/span><\/p>\n<h3 class=\"western\">Kompatibel mit den wichtigsten Emulatoren<\/h3>\n<p>Mit dieser neuen Anbernic RG477M Retro-Konsole sind Sie mit mehreren Emulatoren kompatibel, wie z. B.<strong> Neo Geo, Sega Genesis, Sega Saturn, MAME, FBA, PlayStation 1, PlayStation 2, Dreamcast oder PSP<\/strong> unter anderem und die Kompatibilit\u00e4t von <b>Wii U und PS Vita<\/b>. Android-Spiele (Genshin Impact, Honor of Kings usw.)<\/p>\n<p>Wir finden einen doppelten Analogstick, ein Steuerkreuz, vier Hauptaktionstasten und zwei weitere, die wahrscheinlich f\u00fcr Funktionen wie Start und Auswahl verwendet werden, sodass Sie damit die Spiele genie\u00dfen k\u00f6nnen, die Ihnen am meisten Spa\u00df machen, seien es Kampfspiele, bei denen Sie sich wie ein Champion f\u00fchlen, oder sogar Schie\u00dfspiele, bei denen Sie Ihre Zielgenauigkeit verbessern und Ihren Freunden Ihre besten Ergebnisse zeigen k\u00f6nnen.<\/p>\n<h3 class=\"western\">WLAN, 6 integrierte<\/h3>\n<p>In Bezug auf die Konnektivit\u00e4t haben wir <strong>W-lan <\/strong><strong>6 <\/strong>wodurch die Verbindungsgeschwindigkeit in diesem neuen Anbernic RG477M erheblich verbessert wird. Andererseits haben wir auch <strong>Bluetooth 5.3<\/strong><strong> um unser Gamepad anschlie\u00dfen zu k\u00f6nnen<\/strong> zum Ger\u00e4t.<\/p>\n<h3 class=\"western\">Ausreichender 5.300 mAh Akku<\/h3>\n<p>Es bringt uns eine 5.300 Milliampere Batterie, die <strong>entspricht bis zu 7 Stunden Spielspa\u00df <\/strong><strong>unerm\u00fcdlich, aber immer <\/strong><strong>laut Hersteller. <\/strong>\u00a0Dieser Akku kann \u00fcber den Typ-C-Anschluss aufgeladen werden und ist mit 27-W-Schnellladen kompatibel.<\/p>\n<p>Es bietet uns ein aktives K\u00fchlsystem mit Hochleistungsl\u00fcfter und Heatpipe, das das Ger\u00e4t stabil h\u00e4lt.<\/p>\n<p>Es verf\u00fcgt \u00fcber einen Weitwinkel-3D-Hall-Joystick, der selbst die subtilsten Bewegungen pr\u00e4zise erkennt und so eine reibungslose und pr\u00e4zise Steuerung erm\u00f6glicht.<\/p>\n<p>Anbernic bringt uns in diesem neuen RG 477 ein Aluminium-Chassis und in zwei Farben zur Auswahl, zum einen die Farbe <strong>Bronzene Schokolade und die silberne Klinge.<\/strong><\/p>\n<p>Bei kiboTEK k\u00f6nnen Sie die tragbare Retro-Konsole Anbernic RG 477M Android 14\/Linux mit der Garantie und Sicherheit des besten Online-Shops in Spanien und Europa kaufen.<\/p>\n<p>Bei kiboTEK versenden wir die Anbernic RG 477M Retro Portable Console Android 14 an <strong>Spanien, Portugal, <span lang=\"en\">\u00d6sterreich, Belgien, Bulgarien, Kroatien, Zypern, Tschechische Republik, D\u00e4nemark, Estland, Finnland, Frankreich, Deutschland, Griechenland, Ungarn, Irland, Italien, Lettland, Litauen, Luxemburg, Malta, Niederlande, Polen, Portugal, Monaco, Slowakei, Slowenien , Spanien, Rum\u00e4nien, Gro\u00dfbritannien, T\u00fcrkei, Schweden, Schweiz, Brasilien, Kolumbien und Mexiko<\/span><\/strong>. \u00dcberpr\u00fcfen und berechnen Sie die Versandkosten im Warenkorb, indem Sie Ihre Adresse eingeben.<\/p>\n<p><strong>Kostenlose Ausgaben f\u00fcr Spanien und Portugal (nur Halbinsel) ab 100 \u20ac<\/strong>.<\/p>\n<p><img loading=\"lazy\" decoding=\"async\" class=\"aligncenter size-full wp-image-63246\" src=\"https:\/\/www.kibotek.com\/wp-content\/uploads\/2025\/07\/kiboTEK_anbernic_rg447_new_001.jpg\" alt=\"\" width=\"1200\" height=\"1200\" title=\"\" srcset=\"https:\/\/www.kibotek.com\/wp-content\/uploads\/2025\/07\/kiboTEK_anbernic_rg447_new_001.jpg 1200w, https:\/\/www.kibotek.com\/wp-content\/uploads\/2025\/07\/kiboTEK_anbernic_rg447_new_001-430x430.jpg 430w, https:\/\/www.kibotek.com\/wp-content\/uploads\/2025\/07\/kiboTEK_anbernic_rg447_new_001-150x150.jpg 150w, https:\/\/www.kibotek.com\/wp-content\/uploads\/2025\/07\/kiboTEK_anbernic_rg447_new_001-700x700.jpg 700w, https:\/\/www.kibotek.com\/wp-content\/uploads\/2025\/07\/kiboTEK_anbernic_rg447_new_001-300x300.jpg 300w, https:\/\/www.kibotek.com\/wp-content\/uploads\/2025\/07\/kiboTEK_anbernic_rg447_new_001-800x800.jpg 800w, https:\/\/www.kibotek.com\/wp-content\/uploads\/2025\/07\/kiboTEK_anbernic_rg447_new_001-768x768.jpg 768w, https:\/\/www.kibotek.com\/wp-content\/uploads\/2025\/07\/kiboTEK_anbernic_rg447_new_001-12x12.jpg 12w, https:\/\/www.kibotek.com\/wp-content\/uploads\/2025\/07\/kiboTEK_anbernic_rg447_new_001-50x50.jpg 50w, https:\/\/www.kibotek.com\/wp-content\/uploads\/2025\/07\/kiboTEK_anbernic_rg447_new_001-100x100.jpg 100w, https:\/\/www.kibotek.com\/wp-content\/uploads\/2025\/07\/kiboTEK_anbernic_rg447_new_001-32x32.jpg 32w\" sizes=\"auto, (max-width: 1200px) 100vw, 1200px\" \/> <img loading=\"lazy\" decoding=\"async\" class=\"aligncenter size-full wp-image-63245\" src=\"https:\/\/www.kibotek.com\/wp-content\/uploads\/2025\/07\/kiboTEK_anbernic_rg447_new_002.jpg\" alt=\"\" width=\"1400\" height=\"1400\" title=\"\" srcset=\"https:\/\/www.kibotek.com\/wp-content\/uploads\/2025\/07\/kiboTEK_anbernic_rg447_new_002.jpg 1400w, https:\/\/www.kibotek.com\/wp-content\/uploads\/2025\/07\/kiboTEK_anbernic_rg447_new_002-430x430.jpg 430w, https:\/\/www.kibotek.com\/wp-content\/uploads\/2025\/07\/kiboTEK_anbernic_rg447_new_002-150x150.jpg 150w, https:\/\/www.kibotek.com\/wp-content\/uploads\/2025\/07\/kiboTEK_anbernic_rg447_new_002-700x700.jpg 700w, https:\/\/www.kibotek.com\/wp-content\/uploads\/2025\/07\/kiboTEK_anbernic_rg447_new_002-300x300.jpg 300w, https:\/\/www.kibotek.com\/wp-content\/uploads\/2025\/07\/kiboTEK_anbernic_rg447_new_002-800x800.jpg 800w, https:\/\/www.kibotek.com\/wp-content\/uploads\/2025\/07\/kiboTEK_anbernic_rg447_new_002-768x768.jpg 768w, https:\/\/www.kibotek.com\/wp-content\/uploads\/2025\/07\/kiboTEK_anbernic_rg447_new_002-12x12.jpg 12w, https:\/\/www.kibotek.com\/wp-content\/uploads\/2025\/07\/kiboTEK_anbernic_rg447_new_002-50x50.jpg 50w, https:\/\/www.kibotek.com\/wp-content\/uploads\/2025\/07\/kiboTEK_anbernic_rg447_new_002-100x100.jpg 100w, https:\/\/www.kibotek.com\/wp-content\/uploads\/2025\/07\/kiboTEK_anbernic_rg447_new_002-32x32.jpg 32w\" sizes=\"auto, (max-width: 1400px) 100vw, 1400px\" \/> <img loading=\"lazy\" decoding=\"async\" class=\"aligncenter size-full wp-image-63244\" src=\"https:\/\/www.kibotek.com\/wp-content\/uploads\/2025\/07\/kiboTEK_anbernic_rg447_new_003.jpg\" alt=\"\" width=\"1400\" height=\"1400\" title=\"\" srcset=\"https:\/\/www.kibotek.com\/wp-content\/uploads\/2025\/07\/kiboTEK_anbernic_rg447_new_003.jpg 1400w, https:\/\/www.kibotek.com\/wp-content\/uploads\/2025\/07\/kiboTEK_anbernic_rg447_new_003-430x430.jpg 430w, https:\/\/www.kibotek.com\/wp-content\/uploads\/2025\/07\/kiboTEK_anbernic_rg447_new_003-150x150.jpg 150w, https:\/\/www.kibotek.com\/wp-content\/uploads\/2025\/07\/kiboTEK_anbernic_rg447_new_003-700x700.jpg 700w, https:\/\/www.kibotek.com\/wp-content\/uploads\/2025\/07\/kiboTEK_anbernic_rg447_new_003-300x300.jpg 300w, https:\/\/www.kibotek.com\/wp-content\/uploads\/2025\/07\/kiboTEK_anbernic_rg447_new_003-800x800.jpg 800w, https:\/\/www.kibotek.com\/wp-content\/uploads\/2025\/07\/kiboTEK_anbernic_rg447_new_003-768x768.jpg 768w, https:\/\/www.kibotek.com\/wp-content\/uploads\/2025\/07\/kiboTEK_anbernic_rg447_new_003-12x12.jpg 12w, https:\/\/www.kibotek.com\/wp-content\/uploads\/2025\/07\/kiboTEK_anbernic_rg447_new_003-50x50.jpg 50w, https:\/\/www.kibotek.com\/wp-content\/uploads\/2025\/07\/kiboTEK_anbernic_rg447_new_003-100x100.jpg 100w, https:\/\/www.kibotek.com\/wp-content\/uploads\/2025\/07\/kiboTEK_anbernic_rg447_new_003-32x32.jpg 32w\" sizes=\"auto, (max-width: 1400px) 100vw, 1400px\" \/> <img loading=\"lazy\" decoding=\"async\" class=\"aligncenter size-full wp-image-63243\" src=\"https:\/\/www.kibotek.com\/wp-content\/uploads\/2025\/07\/kiboTEK_anbernic_rg447_new_004.jpg\" alt=\"\" width=\"1400\" height=\"1400\" title=\"\" srcset=\"https:\/\/www.kibotek.com\/wp-content\/uploads\/2025\/07\/kiboTEK_anbernic_rg447_new_004.jpg 1400w, https:\/\/www.kibotek.com\/wp-content\/uploads\/2025\/07\/kiboTEK_anbernic_rg447_new_004-430x430.jpg 430w, https:\/\/www.kibotek.com\/wp-content\/uploads\/2025\/07\/kiboTEK_anbernic_rg447_new_004-150x150.jpg 150w, https:\/\/www.kibotek.com\/wp-content\/uploads\/2025\/07\/kiboTEK_anbernic_rg447_new_004-700x700.jpg 700w, https:\/\/www.kibotek.com\/wp-content\/uploads\/2025\/07\/kiboTEK_anbernic_rg447_new_004-300x300.jpg 300w, https:\/\/www.kibotek.com\/wp-content\/uploads\/2025\/07\/kiboTEK_anbernic_rg447_new_004-800x800.jpg 800w, https:\/\/www.kibotek.com\/wp-content\/uploads\/2025\/07\/kiboTEK_anbernic_rg447_new_004-768x768.jpg 768w, https:\/\/www.kibotek.com\/wp-content\/uploads\/2025\/07\/kiboTEK_anbernic_rg447_new_004-12x12.jpg 12w, https:\/\/www.kibotek.com\/wp-content\/uploads\/2025\/07\/kiboTEK_anbernic_rg447_new_004-50x50.jpg 50w, https:\/\/www.kibotek.com\/wp-content\/uploads\/2025\/07\/kiboTEK_anbernic_rg447_new_004-100x100.jpg 100w, https:\/\/www.kibotek.com\/wp-content\/uploads\/2025\/07\/kiboTEK_anbernic_rg447_new_004-32x32.jpg 32w\" sizes=\"auto, (max-width: 1400px) 100vw, 1400px\" \/> <img loading=\"lazy\" decoding=\"async\" class=\"aligncenter size-full wp-image-63242\" src=\"https:\/\/www.kibotek.com\/wp-content\/uploads\/2025\/07\/kiboTEK_anbernic_rg447_new_005.jpg\" alt=\"\" width=\"1400\" height=\"1400\" title=\"\" srcset=\"https:\/\/www.kibotek.com\/wp-content\/uploads\/2025\/07\/kiboTEK_anbernic_rg447_new_005.jpg 1400w, https:\/\/www.kibotek.com\/wp-content\/uploads\/2025\/07\/kiboTEK_anbernic_rg447_new_005-430x430.jpg 430w, https:\/\/www.kibotek.com\/wp-content\/uploads\/2025\/07\/kiboTEK_anbernic_rg447_new_005-150x150.jpg 150w, https:\/\/www.kibotek.com\/wp-content\/uploads\/2025\/07\/kiboTEK_anbernic_rg447_new_005-700x700.jpg 700w, https:\/\/www.kibotek.com\/wp-content\/uploads\/2025\/07\/kiboTEK_anbernic_rg447_new_005-300x300.jpg 300w, https:\/\/www.kibotek.com\/wp-content\/uploads\/2025\/07\/kiboTEK_anbernic_rg447_new_005-800x800.jpg 800w, https:\/\/www.kibotek.com\/wp-content\/uploads\/2025\/07\/kiboTEK_anbernic_rg447_new_005-768x768.jpg 768w, https:\/\/www.kibotek.com\/wp-content\/uploads\/2025\/07\/kiboTEK_anbernic_rg447_new_005-12x12.jpg 12w, https:\/\/www.kibotek.com\/wp-content\/uploads\/2025\/07\/kiboTEK_anbernic_rg447_new_005-50x50.jpg 50w, https:\/\/www.kibotek.com\/wp-content\/uploads\/2025\/07\/kiboTEK_anbernic_rg447_new_005-100x100.jpg 100w, https:\/\/www.kibotek.com\/wp-content\/uploads\/2025\/07\/kiboTEK_anbernic_rg447_new_005-32x32.jpg 32w\" sizes=\"auto, (max-width: 1400px) 100vw, 1400px\" \/> <img loading=\"lazy\" decoding=\"async\" class=\"aligncenter size-full wp-image-63241\" src=\"https:\/\/www.kibotek.com\/wp-content\/uploads\/2025\/07\/kiboTEK_anbernic_rg447_new_006.jpg\" alt=\"\" width=\"1400\" height=\"1400\" title=\"\" srcset=\"https:\/\/www.kibotek.com\/wp-content\/uploads\/2025\/07\/kiboTEK_anbernic_rg447_new_006.jpg 1400w, https:\/\/www.kibotek.com\/wp-content\/uploads\/2025\/07\/kiboTEK_anbernic_rg447_new_006-430x430.jpg 430w, https:\/\/www.kibotek.com\/wp-content\/uploads\/2025\/07\/kiboTEK_anbernic_rg447_new_006-150x150.jpg 150w, https:\/\/www.kibotek.com\/wp-content\/uploads\/2025\/07\/kiboTEK_anbernic_rg447_new_006-700x700.jpg 700w, https:\/\/www.kibotek.com\/wp-content\/uploads\/2025\/07\/kiboTEK_anbernic_rg447_new_006-300x300.jpg 300w, https:\/\/www.kibotek.com\/wp-content\/uploads\/2025\/07\/kiboTEK_anbernic_rg447_new_006-800x800.jpg 800w, https:\/\/www.kibotek.com\/wp-content\/uploads\/2025\/07\/kiboTEK_anbernic_rg447_new_006-768x768.jpg 768w, https:\/\/www.kibotek.com\/wp-content\/uploads\/2025\/07\/kiboTEK_anbernic_rg447_new_006-12x12.jpg 12w, https:\/\/www.kibotek.com\/wp-content\/uploads\/2025\/07\/kiboTEK_anbernic_rg447_new_006-50x50.jpg 50w, https:\/\/www.kibotek.com\/wp-content\/uploads\/2025\/07\/kiboTEK_anbernic_rg447_new_006-100x100.jpg 100w, https:\/\/www.kibotek.com\/wp-content\/uploads\/2025\/07\/kiboTEK_anbernic_rg447_new_006-32x32.jpg 32w\" sizes=\"auto, (max-width: 1400px) 100vw, 1400px\" \/> <img loading=\"lazy\" decoding=\"async\" class=\"aligncenter size-full wp-image-63240\" src=\"https:\/\/www.kibotek.com\/wp-content\/uploads\/2025\/07\/kiboTEK_anbernic_rg447_new_007.jpg\" alt=\"\" width=\"1400\" height=\"1400\" title=\"\" srcset=\"https:\/\/www.kibotek.com\/wp-content\/uploads\/2025\/07\/kiboTEK_anbernic_rg447_new_007.jpg 1400w, https:\/\/www.kibotek.com\/wp-content\/uploads\/2025\/07\/kiboTEK_anbernic_rg447_new_007-430x430.jpg 430w, https:\/\/www.kibotek.com\/wp-content\/uploads\/2025\/07\/kiboTEK_anbernic_rg447_new_007-150x150.jpg 150w, https:\/\/www.kibotek.com\/wp-content\/uploads\/2025\/07\/kiboTEK_anbernic_rg447_new_007-700x700.jpg 700w, https:\/\/www.kibotek.com\/wp-content\/uploads\/2025\/07\/kiboTEK_anbernic_rg447_new_007-300x300.jpg 300w, https:\/\/www.kibotek.com\/wp-content\/uploads\/2025\/07\/kiboTEK_anbernic_rg447_new_007-800x800.jpg 800w, https:\/\/www.kibotek.com\/wp-content\/uploads\/2025\/07\/kiboTEK_anbernic_rg447_new_007-768x768.jpg 768w, https:\/\/www.kibotek.com\/wp-content\/uploads\/2025\/07\/kiboTEK_anbernic_rg447_new_007-12x12.jpg 12w, https:\/\/www.kibotek.com\/wp-content\/uploads\/2025\/07\/kiboTEK_anbernic_rg447_new_007-50x50.jpg 50w, https:\/\/www.kibotek.com\/wp-content\/uploads\/2025\/07\/kiboTEK_anbernic_rg447_new_007-100x100.jpg 100w, https:\/\/www.kibotek.com\/wp-content\/uploads\/2025\/07\/kiboTEK_anbernic_rg447_new_007-32x32.jpg 32w\" sizes=\"auto, (max-width: 1400px) 100vw, 1400px\" \/> <img loading=\"lazy\" decoding=\"async\" class=\"aligncenter size-full wp-image-63239\" src=\"https:\/\/www.kibotek.com\/wp-content\/uploads\/2025\/07\/kiboTEK_anbernic_rg447_new_008.jpg\" alt=\"\" width=\"1200\" height=\"1200\" title=\"\" srcset=\"https:\/\/www.kibotek.com\/wp-content\/uploads\/2025\/07\/kiboTEK_anbernic_rg447_new_008.jpg 1200w, https:\/\/www.kibotek.com\/wp-content\/uploads\/2025\/07\/kiboTEK_anbernic_rg447_new_008-430x430.jpg 430w, https:\/\/www.kibotek.com\/wp-content\/uploads\/2025\/07\/kiboTEK_anbernic_rg447_new_008-150x150.jpg 150w, https:\/\/www.kibotek.com\/wp-content\/uploads\/2025\/07\/kiboTEK_anbernic_rg447_new_008-700x700.jpg 700w, https:\/\/www.kibotek.com\/wp-content\/uploads\/2025\/07\/kiboTEK_anbernic_rg447_new_008-300x300.jpg 300w, https:\/\/www.kibotek.com\/wp-content\/uploads\/2025\/07\/kiboTEK_anbernic_rg447_new_008-800x800.jpg 800w, https:\/\/www.kibotek.com\/wp-content\/uploads\/2025\/07\/kiboTEK_anbernic_rg447_new_008-768x768.jpg 768w, https:\/\/www.kibotek.com\/wp-content\/uploads\/2025\/07\/kiboTEK_anbernic_rg447_new_008-12x12.jpg 12w, https:\/\/www.kibotek.com\/wp-content\/uploads\/2025\/07\/kiboTEK_anbernic_rg447_new_008-50x50.jpg 50w, https:\/\/www.kibotek.com\/wp-content\/uploads\/2025\/07\/kiboTEK_anbernic_rg447_new_008-100x100.jpg 100w, https:\/\/www.kibotek.com\/wp-content\/uploads\/2025\/07\/kiboTEK_anbernic_rg447_new_008-32x32.jpg 32w\" sizes=\"auto, (max-width: 1200px) 100vw, 1200px\" \/> <img loading=\"lazy\" decoding=\"async\" class=\"aligncenter size-full wp-image-63238\" src=\"https:\/\/www.kibotek.com\/wp-content\/uploads\/2025\/07\/kiboTEK_anbernic_rg447_new_009.jpg\" alt=\"\" width=\"1200\" height=\"1200\" title=\"\" srcset=\"https:\/\/www.kibotek.com\/wp-content\/uploads\/2025\/07\/kiboTEK_anbernic_rg447_new_009.jpg 1200w, https:\/\/www.kibotek.com\/wp-content\/uploads\/2025\/07\/kiboTEK_anbernic_rg447_new_009-430x430.jpg 430w, https:\/\/www.kibotek.com\/wp-content\/uploads\/2025\/07\/kiboTEK_anbernic_rg447_new_009-150x150.jpg 150w, https:\/\/www.kibotek.com\/wp-content\/uploads\/2025\/07\/kiboTEK_anbernic_rg447_new_009-700x700.jpg 700w, https:\/\/www.kibotek.com\/wp-content\/uploads\/2025\/07\/kiboTEK_anbernic_rg447_new_009-300x300.jpg 300w, https:\/\/www.kibotek.com\/wp-content\/uploads\/2025\/07\/kiboTEK_anbernic_rg447_new_009-800x800.jpg 800w, https:\/\/www.kibotek.com\/wp-content\/uploads\/2025\/07\/kiboTEK_anbernic_rg447_new_009-768x768.jpg 768w, https:\/\/www.kibotek.com\/wp-content\/uploads\/2025\/07\/kiboTEK_anbernic_rg447_new_009-12x12.jpg 12w, https:\/\/www.kibotek.com\/wp-content\/uploads\/2025\/07\/kiboTEK_anbernic_rg447_new_009-50x50.jpg 50w, https:\/\/www.kibotek.com\/wp-content\/uploads\/2025\/07\/kiboTEK_anbernic_rg447_new_009-100x100.jpg 100w, https:\/\/www.kibotek.com\/wp-content\/uploads\/2025\/07\/kiboTEK_anbernic_rg447_new_009-32x32.jpg 32w\" sizes=\"auto, (max-width: 1200px) 100vw, 1200px\" \/><\/p>","protected":false},"excerpt":{"rendered":"<div class=\"woocommerce-product-details__short-description\">\n<div class=\"woocommerce-product-details__short-description\">\n<div class=\"woocommerce-product-details__short-description\">\n<div class=\"woocommerce-product-details__short-description\">\n<div class=\"woocommerce-product-details__short-description\">\n<div class=\"woocommerce-product-details__short-description\">\n<div class=\"woocommerce-product-details__short-description\">\n<p class=\"price woobt-price-56089\"><strong><em>JETZT KAUFEN UND <\/em><\/strong><strong><em>ERHALTEN INNERHALB VON 24\/72 STUNDEN \ud83d\ude80<\/em><\/strong><\/p>\n<\/div>\n<\/div>\n<\/div>\n<\/div>\n<\/div>\n<\/div>\n<\/div>","protected":false},"featured_media":77440,"comment_status":"open","ping_status":"closed","template":"","meta":{"iawp_total_views":3405},"product_brand":[8167],"product_cat":[7809,5514],"product_tag":[],"class_list":{"0":"post-62834","1":"product","2":"type-product","3":"status-publish","4":"has-post-thumbnail","6":"product_brand-anbernic","7":"product_cat-consolas-retro","8":"product_cat-consolas-retro-gaming-arcade-bartop-pandora-box-anbernic-powkiddy","10":"first","11":"instock","12":"sale","13":"taxable","14":"shipping-taxable","15":"purchasable","16":"product-type-variable","17":"has-default-attributes"},"supplier_id":null,"supplier_sku":"","barcode":null,"atum_controlled":true,"out_stock_date":"2025-07-29 13:23:13","out_stock_threshold":null,"inheritable":true,"inbound_stock":null,"stock_on_hold":0,"sold_today":0,"sales_last_days":1,"reserved_stock":null,"customer_returns":null,"warehouse_damage":null,"lost_in_post":null,"other_logs":null,"out_stock_days":274,"lost_sales":0,"has_location":false,"update_date":"2026-05-09T20:22:46","atum_locations":[],"atum_stock_status":"instock","restock_status":false,"low_stock_amount":"","sales_update_date":"2026-04-28T05:05:15","calc_backorders":null,"_links":{"self":[{"href":"https:\/\/www.kibotek.com\/de\/wp-json\/wp\/v2\/product\/62834","targetHints":{"allow":["GET"]}}],"collection":[{"href":"https:\/\/www.kibotek.com\/de\/wp-json\/wp\/v2\/product"}],"about":[{"href":"https:\/\/www.kibotek.com\/de\/wp-json\/wp\/v2\/types\/product"}],"replies":[{"embeddable":true,"href":"https:\/\/www.kibotek.com\/de\/wp-json\/wp\/v2\/comments?post=62834"}],"version-history":[{"count":3,"href":"https:\/\/www.kibotek.com\/de\/wp-json\/wp\/v2\/product\/62834\/revisions"}],"predecessor-version":[{"id":77439,"href":"https:\/\/www.kibotek.com\/de\/wp-json\/wp\/v2\/product\/62834\/revisions\/77439"}],"wp:featuredmedia":[{"embeddable":true,"href":"https:\/\/www.kibotek.com\/de\/wp-json\/wp\/v2\/media\/77440"}],"wp:attachment":[{"href":"https:\/\/www.kibotek.com\/de\/wp-json\/wp\/v2\/media?parent=62834"}],"wp:term":[{"taxonomy":"product_brand","embeddable":true,"href":"https:\/\/www.kibotek.com\/de\/wp-json\/wp\/v2\/product_brand?post=62834"},{"taxonomy":"product_cat","embeddable":true,"href":"https:\/\/www.kibotek.com\/de\/wp-json\/wp\/v2\/product_cat?post=62834"},{"taxonomy":"product_tag","embeddable":true,"href":"https:\/\/www.kibotek.com\/de\/wp-json\/wp\/v2\/product_tag?post=62834"}],"curies":[{"name":"wp","href":"https:\/\/api.w.org\/{rel}","templated":true}]}}