{"id":62451,"date":"2025-07-08T16:17:44","date_gmt":"2025-07-08T14:17:44","guid":{"rendered":"https:\/\/www.kibotek.com\/?post_type=product&#038;p=62451"},"modified":"2026-04-19T22:30:32","modified_gmt":"2026-04-19T20:30:32","slug":"universelles-armband-22-mm-fur-xiaomi-amazfit-stratos-huawei-und-samsung-kuhlkorallenfarbenes-gummi","status":"publish","type":"product","link":"https:\/\/www.kibotek.com\/de\/kibostore\/correa-universal-22mm-xiaomi-amazfit-stratos-huawei-samsung-cool-goma-coral\/","title":{"rendered":"Universalarmband 22 mm Xiaomi \/ Amazfit \/ Stratos \/ Huawei \/ Samsung \/ COOL Coral Rubber"},"content":{"rendered":"<h3>Universelles 22-mm-Armband f\u00fcr Smartwatch kaufen<\/h3>\n<h3>Versand von Spanien nach ganz Europa innerhalb von 24\/72 Stunden<\/h3>\n<h3>Spezifikationen<\/h3>\n<p><strong>Personalisieren Sie Ihre Smartwatch mit diesem 22-mm-Universal-Ersatzarmband.<\/strong><\/p>\n<ul class=\"tm_productinner tab-pane active\">\n<li style=\"list-style-type: none;\">\n<ul class=\"tm_productinner tab-pane active\">\n<li style=\"list-style-type: none;\">\n<ul class=\"a-unordered-list a-vertical a-spacing-none\">\n<li><span class=\"a-list-item\">Innovativer Verschluss, der eine perfekte Passform garantiert.<\/span><\/li>\n<li><span class=\"a-list-item\">Hochwertige Materialverarbeitung, um maximale Widerstandsf\u00e4higkeit zu gew\u00e4hrleisten.<\/span><\/li>\n<li><span class=\"a-list-item\">Absoluter Komfort, strapazierf\u00e4higes Material.<br \/>\n<\/span><\/li>\n<li><span class=\"a-list-item\">Inklusive 2 universellen Metallstiften.<\/span><\/li>\n<li><span class=\"a-list-item\">Universalgr\u00f6\u00dfe: g\u00fcltig f\u00fcr M\u00e4nner und Frauen.<br \/>\n<\/span><\/li>\n<\/ul>\n<\/li>\n<\/ul>\n<\/li>\n<\/ul>\n<p>&nbsp;<\/p>\n<p><strong><span class=\"a-list-item\">Universalband 22 mm kompatibel mit:<\/span><\/strong><\/p>\n<p><span class=\"a-list-item\">Standarduhren: Smartwatches sowie Digital- und Analoguhren.<\/span><\/p>\n<p><span class=\"a-list-item\">Xiaomi<\/span><\/p>\n<p><span class=\"a-list-item\">Amazfit GTR, Stratos 3, Stratos, Pace, GTR47 mm,<br \/>\n<\/span><\/p>\n<p><span class=\"a-list-item\">Huawei GTR 42 mm und weitere Modelle.<\/span><\/p>\n<p><span class=\"a-list-item\">Realme Uhr<\/span><\/p>\n<p><span class=\"a-list-item\">Ticwath<\/span><\/p>\n<p><span class=\"a-list-item\">Samsung<\/span><\/p>\n<p><strong>Sie k\u00f6nnen in unserem physischen kiboTEK Xiaomi Preferred Partner Store in Bilbao \/ Vitoria-Gasteiz mit der Garantie und Sicherheit von kiboTEK Telefon\u00eda in Ihrer N\u00e4he einkaufen.<\/strong><\/p>\n<p><img loading=\"lazy\" decoding=\"async\" class=\"aligncenter size-full wp-image-62453\" src=\"https:\/\/www.kibotek.com\/wp-content\/uploads\/2025\/07\/kiboTEK_correa_universal_22mm_coral_004.png\" alt=\"\" width=\"800\" height=\"800\" title=\"\" srcset=\"https:\/\/www.kibotek.com\/wp-content\/uploads\/2025\/07\/kiboTEK_correa_universal_22mm_coral_004.png 800w, https:\/\/www.kibotek.com\/wp-content\/uploads\/2025\/07\/kiboTEK_correa_universal_22mm_coral_004-430x430.png 430w, https:\/\/www.kibotek.com\/wp-content\/uploads\/2025\/07\/kiboTEK_correa_universal_22mm_coral_004-150x150.png 150w, https:\/\/www.kibotek.com\/wp-content\/uploads\/2025\/07\/kiboTEK_correa_universal_22mm_coral_004-700x700.png 700w, https:\/\/www.kibotek.com\/wp-content\/uploads\/2025\/07\/kiboTEK_correa_universal_22mm_coral_004-300x300.png 300w, https:\/\/www.kibotek.com\/wp-content\/uploads\/2025\/07\/kiboTEK_correa_universal_22mm_coral_004-768x768.png 768w, https:\/\/www.kibotek.com\/wp-content\/uploads\/2025\/07\/kiboTEK_correa_universal_22mm_coral_004-12x12.png 12w, https:\/\/www.kibotek.com\/wp-content\/uploads\/2025\/07\/kiboTEK_correa_universal_22mm_coral_004-50x50.png 50w, https:\/\/www.kibotek.com\/wp-content\/uploads\/2025\/07\/kiboTEK_correa_universal_22mm_coral_004-100x100.png 100w, https:\/\/www.kibotek.com\/wp-content\/uploads\/2025\/07\/kiboTEK_correa_universal_22mm_coral_004-32x32.png 32w\" sizes=\"auto, (max-width: 800px) 100vw, 800px\" \/> <img loading=\"lazy\" decoding=\"async\" class=\"aligncenter size-full wp-image-62454\" src=\"https:\/\/www.kibotek.com\/wp-content\/uploads\/2025\/07\/kiboTEK_correa_universal_22mm_coral_003.png\" alt=\"\" width=\"800\" height=\"800\" title=\"\" srcset=\"https:\/\/www.kibotek.com\/wp-content\/uploads\/2025\/07\/kiboTEK_correa_universal_22mm_coral_003.png 800w, https:\/\/www.kibotek.com\/wp-content\/uploads\/2025\/07\/kiboTEK_correa_universal_22mm_coral_003-430x430.png 430w, https:\/\/www.kibotek.com\/wp-content\/uploads\/2025\/07\/kiboTEK_correa_universal_22mm_coral_003-150x150.png 150w, https:\/\/www.kibotek.com\/wp-content\/uploads\/2025\/07\/kiboTEK_correa_universal_22mm_coral_003-700x700.png 700w, https:\/\/www.kibotek.com\/wp-content\/uploads\/2025\/07\/kiboTEK_correa_universal_22mm_coral_003-300x300.png 300w, https:\/\/www.kibotek.com\/wp-content\/uploads\/2025\/07\/kiboTEK_correa_universal_22mm_coral_003-768x768.png 768w, https:\/\/www.kibotek.com\/wp-content\/uploads\/2025\/07\/kiboTEK_correa_universal_22mm_coral_003-12x12.png 12w, https:\/\/www.kibotek.com\/wp-content\/uploads\/2025\/07\/kiboTEK_correa_universal_22mm_coral_003-50x50.png 50w, https:\/\/www.kibotek.com\/wp-content\/uploads\/2025\/07\/kiboTEK_correa_universal_22mm_coral_003-100x100.png 100w, https:\/\/www.kibotek.com\/wp-content\/uploads\/2025\/07\/kiboTEK_correa_universal_22mm_coral_003-32x32.png 32w\" sizes=\"auto, (max-width: 800px) 100vw, 800px\" \/> <img loading=\"lazy\" decoding=\"async\" class=\"aligncenter size-full wp-image-62455\" src=\"https:\/\/www.kibotek.com\/wp-content\/uploads\/2025\/07\/kiboTEK_correa_universal_22mm_coral_002.png\" alt=\"\" width=\"800\" height=\"800\" title=\"\" srcset=\"https:\/\/www.kibotek.com\/wp-content\/uploads\/2025\/07\/kiboTEK_correa_universal_22mm_coral_002.png 800w, https:\/\/www.kibotek.com\/wp-content\/uploads\/2025\/07\/kiboTEK_correa_universal_22mm_coral_002-430x430.png 430w, https:\/\/www.kibotek.com\/wp-content\/uploads\/2025\/07\/kiboTEK_correa_universal_22mm_coral_002-150x150.png 150w, https:\/\/www.kibotek.com\/wp-content\/uploads\/2025\/07\/kiboTEK_correa_universal_22mm_coral_002-700x700.png 700w, https:\/\/www.kibotek.com\/wp-content\/uploads\/2025\/07\/kiboTEK_correa_universal_22mm_coral_002-300x300.png 300w, https:\/\/www.kibotek.com\/wp-content\/uploads\/2025\/07\/kiboTEK_correa_universal_22mm_coral_002-768x768.png 768w, https:\/\/www.kibotek.com\/wp-content\/uploads\/2025\/07\/kiboTEK_correa_universal_22mm_coral_002-12x12.png 12w, https:\/\/www.kibotek.com\/wp-content\/uploads\/2025\/07\/kiboTEK_correa_universal_22mm_coral_002-50x50.png 50w, https:\/\/www.kibotek.com\/wp-content\/uploads\/2025\/07\/kiboTEK_correa_universal_22mm_coral_002-100x100.png 100w, https:\/\/www.kibotek.com\/wp-content\/uploads\/2025\/07\/kiboTEK_correa_universal_22mm_coral_002-32x32.png 32w\" sizes=\"auto, (max-width: 800px) 100vw, 800px\" \/> <img loading=\"lazy\" decoding=\"async\" class=\"aligncenter size-full wp-image-62456\" src=\"https:\/\/www.kibotek.com\/wp-content\/uploads\/2025\/07\/kiboTEK_correa_universal_22mm_coral_001.png\" alt=\"\" width=\"800\" height=\"800\" title=\"\" srcset=\"https:\/\/www.kibotek.com\/wp-content\/uploads\/2025\/07\/kiboTEK_correa_universal_22mm_coral_001.png 800w, https:\/\/www.kibotek.com\/wp-content\/uploads\/2025\/07\/kiboTEK_correa_universal_22mm_coral_001-430x430.png 430w, https:\/\/www.kibotek.com\/wp-content\/uploads\/2025\/07\/kiboTEK_correa_universal_22mm_coral_001-150x150.png 150w, https:\/\/www.kibotek.com\/wp-content\/uploads\/2025\/07\/kiboTEK_correa_universal_22mm_coral_001-700x700.png 700w, https:\/\/www.kibotek.com\/wp-content\/uploads\/2025\/07\/kiboTEK_correa_universal_22mm_coral_001-300x300.png 300w, https:\/\/www.kibotek.com\/wp-content\/uploads\/2025\/07\/kiboTEK_correa_universal_22mm_coral_001-768x768.png 768w, https:\/\/www.kibotek.com\/wp-content\/uploads\/2025\/07\/kiboTEK_correa_universal_22mm_coral_001-12x12.png 12w, https:\/\/www.kibotek.com\/wp-content\/uploads\/2025\/07\/kiboTEK_correa_universal_22mm_coral_001-50x50.png 50w, https:\/\/www.kibotek.com\/wp-content\/uploads\/2025\/07\/kiboTEK_correa_universal_22mm_coral_001-100x100.png 100w, https:\/\/www.kibotek.com\/wp-content\/uploads\/2025\/07\/kiboTEK_correa_universal_22mm_coral_001-32x32.png 32w\" sizes=\"auto, (max-width: 800px) 100vw, 800px\" \/><\/p>","protected":false},"excerpt":{"rendered":"<div class=\"woocommerce-product-details__short-description\">\n<div class=\"woocommerce-product-details__short-description\">\n<div class=\"woocommerce-product-details__short-description\">\n<div class=\"woocommerce-product-details__short-description\">\n<p class=\"price woobt-price-56089\"><strong><em>JETZT KAUFEN UND <\/em><\/strong><strong><em>ERHALTEN INNERHALB VON 24\/72 STUNDEN \ud83d\ude80<\/em><\/strong><\/p>\n<\/div>\n<\/div>\n<\/div>\n<\/div>","protected":false},"featured_media":62452,"comment_status":"open","ping_status":"closed","template":"","meta":{"iawp_total_views":13},"product_brand":[8152],"product_cat":[3743],"product_tag":[],"class_list":{"0":"post-62451","1":"product","2":"type-product","3":"status-publish","4":"has-post-thumbnail","6":"product_brand-comprar-cool-accesorios","7":"product_cat-fundas-y-carcasas","9":"first","10":"outofstock","11":"sale","12":"taxable","13":"shipping-taxable","14":"purchasable","15":"product-type-simple"},"supplier_id":null,"supplier_sku":"","barcode":null,"atum_controlled":true,"out_stock_date":"2026-03-13 21:24:45","out_stock_threshold":null,"inheritable":false,"inbound_stock":null,"stock_on_hold":0,"sold_today":0,"sales_last_days":0,"reserved_stock":null,"customer_returns":null,"warehouse_damage":null,"lost_in_post":null,"other_logs":null,"out_stock_days":36,"lost_sales":0,"has_location":false,"update_date":"2026-04-19T20:30:34","atum_locations":[],"atum_stock_status":"outofstock","restock_status":false,"low_stock_amount":"","sales_update_date":"2026-04-19T05:02:28","calc_backorders":null,"_links":{"self":[{"href":"https:\/\/www.kibotek.com\/de\/wp-json\/wp\/v2\/product\/62451","targetHints":{"allow":["GET"]}}],"collection":[{"href":"https:\/\/www.kibotek.com\/de\/wp-json\/wp\/v2\/product"}],"about":[{"href":"https:\/\/www.kibotek.com\/de\/wp-json\/wp\/v2\/types\/product"}],"replies":[{"embeddable":true,"href":"https:\/\/www.kibotek.com\/de\/wp-json\/wp\/v2\/comments?post=62451"}],"version-history":[{"count":0,"href":"https:\/\/www.kibotek.com\/de\/wp-json\/wp\/v2\/product\/62451\/revisions"}],"wp:featuredmedia":[{"embeddable":true,"href":"https:\/\/www.kibotek.com\/de\/wp-json\/wp\/v2\/media\/62452"}],"wp:attachment":[{"href":"https:\/\/www.kibotek.com\/de\/wp-json\/wp\/v2\/media?parent=62451"}],"wp:term":[{"taxonomy":"product_brand","embeddable":true,"href":"https:\/\/www.kibotek.com\/de\/wp-json\/wp\/v2\/product_brand?post=62451"},{"taxonomy":"product_cat","embeddable":true,"href":"https:\/\/www.kibotek.com\/de\/wp-json\/wp\/v2\/product_cat?post=62451"},{"taxonomy":"product_tag","embeddable":true,"href":"https:\/\/www.kibotek.com\/de\/wp-json\/wp\/v2\/product_tag?post=62451"}],"curies":[{"name":"wp","href":"https:\/\/api.w.org\/{rel}","templated":true}]}}