{"id":59768,"date":"2025-04-14T13:51:54","date_gmt":"2025-04-14T11:51:54","guid":{"rendered":"https:\/\/www.kibotek.com\/?post_type=product&#038;p=59768"},"modified":"2026-04-19T22:35:59","modified_gmt":"2026-04-19T20:35:59","slug":"anbernic-rg-557-12gb-256gb-tragbare-retro-konsole-android-14","status":"publish","type":"product","link":"https:\/\/www.kibotek.com\/de\/kibostore\/anbernic-rg-557-12gb-256gb-consola-retro-portable-android-14\/","title":{"rendered":"Anbernic RG 557 12GB\/256GB Tragbare Retro-Konsole Android 14"},"content":{"rendered":"<h3>Anbernic RG557 12GB\/256GB Tragbare Retro-Konsole Android 14 kaufen<\/h3>\n<h3>Versand von Spanien nach Europa in 24\/72 Stunden<\/h3>\n<h3><strong>3 Jahre<\/strong> <strong>Europ\u00e4ische Garantie <\/strong><strong>Nur bei kiboTEK<\/strong><\/h3>\n<h3>Spezifikationen<\/h3>\n<ul>\n<li><span style=\"color: #ff0000;\"><strong>KOSTENLOSE SD-KARTE 128GB<\/strong><\/span><\/li>\n<li><span style=\"color: #ff0000;\"><strong>Analoge Cover<\/strong><\/span><\/li>\n<li><span style=\"color: #000000;\">5,48 Zoll 16:9 Full HD AMOLED-Display<\/span><\/li>\n<li><span style=\"color: #999999;\"><span style=\"color: #000000;\">FULL HD-Aufl\u00f6sung 1080 x 1920<\/span> <\/span><\/li>\n<li>Emulatoren: <strong>Playstation 2, Playstation 1, <\/strong><strong>Wii U, PS Vita<\/strong><strong>, Dreamcast, PSP, NeoGeo, MAME, Sega Genesis,\u2026<\/strong><\/li>\n<li>Android-Spiele (Genshin Impact, Honor of Kings usw.) und andere \u00fcber 30 Emulatoren.<br \/>\nUnterst\u00fctzen Sie Benutzer beim Herunterladen von Spielen im entsprechenden Format<\/li>\n<li><strong>Android 14-System<\/strong><\/li>\n<li><strong><span style=\"color: #000000;\">MediaTek Dimensity 8300 Prozessor <\/span><\/strong><\/li>\n<li><span style=\"color: #000000;\">Mali-G615 MC6<\/span><\/li>\n<li><span style=\"color: #000000;\">Hall-Effekt-Joysticks und -Tasten<\/span><\/li>\n<li><span style=\"color: #000000;\">Beleuchtung RGB<\/span><\/li>\n<li><span style=\"color: #000000;\">Steuerung mit den Tasten L1 \/ L2 und R1 \/ R2 sowie zwei analogen Sticks <\/span><\/li>\n<li><strong><span style=\"color: #000000;\">12GB RAM LPPDR5X 256GB interner Speicher <\/span><\/strong><\/li>\n<li><span style=\"color: #000000;\">Wi-Fi 6-Verbindung <\/span><\/li>\n<li><span style=\"color: #000000;\">Bluetooth 5.3<\/span><\/li>\n<li><span style=\"color: #000000;\">Stereo-Lautsprecher<\/span><\/li>\n<li><span style=\"color: #000000;\">SD-Kapazit\u00e4t bis zu 2 TB <\/span><\/li>\n<li><strong>USB Typ-C unterst\u00fctzt die 1080p-Display-Port-Ausgabe<\/strong><\/li>\n<li>USB-Anschluss Typ C, OTG-USB und 3,5-mm-Audioanschluss<\/li>\n<li>Sprachen: Spanisch, Englisch, Franz\u00f6sisch, Deutsch, Italienisch, Portugiesisch, Chinesisch usw.<\/li>\n<li><span style=\"color: #000000;\">5.500-mAh-Akku, 8 Stunden Betriebszeit <\/span><\/li>\n<li><span style=\"color: #000000;\">27W Schnellladung<\/span><\/li>\n<li><span style=\"color: #000000;\">Abmessungen 223 x 89 x 15 mm<\/span><\/li>\n<li><span style=\"color: #000000;\">Gewicht 347 gr<\/span><\/li>\n<\/ul>\n<p><iframe loading=\"lazy\" title=\"ANBERNIC RG557 Offizielles Promo-Video\" width=\"500\" height=\"281\" src=\"https:\/\/www.youtube.com\/embed\/X7w5bpcJAcU?feature=oembed\" frameborder=\"0\" allow=\"accelerometer; autoplay; clipboard-write; encrypted-media; gyroscope; picture-in-picture; web-share\" referrerpolicy=\"strict-origin-when-cross-origin\" allowfullscreen><\/iframe><\/p>\n<h3 class=\"western\">Anbernic hat es wieder getan und bringt uns seine neue Konsole RG557, die den Prozessor des alten RG556 verbessert.<\/h3>\n<p>Wie wir alle wissen, hat sich kiboTEK auf Retro-Konsolen verschiedener Marken spezialisiert und Sie k\u00f6nnen diese in unseren kiboTEK-Gesch\u00e4ften in Vitoria-Gasteiz in der Calle Independencia 13, in Bilbao in der Alameda de Urquijo 35 und auch \u00fcber unsere Website finden. <a href=\"http:\/\/www.kiboTEk.com\/\" rel=\"nofollow noopener\" target=\"_blank\">www.kiboTEK.com<\/a> Mit 24\/72 Stunden Versand in ganz Europa mit der offiziellen 3-Jahres-Garantie auf alle Xiaomi-Produkte<\/p>\n<h3 class=\"western\">5,48-Zoll-Full-HD-AMOLED-Display<\/h3>\n<p>Was den 5,48-Zoll-Bildschirm mit einer <strong>Aufl\u00f6sung 1080 x 1920 Pixel<\/strong>. Es handelt sich um einen hochwertigen AMOLED-Bildschirm, der uns dank seiner Farben und Kontraste beeindruckende Bilder liefert. \u00dcber den Touchscreen k\u00f6nnen Sie navigieren, als w\u00e4re es Ihr Mobiltelefon, und alle Einstellungen vornehmen, die Sie f\u00fcr ein gro\u00dfartiges Spielerlebnis ben\u00f6tigen.<\/p>\n<p>Was die Gr\u00f6\u00dfe dieser neuen Konsole betrifft, werden wir feststellen, dass sie dank ihrer Ergonomie sehr gut in der Hand liegt, sodass wir lange und bequeme Spiele genie\u00dfen k\u00f6nnen.<\/p>\n<p>Wir finden es in <strong>zweifarbig in transparentem Lila und Wei\u00df.<\/strong><\/p>\n<h3 class=\"western\">Leistungsstarker MediaTek Dimensity 8300 Prozessor<\/h3>\n<p>Wenn wir \u00fcber den Prozessor sprechen, hat sich Anbernic f\u00fcr einen leistungsst\u00e4rkeren Prozessor wie den Prozessor entschieden <b>MediaTek Dimensity 8300<\/b><b>.<\/b><\/p>\n<p>Angetrieben von einem MediaTek Dimesity 8300-Prozessor kann das RG 557 problemlos mit einer Vielzahl von 8-Bit-, 16-Bit- und 32-Bit-Retro-Plattformen umgehen. <strong>Es verf\u00fcgt \u00fcber den gleichen Prozessor wie aktuelle leistungsstarke Telefone wie das Xiaomi 14T oder das Poco X6 Pro.<\/strong><\/p>\n<p>All dies mit <strong>12GB LPDDR4 RAM und 256 GB interner Speicher<\/strong> wo das Betriebssystem installiert ist. In das RG557 kann eine SD-Karte mit bis zu 2 TB eingelegt werden.<\/p>\n<h3 class=\"western\">Android 14-Bootsystem<\/h3>\n<p>Dank seines Android-Betriebssystems bietet uns dieses RG557 die M\u00f6glichkeit, alle Einrichtungen und<strong> Android Apps<\/strong> und andererseits die ROMs direkt abspielen, die Sie auf Ihrer SD-Karte installiert haben. Die RG557-Konsole verf\u00fcgt \u00fcber ein Android-System, mit dem Sie <strong>Greifen Sie auf den Play Store zu und laden Sie die Spiele herunter, die Ihnen am besten gefallen.<\/strong><\/p>\n<h3 class=\"western\">Kompatibel mit den wichtigsten Emulatoren<\/h3>\n<p>Mit dieser neuen Anbernic RG557 Retro-Konsole haben Sie Kompatibilit\u00e4t mit mehreren Emulatoren wie<strong> Neo Geo, Sega Genesis, Sega Saturn, MAME, FBA, PlayStation 1, PlayStation 2, Dreamcast oder PSP<\/strong> unter anderem und auch als Neuheit die Kompatibilit\u00e4t von <b>Wii U und PS Vita<\/b>. Android-Spiele (Genshin Impact, Honor of Kings usw.)<\/p>\n<h3 class=\"western\">WLAN, 6 integrierte<\/h3>\n<p>In Bezug auf die Konnektivit\u00e4t haben wir <strong>W-lan <\/strong><strong>6 <\/strong>wodurch die Verbindungsgeschwindigkeit in diesem neuen Anbernic RG557 erheblich verbessert wird. Andererseits haben wir auch <strong>Bluetooth 5.3<\/strong><strong> um unser Gamepad anschlie\u00dfen zu k\u00f6nnen<\/strong> zum Ger\u00e4t.<\/p>\n<h3 class=\"western\">Ausreichend 5.500 mAh Akku<\/h3>\n<p>Wie sein Vorg\u00e4nger verf\u00fcgt das RG 557 \u00fcber eine 5.500 Milliampere-Batterie, die <strong>entspricht bis zu 8 Stunden Spielspa\u00df <\/strong><strong>unerm\u00fcdlich, aber immer <\/strong><strong>laut Hersteller. <\/strong>\u00a0Dieser Akku kann \u00fcber den Typ-C-Anschluss aufgeladen werden.<\/p>\n<p>Bei kiboTEK k\u00f6nnen Sie die tragbare Retro-Konsole Anbernic Anbernic RG 557 Android 14\/Linux mit der Garantie und Sicherheit des besten Online-Shops in Spanien und Europa kaufen.<\/p>\n<p>Bei kiboTEK versenden wir die Anbernic RG 557 Retro Portable Console Android 14 an <strong>Spanien, Portugal, <span lang=\"en\">\u00d6sterreich, Belgien, Bulgarien, Kroatien, Zypern, Tschechische Republik, D\u00e4nemark, Estland, Finnland, Frankreich, Deutschland, Griechenland, Ungarn, Irland, Italien, Lettland, Litauen, Luxemburg, Malta, Niederlande, Polen, Portugal, Monaco, Slowakei, Slowenien , Spanien, Rum\u00e4nien, Gro\u00dfbritannien, T\u00fcrkei, Schweden, Schweiz, Brasilien, Kolumbien und Mexiko<\/span><\/strong>. \u00dcberpr\u00fcfen und berechnen Sie die Versandkosten im Warenkorb, indem Sie Ihre Adresse eingeben.<\/p>\n<p><strong>Kostenlose Ausgaben f\u00fcr Spanien und Portugal (nur Halbinsel) ab 100 \u20ac<\/strong>.<\/p>\n<p><img loading=\"lazy\" decoding=\"async\" class=\"aligncenter wp-image-60054 size-full\" src=\"https:\/\/www.kibotek.com\/wp-content\/uploads\/2025\/04\/kiboTEK_anbernic_rg557_001.jpg\" alt=\"\" width=\"1200\" height=\"1200\" title=\"\" srcset=\"https:\/\/www.kibotek.com\/wp-content\/uploads\/2025\/04\/kiboTEK_anbernic_rg557_001.jpg 1200w, https:\/\/www.kibotek.com\/wp-content\/uploads\/2025\/04\/kiboTEK_anbernic_rg557_001-430x430.jpg 430w, https:\/\/www.kibotek.com\/wp-content\/uploads\/2025\/04\/kiboTEK_anbernic_rg557_001-150x150.jpg 150w, https:\/\/www.kibotek.com\/wp-content\/uploads\/2025\/04\/kiboTEK_anbernic_rg557_001-700x700.jpg 700w, https:\/\/www.kibotek.com\/wp-content\/uploads\/2025\/04\/kiboTEK_anbernic_rg557_001-300x300.jpg 300w, https:\/\/www.kibotek.com\/wp-content\/uploads\/2025\/04\/kiboTEK_anbernic_rg557_001-800x800.jpg 800w, https:\/\/www.kibotek.com\/wp-content\/uploads\/2025\/04\/kiboTEK_anbernic_rg557_001-768x768.jpg 768w, https:\/\/www.kibotek.com\/wp-content\/uploads\/2025\/04\/kiboTEK_anbernic_rg557_001-12x12.jpg 12w, https:\/\/www.kibotek.com\/wp-content\/uploads\/2025\/04\/kiboTEK_anbernic_rg557_001-50x50.jpg 50w, https:\/\/www.kibotek.com\/wp-content\/uploads\/2025\/04\/kiboTEK_anbernic_rg557_001-100x100.jpg 100w, https:\/\/www.kibotek.com\/wp-content\/uploads\/2025\/04\/kiboTEK_anbernic_rg557_001-32x32.jpg 32w\" sizes=\"auto, (max-width: 1200px) 100vw, 1200px\" \/> <img loading=\"lazy\" decoding=\"async\" class=\"aligncenter wp-image-60055 size-full\" src=\"https:\/\/www.kibotek.com\/wp-content\/uploads\/2025\/04\/kiboTEK_anbernic_rg557_002.jpg\" alt=\"\" width=\"1200\" height=\"1200\" title=\"\" srcset=\"https:\/\/www.kibotek.com\/wp-content\/uploads\/2025\/04\/kiboTEK_anbernic_rg557_002.jpg 1200w, https:\/\/www.kibotek.com\/wp-content\/uploads\/2025\/04\/kiboTEK_anbernic_rg557_002-430x430.jpg 430w, https:\/\/www.kibotek.com\/wp-content\/uploads\/2025\/04\/kiboTEK_anbernic_rg557_002-150x150.jpg 150w, https:\/\/www.kibotek.com\/wp-content\/uploads\/2025\/04\/kiboTEK_anbernic_rg557_002-700x700.jpg 700w, https:\/\/www.kibotek.com\/wp-content\/uploads\/2025\/04\/kiboTEK_anbernic_rg557_002-300x300.jpg 300w, https:\/\/www.kibotek.com\/wp-content\/uploads\/2025\/04\/kiboTEK_anbernic_rg557_002-800x800.jpg 800w, https:\/\/www.kibotek.com\/wp-content\/uploads\/2025\/04\/kiboTEK_anbernic_rg557_002-768x768.jpg 768w, https:\/\/www.kibotek.com\/wp-content\/uploads\/2025\/04\/kiboTEK_anbernic_rg557_002-12x12.jpg 12w, https:\/\/www.kibotek.com\/wp-content\/uploads\/2025\/04\/kiboTEK_anbernic_rg557_002-50x50.jpg 50w, https:\/\/www.kibotek.com\/wp-content\/uploads\/2025\/04\/kiboTEK_anbernic_rg557_002-100x100.jpg 100w, https:\/\/www.kibotek.com\/wp-content\/uploads\/2025\/04\/kiboTEK_anbernic_rg557_002-32x32.jpg 32w\" sizes=\"auto, (max-width: 1200px) 100vw, 1200px\" \/> <img loading=\"lazy\" decoding=\"async\" class=\"aligncenter wp-image-60056 size-full\" src=\"https:\/\/www.kibotek.com\/wp-content\/uploads\/2025\/04\/kiboTEK_anbernic_rg557_003.jpg\" alt=\"\" width=\"1200\" height=\"1200\" title=\"\" srcset=\"https:\/\/www.kibotek.com\/wp-content\/uploads\/2025\/04\/kiboTEK_anbernic_rg557_003.jpg 1200w, https:\/\/www.kibotek.com\/wp-content\/uploads\/2025\/04\/kiboTEK_anbernic_rg557_003-430x430.jpg 430w, https:\/\/www.kibotek.com\/wp-content\/uploads\/2025\/04\/kiboTEK_anbernic_rg557_003-150x150.jpg 150w, https:\/\/www.kibotek.com\/wp-content\/uploads\/2025\/04\/kiboTEK_anbernic_rg557_003-700x700.jpg 700w, https:\/\/www.kibotek.com\/wp-content\/uploads\/2025\/04\/kiboTEK_anbernic_rg557_003-300x300.jpg 300w, https:\/\/www.kibotek.com\/wp-content\/uploads\/2025\/04\/kiboTEK_anbernic_rg557_003-800x800.jpg 800w, https:\/\/www.kibotek.com\/wp-content\/uploads\/2025\/04\/kiboTEK_anbernic_rg557_003-768x768.jpg 768w, https:\/\/www.kibotek.com\/wp-content\/uploads\/2025\/04\/kiboTEK_anbernic_rg557_003-12x12.jpg 12w, https:\/\/www.kibotek.com\/wp-content\/uploads\/2025\/04\/kiboTEK_anbernic_rg557_003-50x50.jpg 50w, https:\/\/www.kibotek.com\/wp-content\/uploads\/2025\/04\/kiboTEK_anbernic_rg557_003-100x100.jpg 100w, https:\/\/www.kibotek.com\/wp-content\/uploads\/2025\/04\/kiboTEK_anbernic_rg557_003-32x32.jpg 32w\" sizes=\"auto, (max-width: 1200px) 100vw, 1200px\" \/> <img loading=\"lazy\" decoding=\"async\" class=\"aligncenter wp-image-60057 size-full\" src=\"https:\/\/www.kibotek.com\/wp-content\/uploads\/2025\/04\/kiboTEK_anbernic_rg557_004.jpg\" alt=\"\" width=\"1200\" height=\"1200\" title=\"\" srcset=\"https:\/\/www.kibotek.com\/wp-content\/uploads\/2025\/04\/kiboTEK_anbernic_rg557_004.jpg 1200w, https:\/\/www.kibotek.com\/wp-content\/uploads\/2025\/04\/kiboTEK_anbernic_rg557_004-430x430.jpg 430w, https:\/\/www.kibotek.com\/wp-content\/uploads\/2025\/04\/kiboTEK_anbernic_rg557_004-150x150.jpg 150w, https:\/\/www.kibotek.com\/wp-content\/uploads\/2025\/04\/kiboTEK_anbernic_rg557_004-700x700.jpg 700w, https:\/\/www.kibotek.com\/wp-content\/uploads\/2025\/04\/kiboTEK_anbernic_rg557_004-300x300.jpg 300w, https:\/\/www.kibotek.com\/wp-content\/uploads\/2025\/04\/kiboTEK_anbernic_rg557_004-800x800.jpg 800w, https:\/\/www.kibotek.com\/wp-content\/uploads\/2025\/04\/kiboTEK_anbernic_rg557_004-768x768.jpg 768w, https:\/\/www.kibotek.com\/wp-content\/uploads\/2025\/04\/kiboTEK_anbernic_rg557_004-12x12.jpg 12w, https:\/\/www.kibotek.com\/wp-content\/uploads\/2025\/04\/kiboTEK_anbernic_rg557_004-50x50.jpg 50w, https:\/\/www.kibotek.com\/wp-content\/uploads\/2025\/04\/kiboTEK_anbernic_rg557_004-100x100.jpg 100w, https:\/\/www.kibotek.com\/wp-content\/uploads\/2025\/04\/kiboTEK_anbernic_rg557_004-32x32.jpg 32w\" sizes=\"auto, (max-width: 1200px) 100vw, 1200px\" \/> <img loading=\"lazy\" decoding=\"async\" class=\"aligncenter wp-image-60058 size-full\" src=\"https:\/\/www.kibotek.com\/wp-content\/uploads\/2025\/04\/kiboTEK_anbernic_rg557_005.jpg\" alt=\"\" width=\"1200\" height=\"1200\" title=\"\" srcset=\"https:\/\/www.kibotek.com\/wp-content\/uploads\/2025\/04\/kiboTEK_anbernic_rg557_005.jpg 1200w, https:\/\/www.kibotek.com\/wp-content\/uploads\/2025\/04\/kiboTEK_anbernic_rg557_005-430x430.jpg 430w, https:\/\/www.kibotek.com\/wp-content\/uploads\/2025\/04\/kiboTEK_anbernic_rg557_005-150x150.jpg 150w, https:\/\/www.kibotek.com\/wp-content\/uploads\/2025\/04\/kiboTEK_anbernic_rg557_005-700x700.jpg 700w, https:\/\/www.kibotek.com\/wp-content\/uploads\/2025\/04\/kiboTEK_anbernic_rg557_005-300x300.jpg 300w, https:\/\/www.kibotek.com\/wp-content\/uploads\/2025\/04\/kiboTEK_anbernic_rg557_005-800x800.jpg 800w, https:\/\/www.kibotek.com\/wp-content\/uploads\/2025\/04\/kiboTEK_anbernic_rg557_005-768x768.jpg 768w, https:\/\/www.kibotek.com\/wp-content\/uploads\/2025\/04\/kiboTEK_anbernic_rg557_005-12x12.jpg 12w, https:\/\/www.kibotek.com\/wp-content\/uploads\/2025\/04\/kiboTEK_anbernic_rg557_005-50x50.jpg 50w, https:\/\/www.kibotek.com\/wp-content\/uploads\/2025\/04\/kiboTEK_anbernic_rg557_005-100x100.jpg 100w, https:\/\/www.kibotek.com\/wp-content\/uploads\/2025\/04\/kiboTEK_anbernic_rg557_005-32x32.jpg 32w\" sizes=\"auto, (max-width: 1200px) 100vw, 1200px\" \/> <img loading=\"lazy\" decoding=\"async\" class=\"aligncenter wp-image-60059 size-full\" src=\"https:\/\/www.kibotek.com\/wp-content\/uploads\/2025\/04\/kiboTEK_anbernic_rg557_006.jpg\" alt=\"\" width=\"1200\" height=\"1200\" title=\"\" srcset=\"https:\/\/www.kibotek.com\/wp-content\/uploads\/2025\/04\/kiboTEK_anbernic_rg557_006.jpg 1200w, https:\/\/www.kibotek.com\/wp-content\/uploads\/2025\/04\/kiboTEK_anbernic_rg557_006-430x430.jpg 430w, https:\/\/www.kibotek.com\/wp-content\/uploads\/2025\/04\/kiboTEK_anbernic_rg557_006-150x150.jpg 150w, https:\/\/www.kibotek.com\/wp-content\/uploads\/2025\/04\/kiboTEK_anbernic_rg557_006-700x700.jpg 700w, https:\/\/www.kibotek.com\/wp-content\/uploads\/2025\/04\/kiboTEK_anbernic_rg557_006-300x300.jpg 300w, https:\/\/www.kibotek.com\/wp-content\/uploads\/2025\/04\/kiboTEK_anbernic_rg557_006-800x800.jpg 800w, https:\/\/www.kibotek.com\/wp-content\/uploads\/2025\/04\/kiboTEK_anbernic_rg557_006-768x768.jpg 768w, https:\/\/www.kibotek.com\/wp-content\/uploads\/2025\/04\/kiboTEK_anbernic_rg557_006-12x12.jpg 12w, https:\/\/www.kibotek.com\/wp-content\/uploads\/2025\/04\/kiboTEK_anbernic_rg557_006-50x50.jpg 50w, https:\/\/www.kibotek.com\/wp-content\/uploads\/2025\/04\/kiboTEK_anbernic_rg557_006-100x100.jpg 100w, https:\/\/www.kibotek.com\/wp-content\/uploads\/2025\/04\/kiboTEK_anbernic_rg557_006-32x32.jpg 32w\" sizes=\"auto, (max-width: 1200px) 100vw, 1200px\" \/> <img loading=\"lazy\" decoding=\"async\" class=\"aligncenter wp-image-60060 size-full\" src=\"https:\/\/www.kibotek.com\/wp-content\/uploads\/2025\/04\/kiboTEK_anbernic_rg557_007.jpg\" alt=\"\" width=\"1200\" height=\"1200\" title=\"\" srcset=\"https:\/\/www.kibotek.com\/wp-content\/uploads\/2025\/04\/kiboTEK_anbernic_rg557_007.jpg 1200w, https:\/\/www.kibotek.com\/wp-content\/uploads\/2025\/04\/kiboTEK_anbernic_rg557_007-430x430.jpg 430w, https:\/\/www.kibotek.com\/wp-content\/uploads\/2025\/04\/kiboTEK_anbernic_rg557_007-150x150.jpg 150w, https:\/\/www.kibotek.com\/wp-content\/uploads\/2025\/04\/kiboTEK_anbernic_rg557_007-700x700.jpg 700w, https:\/\/www.kibotek.com\/wp-content\/uploads\/2025\/04\/kiboTEK_anbernic_rg557_007-300x300.jpg 300w, https:\/\/www.kibotek.com\/wp-content\/uploads\/2025\/04\/kiboTEK_anbernic_rg557_007-800x800.jpg 800w, https:\/\/www.kibotek.com\/wp-content\/uploads\/2025\/04\/kiboTEK_anbernic_rg557_007-768x768.jpg 768w, https:\/\/www.kibotek.com\/wp-content\/uploads\/2025\/04\/kiboTEK_anbernic_rg557_007-12x12.jpg 12w, https:\/\/www.kibotek.com\/wp-content\/uploads\/2025\/04\/kiboTEK_anbernic_rg557_007-50x50.jpg 50w, https:\/\/www.kibotek.com\/wp-content\/uploads\/2025\/04\/kiboTEK_anbernic_rg557_007-100x100.jpg 100w, https:\/\/www.kibotek.com\/wp-content\/uploads\/2025\/04\/kiboTEK_anbernic_rg557_007-32x32.jpg 32w\" sizes=\"auto, (max-width: 1200px) 100vw, 1200px\" \/> <img loading=\"lazy\" decoding=\"async\" class=\"aligncenter wp-image-60061 size-full\" src=\"https:\/\/www.kibotek.com\/wp-content\/uploads\/2025\/04\/kiboTEK_anbernic_rg557_008.jpg\" alt=\"\" width=\"1200\" height=\"1200\" title=\"\" srcset=\"https:\/\/www.kibotek.com\/wp-content\/uploads\/2025\/04\/kiboTEK_anbernic_rg557_008.jpg 1200w, https:\/\/www.kibotek.com\/wp-content\/uploads\/2025\/04\/kiboTEK_anbernic_rg557_008-430x430.jpg 430w, https:\/\/www.kibotek.com\/wp-content\/uploads\/2025\/04\/kiboTEK_anbernic_rg557_008-150x150.jpg 150w, https:\/\/www.kibotek.com\/wp-content\/uploads\/2025\/04\/kiboTEK_anbernic_rg557_008-700x700.jpg 700w, https:\/\/www.kibotek.com\/wp-content\/uploads\/2025\/04\/kiboTEK_anbernic_rg557_008-300x300.jpg 300w, https:\/\/www.kibotek.com\/wp-content\/uploads\/2025\/04\/kiboTEK_anbernic_rg557_008-800x800.jpg 800w, https:\/\/www.kibotek.com\/wp-content\/uploads\/2025\/04\/kiboTEK_anbernic_rg557_008-768x768.jpg 768w, https:\/\/www.kibotek.com\/wp-content\/uploads\/2025\/04\/kiboTEK_anbernic_rg557_008-12x12.jpg 12w, https:\/\/www.kibotek.com\/wp-content\/uploads\/2025\/04\/kiboTEK_anbernic_rg557_008-50x50.jpg 50w, https:\/\/www.kibotek.com\/wp-content\/uploads\/2025\/04\/kiboTEK_anbernic_rg557_008-100x100.jpg 100w, https:\/\/www.kibotek.com\/wp-content\/uploads\/2025\/04\/kiboTEK_anbernic_rg557_008-32x32.jpg 32w\" sizes=\"auto, (max-width: 1200px) 100vw, 1200px\" \/><\/p>","protected":false},"excerpt":{"rendered":"<div class=\"woocommerce-product-details__short-description\">\n<div class=\"woocommerce-product-details__short-description\">\n<div class=\"woocommerce-product-details__short-description\">\n<div class=\"woocommerce-product-details__short-description\">\n<div class=\"woocommerce-product-details__short-description\">\n<div class=\"woocommerce-product-details__short-description\">\n<div class=\"woocommerce-product-details__short-description\">\n<div class=\"woocommerce-product-details__short-description\">\n<p class=\"price woobt-price-56089\"><strong><em>JETZT KAUFEN UND <\/em><\/strong><strong><em>ERHALTEN INNERHALB VON 24\/72 STUNDEN \ud83d\ude80<\/em><\/strong><\/p>\n<\/div>\n<\/div>\n<\/div>\n<\/div>\n<\/div>\n<\/div>\n<\/div>\n<\/div>","protected":false},"featured_media":68233,"comment_status":"open","ping_status":"closed","template":"","meta":{"iawp_total_views":5632},"product_brand":[8167],"product_cat":[5514],"product_tag":[7698,6771,7752,1794],"class_list":{"0":"post-59768","1":"product","2":"type-product","3":"status-publish","4":"has-post-thumbnail","6":"product_brand-anbernic","7":"product_cat-consolas-retro-gaming-arcade-bartop-pandora-box-anbernic-powkiddy","8":"product_tag-all","9":"product_tag-ofertas","10":"product_tag-presale","11":"product_tag-top10","13":"first","14":"instock","15":"sale","16":"featured","17":"taxable","18":"shipping-taxable","19":"purchasable","20":"product-type-variable","21":"has-default-attributes"},"supplier_id":null,"supplier_sku":"","barcode":null,"atum_controlled":true,"out_stock_date":null,"out_stock_threshold":null,"inheritable":true,"inbound_stock":null,"stock_on_hold":0,"sold_today":0,"sales_last_days":0,"reserved_stock":null,"customer_returns":null,"warehouse_damage":null,"lost_in_post":null,"other_logs":null,"out_stock_days":0,"lost_sales":0,"has_location":true,"update_date":"2026-04-20T05:03:07","atum_locations":[{"id":41,"name":"Bilbao","slug":"bilbao"}],"atum_stock_status":"instock","restock_status":false,"low_stock_amount":"","sales_update_date":"2026-04-20T05:03:07","calc_backorders":null,"_links":{"self":[{"href":"https:\/\/www.kibotek.com\/de\/wp-json\/wp\/v2\/product\/59768","targetHints":{"allow":["GET"]}}],"collection":[{"href":"https:\/\/www.kibotek.com\/de\/wp-json\/wp\/v2\/product"}],"about":[{"href":"https:\/\/www.kibotek.com\/de\/wp-json\/wp\/v2\/types\/product"}],"replies":[{"embeddable":true,"href":"https:\/\/www.kibotek.com\/de\/wp-json\/wp\/v2\/comments?post=59768"}],"version-history":[{"count":1,"href":"https:\/\/www.kibotek.com\/de\/wp-json\/wp\/v2\/product\/59768\/revisions"}],"predecessor-version":[{"id":74639,"href":"https:\/\/www.kibotek.com\/de\/wp-json\/wp\/v2\/product\/59768\/revisions\/74639"}],"wp:featuredmedia":[{"embeddable":true,"href":"https:\/\/www.kibotek.com\/de\/wp-json\/wp\/v2\/media\/68233"}],"wp:attachment":[{"href":"https:\/\/www.kibotek.com\/de\/wp-json\/wp\/v2\/media?parent=59768"}],"wp:term":[{"taxonomy":"product_brand","embeddable":true,"href":"https:\/\/www.kibotek.com\/de\/wp-json\/wp\/v2\/product_brand?post=59768"},{"taxonomy":"product_cat","embeddable":true,"href":"https:\/\/www.kibotek.com\/de\/wp-json\/wp\/v2\/product_cat?post=59768"},{"taxonomy":"product_tag","embeddable":true,"href":"https:\/\/www.kibotek.com\/de\/wp-json\/wp\/v2\/product_tag?post=59768"}],"curies":[{"name":"wp","href":"https:\/\/api.w.org\/{rel}","templated":true}]}}