{"id":50135,"date":"2023-11-04T12:39:09","date_gmt":"2023-11-04T11:39:09","guid":{"rendered":"https:\/\/www.kibotek.com\/?post_type=product&#038;p=50135"},"modified":"2026-04-18T23:30:04","modified_gmt":"2026-04-18T21:30:04","slug":"ayn-odin2-base-pro-max-tragbare-spielekonsole-2","status":"publish","type":"product","link":"https:\/\/www.kibotek.com\/de\/kibostore\/ayn-odin2-base-pro-max-consola-portatil-gaming\/","title":{"rendered":"AYN Odin 2 Base 8+128 Tragbare Spielekonsole"},"content":{"rendered":"<p>Kaufen Sie die tragbare Spielekonsole AYN Odin 2 Base mit Versand von Spanien nach ganz Europa innerhalb von 24\/72 Stunden <strong>Europ\u00e4ische Garantie.<\/strong><\/p>\n<ul>\n<li><strong><span style=\"color: #ff0000;\">GESCHENK AUS GEH\u00c4RTETEM GLAS<\/span><\/strong><\/li>\n<li>Qualcomm Snapdragon 8Gen 2 Prozessor<\/li>\n<li>8 Kerne 3,2 GHz<\/li>\n<li>Adreno 740 GPU<\/li>\n<li>8GB LPDDR5X RAM<\/li>\n<li>128GB UFS 4.0-Speicher-SSD<\/li>\n<li>6-Zoll-IPS-LCD-Touchscreen<\/li>\n<li>Seitenverh\u00e4ltnis 16:9 und 369 ppi<\/li>\n<li>Aufl\u00f6sung von 1080 \u00d7 1920 Pixel FHD +<\/li>\n<li>WLAN 2.4\/5G\/7<\/li>\n<li>Bluetooth 5.3<\/li>\n<li>HDMI-Ausgang<\/li>\n<li>Aktive K\u00fchlung<\/li>\n<li>8.000 mAh Akku<\/li>\n<li>65W Schnellladung<\/li>\n<li>Android 13<\/li>\n<li>Gewicht 420g<\/li>\n<li>Abmessungen von 225 x 98 x 17 mm<\/li>\n<\/ul>\n<p>Die renommierte tragbare Konsolenmarke Ayntec pr\u00e4sentiert uns die zweite Ausgabe einer der renommiertesten Konsolen, der Odin 2.<\/p>\n<p>Nach dem \u00fcberw\u00e4ltigenden Erfolg der ersten Version pr\u00e4sentieren sie uns diese neue tragbare Retro-Konsole, die es je nach RAM und Speicher in drei Versionen gibt. <strong>Warten Sie nicht l\u00e4nger und kaufen Sie den neuen Odin 2 mit der Garantie und Sicherheit der f\u00fchrenden Website f\u00fcr tragbare Retro-Konsolen in Europa.<\/strong><\/p>\n<h3>6-Zoll-Full-HD-Plus-Bildschirm<\/h3>\n<p>Was den Bildschirm angeht, finden wir ein 6-Zoll-IPS-LCD-Panel, das nat\u00fcrlich Touch ist. Die Konsole hat eine sehr sorgf\u00e4ltige \u00c4sthetik und ist ergonomisch perfekt f\u00fcr lange Gaming-Sessions. Seine LED-Hintergrundbeleuchtung an den Seiten und an den Analogsticks der Konsole f\u00e4llt nicht auf. Was den Bildschirm betrifft, haben wir ein 6-Zoll-Touchpanel <strong>Full-HD plus 1080 x 1920 Pixel<\/strong>. Wir finden ein hochwertiges Panel mit einer perfekten Aufl\u00f6sung, um Ihre Lieblingstitel zu genie\u00dfen.<\/p>\n<h3>Sehr leistungsstarker Qualcomm-Prozessor<\/h3>\n<p>Im Maschinenraum verf\u00fcgt dieser neue Odin 2 \u00fcber einen sehr attraktiven Prozessor wie den Qualcomm Snapdragon 8 der zweiten Generation mit 64 Bit, begleitet von acht Kernen mit einer H\u00f6chstgeschwindigkeit von 3,2 GHz. Der Prozessor dieser tragbaren Retro-Konsole Odin 2 ist mit drei ausgestattet verschiedene Speichervarianten. Der erste liefert uns<strong> 8 GB RAM und 128GB Speicher, der zweite erreicht 12 GB RAM und 256 GB Speicher und der letzte erreicht bis zu 16 Gigabyte RAM und verf\u00fcgt \u00fcber 512 GB internen Speicher<\/strong>.<\/p>\n<p>Nat\u00fcrlich ist der RAM vom Typ LPDDR5X, w\u00e4hrend der Speicher UFS ist. Zusammenfassend haben wir es mit einem sehr attraktiven Prozessor zu tun, der in jeder dieser drei Versionen eine hohe Leistung erbringt. Es wird selbst die meisten Gamer begeistern, da wir einen Prozessor vorfinden, der in High-End-Smartphones zu finden ist. Was die GPU betrifft, liegen wir nicht weit zur\u00fcck und werden uns \u00fcber eine Adreno 740 freuen.<\/p>\n<h3>8.000-mAh-L\u00f6sungsmittelbatterie<\/h3>\n<p>Der Akku dieser unglaublichen tragbaren Konsole erreicht 8.000 mAh und bietet uns gen\u00fcgend Autonomie, um lange Spielesitzungen zu genie\u00dfen. Als ob das nicht genug w\u00e4re, haben wir noch eine <strong>67 W ultraschnelles Laden<\/strong>.<\/p>\n<h3>Verbindungen und Konnektivit\u00e4t<\/h3>\n<p>In Bezug auf die Konnektivit\u00e4t haben wir <strong>Wi-Fi 2.4\/5G\/7 und Bluetooth 5.7.<\/strong> Die Odin 2-Konsolenschnittstelle verf\u00fcgt \u00fcber einen USB 3.1 Typ C, HDMI Mini und einen Audioausgang f\u00fcr 3,5-mm-Klinke.<\/p>\n<h3>Android 13<\/h3>\n<p>All dies unter dem Betriebssystem Android 13, mit dem Sie die Konsole individuell anpassen k\u00f6nnen.<\/p>\n<p>Bei kiboTEK k\u00f6nnen Sie die tragbare Spielekonsole AYN Odin 2 mit der Garantie und Sicherheit des besten Online-Gaming-Shops in Spanien und Europa kaufen.<\/p>\n<p>&nbsp;<\/p>\n<p><img loading=\"lazy\" decoding=\"async\" class=\"alignleft wp-image-50165 size-full\" src=\"https:\/\/www.kibotek.com\/wp-content\/uploads\/2023\/11\/kiboTEK_ayn_odin2_14.jpg\" alt=\"\" width=\"717\" height=\"475\" title=\"\" srcset=\"https:\/\/www.kibotek.com\/wp-content\/uploads\/2023\/11\/kiboTEK_ayn_odin2_14.jpg 717w, https:\/\/www.kibotek.com\/wp-content\/uploads\/2023\/11\/kiboTEK_ayn_odin2_14-430x285.jpg 430w, https:\/\/www.kibotek.com\/wp-content\/uploads\/2023\/11\/kiboTEK_ayn_odin2_14-150x99.jpg 150w, https:\/\/www.kibotek.com\/wp-content\/uploads\/2023\/11\/kiboTEK_ayn_odin2_14-700x464.jpg 700w, https:\/\/www.kibotek.com\/wp-content\/uploads\/2023\/11\/kiboTEK_ayn_odin2_14-300x199.jpg 300w, https:\/\/www.kibotek.com\/wp-content\/uploads\/2023\/11\/kiboTEK_ayn_odin2_14-18x12.jpg 18w\" sizes=\"auto, (max-width: 717px) 100vw, 717px\" \/> <img loading=\"lazy\" decoding=\"async\" class=\"alignleft wp-image-50166 size-full\" src=\"https:\/\/www.kibotek.com\/wp-content\/uploads\/2023\/11\/kiboTEK_ayn_odin2_15.jpg\" alt=\"\" width=\"715\" height=\"475\" title=\"\" srcset=\"https:\/\/www.kibotek.com\/wp-content\/uploads\/2023\/11\/kiboTEK_ayn_odin2_15.jpg 715w, https:\/\/www.kibotek.com\/wp-content\/uploads\/2023\/11\/kiboTEK_ayn_odin2_15-430x286.jpg 430w, https:\/\/www.kibotek.com\/wp-content\/uploads\/2023\/11\/kiboTEK_ayn_odin2_15-150x100.jpg 150w, https:\/\/www.kibotek.com\/wp-content\/uploads\/2023\/11\/kiboTEK_ayn_odin2_15-700x465.jpg 700w, https:\/\/www.kibotek.com\/wp-content\/uploads\/2023\/11\/kiboTEK_ayn_odin2_15-300x199.jpg 300w, https:\/\/www.kibotek.com\/wp-content\/uploads\/2023\/11\/kiboTEK_ayn_odin2_15-18x12.jpg 18w\" sizes=\"auto, (max-width: 715px) 100vw, 715px\" \/> <img loading=\"lazy\" decoding=\"async\" class=\"alignleft wp-image-50157 size-full\" src=\"https:\/\/www.kibotek.com\/wp-content\/uploads\/2023\/11\/kiboTEK_ayn_odin2_6.jpg\" alt=\"\" width=\"716\" height=\"476\" title=\"\" srcset=\"https:\/\/www.kibotek.com\/wp-content\/uploads\/2023\/11\/kiboTEK_ayn_odin2_6.jpg 716w, https:\/\/www.kibotek.com\/wp-content\/uploads\/2023\/11\/kiboTEK_ayn_odin2_6-430x286.jpg 430w, https:\/\/www.kibotek.com\/wp-content\/uploads\/2023\/11\/kiboTEK_ayn_odin2_6-150x100.jpg 150w, https:\/\/www.kibotek.com\/wp-content\/uploads\/2023\/11\/kiboTEK_ayn_odin2_6-700x465.jpg 700w, https:\/\/www.kibotek.com\/wp-content\/uploads\/2023\/11\/kiboTEK_ayn_odin2_6-300x199.jpg 300w, https:\/\/www.kibotek.com\/wp-content\/uploads\/2023\/11\/kiboTEK_ayn_odin2_6-18x12.jpg 18w\" sizes=\"auto, (max-width: 716px) 100vw, 716px\" \/> <img loading=\"lazy\" decoding=\"async\" class=\"alignleft wp-image-50153 size-full\" src=\"https:\/\/www.kibotek.com\/wp-content\/uploads\/2023\/11\/kiboTEK_ayn_odin2_2.jpg\" alt=\"\" width=\"715\" height=\"474\" title=\"\" srcset=\"https:\/\/www.kibotek.com\/wp-content\/uploads\/2023\/11\/kiboTEK_ayn_odin2_2.jpg 715w, https:\/\/www.kibotek.com\/wp-content\/uploads\/2023\/11\/kiboTEK_ayn_odin2_2-430x285.jpg 430w, https:\/\/www.kibotek.com\/wp-content\/uploads\/2023\/11\/kiboTEK_ayn_odin2_2-150x99.jpg 150w, https:\/\/www.kibotek.com\/wp-content\/uploads\/2023\/11\/kiboTEK_ayn_odin2_2-700x464.jpg 700w, https:\/\/www.kibotek.com\/wp-content\/uploads\/2023\/11\/kiboTEK_ayn_odin2_2-300x199.jpg 300w, https:\/\/www.kibotek.com\/wp-content\/uploads\/2023\/11\/kiboTEK_ayn_odin2_2-18x12.jpg 18w\" sizes=\"auto, (max-width: 715px) 100vw, 715px\" \/> <img loading=\"lazy\" decoding=\"async\" class=\"alignleft wp-image-50155 size-full\" src=\"https:\/\/www.kibotek.com\/wp-content\/uploads\/2023\/11\/kiboTEK_ayn_odin2_4.jpg\" alt=\"\" width=\"716\" height=\"474\" title=\"\" srcset=\"https:\/\/www.kibotek.com\/wp-content\/uploads\/2023\/11\/kiboTEK_ayn_odin2_4.jpg 716w, https:\/\/www.kibotek.com\/wp-content\/uploads\/2023\/11\/kiboTEK_ayn_odin2_4-430x285.jpg 430w, https:\/\/www.kibotek.com\/wp-content\/uploads\/2023\/11\/kiboTEK_ayn_odin2_4-150x99.jpg 150w, https:\/\/www.kibotek.com\/wp-content\/uploads\/2023\/11\/kiboTEK_ayn_odin2_4-700x463.jpg 700w, https:\/\/www.kibotek.com\/wp-content\/uploads\/2023\/11\/kiboTEK_ayn_odin2_4-300x199.jpg 300w, https:\/\/www.kibotek.com\/wp-content\/uploads\/2023\/11\/kiboTEK_ayn_odin2_4-18x12.jpg 18w\" sizes=\"auto, (max-width: 716px) 100vw, 716px\" \/> <img loading=\"lazy\" decoding=\"async\" class=\"alignleft wp-image-50163 size-full\" src=\"https:\/\/www.kibotek.com\/wp-content\/uploads\/2023\/11\/kiboTEK_ayn_odin2_12.jpg\" alt=\"\" width=\"714\" height=\"475\" title=\"\" srcset=\"https:\/\/www.kibotek.com\/wp-content\/uploads\/2023\/11\/kiboTEK_ayn_odin2_12.jpg 714w, https:\/\/www.kibotek.com\/wp-content\/uploads\/2023\/11\/kiboTEK_ayn_odin2_12-430x286.jpg 430w, https:\/\/www.kibotek.com\/wp-content\/uploads\/2023\/11\/kiboTEK_ayn_odin2_12-150x100.jpg 150w, https:\/\/www.kibotek.com\/wp-content\/uploads\/2023\/11\/kiboTEK_ayn_odin2_12-700x466.jpg 700w, https:\/\/www.kibotek.com\/wp-content\/uploads\/2023\/11\/kiboTEK_ayn_odin2_12-300x200.jpg 300w, https:\/\/www.kibotek.com\/wp-content\/uploads\/2023\/11\/kiboTEK_ayn_odin2_12-18x12.jpg 18w\" sizes=\"auto, (max-width: 714px) 100vw, 714px\" \/> <img loading=\"lazy\" decoding=\"async\" class=\"alignleft wp-image-50158 size-full\" src=\"https:\/\/www.kibotek.com\/wp-content\/uploads\/2023\/11\/kiboTEK_ayn_odin2_7.jpg\" alt=\"\" width=\"716\" height=\"475\" title=\"\" srcset=\"https:\/\/www.kibotek.com\/wp-content\/uploads\/2023\/11\/kiboTEK_ayn_odin2_7.jpg 716w, https:\/\/www.kibotek.com\/wp-content\/uploads\/2023\/11\/kiboTEK_ayn_odin2_7-430x285.jpg 430w, https:\/\/www.kibotek.com\/wp-content\/uploads\/2023\/11\/kiboTEK_ayn_odin2_7-150x100.jpg 150w, https:\/\/www.kibotek.com\/wp-content\/uploads\/2023\/11\/kiboTEK_ayn_odin2_7-700x464.jpg 700w, https:\/\/www.kibotek.com\/wp-content\/uploads\/2023\/11\/kiboTEK_ayn_odin2_7-300x199.jpg 300w, https:\/\/www.kibotek.com\/wp-content\/uploads\/2023\/11\/kiboTEK_ayn_odin2_7-18x12.jpg 18w\" sizes=\"auto, (max-width: 716px) 100vw, 716px\" \/> <img loading=\"lazy\" decoding=\"async\" class=\"alignleft wp-image-50160 size-full\" src=\"https:\/\/www.kibotek.com\/wp-content\/uploads\/2023\/11\/kiboTEK_ayn_odin2_9.jpg\" alt=\"\" width=\"717\" height=\"476\" title=\"\" srcset=\"https:\/\/www.kibotek.com\/wp-content\/uploads\/2023\/11\/kiboTEK_ayn_odin2_9.jpg 717w, https:\/\/www.kibotek.com\/wp-content\/uploads\/2023\/11\/kiboTEK_ayn_odin2_9-430x285.jpg 430w, https:\/\/www.kibotek.com\/wp-content\/uploads\/2023\/11\/kiboTEK_ayn_odin2_9-150x100.jpg 150w, https:\/\/www.kibotek.com\/wp-content\/uploads\/2023\/11\/kiboTEK_ayn_odin2_9-700x465.jpg 700w, https:\/\/www.kibotek.com\/wp-content\/uploads\/2023\/11\/kiboTEK_ayn_odin2_9-300x199.jpg 300w, https:\/\/www.kibotek.com\/wp-content\/uploads\/2023\/11\/kiboTEK_ayn_odin2_9-18x12.jpg 18w\" sizes=\"auto, (max-width: 717px) 100vw, 717px\" \/> <img loading=\"lazy\" decoding=\"async\" class=\"alignleft wp-image-50164 size-full\" src=\"https:\/\/www.kibotek.com\/wp-content\/uploads\/2023\/11\/kiboTEK_ayn_odin2_13.jpg\" alt=\"\" width=\"715\" height=\"934\" title=\"\" srcset=\"https:\/\/www.kibotek.com\/wp-content\/uploads\/2023\/11\/kiboTEK_ayn_odin2_13.jpg 715w, https:\/\/www.kibotek.com\/wp-content\/uploads\/2023\/11\/kiboTEK_ayn_odin2_13-430x562.jpg 430w, https:\/\/www.kibotek.com\/wp-content\/uploads\/2023\/11\/kiboTEK_ayn_odin2_13-150x196.jpg 150w, https:\/\/www.kibotek.com\/wp-content\/uploads\/2023\/11\/kiboTEK_ayn_odin2_13-700x914.jpg 700w, https:\/\/www.kibotek.com\/wp-content\/uploads\/2023\/11\/kiboTEK_ayn_odin2_13-230x300.jpg 230w, https:\/\/www.kibotek.com\/wp-content\/uploads\/2023\/11\/kiboTEK_ayn_odin2_13-9x12.jpg 9w\" sizes=\"auto, (max-width: 715px) 100vw, 715px\" \/> <img loading=\"lazy\" decoding=\"async\" class=\"alignleft wp-image-50162 size-full\" src=\"https:\/\/www.kibotek.com\/wp-content\/uploads\/2023\/11\/kiboTEK_ayn_odin2_11.jpg\" alt=\"\" width=\"714\" height=\"896\" title=\"\" srcset=\"https:\/\/www.kibotek.com\/wp-content\/uploads\/2023\/11\/kiboTEK_ayn_odin2_11.jpg 714w, https:\/\/www.kibotek.com\/wp-content\/uploads\/2023\/11\/kiboTEK_ayn_odin2_11-430x540.jpg 430w, https:\/\/www.kibotek.com\/wp-content\/uploads\/2023\/11\/kiboTEK_ayn_odin2_11-150x188.jpg 150w, https:\/\/www.kibotek.com\/wp-content\/uploads\/2023\/11\/kiboTEK_ayn_odin2_11-700x878.jpg 700w, https:\/\/www.kibotek.com\/wp-content\/uploads\/2023\/11\/kiboTEK_ayn_odin2_11-239x300.jpg 239w, https:\/\/www.kibotek.com\/wp-content\/uploads\/2023\/11\/kiboTEK_ayn_odin2_11-10x12.jpg 10w\" sizes=\"auto, (max-width: 714px) 100vw, 714px\" \/><\/p>","protected":false},"excerpt":{"rendered":"<p>&nbsp;<\/p>\n<p><strong><em>JETZT KAUFEN UND IN 24 STUNDEN IN SPANIEN ERHALTEN<\/em><\/strong><\/p>\n<p><strong><em>JETZT KAUFEN UND IN 72 STUNDEN IN EUROPA ERHALTEN \ud83d\ude80<\/em><\/strong><\/p>\n<p><strong><em>ENDG\u00dcLTIGER PREIS INKLUSIVE STEUERN<\/em><\/strong><\/p>\n<p><strong><em>EUROP\u00c4ISCHE GARANTIE<\/em><\/strong><\/p>\n<p><strong><em>VOLLST\u00c4NDIGE AUFGEF\u00dcHRTE RECHNUNG<\/em><\/strong><\/p>","protected":false},"featured_media":52869,"comment_status":"open","ping_status":"closed","template":"","meta":{"iawp_total_views":361},"product_brand":[8140],"product_cat":[7809,5514],"product_tag":[7752,1794],"class_list":{"0":"post-50135","1":"product","2":"type-product","3":"status-publish","4":"has-post-thumbnail","6":"product_brand-comprar-consola-gaming-ayn","7":"product_cat-consolas-retro","8":"product_cat-consolas-retro-gaming-arcade-bartop-pandora-box-anbernic-powkiddy","9":"product_tag-presale","10":"product_tag-top10","12":"first","13":"outofstock","14":"sale","15":"taxable","16":"shipping-taxable","17":"purchasable","18":"product-type-variable","19":"has-default-attributes"},"supplier_id":null,"supplier_sku":"","barcode":null,"atum_controlled":true,"out_stock_date":null,"out_stock_threshold":null,"inheritable":true,"inbound_stock":null,"stock_on_hold":0,"sold_today":0,"sales_last_days":0,"reserved_stock":null,"customer_returns":null,"warehouse_damage":null,"lost_in_post":null,"other_logs":null,"out_stock_days":0,"lost_sales":0,"has_location":true,"update_date":"2026-04-18T21:29:42","atum_locations":[{"id":41,"name":"Bilbao","slug":"bilbao"}],"atum_stock_status":"outofstock","restock_status":false,"low_stock_amount":"","sales_update_date":"2026-04-17T05:01:48","calc_backorders":null,"_links":{"self":[{"href":"https:\/\/www.kibotek.com\/de\/wp-json\/wp\/v2\/product\/50135","targetHints":{"allow":["GET"]}}],"collection":[{"href":"https:\/\/www.kibotek.com\/de\/wp-json\/wp\/v2\/product"}],"about":[{"href":"https:\/\/www.kibotek.com\/de\/wp-json\/wp\/v2\/types\/product"}],"replies":[{"embeddable":true,"href":"https:\/\/www.kibotek.com\/de\/wp-json\/wp\/v2\/comments?post=50135"}],"version-history":[{"count":0,"href":"https:\/\/www.kibotek.com\/de\/wp-json\/wp\/v2\/product\/50135\/revisions"}],"wp:featuredmedia":[{"embeddable":true,"href":"https:\/\/www.kibotek.com\/de\/wp-json\/wp\/v2\/media\/52869"}],"wp:attachment":[{"href":"https:\/\/www.kibotek.com\/de\/wp-json\/wp\/v2\/media?parent=50135"}],"wp:term":[{"taxonomy":"product_brand","embeddable":true,"href":"https:\/\/www.kibotek.com\/de\/wp-json\/wp\/v2\/product_brand?post=50135"},{"taxonomy":"product_cat","embeddable":true,"href":"https:\/\/www.kibotek.com\/de\/wp-json\/wp\/v2\/product_cat?post=50135"},{"taxonomy":"product_tag","embeddable":true,"href":"https:\/\/www.kibotek.com\/de\/wp-json\/wp\/v2\/product_tag?post=50135"}],"curies":[{"name":"wp","href":"https:\/\/api.w.org\/{rel}","templated":true}]}}