{"id":48978,"date":"2023-07-06T19:09:54","date_gmt":"2023-07-06T17:09:54","guid":{"rendered":"https:\/\/www.kibotek.com\/?post_type=product&#038;p=48978"},"modified":"2026-05-08T23:10:48","modified_gmt":"2026-05-08T21:10:48","slug":"xiaomi-pad-6-8gb-256gb","status":"publish","type":"product","link":"https:\/\/www.kibotek.com\/de\/kibostore\/xiaomi-pad-6-8gb-256gb\/","title":{"rendered":"Xiaomi Pad 6 8GB\/256GB"},"content":{"rendered":"<p>Kaufen <a href=\"https:\/\/www.kibotek.com\/de\/brand\/kaufe-das-beste-von-xiaomi\/\">Xiaomi<\/a> Pad 6 8GB\/256GB mit Versand von Spanien nach ganz Europa innerhalb von 24\/72 Stunden und zweij\u00e4hriger Garantie.<\/p>\n<ul>\n<li>11 &quot;IPS-LCD-Bildschirm&quot;<\/li>\n<li>Bildwiederholfrequenz 144 Hz<\/li>\n<li>2880 x 1800 2,8K-Aufl\u00f6sung mit 16:10-Seitenverh\u00e4ltnis<\/li>\n<li>Corning\u00ae Gorilla\u00ae Glas 3<\/li>\n<li>Qualcomm Snapdragon 870-Prozessor<\/li>\n<li>8 GB LPDDR4x-RAM und 256 GB UFS 3.1-Speicher<\/li>\n<li>8.840-mAh-Akku mit 33-W-Schnellladung<\/li>\n<li>Fingerabdruck Sensor<\/li>\n<li>13-MP-Kamera<\/li>\n<li>Dolby Atmos-Sound mit 4 Lautsprechern<\/li>\n<li>WiFi6, BT 5.1, GPS, Glonass<\/li>\n<li>Abmessungen 253,9 x 165,1 x 6,51 mm<\/li>\n<li>Gewicht 490gr<\/li>\n<li>Betriebssystem MIUI 14 F\u00dcR PAD, basierend auf dem Betriebssystem Android 13<\/li>\n<\/ul>\n<h3>Konkurrenz f\u00fcr Apple, die K\u00f6nigin der Tablets, kommt<\/h3>\n<p>Xiaomi pr\u00e4sentiert sein neues Tablet, das Pad 6. Ein intelligenter und effizienter Assistent, der Sie in keiner Hinsicht entt\u00e4uschen wird. Er konkurriert direkt mit Apple und es ist an der Zeit.<\/p>\n<h3>11-Zoll-Bildschirm mit einer Aufl\u00f6sung von 2880 x 1800 Pixeln WQHD+<\/h3>\n<p>Wir verf\u00fcgen \u00fcber einen gro\u00dfen, ultraklaren 11-Zoll-Bildschirm mit 2,8K-Aufl\u00f6sung (WQHD+) und Unterst\u00fctzung f\u00fcr HDR 10+. Sp\u00fcren Sie alle Inhalte, die Sie sehen, mit bis zu einer Milliarde Farben. Der<strong> Die Bildwiederholfrequenz dieses Panels betr\u00e4gt 144 Hz mit Dolby Vision<\/strong> und einen Kontrast von 1400:1. Diese hohe Bildwiederholfrequenz bietet uns eine fl\u00fcssige Sicht, gleichm\u00e4\u00dfige Bewegungen und Details, wie Sie sie noch nie gesehen haben. Dieser Bildschirm verf\u00fcgt au\u00dferdem \u00fcber einen effizienten Augenschutz, zertifiziert vom T\u00dcV Rheinland.<\/p>\n<p>Auf der anderen Seite enth\u00e4lt der Bildschirm das exklusive <strong>True Tone True Color<\/strong>, das aus vorderen und hinteren Dual-Light-Sensoren besteht, um den Bildschirm automatisch auf die beste Helligkeit und Farbtemperatur einzustellen.<\/p>\n<h3>Surround Sound<\/h3>\n<p>Dar\u00fcber hinaus werden Sie die 4 Lautsprecher, die dieses Tablet umgeben, nicht gleichg\u00fcltig lassen. Surround-Sound mit hohen, hellen und lockeren B\u00e4ssen. Ihr Audio ist kompatibel mit <strong>Dolby-Panorama<\/strong> Erstellen von immersiven r\u00e4umlichen Soundeffekten ...<\/p>\n<h3>Ein Qualcomm-Prozessor, um das Biest zu beherrschen<\/h3>\n<p>Bei dieser Gelegenheit wollten die Jungs von Xiaomi dieses Tablet mit dem Prozessor ausstatten <strong>Qualcomm Snapdragon<\/strong> <strong>870,<\/strong> ein in 7 Nanometern gefertigter High-End-Prozessor mit 8 Kernen, die mit einer maximalen Geschwindigkeit von 2,96 GHz laufen <strong>mit spektakul\u00e4rer Leistung. <\/strong><\/p>\n<p>Ein Prozessor, der Sie weder bei der audiovisuellen Unterhaltung noch beim Verschieben von Spielen im gro\u00dfen Stil entt\u00e4uschen wird, noch bei der Geschwindigkeit beim Verschieben von Dateien, da er eine brillante Leistung und einen sehr geringen Stromverbrauch aufweist.<\/p>\n<h3>Akku um problemlos durch den Tag zu kommen<\/h3>\n<p>In diesem Tablet finden wir ein spektakul\u00e4res <strong>8840-Milliampere-Akku<\/strong> mit einer Schnellladung von 33 Watt, die daf\u00fcr sorgt, dass wir zu keinem Zeitpunkt stranden.<\/p>\n<p>Was die Konnektivit\u00e4t betrifft <strong>es gibt nicht einmal das neue Wi-Fi 6<\/strong>\u00a0und doppelte Gesichtsentsperrung, um Ihr Ger\u00e4t zu einem uneinnehmbaren Schloss zu machen.<\/p>\n<p>Als Zubeh\u00f6r haben wir auch ein spektakul\u00e4res Zubeh\u00f6r zum Kauf im Angebot<strong> Stift der zweiten Generation und eine physische Tastaturh\u00fclle.<\/strong><\/p>\n<p>Bei kiboTEK k\u00f6nnen Sie das Xiaomi Pad 6 8GB\/256GB mit der Garantie und Sicherheit des besten Xiaomi-Shops in Spanien und Europa kaufen.<\/p>\n<p><img loading=\"lazy\" decoding=\"async\" class=\"alignleft wp-image-48986 size-large\" src=\"https:\/\/www.kibotek.com\/wp-content\/uploads\/2023\/07\/kiboTEK_xiaomi_pad_6_002-1024x471.jpg\" alt=\"\" width=\"1024\" height=\"471\" title=\"\" srcset=\"https:\/\/www.kibotek.com\/wp-content\/uploads\/2023\/07\/kiboTEK_xiaomi_pad_6_002-1024x471.jpg 1024w, https:\/\/www.kibotek.com\/wp-content\/uploads\/2023\/07\/kiboTEK_xiaomi_pad_6_002-430x198.jpg 430w, https:\/\/www.kibotek.com\/wp-content\/uploads\/2023\/07\/kiboTEK_xiaomi_pad_6_002-150x69.jpg 150w, https:\/\/www.kibotek.com\/wp-content\/uploads\/2023\/07\/kiboTEK_xiaomi_pad_6_002-700x322.jpg 700w, https:\/\/www.kibotek.com\/wp-content\/uploads\/2023\/07\/kiboTEK_xiaomi_pad_6_002-300x138.jpg 300w, https:\/\/www.kibotek.com\/wp-content\/uploads\/2023\/07\/kiboTEK_xiaomi_pad_6_002-768x353.jpg 768w, https:\/\/www.kibotek.com\/wp-content\/uploads\/2023\/07\/kiboTEK_xiaomi_pad_6_002-1536x707.jpg 1536w, https:\/\/www.kibotek.com\/wp-content\/uploads\/2023\/07\/kiboTEK_xiaomi_pad_6_002-18x8.jpg 18w, https:\/\/www.kibotek.com\/wp-content\/uploads\/2023\/07\/kiboTEK_xiaomi_pad_6_002.jpg 1806w\" sizes=\"auto, (max-width: 1024px) 100vw, 1024px\" \/> <img loading=\"lazy\" decoding=\"async\" class=\"alignleft wp-image-48990 size-large\" src=\"https:\/\/www.kibotek.com\/wp-content\/uploads\/2023\/07\/kiboTEK_xiaomi_pad_6_006-1024x496.jpg\" alt=\"\" width=\"1024\" height=\"496\" title=\"\" srcset=\"https:\/\/www.kibotek.com\/wp-content\/uploads\/2023\/07\/kiboTEK_xiaomi_pad_6_006-1024x496.jpg 1024w, https:\/\/www.kibotek.com\/wp-content\/uploads\/2023\/07\/kiboTEK_xiaomi_pad_6_006-430x208.jpg 430w, https:\/\/www.kibotek.com\/wp-content\/uploads\/2023\/07\/kiboTEK_xiaomi_pad_6_006-150x73.jpg 150w, https:\/\/www.kibotek.com\/wp-content\/uploads\/2023\/07\/kiboTEK_xiaomi_pad_6_006-700x339.jpg 700w, https:\/\/www.kibotek.com\/wp-content\/uploads\/2023\/07\/kiboTEK_xiaomi_pad_6_006-300x145.jpg 300w, https:\/\/www.kibotek.com\/wp-content\/uploads\/2023\/07\/kiboTEK_xiaomi_pad_6_006-768x372.jpg 768w, https:\/\/www.kibotek.com\/wp-content\/uploads\/2023\/07\/kiboTEK_xiaomi_pad_6_006-1536x744.jpg 1536w, https:\/\/www.kibotek.com\/wp-content\/uploads\/2023\/07\/kiboTEK_xiaomi_pad_6_006-18x9.jpg 18w, https:\/\/www.kibotek.com\/wp-content\/uploads\/2023\/07\/kiboTEK_xiaomi_pad_6_006.jpg 1710w\" sizes=\"auto, (max-width: 1024px) 100vw, 1024px\" \/> <img loading=\"lazy\" decoding=\"async\" class=\"alignleft wp-image-48991 size-large\" src=\"https:\/\/www.kibotek.com\/wp-content\/uploads\/2023\/07\/kiboTEK_xiaomi_pad_6_007-1024x460.jpg\" alt=\"\" width=\"1024\" height=\"460\" title=\"\" srcset=\"https:\/\/www.kibotek.com\/wp-content\/uploads\/2023\/07\/kiboTEK_xiaomi_pad_6_007-1024x460.jpg 1024w, https:\/\/www.kibotek.com\/wp-content\/uploads\/2023\/07\/kiboTEK_xiaomi_pad_6_007-430x193.jpg 430w, https:\/\/www.kibotek.com\/wp-content\/uploads\/2023\/07\/kiboTEK_xiaomi_pad_6_007-150x67.jpg 150w, https:\/\/www.kibotek.com\/wp-content\/uploads\/2023\/07\/kiboTEK_xiaomi_pad_6_007-700x314.jpg 700w, https:\/\/www.kibotek.com\/wp-content\/uploads\/2023\/07\/kiboTEK_xiaomi_pad_6_007-300x135.jpg 300w, https:\/\/www.kibotek.com\/wp-content\/uploads\/2023\/07\/kiboTEK_xiaomi_pad_6_007-768x345.jpg 768w, https:\/\/www.kibotek.com\/wp-content\/uploads\/2023\/07\/kiboTEK_xiaomi_pad_6_007-1536x690.jpg 1536w, https:\/\/www.kibotek.com\/wp-content\/uploads\/2023\/07\/kiboTEK_xiaomi_pad_6_007-18x8.jpg 18w, https:\/\/www.kibotek.com\/wp-content\/uploads\/2023\/07\/kiboTEK_xiaomi_pad_6_007.jpg 1814w\" sizes=\"auto, (max-width: 1024px) 100vw, 1024px\" \/> <img loading=\"lazy\" decoding=\"async\" class=\"alignleft wp-image-48992 size-large\" src=\"https:\/\/www.kibotek.com\/wp-content\/uploads\/2023\/07\/kiboTEK_xiaomi_pad_6_008-1024x475.jpg\" alt=\"\" width=\"1024\" height=\"475\" title=\"\" srcset=\"https:\/\/www.kibotek.com\/wp-content\/uploads\/2023\/07\/kiboTEK_xiaomi_pad_6_008-1024x475.jpg 1024w, https:\/\/www.kibotek.com\/wp-content\/uploads\/2023\/07\/kiboTEK_xiaomi_pad_6_008-430x199.jpg 430w, https:\/\/www.kibotek.com\/wp-content\/uploads\/2023\/07\/kiboTEK_xiaomi_pad_6_008-150x70.jpg 150w, https:\/\/www.kibotek.com\/wp-content\/uploads\/2023\/07\/kiboTEK_xiaomi_pad_6_008-700x325.jpg 700w, https:\/\/www.kibotek.com\/wp-content\/uploads\/2023\/07\/kiboTEK_xiaomi_pad_6_008-300x139.jpg 300w, https:\/\/www.kibotek.com\/wp-content\/uploads\/2023\/07\/kiboTEK_xiaomi_pad_6_008-768x356.jpg 768w, https:\/\/www.kibotek.com\/wp-content\/uploads\/2023\/07\/kiboTEK_xiaomi_pad_6_008-1536x712.jpg 1536w, https:\/\/www.kibotek.com\/wp-content\/uploads\/2023\/07\/kiboTEK_xiaomi_pad_6_008-18x8.jpg 18w, https:\/\/www.kibotek.com\/wp-content\/uploads\/2023\/07\/kiboTEK_xiaomi_pad_6_008.jpg 1652w\" sizes=\"auto, (max-width: 1024px) 100vw, 1024px\" \/> <img loading=\"lazy\" decoding=\"async\" class=\"alignleft wp-image-48993 size-large\" src=\"https:\/\/www.kibotek.com\/wp-content\/uploads\/2023\/07\/kiboTEK_xiaomi_pad_6_009-1024x503.jpg\" alt=\"\" width=\"1024\" height=\"503\" title=\"\" srcset=\"https:\/\/www.kibotek.com\/wp-content\/uploads\/2023\/07\/kiboTEK_xiaomi_pad_6_009-1024x503.jpg 1024w, https:\/\/www.kibotek.com\/wp-content\/uploads\/2023\/07\/kiboTEK_xiaomi_pad_6_009-430x211.jpg 430w, https:\/\/www.kibotek.com\/wp-content\/uploads\/2023\/07\/kiboTEK_xiaomi_pad_6_009-150x74.jpg 150w, https:\/\/www.kibotek.com\/wp-content\/uploads\/2023\/07\/kiboTEK_xiaomi_pad_6_009-700x344.jpg 700w, https:\/\/www.kibotek.com\/wp-content\/uploads\/2023\/07\/kiboTEK_xiaomi_pad_6_009-300x147.jpg 300w, https:\/\/www.kibotek.com\/wp-content\/uploads\/2023\/07\/kiboTEK_xiaomi_pad_6_009-768x377.jpg 768w, https:\/\/www.kibotek.com\/wp-content\/uploads\/2023\/07\/kiboTEK_xiaomi_pad_6_009-1536x754.jpg 1536w, https:\/\/www.kibotek.com\/wp-content\/uploads\/2023\/07\/kiboTEK_xiaomi_pad_6_009-18x9.jpg 18w, https:\/\/www.kibotek.com\/wp-content\/uploads\/2023\/07\/kiboTEK_xiaomi_pad_6_009.jpg 1809w\" sizes=\"auto, (max-width: 1024px) 100vw, 1024px\" \/> <img loading=\"lazy\" decoding=\"async\" class=\"alignleft wp-image-48994 size-large\" src=\"https:\/\/www.kibotek.com\/wp-content\/uploads\/2023\/07\/kiboTEK_xiaomi_pad_6_010-1024x484.jpg\" alt=\"\" width=\"1024\" height=\"484\" title=\"\" srcset=\"https:\/\/www.kibotek.com\/wp-content\/uploads\/2023\/07\/kiboTEK_xiaomi_pad_6_010-1024x484.jpg 1024w, https:\/\/www.kibotek.com\/wp-content\/uploads\/2023\/07\/kiboTEK_xiaomi_pad_6_010-430x203.jpg 430w, https:\/\/www.kibotek.com\/wp-content\/uploads\/2023\/07\/kiboTEK_xiaomi_pad_6_010-150x71.jpg 150w, https:\/\/www.kibotek.com\/wp-content\/uploads\/2023\/07\/kiboTEK_xiaomi_pad_6_010-700x331.jpg 700w, https:\/\/www.kibotek.com\/wp-content\/uploads\/2023\/07\/kiboTEK_xiaomi_pad_6_010-300x142.jpg 300w, https:\/\/www.kibotek.com\/wp-content\/uploads\/2023\/07\/kiboTEK_xiaomi_pad_6_010-768x363.jpg 768w, https:\/\/www.kibotek.com\/wp-content\/uploads\/2023\/07\/kiboTEK_xiaomi_pad_6_010-1536x726.jpg 1536w, https:\/\/www.kibotek.com\/wp-content\/uploads\/2023\/07\/kiboTEK_xiaomi_pad_6_010-18x9.jpg 18w, https:\/\/www.kibotek.com\/wp-content\/uploads\/2023\/07\/kiboTEK_xiaomi_pad_6_010.jpg 1781w\" sizes=\"auto, (max-width: 1024px) 100vw, 1024px\" \/> <img loading=\"lazy\" decoding=\"async\" class=\"alignleft wp-image-48995 size-large\" src=\"https:\/\/www.kibotek.com\/wp-content\/uploads\/2023\/07\/kiboTEK_xiaomi_pad_6_011-1024x495.jpg\" alt=\"\" width=\"1024\" height=\"495\" title=\"\" srcset=\"https:\/\/www.kibotek.com\/wp-content\/uploads\/2023\/07\/kiboTEK_xiaomi_pad_6_011-1024x495.jpg 1024w, https:\/\/www.kibotek.com\/wp-content\/uploads\/2023\/07\/kiboTEK_xiaomi_pad_6_011-430x208.jpg 430w, https:\/\/www.kibotek.com\/wp-content\/uploads\/2023\/07\/kiboTEK_xiaomi_pad_6_011-150x73.jpg 150w, https:\/\/www.kibotek.com\/wp-content\/uploads\/2023\/07\/kiboTEK_xiaomi_pad_6_011-700x339.jpg 700w, https:\/\/www.kibotek.com\/wp-content\/uploads\/2023\/07\/kiboTEK_xiaomi_pad_6_011-300x145.jpg 300w, https:\/\/www.kibotek.com\/wp-content\/uploads\/2023\/07\/kiboTEK_xiaomi_pad_6_011-768x371.jpg 768w, https:\/\/www.kibotek.com\/wp-content\/uploads\/2023\/07\/kiboTEK_xiaomi_pad_6_011-1536x743.jpg 1536w, https:\/\/www.kibotek.com\/wp-content\/uploads\/2023\/07\/kiboTEK_xiaomi_pad_6_011-18x9.jpg 18w, https:\/\/www.kibotek.com\/wp-content\/uploads\/2023\/07\/kiboTEK_xiaomi_pad_6_011.jpg 1772w\" sizes=\"auto, (max-width: 1024px) 100vw, 1024px\" \/> <img loading=\"lazy\" decoding=\"async\" class=\"alignleft wp-image-48996 size-large\" src=\"https:\/\/www.kibotek.com\/wp-content\/uploads\/2023\/07\/kiboTEK_xiaomi_pad_6_012-1024x457.jpg\" alt=\"\" width=\"1024\" height=\"457\" title=\"\" srcset=\"https:\/\/www.kibotek.com\/wp-content\/uploads\/2023\/07\/kiboTEK_xiaomi_pad_6_012-1024x457.jpg 1024w, https:\/\/www.kibotek.com\/wp-content\/uploads\/2023\/07\/kiboTEK_xiaomi_pad_6_012-430x192.jpg 430w, https:\/\/www.kibotek.com\/wp-content\/uploads\/2023\/07\/kiboTEK_xiaomi_pad_6_012-150x67.jpg 150w, https:\/\/www.kibotek.com\/wp-content\/uploads\/2023\/07\/kiboTEK_xiaomi_pad_6_012-700x312.jpg 700w, https:\/\/www.kibotek.com\/wp-content\/uploads\/2023\/07\/kiboTEK_xiaomi_pad_6_012-300x134.jpg 300w, https:\/\/www.kibotek.com\/wp-content\/uploads\/2023\/07\/kiboTEK_xiaomi_pad_6_012-768x342.jpg 768w, https:\/\/www.kibotek.com\/wp-content\/uploads\/2023\/07\/kiboTEK_xiaomi_pad_6_012-1536x685.jpg 1536w, https:\/\/www.kibotek.com\/wp-content\/uploads\/2023\/07\/kiboTEK_xiaomi_pad_6_012-18x8.jpg 18w, https:\/\/www.kibotek.com\/wp-content\/uploads\/2023\/07\/kiboTEK_xiaomi_pad_6_012.jpg 1785w\" sizes=\"auto, (max-width: 1024px) 100vw, 1024px\" \/> <img loading=\"lazy\" decoding=\"async\" class=\"alignleft wp-image-48997 size-large\" src=\"https:\/\/www.kibotek.com\/wp-content\/uploads\/2023\/07\/kiboTEK_xiaomi_pad_6_013-1024x408.jpg\" alt=\"\" width=\"1024\" height=\"408\" title=\"\" srcset=\"https:\/\/www.kibotek.com\/wp-content\/uploads\/2023\/07\/kiboTEK_xiaomi_pad_6_013-1024x408.jpg 1024w, https:\/\/www.kibotek.com\/wp-content\/uploads\/2023\/07\/kiboTEK_xiaomi_pad_6_013-430x171.jpg 430w, https:\/\/www.kibotek.com\/wp-content\/uploads\/2023\/07\/kiboTEK_xiaomi_pad_6_013-150x60.jpg 150w, https:\/\/www.kibotek.com\/wp-content\/uploads\/2023\/07\/kiboTEK_xiaomi_pad_6_013-700x279.jpg 700w, https:\/\/www.kibotek.com\/wp-content\/uploads\/2023\/07\/kiboTEK_xiaomi_pad_6_013-300x120.jpg 300w, https:\/\/www.kibotek.com\/wp-content\/uploads\/2023\/07\/kiboTEK_xiaomi_pad_6_013-768x306.jpg 768w, https:\/\/www.kibotek.com\/wp-content\/uploads\/2023\/07\/kiboTEK_xiaomi_pad_6_013-1536x612.jpg 1536w, https:\/\/www.kibotek.com\/wp-content\/uploads\/2023\/07\/kiboTEK_xiaomi_pad_6_013-18x7.jpg 18w, https:\/\/www.kibotek.com\/wp-content\/uploads\/2023\/07\/kiboTEK_xiaomi_pad_6_013.jpg 1805w\" sizes=\"auto, (max-width: 1024px) 100vw, 1024px\" \/> <img loading=\"lazy\" decoding=\"async\" class=\"alignleft wp-image-48998 size-large\" src=\"https:\/\/www.kibotek.com\/wp-content\/uploads\/2023\/07\/kiboTEK_xiaomi_pad_6_014-1024x381.jpg\" alt=\"\" width=\"1024\" height=\"381\" title=\"\" srcset=\"https:\/\/www.kibotek.com\/wp-content\/uploads\/2023\/07\/kiboTEK_xiaomi_pad_6_014-1024x381.jpg 1024w, https:\/\/www.kibotek.com\/wp-content\/uploads\/2023\/07\/kiboTEK_xiaomi_pad_6_014-430x160.jpg 430w, https:\/\/www.kibotek.com\/wp-content\/uploads\/2023\/07\/kiboTEK_xiaomi_pad_6_014-150x56.jpg 150w, https:\/\/www.kibotek.com\/wp-content\/uploads\/2023\/07\/kiboTEK_xiaomi_pad_6_014-700x260.jpg 700w, https:\/\/www.kibotek.com\/wp-content\/uploads\/2023\/07\/kiboTEK_xiaomi_pad_6_014-300x112.jpg 300w, https:\/\/www.kibotek.com\/wp-content\/uploads\/2023\/07\/kiboTEK_xiaomi_pad_6_014-768x286.jpg 768w, https:\/\/www.kibotek.com\/wp-content\/uploads\/2023\/07\/kiboTEK_xiaomi_pad_6_014-1536x571.jpg 1536w, https:\/\/www.kibotek.com\/wp-content\/uploads\/2023\/07\/kiboTEK_xiaomi_pad_6_014-18x7.jpg 18w, https:\/\/www.kibotek.com\/wp-content\/uploads\/2023\/07\/kiboTEK_xiaomi_pad_6_014.jpg 1805w\" sizes=\"auto, (max-width: 1024px) 100vw, 1024px\" \/> <img loading=\"lazy\" decoding=\"async\" class=\"alignleft wp-image-48999 size-large\" src=\"https:\/\/www.kibotek.com\/wp-content\/uploads\/2023\/07\/kiboTEK_xiaomi_pad_6_015-1024x475.jpg\" alt=\"\" width=\"1024\" height=\"475\" title=\"\" srcset=\"https:\/\/www.kibotek.com\/wp-content\/uploads\/2023\/07\/kiboTEK_xiaomi_pad_6_015-1024x475.jpg 1024w, https:\/\/www.kibotek.com\/wp-content\/uploads\/2023\/07\/kiboTEK_xiaomi_pad_6_015-430x199.jpg 430w, https:\/\/www.kibotek.com\/wp-content\/uploads\/2023\/07\/kiboTEK_xiaomi_pad_6_015-150x70.jpg 150w, https:\/\/www.kibotek.com\/wp-content\/uploads\/2023\/07\/kiboTEK_xiaomi_pad_6_015-700x324.jpg 700w, https:\/\/www.kibotek.com\/wp-content\/uploads\/2023\/07\/kiboTEK_xiaomi_pad_6_015-300x139.jpg 300w, https:\/\/www.kibotek.com\/wp-content\/uploads\/2023\/07\/kiboTEK_xiaomi_pad_6_015-768x356.jpg 768w, https:\/\/www.kibotek.com\/wp-content\/uploads\/2023\/07\/kiboTEK_xiaomi_pad_6_015-1536x712.jpg 1536w, https:\/\/www.kibotek.com\/wp-content\/uploads\/2023\/07\/kiboTEK_xiaomi_pad_6_015-18x8.jpg 18w, https:\/\/www.kibotek.com\/wp-content\/uploads\/2023\/07\/kiboTEK_xiaomi_pad_6_015.jpg 1713w\" sizes=\"auto, (max-width: 1024px) 100vw, 1024px\" \/> <img loading=\"lazy\" decoding=\"async\" class=\"alignleft wp-image-48989 size-large\" src=\"https:\/\/www.kibotek.com\/wp-content\/uploads\/2023\/07\/kiboTEK_xiaomi_pad_6_005-1024x361.jpg\" alt=\"\" width=\"1024\" height=\"361\" title=\"\" srcset=\"https:\/\/www.kibotek.com\/wp-content\/uploads\/2023\/07\/kiboTEK_xiaomi_pad_6_005-1024x361.jpg 1024w, https:\/\/www.kibotek.com\/wp-content\/uploads\/2023\/07\/kiboTEK_xiaomi_pad_6_005-430x152.jpg 430w, https:\/\/www.kibotek.com\/wp-content\/uploads\/2023\/07\/kiboTEK_xiaomi_pad_6_005-150x53.jpg 150w, https:\/\/www.kibotek.com\/wp-content\/uploads\/2023\/07\/kiboTEK_xiaomi_pad_6_005-700x247.jpg 700w, https:\/\/www.kibotek.com\/wp-content\/uploads\/2023\/07\/kiboTEK_xiaomi_pad_6_005-300x106.jpg 300w, https:\/\/www.kibotek.com\/wp-content\/uploads\/2023\/07\/kiboTEK_xiaomi_pad_6_005-768x271.jpg 768w, https:\/\/www.kibotek.com\/wp-content\/uploads\/2023\/07\/kiboTEK_xiaomi_pad_6_005-1536x542.jpg 1536w, https:\/\/www.kibotek.com\/wp-content\/uploads\/2023\/07\/kiboTEK_xiaomi_pad_6_005-18x6.jpg 18w, https:\/\/www.kibotek.com\/wp-content\/uploads\/2023\/07\/kiboTEK_xiaomi_pad_6_005.jpg 1778w\" sizes=\"auto, (max-width: 1024px) 100vw, 1024px\" \/><\/p>","protected":false},"excerpt":{"rendered":"<div class=\"woocommerce-product-details__short-description\">\n<p><strong><em>JETZT KAUFEN UND IN 24 STUNDEN IN DER HALBINSEL ERHALTEN \ud83d\ude80<\/em><\/strong><\/p>\n<p><strong><em>JETZT KAUFEN UND IN 72 STUNDEN IN EUROPA ERHALTEN \ud83d\ude80<\/em><\/strong><\/p>\n<p><strong><em>3 JAHRE OFFIZIELLE GARANTIE \u2699\ufe0f<\/em><\/strong><\/p>\n<\/div>","protected":false},"featured_media":48987,"comment_status":"open","ping_status":"closed","template":"","meta":{"iawp_total_views":170},"product_brand":[8155],"product_cat":[79,78,332,7076,7912],"product_tag":[7698],"class_list":{"0":"post-48978","1":"product","2":"type-product","3":"status-publish","4":"has-post-thumbnail","6":"product_brand-comprar-lo-mejor-de-xiaomi","7":"product_cat-comprar-los-mejores-moviles","8":"product_cat-comprar-los-mejores-moviles-de-gama-flagship","9":"product_cat-comprar-los-mejores-moviles-mas-famosos","10":"product_cat-informatica","11":"product_cat-tablets-xiaomi","12":"product_tag-all","13":"pa_otros-wlan-8x8-mimo","14":"pa_procesador-qualcomm-snapdragon-870","15":"pa_sistema-operativo-sistema-operativo-miui-14-for-pad-basado-en-android-13-os","17":"first","18":"outofstock","19":"taxable","20":"shipping-taxable","21":"purchasable","22":"product-type-variable","23":"has-default-attributes"},"supplier_id":null,"supplier_sku":"","barcode":null,"atum_controlled":true,"out_stock_date":null,"out_stock_threshold":null,"inheritable":true,"inbound_stock":null,"stock_on_hold":0,"sold_today":0,"sales_last_days":0,"reserved_stock":null,"customer_returns":null,"warehouse_damage":null,"lost_in_post":null,"other_logs":null,"out_stock_days":0,"lost_sales":0,"has_location":true,"update_date":"2026-05-08T21:10:40","atum_locations":[{"id":41,"name":"Bilbao","slug":"bilbao"}],"atum_stock_status":"outofstock","restock_status":false,"low_stock_amount":"","sales_update_date":"2026-04-29T00:01:00","calc_backorders":null,"_links":{"self":[{"href":"https:\/\/www.kibotek.com\/de\/wp-json\/wp\/v2\/product\/48978","targetHints":{"allow":["GET"]}}],"collection":[{"href":"https:\/\/www.kibotek.com\/de\/wp-json\/wp\/v2\/product"}],"about":[{"href":"https:\/\/www.kibotek.com\/de\/wp-json\/wp\/v2\/types\/product"}],"replies":[{"embeddable":true,"href":"https:\/\/www.kibotek.com\/de\/wp-json\/wp\/v2\/comments?post=48978"}],"version-history":[{"count":0,"href":"https:\/\/www.kibotek.com\/de\/wp-json\/wp\/v2\/product\/48978\/revisions"}],"wp:featuredmedia":[{"embeddable":true,"href":"https:\/\/www.kibotek.com\/de\/wp-json\/wp\/v2\/media\/48987"}],"wp:attachment":[{"href":"https:\/\/www.kibotek.com\/de\/wp-json\/wp\/v2\/media?parent=48978"}],"wp:term":[{"taxonomy":"product_brand","embeddable":true,"href":"https:\/\/www.kibotek.com\/de\/wp-json\/wp\/v2\/product_brand?post=48978"},{"taxonomy":"product_cat","embeddable":true,"href":"https:\/\/www.kibotek.com\/de\/wp-json\/wp\/v2\/product_cat?post=48978"},{"taxonomy":"product_tag","embeddable":true,"href":"https:\/\/www.kibotek.com\/de\/wp-json\/wp\/v2\/product_tag?post=48978"}],"curies":[{"name":"wp","href":"https:\/\/api.w.org\/{rel}","templated":true}]}}