{"id":45852,"date":"2022-12-02T10:58:06","date_gmt":"2022-12-02T09:58:06","guid":{"rendered":"https:\/\/www.kibotek.com\/?post_type=product&#038;p=45852"},"modified":"2026-05-06T23:13:36","modified_gmt":"2026-05-06T21:13:36","slug":"xiaomi-smart-kamera-c300-2k","status":"publish","type":"product","link":"https:\/\/www.kibotek.com\/de\/kibostore\/xiaomi-smart-camera-c300-2k\/","title":{"rendered":"Xiaomi Smart Kamera C300 2K"},"content":{"rendered":"<p>Kaufen Sie die Xiaomi Smart Camera C300 2K mit Versand von Spanien nach ganz Europa in 24\/72 Stunden und einer zweij\u00e4hrigen Garantie.<\/p>\n<ul>\n<li>Videoaufl\u00f6sung: 2K<\/li>\n<li>360 Grad Betrachtungswinkel<\/li>\n<li>Infrarot Nachtsicht<\/li>\n<li>2,4 GHz WiFi-Verbindung<\/li>\n<li>Unterst\u00fctzt SD-Karten bis zu 256GB<\/li>\n<li>Google Assistant und Alexa kompatibel<\/li>\n<li>Baby-Schrei-Detektor<\/li>\n<li>Lautsprecher und Mikrofon<\/li>\n<li>Abmessungen: 11,5 x 7,8 x 7,8 cm<\/li>\n<li>Kompatibel mit Android 4.4 oder h\u00f6her und IOS 9.0 oder h\u00f6her<\/li>\n<\/ul>\n<p><strong>Inhalt der Box<\/strong><\/p>\n<ul>\n<li>1 x Xiaomi Mi 360\u00ba Smart Kamera C300 2K<\/li>\n<li>1 x USB-Ladekabel<\/li>\n<li>1 x Ladeger\u00e4t<\/li>\n<li>1 x Installationskit<\/li>\n<li>1 x Benutzerhandbuch<\/li>\n<\/ul>\n<p><img loading=\"lazy\" decoding=\"async\" class=\"alignleft wp-image-45854 size-large\" src=\"https:\/\/www.kibotek.com\/wp-content\/uploads\/2022\/12\/kiboTEK_xiaomi_camera_c300_002-1024x467.jpg\" alt=\"\" width=\"1024\" height=\"467\" title=\"\" srcset=\"https:\/\/www.kibotek.com\/wp-content\/uploads\/2022\/12\/kiboTEK_xiaomi_camera_c300_002-1024x467.jpg 1024w, https:\/\/www.kibotek.com\/wp-content\/uploads\/2022\/12\/kiboTEK_xiaomi_camera_c300_002-430x196.jpg 430w, https:\/\/www.kibotek.com\/wp-content\/uploads\/2022\/12\/kiboTEK_xiaomi_camera_c300_002-150x68.jpg 150w, https:\/\/www.kibotek.com\/wp-content\/uploads\/2022\/12\/kiboTEK_xiaomi_camera_c300_002-700x319.jpg 700w, https:\/\/www.kibotek.com\/wp-content\/uploads\/2022\/12\/kiboTEK_xiaomi_camera_c300_002-300x137.jpg 300w, https:\/\/www.kibotek.com\/wp-content\/uploads\/2022\/12\/kiboTEK_xiaomi_camera_c300_002-768x350.jpg 768w, https:\/\/www.kibotek.com\/wp-content\/uploads\/2022\/12\/kiboTEK_xiaomi_camera_c300_002-18x8.jpg 18w, https:\/\/www.kibotek.com\/wp-content\/uploads\/2022\/12\/kiboTEK_xiaomi_camera_c300_002.jpg 1147w\" sizes=\"auto, (max-width: 1024px) 100vw, 1024px\" \/><\/p>\n<h3>Xiaomi Sicherheitskamera 2K C300 zur \u00dcberwachung Ihres Zuhauses und Ihrer Lieben.<\/h3>\n<p>Dieses Mal \u00fcberrascht uns das chinesische Unternehmen Xiaomi erneut mit einer Weiterentwicklung seiner meistverkauften Heimsicherheitskamera in den letzten Jahren. Diese Xiaomi mi 360 Grad 2K kann Ihr Leben ver\u00e4ndern. Wenn Sie Sicherheit f\u00fcr Ihr Zuhause ben\u00f6tigen, sich Sorgen um die Sicherheit Ihrer Verwandten, \u00e4lteren Menschen oder Ihrer Babys machen, k\u00f6nnen Sie mit dieser neuen Kamera alles steuern. Es passt sich mit seinen verschiedenen Technologien perfekt an alle Situationen an und verf\u00fcgt \u00fcber eine 360 \u00b0 -Sichtkapazit\u00e4t, sodass Sie nichts verpassen.<\/p>\n<p><img loading=\"lazy\" decoding=\"async\" class=\"alignleft wp-image-45862 size-large\" src=\"https:\/\/www.kibotek.com\/wp-content\/uploads\/2022\/12\/kiboTEK_xiaomi_camera_c300_010-1024x401.jpg\" alt=\"\" width=\"1024\" height=\"401\" title=\"\" srcset=\"https:\/\/www.kibotek.com\/wp-content\/uploads\/2022\/12\/kiboTEK_xiaomi_camera_c300_010-1024x401.jpg 1024w, https:\/\/www.kibotek.com\/wp-content\/uploads\/2022\/12\/kiboTEK_xiaomi_camera_c300_010-430x168.jpg 430w, https:\/\/www.kibotek.com\/wp-content\/uploads\/2022\/12\/kiboTEK_xiaomi_camera_c300_010-150x59.jpg 150w, https:\/\/www.kibotek.com\/wp-content\/uploads\/2022\/12\/kiboTEK_xiaomi_camera_c300_010-700x274.jpg 700w, https:\/\/www.kibotek.com\/wp-content\/uploads\/2022\/12\/kiboTEK_xiaomi_camera_c300_010-300x118.jpg 300w, https:\/\/www.kibotek.com\/wp-content\/uploads\/2022\/12\/kiboTEK_xiaomi_camera_c300_010-768x301.jpg 768w, https:\/\/www.kibotek.com\/wp-content\/uploads\/2022\/12\/kiboTEK_xiaomi_camera_c300_010-18x7.jpg 18w, https:\/\/www.kibotek.com\/wp-content\/uploads\/2022\/12\/kiboTEK_xiaomi_camera_c300_010.jpg 1238w\" sizes=\"auto, (max-width: 1024px) 100vw, 1024px\" \/><\/p>\n<p><img loading=\"lazy\" decoding=\"async\" class=\"alignleft wp-image-45863 size-large\" src=\"https:\/\/www.kibotek.com\/wp-content\/uploads\/2022\/12\/kiboTEK_xiaomi_camera_c300_011-1024x469.jpg\" alt=\"\" width=\"1024\" height=\"469\" title=\"\" srcset=\"https:\/\/www.kibotek.com\/wp-content\/uploads\/2022\/12\/kiboTEK_xiaomi_camera_c300_011-1024x469.jpg 1024w, https:\/\/www.kibotek.com\/wp-content\/uploads\/2022\/12\/kiboTEK_xiaomi_camera_c300_011-430x197.jpg 430w, https:\/\/www.kibotek.com\/wp-content\/uploads\/2022\/12\/kiboTEK_xiaomi_camera_c300_011-150x69.jpg 150w, https:\/\/www.kibotek.com\/wp-content\/uploads\/2022\/12\/kiboTEK_xiaomi_camera_c300_011-700x320.jpg 700w, https:\/\/www.kibotek.com\/wp-content\/uploads\/2022\/12\/kiboTEK_xiaomi_camera_c300_011-300x137.jpg 300w, https:\/\/www.kibotek.com\/wp-content\/uploads\/2022\/12\/kiboTEK_xiaomi_camera_c300_011-768x351.jpg 768w, https:\/\/www.kibotek.com\/wp-content\/uploads\/2022\/12\/kiboTEK_xiaomi_camera_c300_011-18x8.jpg 18w, https:\/\/www.kibotek.com\/wp-content\/uploads\/2022\/12\/kiboTEK_xiaomi_camera_c300_011.jpg 1145w\" sizes=\"auto, (max-width: 1024px) 100vw, 1024px\" \/> <img loading=\"lazy\" decoding=\"async\" class=\"alignleft wp-image-45856 size-large\" src=\"https:\/\/www.kibotek.com\/wp-content\/uploads\/2022\/12\/kiboTEK_xiaomi_camera_c300_004-1024x434.jpg\" alt=\"\" width=\"1024\" height=\"434\" title=\"\" srcset=\"https:\/\/www.kibotek.com\/wp-content\/uploads\/2022\/12\/kiboTEK_xiaomi_camera_c300_004-1024x434.jpg 1024w, https:\/\/www.kibotek.com\/wp-content\/uploads\/2022\/12\/kiboTEK_xiaomi_camera_c300_004-430x182.jpg 430w, https:\/\/www.kibotek.com\/wp-content\/uploads\/2022\/12\/kiboTEK_xiaomi_camera_c300_004-150x64.jpg 150w, https:\/\/www.kibotek.com\/wp-content\/uploads\/2022\/12\/kiboTEK_xiaomi_camera_c300_004-700x296.jpg 700w, https:\/\/www.kibotek.com\/wp-content\/uploads\/2022\/12\/kiboTEK_xiaomi_camera_c300_004-300x127.jpg 300w, https:\/\/www.kibotek.com\/wp-content\/uploads\/2022\/12\/kiboTEK_xiaomi_camera_c300_004-768x325.jpg 768w, https:\/\/www.kibotek.com\/wp-content\/uploads\/2022\/12\/kiboTEK_xiaomi_camera_c300_004-18x8.jpg 18w, https:\/\/www.kibotek.com\/wp-content\/uploads\/2022\/12\/kiboTEK_xiaomi_camera_c300_004.jpg 1190w\" sizes=\"auto, (max-width: 1024px) 100vw, 1024px\" \/><\/p>\n<h3>2K, damit Sie keine Details verpassen<\/h3>\n<p>Es hat eine spektakul\u00e4re Aufl\u00f6sung, so dass Sie die Bilder mit der besten Qualit\u00e4t sehen k\u00f6nnen. Ohne Zweifel ist diese neue Xiaomi-Kamera eine der Kameras, die Ihnen die beste Video- und Audioqualit\u00e4t aller derzeit auf dem Markt befindlichen bietet. Das Objektiv verf\u00fcgt \u00fcber einen Sensor mit 2K-Aufl\u00f6sung, mit dem Sie alles, was Sie in Ihrem Zuhause ben\u00f6tigen, in spektakul\u00e4rer Qualit\u00e4t sehen k\u00f6nnen. Sie k\u00f6nnen den gesamten Raum steuern, in dem Sie das Ger\u00e4t installieren, da es sich um 360 \u00b0 drehen l\u00e4sst, was Sie \u00fcber die APP (My Home) und auf Ihrem Handy steuern k\u00f6nnen. Es ist eine Kamera mit integrierten Kopfh\u00f6rern und Lautsprechern, um mit Ihren Lieben zu kommunizieren.<\/p>\n<p><img loading=\"lazy\" decoding=\"async\" class=\"alignleft wp-image-45855 size-large\" src=\"https:\/\/www.kibotek.com\/wp-content\/uploads\/2022\/12\/kiboTEK_xiaomi_camera_c300_003-1024x318.jpg\" alt=\"\" width=\"1024\" height=\"318\" title=\"\" srcset=\"https:\/\/www.kibotek.com\/wp-content\/uploads\/2022\/12\/kiboTEK_xiaomi_camera_c300_003-1024x318.jpg 1024w, https:\/\/www.kibotek.com\/wp-content\/uploads\/2022\/12\/kiboTEK_xiaomi_camera_c300_003-430x134.jpg 430w, https:\/\/www.kibotek.com\/wp-content\/uploads\/2022\/12\/kiboTEK_xiaomi_camera_c300_003-150x47.jpg 150w, https:\/\/www.kibotek.com\/wp-content\/uploads\/2022\/12\/kiboTEK_xiaomi_camera_c300_003-700x218.jpg 700w, https:\/\/www.kibotek.com\/wp-content\/uploads\/2022\/12\/kiboTEK_xiaomi_camera_c300_003-300x93.jpg 300w, https:\/\/www.kibotek.com\/wp-content\/uploads\/2022\/12\/kiboTEK_xiaomi_camera_c300_003-768x239.jpg 768w, https:\/\/www.kibotek.com\/wp-content\/uploads\/2022\/12\/kiboTEK_xiaomi_camera_c300_003-18x6.jpg 18w, https:\/\/www.kibotek.com\/wp-content\/uploads\/2022\/12\/kiboTEK_xiaomi_camera_c300_003.jpg 1389w\" sizes=\"auto, (max-width: 1024px) 100vw, 1024px\" \/> <img loading=\"lazy\" decoding=\"async\" class=\"alignleft wp-image-45858 size-large\" src=\"https:\/\/www.kibotek.com\/wp-content\/uploads\/2022\/12\/kiboTEK_xiaomi_camera_c300_006-1024x467.jpg\" alt=\"\" width=\"1024\" height=\"467\" title=\"\" srcset=\"https:\/\/www.kibotek.com\/wp-content\/uploads\/2022\/12\/kiboTEK_xiaomi_camera_c300_006-1024x467.jpg 1024w, https:\/\/www.kibotek.com\/wp-content\/uploads\/2022\/12\/kiboTEK_xiaomi_camera_c300_006-430x196.jpg 430w, https:\/\/www.kibotek.com\/wp-content\/uploads\/2022\/12\/kiboTEK_xiaomi_camera_c300_006-150x68.jpg 150w, https:\/\/www.kibotek.com\/wp-content\/uploads\/2022\/12\/kiboTEK_xiaomi_camera_c300_006-700x319.jpg 700w, https:\/\/www.kibotek.com\/wp-content\/uploads\/2022\/12\/kiboTEK_xiaomi_camera_c300_006-300x137.jpg 300w, https:\/\/www.kibotek.com\/wp-content\/uploads\/2022\/12\/kiboTEK_xiaomi_camera_c300_006-768x350.jpg 768w, https:\/\/www.kibotek.com\/wp-content\/uploads\/2022\/12\/kiboTEK_xiaomi_camera_c300_006-18x8.jpg 18w, https:\/\/www.kibotek.com\/wp-content\/uploads\/2022\/12\/kiboTEK_xiaomi_camera_c300_006.jpg 1148w\" sizes=\"auto, (max-width: 1024px) 100vw, 1024px\" \/><\/p>\n<h3>WiFi und Bluetooth, um niemals die Verbindung zu dem zu trennen, was f\u00fcr Sie wichtig ist<\/h3>\n<p>Zu seinen Funktionen geh\u00f6rt eine Dual-Band-WLAN-Verbindung mit superschneller Bluetooth-Verbindung, sodass Sie nie ohne Verbindung bleiben. Nat\u00fcrlich haben wir auch einen Sprachassistenten bei Alexa und Google.<\/p>\n<p>Ein weiterer Vorteil dieser Kamera ist die Gesichtserkennung. Neue Eltern werden es zu sch\u00e4tzen wissen, dass sie \u00fcber einen Baby-Weindetektor verf\u00fcgt, sodass Sie jederzeit wissen, dass sich Ihr Baby in einwandfreiem Zustand befindet.<\/p>\n<p><strong>Ein weiterer Vorteil dieser neuen Xiaomi-Kamera besteht darin, dass sie \u00fcber integriertes Infrarot verf\u00fcgt, sodass Sie volle Nachtsicht haben.<\/strong><\/p>\n<p><img loading=\"lazy\" decoding=\"async\" class=\"alignleft wp-image-45853 size-large\" src=\"https:\/\/www.kibotek.com\/wp-content\/uploads\/2022\/12\/kiboTEK_xiaomi_camera_c300_001-1024x344.jpg\" alt=\"\" width=\"1024\" height=\"344\" title=\"\" srcset=\"https:\/\/www.kibotek.com\/wp-content\/uploads\/2022\/12\/kiboTEK_xiaomi_camera_c300_001-1024x344.jpg 1024w, https:\/\/www.kibotek.com\/wp-content\/uploads\/2022\/12\/kiboTEK_xiaomi_camera_c300_001-430x144.jpg 430w, https:\/\/www.kibotek.com\/wp-content\/uploads\/2022\/12\/kiboTEK_xiaomi_camera_c300_001-150x50.jpg 150w, https:\/\/www.kibotek.com\/wp-content\/uploads\/2022\/12\/kiboTEK_xiaomi_camera_c300_001-700x235.jpg 700w, https:\/\/www.kibotek.com\/wp-content\/uploads\/2022\/12\/kiboTEK_xiaomi_camera_c300_001-300x101.jpg 300w, https:\/\/www.kibotek.com\/wp-content\/uploads\/2022\/12\/kiboTEK_xiaomi_camera_c300_001-768x258.jpg 768w, https:\/\/www.kibotek.com\/wp-content\/uploads\/2022\/12\/kiboTEK_xiaomi_camera_c300_001-18x6.jpg 18w, https:\/\/www.kibotek.com\/wp-content\/uploads\/2022\/12\/kiboTEK_xiaomi_camera_c300_001.jpg 1337w\" sizes=\"auto, (max-width: 1024px) 100vw, 1024px\" \/> <img loading=\"lazy\" decoding=\"async\" class=\"alignleft wp-image-45860 size-large\" src=\"https:\/\/www.kibotek.com\/wp-content\/uploads\/2022\/12\/kiboTEK_xiaomi_camera_c300_008-1024x426.jpg\" alt=\"\" width=\"1024\" height=\"426\" title=\"\" srcset=\"https:\/\/www.kibotek.com\/wp-content\/uploads\/2022\/12\/kiboTEK_xiaomi_camera_c300_008-1024x426.jpg 1024w, https:\/\/www.kibotek.com\/wp-content\/uploads\/2022\/12\/kiboTEK_xiaomi_camera_c300_008-430x179.jpg 430w, https:\/\/www.kibotek.com\/wp-content\/uploads\/2022\/12\/kiboTEK_xiaomi_camera_c300_008-150x62.jpg 150w, https:\/\/www.kibotek.com\/wp-content\/uploads\/2022\/12\/kiboTEK_xiaomi_camera_c300_008-700x291.jpg 700w, https:\/\/www.kibotek.com\/wp-content\/uploads\/2022\/12\/kiboTEK_xiaomi_camera_c300_008-300x125.jpg 300w, https:\/\/www.kibotek.com\/wp-content\/uploads\/2022\/12\/kiboTEK_xiaomi_camera_c300_008-768x320.jpg 768w, https:\/\/www.kibotek.com\/wp-content\/uploads\/2022\/12\/kiboTEK_xiaomi_camera_c300_008-18x7.jpg 18w, https:\/\/www.kibotek.com\/wp-content\/uploads\/2022\/12\/kiboTEK_xiaomi_camera_c300_008.jpg 1201w\" sizes=\"auto, (max-width: 1024px) 100vw, 1024px\" \/> <a href=\"https:\/\/www.kibotek.com\/wp-content\/uploads\/2022\/12\/kiboTEK_xiaomi_camera_c300_007.jpg\"><img loading=\"lazy\" decoding=\"async\" class=\"alignleft wp-image-45859 size-large\" src=\"https:\/\/www.kibotek.com\/wp-content\/uploads\/2022\/12\/kiboTEK_xiaomi_camera_c300_007-1024x242.jpg\" alt=\"\" width=\"1024\" height=\"242\" title=\"\" srcset=\"https:\/\/www.kibotek.com\/wp-content\/uploads\/2022\/12\/kiboTEK_xiaomi_camera_c300_007-1024x242.jpg 1024w, https:\/\/www.kibotek.com\/wp-content\/uploads\/2022\/12\/kiboTEK_xiaomi_camera_c300_007-430x102.jpg 430w, https:\/\/www.kibotek.com\/wp-content\/uploads\/2022\/12\/kiboTEK_xiaomi_camera_c300_007-150x36.jpg 150w, https:\/\/www.kibotek.com\/wp-content\/uploads\/2022\/12\/kiboTEK_xiaomi_camera_c300_007-700x166.jpg 700w, https:\/\/www.kibotek.com\/wp-content\/uploads\/2022\/12\/kiboTEK_xiaomi_camera_c300_007-300x71.jpg 300w, https:\/\/www.kibotek.com\/wp-content\/uploads\/2022\/12\/kiboTEK_xiaomi_camera_c300_007-768x182.jpg 768w, https:\/\/www.kibotek.com\/wp-content\/uploads\/2022\/12\/kiboTEK_xiaomi_camera_c300_007-1536x364.jpg 1536w, https:\/\/www.kibotek.com\/wp-content\/uploads\/2022\/12\/kiboTEK_xiaomi_camera_c300_007-18x4.jpg 18w, https:\/\/www.kibotek.com\/wp-content\/uploads\/2022\/12\/kiboTEK_xiaomi_camera_c300_007.jpg 1592w\" sizes=\"auto, (max-width: 1024px) 100vw, 1024px\" \/><\/a><\/p>\n<p>Kurz gesagt, wir bei kiboTEK denken, dass es eine der besten \u00dcberwachungskameras in Bezug auf Qualit\u00e4t \/ Preis ist. Ein Wunder, das f\u00fcr jedermann erreichbar ist. Ihr Seelenfrieden ist es wert.<\/p>\n<p>Bei kiboTEK versenden wir die Xiaomi Mi 360\u00ba Smart Camera C300 2K in mehr als 30 verschiedene L\u00e4nder in Europa <strong>24 \/ 72h mit zwei Jahren Garantie<\/strong>. \u00dcberpr\u00fcfen und berechnen Sie die Versandkosten im Warenkorb, indem Sie Ihre Adresse eingeben.<\/p>","protected":false},"excerpt":{"rendered":"<p><strong><em>JETZT KAUFEN UND IN 24 STUNDEN IN SPANIEN ERHALTEN<\/em><\/strong><\/p>\n<p><strong><em>JETZT KAUFEN UND IN 72 STUNDEN IN EUROPA ERHALTEN \ud83d\ude80<\/em><\/strong><\/p>","protected":false},"featured_media":45864,"comment_status":"open","ping_status":"closed","template":"","meta":{"iawp_total_views":89},"product_brand":[8155],"product_cat":[5515,5521],"product_tag":[1798,7698,6771],"class_list":{"0":"post-45852","1":"product","2":"type-product","3":"status-publish","4":"has-post-thumbnail","6":"product_brand-comprar-lo-mejor-de-xiaomi","7":"product_cat-smartwatch-pulseras-tv-auriculares-smarthome-salud-relojes-para-ninos","8":"product_cat-comprar-smarthome-scooters-camaras","9":"product_tag-acc_top","10":"product_tag-all","11":"product_tag-ofertas","13":"first","14":"instock","15":"taxable","16":"shipping-taxable","17":"purchasable","18":"product-type-simple"},"supplier_id":null,"supplier_sku":"","barcode":null,"atum_controlled":true,"out_stock_date":null,"out_stock_threshold":null,"inheritable":false,"inbound_stock":null,"stock_on_hold":0,"sold_today":0,"sales_last_days":0,"reserved_stock":null,"customer_returns":null,"warehouse_damage":null,"lost_in_post":null,"other_logs":null,"out_stock_days":0,"lost_sales":0,"has_location":true,"update_date":"2026-05-06T21:13:39","atum_locations":[{"id":41,"name":"Bilbao","slug":"bilbao"}],"atum_stock_status":"instock","restock_status":false,"low_stock_amount":0,"sales_update_date":"2026-04-29T00:01:02","calc_backorders":null,"_links":{"self":[{"href":"https:\/\/www.kibotek.com\/de\/wp-json\/wp\/v2\/product\/45852","targetHints":{"allow":["GET"]}}],"collection":[{"href":"https:\/\/www.kibotek.com\/de\/wp-json\/wp\/v2\/product"}],"about":[{"href":"https:\/\/www.kibotek.com\/de\/wp-json\/wp\/v2\/types\/product"}],"replies":[{"embeddable":true,"href":"https:\/\/www.kibotek.com\/de\/wp-json\/wp\/v2\/comments?post=45852"}],"version-history":[{"count":0,"href":"https:\/\/www.kibotek.com\/de\/wp-json\/wp\/v2\/product\/45852\/revisions"}],"wp:featuredmedia":[{"embeddable":true,"href":"https:\/\/www.kibotek.com\/de\/wp-json\/wp\/v2\/media\/45864"}],"wp:attachment":[{"href":"https:\/\/www.kibotek.com\/de\/wp-json\/wp\/v2\/media?parent=45852"}],"wp:term":[{"taxonomy":"product_brand","embeddable":true,"href":"https:\/\/www.kibotek.com\/de\/wp-json\/wp\/v2\/product_brand?post=45852"},{"taxonomy":"product_cat","embeddable":true,"href":"https:\/\/www.kibotek.com\/de\/wp-json\/wp\/v2\/product_cat?post=45852"},{"taxonomy":"product_tag","embeddable":true,"href":"https:\/\/www.kibotek.com\/de\/wp-json\/wp\/v2\/product_tag?post=45852"}],"curies":[{"name":"wp","href":"https:\/\/api.w.org\/{rel}","templated":true}]}}