{"id":45202,"date":"2022-10-21T17:03:29","date_gmt":"2022-10-21T15:03:29","guid":{"rendered":"https:\/\/www.kibotek.com\/?post_type=product&#038;p=45202"},"modified":"2026-05-08T23:16:19","modified_gmt":"2026-05-08T21:16:19","slug":"realme-c21y-4gb-64gb-unsealed-km-0","status":"publish","type":"product","link":"https:\/\/www.kibotek.com\/de\/kibostore\/realme-c21y-4gb-64gb-desprecintado-km-0\/","title":{"rendered":"Realme C21Y 4GB\/64GB Unversiegelt KM 0"},"content":{"rendered":"<p>Kaufen <a href=\"https:\/\/www.kibotek.com\/de\/brand\/buy-the-best-of-oppo\/kaufen-das-beste-von-realme\/\">Realme<\/a> C21Y 4GB\/64GB Unsealed KM 0 mit Versand in 24\/72h von Spanien nach ganz Europa<\/p>\n<ul>\n<li>6,5 &quot;IPS LCD HD + Bildschirm<\/li>\n<li>Unisoc Tiger T610 1,8 GHz-Prozessor<\/li>\n<li>ARM Mali G52-GPU<\/li>\n<li>Dreifache R\u00fcckfahrkamera mit 13MPX + 2MPX + 2MPX Hauptsensor<\/li>\n<li>5MPX Frontkamera<\/li>\n<li>4GB RAM 64GB ROM<\/li>\n<li>5.000 mAh Akku mit 10W Ladung<\/li>\n<li>Fingerabdrucksensor hinten<\/li>\n<li>Realme UI-Betriebssystem basierend auf Android 11 OS<\/li>\n<\/ul>\n<p>Inhalt der Box<\/p>\n<ul>\n<li>1 x Realme C21Y 4GB\/64GB Unversiegelt KM 0<\/li>\n<li>1 x Ladeger\u00e4t<\/li>\n<li>1 x Ladekabel<\/li>\n<li>1 x R\u00fcckseite<\/li>\n<\/ul>\n<p><img loading=\"lazy\" decoding=\"async\" class=\"alignleft wp-image-40407 size-large\" src=\"https:\/\/www.kibotek.com\/wp-content\/uploads\/2021\/12\/kiboTEK_realme_c21y__004-1024x654.jpg\" alt=\"\" width=\"1024\" height=\"654\" title=\"\" srcset=\"https:\/\/www.kibotek.com\/wp-content\/uploads\/2021\/12\/kiboTEK_realme_c21y__004-1024x654.jpg 1024w, https:\/\/www.kibotek.com\/wp-content\/uploads\/2021\/12\/kiboTEK_realme_c21y__004-430x275.jpg 430w, https:\/\/www.kibotek.com\/wp-content\/uploads\/2021\/12\/kiboTEK_realme_c21y__004-150x96.jpg 150w, https:\/\/www.kibotek.com\/wp-content\/uploads\/2021\/12\/kiboTEK_realme_c21y__004-700x447.jpg 700w, https:\/\/www.kibotek.com\/wp-content\/uploads\/2021\/12\/kiboTEK_realme_c21y__004-300x192.jpg 300w, https:\/\/www.kibotek.com\/wp-content\/uploads\/2021\/12\/kiboTEK_realme_c21y__004-768x490.jpg 768w, https:\/\/www.kibotek.com\/wp-content\/uploads\/2021\/12\/kiboTEK_realme_c21y__004-18x12.jpg 18w, https:\/\/www.kibotek.com\/wp-content\/uploads\/2021\/12\/kiboTEK_realme_c21y__004-600x383.jpg 600w, https:\/\/www.kibotek.com\/wp-content\/uploads\/2021\/12\/kiboTEK_realme_c21y__004.jpg 1181w\" sizes=\"auto, (max-width: 1024px) 100vw, 1024px\" \/><\/p>\n<h3><\/h3>\n<h3><\/h3>\n<h3><\/h3>\n<h3><\/h3>\n<h3><\/h3>\n<h3><\/h3>\n<h3><\/h3>\n<h3><\/h3>\n<h3><\/h3>\n<h3><\/h3>\n<h3>Realme C21Y, toller Akku und gutes Design<\/h3>\n<p>Realme pr\u00e4sentiert ein weiteres Terminal aus der C21-Reihe, es ist das C21Y, ein Einstiegsterminal, das sich im Prozessor von seinem Bruder unterscheidet: Hier haben wir statt des Mediatek einen UniSoc-Prozessor. Es zeichnet sich dadurch aus, dass es ein Terminal mit einem sch\u00f6nen Design und einem gro\u00dfartigen Akku ist.<\/p>\n<h3>6,5\u2033 HD+ Bildschirm<\/h3>\n<p>In diesem Realme C21Y haben wir einen Bildschirm von <strong>6,5-Zoll-IPS-LCD-Typ mit HD + -Aufl\u00f6sung<\/strong> (720 x 1600 Pixel). Das Seitenverh\u00e4ltnis betr\u00e4gt 20: 9. Wir haben eine Dichte von 269 ppi, praktisch wie die meisten Terminals dieses Preises. Die Selfie-Kamera befindet sich in einer wassertropfenf\u00f6rmigen Notch, die sich in der Mitte des Bildschirms befindet, das Kontrastverh\u00e4ltnis betr\u00e4gt 1500: 1, also haben wir einen Bildschirm, der uns keine Probleme bereiten wird. Zeit, um Multimedia-Inhalte anzusehen oder damit zu arbeiten unsere Lieblings-Apps.<\/p>\n<p>Wir haben das <strong>Zertifizierung des T\u00dcV Rheinland Augenkomfort-Zertifizierung<\/strong>, was uns versichert, dass wir bei der Nutzung des Terminals in unseren Augen keine Probleme haben werden.<\/p>\n<p><img loading=\"lazy\" decoding=\"async\" class=\"alignleft wp-image-40417 size-large\" src=\"https:\/\/www.kibotek.com\/wp-content\/uploads\/2021\/12\/kiboTEK_realme_c21y__014-1024x559.jpg\" alt=\"\" width=\"1024\" height=\"559\" title=\"\" srcset=\"https:\/\/www.kibotek.com\/wp-content\/uploads\/2021\/12\/kiboTEK_realme_c21y__014-1024x559.jpg 1024w, https:\/\/www.kibotek.com\/wp-content\/uploads\/2021\/12\/kiboTEK_realme_c21y__014-430x235.jpg 430w, https:\/\/www.kibotek.com\/wp-content\/uploads\/2021\/12\/kiboTEK_realme_c21y__014-150x82.jpg 150w, https:\/\/www.kibotek.com\/wp-content\/uploads\/2021\/12\/kiboTEK_realme_c21y__014-700x382.jpg 700w, https:\/\/www.kibotek.com\/wp-content\/uploads\/2021\/12\/kiboTEK_realme_c21y__014-300x164.jpg 300w, https:\/\/www.kibotek.com\/wp-content\/uploads\/2021\/12\/kiboTEK_realme_c21y__014-768x420.jpg 768w, https:\/\/www.kibotek.com\/wp-content\/uploads\/2021\/12\/kiboTEK_realme_c21y__014-18x10.jpg 18w, https:\/\/www.kibotek.com\/wp-content\/uploads\/2021\/12\/kiboTEK_realme_c21y__014-600x328.jpg 600w, https:\/\/www.kibotek.com\/wp-content\/uploads\/2021\/12\/kiboTEK_realme_c21y__014.jpg 1219w\" sizes=\"auto, (max-width: 1024px) 100vw, 1024px\" \/><\/p>\n<h3>Unisoc Tiger T610 ist das Gehirn f\u00fcr dieses Realme C21Y<\/h3>\n<p>In diesem Realme C21Y ist ein Unisoc Tiger T610 Prozessor verbaut, der mit 12 Nanometer Technologie hergestellt wird und Cortex A75 und A55 Kerne verwendet. Dieser Tiger T610 erreicht a <strong>1,8 GHz Reisegeschwindigkeit.<\/strong> Begleitet wird er auf dieser Reise von unserem alten Bekannten, ARMs Mali G52, eine Grafik mit etwas Zeit, die aber sehr gut und sehr schnell funktioniert. Kurz gesagt, wenn Sie Stunden mit Spielen verbringen m\u00f6chten, k\u00f6nnte dies Ihr Handy sein.<\/p>\n<p>Zu all dem f\u00fcgen wir einen 6,5-Zoll-IPS-Bildschirm und die <strong>4GB RAM und 64GB Speicher<\/strong>Wir stehen vor einem der besten Handys in Bezug auf Qualit\u00e4t \/ Preis, die Sie derzeit finden k\u00f6nnen.<\/p>\n<p><img loading=\"lazy\" decoding=\"async\" class=\"alignleft wp-image-40405 size-large\" src=\"https:\/\/www.kibotek.com\/wp-content\/uploads\/2021\/12\/kiboTEK_realme_c21y__002-1024x260.jpg\" alt=\"\" width=\"1024\" height=\"260\" title=\"\" srcset=\"https:\/\/www.kibotek.com\/wp-content\/uploads\/2021\/12\/kiboTEK_realme_c21y__002-1024x260.jpg 1024w, https:\/\/www.kibotek.com\/wp-content\/uploads\/2021\/12\/kiboTEK_realme_c21y__002-scaled-430x109.jpg 430w, https:\/\/www.kibotek.com\/wp-content\/uploads\/2021\/12\/kiboTEK_realme_c21y__002-scaled-150x38.jpg 150w, https:\/\/www.kibotek.com\/wp-content\/uploads\/2021\/12\/kiboTEK_realme_c21y__002-scaled-700x178.jpg 700w, https:\/\/www.kibotek.com\/wp-content\/uploads\/2021\/12\/kiboTEK_realme_c21y__002-300x76.jpg 300w, https:\/\/www.kibotek.com\/wp-content\/uploads\/2021\/12\/kiboTEK_realme_c21y__002-768x195.jpg 768w, https:\/\/www.kibotek.com\/wp-content\/uploads\/2021\/12\/kiboTEK_realme_c21y__002-1536x390.jpg 1536w, https:\/\/www.kibotek.com\/wp-content\/uploads\/2021\/12\/kiboTEK_realme_c21y__002-2048x520.jpg 2048w, https:\/\/www.kibotek.com\/wp-content\/uploads\/2021\/12\/kiboTEK_realme_c21y__002-18x5.jpg 18w, https:\/\/www.kibotek.com\/wp-content\/uploads\/2021\/12\/kiboTEK_realme_c21y__002-600x152.jpg 600w\" sizes=\"auto, (max-width: 1024px) 100vw, 1024px\" \/><\/p>\n<h3>Dreifache 13-Megapixel-R\u00fcckfahrkamera<\/h3>\n<p>Dieses neue Handy des chinesischen Unternehmens bringt eine dreifache R\u00fcckfahrkamera mit<strong> 13 Megapixel Hauptsensor<\/strong> und Blende f \/ 2.2 begleiten ein Makroobjektiv von 2 Megapixel und Blende f \/ 2.4 und der neueste Sensor f\u00fcr den Portraitmodus mit einer Aufl\u00f6sung von 2 Megapixel und Blende f \/ 2.4. Dar\u00fcber hinaus verf\u00fcgt es \u00fcber Autofokus, Touch-Fokus, Serien- oder Serienaufnahmen, ist HDR-kompatibel, verf\u00fcgt \u00fcber Gesichtserkennung oder Selbstausl\u00f6ser.<\/p>\n<p>Bei der Frontkamera haben wir eine Aufl\u00f6sung von 5 Megapixeln mit einer Blende von f \/ 2.2.<\/p>\n<p><img loading=\"lazy\" decoding=\"async\" class=\"alignleft wp-image-40408 size-large\" src=\"https:\/\/www.kibotek.com\/wp-content\/uploads\/2021\/12\/kiboTEK_realme_c21y__005-1024x684.jpg\" alt=\"\" width=\"1024\" height=\"684\" title=\"\" srcset=\"https:\/\/www.kibotek.com\/wp-content\/uploads\/2021\/12\/kiboTEK_realme_c21y__005-1024x684.jpg 1024w, https:\/\/www.kibotek.com\/wp-content\/uploads\/2021\/12\/kiboTEK_realme_c21y__005-430x287.jpg 430w, https:\/\/www.kibotek.com\/wp-content\/uploads\/2021\/12\/kiboTEK_realme_c21y__005-150x100.jpg 150w, https:\/\/www.kibotek.com\/wp-content\/uploads\/2021\/12\/kiboTEK_realme_c21y__005-700x467.jpg 700w, https:\/\/www.kibotek.com\/wp-content\/uploads\/2021\/12\/kiboTEK_realme_c21y__005-300x200.jpg 300w, https:\/\/www.kibotek.com\/wp-content\/uploads\/2021\/12\/kiboTEK_realme_c21y__005-768x513.jpg 768w, https:\/\/www.kibotek.com\/wp-content\/uploads\/2021\/12\/kiboTEK_realme_c21y__005-18x12.jpg 18w, https:\/\/www.kibotek.com\/wp-content\/uploads\/2021\/12\/kiboTEK_realme_c21y__005-600x401.jpg 600w, https:\/\/www.kibotek.com\/wp-content\/uploads\/2021\/12\/kiboTEK_realme_c21y__005.jpg 1201w\" sizes=\"auto, (max-width: 1024px) 100vw, 1024px\" \/><\/p>\n<h3>Batterie mit guter Autonomie<\/h3>\n<p>Nun, in diesem Fall haben sich die Jungs von Realme f\u00fcr eine Batterie von<strong> 5.000 Milliampere<\/strong>. Micro-USB-Anschluss und 10 Watt Aufladung.<\/p>\n<p><img loading=\"lazy\" decoding=\"async\" class=\"alignleft wp-image-40406 size-large\" src=\"https:\/\/www.kibotek.com\/wp-content\/uploads\/2021\/12\/kiboTEK_realme_c21y__003-1024x500.png\" alt=\"\" width=\"1024\" height=\"500\" title=\"\" srcset=\"https:\/\/www.kibotek.com\/wp-content\/uploads\/2021\/12\/kiboTEK_realme_c21y__003-1024x500.png 1024w, https:\/\/www.kibotek.com\/wp-content\/uploads\/2021\/12\/kiboTEK_realme_c21y__003-430x210.png 430w, https:\/\/www.kibotek.com\/wp-content\/uploads\/2021\/12\/kiboTEK_realme_c21y__003-150x73.png 150w, https:\/\/www.kibotek.com\/wp-content\/uploads\/2021\/12\/kiboTEK_realme_c21y__003-700x341.png 700w, https:\/\/www.kibotek.com\/wp-content\/uploads\/2021\/12\/kiboTEK_realme_c21y__003-300x146.png 300w, https:\/\/www.kibotek.com\/wp-content\/uploads\/2021\/12\/kiboTEK_realme_c21y__003-768x375.png 768w, https:\/\/www.kibotek.com\/wp-content\/uploads\/2021\/12\/kiboTEK_realme_c21y__003-18x9.png 18w, https:\/\/www.kibotek.com\/wp-content\/uploads\/2021\/12\/kiboTEK_realme_c21y__003-600x293.png 600w, https:\/\/www.kibotek.com\/wp-content\/uploads\/2021\/12\/kiboTEK_realme_c21y__003.png 1230w\" sizes=\"auto, (max-width: 1024px) 100vw, 1024px\" \/><\/p>\n<h3>Konnektivit\u00e4t<\/h3>\n<p>Nun, in diesem Terminal haben wir praktisch alles. WLAN, Bluetooth 5.0, Miniklinke, LTE, Micro-USB\u2026 Was man von einem Einstiegsterminal erwartet.<\/p>\n<p>Bei kiboTEK k\u00f6nnen Sie den Realme C21Y 4GB\/64GB Unsealed KM 0 mit der Garantie und Sicherheit des besten Realme-Shops in Spanien Europa kaufen.<\/p>","protected":false},"excerpt":{"rendered":"<p><strong><em>JETZT KAUFEN UND IN 24 STUNDEN IN SPANIEN ERHALTEN<\/em><\/strong><\/p>\n<p><strong><em>JETZT KAUFEN UND IN 72 STUNDEN IN EUROPA ERHALTEN \ud83d\ude80<\/em><\/strong><\/p>","protected":false},"featured_media":40409,"comment_status":"open","ping_status":"closed","template":"","meta":{"iawp_total_views":50},"product_brand":[8163],"product_cat":[76,332,79],"product_tag":[7698,6771,3977],"class_list":{"0":"post-45202","1":"product","2":"type-product","3":"status-publish","4":"has-post-thumbnail","6":"product_brand-comprar-lo-mejor-de-realme","7":"product_cat-comprar-los-mejores-moviles-de-gama-media","8":"product_cat-comprar-los-mejores-moviles-mas-famosos","9":"product_cat-comprar-los-mejores-moviles","10":"product_tag-all","11":"product_tag-ofertas","12":"product_tag-new","13":"pa_procesador-unisoc-tiger-t610","14":"pa_sistema-operativo-realme-ui-2-0-android-11","16":"first","17":"outofstock","18":"sale","19":"taxable","20":"shipping-taxable","21":"purchasable","22":"product-type-variable","23":"has-default-attributes"},"supplier_id":null,"supplier_sku":"","barcode":null,"atum_controlled":true,"out_stock_date":null,"out_stock_threshold":null,"inheritable":true,"inbound_stock":null,"stock_on_hold":0,"sold_today":0,"sales_last_days":0,"reserved_stock":null,"customer_returns":null,"warehouse_damage":null,"lost_in_post":null,"other_logs":null,"out_stock_days":0,"lost_sales":0,"has_location":true,"update_date":"2026-05-08T21:16:17","atum_locations":[{"id":41,"name":"Bilbao","slug":"bilbao"}],"atum_stock_status":"outofstock","restock_status":false,"low_stock_amount":"","sales_update_date":"2026-04-29T00:01:03","calc_backorders":null,"_links":{"self":[{"href":"https:\/\/www.kibotek.com\/de\/wp-json\/wp\/v2\/product\/45202","targetHints":{"allow":["GET"]}}],"collection":[{"href":"https:\/\/www.kibotek.com\/de\/wp-json\/wp\/v2\/product"}],"about":[{"href":"https:\/\/www.kibotek.com\/de\/wp-json\/wp\/v2\/types\/product"}],"replies":[{"embeddable":true,"href":"https:\/\/www.kibotek.com\/de\/wp-json\/wp\/v2\/comments?post=45202"}],"version-history":[{"count":0,"href":"https:\/\/www.kibotek.com\/de\/wp-json\/wp\/v2\/product\/45202\/revisions"}],"wp:featuredmedia":[{"embeddable":true,"href":"https:\/\/www.kibotek.com\/de\/wp-json\/wp\/v2\/media\/40409"}],"wp:attachment":[{"href":"https:\/\/www.kibotek.com\/de\/wp-json\/wp\/v2\/media?parent=45202"}],"wp:term":[{"taxonomy":"product_brand","embeddable":true,"href":"https:\/\/www.kibotek.com\/de\/wp-json\/wp\/v2\/product_brand?post=45202"},{"taxonomy":"product_cat","embeddable":true,"href":"https:\/\/www.kibotek.com\/de\/wp-json\/wp\/v2\/product_cat?post=45202"},{"taxonomy":"product_tag","embeddable":true,"href":"https:\/\/www.kibotek.com\/de\/wp-json\/wp\/v2\/product_tag?post=45202"}],"curies":[{"name":"wp","href":"https:\/\/api.w.org\/{rel}","templated":true}]}}