{"id":42888,"date":"2022-05-16T10:22:11","date_gmt":"2022-05-16T08:22:11","guid":{"rendered":"https:\/\/www.kibotek.com\/?post_type=product&#038;p=42888"},"modified":"2026-04-20T23:32:44","modified_gmt":"2026-04-20T21:32:44","slug":"xiaomi-gepack-classic-20-reisekoffer-schwarz","status":"publish","type":"product","link":"https:\/\/www.kibotek.com\/de\/kibostore\/xiaomi-luggage-classic-20-maleta-de-viaje-negra\/","title":{"rendered":"Xiaomi Luggage Classic 20\u2033- Schwarzer Reisekoffer"},"content":{"rendered":"<p>Kaufen Sie Xiaomi Luggage Classic 20\u2033- Schwarzer Reisekoffer mit Versand von Spanien nach ganz Europa in 24\/72h und 3 Jahren Garantie.<\/p>\n<ul>\n<li>Modell XMLXX02RM<\/li>\n<li>Produktabmessungen von 356 \u00d7 225 \u00d7 505 mm<\/li>\n<li>Gesamtabmessungen von 375 \u00d7 225 \u00d7 550 mm<\/li>\n<li>Praktischer Koffer mit einem Fassungsverm\u00f6gen von 38l<\/li>\n<li>Doppeltes TSA-Sicherheitsschloss f\u00fcr besseren Schutz Ihrer Kleidung und elektronischen Ger\u00e4te<\/li>\n<li>Hervorragende Sto\u00df- und Druckfestigkeit<\/li>\n<li>Teleskopgriff<\/li>\n<li>Leise R\u00e4der mit der M\u00f6glichkeit, sich um 360 \u00b0 zu drehen<\/li>\n<\/ul>\n<p><img loading=\"lazy\" decoding=\"async\" class=\"alignleft wp-image-42895 size-large\" src=\"https:\/\/www.kibotek.com\/wp-content\/uploads\/2022\/05\/kiboTEK_maleta_xiaomi_20_007-1024x480.jpg\" alt=\"\" width=\"1024\" height=\"480\" title=\"\" srcset=\"https:\/\/www.kibotek.com\/wp-content\/uploads\/2022\/05\/kiboTEK_maleta_xiaomi_20_007-1024x480.jpg 1024w, https:\/\/www.kibotek.com\/wp-content\/uploads\/2022\/05\/kiboTEK_maleta_xiaomi_20_007-430x202.jpg 430w, https:\/\/www.kibotek.com\/wp-content\/uploads\/2022\/05\/kiboTEK_maleta_xiaomi_20_007-150x70.jpg 150w, https:\/\/www.kibotek.com\/wp-content\/uploads\/2022\/05\/kiboTEK_maleta_xiaomi_20_007-700x328.jpg 700w, https:\/\/www.kibotek.com\/wp-content\/uploads\/2022\/05\/kiboTEK_maleta_xiaomi_20_007-300x141.jpg 300w, https:\/\/www.kibotek.com\/wp-content\/uploads\/2022\/05\/kiboTEK_maleta_xiaomi_20_007-768x360.jpg 768w, https:\/\/www.kibotek.com\/wp-content\/uploads\/2022\/05\/kiboTEK_maleta_xiaomi_20_007-1536x720.jpg 1536w, https:\/\/www.kibotek.com\/wp-content\/uploads\/2022\/05\/kiboTEK_maleta_xiaomi_20_007-2048x960.jpg 2048w, https:\/\/www.kibotek.com\/wp-content\/uploads\/2022\/05\/kiboTEK_maleta_xiaomi_20_007-18x8.jpg 18w, https:\/\/www.kibotek.com\/wp-content\/uploads\/2022\/05\/kiboTEK_maleta_xiaomi_20_007-600x281.jpg 600w\" sizes=\"auto, (max-width: 1024px) 100vw, 1024px\" \/><\/p>\n<h3>Gro\u00dfes Fassungsverm\u00f6gen von 38 l<\/h3>\n<p>Machen Sie sich dank dieses 20-Zoll-Koffers von Xiaomi bereit, auf bequemste Weise zu reisen. Mit einem Fassungsverm\u00f6gen von bis zu 38 Litern im Inneren k\u00f6nnen Sie Ihre Kleidung und Habseligkeiten f\u00fcr Ihre Reisen verstauen.<\/p>\n<p><img loading=\"lazy\" decoding=\"async\" class=\"alignleft wp-image-42891 size-large\" src=\"https:\/\/www.kibotek.com\/wp-content\/uploads\/2022\/05\/kiboTEK_maleta_xiaomi_20_003-1024x411.jpg\" alt=\"\" width=\"1024\" height=\"411\" title=\"\" srcset=\"https:\/\/www.kibotek.com\/wp-content\/uploads\/2022\/05\/kiboTEK_maleta_xiaomi_20_003-1024x411.jpg 1024w, https:\/\/www.kibotek.com\/wp-content\/uploads\/2022\/05\/kiboTEK_maleta_xiaomi_20_003-430x173.jpg 430w, https:\/\/www.kibotek.com\/wp-content\/uploads\/2022\/05\/kiboTEK_maleta_xiaomi_20_003-150x60.jpg 150w, https:\/\/www.kibotek.com\/wp-content\/uploads\/2022\/05\/kiboTEK_maleta_xiaomi_20_003-700x281.jpg 700w, https:\/\/www.kibotek.com\/wp-content\/uploads\/2022\/05\/kiboTEK_maleta_xiaomi_20_003-300x120.jpg 300w, https:\/\/www.kibotek.com\/wp-content\/uploads\/2022\/05\/kiboTEK_maleta_xiaomi_20_003-768x308.jpg 768w, https:\/\/www.kibotek.com\/wp-content\/uploads\/2022\/05\/kiboTEK_maleta_xiaomi_20_003-18x7.jpg 18w, https:\/\/www.kibotek.com\/wp-content\/uploads\/2022\/05\/kiboTEK_maleta_xiaomi_20_003-600x241.jpg 600w, https:\/\/www.kibotek.com\/wp-content\/uploads\/2022\/05\/kiboTEK_maleta_xiaomi_20_003.jpg 1256w\" sizes=\"auto, (max-width: 1024px) 100vw, 1024px\" \/> <img loading=\"lazy\" decoding=\"async\" class=\"alignleft wp-image-42892 size-large\" src=\"https:\/\/www.kibotek.com\/wp-content\/uploads\/2022\/05\/kiboTEK_maleta_xiaomi_20_004-1024x445.jpg\" alt=\"\" width=\"1024\" height=\"445\" title=\"\" srcset=\"https:\/\/www.kibotek.com\/wp-content\/uploads\/2022\/05\/kiboTEK_maleta_xiaomi_20_004-1024x445.jpg 1024w, https:\/\/www.kibotek.com\/wp-content\/uploads\/2022\/05\/kiboTEK_maleta_xiaomi_20_004-430x187.jpg 430w, https:\/\/www.kibotek.com\/wp-content\/uploads\/2022\/05\/kiboTEK_maleta_xiaomi_20_004-150x65.jpg 150w, https:\/\/www.kibotek.com\/wp-content\/uploads\/2022\/05\/kiboTEK_maleta_xiaomi_20_004-700x304.jpg 700w, https:\/\/www.kibotek.com\/wp-content\/uploads\/2022\/05\/kiboTEK_maleta_xiaomi_20_004-300x130.jpg 300w, https:\/\/www.kibotek.com\/wp-content\/uploads\/2022\/05\/kiboTEK_maleta_xiaomi_20_004-768x334.jpg 768w, https:\/\/www.kibotek.com\/wp-content\/uploads\/2022\/05\/kiboTEK_maleta_xiaomi_20_004-18x8.jpg 18w, https:\/\/www.kibotek.com\/wp-content\/uploads\/2022\/05\/kiboTEK_maleta_xiaomi_20_004-600x261.jpg 600w, https:\/\/www.kibotek.com\/wp-content\/uploads\/2022\/05\/kiboTEK_maleta_xiaomi_20_004.jpg 1254w\" sizes=\"auto, (max-width: 1024px) 100vw, 1024px\" \/> <img loading=\"lazy\" decoding=\"async\" class=\"alignleft wp-image-42893 size-large\" src=\"https:\/\/www.kibotek.com\/wp-content\/uploads\/2022\/05\/kiboTEK_maleta_xiaomi_20_005-1024x471.jpg\" alt=\"\" width=\"1024\" height=\"471\" title=\"\" srcset=\"https:\/\/www.kibotek.com\/wp-content\/uploads\/2022\/05\/kiboTEK_maleta_xiaomi_20_005-1024x471.jpg 1024w, https:\/\/www.kibotek.com\/wp-content\/uploads\/2022\/05\/kiboTEK_maleta_xiaomi_20_005-430x198.jpg 430w, https:\/\/www.kibotek.com\/wp-content\/uploads\/2022\/05\/kiboTEK_maleta_xiaomi_20_005-150x69.jpg 150w, https:\/\/www.kibotek.com\/wp-content\/uploads\/2022\/05\/kiboTEK_maleta_xiaomi_20_005-700x322.jpg 700w, https:\/\/www.kibotek.com\/wp-content\/uploads\/2022\/05\/kiboTEK_maleta_xiaomi_20_005-300x138.jpg 300w, https:\/\/www.kibotek.com\/wp-content\/uploads\/2022\/05\/kiboTEK_maleta_xiaomi_20_005-768x353.jpg 768w, https:\/\/www.kibotek.com\/wp-content\/uploads\/2022\/05\/kiboTEK_maleta_xiaomi_20_005-18x8.jpg 18w, https:\/\/www.kibotek.com\/wp-content\/uploads\/2022\/05\/kiboTEK_maleta_xiaomi_20_005-600x276.jpg 600w, https:\/\/www.kibotek.com\/wp-content\/uploads\/2022\/05\/kiboTEK_maleta_xiaomi_20_005.jpg 1264w\" sizes=\"auto, (max-width: 1024px) 100vw, 1024px\" \/><\/p>\n<h3>Sto\u00df- und druckfest<\/h3>\n<p>Es ist ein Koffer mit <strong>Hervorragende Sto\u00df- und Druckfestigkeit mit hochwertigen Materialien<\/strong>. Dieser dreischichtige PC-Verbundwerkstoff von covestro wird uns eine \u00fcberdurchschnittliche Druckfestigkeit bieten. Andererseits besteht die Oberfl\u00e4che des Koffers aus recycelbarem Material und ist deutlich kratzfester.<\/p>\n<p>Im Inneren haben wir ein leichtes Material, das sich angenehm anf\u00fchlt. Nat\u00fcrlich werden wir im Inneren praktische R\u00e4ume haben, um Kleidung und kleine Gegenst\u00e4nde mit Polyesterfaserfutter aufzubewahren.<\/p>\n<p><img loading=\"lazy\" decoding=\"async\" class=\"alignleft wp-image-42896 size-large\" src=\"https:\/\/www.kibotek.com\/wp-content\/uploads\/2022\/05\/kiboTEK_maleta_xiaomi_20_008-1024x484.jpg\" alt=\"\" width=\"1024\" height=\"484\" title=\"\" srcset=\"https:\/\/www.kibotek.com\/wp-content\/uploads\/2022\/05\/kiboTEK_maleta_xiaomi_20_008-1024x484.jpg 1024w, https:\/\/www.kibotek.com\/wp-content\/uploads\/2022\/05\/kiboTEK_maleta_xiaomi_20_008-430x203.jpg 430w, https:\/\/www.kibotek.com\/wp-content\/uploads\/2022\/05\/kiboTEK_maleta_xiaomi_20_008-150x71.jpg 150w, https:\/\/www.kibotek.com\/wp-content\/uploads\/2022\/05\/kiboTEK_maleta_xiaomi_20_008-700x331.jpg 700w, https:\/\/www.kibotek.com\/wp-content\/uploads\/2022\/05\/kiboTEK_maleta_xiaomi_20_008-300x142.jpg 300w, https:\/\/www.kibotek.com\/wp-content\/uploads\/2022\/05\/kiboTEK_maleta_xiaomi_20_008-768x363.jpg 768w, https:\/\/www.kibotek.com\/wp-content\/uploads\/2022\/05\/kiboTEK_maleta_xiaomi_20_008-18x9.jpg 18w, https:\/\/www.kibotek.com\/wp-content\/uploads\/2022\/05\/kiboTEK_maleta_xiaomi_20_008-600x284.jpg 600w, https:\/\/www.kibotek.com\/wp-content\/uploads\/2022\/05\/kiboTEK_maleta_xiaomi_20_008.jpg 1247w\" sizes=\"auto, (max-width: 1024px) 100vw, 1024px\" \/> <img loading=\"lazy\" decoding=\"async\" class=\"alignleft wp-image-42890 size-large\" src=\"https:\/\/www.kibotek.com\/wp-content\/uploads\/2022\/05\/kiboTEK_maleta_xiaomi_20_002-1024x483.jpg\" alt=\"\" width=\"1024\" height=\"483\" title=\"\" srcset=\"https:\/\/www.kibotek.com\/wp-content\/uploads\/2022\/05\/kiboTEK_maleta_xiaomi_20_002-1024x483.jpg 1024w, https:\/\/www.kibotek.com\/wp-content\/uploads\/2022\/05\/kiboTEK_maleta_xiaomi_20_002-430x203.jpg 430w, https:\/\/www.kibotek.com\/wp-content\/uploads\/2022\/05\/kiboTEK_maleta_xiaomi_20_002-150x71.jpg 150w, https:\/\/www.kibotek.com\/wp-content\/uploads\/2022\/05\/kiboTEK_maleta_xiaomi_20_002-700x330.jpg 700w, https:\/\/www.kibotek.com\/wp-content\/uploads\/2022\/05\/kiboTEK_maleta_xiaomi_20_002-300x141.jpg 300w, https:\/\/www.kibotek.com\/wp-content\/uploads\/2022\/05\/kiboTEK_maleta_xiaomi_20_002-768x362.jpg 768w, https:\/\/www.kibotek.com\/wp-content\/uploads\/2022\/05\/kiboTEK_maleta_xiaomi_20_002-18x8.jpg 18w, https:\/\/www.kibotek.com\/wp-content\/uploads\/2022\/05\/kiboTEK_maleta_xiaomi_20_002-600x283.jpg 600w, https:\/\/www.kibotek.com\/wp-content\/uploads\/2022\/05\/kiboTEK_maleta_xiaomi_20_002.jpg 1258w\" sizes=\"auto, (max-width: 1024px) 100vw, 1024px\" \/><\/p>\n<h3>Sicher mit doppeltem TSA-Schloss<\/h3>\n<p>In puncto Sicherheit k\u00f6nnen Sie sich bei diesem Xiaomi-Koffer beruhigt zur\u00fccklehnen, da er \u00fcber ein doppeltes TSA-Schloss verf\u00fcgt. Es ist wichtig, abgesehen davon, einen Koffer zu haben <strong>widerstandsf\u00e4hig bequem und leicht<\/strong>, Security sorgt daf\u00fcr, dass Ihre Objekte gut gesch\u00fctzt sind.<\/p>\n<h3>minimalistisches Design<\/h3>\n<p>Was das Design betrifft, so verf\u00fcgt dieser klassische 20-Zoll-Koffer von Xiaomi \u00fcber 360-Grad-R\u00e4der, die viel weniger Ger\u00e4usche verursachen als ein herk\u00f6mmlicher Koffer. Andererseits sind die Fu\u00dfpunkte der R\u00e4der um 12,5 mm voneinander getrennt, was Stabilit\u00e4t beim Stehen garantiert.<\/p>\n<p><img loading=\"lazy\" decoding=\"async\" class=\"alignleft wp-image-42889 size-large\" src=\"https:\/\/www.kibotek.com\/wp-content\/uploads\/2022\/05\/kiboTEK_maleta_xiaomi_20_001-1024x474.jpg\" alt=\"\" width=\"1024\" height=\"474\" title=\"\" srcset=\"https:\/\/www.kibotek.com\/wp-content\/uploads\/2022\/05\/kiboTEK_maleta_xiaomi_20_001-1024x474.jpg 1024w, https:\/\/www.kibotek.com\/wp-content\/uploads\/2022\/05\/kiboTEK_maleta_xiaomi_20_001-430x199.jpg 430w, https:\/\/www.kibotek.com\/wp-content\/uploads\/2022\/05\/kiboTEK_maleta_xiaomi_20_001-150x69.jpg 150w, https:\/\/www.kibotek.com\/wp-content\/uploads\/2022\/05\/kiboTEK_maleta_xiaomi_20_001-700x324.jpg 700w, https:\/\/www.kibotek.com\/wp-content\/uploads\/2022\/05\/kiboTEK_maleta_xiaomi_20_001-300x139.jpg 300w, https:\/\/www.kibotek.com\/wp-content\/uploads\/2022\/05\/kiboTEK_maleta_xiaomi_20_001-768x355.jpg 768w, https:\/\/www.kibotek.com\/wp-content\/uploads\/2022\/05\/kiboTEK_maleta_xiaomi_20_001-18x8.jpg 18w, https:\/\/www.kibotek.com\/wp-content\/uploads\/2022\/05\/kiboTEK_maleta_xiaomi_20_001-600x278.jpg 600w, https:\/\/www.kibotek.com\/wp-content\/uploads\/2022\/05\/kiboTEK_maleta_xiaomi_20_001.jpg 1245w\" sizes=\"auto, (max-width: 1024px) 100vw, 1024px\" \/> <img loading=\"lazy\" decoding=\"async\" class=\"alignleft wp-image-42898 size-large\" src=\"https:\/\/www.kibotek.com\/wp-content\/uploads\/2022\/05\/kiboTEK_maleta_xiaomi_20_010-1024x504.jpg\" alt=\"\" width=\"1024\" height=\"504\" title=\"\" srcset=\"https:\/\/www.kibotek.com\/wp-content\/uploads\/2022\/05\/kiboTEK_maleta_xiaomi_20_010-1024x504.jpg 1024w, https:\/\/www.kibotek.com\/wp-content\/uploads\/2022\/05\/kiboTEK_maleta_xiaomi_20_010-430x212.jpg 430w, https:\/\/www.kibotek.com\/wp-content\/uploads\/2022\/05\/kiboTEK_maleta_xiaomi_20_010-150x74.jpg 150w, https:\/\/www.kibotek.com\/wp-content\/uploads\/2022\/05\/kiboTEK_maleta_xiaomi_20_010-700x345.jpg 700w, https:\/\/www.kibotek.com\/wp-content\/uploads\/2022\/05\/kiboTEK_maleta_xiaomi_20_010-300x148.jpg 300w, https:\/\/www.kibotek.com\/wp-content\/uploads\/2022\/05\/kiboTEK_maleta_xiaomi_20_010-768x378.jpg 768w, https:\/\/www.kibotek.com\/wp-content\/uploads\/2022\/05\/kiboTEK_maleta_xiaomi_20_010-18x9.jpg 18w, https:\/\/www.kibotek.com\/wp-content\/uploads\/2022\/05\/kiboTEK_maleta_xiaomi_20_010-600x295.jpg 600w, https:\/\/www.kibotek.com\/wp-content\/uploads\/2022\/05\/kiboTEK_maleta_xiaomi_20_010.jpg 1239w\" sizes=\"auto, (max-width: 1024px) 100vw, 1024px\" \/><\/p>\n<h3>Komfortabler Teleskopgriff<\/h3>\n<p>Der Teleskopgriff zum Greifen des Koffers ist sehr bequem und <strong>es ist aus aluminium.<\/strong> Sie k\u00f6nnen es mit vier Arten von H\u00f6heneinstellungen an Ihre Bed\u00fcrfnisse anpassen.<\/p>\n<p><img loading=\"lazy\" decoding=\"async\" class=\"alignleft wp-image-42901 size-full\" src=\"https:\/\/www.kibotek.com\/wp-content\/uploads\/2022\/05\/kiboTEK_maleta_xiaomi_20_013.jpg\" alt=\"\" width=\"598\" height=\"465\" title=\"\" srcset=\"https:\/\/www.kibotek.com\/wp-content\/uploads\/2022\/05\/kiboTEK_maleta_xiaomi_20_013.jpg 598w, https:\/\/www.kibotek.com\/wp-content\/uploads\/2022\/05\/kiboTEK_maleta_xiaomi_20_013-430x334.jpg 430w, https:\/\/www.kibotek.com\/wp-content\/uploads\/2022\/05\/kiboTEK_maleta_xiaomi_20_013-150x117.jpg 150w, https:\/\/www.kibotek.com\/wp-content\/uploads\/2022\/05\/kiboTEK_maleta_xiaomi_20_013-300x233.jpg 300w, https:\/\/www.kibotek.com\/wp-content\/uploads\/2022\/05\/kiboTEK_maleta_xiaomi_20_013-15x12.jpg 15w\" sizes=\"auto, (max-width: 598px) 100vw, 598px\" \/> <img loading=\"lazy\" decoding=\"async\" class=\"alignleft wp-image-42900 size-full\" src=\"https:\/\/www.kibotek.com\/wp-content\/uploads\/2022\/05\/kiboTEK_maleta_xiaomi_20_012.jpg\" alt=\"\" width=\"597\" height=\"453\" title=\"\" srcset=\"https:\/\/www.kibotek.com\/wp-content\/uploads\/2022\/05\/kiboTEK_maleta_xiaomi_20_012.jpg 597w, https:\/\/www.kibotek.com\/wp-content\/uploads\/2022\/05\/kiboTEK_maleta_xiaomi_20_012-430x326.jpg 430w, https:\/\/www.kibotek.com\/wp-content\/uploads\/2022\/05\/kiboTEK_maleta_xiaomi_20_012-150x114.jpg 150w, https:\/\/www.kibotek.com\/wp-content\/uploads\/2022\/05\/kiboTEK_maleta_xiaomi_20_012-300x228.jpg 300w, https:\/\/www.kibotek.com\/wp-content\/uploads\/2022\/05\/kiboTEK_maleta_xiaomi_20_012-16x12.jpg 16w\" sizes=\"auto, (max-width: 597px) 100vw, 597px\" \/> <img loading=\"lazy\" decoding=\"async\" class=\"alignleft wp-image-42894 size-full\" src=\"https:\/\/www.kibotek.com\/wp-content\/uploads\/2022\/05\/kiboTEK_maleta_xiaomi_20_006.jpg\" alt=\"\" width=\"621\" height=\"458\" title=\"\" srcset=\"https:\/\/www.kibotek.com\/wp-content\/uploads\/2022\/05\/kiboTEK_maleta_xiaomi_20_006.jpg 621w, https:\/\/www.kibotek.com\/wp-content\/uploads\/2022\/05\/kiboTEK_maleta_xiaomi_20_006-430x317.jpg 430w, https:\/\/www.kibotek.com\/wp-content\/uploads\/2022\/05\/kiboTEK_maleta_xiaomi_20_006-150x111.jpg 150w, https:\/\/www.kibotek.com\/wp-content\/uploads\/2022\/05\/kiboTEK_maleta_xiaomi_20_006-300x221.jpg 300w, https:\/\/www.kibotek.com\/wp-content\/uploads\/2022\/05\/kiboTEK_maleta_xiaomi_20_006-16x12.jpg 16w, https:\/\/www.kibotek.com\/wp-content\/uploads\/2022\/05\/kiboTEK_maleta_xiaomi_20_006-600x443.jpg 600w\" sizes=\"auto, (max-width: 621px) 100vw, 621px\" \/><\/p>\n<p>Bei kiboTEK k\u00f6nnen Sie den Xiaomi Luggage Classic 20\u2033- Black Travel Suitcase mit der Garantie und Sicherheit des besten Xiaomi Fitness Stores in Spanien Europa kaufen.<\/p>","protected":false},"excerpt":{"rendered":"<p><strong><em>JETZT KAUFEN UND IN 24 STUNDEN IN DER HALBINSEL ERHALTEN \ud83d\ude80<\/em><\/strong><\/p>\n<p><strong><em>JETZT KAUFEN UND IN 72 STUNDEN IN EUROPA ERHALTEN \ud83d\ude80<\/em><\/strong><\/p>\n<p><strong><em>3 JAHRE OFFIZIELLE GARANTIE \u2699\ufe0f<\/em><\/strong><\/p>","protected":false},"featured_media":42902,"comment_status":"open","ping_status":"closed","template":"","meta":{"iawp_total_views":221},"product_brand":[8155],"product_cat":[80,5525,5521],"product_tag":[7698,6771],"class_list":{"0":"post-42888","1":"product","2":"type-product","3":"status-publish","4":"has-post-thumbnail","6":"product_brand-comprar-lo-mejor-de-xiaomi","7":"product_cat-comprar-los-mejores-accesorios-para-moviles","8":"product_cat-comprar-mochilas-zapatillas-ropa-xiaomi","9":"product_cat-comprar-smarthome-scooters-camaras","10":"product_tag-all","11":"product_tag-ofertas","13":"first","14":"outofstock","15":"sale","16":"taxable","17":"shipping-taxable","18":"purchasable","19":"product-type-simple"},"supplier_id":null,"supplier_sku":"","barcode":null,"atum_controlled":true,"out_stock_date":"2025-07-28 22:44:29","out_stock_threshold":null,"inheritable":false,"inbound_stock":null,"stock_on_hold":0,"sold_today":0,"sales_last_days":0,"reserved_stock":null,"customer_returns":null,"warehouse_damage":null,"lost_in_post":null,"other_logs":null,"out_stock_days":265,"lost_sales":0,"has_location":true,"update_date":"2026-04-20T21:32:46","atum_locations":[{"id":41,"name":"Bilbao","slug":"bilbao"}],"atum_stock_status":"outofstock","restock_status":false,"low_stock_amount":"","sales_update_date":"2026-04-20T05:03:45","calc_backorders":null,"_links":{"self":[{"href":"https:\/\/www.kibotek.com\/de\/wp-json\/wp\/v2\/product\/42888","targetHints":{"allow":["GET"]}}],"collection":[{"href":"https:\/\/www.kibotek.com\/de\/wp-json\/wp\/v2\/product"}],"about":[{"href":"https:\/\/www.kibotek.com\/de\/wp-json\/wp\/v2\/types\/product"}],"replies":[{"embeddable":true,"href":"https:\/\/www.kibotek.com\/de\/wp-json\/wp\/v2\/comments?post=42888"}],"version-history":[{"count":0,"href":"https:\/\/www.kibotek.com\/de\/wp-json\/wp\/v2\/product\/42888\/revisions"}],"wp:featuredmedia":[{"embeddable":true,"href":"https:\/\/www.kibotek.com\/de\/wp-json\/wp\/v2\/media\/42902"}],"wp:attachment":[{"href":"https:\/\/www.kibotek.com\/de\/wp-json\/wp\/v2\/media?parent=42888"}],"wp:term":[{"taxonomy":"product_brand","embeddable":true,"href":"https:\/\/www.kibotek.com\/de\/wp-json\/wp\/v2\/product_brand?post=42888"},{"taxonomy":"product_cat","embeddable":true,"href":"https:\/\/www.kibotek.com\/de\/wp-json\/wp\/v2\/product_cat?post=42888"},{"taxonomy":"product_tag","embeddable":true,"href":"https:\/\/www.kibotek.com\/de\/wp-json\/wp\/v2\/product_tag?post=42888"}],"curies":[{"name":"wp","href":"https:\/\/api.w.org\/{rel}","templated":true}]}}