{"id":42778,"date":"2022-05-06T18:21:46","date_gmt":"2022-05-06T16:21:46","guid":{"rendered":"https:\/\/www.kibotek.com\/?post_type=product&#038;p=42778"},"modified":"2026-04-20T23:32:21","modified_gmt":"2026-04-20T21:32:21","slug":"powkiddy-miyoo-mini-retro-tragbare-konsole","status":"publish","type":"product","link":"https:\/\/www.kibotek.com\/de\/kibostore\/powkiddy-miyoo-mini-consola-retro-portable\/","title":{"rendered":"MIYOO Mini V2 Tragbare Retro-Konsole"},"content":{"rendered":"<p>Kaufen Sie Powkiddy MIYOO Mini V2 tragbare Retro-Konsole mit Versand innerhalb von 24 Stunden nach Spanien - Portugal und 72 Stunden ins \u00fcbrige Europa mit europ\u00e4ischer Garantie.<\/p>\n<ul>\n<li>Emulatoren: Play Station 1, NeoGeo, MAME, Sega Genesis, NES, FC, FBA, SNES\u2026<\/li>\n<li>2,8-Zoll-IPS-OCA-Bildschirm mit 640 \u00d7 480 Pixeln<\/li>\n<li>RetroArch-Linux-System<\/li>\n<li>CPU SigmaStar SSD202D ARM Cortex-A7 Dual-Core 1.2G<\/li>\n<li>RAM-Speicher 128 MB DDR3<\/li>\n<li>Die Speicherung von 32GB MicroSD (TF)-Karten unterst\u00fctzt bis zu 128GB<\/li>\n<li>Motorvibrationen<\/li>\n<li><strong>Reiseabdeckung<\/strong><\/li>\n<li>MicroSD-zu-USB-Adapter<\/li>\n<li>Hintere Tastensteuerung L1\/L2 \u2013 R1\/R2<\/li>\n<li>USB-Typ-C-Anschluss und 3,5-mm-Audioanschluss<\/li>\n<li>Sprachen: Spanisch, Englisch, Franz\u00f6sisch, Deutsch, Italienisch, Portugiesisch, Chinesisch usw.<\/li>\n<li>1900 mAh Akku 4-5 Stunden Betriebszeit<\/li>\n<li>Gewicht 106 gr<\/li>\n<li>Abmessungen von 93,5 x 65 x 18 mm<\/li>\n<\/ul>\n<h3><img loading=\"lazy\" decoding=\"async\" class=\"alignleft wp-image-42784 size-full\" src=\"https:\/\/www.kibotek.com\/wp-content\/uploads\/2022\/05\/kiboTEK_powkiddy_miyoo__003.jpg\" alt=\"\" width=\"750\" height=\"750\" title=\"\" srcset=\"https:\/\/www.kibotek.com\/wp-content\/uploads\/2022\/05\/kiboTEK_powkiddy_miyoo__003.jpg 750w, https:\/\/www.kibotek.com\/wp-content\/uploads\/2022\/05\/kiboTEK_powkiddy_miyoo__003-430x430.jpg 430w, https:\/\/www.kibotek.com\/wp-content\/uploads\/2022\/05\/kiboTEK_powkiddy_miyoo__003-150x150.jpg 150w, https:\/\/www.kibotek.com\/wp-content\/uploads\/2022\/05\/kiboTEK_powkiddy_miyoo__003-700x700.jpg 700w, https:\/\/www.kibotek.com\/wp-content\/uploads\/2022\/05\/kiboTEK_powkiddy_miyoo__003-300x300.jpg 300w, https:\/\/www.kibotek.com\/wp-content\/uploads\/2022\/05\/kiboTEK_powkiddy_miyoo__003-12x12.jpg 12w, https:\/\/www.kibotek.com\/wp-content\/uploads\/2022\/05\/kiboTEK_powkiddy_miyoo__003-600x600.jpg 600w, https:\/\/www.kibotek.com\/wp-content\/uploads\/2022\/05\/kiboTEK_powkiddy_miyoo__003-100x100.jpg 100w, https:\/\/www.kibotek.com\/wp-content\/uploads\/2022\/05\/kiboTEK_powkiddy_miyoo__003-32x32.jpg 32w\" sizes=\"auto, (max-width: 750px) 100vw, 750px\" \/><\/h3>\n<h3>klein aber m\u00e4chtig<\/h3>\n<p>Wenn Sie nach einer Taschenkonsole suchen, um Ihre Lieblingsspiele zu emulieren, ohne viel Geld auszugeben, ist diese Miyoo Mini-Konsole Ihre beste Option. Seien Sie vorsichtig, denn obwohl wir \u00fcber eine Konsole mit a sprechen <strong>reduzierter Preis<\/strong> Sie werden die bekanntesten alten Plattformen problemlos emulieren k\u00f6nnen, einschlie\u00dflich PlayStation 1, und das ohne gro\u00dfen Aufwand.<\/p>\n<p><img loading=\"lazy\" decoding=\"async\" class=\"alignleft wp-image-42789 size-large\" src=\"https:\/\/www.kibotek.com\/wp-content\/uploads\/2022\/05\/kiboTEK_powkiddy_miyoo__008-629x1024.jpg\" alt=\"\" width=\"629\" height=\"1024\" title=\"\" srcset=\"https:\/\/www.kibotek.com\/wp-content\/uploads\/2022\/05\/kiboTEK_powkiddy_miyoo__008-629x1024.jpg 629w, https:\/\/www.kibotek.com\/wp-content\/uploads\/2022\/05\/kiboTEK_powkiddy_miyoo__008-430x701.jpg 430w, https:\/\/www.kibotek.com\/wp-content\/uploads\/2022\/05\/kiboTEK_powkiddy_miyoo__008-150x244.jpg 150w, https:\/\/www.kibotek.com\/wp-content\/uploads\/2022\/05\/kiboTEK_powkiddy_miyoo__008-700x1140.jpg 700w, https:\/\/www.kibotek.com\/wp-content\/uploads\/2022\/05\/kiboTEK_powkiddy_miyoo__008-184x300.jpg 184w, https:\/\/www.kibotek.com\/wp-content\/uploads\/2022\/05\/kiboTEK_powkiddy_miyoo__008-768x1251.jpg 768w, https:\/\/www.kibotek.com\/wp-content\/uploads\/2022\/05\/kiboTEK_powkiddy_miyoo__008-7x12.jpg 7w, https:\/\/www.kibotek.com\/wp-content\/uploads\/2022\/05\/kiboTEK_powkiddy_miyoo__008-600x977.jpg 600w, https:\/\/www.kibotek.com\/wp-content\/uploads\/2022\/05\/kiboTEK_powkiddy_miyoo__008.jpg 790w\" sizes=\"auto, (max-width: 629px) 100vw, 629px\" \/><\/p>\n<h3>2,8-Zoll-IPS-Bildschirm<\/h3>\n<p>Diese neue tragbare Retro-Konsole Miyoo Mini hat einen Bildschirm von<strong> 2,8 Zoll mit kaum Rahmen<\/strong>. Die Aufl\u00f6sung dieses IPS-OCA-Displays betr\u00e4gt 640 x 480 Pixel und eignet sich perfekt f\u00fcr die Emulation \u00e4lterer Plattformen.<\/p>\n<p><img loading=\"lazy\" decoding=\"async\" class=\"alignleft wp-image-42788 size-large\" src=\"https:\/\/www.kibotek.com\/wp-content\/uploads\/2022\/05\/kiboTEK_powkiddy_miyoo__007-667x1024.jpg\" alt=\"\" width=\"667\" height=\"1024\" title=\"\" srcset=\"https:\/\/www.kibotek.com\/wp-content\/uploads\/2022\/05\/kiboTEK_powkiddy_miyoo__007-667x1024.jpg 667w, https:\/\/www.kibotek.com\/wp-content\/uploads\/2022\/05\/kiboTEK_powkiddy_miyoo__007-430x660.jpg 430w, https:\/\/www.kibotek.com\/wp-content\/uploads\/2022\/05\/kiboTEK_powkiddy_miyoo__007-150x230.jpg 150w, https:\/\/www.kibotek.com\/wp-content\/uploads\/2022\/05\/kiboTEK_powkiddy_miyoo__007-700x1074.jpg 700w, https:\/\/www.kibotek.com\/wp-content\/uploads\/2022\/05\/kiboTEK_powkiddy_miyoo__007-196x300.jpg 196w, https:\/\/www.kibotek.com\/wp-content\/uploads\/2022\/05\/kiboTEK_powkiddy_miyoo__007-768x1178.jpg 768w, https:\/\/www.kibotek.com\/wp-content\/uploads\/2022\/05\/kiboTEK_powkiddy_miyoo__007-8x12.jpg 8w, https:\/\/www.kibotek.com\/wp-content\/uploads\/2022\/05\/kiboTEK_powkiddy_miyoo__007-600x921.jpg 600w, https:\/\/www.kibotek.com\/wp-content\/uploads\/2022\/05\/kiboTEK_powkiddy_miyoo__007.jpg 790w\" sizes=\"auto, (max-width: 667px) 100vw, 667px\" \/><\/p>\n<h3>Schlichtes Design mit Retro-Touch<\/h3>\n<p>Das Design dieser neuen tragbaren Miyoo Mini-Konsole ist sehr einfach und komfortabel. <strong>perfekt, um in Ihre Tasche zu passen<\/strong>. Das Finish, das wir auf der Konsole haben, ist von recht guter Qualit\u00e4t, die Tasten und Kn\u00f6pfe sind aus Gummi mit einem <strong>nette Geste, um die Konsole zu genie\u00dfen<\/strong> mit langen Sitzungen. Auf der R\u00fcckseite haben wir vier weitere Tasten, die L1\/L2-R1\/R2 sind.<\/p>\n<p><img loading=\"lazy\" decoding=\"async\" class=\"alignleft wp-image-42798 size-full\" src=\"https:\/\/www.kibotek.com\/wp-content\/uploads\/2022\/05\/kiboTEK_powkiddy_miyoo__017.jpg\" alt=\"\" width=\"718\" height=\"719\" title=\"\" srcset=\"https:\/\/www.kibotek.com\/wp-content\/uploads\/2022\/05\/kiboTEK_powkiddy_miyoo__017.jpg 718w, https:\/\/www.kibotek.com\/wp-content\/uploads\/2022\/05\/kiboTEK_powkiddy_miyoo__017-430x431.jpg 430w, https:\/\/www.kibotek.com\/wp-content\/uploads\/2022\/05\/kiboTEK_powkiddy_miyoo__017-150x150.jpg 150w, https:\/\/www.kibotek.com\/wp-content\/uploads\/2022\/05\/kiboTEK_powkiddy_miyoo__017-700x701.jpg 700w, https:\/\/www.kibotek.com\/wp-content\/uploads\/2022\/05\/kiboTEK_powkiddy_miyoo__017-300x300.jpg 300w, https:\/\/www.kibotek.com\/wp-content\/uploads\/2022\/05\/kiboTEK_powkiddy_miyoo__017-12x12.jpg 12w, https:\/\/www.kibotek.com\/wp-content\/uploads\/2022\/05\/kiboTEK_powkiddy_miyoo__017-600x601.jpg 600w, https:\/\/www.kibotek.com\/wp-content\/uploads\/2022\/05\/kiboTEK_powkiddy_miyoo__017-100x100.jpg 100w, https:\/\/www.kibotek.com\/wp-content\/uploads\/2022\/05\/kiboTEK_powkiddy_miyoo__017-32x32.jpg 32w\" sizes=\"auto, (max-width: 718px) 100vw, 718px\" \/> <img loading=\"lazy\" decoding=\"async\" class=\"alignleft wp-image-42796 size-full\" src=\"https:\/\/www.kibotek.com\/wp-content\/uploads\/2022\/05\/kiboTEK_powkiddy_miyoo__015.jpg\" alt=\"\" width=\"718\" height=\"719\" title=\"\" srcset=\"https:\/\/www.kibotek.com\/wp-content\/uploads\/2022\/05\/kiboTEK_powkiddy_miyoo__015.jpg 718w, https:\/\/www.kibotek.com\/wp-content\/uploads\/2022\/05\/kiboTEK_powkiddy_miyoo__015-430x431.jpg 430w, https:\/\/www.kibotek.com\/wp-content\/uploads\/2022\/05\/kiboTEK_powkiddy_miyoo__015-150x150.jpg 150w, https:\/\/www.kibotek.com\/wp-content\/uploads\/2022\/05\/kiboTEK_powkiddy_miyoo__015-700x701.jpg 700w, https:\/\/www.kibotek.com\/wp-content\/uploads\/2022\/05\/kiboTEK_powkiddy_miyoo__015-300x300.jpg 300w, https:\/\/www.kibotek.com\/wp-content\/uploads\/2022\/05\/kiboTEK_powkiddy_miyoo__015-12x12.jpg 12w, https:\/\/www.kibotek.com\/wp-content\/uploads\/2022\/05\/kiboTEK_powkiddy_miyoo__015-600x601.jpg 600w, https:\/\/www.kibotek.com\/wp-content\/uploads\/2022\/05\/kiboTEK_powkiddy_miyoo__015-100x100.jpg 100w, https:\/\/www.kibotek.com\/wp-content\/uploads\/2022\/05\/kiboTEK_powkiddy_miyoo__015-32x32.jpg 32w\" sizes=\"auto, (max-width: 718px) 100vw, 718px\" \/><\/p>\n<h3>Ausreichende Leistung, um die mythischsten Plattformen zu emulieren<\/h3>\n<p>Der Prozessor, den wir haben, ist ein SigmaStar SSD202D ARM Cortex-A7 Dual-Core 1.2 mit 128 MB DDR3-RAM, Vorsicht, denn obwohl wir wenig RAM haben, ist dies <strong>kleiner Schatz verbirgt mehr als genug Kraft<\/strong> um die ber\u00fchmtesten alten Plattformen zu emulieren. Wir haben SD-Speicher, der bis zu 128 GB unterst\u00fctzt, wo wir unsere Lieblingstitel installieren k\u00f6nnen.<\/p>\n<p><img loading=\"lazy\" decoding=\"async\" class=\"alignleft wp-image-42793 size-large\" src=\"https:\/\/www.kibotek.com\/wp-content\/uploads\/2022\/05\/kiboTEK_powkiddy_miyoo__012-620x1024.jpg\" alt=\"\" width=\"620\" height=\"1024\" title=\"\" srcset=\"https:\/\/www.kibotek.com\/wp-content\/uploads\/2022\/05\/kiboTEK_powkiddy_miyoo__012-620x1024.jpg 620w, https:\/\/www.kibotek.com\/wp-content\/uploads\/2022\/05\/kiboTEK_powkiddy_miyoo__012-430x710.jpg 430w, https:\/\/www.kibotek.com\/wp-content\/uploads\/2022\/05\/kiboTEK_powkiddy_miyoo__012-150x248.jpg 150w, https:\/\/www.kibotek.com\/wp-content\/uploads\/2022\/05\/kiboTEK_powkiddy_miyoo__012-700x1155.jpg 700w, https:\/\/www.kibotek.com\/wp-content\/uploads\/2022\/05\/kiboTEK_powkiddy_miyoo__012-182x300.jpg 182w, https:\/\/www.kibotek.com\/wp-content\/uploads\/2022\/05\/kiboTEK_powkiddy_miyoo__012-768x1268.jpg 768w, https:\/\/www.kibotek.com\/wp-content\/uploads\/2022\/05\/kiboTEK_powkiddy_miyoo__012-7x12.jpg 7w, https:\/\/www.kibotek.com\/wp-content\/uploads\/2022\/05\/kiboTEK_powkiddy_miyoo__012-600x990.jpg 600w, https:\/\/www.kibotek.com\/wp-content\/uploads\/2022\/05\/kiboTEK_powkiddy_miyoo__012.jpg 790w\" sizes=\"auto, (max-width: 620px) 100vw, 620px\" \/><\/p>\n<p><img loading=\"lazy\" decoding=\"async\" class=\"alignleft wp-image-42790 size-large\" src=\"https:\/\/www.kibotek.com\/wp-content\/uploads\/2022\/05\/kiboTEK_powkiddy_miyoo__009-697x1024.jpg\" alt=\"\" width=\"697\" height=\"1024\" title=\"\" srcset=\"https:\/\/www.kibotek.com\/wp-content\/uploads\/2022\/05\/kiboTEK_powkiddy_miyoo__009-697x1024.jpg 697w, https:\/\/www.kibotek.com\/wp-content\/uploads\/2022\/05\/kiboTEK_powkiddy_miyoo__009-430x632.jpg 430w, https:\/\/www.kibotek.com\/wp-content\/uploads\/2022\/05\/kiboTEK_powkiddy_miyoo__009-150x220.jpg 150w, https:\/\/www.kibotek.com\/wp-content\/uploads\/2022\/05\/kiboTEK_powkiddy_miyoo__009-700x1029.jpg 700w, https:\/\/www.kibotek.com\/wp-content\/uploads\/2022\/05\/kiboTEK_powkiddy_miyoo__009-204x300.jpg 204w, https:\/\/www.kibotek.com\/wp-content\/uploads\/2022\/05\/kiboTEK_powkiddy_miyoo__009-768x1129.jpg 768w, https:\/\/www.kibotek.com\/wp-content\/uploads\/2022\/05\/kiboTEK_powkiddy_miyoo__009-8x12.jpg 8w, https:\/\/www.kibotek.com\/wp-content\/uploads\/2022\/05\/kiboTEK_powkiddy_miyoo__009-600x882.jpg 600w, https:\/\/www.kibotek.com\/wp-content\/uploads\/2022\/05\/kiboTEK_powkiddy_miyoo__009.jpg 790w\" sizes=\"auto, (max-width: 697px) 100vw, 697px\" \/><\/p>\n<h3>Genug Akku f\u00fcr 4-5 Stunden<\/h3>\n<p>Was den Batteriebereich angeht, garantieren uns die Jungs von Miyoo mini eine Betriebsdauer zwischen 4 und 5 Stunden mit einer 1900-Milliampere-Batterie.<\/p>\n<p><img loading=\"lazy\" decoding=\"async\" class=\"alignleft wp-image-42794 size-full\" src=\"https:\/\/www.kibotek.com\/wp-content\/uploads\/2022\/05\/kiboTEK_powkiddy_miyoo__013.jpg\" alt=\"\" width=\"790\" height=\"880\" title=\"\" srcset=\"https:\/\/www.kibotek.com\/wp-content\/uploads\/2022\/05\/kiboTEK_powkiddy_miyoo__013.jpg 790w, https:\/\/www.kibotek.com\/wp-content\/uploads\/2022\/05\/kiboTEK_powkiddy_miyoo__013-430x479.jpg 430w, https:\/\/www.kibotek.com\/wp-content\/uploads\/2022\/05\/kiboTEK_powkiddy_miyoo__013-150x167.jpg 150w, https:\/\/www.kibotek.com\/wp-content\/uploads\/2022\/05\/kiboTEK_powkiddy_miyoo__013-700x780.jpg 700w, https:\/\/www.kibotek.com\/wp-content\/uploads\/2022\/05\/kiboTEK_powkiddy_miyoo__013-269x300.jpg 269w, https:\/\/www.kibotek.com\/wp-content\/uploads\/2022\/05\/kiboTEK_powkiddy_miyoo__013-768x855.jpg 768w, https:\/\/www.kibotek.com\/wp-content\/uploads\/2022\/05\/kiboTEK_powkiddy_miyoo__013-11x12.jpg 11w, https:\/\/www.kibotek.com\/wp-content\/uploads\/2022\/05\/kiboTEK_powkiddy_miyoo__013-600x668.jpg 600w\" sizes=\"auto, (max-width: 790px) 100vw, 790px\" \/><\/p>\n<h3>Nur 106 Gramm Gewicht<\/h3>\n<p>Wie eingangs erw\u00e4hnt, wiegt diese neue tragbare Taschenkonsole nur 106 Gramm. Seine Abmessungen betragen 93,5 x 65 x 18 mm.<\/p>\n<p>Nutzen Sie diese Gelegenheit und <strong>Kaufen Sie die neue tragbare Mini-Konsole Miyoo bei kiboTEK Gaming store<\/strong> mit europ\u00e4ischer Garantie.<img loading=\"lazy\" decoding=\"async\" class=\"alignleft wp-image-42795 size-full\" src=\"https:\/\/www.kibotek.com\/wp-content\/uploads\/2022\/05\/kiboTEK_powkiddy_miyoo__014.jpg\" alt=\"\" width=\"790\" height=\"723\" title=\"\" srcset=\"https:\/\/www.kibotek.com\/wp-content\/uploads\/2022\/05\/kiboTEK_powkiddy_miyoo__014.jpg 790w, https:\/\/www.kibotek.com\/wp-content\/uploads\/2022\/05\/kiboTEK_powkiddy_miyoo__014-430x394.jpg 430w, https:\/\/www.kibotek.com\/wp-content\/uploads\/2022\/05\/kiboTEK_powkiddy_miyoo__014-150x137.jpg 150w, https:\/\/www.kibotek.com\/wp-content\/uploads\/2022\/05\/kiboTEK_powkiddy_miyoo__014-700x641.jpg 700w, https:\/\/www.kibotek.com\/wp-content\/uploads\/2022\/05\/kiboTEK_powkiddy_miyoo__014-300x275.jpg 300w, https:\/\/www.kibotek.com\/wp-content\/uploads\/2022\/05\/kiboTEK_powkiddy_miyoo__014-768x703.jpg 768w, https:\/\/www.kibotek.com\/wp-content\/uploads\/2022\/05\/kiboTEK_powkiddy_miyoo__014-13x12.jpg 13w, https:\/\/www.kibotek.com\/wp-content\/uploads\/2022\/05\/kiboTEK_powkiddy_miyoo__014-600x549.jpg 600w\" sizes=\"auto, (max-width: 790px) 100vw, 790px\" \/><\/p>\n<p>Bei kiboTEK versenden wir die Powkiddy MIYOO Mini Retro Portable Console innerhalb von 24\/72 Stunden in mehr als 30 verschiedene L\u00e4nder in Europa mit einer zweij\u00e4hrigen Garantie. \u00dcberpr\u00fcfen und berechnen Sie die Versandkosten im Warenkorb, indem Sie Ihre Adresse eingeben. <strong>Kostenlose Ausgaben f\u00fcr Spanien ab 100 \u20ac<\/strong>.<\/p>","protected":false},"excerpt":{"rendered":"<p><span style=\"color: #ff0000;\"><strong>ABGESETZT. VERBESSERTES \u00c4HNLICHES PRODUKT <span style=\"color: #ff6600;\"><a style=\"color: #ff6600;\" href=\"https:\/\/www.kibotek.com\/de\/kibostore\/miyoo-mini-plus-konsole-retro-tragbar\/\">MIYOO MINI PLUS<\/a><\/span><\/strong><\/span><\/p>","protected":false},"featured_media":42797,"comment_status":"open","ping_status":"closed","template":"","meta":{"iawp_total_views":271},"product_brand":[8169],"product_cat":[5514,7809],"product_tag":[7698,6771,7752,1794],"class_list":{"0":"post-42778","1":"product","2":"type-product","3":"status-publish","4":"has-post-thumbnail","6":"product_brand-powkiddy","7":"product_cat-consolas-retro-gaming-arcade-bartop-pandora-box-anbernic-powkiddy","8":"product_cat-consolas-retro","9":"product_tag-all","10":"product_tag-ofertas","11":"product_tag-presale","12":"product_tag-top10","14":"first","15":"outofstock","16":"featured","17":"taxable","18":"shipping-taxable","19":"product-type-variable","20":"has-default-attributes"},"supplier_id":null,"supplier_sku":"","barcode":null,"atum_controlled":true,"out_stock_date":null,"out_stock_threshold":null,"inheritable":true,"inbound_stock":null,"stock_on_hold":0,"sold_today":0,"sales_last_days":0,"reserved_stock":null,"customer_returns":null,"warehouse_damage":null,"lost_in_post":null,"other_logs":null,"out_stock_days":0,"lost_sales":0,"has_location":true,"update_date":"2026-04-20T21:32:17","atum_locations":[{"id":41,"name":"Bilbao","slug":"bilbao"}],"atum_stock_status":"outofstock","restock_status":false,"low_stock_amount":"","sales_update_date":"2026-04-20T05:03:45","calc_backorders":null,"_links":{"self":[{"href":"https:\/\/www.kibotek.com\/de\/wp-json\/wp\/v2\/product\/42778","targetHints":{"allow":["GET"]}}],"collection":[{"href":"https:\/\/www.kibotek.com\/de\/wp-json\/wp\/v2\/product"}],"about":[{"href":"https:\/\/www.kibotek.com\/de\/wp-json\/wp\/v2\/types\/product"}],"replies":[{"embeddable":true,"href":"https:\/\/www.kibotek.com\/de\/wp-json\/wp\/v2\/comments?post=42778"}],"version-history":[{"count":0,"href":"https:\/\/www.kibotek.com\/de\/wp-json\/wp\/v2\/product\/42778\/revisions"}],"wp:featuredmedia":[{"embeddable":true,"href":"https:\/\/www.kibotek.com\/de\/wp-json\/wp\/v2\/media\/42797"}],"wp:attachment":[{"href":"https:\/\/www.kibotek.com\/de\/wp-json\/wp\/v2\/media?parent=42778"}],"wp:term":[{"taxonomy":"product_brand","embeddable":true,"href":"https:\/\/www.kibotek.com\/de\/wp-json\/wp\/v2\/product_brand?post=42778"},{"taxonomy":"product_cat","embeddable":true,"href":"https:\/\/www.kibotek.com\/de\/wp-json\/wp\/v2\/product_cat?post=42778"},{"taxonomy":"product_tag","embeddable":true,"href":"https:\/\/www.kibotek.com\/de\/wp-json\/wp\/v2\/product_tag?post=42778"}],"curies":[{"name":"wp","href":"https:\/\/api.w.org\/{rel}","templated":true}]}}