{"id":38565,"date":"2021-07-13T11:08:43","date_gmt":"2021-07-13T09:08:43","guid":{"rendered":"https:\/\/www.kibotek.com\/?post_type=product&#038;p=38565"},"modified":"2026-04-19T23:32:58","modified_gmt":"2026-04-19T21:32:58","slug":"xiaomi-oil-free-air-fryer-mi-smart-air-fryer-3-5l","status":"publish","type":"product","link":"https:\/\/www.kibotek.com\/de\/kibostore\/xiaomi-freidora-de-aire-sin-aceite-mi-smart-air-fryer-3-5l\/","title":{"rendered":"Xiaomi \u00d6lfreie Hei\u00dfluftfritteuse - Mi Smart Hei\u00dfluftfritteuse 3.5L"},"content":{"rendered":"<p>Kaufen Sie die Xiaomi Air Fryer ohne \u00d6l - Mi Smart Air Fryer 3.5L mit Versand von Spanien nach ganz Europa in 24 \/ 72 Stunden und zwei Jahren Garantie.<\/p>\n<ul>\n<li>Fettfreie Fritteuse<\/li>\n<li>OLED-Touch-Steuerung<\/li>\n<li>Verkn\u00fcpfung mit APP Mi Home<\/li>\n<li>3.5L Kapazit\u00e4t<\/li>\n<li>360\u00b0 Hei\u00dfluftumw\u00e4lzheizung<\/li>\n<li>Herausnehmbares Fach<\/li>\n<li>Einstellbare Temperatur<\/li>\n<li>WLAN-Konnektivit\u00e4t<\/li>\n<li>3,9 kg Gewicht<\/li>\n<li><span class=\"xm-text f18 f-medium c323232\" data-key=\"spec_12\" data-type=\"text\" data-id=\"co9idhvrc9\">Nennleistung von <\/span><span class=\"xm-text f18 f-light c646464\" data-key=\"spec_13\" data-type=\"text\" data-id=\"qp76omrye3\">1500W<\/span><\/li>\n<li>Nennspannung <span class=\"xm-text f18 f-light c646464\" data-key=\"spec_5\" data-type=\"text\" data-id=\"ihhdbkr98k\">220-240 V<\/span><\/li>\n<li>Nennfrequenz <span class=\"xm-text f18 f-light c646464\" data-key=\"spec_7\" data-type=\"text\" data-id=\"un5dpk2w24\">50-60 Hz<\/span><\/li>\n<li>Abmessungen 13&#039;&#039; x 10&#039;&#039; x 12&#039;&#039;<\/li>\n<li>40-200 Temperatur<\/li>\n<li>360\u00b0 Hei\u00dfluftumw\u00e4lzheizung<\/li>\n<li>Temperatur 40-200 \u00baC<\/li>\n<\/ul>\n<p><strong>Inhalt der Box<\/strong><\/p>\n<ul>\n<li>1x Mi Smart Air Fryer<\/li>\n<li>1x Platte<\/li>\n<li>1x Grill<\/li>\n<li>1x Anleitung<\/li>\n<\/ul>\n<h3>Gesund kochen<\/h3>\n<p>Ges\u00fcnderes Kochen mit sehr wenig \u00d6l und wenig Fett wird dank dieses neuen Ger\u00e4ts m\u00f6glich, das Xiaomi an unsere Grenzen bringt. Unter den Eigenschaften, die wir in dieser spektakul\u00e4ren Fritteuse finden, k\u00f6nnen wir das zus\u00e4tzlich hervorheben <strong>Frittieren mit hei\u00dfer Luft kann man auch backen, Joghurt machen, Trockenfr\u00fcchte, auftauen<\/strong>\u2026 Und das alles ohne einen einzigen Tropfen Rauch.<\/p>\n<p>Sie erhalten ein <strong>gesundes und schnelles Essen<\/strong> dank der Zirkulation von <strong>360\u00b0 Hei\u00dfluft<\/strong> mit denen Sie schnell kochen k\u00f6nnen. Er hat eine kontinuierliche Garzeit von bis zu 24 Stunden, da Sie seine Temperatur von 40 Grad bis 200 Grad einstellen k\u00f6nnen und Sie Ihr Essen fertig haben, wenn Sie nach Hause kommen oder aufwachen. Sie k\u00f6nnen es auch bis zu 24 Stunden im Voraus planen, damit warmes Essen auf Sie wartet, wenn Sie nach Hause kommen. Und du kontrollierst alles dank seiner <strong>OLED-Touchscreen.<\/strong><\/p>\n<h3>10 Design wie Xiaomi uns gewohnt hat<\/h3>\n<p>Ein Design im Einklang mit den restlichen Komponenten der Xiaomi Smarthome World. Wie beim chinesischen Hersteller \u00fcblich, hat diese Fritteuse ein wei\u00dfes Design ohne jede Sch\u00e4rfe, wodurch sie \u00fcberall spektakul\u00e4r aussieht. Ein schlichtes, schlichtes Design und im Einklang mit dem, was Xiaomi uns gewohnt ist.<\/p>\n<h3>Einfache Bedienung<\/h3>\n<p>Bez\u00fcglich der Bedienung k\u00f6nnen wir sagen, dass wir mit dieser spektakul\u00e4ren Fritteuse weniger \u00d6l verbrauchen und keinen Rauch erzeugen. Das \u00d6l im Inneren wird durch 360 \u00b0 Hei\u00dfluftzirkulation gr\u00fcndlich gebraten und sorgt f\u00fcr eine k\u00f6stliche Mahlzeit mit weniger Fett und ges\u00fcnder. Das Essen <strong>gleichm\u00e4\u00dfig erhitzen, sodass eine knusprige \u00e4u\u00dfere Schicht entsteht<\/strong> und h\u00e4lt das Innere weich.<\/p>\n<p>Die Temperatur kann von <strong>40 Grad Celsius bis 200 Grad<\/strong> Celsius. Die Temperatur im niedrigen Temperaturbereich w\u00fcrde von 40 Grad bis 80 Grad reichen und es w\u00fcrde sich lohnen, Joghurt, Trockenfr\u00fcchte und Fleisch zuzubereiten oder aufzutauen. Der Bereich von 80 bis 200 Grad wird automatisch mit einer hohen Rotationsgeschwindigkeit f\u00fcr einen schnellen Temperaturanstieg gepaart und w\u00e4re beispielsweise n\u00fctzlich, um gemischtes Gem\u00fcse, Pommes Frites, Chicken Wings oder Brot zu backen.<\/p>\n<p>Zus\u00e4tzlich zu all diesen Dingen k\u00f6nnen Sie den Korb auch herausnehmen, um den Garstatus Ihrer Speisen zu \u00fcberpr\u00fcfen und der Garvorgang wird automatisch unterbrochen.<\/p>\n<h3>Touchscreen-Steuerung<\/h3>\n<p>Mit seinem einfachen und visuellen OLED-Touchscreen k\u00f6nnen Sie nicht nur Temperatur und Garzeit einstellen, sondern Sie werden auch daran erinnert, wann es Zeit ist, das Essen zu wenden oder zu sch\u00fctteln.<\/p>\n<p>Alle Komponenten sind Fritteuse <strong>sind sp\u00fclmaschinengeeignet<\/strong> Und der Frittierkorb besteht aus 7 Schichten mit einer doppellagigen PTFE-Antihaftbeschichtung, die ihn verschlei\u00dffest und leicht zu reinigen macht.<\/p>\n<p>Bei kiboTEK k\u00f6nnen Sie die Xiaomi Oil-Free Air Fryer - Mi Smart Air Fryer 3.5L . kaufen <strong>mit der Garantie und Sicherheit des besten Xiaomi Online-Shops in Spanien Europa.<\/strong><\/p>\n<p>Bei kiboTEK versenden wir die Xiaomi Oil-Free Air Fryer - Mi Smart Air Fryer 3.5L in mehr als 30 verschiedene L\u00e4nder in Europa in <strong>24 \/ 72h mit zwei Jahren Garantie<\/strong>. \u00dcberpr\u00fcfen und berechnen Sie die Versandkosten im Warenkorb, indem Sie Ihre Adresse eingeben.<\/p>","protected":false},"excerpt":{"rendered":"<p><strong><em>JETZT KAUFEN UND IN 24 STUNDEN IN DER HALBINSEL ERHALTEN \ud83d\ude80<\/em><\/strong><\/p>\n<p><strong><em>JETZT KAUFEN UND IN 72 STUNDEN IN EUROPA ERHALTEN \ud83d\ude80<\/em><\/strong><\/p>\n<p><strong><em>3 JAHRE OFFIZIELLE GARANTIE \u2699\ufe0f<\/em><\/strong><\/p>","protected":false},"featured_media":38567,"comment_status":"open","ping_status":"closed","template":"","meta":{"iawp_total_views":248},"product_brand":[8155],"product_cat":[5521,5515,332],"product_tag":[1798,7698,6771],"class_list":{"0":"post-38565","1":"product","2":"type-product","3":"status-publish","4":"has-post-thumbnail","6":"product_brand-comprar-lo-mejor-de-xiaomi","7":"product_cat-comprar-smarthome-scooters-camaras","8":"product_cat-smartwatch-pulseras-tv-auriculares-smarthome-salud-relojes-para-ninos","9":"product_cat-comprar-los-mejores-moviles-mas-famosos","10":"product_tag-acc_top","11":"product_tag-all","12":"product_tag-ofertas","14":"first","15":"instock","16":"sale","17":"taxable","18":"shipping-taxable","19":"purchasable","20":"product-type-simple"},"supplier_id":null,"supplier_sku":"","barcode":null,"atum_controlled":true,"out_stock_date":null,"out_stock_threshold":null,"inheritable":false,"inbound_stock":0,"stock_on_hold":0,"sold_today":0,"sales_last_days":0,"reserved_stock":0,"customer_returns":0,"warehouse_damage":0,"lost_in_post":0,"other_logs":0,"out_stock_days":0,"lost_sales":0,"has_location":true,"update_date":"2026-04-19T21:32:59","atum_locations":[{"id":41,"name":"Bilbao","slug":"bilbao"}],"atum_stock_status":"instock","restock_status":false,"low_stock_amount":0,"sales_update_date":"2026-04-17T05:02:00","calc_backorders":null,"_links":{"self":[{"href":"https:\/\/www.kibotek.com\/de\/wp-json\/wp\/v2\/product\/38565","targetHints":{"allow":["GET"]}}],"collection":[{"href":"https:\/\/www.kibotek.com\/de\/wp-json\/wp\/v2\/product"}],"about":[{"href":"https:\/\/www.kibotek.com\/de\/wp-json\/wp\/v2\/types\/product"}],"replies":[{"embeddable":true,"href":"https:\/\/www.kibotek.com\/de\/wp-json\/wp\/v2\/comments?post=38565"}],"version-history":[{"count":0,"href":"https:\/\/www.kibotek.com\/de\/wp-json\/wp\/v2\/product\/38565\/revisions"}],"wp:featuredmedia":[{"embeddable":true,"href":"https:\/\/www.kibotek.com\/de\/wp-json\/wp\/v2\/media\/38567"}],"wp:attachment":[{"href":"https:\/\/www.kibotek.com\/de\/wp-json\/wp\/v2\/media?parent=38565"}],"wp:term":[{"taxonomy":"product_brand","embeddable":true,"href":"https:\/\/www.kibotek.com\/de\/wp-json\/wp\/v2\/product_brand?post=38565"},{"taxonomy":"product_cat","embeddable":true,"href":"https:\/\/www.kibotek.com\/de\/wp-json\/wp\/v2\/product_cat?post=38565"},{"taxonomy":"product_tag","embeddable":true,"href":"https:\/\/www.kibotek.com\/de\/wp-json\/wp\/v2\/product_tag?post=38565"}],"curies":[{"name":"wp","href":"https:\/\/api.w.org\/{rel}","templated":true}]}}