{"id":34910,"date":"2021-01-31T14:07:06","date_gmt":"2021-01-31T13:07:06","guid":{"rendered":"https:\/\/www.kibotek.com\/?post_type=product&#038;p=34910"},"modified":"2026-05-14T23:09:16","modified_gmt":"2026-05-14T21:09:16","slug":"wireless-controller-joystick-typ-ps1","status":"publish","type":"product","link":"https:\/\/www.kibotek.com\/de\/kibostore\/mandos-inalambricos-joystick-tipo-ps1\/","title":{"rendered":"Drahtlose Joystick-Controller Typ PS1"},"content":{"rendered":"<p>Kaufen Sie drahtlose PS1-Joystick-Controller mit Versand von Spanien nach ganz Europa innerhalb von 24\/72 Stunden und 2 Jahren Garantie.<\/p>\n<ul>\n<li>2 Wireless-Controller im PlayStation-Stil<\/li>\n<li>2,4 GHz Drahtlose Verbindung<\/li>\n<li>Doppelter Joystick ohne Vibration<\/li>\n<li>10 Meter Fernbedienung ohne Zeitverz\u00f6gerung<\/li>\n<li>Ergonomisches Design<\/li>\n<li>Automatische Verbindung<\/li>\n<li>ABS-Material<\/li>\n<li>Gr\u00f6\u00dfe ca. 15 x 10 x 5 \/ 5,91 \u00d7 3,94 \u00d7 1,97 Zoll<\/li>\n<li><span data-spm-anchor-id=\"a2g0o.detail.1000023.i3.7f1671fbQIv9sV\">2 AA-Batterien (nicht im Lieferumfang enthalten)<\/span><\/li>\n<li>Farbe schwarz<\/li>\n<\/ul>\n<p>Genie\u00dfen Sie die besten Spiele mit diesen beiden drahtlosen PlayStation-Controllern. Sie k\u00f6nnen sie sehr einfach an die Pandora Box 3D SAGA-Konsole oder an einen beliebigen PC, eine TV-Box oder verschiedene Konsolentypen anschlie\u00dfen. Die Verbindung erfolgt automatisch und durch einfaches Einschalten k\u00f6nnen Sie Ihre Lieblingsspiele spielen.<\/p>\n<p>In kiboTEK k\u00f6nnen Sie die drahtlosen Joystick-Controller vom Typ PS1 mit der Garantie und Sicherheit des besten Online-Shops in Spanien, Europa, kaufen.<\/p>\n<p>Bei kiboTEK liefern wir die drahtlosen Joystick-Controller PS1 innerhalb von 24\/72 Stunden mit einer zweij\u00e4hrigen Garantie in mehr als 29 andere L\u00e4nder als Europa. \u00dcberpr\u00fcfen und berechnen Sie die Versandkosten im Warenkorb, indem Sie Ihre Adresse eingeben.<\/p>","protected":false},"excerpt":{"rendered":"<p><strong><em>JETZT KAUFEN UND IN 24 STUNDEN IN SPANIEN ERHALTEN<\/em><\/strong><\/p>\n<p><strong><em>JETZT KAUFEN UND IN 72 STUNDEN IN EUROPA ERHALTEN \ud83d\ude80<\/em><\/strong><\/p>","protected":false},"featured_media":34897,"comment_status":"open","ping_status":"closed","template":"","meta":{"iawp_total_views":296},"product_brand":[8166],"product_cat":[2611,80,7078,5514],"product_tag":[6771,1794],"class_list":{"0":"post-34910","1":"product","2":"type-product","3":"status-publish","4":"has-post-thumbnail","6":"product_brand-pandorabox3d","7":"product_cat-multimedia-xiaomi","8":"product_cat-comprar-los-mejores-accesorios-para-moviles","9":"product_cat-accesorios-pc","10":"product_cat-consolas-retro-gaming-arcade-bartop-pandora-box-anbernic-powkiddy","11":"product_tag-ofertas","12":"product_tag-top10","14":"first","15":"instock","16":"sale","17":"taxable","18":"shipping-taxable","19":"purchasable","20":"product-type-simple"},"supplier_id":null,"supplier_sku":"","barcode":null,"atum_controlled":true,"out_stock_date":null,"out_stock_threshold":null,"inheritable":false,"inbound_stock":0,"stock_on_hold":0,"sold_today":0,"sales_last_days":0,"reserved_stock":0,"customer_returns":0,"warehouse_damage":0,"lost_in_post":0,"other_logs":0,"out_stock_days":0,"lost_sales":0,"has_location":true,"update_date":"2026-05-14T21:09:17","atum_locations":[{"id":41,"name":"Bilbao","slug":"bilbao"}],"atum_stock_status":"instock","restock_status":false,"low_stock_amount":0,"sales_update_date":"2026-04-29T00:00:31","calc_backorders":null,"_links":{"self":[{"href":"https:\/\/www.kibotek.com\/de\/wp-json\/wp\/v2\/product\/34910","targetHints":{"allow":["GET"]}}],"collection":[{"href":"https:\/\/www.kibotek.com\/de\/wp-json\/wp\/v2\/product"}],"about":[{"href":"https:\/\/www.kibotek.com\/de\/wp-json\/wp\/v2\/types\/product"}],"replies":[{"embeddable":true,"href":"https:\/\/www.kibotek.com\/de\/wp-json\/wp\/v2\/comments?post=34910"}],"version-history":[{"count":0,"href":"https:\/\/www.kibotek.com\/de\/wp-json\/wp\/v2\/product\/34910\/revisions"}],"wp:featuredmedia":[{"embeddable":true,"href":"https:\/\/www.kibotek.com\/de\/wp-json\/wp\/v2\/media\/34897"}],"wp:attachment":[{"href":"https:\/\/www.kibotek.com\/de\/wp-json\/wp\/v2\/media?parent=34910"}],"wp:term":[{"taxonomy":"product_brand","embeddable":true,"href":"https:\/\/www.kibotek.com\/de\/wp-json\/wp\/v2\/product_brand?post=34910"},{"taxonomy":"product_cat","embeddable":true,"href":"https:\/\/www.kibotek.com\/de\/wp-json\/wp\/v2\/product_cat?post=34910"},{"taxonomy":"product_tag","embeddable":true,"href":"https:\/\/www.kibotek.com\/de\/wp-json\/wp\/v2\/product_tag?post=34910"}],"curies":[{"name":"wp","href":"https:\/\/api.w.org\/{rel}","templated":true}]}}