{"id":2102,"date":"2018-12-16T17:42:15","date_gmt":"2018-12-16T15:42:15","guid":{"rendered":"https:\/\/www.kibotek.com\/?page_id=2102"},"modified":"2020-11-17T22:19:49","modified_gmt":"2020-11-17T21:19:49","slug":"cookie-richtlinie","status":"publish","type":"page","link":"https:\/\/www.kibotek.com\/de\/politica-de-cookies\/","title":{"rendered":"Cookie-Richtlinie"},"content":{"rendered":"<h2>\u00dcber uns<\/h2>\n<p>Die Adresse unserer Website lautet: https:\/\/www.kibotek.com.<\/p>\n<p>Der Eigent\u00fcmer dieser Website ist Sainz Caballero Comunicaciones, SL (im Folgenden: SCCOM), ein spanisches Unternehmen mit CIF B-95782819, das am 6. November 2014 im Handelsregister von Bilbao, Band 5495, Folio 32, 1. Eintrag, registriert wurde mit Blatt BI-65157 und mit Sitz in Karmelo Torre 14, Basauri in Vizcaya.<\/p>\n<h3>Kekse<\/h3>\n<p>Wenn Sie einen Kommentar auf unserer Website hinterlassen, k\u00f6nnen Sie Ihren Namen, Ihre E-Mail-Adresse und Ihre Website in Cookies speichern. Dies dient Ihrer Bequemlichkeit, damit Sie Ihre Daten nicht erneut eingeben m\u00fcssen, wenn Sie einen weiteren Kommentar hinterlassen. Diese Cookies halten ein Jahr lang.<\/p>\n<p>Wenn Sie ein Konto haben und eine Verbindung zu dieser Website herstellen, setzen wir ein tempor\u00e4res Cookie, um festzustellen, ob Ihr Browser Cookies akzeptiert. Dieses Cookie enth\u00e4lt keine pers\u00f6nlichen Daten und wird beim Schlie\u00dfen des Browsers gel\u00f6scht.<\/p>\n<p>Wenn Sie sich anmelden, installieren wir auch verschiedene Cookies, um Ihre Anmeldeinformationen und Ihre Bildschirmanzeigeoptionen zu speichern. Anmelde-Cookies halten zwei Tage und Cookies f\u00fcr Bildschirmoptionen ein Jahr. Wenn Sie &quot;An mich erinnern&quot; ausw\u00e4hlen, dauert Ihr Login zwei Wochen. Wenn Sie sich von Ihrem Konto abmelden, werden die Anmelde-Cookies entfernt.<\/p>\n<p>Wenn Sie einen Artikel bearbeiten oder ver\u00f6ffentlichen, wird ein zus\u00e4tzliches Cookie in Ihrem Browser gespeichert. Dieses Cookie enth\u00e4lt keine pers\u00f6nlichen Daten und gibt lediglich die ID des Artikels an, den Sie gerade bearbeitet haben. Es l\u00e4uft nach 1 Tag ab.<\/p>\n<p>Wir verwenden Cookies auch, um den Inhalt des Warenkorbs beim Surfen auf unserer Website zu verfolgen.<\/p>\n<h3>Eingebettete Inhalte von anderen Websites<\/h3>\n<p>Artikel auf dieser Website k\u00f6nnen eingebetteten Inhalt enthalten (z. B. Videos, Bilder, Artikel usw.). Eingebettete Inhalte von anderen Websites verhalten sich genauso, als h\u00e4tte der Besucher die andere Website besucht.<\/p>\n<p>Diese Websites sammeln m\u00f6glicherweise Daten \u00fcber Sie, verwenden Cookies, binden zus\u00e4tzliches Tracking von Drittanbietern ein und \u00fcberwachen Ihre Interaktion mit diesen eingebetteten Inhalten, einschlie\u00dflich der Verfolgung Ihrer Interaktion mit eingebetteten Inhalten, wenn Sie \u00fcber ein Konto verf\u00fcgen und mit dieser Website verbunden sind.<\/p>\n<h3>Allgemeine Cookie-Richtlinien<\/h3>\n<p>Wie die meisten webbasierten Dienste kann SCCOM automatisch Informationen empfangen und aufzeichnen, wenn Sie die Websites und Dienste von SCCOM nutzen. Wir k\u00f6nnen eine Vielzahl von Methoden sammeln, einschlie\u00dflich klarer GIFs (auch als &quot;Web Beacons&quot; bekannt) und &quot;Cookies&quot;, um diese Informationen zu sammeln.<\/p>\n<p>Diese Cookie-Richtlinie soll Sie \u00fcber die Verwendung solcher Cookies und eindeutiger GIFs informieren, regelt jedoch nicht die Verwendung von SCCOM-Websites oder die Verarbeitung pers\u00f6nlicher Informationen auf SCCOM-Websites. Daher sollte die Cookie-Richtlinie in Verbindung mit unserer gelesen werden <a href=\"https:\/\/www.kibotek.com\/de\/datenschutz-bestimmungen\/\">Datenschutz-Bestimmungen<\/a> und das <a href=\"https:\/\/www.kibotek.com\/de\/geschaftsbedingungen\/\">Gesch\u00e4ftsbedingungen<\/a> SCCOM-Dienst. Jeder in dieser Cookie-Richtlinie gro\u00dfgeschriebene Begriff wird in der Datenschutzrichtlinie oder, falls dies nicht der Fall ist, in den Nutzungsbedingungen definiert.<\/p>\n<p><strong>1. Cookies und andere automatisierte passive Datenerfassungsmittel<\/strong>.<\/p>\n<p>In dieser Cookie-Richtlinie werden Cookies und andere automatisierte Mittel (z. B. Web Beacons) in dieser Richtlinie zusammenfassend als &quot;Cookies&quot; bezeichnet, sofern in diesem Abschnitt nichts anderes angegeben ist.<\/p>\n<p>In diesem Abschnitt finden Sie weitere Informationen zu einigen dieser Technologien und deren Funktionsweise.<\/p>\n<p><strong>Cookies \/ Cookies<\/strong>.<\/p>\n<p>Ein Cookie ist eine Reihe von Informationen, die eine Website auf dem Computer eines Besuchers speichert und die der Browser des Besuchers der Website bei jeder R\u00fcckkehr des Besuchers zur Verf\u00fcgung stellt. Die meisten gro\u00dfen Websites verwenden Cookies. Da der Browser diese Cookie-Informationen bei jedem Besuch der Website zur Verf\u00fcgung stellt, dienen Cookies als eine Art Tag, mit dem eine Website einen Browser &quot;erkennen&quot; kann, wenn er zur Website zur\u00fcckkehrt.<\/p>\n<p>Cookies speichern Informationen \u00fcber Ihre Aktivit\u00e4ten auf einer Website oder einer anderen Plattform. Cookies k\u00f6nnen beispielsweise Ihre Sitzungsinformationen speichern, um sich einfach bei einer Website oder einer anderen Plattform anzumelden, die Sie zuvor besucht haben. Sie erm\u00f6glichen es uns, Ihre Nutzung der SCCOM-Websites und -Dienste angenehmer zu gestalten und die Funktionalit\u00e4t des Dienstes zu verbessern.<\/p>\n<p><strong>Transparente GIFs<\/strong>.<\/p>\n<p>Klare GIFs (auch als Web Beacons bezeichnet) werden in Kombination mit Cookies verwendet, damit Website-Betreiber verstehen, wie Besucher mit ihren Websites interagieren. Ein klares GIF ist normalerweise ein transparentes Grafikbild (normalerweise 1 Pixel x 1 Pixel), das auf einer Website platziert wird. Durch die Verwendung eines \u00fcbersichtlichen GIF kann die Website die Aktionen des Besuchers messen, der die Seite mit dem \u00fcbersichtlichen GIF \u00f6ffnet. Es macht es einfach, die Aktivit\u00e4ten eines erkannten Browsers zu verfolgen und aufzuzeichnen, z. B. den Pfad der auf einer Website besuchten Seiten.<\/p>\n<p>Durch das L\u00f6schen von GIF-Dateien, die in Webseiten, Videos oder E-Mails eingebettet werden k\u00f6nnen, kann ein Webserver bestimmte Arten von Informationen in Ihrem Browser lesen, pr\u00fcfen, ob Sie eine bestimmte Webseite oder E-Mail-Nachricht angezeigt haben, und dazwischen Andere Dinge, die Uhrzeit und das Datum, an dem Sie das Clear GIF angezeigt haben, die IP-Adresse Ihres Computers und die URL der Webseite, von der aus das Clear GIF angezeigt wurde.<\/p>\n<p>Weitere Informationen zu Cookies und Web Beacons finden Sie unter <a href=\"http:\/\/www.allaboutcookies.org\/cookies\/\" rel=\"nofollow noopener\" target=\"_blank\">http:\/\/www.allaboutcookies.org\/cookies\/<\/a>.<\/p>\n<p><strong>2. Welche Informationen sammeln wir passiv?<\/strong><\/p>\n<p>Zu den Informationen, die wir mit diesen automatisierten Methoden erfassen k\u00f6nnen, geh\u00f6ren beispielsweise Ihre IP-Adresse, Cookie-Informationen, eine eindeutige Benutzer-ID oder ein eindeutiges Ger\u00e4t, ein Browsertyp, ein Systemtyp, der Inhalt und die Seiten, auf die Sie auf der Website zugreifen SCCOM-Websites oder -Dienste, H\u00e4ufigkeit und Dauer Ihrer Besuche auf den Websites oder Diensten von SCCOM und die \u201everweisende URL\u201c (dh die Seite, von der aus Sie zu den Websites von SCCOM navigiert haben). Wir k\u00f6nnen auch Cookies auf den SCCOM-Websites und -Diensten verwenden, um Sitzungsvalidatoren auf Ihrer Festplatte zu speichern.<\/p>\n<p><strong>3. Wie verwenden wir passiv gesammelte Daten?<\/strong><\/p>\n<p>Auf den SCCOM-Websites k\u00f6nnen wir passiv gesammelte Daten verwenden, um: (a) Ihre Informationen zu speichern, damit Sie sie w\u00e4hrend Ihres Besuchs oder beim n\u00e4chsten Besuch der SCCOM-Websites nicht erneut eingeben m\u00fcssen; (b) Ihre Teilnahme an verschiedenen Abschnitten der SCCOM-Websites \u00fcberwachen; (c) Personalisieren Sie unseren Service f\u00fcr Sie, einschlie\u00dflich der Bereitstellung von Empfehlungen; (c) \u00dcberwachung der aggregierten Nutzungskennzahlen f\u00fcr Websites, z. B. der Gesamtzahl der Besucher und der besuchten Seiten; und (d) die SCCOM-Websites und unsere anderen Dienste und Systeme zu verwalten, zu betreiben und zu verbessern sowie Dienste und Inhalte bereitzustellen, die auf Sie zugeschnitten sind.<\/p>\n<p><strong>4. Welche Cookies verwenden wir und warum?<\/strong><\/p>\n<p>Wir verwenden die folgenden Arten von Cookies:<\/p>\n<p><strong>Unbedingt notwendige Cookies<\/strong>: Diese Cookies werden ausschlie\u00dflich zu dem Zweck verwendet, (i) eine \u00dcbertragung einer Kommunikation \u00fcber ein elektronisches Kommunikationsnetz durchzuf\u00fchren oder (ii) dem Anbieter eines Dienstes der Informationsgesellschaft die Bereitstellung der zu erm\u00f6glichen Service, der ausdr\u00fccklich von Ihnen angefordert wird.<\/p>\n<p><strong>Leistungscookies<\/strong>- Diese Cookies sammeln Informationen dar\u00fcber, wie Besucher eine Website nutzen, beispielsweise welche Seiten sie am h\u00e4ufigsten besuchen und ob sie Fehlermeldungen von Webseiten erhalten. Diese Cookies sammeln keine Informationen, die einen Besucher identifizieren. Alle Informationen, die diese Cookies sammeln, sind aggregiert und daher anonym. Es wird nur verwendet, um die Funktionsweise einer Website zu verbessern.<\/p>\n<p><strong>Funktionscookies<\/strong>Diese Cookies erm\u00f6glichen es der Website, sich an die von Ihnen getroffenen Entscheidungen zu erinnern (z. B. Ihren Benutzernamen, Ihre Sprache oder Ihre Region) und erweiterte und pers\u00f6nlichere Funktionen bereitzustellen.<\/p>\n<p><strong>Social Media Cookies<\/strong>: Diese Cookies werden in Funktion der Funktionen f\u00fcr soziale Verbindungen oder wenn Sie eine Schaltfl\u00e4che zum Hinzuf\u00fcgen von sozialen Netzwerken verwenden (z. B. durch Klicken auf das Symbol &quot;Gef\u00e4llt mir&quot; einer Webseite).<\/p>\n<p><strong>Werbe-Cookies<\/strong>- Diese Cookies sammeln Informationen \u00fcber Webbrowsing-Aktivit\u00e4ten, um Werbenetzwerke \u00fcber den Website-Verkehr zu informieren und zielgerichtete Werbung basierend auf fr\u00fcheren Browsing-Aktivit\u00e4ten zu liefern.<\/p>\n<p>Ob ein Cookie als &quot;Ursprungs-&quot; oder &quot;Drittanbieter&quot; -Cookie betrachtet wird, bezieht sich auf die Domain, in der das Cookie platziert wird. Erstanbieter-Cookies sind solche, die von der Website erstellt werden, die der Benutzer zu diesem Zeitpunkt besucht. Cookies von Drittanbietern sind Cookies, die von einer anderen Domain als der vom Benutzer besuchten Website gesetzt werden. Wenn ein Benutzer eine Website besucht und eine andere Entit\u00e4t \u00fcber diese Website ein Cookie setzt, handelt es sich um ein Cookie eines Drittanbieters.<\/p>\n<p>Mit Sitzungscookies k\u00f6nnen Website-Betreiber Ihre Aktionen w\u00e4hrend einer Browsersitzung verkn\u00fcpfen. Eine Browsersitzung beginnt mit dem \u00d6ffnen des Browserfensters und endet mit dem Schlie\u00dfen des Browserfensters. Sitzungscookies werden vor\u00fcbergehend erstellt. Sobald Sie den Browser schlie\u00dfen, werden alle Sitzungscookies gel\u00f6scht. Permanente Cookies sind Cookies, die f\u00fcr den im Cookie angegebenen Zeitraum auf Ihrem Ger\u00e4t verbleiben. Wir verwenden Sitzungs- und dauerhafte Cookies.<\/p>\n<p><strong>5. So deaktivieren oder l\u00f6schen Sie Cookies<\/strong><\/p>\n<p>Kekse<\/p>\n<p>Sie k\u00f6nnen Ihren Internetbrowser konfigurieren, indem Sie Ihre Optionen \u00e4ndern, um das vollst\u00e4ndige Akzeptieren von Cookies zu beenden oder Sie zu benachrichtigen, bevor Sie ein Cookie von der von Ihnen besuchten Website akzeptieren. Wenn Sie jedoch keine Cookies akzeptieren, k\u00f6nnen Sie m\u00f6glicherweise nicht alle Teile der SCCOM-Websites oder alle Funktionen der Dienste nutzen.<\/p>\n<p>Bitte beachten Sie, dass das Deaktivieren dieser Technologien die Leistung und Funktionen der Dienste beeintr\u00e4chtigen kann.<\/p>\n<p>Informationen zum Zulassen, Blockieren oder L\u00f6schen von auf Ihrem Computer installierten Cookies durch Konfigurieren der auf Ihrem Computer installierten Browseroptionen finden Sie unter:<\/p>\n<p><a href=\"http:\/\/support.google.com\/chrome\/bin\/answer.py?hl=es&amp;answer=95647\" rel=\"nofollow noopener\" target=\"_blank\">Chrom<\/a><br \/>\n<a href=\"https:\/\/support.apple.com\/es-es\/guide\/safari\/manage-cookies-and-website-data-sfri11471\/mac\" rel=\"nofollow noopener\" target=\"_blank\">Safari<\/a><br \/>\n<a href=\"https:\/\/support.microsoft.com\/es-es\/help\/17442\/windows-internet-explorer-delete-manage-cookies\" rel=\"nofollow noopener\" target=\"_blank\">Internet Explorer<\/a><br \/>\n<a href=\"http:\/\/support.mozilla.org\/es\/kb\/habilitar-y-deshabilitar-cookies-que-los-sitios-we\" rel=\"nofollow noopener\" target=\"_blank\">Feuerfuchs<\/a><\/p>\n<p>&nbsp;<\/p>","protected":false},"excerpt":{"rendered":"<p>Qui\u00e9nes somos La direcci\u00f3n de nuestra web es: https:\/\/www.kibotek.com. El titular de este sitio web es Sainz Caballero Comunicaciones, S.L.<\/p>","protected":false},"author":12,"featured_media":0,"parent":0,"menu_order":0,"comment_status":"closed","ping_status":"closed","template":"","meta":{"iawp_total_views":132,"footnotes":""},"class_list":["post-2102","page","type-page","status-publish","hentry"],"rttpg_featured_image_url":null,"rttpg_author":{"display_name":"kiboadm","author_link":"https:\/\/www.kibotek.com\/de\/kibonews\/author\/kiboadm-2-2-2-2-2-2-2-2-2-2-2-2-2\/"},"rttpg_comment":0,"rttpg_category":null,"rttpg_excerpt":"Qui\u00e9nes somos La direcci\u00f3n de nuestra web es: https:\/\/www.kibotek.com. El titular de este sitio web es Sainz Caballero Comunicaciones, S.L.","_links":{"self":[{"href":"https:\/\/www.kibotek.com\/de\/wp-json\/wp\/v2\/pages\/2102","targetHints":{"allow":["GET"]}}],"collection":[{"href":"https:\/\/www.kibotek.com\/de\/wp-json\/wp\/v2\/pages"}],"about":[{"href":"https:\/\/www.kibotek.com\/de\/wp-json\/wp\/v2\/types\/page"}],"author":[{"embeddable":true,"href":"https:\/\/www.kibotek.com\/de\/wp-json\/wp\/v2\/users\/12"}],"replies":[{"embeddable":true,"href":"https:\/\/www.kibotek.com\/de\/wp-json\/wp\/v2\/comments?post=2102"}],"version-history":[{"count":0,"href":"https:\/\/www.kibotek.com\/de\/wp-json\/wp\/v2\/pages\/2102\/revisions"}],"wp:attachment":[{"href":"https:\/\/www.kibotek.com\/de\/wp-json\/wp\/v2\/media?parent=2102"}],"curies":[{"name":"wp","href":"https:\/\/api.w.org\/{rel}","templated":true}]}}