{"id":12486,"date":"2019-12-17T00:13:27","date_gmt":"2019-12-16T22:13:27","guid":{"rendered":"https:\/\/www.kibotek.com\/?page_id=12486"},"modified":"2026-03-04T10:03:08","modified_gmt":"2026-03-04T09:03:08","slug":"sendebedingungen","status":"publish","type":"page","link":"https:\/\/www.kibotek.com\/de\/condiciones-de-envio\/","title":{"rendered":"Sendebedingungen"},"content":{"rendered":"<h1>Versandbedingungen kiboTEK<\/h1>\n<p><strong>Liste der Versandl\u00e4nder<\/strong><\/p>\n<p><strong>Spanien, Portugal, <span lang=\"en\">\u00d6sterreich, Belgien, Bulgarien, Kroatien, Zypern, Tschechien, D\u00e4nemark, Estland, Finnland, Frankreich, Deutschland, Griechenland, Ungarn, Irland, Italien, Lettland, Litauen, Luxemburg, Malta, Niederlande, Polen, Portugal, Monaco, Slowakei, Slowenien, Spanien, Rum\u00e4nien, Vereinigtes K\u00f6nigreich, T\u00fcrkei, Schweden, Schweiz, Brasilien, Kolumbien und Mexiko.\u00a0<\/span><\/strong><\/p>\n<p>Beim Kauf auf dieser Website k\u00f6nnen Sie zwischen den folgenden Versandarten w\u00e4hlen, um Ihre Bestellung zu erhalten:<\/p>\n<h2>Spanien<\/h2>\n<p><strong>Kostenloser Express-Postversand innerhalb von 24\/48 Gesch\u00e4ftszeiten <\/strong>- Wenn Sie diese Versandart w\u00e4hlen, erhalten Sie Ihre Bestellung in <strong>24\/48 Stunden<\/strong> (nur g\u00fcltig f\u00fcr Halbinsel). Kostenlos f\u00fcr Bestellungen \u00fcber 100 \u20ac ohne Steuern.<\/p>\n<p>Vorbestellungen <strong>18: 00h<\/strong> Sie werden am selben Tag serviert, an dem sie aufgef\u00fchrt werden, mit Ausnahme von:<br \/>\n\u2022 Bestellungen, deren Zahlungsbest\u00e4tigung nach dieser Zeit liegt.<br \/>\n\u2022 Bestellungen am Samstag, Sonntag oder Feiertag. Diese Bestellungen werden am n\u00e4chsten Werktag je nach Verf\u00fcgbarkeit der darin enthaltenen Artikel versendet.<br \/>\n\u2022 Bestellungen mit Artikeln, deren Verf\u00fcgbarkeit eine l\u00e4ngere Lieferzeit impliziert. In diesem Fall werden sie entsprechend der in der Bestellung angegebenen Lieferzeit zugestellt.<\/p>\n<p>Der Kunde kann bei Bedarf auch andere Transportunternehmen mit den entsprechenden Kosten ausw\u00e4hlen.<br \/>\nBei Bestellungen unter 100 \u20ac ohne Steuern werden die Versandkosten im Warenkorb und im Bestellvorgang bei der Aktualisierung der Zieladresse angegeben, wobei der Kunde zwischen verschiedenen Transportunternehmen w\u00e4hlen kann.<\/p>\n<p><strong>Im Laden abgeholt<\/strong> Sie k\u00f6nnen Ihre Bestellungen in unseren Filialen in der Alameda Urquijo 35, 48010 Bilbao, und in der Independencia 13 in Vitoria-Gasteiz abholen. Je nach Produkt k\u00f6nnen Sie Ihre Bestellung noch am selben Tag oder innerhalb von 24\u201348 Stunden nach erfolgreicher Zahlungsabwicklung abholen. Sie erhalten eine Benachrichtigung, sobald Ihre Bestellung abholbereit ist.<\/p>\n<h2>europ\u00e4ische L\u00e4nder<\/h2>\n<p><strong>Die schnellste Versandoption ist UPS 3 Werktage<\/strong><\/p>\n<p><strong>Andere Versandarten -<\/strong> Wenn Sie den Artikel in den Warenkorb legen und den Artikel einlegen <strong>Die Lieferadresse wird anderen Transportunternehmen angezeigt<\/strong>. Bei der Aktualisierung der Zieladresse k\u00f6nnen Sie zwischen verschiedenen internationalen Transportunternehmen w\u00e4hlen.<\/p>\n<p>Vorbestellungen <strong>17: 00h<\/strong> Sie werden am selben Tag serviert, an dem sie aufgef\u00fchrt werden, mit Ausnahme von:<br \/>\n\u2022 Bestellungen, deren Zahlungsbest\u00e4tigung nach dieser Zeit liegt.<br \/>\n\u2022 Bestellungen am Samstag, Sonntag oder Feiertag. Diese Bestellungen werden am n\u00e4chsten Werktag je nach Verf\u00fcgbarkeit der darin enthaltenen Artikel versendet.<br \/>\n\u2022 Bestellungen mit Artikeln, deren Verf\u00fcgbarkeit eine l\u00e4ngere Lieferzeit impliziert. In diesem Fall werden sie entsprechend der in der Bestellung angegebenen Lieferzeit zugestellt.<\/p>\n<p>Von kiboTEK aus versenden wir unsere Produkte in 30 verschiedene L\u00e4nder in Europa wie z <strong><span lang=\"en\">\u00d6sterreich, Belgien, Bulgarien, Kroatien, Zypern, Tschechische Republik, D\u00e4nemark, Estland, Finnland, Frankreich, Deutschland, Griechenland, Ungarn, Irland, Italien, Lettland, Litauen, Luxemburg, Malta, Niederlande, Polen, Portugal, Monaco, Slowakei, Slowenien , Spanien, Rum\u00e4nien, Gro\u00dfbritannien, T\u00fcrkei und Schweden.<\/span><\/strong><\/p>\n<p>W\u00e4hrend des gesamten Kaufprozesses informiert Sie unser Team per E-Mail \u00fcber den unterschiedlichen Status Ihrer Bestellung. Sie erhalten per E-Mail die Sendungsverfolgungsnummer Ihrer Bestellung, die Sie auch im Internet oder in Ihrem Kundenbereich \u00fcberpr\u00fcfen k\u00f6nnen. Wenn Sie m\u00f6chten, k\u00f6nnen Sie eine E-Mail an kibotek@kibotek.com senden, und unser Team wird alle Fragen dazu beantworten.<\/p>\n<h2>Balearen<\/h2>\n<p><strong>Expressversand innerhalb von 24\/48 Arbeitsstunden <\/strong>- Wenn Sie diese Versandart w\u00e4hlen, erhalten Sie Ihre Bestellung innerhalb von 24\/48 Stunden (nur g\u00fcltig f\u00fcr die Halbinsel). Bestellungen, die vor 18:00 Uhr eingehen, werden am selben Tag zugestellt, an dem sie aufgegeben werden, mit Ausnahme von:<br \/>\n\u2022 Bestellungen, deren Zahlungsbest\u00e4tigung nach dieser Zeit liegt.<br \/>\n\u2022 Bestellungen am Samstag, Sonntag oder Feiertag. Diese Bestellungen werden am n\u00e4chsten Werktag je nach Verf\u00fcgbarkeit der darin enthaltenen Artikel versendet.<br \/>\n\u2022 Bestellungen mit Artikeln, deren Verf\u00fcgbarkeit eine l\u00e4ngere Lieferzeit impliziert. In diesem Fall werden sie entsprechend der in der Bestellung angegebenen Lieferzeit zugestellt.<\/p>\n<p>Kostenloser Versand f\u00fcr Bestellungen \u00fcber 200 \u20ac ohne Steuern. Bei kleineren Bestellungen betragen die Versandkosten 5,99 \u20ac zzgl. MwSt.<\/p>\n<h2>Spanien Kanarienvogel<\/h2>\n<p><strong>Versand (Kanarische Inseln Express) per Correos Express mit Lieferung in 5\/6 Werktagen 39,90 \u20ac \u2013<\/strong> Wenn Sie diese Versandart w\u00e4hlen, erhalten Sie Ihre Bestellung innerhalb von ca. 5 Werktagen.<\/p>\n<p>Bestellungen auf die Kanarischen Inseln sind von der Mehrwertsteuer befreit, die im Warenkorb oder im Bestellvorgang abgezogen wird, wenn die Zieladresse auf den Kanarischen Inseln angegeben wird. Der Kunde hat nach Eingang der Bestellung die entsprechenden Steuern und Aufwendungen gem\u00e4\u00df den geltenden Steuervorschriften auf den Kanarischen Inseln zu zahlen:<\/p>\n<ul>\n<li>Zollabfertigungskosten im Zoll (DUA)<\/li>\n<li>Entsprechende Steuersteuern (IGIC oder IPSI)<\/li>\n<li>Insular Goods Entry Tax oder AIEM, falls zutreffend<\/li>\n<\/ul>\n<p>Alle anderen Kosten, die sich aus der Anwendung der Gebietssteuern ergeben, werden ausschlie\u00dflich vom Kunden getragen.<\/p>\n<p>F\u00fcr den Fall, dass der Kunde die Ware nicht erh\u00e4lt und sie an unser Lager zur\u00fccksendet, wird der Bestellbetrag an den Kunden gezahlt, wobei die Kosten f\u00fcr Versand und R\u00fccksendung sowie der Betrag der Zollverwaltung oder sonstige daraus abgeleitete Kosten abgezogen werden.<\/p>\n<h2>Portugal (Halbinsel)<\/h2>\n<p><strong>Expressversand innerhalb von 24\/48 Arbeitsstunden <\/strong>- Wenn Sie diese Versandart w\u00e4hlen, erhalten Sie Ihre Bestellung innerhalb von 24\/48 Stunden (nur g\u00fcltig f\u00fcr die Halbinsel). Bestellungen, die vor 18:00 Uhr eingehen, werden am selben Tag zugestellt, an dem sie aufgegeben werden, mit Ausnahme von:<br \/>\n\u2022 Bestellungen, deren Zahlungsbest\u00e4tigung nach dieser Zeit liegt.<br \/>\n\u2022 Bestellungen am Samstag, Sonntag oder Feiertag. Diese Bestellungen werden am n\u00e4chsten Werktag je nach Verf\u00fcgbarkeit der darin enthaltenen Artikel versendet.<br \/>\n\u2022 Bestellungen mit Artikeln, deren Verf\u00fcgbarkeit eine l\u00e4ngere Lieferzeit impliziert. In diesem Fall werden sie entsprechend der in der Bestellung angegebenen Lieferzeit zugestellt.<\/p>\n<h2>L\u00e4nder au\u00dferhalb der Europ\u00e4ischen Union<\/h2>\n<p><strong>Andere Versandarten -<\/strong> Wenn Sie den Artikel in den Warenkorb legen und den Artikel einlegen <strong>Wenn Sie die Lieferadresse angeben, werden Ihnen verschiedene Optionen f\u00fcr internationale Transportunternehmen angezeigt<\/strong>\u00a0mit ihren jeweiligen Kosten. <strong>Wir versenden nach Mexiko, Kolumbien, Brasilien, in die Schweiz und in das Vereinigte K\u00f6nigreich <\/strong>unter anderen L\u00e4ndern.<\/p>\n<p>Bestellungen au\u00dferhalb der EU sind von der Mehrwertsteuer befreit, die im Warenkorb oder im Bestellvorgang durch Angabe der Zieladresse in einem Land au\u00dferhalb der EU abgezogen wird. Der Kunde muss nach Eingang der Bestellung die entsprechenden Steuern und Aufwendungen gem\u00e4\u00df den geltenden Einfuhrsteuervorschriften seines Landes (einschlie\u00dflich Zollkosten wie Z\u00f6lle oder Steuern) bezahlen.<\/p>\n<p>Im Vereinigten K\u00f6nigreich werden nur Bestellungen mit Betr\u00e4gen \u00fcber 150 \u20ac (135 \u00a3) bearbeitet. Diese Ausnahme gilt nicht f\u00fcr Nordirland; Dar\u00fcber hinaus gelten Sendungen nach Nordirland weiterhin als innergemeinschaftlich und unterliegen keiner Zollverwaltung.<\/p>\n<p>Alle anderen Kosten, die sich aus der Anwendung der Gebietssteuern ergeben, werden ausschlie\u00dflich vom Kunden getragen.<\/p>\n<h2>Bedingungen f\u00fcr Sendungen mit gesch\u00e4tzten Lieferterminen<\/h2>\n<p>Der Versandtermin f\u00fcr Bestellungen mit voraussichtlichem Lieferdatum ist eine Sch\u00e4tzung und kann sich \u00e4ndern; dies liegt au\u00dferhalb des Einflussbereichs von kiboTEK. Nach dem Kauf kann der Kunde die Bestellung jederzeit stornieren, indem er eine E-Mail mit Angabe der Bestellnummer an kibotek@kibotek.com sendet. Die Reservierungsgeb\u00fchr wird innerhalb von 48\u201372 Stunden zur\u00fcckerstattet.<\/p>\n<h3>Informationen zum Bestellstatus<\/h3>\n<p>W\u00e4hrend des gesamten Kaufprozesses informiert Sie unser Team per E-Mail \u00fcber den unterschiedlichen Status Ihrer Bestellung. Sie erhalten per E-Mail die Sendungsverfolgungsnummer Ihrer Bestellung, die Sie auch im Internet oder in Ihrem Kundenbereich \u00fcberpr\u00fcfen k\u00f6nnen. Wenn Sie m\u00f6chten, k\u00f6nnen Sie eine E-Mail an kibotek@kibotek.com senden, und unser Team wird alle Fragen dazu beantworten. <strong>Sobald eine Bestellung bearbeitet wurde, kann sie nicht mehr ge\u00e4ndert oder storniert werden. <\/strong>Bestellungen, die sich bei Finanzierungsunternehmen wie Klarna oder Sequra im Bearbeitungsstatus befinden, k\u00f6nnen nicht storniert werden.<\/p>\n<h2>Lieferbedingungen<\/h2>\n<p>Wenn das Paket bei der Lieferung Anzeichen einer Manipulation aufweist oder ge\u00f6ffnet wurde und das Siegel von kiboTEK besch\u00e4digt ist, sollten Sie die Annahme beim Zusteller verweigern und unser Team unter sat@kibotek.com kontaktieren, damit wir Sie zum weiteren Vorgehen beraten k\u00f6nnen. <strong>Es ist sehr wichtig, dass Sie kurz \u00fcberpr\u00fcfen, ob das Paket manipuliert wurde und unser Siegel nicht gebrochen ist. Nur so k\u00f6nnen Sie die Lieferung ablehnen und beim Versanddienst eine Reklamation einreichen.\u00a0<\/strong><\/p>\n<p>Wenn Sie ein Paket annehmen, das Anzeichen einer Manipulation oder \u00d6ffnung aufweist oder bei dem unser Siegel besch\u00e4digt ist, liegt die alleinige Verantwortung bei Ihnen, wenn der Paketinhalt unvollst\u00e4ndig, teilweise oder defekt ist. In diesem Fall k\u00f6nnen Sie gegen\u00fcber kiboTEK keine M\u00e4ngelr\u00fcgen geltend machen.<\/p>\n<p>Der Kunde muss etwaige Anomalien oder physische M\u00e4ngel des erhaltenen Produkts innerhalb von h\u00f6chstens 24 Stunden nach Erhalt melden. Sie m\u00fcssen eine E-Mail mit Fotos des besch\u00e4digten Produkts und der Au\u00dfenverpackung an sat@kibotek.com senden, die m\u00f6glicherweise w\u00e4hrend des Versands besch\u00e4digt wurden.<\/p>\n<p>Wenn Sie die Annahme verweigern oder die Sendung nicht abholen, haben Sie nach deren R\u00fcckkehr zum Absender 30 Kalendertage Zeit, eine R\u00fcckerstattung des Gesamtbestellbetrags abz\u00fcglich der angefallenen Versandkosten zu verlangen.<\/p>","protected":false},"excerpt":{"rendered":"<p>Condiciones de Env\u00edo kiboTEK Lista de paises de env\u00edo Espa\u00f1a, Portugal, Austria, Belgium, Bulgaria, Croatia, Cyprus, Czech Republic, Denmark, Estonia,<\/p>","protected":false},"author":12,"featured_media":0,"parent":0,"menu_order":0,"comment_status":"closed","ping_status":"closed","template":"","meta":{"iawp_total_views":2071,"footnotes":""},"class_list":["post-12486","page","type-page","status-publish","hentry"],"rttpg_featured_image_url":null,"rttpg_author":{"display_name":"kiboadm","author_link":"https:\/\/www.kibotek.com\/de\/kibonews\/author\/kiboadm-2-2-2-2-2-2-2-2-2-2-2-2-2\/"},"rttpg_comment":0,"rttpg_category":null,"rttpg_excerpt":"Condiciones de Env\u00edo kiboTEK Lista de paises de env\u00edo Espa\u00f1a, Portugal, Austria, Belgium, Bulgaria, Croatia, Cyprus, Czech Republic, Denmark, Estonia,","_links":{"self":[{"href":"https:\/\/www.kibotek.com\/de\/wp-json\/wp\/v2\/pages\/12486","targetHints":{"allow":["GET"]}}],"collection":[{"href":"https:\/\/www.kibotek.com\/de\/wp-json\/wp\/v2\/pages"}],"about":[{"href":"https:\/\/www.kibotek.com\/de\/wp-json\/wp\/v2\/types\/page"}],"author":[{"embeddable":true,"href":"https:\/\/www.kibotek.com\/de\/wp-json\/wp\/v2\/users\/12"}],"replies":[{"embeddable":true,"href":"https:\/\/www.kibotek.com\/de\/wp-json\/wp\/v2\/comments?post=12486"}],"version-history":[{"count":7,"href":"https:\/\/www.kibotek.com\/de\/wp-json\/wp\/v2\/pages\/12486\/revisions"}],"predecessor-version":[{"id":73271,"href":"https:\/\/www.kibotek.com\/de\/wp-json\/wp\/v2\/pages\/12486\/revisions\/73271"}],"wp:attachment":[{"href":"https:\/\/www.kibotek.com\/de\/wp-json\/wp\/v2\/media?parent=12486"}],"curies":[{"name":"wp","href":"https:\/\/api.w.org\/{rel}","templated":true}]}}