{"id":12,"date":"2018-10-09T18:15:27","date_gmt":"2018-10-09T18:15:27","guid":{"rendered":"https:\/\/www.kibotek.com\/?page_id=12"},"modified":"2024-12-01T21:47:41","modified_gmt":"2024-12-01T20:47:41","slug":"about-kibotek","status":"publish","type":"page","link":"https:\/\/www.kibotek.com\/de\/acerca-de-kibotek\/","title":{"rendered":"\u00dcber kiboTEK"},"content":{"rendered":"<p><a href=\"https:\/\/www.kibotek.com\/de\/\"><span style=\"color: #ff7d06;\"><strong>kiboTEK<\/strong><\/span><\/a> ist ein Online- und physischer Technologieladen mit Sitz in Alameda Urquijo 35, Bilbao, Spanien, der Ihnen seit 2014 die besten Telefondienste bietet. Jetzt finden Sie uns auch in Vitoria-Gasteiz, Independencia 13.<\/p>\n<p>kiboTEK<em> -Technologie mit freundlichen Preisen-<\/em><\/p>\n<h3>Offizielle Distributoren der wichtigsten Smartphone-Marken<\/h3>\n<p>Wir sind offizielle Distributoren f\u00fchrender Handy- oder Smartphone-Marken wie z <strong>Xiaomi, Realme, Redmi, Realme, OnePlus, Poco, Oppo, Samsung, Umidigi<\/strong> unter anderem. Mit Sendungen in ganz Europa in 24\/72 Stunden mit einer offiziellen Garantie von 3 Jahren in Spanien.<\/p>\n<h3>Spezialisten f\u00fcr Retro-Gaming-Konsolen<\/h3>\n<p>Spezialist in <strong>Retro-Spielekonsolen<\/strong> mit einer gro\u00dfen Auswahl an Unterhaltungsger\u00e4ten mit Lieferungen in 24\/72h in ganz Europa. Offizielle Distributoren von Retroid, Anbernic, Pandora Box oder Powkiddy.<\/p>\n<h3>Multi-Operator mit mehr als 10 Telefongesellschaften<\/h3>\n<p>Das Gesch\u00e4ft mit mehr Telefongesellschaften, um bei Ihrer Glasfaser- und Mobilfunkrechnung zu sparen. Wir haben eine gro\u00dfe Auswahl an Tarifen <strong>Sparen Sie bei Ihrer Glasfaser- und Mobilfunkrechnung<\/strong>. Spezialisten f\u00fcr Tarife ohne Dauerhaftigkeit und ohne Tarif\u00e4nderungen oder Preiserh\u00f6hungen f\u00fcr Ihre Sicherheit. <strong>Offizielle Distributoren von Movistar, O2, Lowi, M\u00e1sm\u00f3vil, Pepephone, Guuk, Digi, FiNetwork, Simyo, Orange, Llamaya.<\/strong><\/p>\n<p><strong><a href=\"https:\/\/www.kibotek.com\/wp-content\/uploads\/2021\/07\/kiboTEK_Xiaomi_PPP_Store_02.jpg\"><img loading=\"lazy\" decoding=\"async\" class=\"alignnone wp-image-38639 size-large\" src=\"https:\/\/www.kibotek.com\/wp-content\/uploads\/2021\/07\/kiboTEK_Xiaomi_PPP_Store_02-1024x768.jpg\" alt=\"\" width=\"1024\" height=\"768\" title=\"\" srcset=\"https:\/\/www.kibotek.com\/wp-content\/uploads\/2021\/07\/kiboTEK_Xiaomi_PPP_Store_02-1024x768.jpg 1024w, https:\/\/www.kibotek.com\/wp-content\/uploads\/2021\/07\/kiboTEK_Xiaomi_PPP_Store_02-430x323.jpg 430w, https:\/\/www.kibotek.com\/wp-content\/uploads\/2021\/07\/kiboTEK_Xiaomi_PPP_Store_02-150x113.jpg 150w, https:\/\/www.kibotek.com\/wp-content\/uploads\/2021\/07\/kiboTEK_Xiaomi_PPP_Store_02-700x525.jpg 700w, https:\/\/www.kibotek.com\/wp-content\/uploads\/2021\/07\/kiboTEK_Xiaomi_PPP_Store_02-300x225.jpg 300w, https:\/\/www.kibotek.com\/wp-content\/uploads\/2021\/07\/kiboTEK_Xiaomi_PPP_Store_02-768x576.jpg 768w, https:\/\/www.kibotek.com\/wp-content\/uploads\/2021\/07\/kiboTEK_Xiaomi_PPP_Store_02-16x12.jpg 16w, https:\/\/www.kibotek.com\/wp-content\/uploads\/2021\/07\/kiboTEK_Xiaomi_PPP_Store_02-600x450.jpg 600w, https:\/\/www.kibotek.com\/wp-content\/uploads\/2021\/07\/kiboTEK_Xiaomi_PPP_Store_02-80x60.jpg 80w, https:\/\/www.kibotek.com\/wp-content\/uploads\/2021\/07\/kiboTEK_Xiaomi_PPP_Store_02-120x90.jpg 120w, https:\/\/www.kibotek.com\/wp-content\/uploads\/2021\/07\/kiboTEK_Xiaomi_PPP_Store_02.jpg 1440w\" sizes=\"auto, (max-width: 1024px) 100vw, 1024px\" \/><\/a><\/strong><\/p>\n<p><strong>Seit 2014<\/strong> bringt die beste technik...<span style=\"color: #ff7d06;\"><strong><a style=\"color: #ff7d06;\" href=\"https:\/\/www.kibotek.com\/de\/xiaomi-bilbao-store\/\">der erste, der die Marke Xiaomi einf\u00fchrte<\/a><\/strong><\/span>\u2026 Der Referenzladen f\u00fcr aufstrebende asiatische Marken.<\/p>\n<p><em>Wir ... haben Dinge gesehen, die Sie nicht glauben w\u00fcrden: Marken wie Xiaomi sind aus dem Nichts aufgetaucht, um au\u00dferhalb Chinas anzugreifen. Wir haben Selfie-Sticks in der N\u00e4he des U-Bahn-Eingangs im Dunkeln leuchten sehen. All diese Momente werden verloren gehen\u2026 mit der Zeit\u2026 wie Tr\u00e4nen im Regen \u2026\u2026\u2026\u2026\u2026\u2026\u2026 .. NOOOO \u2026\u2026\u2026\u2026 .. unser Instagram zeigt unsere gesamte Geschichte besser als jeder andere \ud83d\ude42<\/em><\/p>\n<p>Seit Juni 2021 sind wir ein Laden <strong>Xiaomi PPP Store (Bevorzugter Partner Xiaomi)<\/strong> mit dem gesamten Xiaomi-Sortiment an Smartphones, Gadgets und Zubeh\u00f6r in unserem physischen kiboTEK-Shop. Nat\u00fcrlich mit der besten Beratung zu Xiaomi, unterst\u00fctzt durch die langj\u00e4hrige Erfahrung seit 2014. Wir begannen unsere Reise mit dem Verkauf von Smartphones der Marke, die zum Marktf\u00fchrer geworden ist. <strong>Xiaomi im Jahr 2014<\/strong>. Die ersten von uns verkauften Smartphones waren das Xiaomi Redmi Note 1, Redmi 2, Xiaomi Mi 3 oder das bekannte Mi Band. Seitdem sind viele Sortimente und Produkte der Marke Xiaomi vergangen, die uns eine kontrastreiche Erfahrung mit der Marke gemacht haben.<\/p>\n<p><a href=\"https:\/\/www.kibotek.com\/wp-content\/uploads\/2021\/07\/kiboTEK_Xiaomi_PPP_Store_10.jpg\"><img loading=\"lazy\" decoding=\"async\" class=\"alignnone size-medium wp-image-38647\" src=\"https:\/\/www.kibotek.com\/wp-content\/uploads\/2021\/07\/kiboTEK_Xiaomi_PPP_Store_10-225x300.jpg\" alt=\"\" width=\"225\" height=\"300\" title=\"\" srcset=\"https:\/\/www.kibotek.com\/wp-content\/uploads\/2021\/07\/kiboTEK_Xiaomi_PPP_Store_10-225x300.jpg 225w, https:\/\/www.kibotek.com\/wp-content\/uploads\/2021\/07\/kiboTEK_Xiaomi_PPP_Store_10-430x573.jpg 430w, https:\/\/www.kibotek.com\/wp-content\/uploads\/2021\/07\/kiboTEK_Xiaomi_PPP_Store_10-150x200.jpg 150w, https:\/\/www.kibotek.com\/wp-content\/uploads\/2021\/07\/kiboTEK_Xiaomi_PPP_Store_10-700x933.jpg 700w, https:\/\/www.kibotek.com\/wp-content\/uploads\/2021\/07\/kiboTEK_Xiaomi_PPP_Store_10-768x1024.jpg 768w, https:\/\/www.kibotek.com\/wp-content\/uploads\/2021\/07\/kiboTEK_Xiaomi_PPP_Store_10-1152x1536.jpg 1152w, https:\/\/www.kibotek.com\/wp-content\/uploads\/2021\/07\/kiboTEK_Xiaomi_PPP_Store_10-9x12.jpg 9w, https:\/\/www.kibotek.com\/wp-content\/uploads\/2021\/07\/kiboTEK_Xiaomi_PPP_Store_10-600x800.jpg 600w, https:\/\/www.kibotek.com\/wp-content\/uploads\/2021\/07\/kiboTEK_Xiaomi_PPP_Store_10-45x60.jpg 45w, https:\/\/www.kibotek.com\/wp-content\/uploads\/2021\/07\/kiboTEK_Xiaomi_PPP_Store_10-68x90.jpg 68w, https:\/\/www.kibotek.com\/wp-content\/uploads\/2021\/07\/kiboTEK_Xiaomi_PPP_Store_10.jpg 1440w\" sizes=\"auto, (max-width: 225px) 100vw, 225px\" \/><\/a><a href=\"https:\/\/www.kibotek.com\/wp-content\/uploads\/2021\/07\/kiboTEK_Xiaomi_PPP_Store_07.jpg\"><img loading=\"lazy\" decoding=\"async\" class=\"alignnone size-medium wp-image-38644\" src=\"https:\/\/www.kibotek.com\/wp-content\/uploads\/2021\/07\/kiboTEK_Xiaomi_PPP_Store_07-222x300.jpg\" alt=\"\" width=\"222\" height=\"300\" title=\"\" srcset=\"https:\/\/www.kibotek.com\/wp-content\/uploads\/2021\/07\/kiboTEK_Xiaomi_PPP_Store_07-222x300.jpg 222w, https:\/\/www.kibotek.com\/wp-content\/uploads\/2021\/07\/kiboTEK_Xiaomi_PPP_Store_07-430x580.jpg 430w, https:\/\/www.kibotek.com\/wp-content\/uploads\/2021\/07\/kiboTEK_Xiaomi_PPP_Store_07-150x202.jpg 150w, https:\/\/www.kibotek.com\/wp-content\/uploads\/2021\/07\/kiboTEK_Xiaomi_PPP_Store_07-700x944.jpg 700w, https:\/\/www.kibotek.com\/wp-content\/uploads\/2021\/07\/kiboTEK_Xiaomi_PPP_Store_07-759x1024.jpg 759w, https:\/\/www.kibotek.com\/wp-content\/uploads\/2021\/07\/kiboTEK_Xiaomi_PPP_Store_07-768x1036.jpg 768w, https:\/\/www.kibotek.com\/wp-content\/uploads\/2021\/07\/kiboTEK_Xiaomi_PPP_Store_07-1139x1536.jpg 1139w, https:\/\/www.kibotek.com\/wp-content\/uploads\/2021\/07\/kiboTEK_Xiaomi_PPP_Store_07-9x12.jpg 9w, https:\/\/www.kibotek.com\/wp-content\/uploads\/2021\/07\/kiboTEK_Xiaomi_PPP_Store_07-600x809.jpg 600w, https:\/\/www.kibotek.com\/wp-content\/uploads\/2021\/07\/kiboTEK_Xiaomi_PPP_Store_07-44x60.jpg 44w, https:\/\/www.kibotek.com\/wp-content\/uploads\/2021\/07\/kiboTEK_Xiaomi_PPP_Store_07-67x90.jpg 67w, https:\/\/www.kibotek.com\/wp-content\/uploads\/2021\/07\/kiboTEK_Xiaomi_PPP_Store_07.jpg 1440w\" sizes=\"auto, (max-width: 222px) 100vw, 222px\" \/><\/a><a href=\"https:\/\/www.kibotek.com\/wp-content\/uploads\/2021\/07\/kiboTEK_Xiaomi_PPP_Store_03.jpg\"><img loading=\"lazy\" decoding=\"async\" class=\"alignnone size-medium wp-image-38640\" src=\"https:\/\/www.kibotek.com\/wp-content\/uploads\/2021\/07\/kiboTEK_Xiaomi_PPP_Store_03-222x300.jpg\" alt=\"\" width=\"222\" height=\"300\" title=\"\" srcset=\"https:\/\/www.kibotek.com\/wp-content\/uploads\/2021\/07\/kiboTEK_Xiaomi_PPP_Store_03-222x300.jpg 222w, https:\/\/www.kibotek.com\/wp-content\/uploads\/2021\/07\/kiboTEK_Xiaomi_PPP_Store_03-430x580.jpg 430w, https:\/\/www.kibotek.com\/wp-content\/uploads\/2021\/07\/kiboTEK_Xiaomi_PPP_Store_03-150x202.jpg 150w, https:\/\/www.kibotek.com\/wp-content\/uploads\/2021\/07\/kiboTEK_Xiaomi_PPP_Store_03-700x944.jpg 700w, https:\/\/www.kibotek.com\/wp-content\/uploads\/2021\/07\/kiboTEK_Xiaomi_PPP_Store_03-759x1024.jpg 759w, https:\/\/www.kibotek.com\/wp-content\/uploads\/2021\/07\/kiboTEK_Xiaomi_PPP_Store_03-768x1036.jpg 768w, https:\/\/www.kibotek.com\/wp-content\/uploads\/2021\/07\/kiboTEK_Xiaomi_PPP_Store_03-1139x1536.jpg 1139w, https:\/\/www.kibotek.com\/wp-content\/uploads\/2021\/07\/kiboTEK_Xiaomi_PPP_Store_03-9x12.jpg 9w, https:\/\/www.kibotek.com\/wp-content\/uploads\/2021\/07\/kiboTEK_Xiaomi_PPP_Store_03-600x809.jpg 600w, https:\/\/www.kibotek.com\/wp-content\/uploads\/2021\/07\/kiboTEK_Xiaomi_PPP_Store_03-44x60.jpg 44w, https:\/\/www.kibotek.com\/wp-content\/uploads\/2021\/07\/kiboTEK_Xiaomi_PPP_Store_03-67x90.jpg 67w, https:\/\/www.kibotek.com\/wp-content\/uploads\/2021\/07\/kiboTEK_Xiaomi_PPP_Store_03.jpg 1440w\" sizes=\"auto, (max-width: 222px) 100vw, 222px\" \/><\/a><\/p>\n<p>Wir haben auch ein physisches Gesch\u00e4ft und ein Lager in Nordspanien, speziell in unserem <span style=\"color: #ff7d06;\"><strong><a style=\"color: #ff7d06;\" href=\"https:\/\/www.kibotek.com\/de\/xiaomi-bilbao-store\/\">Xiaomi Gesch\u00e4ft in Bilbao<\/a><\/strong><\/span>. Seit 2014 haben wir es einfach gemacht, Xiaomi zu kaufen <a href=\"https:\/\/es.wikipedia.org\/wiki\/Bilbao\" rel=\"nofollow noopener\" target=\"_blank\">Bilbao<\/a> und Umgebung mit allen Garantien; Wir haben geholfen <strong><span style=\"color: #ff7d06;\"><a style=\"color: #ff7d06;\" href=\"https:\/\/www.kibotek.com\/de\/buy-xiaomi-spanien\/\">Xiaomi<\/a><\/span><\/strong> und andere Marken sind auf dem spanischen Markt bekannt und bieten dank unseres lokalen technischen Kundendienstes stets den ehrlichsten Service.<\/p>\n<p>Und seit 2024 sind wir in Vitoria-Gasteiz gelandet, um unsere gesamte Erfahrung einzubringen und den besten Service in der Hauptstadt von Euskadi zu bieten.<\/p>\n<p><img loading=\"lazy\" decoding=\"async\" class=\"alignnone wp-image-55363\" src=\"https:\/\/www.kibotek.com\/wp-content\/uploads\/2024\/12\/WhatsApp-Image-2024-11-26-at-20.14.29-1024x432.jpeg\" alt=\"\" width=\"1024\" height=\"432\" title=\"\" srcset=\"https:\/\/www.kibotek.com\/wp-content\/uploads\/2024\/12\/WhatsApp-Image-2024-11-26-at-20.14.29-1024x432.jpeg 1024w, https:\/\/www.kibotek.com\/wp-content\/uploads\/2024\/12\/WhatsApp-Image-2024-11-26-at-20.14.29-430x181.jpeg 430w, https:\/\/www.kibotek.com\/wp-content\/uploads\/2024\/12\/WhatsApp-Image-2024-11-26-at-20.14.29-150x63.jpeg 150w, https:\/\/www.kibotek.com\/wp-content\/uploads\/2024\/12\/WhatsApp-Image-2024-11-26-at-20.14.29-700x295.jpeg 700w, https:\/\/www.kibotek.com\/wp-content\/uploads\/2024\/12\/WhatsApp-Image-2024-11-26-at-20.14.29-300x127.jpeg 300w, https:\/\/www.kibotek.com\/wp-content\/uploads\/2024\/12\/WhatsApp-Image-2024-11-26-at-20.14.29-768x324.jpeg 768w, https:\/\/www.kibotek.com\/wp-content\/uploads\/2024\/12\/WhatsApp-Image-2024-11-26-at-20.14.29-1536x648.jpeg 1536w, https:\/\/www.kibotek.com\/wp-content\/uploads\/2024\/12\/WhatsApp-Image-2024-11-26-at-20.14.29-18x8.jpeg 18w, https:\/\/www.kibotek.com\/wp-content\/uploads\/2024\/12\/WhatsApp-Image-2024-11-26-at-20.14.29.jpeg 1600w\" sizes=\"auto, (max-width: 1024px) 100vw, 1024px\" \/><\/p>\n<p><a href=\"https:\/\/www.kibotek.com\/wp-content\/uploads\/2021\/07\/kiboTEK_Xiaomi_PPP_Store_12.jpg\"><img loading=\"lazy\" decoding=\"async\" class=\"alignnone size-medium wp-image-38649\" src=\"https:\/\/www.kibotek.com\/wp-content\/uploads\/2021\/07\/kiboTEK_Xiaomi_PPP_Store_12-300x225.jpg\" alt=\"\" width=\"300\" height=\"225\" title=\"\" srcset=\"https:\/\/www.kibotek.com\/wp-content\/uploads\/2021\/07\/kiboTEK_Xiaomi_PPP_Store_12-300x225.jpg 300w, https:\/\/www.kibotek.com\/wp-content\/uploads\/2021\/07\/kiboTEK_Xiaomi_PPP_Store_12-430x323.jpg 430w, https:\/\/www.kibotek.com\/wp-content\/uploads\/2021\/07\/kiboTEK_Xiaomi_PPP_Store_12-150x113.jpg 150w, https:\/\/www.kibotek.com\/wp-content\/uploads\/2021\/07\/kiboTEK_Xiaomi_PPP_Store_12-700x525.jpg 700w, https:\/\/www.kibotek.com\/wp-content\/uploads\/2021\/07\/kiboTEK_Xiaomi_PPP_Store_12-1024x768.jpg 1024w, https:\/\/www.kibotek.com\/wp-content\/uploads\/2021\/07\/kiboTEK_Xiaomi_PPP_Store_12-768x576.jpg 768w, https:\/\/www.kibotek.com\/wp-content\/uploads\/2021\/07\/kiboTEK_Xiaomi_PPP_Store_12-16x12.jpg 16w, https:\/\/www.kibotek.com\/wp-content\/uploads\/2021\/07\/kiboTEK_Xiaomi_PPP_Store_12-600x450.jpg 600w, https:\/\/www.kibotek.com\/wp-content\/uploads\/2021\/07\/kiboTEK_Xiaomi_PPP_Store_12-80x60.jpg 80w, https:\/\/www.kibotek.com\/wp-content\/uploads\/2021\/07\/kiboTEK_Xiaomi_PPP_Store_12-120x90.jpg 120w, https:\/\/www.kibotek.com\/wp-content\/uploads\/2021\/07\/kiboTEK_Xiaomi_PPP_Store_12.jpg 1440w\" sizes=\"auto, (max-width: 300px) 100vw, 300px\" \/><\/a><a href=\"https:\/\/www.kibotek.com\/wp-content\/uploads\/2021\/07\/kiboTEK_Xiaomi_PPP_Store_11.jpg\"><img loading=\"lazy\" decoding=\"async\" class=\"alignnone size-medium wp-image-38648\" src=\"https:\/\/www.kibotek.com\/wp-content\/uploads\/2021\/07\/kiboTEK_Xiaomi_PPP_Store_11-300x225.jpg\" alt=\"\" width=\"300\" height=\"225\" title=\"\" srcset=\"https:\/\/www.kibotek.com\/wp-content\/uploads\/2021\/07\/kiboTEK_Xiaomi_PPP_Store_11-300x225.jpg 300w, https:\/\/www.kibotek.com\/wp-content\/uploads\/2021\/07\/kiboTEK_Xiaomi_PPP_Store_11-430x323.jpg 430w, https:\/\/www.kibotek.com\/wp-content\/uploads\/2021\/07\/kiboTEK_Xiaomi_PPP_Store_11-150x113.jpg 150w, https:\/\/www.kibotek.com\/wp-content\/uploads\/2021\/07\/kiboTEK_Xiaomi_PPP_Store_11-700x525.jpg 700w, https:\/\/www.kibotek.com\/wp-content\/uploads\/2021\/07\/kiboTEK_Xiaomi_PPP_Store_11-1024x768.jpg 1024w, https:\/\/www.kibotek.com\/wp-content\/uploads\/2021\/07\/kiboTEK_Xiaomi_PPP_Store_11-768x576.jpg 768w, https:\/\/www.kibotek.com\/wp-content\/uploads\/2021\/07\/kiboTEK_Xiaomi_PPP_Store_11-16x12.jpg 16w, https:\/\/www.kibotek.com\/wp-content\/uploads\/2021\/07\/kiboTEK_Xiaomi_PPP_Store_11-600x450.jpg 600w, https:\/\/www.kibotek.com\/wp-content\/uploads\/2021\/07\/kiboTEK_Xiaomi_PPP_Store_11-80x60.jpg 80w, https:\/\/www.kibotek.com\/wp-content\/uploads\/2021\/07\/kiboTEK_Xiaomi_PPP_Store_11-120x90.jpg 120w, https:\/\/www.kibotek.com\/wp-content\/uploads\/2021\/07\/kiboTEK_Xiaomi_PPP_Store_11.jpg 1440w\" sizes=\"auto, (max-width: 300px) 100vw, 300px\" \/><\/a><a href=\"https:\/\/www.kibotek.com\/wp-content\/uploads\/2021\/07\/kiboTEK_Xiaomi_PPP_Store_01.jpg\"><img loading=\"lazy\" decoding=\"async\" class=\"alignnone size-medium wp-image-38638\" src=\"https:\/\/www.kibotek.com\/wp-content\/uploads\/2021\/07\/kiboTEK_Xiaomi_PPP_Store_01-300x223.jpg\" alt=\"\" width=\"300\" height=\"223\" title=\"\" srcset=\"https:\/\/www.kibotek.com\/wp-content\/uploads\/2021\/07\/kiboTEK_Xiaomi_PPP_Store_01-300x223.jpg 300w, https:\/\/www.kibotek.com\/wp-content\/uploads\/2021\/07\/kiboTEK_Xiaomi_PPP_Store_01-430x319.jpg 430w, https:\/\/www.kibotek.com\/wp-content\/uploads\/2021\/07\/kiboTEK_Xiaomi_PPP_Store_01-150x111.jpg 150w, https:\/\/www.kibotek.com\/wp-content\/uploads\/2021\/07\/kiboTEK_Xiaomi_PPP_Store_01-700x519.jpg 700w, https:\/\/www.kibotek.com\/wp-content\/uploads\/2021\/07\/kiboTEK_Xiaomi_PPP_Store_01-1024x759.jpg 1024w, https:\/\/www.kibotek.com\/wp-content\/uploads\/2021\/07\/kiboTEK_Xiaomi_PPP_Store_01-768x570.jpg 768w, https:\/\/www.kibotek.com\/wp-content\/uploads\/2021\/07\/kiboTEK_Xiaomi_PPP_Store_01-16x12.jpg 16w, https:\/\/www.kibotek.com\/wp-content\/uploads\/2021\/07\/kiboTEK_Xiaomi_PPP_Store_01-600x445.jpg 600w, https:\/\/www.kibotek.com\/wp-content\/uploads\/2021\/07\/kiboTEK_Xiaomi_PPP_Store_01-81x60.jpg 81w, https:\/\/www.kibotek.com\/wp-content\/uploads\/2021\/07\/kiboTEK_Xiaomi_PPP_Store_01-121x90.jpg 121w, https:\/\/www.kibotek.com\/wp-content\/uploads\/2021\/07\/kiboTEK_Xiaomi_PPP_Store_01.jpg 1440w\" sizes=\"auto, (max-width: 300px) 100vw, 300px\" \/><\/a><a href=\"https:\/\/www.kibotek.com\/wp-content\/uploads\/2021\/07\/kiboTEK_Xiaomi_PPP_Store_05.jpg\"><img loading=\"lazy\" decoding=\"async\" class=\"alignnone size-medium wp-image-38642\" src=\"https:\/\/www.kibotek.com\/wp-content\/uploads\/2021\/07\/kiboTEK_Xiaomi_PPP_Store_05-300x225.jpg\" alt=\"\" width=\"300\" height=\"225\" title=\"\" srcset=\"https:\/\/www.kibotek.com\/wp-content\/uploads\/2021\/07\/kiboTEK_Xiaomi_PPP_Store_05-300x225.jpg 300w, https:\/\/www.kibotek.com\/wp-content\/uploads\/2021\/07\/kiboTEK_Xiaomi_PPP_Store_05-430x323.jpg 430w, https:\/\/www.kibotek.com\/wp-content\/uploads\/2021\/07\/kiboTEK_Xiaomi_PPP_Store_05-150x113.jpg 150w, https:\/\/www.kibotek.com\/wp-content\/uploads\/2021\/07\/kiboTEK_Xiaomi_PPP_Store_05-700x525.jpg 700w, https:\/\/www.kibotek.com\/wp-content\/uploads\/2021\/07\/kiboTEK_Xiaomi_PPP_Store_05-1024x768.jpg 1024w, https:\/\/www.kibotek.com\/wp-content\/uploads\/2021\/07\/kiboTEK_Xiaomi_PPP_Store_05-768x576.jpg 768w, https:\/\/www.kibotek.com\/wp-content\/uploads\/2021\/07\/kiboTEK_Xiaomi_PPP_Store_05-16x12.jpg 16w, https:\/\/www.kibotek.com\/wp-content\/uploads\/2021\/07\/kiboTEK_Xiaomi_PPP_Store_05-600x450.jpg 600w, https:\/\/www.kibotek.com\/wp-content\/uploads\/2021\/07\/kiboTEK_Xiaomi_PPP_Store_05-80x60.jpg 80w, https:\/\/www.kibotek.com\/wp-content\/uploads\/2021\/07\/kiboTEK_Xiaomi_PPP_Store_05-120x90.jpg 120w, https:\/\/www.kibotek.com\/wp-content\/uploads\/2021\/07\/kiboTEK_Xiaomi_PPP_Store_05.jpg 1440w\" sizes=\"auto, (max-width: 300px) 100vw, 300px\" \/><\/a><\/p>\n<p>Wir haben langj\u00e4hrige Erfahrung, immer im Dienste unserer Kunden.<\/p>\n<p>In kiboTEK k\u00f6nnen Sie <strong><span style=\"color: #ff7d06;\"><a style=\"color: #ff7d06;\" href=\"https:\/\/www.kibotek.com\/de\/buy-xiaomi-spanien\/\">Xiaomi kaufen<\/a><\/span><\/strong> billig,\u00a0 <a href=\"https:\/\/www.kibotek.com\/de\/brand\/kaufe-das-beste-von-xiaomi\/comprar-lo-mejor-de-pocophone\/\"><strong><span style=\"color: #ff7d06;\">Bit<\/span><\/strong><\/a>, Blackshark und <strong><span style=\"color: #ff7d06;\"><a style=\"color: #ff7d06;\" href=\"https:\/\/www.kibotek.com\/de\/brand\/kaufe-das-beste-von-xiaomi\/kaufen-das-beste-von-redmi\/\">Redmi<\/a><\/span><\/strong>sowie aufstrebende und aufstrebende Marken wie Realme. Wir sind auch ein Gesch\u00e4ft <strong><span style=\"color: #ff7d06;\"><a style=\"color: #ff7d06;\" href=\"https:\/\/www.kibotek.com\/de\/brand\/kaufen-das-beste-von-huawei\/comprar-lo-mejor-de-honor\/\">Honor<\/a><\/span><\/strong>\u00a0in Spanien sowie Gesch\u00e4ft <strong><span style=\"color: #ff7d06;\"><a style=\"color: #ff7d06;\" href=\"https:\/\/www.kibotek.com\/de\/brand\/kaufen-sie-das-beste-aus-einem-plus\/\">Oneplus<\/a><\/span><\/strong> in Spanien, Realme Spanien Gesch\u00e4ft, Oppo Spanien Gesch\u00e4ft, Gesch\u00e4ft <strong><span style=\"color: #ff7d06;\"><a style=\"color: #ff7d06;\" href=\"https:\/\/www.kibotek.com\/de\/brand\/kaufen-das-beste-von-meizu\/\">Meizu<\/a><\/span><\/strong> und viele weitere Marken. Wir bem\u00fchen uns, die besten originalen internationalen 100%-Modelle vom asiatischen Markt nach Spanien zu bringen. Immer der erste. Wir haben auch einen gro\u00dfen Katalog an Gadgets und Zubeh\u00f6r.<\/p>\n<p>Unsere Referenz ist das Ranking <strong><span style=\"color: #ff7d06;\"><a style=\"color: #ff7d06;\" href=\"http:\/\/www.antutu.com\/en\/\" rel=\"nofollow noopener\" target=\"_blank\">Antutu<\/a><\/span><\/strong> wie Sie in unserer sehen k\u00f6nnen <strong><span style=\"color: #ff7d06;\"><a style=\"color: #ff7d06;\" href=\"https:\/\/www.kibotek.com\/de\/espacio-antutu\/\">Top Antutu<\/a><\/span><\/strong>, obwohl wir auch Low-End-Modelle anbieten. Immer mit hervorragenden Qualit\u00e4ts- \/ Preisverh\u00e4ltnissen.<\/p>","protected":false},"excerpt":{"rendered":"<p>kiboTEK es una tienda de tecnolog\u00eda online y f\u00edsica ubicada en Alameda Urquijo 35 Bilbao Espa\u00f1a que te ofrece los<\/p>","protected":false},"author":12,"featured_media":0,"parent":0,"menu_order":0,"comment_status":"closed","ping_status":"closed","template":"","meta":{"iawp_total_views":2432,"footnotes":""},"class_list":["post-12","page","type-page","status-publish","hentry"],"rttpg_featured_image_url":null,"rttpg_author":{"display_name":"kiboadm","author_link":"https:\/\/www.kibotek.com\/de\/kibonews\/author\/kiboadm-2-2-2-2-2-2-2-2-2-2-2-2-2\/"},"rttpg_comment":0,"rttpg_category":null,"rttpg_excerpt":"kiboTEK es una tienda de tecnolog\u00eda online y f\u00edsica ubicada en Alameda Urquijo 35 Bilbao Espa\u00f1a que te ofrece los","_links":{"self":[{"href":"https:\/\/www.kibotek.com\/de\/wp-json\/wp\/v2\/pages\/12","targetHints":{"allow":["GET"]}}],"collection":[{"href":"https:\/\/www.kibotek.com\/de\/wp-json\/wp\/v2\/pages"}],"about":[{"href":"https:\/\/www.kibotek.com\/de\/wp-json\/wp\/v2\/types\/page"}],"author":[{"embeddable":true,"href":"https:\/\/www.kibotek.com\/de\/wp-json\/wp\/v2\/users\/12"}],"replies":[{"embeddable":true,"href":"https:\/\/www.kibotek.com\/de\/wp-json\/wp\/v2\/comments?post=12"}],"version-history":[{"count":0,"href":"https:\/\/www.kibotek.com\/de\/wp-json\/wp\/v2\/pages\/12\/revisions"}],"wp:attachment":[{"href":"https:\/\/www.kibotek.com\/de\/wp-json\/wp\/v2\/media?parent=12"}],"curies":[{"name":"wp","href":"https:\/\/api.w.org\/{rel}","templated":true}]}}