{"id":11757,"date":"2019-11-18T00:07:12","date_gmt":"2019-11-17T22:07:12","guid":{"rendered":"https:\/\/www.kibotek.com\/?page_id=11757"},"modified":"2022-03-15T18:43:42","modified_gmt":"2022-03-15T17:43:42","slug":"zahlungsarten","status":"publish","type":"page","link":"https:\/\/www.kibotek.com\/de\/formas-de-pago\/","title":{"rendered":"Zahlungsarten"},"content":{"rendered":"<h1>Zahlungsmethoden kiboTEK<\/h1>\n<p>Bei kiboTEK akzeptieren wir viele Zahlungsarten: Kartenzahlung \u00fcber RedSys, Aufteilung in 3 und Teilzahlung \u00fcber Sequra, Kartenzahlung \u00fcber Stripe, Google Pay, Apple Pay und auch Zahlung \u00fcber Paypal.<\/p>\n<h2>Zahlung per Karte (Redsys)<\/h2>\n<p><strong>Verf\u00fcgbar f\u00fcr Eink\u00e4ufe aus Europa<\/strong>.<\/p>\n<p>Wir akzeptieren Zahlungen per Kredit- oder Debitkarte basierend auf dem <strong>meistgenutztes Zahlungsgateway in Spanien<\/strong>, <strong><span style=\"color: #ff7d06;\"><a style=\"color: #ff7d06;\" href=\"http:\/\/www.redsys.es\/comercio-electronico.html\" target=\"_blank\" rel=\"noopener noreferrer nofollow\">RedSys<\/a><\/span><\/strong>.<\/p>\n<p><a href=\"http:\/\/www.redsys.es\/\" target=\"_blank\" rel=\"noopener noreferrer nofollow\"><img loading=\"lazy\" decoding=\"async\" class=\"aligncenter wp-image-6240 size-large\" src=\"https:\/\/www.kibotek.com\/wp-content\/uploads\/2019\/01\/kiboTEK_pago_seguro_ssl_redsys-1024x159.jpg\" alt=\"SSL Redsys Secure Payment mit Kreditkarte bei kiboTEK\" width=\"640\" height=\"99\" title=\"\" srcset=\"https:\/\/www.kibotek.com\/wp-content\/uploads\/2019\/01\/kiboTEK_pago_seguro_ssl_redsys-1024x159.jpg 1024w, https:\/\/www.kibotek.com\/wp-content\/uploads\/2019\/01\/kiboTEK_pago_seguro_ssl_redsys-430x67.jpg 430w, https:\/\/www.kibotek.com\/wp-content\/uploads\/2019\/01\/kiboTEK_pago_seguro_ssl_redsys-150x23.jpg 150w, https:\/\/www.kibotek.com\/wp-content\/uploads\/2019\/01\/kiboTEK_pago_seguro_ssl_redsys-700x109.jpg 700w, https:\/\/www.kibotek.com\/wp-content\/uploads\/2019\/01\/kiboTEK_pago_seguro_ssl_redsys-300x47.jpg 300w, https:\/\/www.kibotek.com\/wp-content\/uploads\/2019\/01\/kiboTEK_pago_seguro_ssl_redsys-768x119.jpg 768w, https:\/\/www.kibotek.com\/wp-content\/uploads\/2019\/01\/kiboTEK_pago_seguro_ssl_redsys-600x93.jpg 600w\" sizes=\"auto, (max-width: 640px) 100vw, 640px\" \/><\/a><\/p>\n<p>Wir speichern oder speichern keine Zahlungsdaten unserer Kunden, da diese von den eigenen Bankensystemen des Kunden verarbeitet werden.<\/p>\n<div id=\"thawteseal\" title=\"Zum \u00dcberpr\u00fcfen klicken - Diese Website hat Thawte SSL f\u00fcr sicheren E-Commerce und vertrauliche Kommunikation ausgew\u00e4hlt.\">\n<div>\n<h2>Teilen Sie in 3 <a href=\"https:\/\/www.sequra.es\/soluciones\" target=\"_blank\" rel=\"noopener noreferrer nofollow\"><img loading=\"lazy\" decoding=\"async\" class=\"alignnone wp-image-9233 size-full\" src=\"https:\/\/www.kibotek.com\/wp-content\/uploads\/2019\/07\/sequra_payment.png\" alt=\"Geteilte Zahlung Xiaomi Sequra kiboTEK\" width=\"73\" height=\"52\" title=\"\"><\/a><\/h2>\n<p><strong>Nur f\u00fcr Eink\u00e4ufe aus Spanien verf\u00fcgbar.<\/strong><\/p>\n<p>Teilen Sie die Zahlung Ihrer Bestellung in 3 gleiche Zahlungen ohne Zinsen auf, nur mit einem Studienpreis von 2.951 TP1T der Bestellung, die Sie zum Zeitpunkt des Kaufs bezahlen. Der Rest der Zahlungen hat keine damit verbundenen Kosten. Eine Zahlung pro Monat. Nicht mehr. Sofort und ohne Papierkram.<\/p>\n<p><img loading=\"lazy\" decoding=\"async\" class=\"alignnone size-full wp-image-29921\" style=\"display: none !important;\" hidden=\"\" src=\"https:\/\/www.kibotek.com\/wp-content\/uploads\/2020\/10\/banner-SQ-div3-295-verde_pos_728x90.png\" alt=\"\" width=\"728\" height=\"90\" title=\"\" srcset=\"https:\/\/www.kibotek.com\/wp-content\/uploads\/2020\/10\/banner-SQ-div3-295-verde_pos_728x90.png 728w, https:\/\/www.kibotek.com\/wp-content\/uploads\/2020\/10\/banner-SQ-div3-295-verde_pos_728x90-430x53.png 430w, https:\/\/www.kibotek.com\/wp-content\/uploads\/2020\/10\/banner-SQ-div3-295-verde_pos_728x90-150x19.png 150w, https:\/\/www.kibotek.com\/wp-content\/uploads\/2020\/10\/banner-SQ-div3-295-verde_pos_728x90-700x87.png 700w, https:\/\/www.kibotek.com\/wp-content\/uploads\/2020\/10\/banner-SQ-div3-295-verde_pos_728x90-300x37.png 300w, https:\/\/www.kibotek.com\/wp-content\/uploads\/2020\/10\/banner-SQ-div3-295-verde_pos_728x90-16x2.png 16w, https:\/\/www.kibotek.com\/wp-content\/uploads\/2020\/10\/banner-SQ-div3-295-verde_pos_728x90-24x3.png 24w, https:\/\/www.kibotek.com\/wp-content\/uploads\/2020\/10\/banner-SQ-div3-295-verde_pos_728x90-36x4.png 36w, https:\/\/www.kibotek.com\/wp-content\/uploads\/2020\/10\/banner-SQ-div3-295-verde_pos_728x90-48x6.png 48w, https:\/\/www.kibotek.com\/wp-content\/uploads\/2020\/10\/banner-SQ-div3-295-verde_pos_728x90-600x74.png 600w, https:\/\/www.kibotek.com\/wp-content\/uploads\/2020\/10\/banner-SQ-div3-295-verde_pos_728x90-190x23.png 190w\" sizes=\"auto, (max-width: 728px) 100vw, 728px\" \/><\/p>\n<p><img loading=\"lazy\" decoding=\"async\" class=\"alignnone size-full wp-image-29918\" style=\"display: none !important;\" hidden=\"\" src=\"https:\/\/www.kibotek.com\/wp-content\/uploads\/2020\/10\/banner-SQ-div3-295-verde_neg_728x90.png\" alt=\"\" width=\"728\" height=\"90\" title=\"\"><\/p>\n<p><img loading=\"lazy\" decoding=\"async\" class=\"alignnone size-full wp-image-29918\" style=\"display: none !important;\" hidden=\"\" src=\"https:\/\/www.kibotek.com\/wp-content\/uploads\/2020\/10\/banner-SQ-div3-295-verde_neg_728x90.png\" alt=\"\" width=\"728\" height=\"90\" title=\"\"><\/p>\n<p>Wenn Sie sich beispielsweise daf\u00fcr entscheiden, eine Bestellung \u00fcber 100 \u20ac in 3 Monaten zu bezahlen, zahlen Sie zum Zeitpunkt des Kaufs 33,33 \u20ac (+ 2,95 \u20ac Er\u00f6ffnungskosten) und weitere 33,33 \u20ac f\u00fcr die folgenden zwei Monate. Die monatliche Geb\u00fchr wird automatisch auf Ihrer Karte berechnet. Immer am selben Tag des Monats, an dem Sie den Kauf get\u00e4tigt haben. Wenn dieser Tag nicht der beste f\u00fcr Sie ist, k\u00f6nnen Sie ihn ohne zus\u00e4tzliche Kosten \u00e4ndern.<\/p>\n<p>So einfach und schnell k\u00f6nnen Sie Ihre Zahlung mit SeQura in drei Teile teilen:<\/p>\n<p>1. W\u00e4hlen Sie am Ende Ihres Kaufs SeQura Divide in 3 als Zahlungsmethode.<br \/>\n2. Geben Sie Ihre Daten ein (ID und Handy) und zahlen Sie die erste Zahlung (1\/3 der Bestellung + Er\u00f6ffnungskosten).<br \/>\n3. Viel Spa\u00df beim Kauf! Der Rest der Zahlungen erfolgt automatisch jeden Monat.<\/p>\n<p>Wenn Sie Zweifel haben, l\u00f6sen Sie sie <a href=\"https:\/\/www.sequra.es\/preguntas-frecuentes\/?utm_source=merchant&amp;utm_medium=paginainfo&amp;utm_term=faqs&amp;utm_content=descripci\u00f3n_SP1coste_SQ&amp;utm_campaign=paginainfometodosdepago\" target=\"_blank\" rel=\"noopener noreferrer nofollow\">Hier<\/a>.<\/p>\n<p><a href=\"https:\/\/www.sequra.es\/soluciones\" target=\"_blank\" rel=\"noopener noreferrer nofollow\"><img loading=\"lazy\" decoding=\"async\" class=\"aligncenter wp-image-9231\" src=\"https:\/\/www.kibotek.com\/wp-content\/uploads\/2019\/07\/logo_sequra.png\" alt=\"Geteilte Zahlung Xiaomi Sequra kiboTEK\" width=\"188\" height=\"40\" title=\"\"><\/a><\/p>\n<\/div>\n<\/div>\n<h2>Teilzahlung <a href=\"https:\/\/www.sequra.es\/soluciones\" target=\"_blank\" rel=\"noopener noreferrer nofollow\"><img loading=\"lazy\" decoding=\"async\" class=\"alignnone wp-image-9233 size-full\" src=\"https:\/\/www.kibotek.com\/wp-content\/uploads\/2019\/07\/sequra_payment.png\" alt=\"Geteilte Zahlung Xiaomi Sequra kiboTEK\" width=\"73\" height=\"52\" title=\"\"><\/a><\/h2>\n<p><strong>Nur f\u00fcr Eink\u00e4ufe aus Spanien verf\u00fcgbar.<\/strong><\/p>\n<p>Teilen Sie den Betrag Ihrer Bestellung 4, 6, 12 oder 18 monatliche Zahlungen zum Zeitpunkt des Kaufs.<\/p>\n<ul>\n<li>Nur ein wenig <strong>Fixkosten pro Monat<\/strong> (variiert je nach Bestellmenge). <strong>Ohne Interesse TIN 0%. Keine versteckten Kosten<\/strong>.<\/li>\n<li>Sofort und ohne Papierkram. Nur mit Ihrem DNI oder NIE, Ihrem Handy und Ihrer Karte.<\/li>\n<li>Zum Zeitpunkt des Kaufs erfolgt die erste Kartenzahlung, und der Rest wird abh\u00e4ngig von den von Ihnen gew\u00e4hlten monatlichen Zahlungen automatisiert.<\/li>\n<li>Sie k\u00f6nnen den Zahlungsplan jederzeit ohne zus\u00e4tzliche Kosten \u00e4ndern oder vollst\u00e4ndig bezahlen. Sie k\u00f6nnen auch den Tag des Monats ausw\u00e4hlen oder \u00e4ndern, an dem Sie bezahlen m\u00f6chten.<\/li>\n<li>SeQura informiert Sie jederzeit per E-Mail und SMS.<\/li>\n<li>Es ist ein Dienst von <a href=\"https:\/\/www.sequra.es\/preguntas-frecuentes.html\" target=\"_blank\" rel=\"noopener noreferrer nofollow\">SeQura<\/a>Hier haben Sie die M\u00f6glichkeit, Ihre Kartendaten zu speichern, damit Sie Ihre Zahlungsdaten f\u00fcr Ihre Eink\u00e4ufe nicht erneut eingeben m\u00fcssen<\/li>\n<\/ul>\n<p>Wenn Sie beispielsweise eine Bestellung \u00fcber 180 \u20ac innerhalb von 4 Monaten bezahlen, zahlen Sie 48 \u20ac pro Monat (nur 3 \u20ac pro Monat und Rate).<\/p>\n<p><a href=\"https:\/\/www.sequra.es\/soluciones\" target=\"_blank\" rel=\"noopener noreferrer nofollow\"><img loading=\"lazy\" decoding=\"async\" class=\"aligncenter wp-image-9231\" src=\"https:\/\/www.kibotek.com\/wp-content\/uploads\/2019\/07\/logo_sequra.png\" alt=\"Geteilte Zahlung Xiaomi Sequra kiboTEK\" width=\"188\" height=\"40\" title=\"\"><\/a><\/p>\n<h2>Bezahlen Sie mit Paypal<\/h2>\n<p><strong>Verf\u00fcgbar f\u00fcr Eink\u00e4ufe aus Europa<\/strong>.<\/p>\n<p>Wir akzeptieren auch Zahlungen durch <span style=\"color: #ff6600;\"><a style=\"color: #ff6600;\" href=\"https:\/\/www.paypal.com\/es\" rel=\"nofollow noopener\" target=\"_blank\">Paypal<\/a><\/span>Obwohl wir in diesem Fall eine zus\u00e4tzliche Provision von 2,91 TP1T plus 0,35 \u20ac f\u00fcr den Vorgang erheben, in Bezug auf die Kosten, die dieses Paypal-Zahlungsgateway f\u00fcr Verk\u00e4ufer verursacht.<\/p>\n<p><a href=\"https:\/\/www.paypal.com\/es\" rel=\"nofollow noopener\" target=\"_blank\"><img loading=\"lazy\" decoding=\"async\" class=\"aligncenter size-full wp-image-12021\" src=\"https:\/\/www.kibotek.com\/wp-content\/uploads\/2019\/11\/paypal.png\" alt=\"\" width=\"151\" height=\"110\" title=\"\" srcset=\"https:\/\/www.kibotek.com\/wp-content\/uploads\/2019\/11\/paypal.png 151w, https:\/\/www.kibotek.com\/wp-content\/uploads\/2019\/11\/paypal-150x110.png 150w, https:\/\/www.kibotek.com\/wp-content\/uploads\/2019\/11\/paypal-24x17.png 24w, https:\/\/www.kibotek.com\/wp-content\/uploads\/2019\/11\/paypal-36x26.png 36w, https:\/\/www.kibotek.com\/wp-content\/uploads\/2019\/11\/paypal-48x35.png 48w\" sizes=\"auto, (max-width: 151px) 100vw, 151px\" \/><\/a><\/p>\n<h2>Zahlung per Karte (Stripe)<\/h2>\n<p>Wir bieten auch eine einfache Kartenzahlung \u00fcber Stripe an<\/p>\n<h2>Zahlung mit Bizum<\/h2>\n<p>Jetzt k\u00f6nnen Sie mit Bizum in kiboTEK einfach und unkompliziert bezahlen.<\/p>\n<h2><\/h2>\n<p>Dar\u00fcber hinaus bietet unsere kiboTEK-Website ein sicheres Einkaufserlebnis mit SSL-Verschl\u00fcsselung von Anfang bis Ende, nicht nur bei der Zahlung.<\/p>\n<div id=\"thawteseal\" style=\"text-align: center;\" title=\"Zum \u00dcberpr\u00fcfen klicken - Diese Website hat Thawte SSL f\u00fcr sicheren E-Commerce und vertrauliche Kommunikation ausgew\u00e4hlt.\">\n<div><script type=\"text\/javascript\" src=\"https:\/\/seal.thawte.com\/getthawteseal?host_name=www.kibotek.com&amp;size=S&amp;lang=es\"><\/script><\/div>\n<div><a style=\"color: #000000; text-decoration: none; font: bold 10px arial,sans-serif; margin: 0px; padding: 0px;\" href=\"http:\/\/www.thawte.com\/ssl-certificates\/\" target=\"_blank\" rel=\"noopener noreferrer nofollow\">Informationen zu SSL-Zertifikaten<\/a><\/div>\n<\/div>\n<p>&nbsp;<\/p>","protected":false},"excerpt":{"rendered":"<p>Formas de pago kiboTEK En kiboTEK aceptamos muchas formas de pago: Pago con Tarjeta mediante RedSys, Divide en 3 y<\/p>","protected":false},"author":12,"featured_media":0,"parent":0,"menu_order":0,"comment_status":"closed","ping_status":"closed","template":"","meta":{"iawp_total_views":1733,"footnotes":""},"class_list":["post-11757","page","type-page","status-publish","hentry"],"rttpg_featured_image_url":null,"rttpg_author":{"display_name":"kiboadm","author_link":"https:\/\/www.kibotek.com\/de\/kibonews\/author\/kiboadm-2-2-2-2-2-2-2-2-2-2-2-2-2\/"},"rttpg_comment":0,"rttpg_category":null,"rttpg_excerpt":"Formas de pago kiboTEK En kiboTEK aceptamos muchas formas de pago: Pago con Tarjeta mediante RedSys, Divide en 3 y","_links":{"self":[{"href":"https:\/\/www.kibotek.com\/de\/wp-json\/wp\/v2\/pages\/11757","targetHints":{"allow":["GET"]}}],"collection":[{"href":"https:\/\/www.kibotek.com\/de\/wp-json\/wp\/v2\/pages"}],"about":[{"href":"https:\/\/www.kibotek.com\/de\/wp-json\/wp\/v2\/types\/page"}],"author":[{"embeddable":true,"href":"https:\/\/www.kibotek.com\/de\/wp-json\/wp\/v2\/users\/12"}],"replies":[{"embeddable":true,"href":"https:\/\/www.kibotek.com\/de\/wp-json\/wp\/v2\/comments?post=11757"}],"version-history":[{"count":0,"href":"https:\/\/www.kibotek.com\/de\/wp-json\/wp\/v2\/pages\/11757\/revisions"}],"wp:attachment":[{"href":"https:\/\/www.kibotek.com\/de\/wp-json\/wp\/v2\/media?parent=11757"}],"curies":[{"name":"wp","href":"https:\/\/api.w.org\/{rel}","templated":true}]}}